{"id":10870,"date":"2026-01-11T00:34:00","date_gmt":"2026-01-11T00:34:00","guid":{"rendered":"https:\/\/culturaltravelmorocco.com\/day-trip-from-fez\/"},"modified":"2026-01-11T23:16:10","modified_gmt":"2026-01-11T23:16:10","slug":"excursiones-desde-fez","status":"publish","type":"page","link":"https:\/\/www.culturaltravelmorocco.com\/es\/excursiones-desde-fez\/","title":{"rendered":"Excursiones desde Fez"},"content":{"rendered":"\t\t<div data-elementor-type=\"wp-page\" data-elementor-id=\"10870\" class=\"elementor elementor-10870 elementor-10307\">\n\t\t\t\t<div class=\"elementor-element elementor-element-340c419 e-flex e-con-boxed e-con e-parent\" data-id=\"340c419\" data-element_type=\"container\">\n\t\t\t\t\t<div class=\"e-con-inner\">\n\t\t\t\t<div class=\"elementor-element elementor-element-30cbafd elementor-widget elementor-widget-heading\" data-id=\"30cbafd\" data-element_type=\"widget\" data-widget_type=\"heading.default\">\n\t\t\t\t\t<h2 class=\"elementor-heading-title elementor-size-default\">Excursiones de un d\u00eda desde Fez con Cultural Travel Morocco<\/h2>\t\t\t\t<\/div>\n\t\t\t\t<div class=\"elementor-element elementor-element-2c1498a elementor-widget elementor-widget-text-editor\" data-id=\"2c1498a\" data-element_type=\"widget\" data-widget_type=\"text-editor.default\">\n\t\t\t\t\t\t\t\t\t<p>Descubra la belleza del norte de Marruecos con nuestras excursiones de un d\u00eda desde Fez, organizadas por Cultural Travel Morocco. Explore joyas cercanas como la ciudad azul de Chefchaouen, las antiguas ruinas romanas de Volubilis y la elegancia imperial de Meknes, todo en un d\u00eda inolvidable.<\/p><p>Nuestras excursiones privadas est\u00e1n dirigidas por gu\u00edas locales profesionales que hablan ingl\u00e9s, espa\u00f1ol e italiano, lo que garantiza una experiencia c\u00f3moda y aut\u00e9ntica. Viaje en modernos veh\u00edculos 4\u00d74 con aire acondicionado y disfrute de la cultura, la historia y los paisajes de Marruecos a su propio ritmo.<\/p><p>Tanto si busca historia, relajaci\u00f3n o conexi\u00f3n cultural, Cultural Travel Morocco ofrece las mejores excursiones de un d\u00eda desde Fez para que su viaje a Marruecos sea realmente memorable.<\/p>\t\t\t\t\t\t\t\t<\/div>\n\t\t\t\t\t<\/div>\n\t\t\t\t<\/div>\n\t\t\t\t<section class=\"elementor-section elementor-top-section elementor-element elementor-element-59ae872 elementor-section-boxed elementor-section-height-default elementor-section-height-default\" data-id=\"59ae872\" data-element_type=\"section\">\n\t\t\t\t\t\t<div class=\"elementor-container elementor-column-gap-default\">\n\t\t\t\t\t<div class=\"elementor-column elementor-col-100 elementor-top-column elementor-element elementor-element-7b9d157\" data-id=\"7b9d157\" data-element_type=\"column\">\n\t\t\t<div class=\"elementor-widget-wrap elementor-element-populated\">\n\t\t\t\t\t\t<div class=\"elementor-element elementor-element-f4d3b5d elementor-widget elementor-widget-ovabrw_product_list\" data-id=\"f4d3b5d\" data-element_type=\"widget\" data-widget_type=\"ovabrw_product_list.default\">\n\t\t\t\t<div class=\"elementor-widget-container\">\n\t\t\t\t\t\t\t\t\t<div class=\"ova-product-list ova-product-list-template1 column3\">\r\n\t\t\t\t\t\r\n<div class=\"ova-product product type-product post-10611 status-publish first instock product_cat-excursion-de-un-dia-desde-fez product_cat-excursiones-de-un-dia has-post-thumbnail purchasable product-type-ovabrw_car_rental\">\r\n\t\r\n<div class=\"ova_head_product\">\r\n\t\t\t<div class=\"ova-product-wishlist\">\r\n\t\t\t<div class=\"yith-add-to-wishlist-button-block\" data-product-id=\"10611\" data-attributes=\"{&quot;kind&quot;:&quot;button&quot;}\"><\/div>\t\t<\/div>\r\n\t\t\t<a href=\"https:\/\/www.culturaltravelmorocco.com\/es\/producto\/tour-privado-de-2-dias-desde-fez-a-chefchaouen-volubilis-y-meknes\/?ovabrw_adults=1\" class=\"ova-product-thumbnail\">\r\n\t\t\t<img fetchpriority=\"high\" decoding=\"async\" width=\"636\" height=\"426\" src=\"https:\/\/www.culturaltravelmorocco.com\/wp-content\/uploads\/2026\/01\/8-4-636x426.webp\" class=\"attachment-tripgo_product_slider size-tripgo_product_slider\" alt=\"Tour privado de 2 d\u00edas desde Fez a Chefchaouen, Volubilis y Meknes\" srcset=\"https:\/\/www.culturaltravelmorocco.com\/wp-content\/uploads\/2026\/01\/8-4-636x426.webp 636w, https:\/\/www.culturaltravelmorocco.com\/wp-content\/uploads\/2026\/01\/8-4-416x280.webp 416w\" sizes=\"(max-width: 636px) 100vw, 636px\" \/>\t\t<\/a>\r\n\t<\/div>\r\n<div class=\"ova_foot_product\">\r\n\t<div class=\"ova-product-day-title-location\">\r\n\t\t\t\t\t<div class=\"ova-tour-day\">\r\n\t\t\t\t<i aria-hidden=\"true\" class=\"icomoon icomoon-clock\"><\/i>\r\n\t\t\t\t2 d\u00edas\t\t\t<\/div>\r\n\t\t\t\t\t<h2 class=\"ova-product-title\">\r\n\t\t\t\t<a href=\"https:\/\/www.culturaltravelmorocco.com\/es\/producto\/tour-privado-de-2-dias-desde-fez-a-chefchaouen-volubilis-y-meknes\/?ovabrw_adults=1\">\r\n\t\t\t        Tour privado de 2 d\u00edas desde Fez a Chefchaouen, Volubilis y Meknes\t\t\t    <\/a>\r\n\t\t\t<\/h2>\r\n\t\t\t        <div class=\"ova-product-location\">\r\n\t            <i aria-hidden=\"true\" class=\"icomoon icomoon-location\"><\/i>\r\n\t            <span class=\"location\">\r\n\t                Fez\t            <\/span>\r\n\t        <\/div>\r\n\t    \t    \r\n\t    <div class=\"tripa\">\r\n\t        \r\n\t        <img decoding=\"async\" src=\"https:\/\/www.culturaltravelmorocco.com\/wp-content\/uploads\/2026\/01\/TripAdvisor-logo-scaled-1.webp\">\r\n\t    <\/div>\r\n\t<\/div>\r\n    <div class=\"ova-product-review-and-price\">\r\n    \t\t\t<div class=\"ova-product-wrapper-price\">\r\n\t\t\t\t\t\t\t<div class=\"ova-product-price\">\r\n\t\t\t\t\t\t\t\t\t    \t\t\t\t\t    \t\t<span class=\"no-product-price\">\r\n\t\t\t\t    \t\t\tPrecio de la opci\u00f3n\t\t\t\t    \t\t<\/span>\r\n\t\t\t\t    \t\t\t\t\t<\/div>\r\n\t\t\t\t\t\t\t<a href=\"https:\/\/www.culturaltravelmorocco.com\/es\/producto\/tour-privado-de-2-dias-desde-fez-a-chefchaouen-volubilis-y-meknes\/?ovabrw_adults=1\" class=\"btn product-btn-book-now\">\r\n\t\t\t\t\t<span>Explorar<\/span>\r\n\t\t\t\t<\/a>\r\n\t\t\t\t\t<\/div>\r\n    <\/div>\r\n<\/div><\/div>\r\n<div class=\"ova-product product type-product post-10531 status-publish instock product_cat-excursion-de-un-dia-desde-fez product_cat-excursiones-de-un-dia has-post-thumbnail purchasable product-type-ovabrw_car_rental\">\r\n\t\r\n<div class=\"ova_head_product\">\r\n\t\t\t<div class=\"ova-product-wishlist\">\r\n\t\t\t<div class=\"yith-add-to-wishlist-button-block\" data-product-id=\"10531\" data-attributes=\"{&quot;kind&quot;:&quot;button&quot;}\"><\/div>\t\t<\/div>\r\n\t\t\t<a href=\"https:\/\/www.culturaltravelmorocco.com\/es\/producto\/excursion-de-un-dia-desde-fez-a-sefrou-bhalil-ifrane-y-azrou\/?ovabrw_adults=1\" class=\"ova-product-thumbnail\">\r\n\t\t\t<img decoding=\"async\" width=\"636\" height=\"426\" src=\"https:\/\/www.culturaltravelmorocco.com\/wp-content\/uploads\/2026\/01\/2-12-636x426.webp\" class=\"attachment-tripgo_product_slider size-tripgo_product_slider\" alt=\"Excursi\u00f3n de un d\u00eda desde Fez a Sefrou, Bhalil, Ifrane y Azrou\" srcset=\"https:\/\/www.culturaltravelmorocco.com\/wp-content\/uploads\/2026\/01\/2-12-636x426.webp 636w, https:\/\/www.culturaltravelmorocco.com\/wp-content\/uploads\/2026\/01\/2-12-416x280.webp 416w\" sizes=\"(max-width: 636px) 100vw, 636px\" \/>\t\t<\/a>\r\n\t<\/div>\r\n<div class=\"ova_foot_product\">\r\n\t<div class=\"ova-product-day-title-location\">\r\n\t\t\t\t\t<div class=\"ova-tour-day\">\r\n\t\t\t\t<i aria-hidden=\"true\" class=\"icomoon icomoon-clock\"><\/i>\r\n\t\t\t\t1 d\u00eda\t\t\t<\/div>\r\n\t\t\t\t\t<h2 class=\"ova-product-title\">\r\n\t\t\t\t<a href=\"https:\/\/www.culturaltravelmorocco.com\/es\/producto\/excursion-de-un-dia-desde-fez-a-sefrou-bhalil-ifrane-y-azrou\/?ovabrw_adults=1\">\r\n\t\t\t        Excursi\u00f3n de un d\u00eda desde Fez a Sefrou, Bhalil, Ifrane y Azrou\t\t\t    <\/a>\r\n\t\t\t<\/h2>\r\n\t\t\t        <div class=\"ova-product-location\">\r\n\t            <i aria-hidden=\"true\" class=\"icomoon icomoon-location\"><\/i>\r\n\t            <span class=\"location\">\r\n\t                Fez, Sefrou, Ifrane &amp; Azrou\t            <\/span>\r\n\t        <\/div>\r\n\t    \t    \r\n\t    <div class=\"tripa\">\r\n\t        \r\n\t        <img decoding=\"async\" src=\"https:\/\/www.culturaltravelmorocco.com\/wp-content\/uploads\/2026\/01\/TripAdvisor-logo-scaled-1.webp\">\r\n\t    <\/div>\r\n\t<\/div>\r\n    <div class=\"ova-product-review-and-price\">\r\n    \t\t\t<div class=\"ova-product-wrapper-price\">\r\n\t\t\t\t\t\t\t<div class=\"ova-product-price\">\r\n\t\t\t\t\t\t\t\t\t    \t\t\t\t\t    \t\t<span class=\"no-product-price\">\r\n\t\t\t\t    \t\t\tPrecio de la opci\u00f3n\t\t\t\t    \t\t<\/span>\r\n\t\t\t\t    \t\t\t\t\t<\/div>\r\n\t\t\t\t\t\t\t<a href=\"https:\/\/www.culturaltravelmorocco.com\/es\/producto\/excursion-de-un-dia-desde-fez-a-sefrou-bhalil-ifrane-y-azrou\/?ovabrw_adults=1\" class=\"btn product-btn-book-now\">\r\n\t\t\t\t\t<span>Explorar<\/span>\r\n\t\t\t\t<\/a>\r\n\t\t\t\t\t<\/div>\r\n    <\/div>\r\n<\/div><\/div>\r\n<div class=\"ova-product product type-product post-10499 status-publish instock product_cat-excursion-de-un-dia-desde-fez product_cat-excursiones-de-un-dia has-post-thumbnail purchasable product-type-ovabrw_car_rental\">\r\n\t\r\n<div class=\"ova_head_product\">\r\n\t\t\t<div class=\"ova-product-wishlist\">\r\n\t\t\t<div class=\"yith-add-to-wishlist-button-block\" data-product-id=\"10499\" data-attributes=\"{&quot;kind&quot;:&quot;button&quot;}\"><\/div>\t\t<\/div>\r\n\t\t\t<a href=\"https:\/\/www.culturaltravelmorocco.com\/es\/producto\/excursion-de-un-dia-a-volubilis-moulay-idris-y-meknes\/?ovabrw_adults=1\" class=\"ova-product-thumbnail\">\r\n\t\t\t<img decoding=\"async\" width=\"636\" height=\"426\" src=\"https:\/\/www.culturaltravelmorocco.com\/wp-content\/uploads\/2026\/01\/7-11-636x426.webp\" class=\"attachment-tripgo_product_slider size-tripgo_product_slider\" alt=\"Excursi\u00f3n de un d\u00eda a Volubilis, Moulay Idris y Meknes\" srcset=\"https:\/\/www.culturaltravelmorocco.com\/wp-content\/uploads\/2026\/01\/7-11-636x426.webp 636w, https:\/\/www.culturaltravelmorocco.com\/wp-content\/uploads\/2026\/01\/7-11-416x280.webp 416w\" sizes=\"(max-width: 636px) 100vw, 636px\" \/>\t\t<\/a>\r\n\t<\/div>\r\n<div class=\"ova_foot_product\">\r\n\t<div class=\"ova-product-day-title-location\">\r\n\t\t\t\t\t<div class=\"ova-tour-day\">\r\n\t\t\t\t<i aria-hidden=\"true\" class=\"icomoon icomoon-clock\"><\/i>\r\n\t\t\t\t1 d\u00eda\t\t\t<\/div>\r\n\t\t\t\t\t<h2 class=\"ova-product-title\">\r\n\t\t\t\t<a href=\"https:\/\/www.culturaltravelmorocco.com\/es\/producto\/excursion-de-un-dia-a-volubilis-moulay-idris-y-meknes\/?ovabrw_adults=1\">\r\n\t\t\t        Excursi\u00f3n de un d\u00eda a Volubilis, Moulay Idris y Meknes\t\t\t    <\/a>\r\n\t\t\t<\/h2>\r\n\t\t\t        <div class=\"ova-product-location\">\r\n\t            <i aria-hidden=\"true\" class=\"icomoon icomoon-location\"><\/i>\r\n\t            <span class=\"location\">\r\n\t                Fez, Volubilis, Mulay Idris, Meknes\t            <\/span>\r\n\t        <\/div>\r\n\t    \t    \r\n\t    <div class=\"tripa\">\r\n\t        \r\n\t        <img decoding=\"async\" src=\"https:\/\/www.culturaltravelmorocco.com\/wp-content\/uploads\/2026\/01\/TripAdvisor-logo-scaled-1.webp\">\r\n\t    <\/div>\r\n\t<\/div>\r\n    <div class=\"ova-product-review-and-price\">\r\n    \t\t\t<div class=\"ova-product-wrapper-price\">\r\n\t\t\t\t\t\t\t<div class=\"ova-product-price\">\r\n\t\t\t\t\t\t\t\t\t    \t\t\t\t\t    \t\t<span class=\"no-product-price\">\r\n\t\t\t\t    \t\t\tPrecio de la opci\u00f3n\t\t\t\t    \t\t<\/span>\r\n\t\t\t\t    \t\t\t\t\t<\/div>\r\n\t\t\t\t\t\t\t<a href=\"https:\/\/www.culturaltravelmorocco.com\/es\/producto\/excursion-de-un-dia-a-volubilis-moulay-idris-y-meknes\/?ovabrw_adults=1\" class=\"btn product-btn-book-now\">\r\n\t\t\t\t\t<span>Explorar<\/span>\r\n\t\t\t\t<\/a>\r\n\t\t\t\t\t<\/div>\r\n    <\/div>\r\n<\/div><\/div>\t\t\t\t<\/div>\r\n\t\t\t\t\t\t\t<\/div>\n\t\t\t\t<\/div>\n\t\t\t\t\t<\/div>\n\t\t<\/div>\n\t\t\t\t\t<\/div>\n\t\t<\/section>\n\t\t\t\t<\/div>\n\t\t","protected":false},"excerpt":{"rendered":"<p>Excursiones de un d\u00eda desde Fez con Cultural Travel Morocco Descubra la belleza del norte de Marruecos con nuestras excursiones de un d\u00eda desde Fez, organizadas por Cultural Travel Morocco. Explore joyas cercanas como la ciudad azul de Chefchaouen, las antiguas ruinas romanas de Volubilis y la elegancia imperial de Meknes, todo en un d\u00eda [&hellip;]<\/p>\n","protected":false},"author":1,"featured_media":0,"parent":0,"menu_order":0,"comment_status":"closed","ping_status":"closed","template":"elementor_header_footer","meta":{"_joinchat":[],"footnotes":""},"class_list":["post-10870","page","type-page","status-publish","hentry"],"yoast_head":"<!-- This site is optimized with the Yoast SEO Premium plugin v25.0 (Yoast SEO v25.0) - https:\/\/yoast.com\/wordpress\/plugins\/seo\/ -->\n<title>Excursiones desde Fez | Mejores viajes de un d\u00eda<\/title>\n<meta name=\"description\" content=\"Descubre las mejores excursiones de un d\u00eda desde Fez a Meknes, Volubilis, Ifrane y el Medio Atlas con gu\u00edas locales y experiencias aut\u00e9nticas.\" \/>\n<meta name=\"robots\" content=\"index, follow, max-snippet:-1, max-image-preview:large, max-video-preview:-1\" \/>\n<link rel=\"canonical\" href=\"https:\/\/www.culturaltravelmorocco.com\/es\/excursiones-desde-fez\/\" \/>\n<meta property=\"og:locale\" content=\"es_ES\" \/>\n<meta property=\"og:type\" content=\"article\" \/>\n<meta property=\"og:title\" content=\"Excursiones desde Fez\" \/>\n<meta property=\"og:description\" content=\"Descubre las mejores excursiones de un d\u00eda desde Fez a Meknes, Volubilis, Ifrane y el Medio Atlas con gu\u00edas locales y experiencias aut\u00e9nticas.\" \/>\n<meta property=\"og:url\" content=\"https:\/\/www.culturaltravelmorocco.com\/es\/excursiones-desde-fez\/\" \/>\n<meta property=\"og:site_name\" content=\"Cultural Travel Morocco\" \/>\n<meta property=\"article:modified_time\" content=\"2026-01-11T23:16:10+00:00\" \/>\n<meta property=\"og:image\" content=\"https:\/\/culturaltravelmorocco.com\/wp-content\/uploads\/2026\/01\/8-4-636x426.webp\" \/>\n<meta name=\"twitter:card\" content=\"summary_large_image\" \/>\n<meta name=\"twitter:label1\" content=\"Tiempo de lectura\" \/>\n\t<meta name=\"twitter:data1\" content=\"1 minuto\" \/>\n<script type=\"application\/ld+json\" class=\"yoast-schema-graph\">{\"@context\":\"https:\/\/schema.org\",\"@graph\":[{\"@type\":\"WebPage\",\"@id\":\"https:\/\/www.culturaltravelmorocco.com\/es\/excursiones-desde-fez\/\",\"url\":\"https:\/\/www.culturaltravelmorocco.com\/es\/excursiones-desde-fez\/\",\"name\":\"Excursiones desde Fez | Mejores viajes de un d\u00eda\",\"isPartOf\":{\"@id\":\"https:\/\/www.culturaltravelmorocco.com\/es\/#website\"},\"primaryImageOfPage\":{\"@id\":\"https:\/\/www.culturaltravelmorocco.com\/es\/excursiones-desde-fez\/#primaryimage\"},\"image\":{\"@id\":\"https:\/\/www.culturaltravelmorocco.com\/es\/excursiones-desde-fez\/#primaryimage\"},\"thumbnailUrl\":\"https:\/\/culturaltravelmorocco.com\/wp-content\/uploads\/2026\/01\/8-4-636x426.webp\",\"datePublished\":\"2026-01-11T00:34:00+00:00\",\"dateModified\":\"2026-01-11T23:16:10+00:00\",\"description\":\"Descubre las mejores excursiones de un d\u00eda desde Fez a Meknes, Volubilis, Ifrane y el Medio Atlas con gu\u00edas locales y experiencias aut\u00e9nticas.\",\"breadcrumb\":{\"@id\":\"https:\/\/www.culturaltravelmorocco.com\/es\/excursiones-desde-fez\/#breadcrumb\"},\"inLanguage\":\"es\",\"potentialAction\":[{\"@type\":\"ReadAction\",\"target\":[\"https:\/\/www.culturaltravelmorocco.com\/es\/excursiones-desde-fez\/\"]}]},{\"@type\":\"ImageObject\",\"inLanguage\":\"es\",\"@id\":\"https:\/\/www.culturaltravelmorocco.com\/es\/excursiones-desde-fez\/#primaryimage\",\"url\":\"https:\/\/culturaltravelmorocco.com\/wp-content\/uploads\/2026\/01\/8-4-636x426.webp\",\"contentUrl\":\"https:\/\/culturaltravelmorocco.com\/wp-content\/uploads\/2026\/01\/8-4-636x426.webp\"},{\"@type\":\"BreadcrumbList\",\"@id\":\"https:\/\/www.culturaltravelmorocco.com\/es\/excursiones-desde-fez\/#breadcrumb\",\"itemListElement\":[{\"@type\":\"ListItem\",\"position\":1,\"name\":\"Inicio\",\"item\":\"https:\/\/maroon-guanaco-577987.hostingersite.com\/\"},{\"@type\":\"ListItem\",\"position\":2,\"name\":\"Excursiones desde Fez\"}]},{\"@type\":\"WebSite\",\"@id\":\"https:\/\/www.culturaltravelmorocco.com\/es\/#website\",\"url\":\"https:\/\/www.culturaltravelmorocco.com\/es\/\",\"name\":\"Cultural Travel Morocco\",\"description\":\"\",\"potentialAction\":[{\"@type\":\"SearchAction\",\"target\":{\"@type\":\"EntryPoint\",\"urlTemplate\":\"https:\/\/www.culturaltravelmorocco.com\/es\/?s={search_term_string}\"},\"query-input\":{\"@type\":\"PropertyValueSpecification\",\"valueRequired\":true,\"valueName\":\"search_term_string\"}}],\"inLanguage\":\"es\"}]}<\/script>\n<!-- \/ Yoast SEO Premium plugin. -->","yoast_head_json":{"title":"Excursiones desde Fez | Mejores viajes de un d\u00eda","description":"Descubre las mejores excursiones de un d\u00eda desde Fez a Meknes, Volubilis, Ifrane y el Medio Atlas con gu\u00edas locales y experiencias aut\u00e9nticas.","robots":{"index":"index","follow":"follow","max-snippet":"max-snippet:-1","max-image-preview":"max-image-preview:large","max-video-preview":"max-video-preview:-1"},"canonical":"https:\/\/www.culturaltravelmorocco.com\/es\/excursiones-desde-fez\/","og_locale":"es_ES","og_type":"article","og_title":"Excursiones desde Fez","og_description":"Descubre las mejores excursiones de un d\u00eda desde Fez a Meknes, Volubilis, Ifrane y el Medio Atlas con gu\u00edas locales y experiencias aut\u00e9nticas.","og_url":"https:\/\/www.culturaltravelmorocco.com\/es\/excursiones-desde-fez\/","og_site_name":"Cultural Travel Morocco","article_modified_time":"2026-01-11T23:16:10+00:00","og_image":[{"url":"https:\/\/culturaltravelmorocco.com\/wp-content\/uploads\/2026\/01\/8-4-636x426.webp","type":"","width":"","height":""}],"twitter_card":"summary_large_image","twitter_misc":{"Tiempo de lectura":"1 minuto"},"schema":{"@context":"https:\/\/schema.org","@graph":[{"@type":"WebPage","@id":"https:\/\/www.culturaltravelmorocco.com\/es\/excursiones-desde-fez\/","url":"https:\/\/www.culturaltravelmorocco.com\/es\/excursiones-desde-fez\/","name":"Excursiones desde Fez | Mejores viajes de un d\u00eda","isPartOf":{"@id":"https:\/\/www.culturaltravelmorocco.com\/es\/#website"},"primaryImageOfPage":{"@id":"https:\/\/www.culturaltravelmorocco.com\/es\/excursiones-desde-fez\/#primaryimage"},"image":{"@id":"https:\/\/www.culturaltravelmorocco.com\/es\/excursiones-desde-fez\/#primaryimage"},"thumbnailUrl":"https:\/\/culturaltravelmorocco.com\/wp-content\/uploads\/2026\/01\/8-4-636x426.webp","datePublished":"2026-01-11T00:34:00+00:00","dateModified":"2026-01-11T23:16:10+00:00","description":"Descubre las mejores excursiones de un d\u00eda desde Fez a Meknes, Volubilis, Ifrane y el Medio Atlas con gu\u00edas locales y experiencias aut\u00e9nticas.","breadcrumb":{"@id":"https:\/\/www.culturaltravelmorocco.com\/es\/excursiones-desde-fez\/#breadcrumb"},"inLanguage":"es","potentialAction":[{"@type":"ReadAction","target":["https:\/\/www.culturaltravelmorocco.com\/es\/excursiones-desde-fez\/"]}]},{"@type":"ImageObject","inLanguage":"es","@id":"https:\/\/www.culturaltravelmorocco.com\/es\/excursiones-desde-fez\/#primaryimage","url":"https:\/\/culturaltravelmorocco.com\/wp-content\/uploads\/2026\/01\/8-4-636x426.webp","contentUrl":"https:\/\/culturaltravelmorocco.com\/wp-content\/uploads\/2026\/01\/8-4-636x426.webp"},{"@type":"BreadcrumbList","@id":"https:\/\/www.culturaltravelmorocco.com\/es\/excursiones-desde-fez\/#breadcrumb","itemListElement":[{"@type":"ListItem","position":1,"name":"Inicio","item":"https:\/\/maroon-guanaco-577987.hostingersite.com\/"},{"@type":"ListItem","position":2,"name":"Excursiones desde Fez"}]},{"@type":"WebSite","@id":"https:\/\/www.culturaltravelmorocco.com\/es\/#website","url":"https:\/\/www.culturaltravelmorocco.com\/es\/","name":"Cultural Travel Morocco","description":"","potentialAction":[{"@type":"SearchAction","target":{"@type":"EntryPoint","urlTemplate":"https:\/\/www.culturaltravelmorocco.com\/es\/?s={search_term_string}"},"query-input":{"@type":"PropertyValueSpecification","valueRequired":true,"valueName":"search_term_string"}}],"inLanguage":"es"}]}},"_links":{"self":[{"href":"https:\/\/www.culturaltravelmorocco.com\/es\/wp-json\/wp\/v2\/pages\/10870","targetHints":{"allow":["GET"]}}],"collection":[{"href":"https:\/\/www.culturaltravelmorocco.com\/es\/wp-json\/wp\/v2\/pages"}],"about":[{"href":"https:\/\/www.culturaltravelmorocco.com\/es\/wp-json\/wp\/v2\/types\/page"}],"author":[{"embeddable":true,"href":"https:\/\/www.culturaltravelmorocco.com\/es\/wp-json\/wp\/v2\/users\/1"}],"replies":[{"embeddable":true,"href":"https:\/\/www.culturaltravelmorocco.com\/es\/wp-json\/wp\/v2\/comments?post=10870"}],"version-history":[{"count":5,"href":"https:\/\/www.culturaltravelmorocco.com\/es\/wp-json\/wp\/v2\/pages\/10870\/revisions"}],"predecessor-version":[{"id":10876,"href":"https:\/\/www.culturaltravelmorocco.com\/es\/wp-json\/wp\/v2\/pages\/10870\/revisions\/10876"}],"wp:attachment":[{"href":"https:\/\/www.culturaltravelmorocco.com\/es\/wp-json\/wp\/v2\/media?parent=10870"}],"curies":[{"name":"wp","href":"https:\/\/api.w.org\/{rel}","templated":true}]}}