{"id":10894,"date":"2026-01-11T00:30:53","date_gmt":"2026-01-11T00:30:53","guid":{"rendered":"https:\/\/culturaltravelmorocco.com\/day-trip-from-tangier\/"},"modified":"2026-01-11T23:29:55","modified_gmt":"2026-01-11T23:29:55","slug":"excursiones-desde-tanger","status":"publish","type":"page","link":"https:\/\/www.culturaltravelmorocco.com\/es\/excursiones-desde-tanger\/","title":{"rendered":"Excursiones desde T\u00e1nger"},"content":{"rendered":"\t\t<div data-elementor-type=\"wp-page\" data-elementor-id=\"10894\" class=\"elementor elementor-10894 elementor-10302\">\n\t\t\t\t<div class=\"elementor-element elementor-element-340c419 e-flex e-con-boxed e-con e-parent\" data-id=\"340c419\" data-element_type=\"container\">\n\t\t\t\t\t<div class=\"e-con-inner\">\n\t\t\t\t<div class=\"elementor-element elementor-element-30cbafd elementor-widget elementor-widget-heading\" data-id=\"30cbafd\" data-element_type=\"widget\" data-widget_type=\"heading.default\">\n\t\t\t\t\t<h2 class=\"elementor-heading-title elementor-size-default\">Excursiones de un d\u00eda desde T\u00e1nger con Cultural Travel Morocco<\/h2>\t\t\t\t<\/div>\n\t\t\t\t<div class=\"elementor-element elementor-element-2c1498a elementor-widget elementor-widget-text-editor\" data-id=\"2c1498a\" data-element_type=\"widget\" data-widget_type=\"text-editor.default\">\n\t\t\t\t\t\t\t\t\t<p>Explora la magia del norte de Marruecos con nuestras excursiones de un d\u00eda desde T\u00e1nger, organizadas por Cultural Travel Morocco. Descubre destinos pintorescos como la ciudad azul de Chefchaouen, la encantadora ciudad de Asilah o las maravillas culturales de Tetu\u00e1n, todos ellos perfectos para una escapada corta.<\/p><p>Nuestras excursiones privadas est\u00e1n guiadas por expertos locales que hablan ingl\u00e9s, espa\u00f1ol e italiano, lo que garantiza una rica experiencia cultural y un servicio personalizado. Viaje c\u00f3modamente en modernos veh\u00edculos 4\u00d74 mientras descubre la historia, los paisajes y las tradiciones de Marruecos.<\/p><p>Disfrute de aut\u00e9nticas aventuras y explore las mejores excursiones de un d\u00eda desde T\u00e1nger con Cultural Travel Morocco, su experto local de confianza para viajes inolvidables.<\/p>\t\t\t\t\t\t\t\t<\/div>\n\t\t\t\t\t<\/div>\n\t\t\t\t<\/div>\n\t\t\t\t<section class=\"elementor-section elementor-top-section elementor-element elementor-element-59ae872 elementor-section-boxed elementor-section-height-default elementor-section-height-default\" data-id=\"59ae872\" data-element_type=\"section\">\n\t\t\t\t\t\t<div class=\"elementor-container elementor-column-gap-default\">\n\t\t\t\t\t<div class=\"elementor-column elementor-col-100 elementor-top-column elementor-element elementor-element-7b9d157\" data-id=\"7b9d157\" data-element_type=\"column\">\n\t\t\t<div class=\"elementor-widget-wrap elementor-element-populated\">\n\t\t\t\t\t\t<div class=\"elementor-element elementor-element-f4d3b5d elementor-widget elementor-widget-ovabrw_product_list\" data-id=\"f4d3b5d\" data-element_type=\"widget\" data-widget_type=\"ovabrw_product_list.default\">\n\t\t\t\t<div class=\"elementor-widget-container\">\n\t\t\t\t\t\t\t\t\t<div class=\"ova-product-list ova-product-list-template1 column3\">\r\n\t\t\t\t\t\r\n<div class=\"ova-product product type-product post-10664 status-publish first instock product_cat-excursion-de-un-dia-desde-tanger product_cat-excursiones-de-un-dia has-post-thumbnail purchasable product-type-ovabrw_car_rental\">\r\n\t\r\n<div class=\"ova_head_product\">\r\n\t\t\t<div class=\"ova-product-wishlist\">\r\n\t\t\t<div class=\"yith-add-to-wishlist-button-block\" data-product-id=\"10664\" data-attributes=\"{&quot;kind&quot;:&quot;button&quot;}\"><\/div>\t\t<\/div>\r\n\t\t\t<a href=\"https:\/\/www.culturaltravelmorocco.com\/es\/producto\/excursion-de-un-dia-a-arcila-desde-tanger-tour-privado-por-la-costa\/?ovabrw_adults=1\" class=\"ova-product-thumbnail\">\r\n\t\t\t<img fetchpriority=\"high\" decoding=\"async\" width=\"636\" height=\"426\" src=\"https:\/\/www.culturaltravelmorocco.com\/wp-content\/uploads\/2026\/01\/9-2-1-636x426.webp\" class=\"attachment-tripgo_product_slider size-tripgo_product_slider\" alt=\"Excursi\u00f3n de un d\u00eda a Arcila desde T\u00e1nger: tour privado por la costa\" srcset=\"https:\/\/www.culturaltravelmorocco.com\/wp-content\/uploads\/2026\/01\/9-2-1-636x426.webp 636w, https:\/\/www.culturaltravelmorocco.com\/wp-content\/uploads\/2026\/01\/9-2-1-416x280.webp 416w\" sizes=\"(max-width: 636px) 100vw, 636px\" \/>\t\t<\/a>\r\n\t<\/div>\r\n<div class=\"ova_foot_product\">\r\n\t<div class=\"ova-product-day-title-location\">\r\n\t\t\t\t\t<div class=\"ova-tour-day\">\r\n\t\t\t\t<i aria-hidden=\"true\" class=\"icomoon icomoon-clock\"><\/i>\r\n\t\t\t\t1 d\u00eda\t\t\t<\/div>\r\n\t\t\t\t\t<h2 class=\"ova-product-title\">\r\n\t\t\t\t<a href=\"https:\/\/www.culturaltravelmorocco.com\/es\/producto\/excursion-de-un-dia-a-arcila-desde-tanger-tour-privado-por-la-costa\/?ovabrw_adults=1\">\r\n\t\t\t        Excursi\u00f3n de un d\u00eda a Arcila desde T\u00e1nger: tour privado por la costa\t\t\t    <\/a>\r\n\t\t\t<\/h2>\r\n\t\t\t        <div class=\"ova-product-location\">\r\n\t            <i aria-hidden=\"true\" class=\"icomoon icomoon-location\"><\/i>\r\n\t            <span class=\"location\">\r\n\t                T\u00e1nger, Asilah\t            <\/span>\r\n\t        <\/div>\r\n\t    \t    \r\n\t    <div class=\"tripa\">\r\n\t        \r\n\t        <img decoding=\"async\" src=\"https:\/\/www.culturaltravelmorocco.com\/wp-content\/uploads\/2026\/01\/TripAdvisor-logo-scaled-1.webp\">\r\n\t    <\/div>\r\n\t<\/div>\r\n    <div class=\"ova-product-review-and-price\">\r\n    \t\t\t<div class=\"ova-product-wrapper-price\">\r\n\t\t\t\t\t\t\t<div class=\"ova-product-price\">\r\n\t\t\t\t\t\t\t\t\t    \t\t\t\t\t    \t\t<span class=\"no-product-price\">\r\n\t\t\t\t    \t\t\tPrecio de la opci\u00f3n\t\t\t\t    \t\t<\/span>\r\n\t\t\t\t    \t\t\t\t\t<\/div>\r\n\t\t\t\t\t\t\t<a href=\"https:\/\/www.culturaltravelmorocco.com\/es\/producto\/excursion-de-un-dia-a-arcila-desde-tanger-tour-privado-por-la-costa\/?ovabrw_adults=1\" class=\"btn product-btn-book-now\">\r\n\t\t\t\t\t<span>Explorar<\/span>\r\n\t\t\t\t<\/a>\r\n\t\t\t\t\t<\/div>\r\n    <\/div>\r\n<\/div><\/div>\r\n<div class=\"ova-product product type-product post-10567 status-publish instock product_cat-excursion-de-un-dia-desde-tanger product_cat-excursiones-de-un-dia has-post-thumbnail purchasable product-type-ovabrw_car_rental\">\r\n\t\r\n<div class=\"ova_head_product\">\r\n\t\t\t<div class=\"ova-product-wishlist\">\r\n\t\t\t<div class=\"yith-add-to-wishlist-button-block\" data-product-id=\"10567\" data-attributes=\"{&quot;kind&quot;:&quot;button&quot;}\"><\/div>\t\t<\/div>\r\n\t\t\t<a href=\"https:\/\/www.culturaltravelmorocco.com\/es\/producto\/excursion-privada-de-un-dia-a-chefchaouen-desde-tanger\/?ovabrw_adults=1\" class=\"ova-product-thumbnail\">\r\n\t\t\t<img decoding=\"async\" width=\"636\" height=\"426\" src=\"https:\/\/www.culturaltravelmorocco.com\/wp-content\/uploads\/2026\/01\/1-15-636x426.webp\" class=\"attachment-tripgo_product_slider size-tripgo_product_slider\" alt=\"Excursi\u00f3n privada de un d\u00eda a Chefchaouen desde T\u00e1nger\" srcset=\"https:\/\/www.culturaltravelmorocco.com\/wp-content\/uploads\/2026\/01\/1-15-636x426.webp 636w, https:\/\/www.culturaltravelmorocco.com\/wp-content\/uploads\/2026\/01\/1-15-416x280.webp 416w\" sizes=\"(max-width: 636px) 100vw, 636px\" \/>\t\t<\/a>\r\n\t<\/div>\r\n<div class=\"ova_foot_product\">\r\n\t<div class=\"ova-product-day-title-location\">\r\n\t\t\t\t\t<div class=\"ova-tour-day\">\r\n\t\t\t\t<i aria-hidden=\"true\" class=\"icomoon icomoon-clock\"><\/i>\r\n\t\t\t\t1 d\u00eda\t\t\t<\/div>\r\n\t\t\t\t\t<h2 class=\"ova-product-title\">\r\n\t\t\t\t<a href=\"https:\/\/www.culturaltravelmorocco.com\/es\/producto\/excursion-privada-de-un-dia-a-chefchaouen-desde-tanger\/?ovabrw_adults=1\">\r\n\t\t\t        Excursi\u00f3n privada de un d\u00eda a Chefchaouen desde T\u00e1nger\t\t\t    <\/a>\r\n\t\t\t<\/h2>\r\n\t\t\t        <div class=\"ova-product-location\">\r\n\t            <i aria-hidden=\"true\" class=\"icomoon icomoon-location\"><\/i>\r\n\t            <span class=\"location\">\r\n\t                T\u00e1nger, Chefchaouen\t            <\/span>\r\n\t        <\/div>\r\n\t    \t    \r\n\t    <div class=\"tripa\">\r\n\t        \r\n\t        <img decoding=\"async\" src=\"https:\/\/www.culturaltravelmorocco.com\/wp-content\/uploads\/2026\/01\/TripAdvisor-logo-scaled-1.webp\">\r\n\t    <\/div>\r\n\t<\/div>\r\n    <div class=\"ova-product-review-and-price\">\r\n    \t\t\t<div class=\"ova-product-wrapper-price\">\r\n\t\t\t\t\t\t\t<div class=\"ova-product-price\">\r\n\t\t\t\t\t\t\t\t\t    \t\t\t\t\t    \t\t<span class=\"no-product-price\">\r\n\t\t\t\t    \t\t\tPrecio de la opci\u00f3n\t\t\t\t    \t\t<\/span>\r\n\t\t\t\t    \t\t\t\t\t<\/div>\r\n\t\t\t\t\t\t\t<a href=\"https:\/\/www.culturaltravelmorocco.com\/es\/producto\/excursion-privada-de-un-dia-a-chefchaouen-desde-tanger\/?ovabrw_adults=1\" class=\"btn product-btn-book-now\">\r\n\t\t\t\t\t<span>Explorar<\/span>\r\n\t\t\t\t<\/a>\r\n\t\t\t\t\t<\/div>\r\n    <\/div>\r\n<\/div><\/div>\r\n<div class=\"ova-product product type-product post-10553 status-publish instock product_cat-excursion-de-un-dia-desde-tanger product_cat-excursiones-de-un-dia has-post-thumbnail purchasable product-type-ovabrw_car_rental\">\r\n\t\r\n<div class=\"ova_head_product\">\r\n\t\t\t<div class=\"ova-product-wishlist\">\r\n\t\t\t<div class=\"yith-add-to-wishlist-button-block\" data-product-id=\"10553\" data-attributes=\"{&quot;kind&quot;:&quot;button&quot;}\"><\/div>\t\t<\/div>\r\n\t\t\t<a href=\"https:\/\/www.culturaltravelmorocco.com\/es\/producto\/excursion-privada-de-un-dia-desde-tanger-a-tetuan\/?ovabrw_adults=1\" class=\"ova-product-thumbnail\">\r\n\t\t\t<img decoding=\"async\" width=\"636\" height=\"426\" src=\"https:\/\/www.culturaltravelmorocco.com\/wp-content\/uploads\/2026\/01\/12-5-636x426.webp\" class=\"attachment-tripgo_product_slider size-tripgo_product_slider\" alt=\"Excursi\u00f3n privada de un d\u00eda desde T\u00e1nger a Tetu\u00e1n\" srcset=\"https:\/\/www.culturaltravelmorocco.com\/wp-content\/uploads\/2026\/01\/12-5-636x426.webp 636w, https:\/\/www.culturaltravelmorocco.com\/wp-content\/uploads\/2026\/01\/12-5-416x280.webp 416w\" sizes=\"(max-width: 636px) 100vw, 636px\" \/>\t\t<\/a>\r\n\t<\/div>\r\n<div class=\"ova_foot_product\">\r\n\t<div class=\"ova-product-day-title-location\">\r\n\t\t\t\t\t<div class=\"ova-tour-day\">\r\n\t\t\t\t<i aria-hidden=\"true\" class=\"icomoon icomoon-clock\"><\/i>\r\n\t\t\t\t1 d\u00eda\t\t\t<\/div>\r\n\t\t\t\t\t<h2 class=\"ova-product-title\">\r\n\t\t\t\t<a href=\"https:\/\/www.culturaltravelmorocco.com\/es\/producto\/excursion-privada-de-un-dia-desde-tanger-a-tetuan\/?ovabrw_adults=1\">\r\n\t\t\t        Excursi\u00f3n privada de un d\u00eda desde T\u00e1nger a Tetu\u00e1n\t\t\t    <\/a>\r\n\t\t\t<\/h2>\r\n\t\t\t        <div class=\"ova-product-location\">\r\n\t            <i aria-hidden=\"true\" class=\"icomoon icomoon-location\"><\/i>\r\n\t            <span class=\"location\">\r\n\t                T\u00e1nger, Tetu\u00e1n\t            <\/span>\r\n\t        <\/div>\r\n\t    \t    \r\n\t    <div class=\"tripa\">\r\n\t        \r\n\t        <img decoding=\"async\" src=\"https:\/\/www.culturaltravelmorocco.com\/wp-content\/uploads\/2026\/01\/TripAdvisor-logo-scaled-1.webp\">\r\n\t    <\/div>\r\n\t<\/div>\r\n    <div class=\"ova-product-review-and-price\">\r\n    \t\t\t<div class=\"ova-product-wrapper-price\">\r\n\t\t\t\t\t\t\t<div class=\"ova-product-price\">\r\n\t\t\t\t\t\t\t\t\t    \t\t\t\t\t    \t\t<span class=\"no-product-price\">\r\n\t\t\t\t    \t\t\tPrecio de la opci\u00f3n\t\t\t\t    \t\t<\/span>\r\n\t\t\t\t    \t\t\t\t\t<\/div>\r\n\t\t\t\t\t\t\t<a href=\"https:\/\/www.culturaltravelmorocco.com\/es\/producto\/excursion-privada-de-un-dia-desde-tanger-a-tetuan\/?ovabrw_adults=1\" class=\"btn product-btn-book-now\">\r\n\t\t\t\t\t<span>Explorar<\/span>\r\n\t\t\t\t<\/a>\r\n\t\t\t\t\t<\/div>\r\n    <\/div>\r\n<\/div><\/div>\t\t\t\t<\/div>\r\n\t\t\t\t\t\t\t<\/div>\n\t\t\t\t<\/div>\n\t\t\t\t\t<\/div>\n\t\t<\/div>\n\t\t\t\t\t<\/div>\n\t\t<\/section>\n\t\t\t\t<\/div>\n\t\t","protected":false},"excerpt":{"rendered":"<p>Excursiones de un d\u00eda desde T\u00e1nger con Cultural Travel Morocco Explora la magia del norte de Marruecos con nuestras excursiones de un d\u00eda desde T\u00e1nger, organizadas por Cultural Travel Morocco. Descubre destinos pintorescos como la ciudad azul de Chefchaouen, la encantadora ciudad de Asilah o las maravillas culturales de Tetu\u00e1n, todos ellos perfectos para una [&hellip;]<\/p>\n","protected":false},"author":1,"featured_media":0,"parent":0,"menu_order":0,"comment_status":"closed","ping_status":"closed","template":"elementor_header_footer","meta":{"_joinchat":[],"footnotes":""},"class_list":["post-10894","page","type-page","status-publish","hentry"],"yoast_head":"<!-- This site is optimized with the Yoast SEO Premium plugin v25.0 (Yoast SEO v25.0) - https:\/\/yoast.com\/wordpress\/plugins\/seo\/ -->\n<title>Excursiones desde T\u00e1nger | Mejores viajes de un d\u00eda<\/title>\n<meta name=\"description\" content=\"Descubre las mejores excursiones de un d\u00eda desde T\u00e1nger a Chefchaouen, Tetu\u00e1n, Asilah y el norte de Marruecos con gu\u00edas locales.\" \/>\n<meta name=\"robots\" content=\"index, follow, max-snippet:-1, max-image-preview:large, max-video-preview:-1\" \/>\n<link rel=\"canonical\" href=\"https:\/\/www.culturaltravelmorocco.com\/es\/excursiones-desde-tanger\/\" \/>\n<meta property=\"og:locale\" content=\"es_ES\" \/>\n<meta property=\"og:type\" content=\"article\" \/>\n<meta property=\"og:title\" content=\"Excursiones desde T\u00e1nger\" \/>\n<meta property=\"og:description\" content=\"Descubre las mejores excursiones de un d\u00eda desde T\u00e1nger a Chefchaouen, Tetu\u00e1n, Asilah y el norte de Marruecos con gu\u00edas locales.\" \/>\n<meta property=\"og:url\" content=\"https:\/\/www.culturaltravelmorocco.com\/es\/excursiones-desde-tanger\/\" \/>\n<meta property=\"og:site_name\" content=\"Cultural Travel Morocco\" \/>\n<meta property=\"article:modified_time\" content=\"2026-01-11T23:29:55+00:00\" \/>\n<meta property=\"og:image\" content=\"https:\/\/culturaltravelmorocco.com\/wp-content\/uploads\/2026\/01\/9-2-1-636x426.webp\" \/>\n<meta name=\"twitter:card\" content=\"summary_large_image\" \/>\n<meta name=\"twitter:label1\" content=\"Tiempo de lectura\" \/>\n\t<meta name=\"twitter:data1\" content=\"1 minuto\" \/>\n<script type=\"application\/ld+json\" class=\"yoast-schema-graph\">{\"@context\":\"https:\/\/schema.org\",\"@graph\":[{\"@type\":\"WebPage\",\"@id\":\"https:\/\/www.culturaltravelmorocco.com\/es\/excursiones-desde-tanger\/\",\"url\":\"https:\/\/www.culturaltravelmorocco.com\/es\/excursiones-desde-tanger\/\",\"name\":\"Excursiones desde T\u00e1nger | Mejores viajes de un d\u00eda\",\"isPartOf\":{\"@id\":\"https:\/\/www.culturaltravelmorocco.com\/es\/#website\"},\"primaryImageOfPage\":{\"@id\":\"https:\/\/www.culturaltravelmorocco.com\/es\/excursiones-desde-tanger\/#primaryimage\"},\"image\":{\"@id\":\"https:\/\/www.culturaltravelmorocco.com\/es\/excursiones-desde-tanger\/#primaryimage\"},\"thumbnailUrl\":\"https:\/\/culturaltravelmorocco.com\/wp-content\/uploads\/2026\/01\/9-2-1-636x426.webp\",\"datePublished\":\"2026-01-11T00:30:53+00:00\",\"dateModified\":\"2026-01-11T23:29:55+00:00\",\"description\":\"Descubre las mejores excursiones de un d\u00eda desde T\u00e1nger a Chefchaouen, Tetu\u00e1n, Asilah y el norte de Marruecos con gu\u00edas locales.\",\"breadcrumb\":{\"@id\":\"https:\/\/www.culturaltravelmorocco.com\/es\/excursiones-desde-tanger\/#breadcrumb\"},\"inLanguage\":\"es\",\"potentialAction\":[{\"@type\":\"ReadAction\",\"target\":[\"https:\/\/www.culturaltravelmorocco.com\/es\/excursiones-desde-tanger\/\"]}]},{\"@type\":\"ImageObject\",\"inLanguage\":\"es\",\"@id\":\"https:\/\/www.culturaltravelmorocco.com\/es\/excursiones-desde-tanger\/#primaryimage\",\"url\":\"https:\/\/culturaltravelmorocco.com\/wp-content\/uploads\/2026\/01\/9-2-1-636x426.webp\",\"contentUrl\":\"https:\/\/culturaltravelmorocco.com\/wp-content\/uploads\/2026\/01\/9-2-1-636x426.webp\"},{\"@type\":\"BreadcrumbList\",\"@id\":\"https:\/\/www.culturaltravelmorocco.com\/es\/excursiones-desde-tanger\/#breadcrumb\",\"itemListElement\":[{\"@type\":\"ListItem\",\"position\":1,\"name\":\"Inicio\",\"item\":\"https:\/\/maroon-guanaco-577987.hostingersite.com\/\"},{\"@type\":\"ListItem\",\"position\":2,\"name\":\"Excursiones desde T\u00e1nger\"}]},{\"@type\":\"WebSite\",\"@id\":\"https:\/\/www.culturaltravelmorocco.com\/es\/#website\",\"url\":\"https:\/\/www.culturaltravelmorocco.com\/es\/\",\"name\":\"Cultural Travel Morocco\",\"description\":\"\",\"potentialAction\":[{\"@type\":\"SearchAction\",\"target\":{\"@type\":\"EntryPoint\",\"urlTemplate\":\"https:\/\/www.culturaltravelmorocco.com\/es\/?s={search_term_string}\"},\"query-input\":{\"@type\":\"PropertyValueSpecification\",\"valueRequired\":true,\"valueName\":\"search_term_string\"}}],\"inLanguage\":\"es\"}]}<\/script>\n<!-- \/ Yoast SEO Premium plugin. -->","yoast_head_json":{"title":"Excursiones desde T\u00e1nger | Mejores viajes de un d\u00eda","description":"Descubre las mejores excursiones de un d\u00eda desde T\u00e1nger a Chefchaouen, Tetu\u00e1n, Asilah y el norte de Marruecos con gu\u00edas locales.","robots":{"index":"index","follow":"follow","max-snippet":"max-snippet:-1","max-image-preview":"max-image-preview:large","max-video-preview":"max-video-preview:-1"},"canonical":"https:\/\/www.culturaltravelmorocco.com\/es\/excursiones-desde-tanger\/","og_locale":"es_ES","og_type":"article","og_title":"Excursiones desde T\u00e1nger","og_description":"Descubre las mejores excursiones de un d\u00eda desde T\u00e1nger a Chefchaouen, Tetu\u00e1n, Asilah y el norte de Marruecos con gu\u00edas locales.","og_url":"https:\/\/www.culturaltravelmorocco.com\/es\/excursiones-desde-tanger\/","og_site_name":"Cultural Travel Morocco","article_modified_time":"2026-01-11T23:29:55+00:00","og_image":[{"url":"https:\/\/culturaltravelmorocco.com\/wp-content\/uploads\/2026\/01\/9-2-1-636x426.webp","type":"","width":"","height":""}],"twitter_card":"summary_large_image","twitter_misc":{"Tiempo de lectura":"1 minuto"},"schema":{"@context":"https:\/\/schema.org","@graph":[{"@type":"WebPage","@id":"https:\/\/www.culturaltravelmorocco.com\/es\/excursiones-desde-tanger\/","url":"https:\/\/www.culturaltravelmorocco.com\/es\/excursiones-desde-tanger\/","name":"Excursiones desde T\u00e1nger | Mejores viajes de un d\u00eda","isPartOf":{"@id":"https:\/\/www.culturaltravelmorocco.com\/es\/#website"},"primaryImageOfPage":{"@id":"https:\/\/www.culturaltravelmorocco.com\/es\/excursiones-desde-tanger\/#primaryimage"},"image":{"@id":"https:\/\/www.culturaltravelmorocco.com\/es\/excursiones-desde-tanger\/#primaryimage"},"thumbnailUrl":"https:\/\/culturaltravelmorocco.com\/wp-content\/uploads\/2026\/01\/9-2-1-636x426.webp","datePublished":"2026-01-11T00:30:53+00:00","dateModified":"2026-01-11T23:29:55+00:00","description":"Descubre las mejores excursiones de un d\u00eda desde T\u00e1nger a Chefchaouen, Tetu\u00e1n, Asilah y el norte de Marruecos con gu\u00edas locales.","breadcrumb":{"@id":"https:\/\/www.culturaltravelmorocco.com\/es\/excursiones-desde-tanger\/#breadcrumb"},"inLanguage":"es","potentialAction":[{"@type":"ReadAction","target":["https:\/\/www.culturaltravelmorocco.com\/es\/excursiones-desde-tanger\/"]}]},{"@type":"ImageObject","inLanguage":"es","@id":"https:\/\/www.culturaltravelmorocco.com\/es\/excursiones-desde-tanger\/#primaryimage","url":"https:\/\/culturaltravelmorocco.com\/wp-content\/uploads\/2026\/01\/9-2-1-636x426.webp","contentUrl":"https:\/\/culturaltravelmorocco.com\/wp-content\/uploads\/2026\/01\/9-2-1-636x426.webp"},{"@type":"BreadcrumbList","@id":"https:\/\/www.culturaltravelmorocco.com\/es\/excursiones-desde-tanger\/#breadcrumb","itemListElement":[{"@type":"ListItem","position":1,"name":"Inicio","item":"https:\/\/maroon-guanaco-577987.hostingersite.com\/"},{"@type":"ListItem","position":2,"name":"Excursiones desde T\u00e1nger"}]},{"@type":"WebSite","@id":"https:\/\/www.culturaltravelmorocco.com\/es\/#website","url":"https:\/\/www.culturaltravelmorocco.com\/es\/","name":"Cultural Travel Morocco","description":"","potentialAction":[{"@type":"SearchAction","target":{"@type":"EntryPoint","urlTemplate":"https:\/\/www.culturaltravelmorocco.com\/es\/?s={search_term_string}"},"query-input":{"@type":"PropertyValueSpecification","valueRequired":true,"valueName":"search_term_string"}}],"inLanguage":"es"}]}},"_links":{"self":[{"href":"https:\/\/www.culturaltravelmorocco.com\/es\/wp-json\/wp\/v2\/pages\/10894","targetHints":{"allow":["GET"]}}],"collection":[{"href":"https:\/\/www.culturaltravelmorocco.com\/es\/wp-json\/wp\/v2\/pages"}],"about":[{"href":"https:\/\/www.culturaltravelmorocco.com\/es\/wp-json\/wp\/v2\/types\/page"}],"author":[{"embeddable":true,"href":"https:\/\/www.culturaltravelmorocco.com\/es\/wp-json\/wp\/v2\/users\/1"}],"replies":[{"embeddable":true,"href":"https:\/\/www.culturaltravelmorocco.com\/es\/wp-json\/wp\/v2\/comments?post=10894"}],"version-history":[{"count":4,"href":"https:\/\/www.culturaltravelmorocco.com\/es\/wp-json\/wp\/v2\/pages\/10894\/revisions"}],"predecessor-version":[{"id":10903,"href":"https:\/\/www.culturaltravelmorocco.com\/es\/wp-json\/wp\/v2\/pages\/10894\/revisions\/10903"}],"wp:attachment":[{"href":"https:\/\/www.culturaltravelmorocco.com\/es\/wp-json\/wp\/v2\/media?parent=10894"}],"curies":[{"name":"wp","href":"https:\/\/api.w.org\/{rel}","templated":true}]}}