{"id":10417,"date":"2026-01-10T12:20:40","date_gmt":"2026-01-10T12:20:40","guid":{"rendered":"https:\/\/culturaltravelmorocco.com\/product\/merzouga-camel-ride-in-the-erg-chebbi-desert\/"},"modified":"2026-01-11T15:47:14","modified_gmt":"2026-01-11T15:47:14","slug":"paseo-en-camello-por-merzouga-en-el-desierto-de-erg-chebbi","status":"publish","type":"product","link":"https:\/\/www.culturaltravelmorocco.com\/es\/producto\/paseo-en-camello-por-merzouga-en-el-desierto-de-erg-chebbi\/","title":{"rendered":"Paseo en camello por Merzouga en el desierto de Erg Chebbi"},"content":{"rendered":"<h2>Descripci\u00f3n general:<\/h2>\n<p>Descubra la magia del Sahara con un inolvidable paseo en camello en Merzouga, ubicado entre las ic\u00f3nicas dunas de arena de Erg Chebbi. Esta experiencia en camello de una hora es perfecta para los viajeros que quieran disfrutar de la esencia del desierto marroqu\u00ed en poco tiempo. Montando un camello tranquilo y bien entrenado guiado por un experto tuareg local, cruzar\u00e1s dunas doradas mientras admiras el vasto silencio y la belleza natural del Sahara.<\/p>\n<p>Puedes elegir entre un paseo en camello al amanecer o al atardecer, cuando las dunas brillan con colores cambiantes y la atm\u00f3sfera del desierto se vuelve verdaderamente m\u00e1gica. En el camino, tendr\u00e1s tiempo para detenerte, relajarte y tomar fotograf\u00edas impresionantes en un paisaje des\u00e9rtico tradicional. Este paseo en camello es ideal para familias, parejas y cualquiera que busque una aut\u00e9ntica experiencia en el desierto de Merzouga sin un largo itinerario.<\/p>\n<h2 data-start=\"217\" data-end=\"638\">Reflejos:<\/h2>\n<ul>\n<li>Monta en camello por las legendarias dunas de Erg Chebbi<\/li>\n<li>Elige entre un paseo en camello al amanecer o al atardecer en Merzouga<\/li>\n<li>Guiado por un experimentado gu\u00eda local de camellos tuareg.<\/li>\n<li>Disfrute de impresionantes vistas panor\u00e1micas del desierto del Sahara.<\/li>\n<li>Excursi\u00f3n corta perfecta para familias y viajeros con tiempo limitado.<\/li>\n<li>Excelente oportunidad para la fotograf\u00eda del desierto.<\/li>\n<li>Experimente la paz, el silencio y la belleza del Sahara marroqu\u00ed.<\/li>\n<li>Disponible como tour en camello privado o para grupos peque\u00f1os.<\/li>\n<\/ul>\n<h2>Notas:<\/h2>\n<ul>\n<li>Esta experiencia tiene una duraci\u00f3n aproximada de 1 hora.<\/li>\n<li>Se encuentran disponibles paseos por la ma\u00f1ana y al atardecer; el atardecer es muy recomendable para disfrutar de una luz m\u00e1gica y fotograf\u00edas.<\/li>\n<li>Los ni\u00f1os menores de 10 a\u00f1os deber\u00e1n viajar acompa\u00f1ados de un adulto.<\/li>\n<li>Se recomienda ropa c\u00f3moda y calzado cerrado.<\/li>\n<\/ul>\n","protected":false},"excerpt":{"rendered":"<p>Descripci\u00f3n general: Descubra la magia del Sahara con un inolvidable paseo en camello en Merzouga, ubicado entre las ic\u00f3nicas dunas de arena de Erg Chebbi. Esta experiencia en camello de una hora es perfecta para los viajeros que quieran disfrutar de la esencia del desierto marroqu\u00ed en poco tiempo. Montando un camello tranquilo y bien [&hellip;]<\/p>\n","protected":false},"featured_media":10418,"comment_status":"closed","ping_status":"closed","template":"","meta":{"_joinchat":[]},"product_brand":[],"product_cat":[87],"product_tag":[],"class_list":{"0":"post-10417","1":"product","2":"type-product","3":"status-publish","4":"has-post-thumbnail","6":"brw_tour_types-culture","7":"brw_tour_types-family","8":"product_cat-excursiones-en-camello","10":"first","11":"instock","12":"purchasable","13":"product-type-ovabrw_car_rental"},"yoast_head":"<!-- This site is optimized with the Yoast SEO Premium plugin v25.0 (Yoast SEO v25.0) - https:\/\/yoast.com\/wordpress\/plugins\/seo\/ -->\n<title>Paseo en camello por Merzouga en el desierto de Erg Chebbi - Cultural Travel Morocco<\/title>\n<meta name=\"robots\" content=\"index, follow, max-snippet:-1, max-image-preview:large, max-video-preview:-1\" \/>\n<link rel=\"canonical\" href=\"https:\/\/www.culturaltravelmorocco.com\/es\/producto\/paseo-en-camello-por-merzouga-en-el-desierto-de-erg-chebbi\/\" \/>\n<meta property=\"og:locale\" content=\"es_ES\" \/>\n<meta property=\"og:type\" content=\"article\" \/>\n<meta property=\"og:title\" content=\"Paseo en camello por Merzouga en el desierto de Erg Chebbi\" \/>\n<meta property=\"og:description\" content=\"Descripci\u00f3n general: Descubra la magia del Sahara con un inolvidable paseo en camello en Merzouga, ubicado entre las ic\u00f3nicas dunas de arena de Erg Chebbi. Esta experiencia en camello de una hora es perfecta para los viajeros que quieran disfrutar de la esencia del desierto marroqu\u00ed en poco tiempo. Montando un camello tranquilo y bien [&hellip;]\" \/>\n<meta property=\"og:url\" content=\"https:\/\/www.culturaltravelmorocco.com\/es\/producto\/paseo-en-camello-por-merzouga-en-el-desierto-de-erg-chebbi\/\" \/>\n<meta property=\"og:site_name\" content=\"Cultural Travel Morocco\" \/>\n<meta property=\"article:modified_time\" content=\"2026-01-11T15:47:14+00:00\" \/>\n<meta property=\"og:image\" content=\"https:\/\/www.culturaltravelmorocco.com\/wp-content\/uploads\/2026\/01\/17-2.webp\" \/>\n\t<meta property=\"og:image:width\" content=\"1200\" \/>\n\t<meta property=\"og:image:height\" content=\"1000\" \/>\n\t<meta property=\"og:image:type\" content=\"image\/webp\" \/>\n<meta name=\"twitter:card\" content=\"summary_large_image\" \/>\n<meta name=\"twitter:label1\" content=\"Tiempo de lectura\" \/>\n\t<meta name=\"twitter:data1\" content=\"2 minutos\" \/>\n<script type=\"application\/ld+json\" class=\"yoast-schema-graph\">{\"@context\":\"https:\/\/schema.org\",\"@graph\":[{\"@type\":\"WebPage\",\"@id\":\"https:\/\/www.culturaltravelmorocco.com\/es\/producto\/paseo-en-camello-por-merzouga-en-el-desierto-de-erg-chebbi\/\",\"url\":\"https:\/\/www.culturaltravelmorocco.com\/es\/producto\/paseo-en-camello-por-merzouga-en-el-desierto-de-erg-chebbi\/\",\"name\":\"Paseo en camello por Merzouga en el desierto de Erg Chebbi - Cultural Travel Morocco\",\"isPartOf\":{\"@id\":\"https:\/\/www.culturaltravelmorocco.com\/es\/#website\"},\"primaryImageOfPage\":{\"@id\":\"https:\/\/www.culturaltravelmorocco.com\/es\/producto\/paseo-en-camello-por-merzouga-en-el-desierto-de-erg-chebbi\/#primaryimage\"},\"image\":{\"@id\":\"https:\/\/www.culturaltravelmorocco.com\/es\/producto\/paseo-en-camello-por-merzouga-en-el-desierto-de-erg-chebbi\/#primaryimage\"},\"thumbnailUrl\":\"https:\/\/www.culturaltravelmorocco.com\/wp-content\/uploads\/2026\/01\/17-2.webp\",\"datePublished\":\"2026-01-10T12:20:40+00:00\",\"dateModified\":\"2026-01-11T15:47:14+00:00\",\"breadcrumb\":{\"@id\":\"https:\/\/www.culturaltravelmorocco.com\/es\/producto\/paseo-en-camello-por-merzouga-en-el-desierto-de-erg-chebbi\/#breadcrumb\"},\"inLanguage\":\"es\",\"potentialAction\":[{\"@type\":\"ReadAction\",\"target\":[\"https:\/\/www.culturaltravelmorocco.com\/es\/producto\/paseo-en-camello-por-merzouga-en-el-desierto-de-erg-chebbi\/\"]}]},{\"@type\":\"ImageObject\",\"inLanguage\":\"es\",\"@id\":\"https:\/\/www.culturaltravelmorocco.com\/es\/producto\/paseo-en-camello-por-merzouga-en-el-desierto-de-erg-chebbi\/#primaryimage\",\"url\":\"https:\/\/www.culturaltravelmorocco.com\/wp-content\/uploads\/2026\/01\/17-2.webp\",\"contentUrl\":\"https:\/\/www.culturaltravelmorocco.com\/wp-content\/uploads\/2026\/01\/17-2.webp\",\"width\":1200,\"height\":1000},{\"@type\":\"BreadcrumbList\",\"@id\":\"https:\/\/www.culturaltravelmorocco.com\/es\/producto\/paseo-en-camello-por-merzouga-en-el-desierto-de-erg-chebbi\/#breadcrumb\",\"itemListElement\":[{\"@type\":\"ListItem\",\"position\":1,\"name\":\"Inicio\",\"item\":\"https:\/\/maroon-guanaco-577987.hostingersite.com\/\"},{\"@type\":\"ListItem\",\"position\":2,\"name\":\"Productos\",\"item\":\"https:\/\/www.culturaltravelmorocco.com\/es\/shop\/\"},{\"@type\":\"ListItem\",\"position\":3,\"name\":\"Paseo en camello por Merzouga en el desierto de Erg Chebbi\"}]},{\"@type\":\"WebSite\",\"@id\":\"https:\/\/www.culturaltravelmorocco.com\/es\/#website\",\"url\":\"https:\/\/www.culturaltravelmorocco.com\/es\/\",\"name\":\"Cultural Travel Morocco\",\"description\":\"\",\"potentialAction\":[{\"@type\":\"SearchAction\",\"target\":{\"@type\":\"EntryPoint\",\"urlTemplate\":\"https:\/\/www.culturaltravelmorocco.com\/es\/?s={search_term_string}\"},\"query-input\":{\"@type\":\"PropertyValueSpecification\",\"valueRequired\":true,\"valueName\":\"search_term_string\"}}],\"inLanguage\":\"es\"}]}<\/script>\n<!-- \/ Yoast SEO Premium plugin. -->","yoast_head_json":{"title":"Paseo en camello por Merzouga en el desierto de Erg Chebbi - Cultural Travel Morocco","robots":{"index":"index","follow":"follow","max-snippet":"max-snippet:-1","max-image-preview":"max-image-preview:large","max-video-preview":"max-video-preview:-1"},"canonical":"https:\/\/www.culturaltravelmorocco.com\/es\/producto\/paseo-en-camello-por-merzouga-en-el-desierto-de-erg-chebbi\/","og_locale":"es_ES","og_type":"article","og_title":"Paseo en camello por Merzouga en el desierto de Erg Chebbi","og_description":"Descripci\u00f3n general: Descubra la magia del Sahara con un inolvidable paseo en camello en Merzouga, ubicado entre las ic\u00f3nicas dunas de arena de Erg Chebbi. Esta experiencia en camello de una hora es perfecta para los viajeros que quieran disfrutar de la esencia del desierto marroqu\u00ed en poco tiempo. Montando un camello tranquilo y bien [&hellip;]","og_url":"https:\/\/www.culturaltravelmorocco.com\/es\/producto\/paseo-en-camello-por-merzouga-en-el-desierto-de-erg-chebbi\/","og_site_name":"Cultural Travel Morocco","article_modified_time":"2026-01-11T15:47:14+00:00","og_image":[{"width":1200,"height":1000,"url":"https:\/\/www.culturaltravelmorocco.com\/wp-content\/uploads\/2026\/01\/17-2.webp","type":"image\/webp"}],"twitter_card":"summary_large_image","twitter_misc":{"Tiempo de lectura":"2 minutos"},"schema":{"@context":"https:\/\/schema.org","@graph":[{"@type":"WebPage","@id":"https:\/\/www.culturaltravelmorocco.com\/es\/producto\/paseo-en-camello-por-merzouga-en-el-desierto-de-erg-chebbi\/","url":"https:\/\/www.culturaltravelmorocco.com\/es\/producto\/paseo-en-camello-por-merzouga-en-el-desierto-de-erg-chebbi\/","name":"Paseo en camello por Merzouga en el desierto de Erg Chebbi - Cultural Travel Morocco","isPartOf":{"@id":"https:\/\/www.culturaltravelmorocco.com\/es\/#website"},"primaryImageOfPage":{"@id":"https:\/\/www.culturaltravelmorocco.com\/es\/producto\/paseo-en-camello-por-merzouga-en-el-desierto-de-erg-chebbi\/#primaryimage"},"image":{"@id":"https:\/\/www.culturaltravelmorocco.com\/es\/producto\/paseo-en-camello-por-merzouga-en-el-desierto-de-erg-chebbi\/#primaryimage"},"thumbnailUrl":"https:\/\/www.culturaltravelmorocco.com\/wp-content\/uploads\/2026\/01\/17-2.webp","datePublished":"2026-01-10T12:20:40+00:00","dateModified":"2026-01-11T15:47:14+00:00","breadcrumb":{"@id":"https:\/\/www.culturaltravelmorocco.com\/es\/producto\/paseo-en-camello-por-merzouga-en-el-desierto-de-erg-chebbi\/#breadcrumb"},"inLanguage":"es","potentialAction":[{"@type":"ReadAction","target":["https:\/\/www.culturaltravelmorocco.com\/es\/producto\/paseo-en-camello-por-merzouga-en-el-desierto-de-erg-chebbi\/"]}]},{"@type":"ImageObject","inLanguage":"es","@id":"https:\/\/www.culturaltravelmorocco.com\/es\/producto\/paseo-en-camello-por-merzouga-en-el-desierto-de-erg-chebbi\/#primaryimage","url":"https:\/\/www.culturaltravelmorocco.com\/wp-content\/uploads\/2026\/01\/17-2.webp","contentUrl":"https:\/\/www.culturaltravelmorocco.com\/wp-content\/uploads\/2026\/01\/17-2.webp","width":1200,"height":1000},{"@type":"BreadcrumbList","@id":"https:\/\/www.culturaltravelmorocco.com\/es\/producto\/paseo-en-camello-por-merzouga-en-el-desierto-de-erg-chebbi\/#breadcrumb","itemListElement":[{"@type":"ListItem","position":1,"name":"Inicio","item":"https:\/\/maroon-guanaco-577987.hostingersite.com\/"},{"@type":"ListItem","position":2,"name":"Productos","item":"https:\/\/www.culturaltravelmorocco.com\/es\/shop\/"},{"@type":"ListItem","position":3,"name":"Paseo en camello por Merzouga en el desierto de Erg Chebbi"}]},{"@type":"WebSite","@id":"https:\/\/www.culturaltravelmorocco.com\/es\/#website","url":"https:\/\/www.culturaltravelmorocco.com\/es\/","name":"Cultural Travel Morocco","description":"","potentialAction":[{"@type":"SearchAction","target":{"@type":"EntryPoint","urlTemplate":"https:\/\/www.culturaltravelmorocco.com\/es\/?s={search_term_string}"},"query-input":{"@type":"PropertyValueSpecification","valueRequired":true,"valueName":"search_term_string"}}],"inLanguage":"es"}]}},"_links":{"self":[{"href":"https:\/\/www.culturaltravelmorocco.com\/es\/wp-json\/wp\/v2\/product\/10417","targetHints":{"allow":["GET"]}}],"collection":[{"href":"https:\/\/www.culturaltravelmorocco.com\/es\/wp-json\/wp\/v2\/product"}],"about":[{"href":"https:\/\/www.culturaltravelmorocco.com\/es\/wp-json\/wp\/v2\/types\/product"}],"replies":[{"embeddable":true,"href":"https:\/\/www.culturaltravelmorocco.com\/es\/wp-json\/wp\/v2\/comments?post=10417"}],"wp:featuredmedia":[{"embeddable":true,"href":"https:\/\/www.culturaltravelmorocco.com\/es\/wp-json\/wp\/v2\/media\/10418"}],"wp:attachment":[{"href":"https:\/\/www.culturaltravelmorocco.com\/es\/wp-json\/wp\/v2\/media?parent=10417"}],"wp:term":[{"taxonomy":"product_brand","embeddable":true,"href":"https:\/\/www.culturaltravelmorocco.com\/es\/wp-json\/wp\/v2\/product_brand?post=10417"},{"taxonomy":"product_cat","embeddable":true,"href":"https:\/\/www.culturaltravelmorocco.com\/es\/wp-json\/wp\/v2\/product_cat?post=10417"},{"taxonomy":"product_tag","embeddable":true,"href":"https:\/\/www.culturaltravelmorocco.com\/es\/wp-json\/wp\/v2\/product_tag?post=10417"}],"curies":[{"name":"wp","href":"https:\/\/api.w.org\/{rel}","templated":true}]}}