{"id":10451,"date":"2026-01-10T12:20:37","date_gmt":"2026-01-10T12:20:37","guid":{"rendered":"https:\/\/culturaltravelmorocco.com\/product\/essaouira-coastal-day-trip\/"},"modified":"2026-01-11T16:00:44","modified_gmt":"2026-01-11T16:00:44","slug":"excursion-de-un-dia-a-la-costa-de-essaouira","status":"publish","type":"product","link":"https:\/\/www.culturaltravelmorocco.com\/es\/producto\/excursion-de-un-dia-a-la-costa-de-essaouira\/","title":{"rendered":"Excursi\u00f3n de un d\u00eda a la costa de Essaouira"},"content":{"rendered":"<h2>Descripci\u00f3n general:<\/h2>\n<p data-start=\"522\" data-end=\"874\">Sobre las 8 de la ma\u00f1ana, le recogeremos en su riad u hotel de Marrakech para dirigirnos a la ciudad costera de Esauira. Llegaremos en aproximadamente dos horas y media. Esta ciudad amurallada cuenta con un vibrante puerto y una hermosa playa. Explore la medina, repleta de puestos de artesan\u00eda, donde la plater\u00eda destaca por su variedad y calidad. Podr\u00e1 disfrutar de una fant\u00e1stica comida de marisco en el puerto o degustar un plato tradicional marroqu\u00ed. Por la tarde, regreso a Marrakech tras un relajante d\u00eda junto al mar.<\/p>\n","protected":false},"excerpt":{"rendered":"<p>Descripci\u00f3n general: Sobre las 8 de la ma\u00f1ana, le recogeremos en su riad u hotel de Marrakech para dirigirnos a la ciudad costera de Esauira. Llegaremos en aproximadamente dos horas y media. Esta ciudad amurallada cuenta con un vibrante puerto y una hermosa playa. Explore la medina, repleta de puestos de artesan\u00eda, donde la plater\u00eda [&hellip;]<\/p>\n","protected":false},"featured_media":10452,"comment_status":"closed","ping_status":"closed","template":"","meta":{"_joinchat":[]},"product_brand":[],"product_cat":[81,79],"product_tag":[],"class_list":{"0":"post-10451","1":"product","2":"type-product","3":"status-publish","4":"has-post-thumbnail","6":"product_cat-excursion-de-un-dia-desde-marrakech","7":"product_cat-excursiones-de-un-dia","9":"first","10":"instock","11":"purchasable","12":"product-type-ovabrw_car_rental"},"yoast_head":"<!-- This site is optimized with the Yoast SEO Premium plugin v25.0 (Yoast SEO v25.0) - https:\/\/yoast.com\/wordpress\/plugins\/seo\/ -->\n<title>Excursi\u00f3n de un d\u00eda a la costa de Essaouira - Cultural Travel Morocco<\/title>\n<meta name=\"robots\" content=\"index, follow, max-snippet:-1, max-image-preview:large, max-video-preview:-1\" \/>\n<link rel=\"canonical\" href=\"https:\/\/www.culturaltravelmorocco.com\/es\/producto\/excursion-de-un-dia-a-la-costa-de-essaouira\/\" \/>\n<meta property=\"og:locale\" content=\"es_ES\" \/>\n<meta property=\"og:type\" content=\"article\" \/>\n<meta property=\"og:title\" content=\"Excursi\u00f3n de un d\u00eda a la costa de Essaouira\" \/>\n<meta property=\"og:description\" content=\"Descripci\u00f3n general: Sobre las 8 de la ma\u00f1ana, le recogeremos en su riad u hotel de Marrakech para dirigirnos a la ciudad costera de Esauira. Llegaremos en aproximadamente dos horas y media. Esta ciudad amurallada cuenta con un vibrante puerto y una hermosa playa. Explore la medina, repleta de puestos de artesan\u00eda, donde la plater\u00eda [&hellip;]\" \/>\n<meta property=\"og:url\" content=\"https:\/\/www.culturaltravelmorocco.com\/es\/producto\/excursion-de-un-dia-a-la-costa-de-essaouira\/\" \/>\n<meta property=\"og:site_name\" content=\"Cultural Travel Morocco\" \/>\n<meta property=\"article:modified_time\" content=\"2026-01-11T16:00:44+00:00\" \/>\n<meta property=\"og:image\" content=\"https:\/\/www.culturaltravelmorocco.com\/wp-content\/uploads\/2026\/01\/1-11.webp\" \/>\n\t<meta property=\"og:image:width\" content=\"1200\" \/>\n\t<meta property=\"og:image:height\" content=\"1000\" \/>\n\t<meta property=\"og:image:type\" content=\"image\/webp\" \/>\n<meta name=\"twitter:card\" content=\"summary_large_image\" \/>\n<meta name=\"twitter:label1\" content=\"Tiempo de lectura\" \/>\n\t<meta name=\"twitter:data1\" content=\"1 minuto\" \/>\n<script type=\"application\/ld+json\" class=\"yoast-schema-graph\">{\"@context\":\"https:\/\/schema.org\",\"@graph\":[{\"@type\":\"WebPage\",\"@id\":\"https:\/\/www.culturaltravelmorocco.com\/es\/producto\/excursion-de-un-dia-a-la-costa-de-essaouira\/\",\"url\":\"https:\/\/www.culturaltravelmorocco.com\/es\/producto\/excursion-de-un-dia-a-la-costa-de-essaouira\/\",\"name\":\"Excursi\u00f3n de un d\u00eda a la costa de Essaouira - Cultural Travel Morocco\",\"isPartOf\":{\"@id\":\"https:\/\/www.culturaltravelmorocco.com\/es\/#website\"},\"primaryImageOfPage\":{\"@id\":\"https:\/\/www.culturaltravelmorocco.com\/es\/producto\/excursion-de-un-dia-a-la-costa-de-essaouira\/#primaryimage\"},\"image\":{\"@id\":\"https:\/\/www.culturaltravelmorocco.com\/es\/producto\/excursion-de-un-dia-a-la-costa-de-essaouira\/#primaryimage\"},\"thumbnailUrl\":\"https:\/\/www.culturaltravelmorocco.com\/wp-content\/uploads\/2026\/01\/1-11.webp\",\"datePublished\":\"2026-01-10T12:20:37+00:00\",\"dateModified\":\"2026-01-11T16:00:44+00:00\",\"breadcrumb\":{\"@id\":\"https:\/\/www.culturaltravelmorocco.com\/es\/producto\/excursion-de-un-dia-a-la-costa-de-essaouira\/#breadcrumb\"},\"inLanguage\":\"es\",\"potentialAction\":[{\"@type\":\"ReadAction\",\"target\":[\"https:\/\/www.culturaltravelmorocco.com\/es\/producto\/excursion-de-un-dia-a-la-costa-de-essaouira\/\"]}]},{\"@type\":\"ImageObject\",\"inLanguage\":\"es\",\"@id\":\"https:\/\/www.culturaltravelmorocco.com\/es\/producto\/excursion-de-un-dia-a-la-costa-de-essaouira\/#primaryimage\",\"url\":\"https:\/\/www.culturaltravelmorocco.com\/wp-content\/uploads\/2026\/01\/1-11.webp\",\"contentUrl\":\"https:\/\/www.culturaltravelmorocco.com\/wp-content\/uploads\/2026\/01\/1-11.webp\",\"width\":1200,\"height\":1000},{\"@type\":\"BreadcrumbList\",\"@id\":\"https:\/\/www.culturaltravelmorocco.com\/es\/producto\/excursion-de-un-dia-a-la-costa-de-essaouira\/#breadcrumb\",\"itemListElement\":[{\"@type\":\"ListItem\",\"position\":1,\"name\":\"Inicio\",\"item\":\"https:\/\/maroon-guanaco-577987.hostingersite.com\/\"},{\"@type\":\"ListItem\",\"position\":2,\"name\":\"Productos\",\"item\":\"https:\/\/www.culturaltravelmorocco.com\/es\/shop\/\"},{\"@type\":\"ListItem\",\"position\":3,\"name\":\"Excursi\u00f3n de un d\u00eda a la costa de Essaouira\"}]},{\"@type\":\"WebSite\",\"@id\":\"https:\/\/www.culturaltravelmorocco.com\/es\/#website\",\"url\":\"https:\/\/www.culturaltravelmorocco.com\/es\/\",\"name\":\"Cultural Travel Morocco\",\"description\":\"\",\"potentialAction\":[{\"@type\":\"SearchAction\",\"target\":{\"@type\":\"EntryPoint\",\"urlTemplate\":\"https:\/\/www.culturaltravelmorocco.com\/es\/?s={search_term_string}\"},\"query-input\":{\"@type\":\"PropertyValueSpecification\",\"valueRequired\":true,\"valueName\":\"search_term_string\"}}],\"inLanguage\":\"es\"}]}<\/script>\n<!-- \/ Yoast SEO Premium plugin. -->","yoast_head_json":{"title":"Excursi\u00f3n de un d\u00eda a la costa de Essaouira - Cultural Travel Morocco","robots":{"index":"index","follow":"follow","max-snippet":"max-snippet:-1","max-image-preview":"max-image-preview:large","max-video-preview":"max-video-preview:-1"},"canonical":"https:\/\/www.culturaltravelmorocco.com\/es\/producto\/excursion-de-un-dia-a-la-costa-de-essaouira\/","og_locale":"es_ES","og_type":"article","og_title":"Excursi\u00f3n de un d\u00eda a la costa de Essaouira","og_description":"Descripci\u00f3n general: Sobre las 8 de la ma\u00f1ana, le recogeremos en su riad u hotel de Marrakech para dirigirnos a la ciudad costera de Esauira. Llegaremos en aproximadamente dos horas y media. Esta ciudad amurallada cuenta con un vibrante puerto y una hermosa playa. Explore la medina, repleta de puestos de artesan\u00eda, donde la plater\u00eda [&hellip;]","og_url":"https:\/\/www.culturaltravelmorocco.com\/es\/producto\/excursion-de-un-dia-a-la-costa-de-essaouira\/","og_site_name":"Cultural Travel Morocco","article_modified_time":"2026-01-11T16:00:44+00:00","og_image":[{"width":1200,"height":1000,"url":"https:\/\/www.culturaltravelmorocco.com\/wp-content\/uploads\/2026\/01\/1-11.webp","type":"image\/webp"}],"twitter_card":"summary_large_image","twitter_misc":{"Tiempo de lectura":"1 minuto"},"schema":{"@context":"https:\/\/schema.org","@graph":[{"@type":"WebPage","@id":"https:\/\/www.culturaltravelmorocco.com\/es\/producto\/excursion-de-un-dia-a-la-costa-de-essaouira\/","url":"https:\/\/www.culturaltravelmorocco.com\/es\/producto\/excursion-de-un-dia-a-la-costa-de-essaouira\/","name":"Excursi\u00f3n de un d\u00eda a la costa de Essaouira - Cultural Travel Morocco","isPartOf":{"@id":"https:\/\/www.culturaltravelmorocco.com\/es\/#website"},"primaryImageOfPage":{"@id":"https:\/\/www.culturaltravelmorocco.com\/es\/producto\/excursion-de-un-dia-a-la-costa-de-essaouira\/#primaryimage"},"image":{"@id":"https:\/\/www.culturaltravelmorocco.com\/es\/producto\/excursion-de-un-dia-a-la-costa-de-essaouira\/#primaryimage"},"thumbnailUrl":"https:\/\/www.culturaltravelmorocco.com\/wp-content\/uploads\/2026\/01\/1-11.webp","datePublished":"2026-01-10T12:20:37+00:00","dateModified":"2026-01-11T16:00:44+00:00","breadcrumb":{"@id":"https:\/\/www.culturaltravelmorocco.com\/es\/producto\/excursion-de-un-dia-a-la-costa-de-essaouira\/#breadcrumb"},"inLanguage":"es","potentialAction":[{"@type":"ReadAction","target":["https:\/\/www.culturaltravelmorocco.com\/es\/producto\/excursion-de-un-dia-a-la-costa-de-essaouira\/"]}]},{"@type":"ImageObject","inLanguage":"es","@id":"https:\/\/www.culturaltravelmorocco.com\/es\/producto\/excursion-de-un-dia-a-la-costa-de-essaouira\/#primaryimage","url":"https:\/\/www.culturaltravelmorocco.com\/wp-content\/uploads\/2026\/01\/1-11.webp","contentUrl":"https:\/\/www.culturaltravelmorocco.com\/wp-content\/uploads\/2026\/01\/1-11.webp","width":1200,"height":1000},{"@type":"BreadcrumbList","@id":"https:\/\/www.culturaltravelmorocco.com\/es\/producto\/excursion-de-un-dia-a-la-costa-de-essaouira\/#breadcrumb","itemListElement":[{"@type":"ListItem","position":1,"name":"Inicio","item":"https:\/\/maroon-guanaco-577987.hostingersite.com\/"},{"@type":"ListItem","position":2,"name":"Productos","item":"https:\/\/www.culturaltravelmorocco.com\/es\/shop\/"},{"@type":"ListItem","position":3,"name":"Excursi\u00f3n de un d\u00eda a la costa de Essaouira"}]},{"@type":"WebSite","@id":"https:\/\/www.culturaltravelmorocco.com\/es\/#website","url":"https:\/\/www.culturaltravelmorocco.com\/es\/","name":"Cultural Travel Morocco","description":"","potentialAction":[{"@type":"SearchAction","target":{"@type":"EntryPoint","urlTemplate":"https:\/\/www.culturaltravelmorocco.com\/es\/?s={search_term_string}"},"query-input":{"@type":"PropertyValueSpecification","valueRequired":true,"valueName":"search_term_string"}}],"inLanguage":"es"}]}},"_links":{"self":[{"href":"https:\/\/www.culturaltravelmorocco.com\/es\/wp-json\/wp\/v2\/product\/10451","targetHints":{"allow":["GET"]}}],"collection":[{"href":"https:\/\/www.culturaltravelmorocco.com\/es\/wp-json\/wp\/v2\/product"}],"about":[{"href":"https:\/\/www.culturaltravelmorocco.com\/es\/wp-json\/wp\/v2\/types\/product"}],"replies":[{"embeddable":true,"href":"https:\/\/www.culturaltravelmorocco.com\/es\/wp-json\/wp\/v2\/comments?post=10451"}],"wp:featuredmedia":[{"embeddable":true,"href":"https:\/\/www.culturaltravelmorocco.com\/es\/wp-json\/wp\/v2\/media\/10452"}],"wp:attachment":[{"href":"https:\/\/www.culturaltravelmorocco.com\/es\/wp-json\/wp\/v2\/media?parent=10451"}],"wp:term":[{"taxonomy":"product_brand","embeddable":true,"href":"https:\/\/www.culturaltravelmorocco.com\/es\/wp-json\/wp\/v2\/product_brand?post=10451"},{"taxonomy":"product_cat","embeddable":true,"href":"https:\/\/www.culturaltravelmorocco.com\/es\/wp-json\/wp\/v2\/product_cat?post=10451"},{"taxonomy":"product_tag","embeddable":true,"href":"https:\/\/www.culturaltravelmorocco.com\/es\/wp-json\/wp\/v2\/product_tag?post=10451"}],"curies":[{"name":"wp","href":"https:\/\/api.w.org\/{rel}","templated":true}]}}