{"id":10486,"date":"2026-01-10T12:20:37","date_gmt":"2026-01-10T12:20:37","guid":{"rendered":"https:\/\/culturaltravelmorocco.com\/product\/ouzoud-waterfalls-nature-trip\/"},"modified":"2026-01-11T16:09:34","modified_gmt":"2026-01-11T16:09:34","slug":"excursion-natural-a-las-cascadas-de-ouzoud","status":"publish","type":"product","link":"https:\/\/www.culturaltravelmorocco.com\/es\/producto\/excursion-natural-a-las-cascadas-de-ouzoud\/","title":{"rendered":"Excursi\u00f3n natural a las cascadas de Ouzoud"},"content":{"rendered":"<h2>Descripci\u00f3n general:<\/h2>\n<p>Saldremos sobre las 8:00 de la ma\u00f1ana, tras recogerle en su riad u hotel en Marrakech, y nos dirigiremos a las famosas cascadas de Ouzoud, situadas cerca del pueblo hom\u00f3nimo en la regi\u00f3n del Atlas Medio. Con m\u00e1s de 100 metros de altura, se consideran las cascadas m\u00e1s espectaculares y altas de Marruecos.<\/p>\n<p>Una vez all\u00ed, tendr\u00e1 tiempo para pasear por senderos pintorescos, disfrutar de diferentes miradores, dar un peque\u00f1o paseo en barca tradicional, nadar en las piscinas naturales y disfrutar de las frescas y puras aguas del r\u00edo El-Abid.<\/p>\n<p>Tambi\u00e9n podr\u00e1 degustar un plato t\u00edpico marroqu\u00ed en uno de los restaurantes locales frente a las cascadas, relajarse mientras admira las impresionantes vistas e incluso observar y alimentar a los juguetones monos de Berber\u00eda que viven en los \u00e1rboles circundantes.<\/p>\n<p>Por la tarde, regresaremos a Marrakech, tras un d\u00eda relajante en plena naturaleza, lejos del bullicio de la ciudad.<\/p>\n","protected":false},"excerpt":{"rendered":"<p>Descripci\u00f3n general: Saldremos sobre las 8:00 de la ma\u00f1ana, tras recogerle en su riad u hotel en Marrakech, y nos dirigiremos a las famosas cascadas de Ouzoud, situadas cerca del pueblo hom\u00f3nimo en la regi\u00f3n del Atlas Medio. Con m\u00e1s de 100 metros de altura, se consideran las cascadas m\u00e1s espectaculares y altas de Marruecos. [&hellip;]<\/p>\n","protected":false},"featured_media":10487,"comment_status":"closed","ping_status":"closed","template":"","meta":{"_joinchat":[]},"product_brand":[],"product_cat":[81,79],"product_tag":[],"class_list":{"0":"post-10486","1":"product","2":"type-product","3":"status-publish","4":"has-post-thumbnail","6":"product_cat-excursion-de-un-dia-desde-marrakech","7":"product_cat-excursiones-de-un-dia","9":"first","10":"instock","11":"purchasable","12":"product-type-ovabrw_car_rental"},"yoast_head":"<!-- This site is optimized with the Yoast SEO Premium plugin v25.0 (Yoast SEO v25.0) - https:\/\/yoast.com\/wordpress\/plugins\/seo\/ -->\n<title>Excursi\u00f3n natural a las cascadas de Ouzoud - Cultural Travel Morocco<\/title>\n<meta name=\"robots\" content=\"index, follow, max-snippet:-1, max-image-preview:large, max-video-preview:-1\" \/>\n<link rel=\"canonical\" href=\"https:\/\/www.culturaltravelmorocco.com\/es\/producto\/excursion-natural-a-las-cascadas-de-ouzoud\/\" \/>\n<meta property=\"og:locale\" content=\"es_ES\" \/>\n<meta property=\"og:type\" content=\"article\" \/>\n<meta property=\"og:title\" content=\"Excursi\u00f3n natural a las cascadas de Ouzoud\" \/>\n<meta property=\"og:description\" content=\"Descripci\u00f3n general: Saldremos sobre las 8:00 de la ma\u00f1ana, tras recogerle en su riad u hotel en Marrakech, y nos dirigiremos a las famosas cascadas de Ouzoud, situadas cerca del pueblo hom\u00f3nimo en la regi\u00f3n del Atlas Medio. Con m\u00e1s de 100 metros de altura, se consideran las cascadas m\u00e1s espectaculares y altas de Marruecos. [&hellip;]\" \/>\n<meta property=\"og:url\" content=\"https:\/\/www.culturaltravelmorocco.com\/es\/producto\/excursion-natural-a-las-cascadas-de-ouzoud\/\" \/>\n<meta property=\"og:site_name\" content=\"Cultural Travel Morocco\" \/>\n<meta property=\"article:modified_time\" content=\"2026-01-11T16:09:34+00:00\" \/>\n<meta property=\"og:image\" content=\"https:\/\/www.culturaltravelmorocco.com\/wp-content\/uploads\/2026\/01\/5-9-1.webp\" \/>\n\t<meta property=\"og:image:width\" content=\"1200\" \/>\n\t<meta property=\"og:image:height\" content=\"1000\" \/>\n\t<meta property=\"og:image:type\" content=\"image\/webp\" \/>\n<meta name=\"twitter:card\" content=\"summary_large_image\" \/>\n<meta name=\"twitter:label1\" content=\"Tiempo de lectura\" \/>\n\t<meta name=\"twitter:data1\" content=\"1 minuto\" \/>\n<script type=\"application\/ld+json\" class=\"yoast-schema-graph\">{\"@context\":\"https:\/\/schema.org\",\"@graph\":[{\"@type\":\"WebPage\",\"@id\":\"https:\/\/www.culturaltravelmorocco.com\/es\/producto\/excursion-natural-a-las-cascadas-de-ouzoud\/\",\"url\":\"https:\/\/www.culturaltravelmorocco.com\/es\/producto\/excursion-natural-a-las-cascadas-de-ouzoud\/\",\"name\":\"Excursi\u00f3n natural a las cascadas de Ouzoud - Cultural Travel Morocco\",\"isPartOf\":{\"@id\":\"https:\/\/www.culturaltravelmorocco.com\/es\/#website\"},\"primaryImageOfPage\":{\"@id\":\"https:\/\/www.culturaltravelmorocco.com\/es\/producto\/excursion-natural-a-las-cascadas-de-ouzoud\/#primaryimage\"},\"image\":{\"@id\":\"https:\/\/www.culturaltravelmorocco.com\/es\/producto\/excursion-natural-a-las-cascadas-de-ouzoud\/#primaryimage\"},\"thumbnailUrl\":\"https:\/\/www.culturaltravelmorocco.com\/wp-content\/uploads\/2026\/01\/5-9-1.webp\",\"datePublished\":\"2026-01-10T12:20:37+00:00\",\"dateModified\":\"2026-01-11T16:09:34+00:00\",\"breadcrumb\":{\"@id\":\"https:\/\/www.culturaltravelmorocco.com\/es\/producto\/excursion-natural-a-las-cascadas-de-ouzoud\/#breadcrumb\"},\"inLanguage\":\"es\",\"potentialAction\":[{\"@type\":\"ReadAction\",\"target\":[\"https:\/\/www.culturaltravelmorocco.com\/es\/producto\/excursion-natural-a-las-cascadas-de-ouzoud\/\"]}]},{\"@type\":\"ImageObject\",\"inLanguage\":\"es\",\"@id\":\"https:\/\/www.culturaltravelmorocco.com\/es\/producto\/excursion-natural-a-las-cascadas-de-ouzoud\/#primaryimage\",\"url\":\"https:\/\/www.culturaltravelmorocco.com\/wp-content\/uploads\/2026\/01\/5-9-1.webp\",\"contentUrl\":\"https:\/\/www.culturaltravelmorocco.com\/wp-content\/uploads\/2026\/01\/5-9-1.webp\",\"width\":1200,\"height\":1000},{\"@type\":\"BreadcrumbList\",\"@id\":\"https:\/\/www.culturaltravelmorocco.com\/es\/producto\/excursion-natural-a-las-cascadas-de-ouzoud\/#breadcrumb\",\"itemListElement\":[{\"@type\":\"ListItem\",\"position\":1,\"name\":\"Inicio\",\"item\":\"https:\/\/maroon-guanaco-577987.hostingersite.com\/\"},{\"@type\":\"ListItem\",\"position\":2,\"name\":\"Productos\",\"item\":\"https:\/\/www.culturaltravelmorocco.com\/es\/shop\/\"},{\"@type\":\"ListItem\",\"position\":3,\"name\":\"Excursi\u00f3n natural a las cascadas de Ouzoud\"}]},{\"@type\":\"WebSite\",\"@id\":\"https:\/\/www.culturaltravelmorocco.com\/es\/#website\",\"url\":\"https:\/\/www.culturaltravelmorocco.com\/es\/\",\"name\":\"Cultural Travel Morocco\",\"description\":\"\",\"potentialAction\":[{\"@type\":\"SearchAction\",\"target\":{\"@type\":\"EntryPoint\",\"urlTemplate\":\"https:\/\/www.culturaltravelmorocco.com\/es\/?s={search_term_string}\"},\"query-input\":{\"@type\":\"PropertyValueSpecification\",\"valueRequired\":true,\"valueName\":\"search_term_string\"}}],\"inLanguage\":\"es\"}]}<\/script>\n<!-- \/ Yoast SEO Premium plugin. -->","yoast_head_json":{"title":"Excursi\u00f3n natural a las cascadas de Ouzoud - Cultural Travel Morocco","robots":{"index":"index","follow":"follow","max-snippet":"max-snippet:-1","max-image-preview":"max-image-preview:large","max-video-preview":"max-video-preview:-1"},"canonical":"https:\/\/www.culturaltravelmorocco.com\/es\/producto\/excursion-natural-a-las-cascadas-de-ouzoud\/","og_locale":"es_ES","og_type":"article","og_title":"Excursi\u00f3n natural a las cascadas de Ouzoud","og_description":"Descripci\u00f3n general: Saldremos sobre las 8:00 de la ma\u00f1ana, tras recogerle en su riad u hotel en Marrakech, y nos dirigiremos a las famosas cascadas de Ouzoud, situadas cerca del pueblo hom\u00f3nimo en la regi\u00f3n del Atlas Medio. Con m\u00e1s de 100 metros de altura, se consideran las cascadas m\u00e1s espectaculares y altas de Marruecos. [&hellip;]","og_url":"https:\/\/www.culturaltravelmorocco.com\/es\/producto\/excursion-natural-a-las-cascadas-de-ouzoud\/","og_site_name":"Cultural Travel Morocco","article_modified_time":"2026-01-11T16:09:34+00:00","og_image":[{"width":1200,"height":1000,"url":"https:\/\/www.culturaltravelmorocco.com\/wp-content\/uploads\/2026\/01\/5-9-1.webp","type":"image\/webp"}],"twitter_card":"summary_large_image","twitter_misc":{"Tiempo de lectura":"1 minuto"},"schema":{"@context":"https:\/\/schema.org","@graph":[{"@type":"WebPage","@id":"https:\/\/www.culturaltravelmorocco.com\/es\/producto\/excursion-natural-a-las-cascadas-de-ouzoud\/","url":"https:\/\/www.culturaltravelmorocco.com\/es\/producto\/excursion-natural-a-las-cascadas-de-ouzoud\/","name":"Excursi\u00f3n natural a las cascadas de Ouzoud - Cultural Travel Morocco","isPartOf":{"@id":"https:\/\/www.culturaltravelmorocco.com\/es\/#website"},"primaryImageOfPage":{"@id":"https:\/\/www.culturaltravelmorocco.com\/es\/producto\/excursion-natural-a-las-cascadas-de-ouzoud\/#primaryimage"},"image":{"@id":"https:\/\/www.culturaltravelmorocco.com\/es\/producto\/excursion-natural-a-las-cascadas-de-ouzoud\/#primaryimage"},"thumbnailUrl":"https:\/\/www.culturaltravelmorocco.com\/wp-content\/uploads\/2026\/01\/5-9-1.webp","datePublished":"2026-01-10T12:20:37+00:00","dateModified":"2026-01-11T16:09:34+00:00","breadcrumb":{"@id":"https:\/\/www.culturaltravelmorocco.com\/es\/producto\/excursion-natural-a-las-cascadas-de-ouzoud\/#breadcrumb"},"inLanguage":"es","potentialAction":[{"@type":"ReadAction","target":["https:\/\/www.culturaltravelmorocco.com\/es\/producto\/excursion-natural-a-las-cascadas-de-ouzoud\/"]}]},{"@type":"ImageObject","inLanguage":"es","@id":"https:\/\/www.culturaltravelmorocco.com\/es\/producto\/excursion-natural-a-las-cascadas-de-ouzoud\/#primaryimage","url":"https:\/\/www.culturaltravelmorocco.com\/wp-content\/uploads\/2026\/01\/5-9-1.webp","contentUrl":"https:\/\/www.culturaltravelmorocco.com\/wp-content\/uploads\/2026\/01\/5-9-1.webp","width":1200,"height":1000},{"@type":"BreadcrumbList","@id":"https:\/\/www.culturaltravelmorocco.com\/es\/producto\/excursion-natural-a-las-cascadas-de-ouzoud\/#breadcrumb","itemListElement":[{"@type":"ListItem","position":1,"name":"Inicio","item":"https:\/\/maroon-guanaco-577987.hostingersite.com\/"},{"@type":"ListItem","position":2,"name":"Productos","item":"https:\/\/www.culturaltravelmorocco.com\/es\/shop\/"},{"@type":"ListItem","position":3,"name":"Excursi\u00f3n natural a las cascadas de Ouzoud"}]},{"@type":"WebSite","@id":"https:\/\/www.culturaltravelmorocco.com\/es\/#website","url":"https:\/\/www.culturaltravelmorocco.com\/es\/","name":"Cultural Travel Morocco","description":"","potentialAction":[{"@type":"SearchAction","target":{"@type":"EntryPoint","urlTemplate":"https:\/\/www.culturaltravelmorocco.com\/es\/?s={search_term_string}"},"query-input":{"@type":"PropertyValueSpecification","valueRequired":true,"valueName":"search_term_string"}}],"inLanguage":"es"}]}},"_links":{"self":[{"href":"https:\/\/www.culturaltravelmorocco.com\/es\/wp-json\/wp\/v2\/product\/10486","targetHints":{"allow":["GET"]}}],"collection":[{"href":"https:\/\/www.culturaltravelmorocco.com\/es\/wp-json\/wp\/v2\/product"}],"about":[{"href":"https:\/\/www.culturaltravelmorocco.com\/es\/wp-json\/wp\/v2\/types\/product"}],"replies":[{"embeddable":true,"href":"https:\/\/www.culturaltravelmorocco.com\/es\/wp-json\/wp\/v2\/comments?post=10486"}],"wp:featuredmedia":[{"embeddable":true,"href":"https:\/\/www.culturaltravelmorocco.com\/es\/wp-json\/wp\/v2\/media\/10487"}],"wp:attachment":[{"href":"https:\/\/www.culturaltravelmorocco.com\/es\/wp-json\/wp\/v2\/media?parent=10486"}],"wp:term":[{"taxonomy":"product_brand","embeddable":true,"href":"https:\/\/www.culturaltravelmorocco.com\/es\/wp-json\/wp\/v2\/product_brand?post=10486"},{"taxonomy":"product_cat","embeddable":true,"href":"https:\/\/www.culturaltravelmorocco.com\/es\/wp-json\/wp\/v2\/product_cat?post=10486"},{"taxonomy":"product_tag","embeddable":true,"href":"https:\/\/www.culturaltravelmorocco.com\/es\/wp-json\/wp\/v2\/product_tag?post=10486"}],"curies":[{"name":"wp","href":"https:\/\/api.w.org\/{rel}","templated":true}]}}