{"id":10512,"date":"2026-01-10T12:20:37","date_gmt":"2026-01-10T12:20:37","guid":{"rendered":"https:\/\/culturaltravelmorocco.com\/product\/16-day-grand-morocco-tour-from-tangier-to-casablanca\/"},"modified":"2026-01-11T16:45:11","modified_gmt":"2026-01-11T16:45:11","slug":"gran-tour-de-16-dias-por-marruecos-desde-tanger-a-casablanca","status":"publish","type":"product","link":"https:\/\/www.culturaltravelmorocco.com\/es\/producto\/gran-tour-de-16-dias-por-marruecos-desde-tanger-a-casablanca\/","title":{"rendered":"Gran tour de 16 d\u00edas por Marruecos desde T\u00e1nger a Casablanca"},"content":{"rendered":"<h2>Descripci\u00f3n general:<\/h2>\n<p>Este tour de 16 d\u00edas por Marruecos, desde T\u00e1nger hasta Casablanca, es uno de los viajes m\u00e1s completos de nuestra colecci\u00f3n, dise\u00f1ado para viajeros que desean experimentar todo lo que Marruecos ofrece sin renunciar a nada. El itinerario combina descubrimiento cultural, exploraci\u00f3n natural y la aut\u00e9ntica vida local, combinando visitas guiadas con tiempo libre para compras, relajaci\u00f3n y actividades personales. Desde vibrantes ciudades hasta pueblos remotos, y desde pintorescos parques hasta profundos paisajes des\u00e9rticos explorados en veh\u00edculos 4\u00d74 y paseos en camello, este tour ofrece un ritmo perfectamente equilibrado que le permitir\u00e1 disfrutar de cada destino con tranquilidad.<\/p>\n<p>A lo largo del viaje, explorar\u00e1 una excepcional concentraci\u00f3n de sitios declarados Patrimonio de la Humanidad por la UNESCO, como Marrakech, Fez, Mequinez, Rabat, Esauira, Volubilis, Tetu\u00e1n y Ait Ben Haddou, junto con encantadoras ciudades como Chefchaouen, Arcila, Rissani y Ouarzazate. La naturaleza se revela en una variedad impresionante: las dunas doradas de Erg Chebbi, los oasis de palmeras del valle del Dades, las espectaculares gargantas del Todra, los picos nevados del Alto Atlas, los bosques de cedros del Atlas Medio, las playas atl\u00e1nticas y los vastos campos de arg\u00e1n. Viajando c\u00f3modamente por carretera durante 16 d\u00edas y 15 noches, este magn\u00edfico itinerario de norte a sur ofrece una experiencia marroqu\u00ed profunda, inmersiva e inolvidable, que culmina en Casablanca tras descubrir el pa\u00eds en su m\u00e1xima expresi\u00f3n.<\/p>\n","protected":false},"excerpt":{"rendered":"<p>Descripci\u00f3n general: Este tour de 16 d\u00edas por Marruecos, desde T\u00e1nger hasta Casablanca, es uno de los viajes m\u00e1s completos de nuestra colecci\u00f3n, dise\u00f1ado para viajeros que desean experimentar todo lo que Marruecos ofrece sin renunciar a nada. El itinerario combina descubrimiento cultural, exploraci\u00f3n natural y la aut\u00e9ntica vida local, combinando visitas guiadas con tiempo [&hellip;]<\/p>\n","protected":false},"featured_media":10513,"comment_status":"closed","ping_status":"closed","template":"","meta":{"_joinchat":[]},"product_brand":[],"product_cat":[86],"product_tag":[],"class_list":{"0":"post-10512","1":"product","2":"type-product","3":"status-publish","4":"has-post-thumbnail","6":"brw_tour_types-beaches","7":"brw_tour_types-culture","8":"brw_tour_types-family","9":"product_cat-tours-desde-tanger","11":"first","12":"instock","13":"purchasable","14":"product-type-ovabrw_car_rental"},"yoast_head":"<!-- This site is optimized with the Yoast SEO Premium plugin v25.0 (Yoast SEO v25.0) - https:\/\/yoast.com\/wordpress\/plugins\/seo\/ -->\n<title>Gran tour de 16 d\u00edas por Marruecos desde T\u00e1nger a Casablanca - Cultural Travel Morocco<\/title>\n<meta name=\"robots\" content=\"index, follow, max-snippet:-1, max-image-preview:large, max-video-preview:-1\" \/>\n<link rel=\"canonical\" href=\"https:\/\/www.culturaltravelmorocco.com\/es\/producto\/gran-tour-de-16-dias-por-marruecos-desde-tanger-a-casablanca\/\" \/>\n<meta property=\"og:locale\" content=\"es_ES\" \/>\n<meta property=\"og:type\" content=\"article\" \/>\n<meta property=\"og:title\" content=\"Gran tour de 16 d\u00edas por Marruecos desde T\u00e1nger a Casablanca\" \/>\n<meta property=\"og:description\" content=\"Descripci\u00f3n general: Este tour de 16 d\u00edas por Marruecos, desde T\u00e1nger hasta Casablanca, es uno de los viajes m\u00e1s completos de nuestra colecci\u00f3n, dise\u00f1ado para viajeros que desean experimentar todo lo que Marruecos ofrece sin renunciar a nada. El itinerario combina descubrimiento cultural, exploraci\u00f3n natural y la aut\u00e9ntica vida local, combinando visitas guiadas con tiempo [&hellip;]\" \/>\n<meta property=\"og:url\" content=\"https:\/\/www.culturaltravelmorocco.com\/es\/producto\/gran-tour-de-16-dias-por-marruecos-desde-tanger-a-casablanca\/\" \/>\n<meta property=\"og:site_name\" content=\"Cultural Travel Morocco\" \/>\n<meta property=\"article:modified_time\" content=\"2026-01-11T16:45:11+00:00\" \/>\n<meta property=\"og:image\" content=\"https:\/\/www.culturaltravelmorocco.com\/wp-content\/uploads\/2026\/01\/2-8-1.webp\" \/>\n\t<meta property=\"og:image:width\" content=\"1200\" \/>\n\t<meta property=\"og:image:height\" content=\"1000\" \/>\n\t<meta property=\"og:image:type\" content=\"image\/webp\" \/>\n<meta name=\"twitter:card\" content=\"summary_large_image\" \/>\n<meta name=\"twitter:label1\" content=\"Tiempo de lectura\" \/>\n\t<meta name=\"twitter:data1\" content=\"2 minutos\" \/>\n<script type=\"application\/ld+json\" class=\"yoast-schema-graph\">{\"@context\":\"https:\/\/schema.org\",\"@graph\":[{\"@type\":\"WebPage\",\"@id\":\"https:\/\/www.culturaltravelmorocco.com\/es\/producto\/gran-tour-de-16-dias-por-marruecos-desde-tanger-a-casablanca\/\",\"url\":\"https:\/\/www.culturaltravelmorocco.com\/es\/producto\/gran-tour-de-16-dias-por-marruecos-desde-tanger-a-casablanca\/\",\"name\":\"Gran tour de 16 d\u00edas por Marruecos desde T\u00e1nger a Casablanca - Cultural Travel Morocco\",\"isPartOf\":{\"@id\":\"https:\/\/www.culturaltravelmorocco.com\/es\/#website\"},\"primaryImageOfPage\":{\"@id\":\"https:\/\/www.culturaltravelmorocco.com\/es\/producto\/gran-tour-de-16-dias-por-marruecos-desde-tanger-a-casablanca\/#primaryimage\"},\"image\":{\"@id\":\"https:\/\/www.culturaltravelmorocco.com\/es\/producto\/gran-tour-de-16-dias-por-marruecos-desde-tanger-a-casablanca\/#primaryimage\"},\"thumbnailUrl\":\"https:\/\/www.culturaltravelmorocco.com\/wp-content\/uploads\/2026\/01\/2-8-1.webp\",\"datePublished\":\"2026-01-10T12:20:37+00:00\",\"dateModified\":\"2026-01-11T16:45:11+00:00\",\"breadcrumb\":{\"@id\":\"https:\/\/www.culturaltravelmorocco.com\/es\/producto\/gran-tour-de-16-dias-por-marruecos-desde-tanger-a-casablanca\/#breadcrumb\"},\"inLanguage\":\"es\",\"potentialAction\":[{\"@type\":\"ReadAction\",\"target\":[\"https:\/\/www.culturaltravelmorocco.com\/es\/producto\/gran-tour-de-16-dias-por-marruecos-desde-tanger-a-casablanca\/\"]}]},{\"@type\":\"ImageObject\",\"inLanguage\":\"es\",\"@id\":\"https:\/\/www.culturaltravelmorocco.com\/es\/producto\/gran-tour-de-16-dias-por-marruecos-desde-tanger-a-casablanca\/#primaryimage\",\"url\":\"https:\/\/www.culturaltravelmorocco.com\/wp-content\/uploads\/2026\/01\/2-8-1.webp\",\"contentUrl\":\"https:\/\/www.culturaltravelmorocco.com\/wp-content\/uploads\/2026\/01\/2-8-1.webp\",\"width\":1200,\"height\":1000},{\"@type\":\"BreadcrumbList\",\"@id\":\"https:\/\/www.culturaltravelmorocco.com\/es\/producto\/gran-tour-de-16-dias-por-marruecos-desde-tanger-a-casablanca\/#breadcrumb\",\"itemListElement\":[{\"@type\":\"ListItem\",\"position\":1,\"name\":\"Inicio\",\"item\":\"https:\/\/maroon-guanaco-577987.hostingersite.com\/\"},{\"@type\":\"ListItem\",\"position\":2,\"name\":\"Productos\",\"item\":\"https:\/\/www.culturaltravelmorocco.com\/es\/shop\/\"},{\"@type\":\"ListItem\",\"position\":3,\"name\":\"Gran tour de 16 d\u00edas por Marruecos desde T\u00e1nger a Casablanca\"}]},{\"@type\":\"WebSite\",\"@id\":\"https:\/\/www.culturaltravelmorocco.com\/es\/#website\",\"url\":\"https:\/\/www.culturaltravelmorocco.com\/es\/\",\"name\":\"Cultural Travel Morocco\",\"description\":\"\",\"potentialAction\":[{\"@type\":\"SearchAction\",\"target\":{\"@type\":\"EntryPoint\",\"urlTemplate\":\"https:\/\/www.culturaltravelmorocco.com\/es\/?s={search_term_string}\"},\"query-input\":{\"@type\":\"PropertyValueSpecification\",\"valueRequired\":true,\"valueName\":\"search_term_string\"}}],\"inLanguage\":\"es\"}]}<\/script>\n<!-- \/ Yoast SEO Premium plugin. -->","yoast_head_json":{"title":"Gran tour de 16 d\u00edas por Marruecos desde T\u00e1nger a Casablanca - Cultural Travel Morocco","robots":{"index":"index","follow":"follow","max-snippet":"max-snippet:-1","max-image-preview":"max-image-preview:large","max-video-preview":"max-video-preview:-1"},"canonical":"https:\/\/www.culturaltravelmorocco.com\/es\/producto\/gran-tour-de-16-dias-por-marruecos-desde-tanger-a-casablanca\/","og_locale":"es_ES","og_type":"article","og_title":"Gran tour de 16 d\u00edas por Marruecos desde T\u00e1nger a Casablanca","og_description":"Descripci\u00f3n general: Este tour de 16 d\u00edas por Marruecos, desde T\u00e1nger hasta Casablanca, es uno de los viajes m\u00e1s completos de nuestra colecci\u00f3n, dise\u00f1ado para viajeros que desean experimentar todo lo que Marruecos ofrece sin renunciar a nada. El itinerario combina descubrimiento cultural, exploraci\u00f3n natural y la aut\u00e9ntica vida local, combinando visitas guiadas con tiempo [&hellip;]","og_url":"https:\/\/www.culturaltravelmorocco.com\/es\/producto\/gran-tour-de-16-dias-por-marruecos-desde-tanger-a-casablanca\/","og_site_name":"Cultural Travel Morocco","article_modified_time":"2026-01-11T16:45:11+00:00","og_image":[{"width":1200,"height":1000,"url":"https:\/\/www.culturaltravelmorocco.com\/wp-content\/uploads\/2026\/01\/2-8-1.webp","type":"image\/webp"}],"twitter_card":"summary_large_image","twitter_misc":{"Tiempo de lectura":"2 minutos"},"schema":{"@context":"https:\/\/schema.org","@graph":[{"@type":"WebPage","@id":"https:\/\/www.culturaltravelmorocco.com\/es\/producto\/gran-tour-de-16-dias-por-marruecos-desde-tanger-a-casablanca\/","url":"https:\/\/www.culturaltravelmorocco.com\/es\/producto\/gran-tour-de-16-dias-por-marruecos-desde-tanger-a-casablanca\/","name":"Gran tour de 16 d\u00edas por Marruecos desde T\u00e1nger a Casablanca - Cultural Travel Morocco","isPartOf":{"@id":"https:\/\/www.culturaltravelmorocco.com\/es\/#website"},"primaryImageOfPage":{"@id":"https:\/\/www.culturaltravelmorocco.com\/es\/producto\/gran-tour-de-16-dias-por-marruecos-desde-tanger-a-casablanca\/#primaryimage"},"image":{"@id":"https:\/\/www.culturaltravelmorocco.com\/es\/producto\/gran-tour-de-16-dias-por-marruecos-desde-tanger-a-casablanca\/#primaryimage"},"thumbnailUrl":"https:\/\/www.culturaltravelmorocco.com\/wp-content\/uploads\/2026\/01\/2-8-1.webp","datePublished":"2026-01-10T12:20:37+00:00","dateModified":"2026-01-11T16:45:11+00:00","breadcrumb":{"@id":"https:\/\/www.culturaltravelmorocco.com\/es\/producto\/gran-tour-de-16-dias-por-marruecos-desde-tanger-a-casablanca\/#breadcrumb"},"inLanguage":"es","potentialAction":[{"@type":"ReadAction","target":["https:\/\/www.culturaltravelmorocco.com\/es\/producto\/gran-tour-de-16-dias-por-marruecos-desde-tanger-a-casablanca\/"]}]},{"@type":"ImageObject","inLanguage":"es","@id":"https:\/\/www.culturaltravelmorocco.com\/es\/producto\/gran-tour-de-16-dias-por-marruecos-desde-tanger-a-casablanca\/#primaryimage","url":"https:\/\/www.culturaltravelmorocco.com\/wp-content\/uploads\/2026\/01\/2-8-1.webp","contentUrl":"https:\/\/www.culturaltravelmorocco.com\/wp-content\/uploads\/2026\/01\/2-8-1.webp","width":1200,"height":1000},{"@type":"BreadcrumbList","@id":"https:\/\/www.culturaltravelmorocco.com\/es\/producto\/gran-tour-de-16-dias-por-marruecos-desde-tanger-a-casablanca\/#breadcrumb","itemListElement":[{"@type":"ListItem","position":1,"name":"Inicio","item":"https:\/\/maroon-guanaco-577987.hostingersite.com\/"},{"@type":"ListItem","position":2,"name":"Productos","item":"https:\/\/www.culturaltravelmorocco.com\/es\/shop\/"},{"@type":"ListItem","position":3,"name":"Gran tour de 16 d\u00edas por Marruecos desde T\u00e1nger a Casablanca"}]},{"@type":"WebSite","@id":"https:\/\/www.culturaltravelmorocco.com\/es\/#website","url":"https:\/\/www.culturaltravelmorocco.com\/es\/","name":"Cultural Travel Morocco","description":"","potentialAction":[{"@type":"SearchAction","target":{"@type":"EntryPoint","urlTemplate":"https:\/\/www.culturaltravelmorocco.com\/es\/?s={search_term_string}"},"query-input":{"@type":"PropertyValueSpecification","valueRequired":true,"valueName":"search_term_string"}}],"inLanguage":"es"}]}},"_links":{"self":[{"href":"https:\/\/www.culturaltravelmorocco.com\/es\/wp-json\/wp\/v2\/product\/10512","targetHints":{"allow":["GET"]}}],"collection":[{"href":"https:\/\/www.culturaltravelmorocco.com\/es\/wp-json\/wp\/v2\/product"}],"about":[{"href":"https:\/\/www.culturaltravelmorocco.com\/es\/wp-json\/wp\/v2\/types\/product"}],"replies":[{"embeddable":true,"href":"https:\/\/www.culturaltravelmorocco.com\/es\/wp-json\/wp\/v2\/comments?post=10512"}],"wp:featuredmedia":[{"embeddable":true,"href":"https:\/\/www.culturaltravelmorocco.com\/es\/wp-json\/wp\/v2\/media\/10513"}],"wp:attachment":[{"href":"https:\/\/www.culturaltravelmorocco.com\/es\/wp-json\/wp\/v2\/media?parent=10512"}],"wp:term":[{"taxonomy":"product_brand","embeddable":true,"href":"https:\/\/www.culturaltravelmorocco.com\/es\/wp-json\/wp\/v2\/product_brand?post=10512"},{"taxonomy":"product_cat","embeddable":true,"href":"https:\/\/www.culturaltravelmorocco.com\/es\/wp-json\/wp\/v2\/product_cat?post=10512"},{"taxonomy":"product_tag","embeddable":true,"href":"https:\/\/www.culturaltravelmorocco.com\/es\/wp-json\/wp\/v2\/product_tag?post=10512"}],"curies":[{"name":"wp","href":"https:\/\/api.w.org\/{rel}","templated":true}]}}