{"id":10588,"date":"2026-01-10T12:20:37","date_gmt":"2026-01-10T12:20:37","guid":{"rendered":"https:\/\/culturaltravelmorocco.com\/product\/10-day-morocco-tour-from-tangier-to-marrakech\/"},"modified":"2026-01-11T17:17:53","modified_gmt":"2026-01-11T17:17:53","slug":"tour-de-10-dias-por-marruecos-desde-tanger-a-marrakech","status":"publish","type":"product","link":"https:\/\/www.culturaltravelmorocco.com\/es\/producto\/tour-de-10-dias-por-marruecos-desde-tanger-a-marrakech\/","title":{"rendered":"Tour de 10 d\u00edas por Marruecos desde T\u00e1nger a Marrakech"},"content":{"rendered":"<h2>Descripci\u00f3n general:<\/h2>\n<p>Este tour de 10 d\u00edas por Marruecos, de T\u00e1nger a Marrakech, ofrece un viaje excepcional a trav\u00e9s de los contrastes m\u00e1s impactantes del pa\u00eds, desde la costa mediterr\u00e1nea hasta el oc\u00e9ano Atl\u00e1ntico, y desde los frondosos bosques de monta\u00f1a hasta el vasto desierto del S\u00e1hara. Con inicio en T\u00e1nger, en la puerta de entrada entre Europa y \u00c1frica, el itinerario te lleva a trav\u00e9s de la cordillera del Rif, el Atlas Medio y el Alto Atlas, revelando paisajes en constante evoluci\u00f3n de valles, oasis y espectaculares gargantas rocosas. El punto culminante de la ruta sur es el desierto de Merzouga, donde las dunas doradas de Erg Chebbi crean uno de los espect\u00e1culos naturales m\u00e1s inolvidables de Marruecos.<\/p>\n<p>La cultura y la historia son igualmente fundamentales en este viaje. El tour incluye tres ciudades imperiales: Fez, Meknes y Marrakech, todas ellas declaradas Patrimonio de la Humanidad por la UNESCO, junto con otras ciudades destacadas como Tetu\u00e1n, Ait Ben Haddou y Esauira. Adem\u00e1s, pueblos aut\u00e9nticos como Chefchaouen, Rissani y Khamlia ofrecen encuentros significativos con la vida local, la artesan\u00eda tradicional, la m\u00fasica y las costumbres ancestrales. Viajando c\u00f3modamente por carretera durante 10 d\u00edas y 9 noches, con experiencias especiales en el desierto a trav\u00e9s de dunas y senderos, este itinerario ofrece un descubrimiento completo e inmersivo de Marruecos, combinando naturaleza, patrimonio y aut\u00e9nticos encuentros culturales.<\/p>\n","protected":false},"excerpt":{"rendered":"<p>Descripci\u00f3n general: Este tour de 10 d\u00edas por Marruecos, de T\u00e1nger a Marrakech, ofrece un viaje excepcional a trav\u00e9s de los contrastes m\u00e1s impactantes del pa\u00eds, desde la costa mediterr\u00e1nea hasta el oc\u00e9ano Atl\u00e1ntico, y desde los frondosos bosques de monta\u00f1a hasta el vasto desierto del S\u00e1hara. Con inicio en T\u00e1nger, en la puerta de [&hellip;]<\/p>\n","protected":false},"featured_media":10514,"comment_status":"closed","ping_status":"closed","template":"","meta":{"_joinchat":[]},"product_brand":[],"product_cat":[86],"product_tag":[],"class_list":{"0":"post-10588","1":"product","2":"type-product","3":"status-publish","4":"has-post-thumbnail","6":"brw_tour_types-culture","7":"brw_tour_types-family","8":"product_cat-tours-desde-tanger","10":"first","11":"instock","12":"purchasable","13":"product-type-ovabrw_car_rental"},"yoast_head":"<!-- This site is optimized with the Yoast SEO Premium plugin v25.0 (Yoast SEO v25.0) - https:\/\/yoast.com\/wordpress\/plugins\/seo\/ -->\n<title>Tour de 10 d\u00edas por Marruecos desde T\u00e1nger a Marrakech - Cultural Travel Morocco<\/title>\n<meta name=\"robots\" content=\"index, follow, max-snippet:-1, max-image-preview:large, max-video-preview:-1\" \/>\n<link rel=\"canonical\" href=\"https:\/\/www.culturaltravelmorocco.com\/es\/producto\/tour-de-10-dias-por-marruecos-desde-tanger-a-marrakech\/\" \/>\n<meta property=\"og:locale\" content=\"es_ES\" \/>\n<meta property=\"og:type\" content=\"article\" \/>\n<meta property=\"og:title\" content=\"Tour de 10 d\u00edas por Marruecos desde T\u00e1nger a Marrakech\" \/>\n<meta property=\"og:description\" content=\"Descripci\u00f3n general: Este tour de 10 d\u00edas por Marruecos, de T\u00e1nger a Marrakech, ofrece un viaje excepcional a trav\u00e9s de los contrastes m\u00e1s impactantes del pa\u00eds, desde la costa mediterr\u00e1nea hasta el oc\u00e9ano Atl\u00e1ntico, y desde los frondosos bosques de monta\u00f1a hasta el vasto desierto del S\u00e1hara. Con inicio en T\u00e1nger, en la puerta de [&hellip;]\" \/>\n<meta property=\"og:url\" content=\"https:\/\/www.culturaltravelmorocco.com\/es\/producto\/tour-de-10-dias-por-marruecos-desde-tanger-a-marrakech\/\" \/>\n<meta property=\"og:site_name\" content=\"Cultural Travel Morocco\" \/>\n<meta property=\"article:modified_time\" content=\"2026-01-11T17:17:53+00:00\" \/>\n<meta property=\"og:image\" content=\"https:\/\/www.culturaltravelmorocco.com\/wp-content\/uploads\/2026\/01\/24-1.webp\" \/>\n\t<meta property=\"og:image:width\" content=\"1200\" \/>\n\t<meta property=\"og:image:height\" content=\"1000\" \/>\n\t<meta property=\"og:image:type\" content=\"image\/webp\" \/>\n<meta name=\"twitter:card\" content=\"summary_large_image\" \/>\n<meta name=\"twitter:label1\" content=\"Tiempo de lectura\" \/>\n\t<meta name=\"twitter:data1\" content=\"2 minutos\" \/>\n<script type=\"application\/ld+json\" class=\"yoast-schema-graph\">{\"@context\":\"https:\/\/schema.org\",\"@graph\":[{\"@type\":\"WebPage\",\"@id\":\"https:\/\/www.culturaltravelmorocco.com\/es\/producto\/tour-de-10-dias-por-marruecos-desde-tanger-a-marrakech\/\",\"url\":\"https:\/\/www.culturaltravelmorocco.com\/es\/producto\/tour-de-10-dias-por-marruecos-desde-tanger-a-marrakech\/\",\"name\":\"Tour de 10 d\u00edas por Marruecos desde T\u00e1nger a Marrakech - Cultural Travel Morocco\",\"isPartOf\":{\"@id\":\"https:\/\/www.culturaltravelmorocco.com\/es\/#website\"},\"primaryImageOfPage\":{\"@id\":\"https:\/\/www.culturaltravelmorocco.com\/es\/producto\/tour-de-10-dias-por-marruecos-desde-tanger-a-marrakech\/#primaryimage\"},\"image\":{\"@id\":\"https:\/\/www.culturaltravelmorocco.com\/es\/producto\/tour-de-10-dias-por-marruecos-desde-tanger-a-marrakech\/#primaryimage\"},\"thumbnailUrl\":\"https:\/\/www.culturaltravelmorocco.com\/wp-content\/uploads\/2026\/01\/24-1.webp\",\"datePublished\":\"2026-01-10T12:20:37+00:00\",\"dateModified\":\"2026-01-11T17:17:53+00:00\",\"breadcrumb\":{\"@id\":\"https:\/\/www.culturaltravelmorocco.com\/es\/producto\/tour-de-10-dias-por-marruecos-desde-tanger-a-marrakech\/#breadcrumb\"},\"inLanguage\":\"es\",\"potentialAction\":[{\"@type\":\"ReadAction\",\"target\":[\"https:\/\/www.culturaltravelmorocco.com\/es\/producto\/tour-de-10-dias-por-marruecos-desde-tanger-a-marrakech\/\"]}]},{\"@type\":\"ImageObject\",\"inLanguage\":\"es\",\"@id\":\"https:\/\/www.culturaltravelmorocco.com\/es\/producto\/tour-de-10-dias-por-marruecos-desde-tanger-a-marrakech\/#primaryimage\",\"url\":\"https:\/\/www.culturaltravelmorocco.com\/wp-content\/uploads\/2026\/01\/24-1.webp\",\"contentUrl\":\"https:\/\/www.culturaltravelmorocco.com\/wp-content\/uploads\/2026\/01\/24-1.webp\",\"width\":1200,\"height\":1000},{\"@type\":\"BreadcrumbList\",\"@id\":\"https:\/\/www.culturaltravelmorocco.com\/es\/producto\/tour-de-10-dias-por-marruecos-desde-tanger-a-marrakech\/#breadcrumb\",\"itemListElement\":[{\"@type\":\"ListItem\",\"position\":1,\"name\":\"Inicio\",\"item\":\"https:\/\/maroon-guanaco-577987.hostingersite.com\/\"},{\"@type\":\"ListItem\",\"position\":2,\"name\":\"Productos\",\"item\":\"https:\/\/www.culturaltravelmorocco.com\/es\/shop\/\"},{\"@type\":\"ListItem\",\"position\":3,\"name\":\"Tour de 10 d\u00edas por Marruecos desde T\u00e1nger a Marrakech\"}]},{\"@type\":\"WebSite\",\"@id\":\"https:\/\/www.culturaltravelmorocco.com\/es\/#website\",\"url\":\"https:\/\/www.culturaltravelmorocco.com\/es\/\",\"name\":\"Cultural Travel Morocco\",\"description\":\"\",\"potentialAction\":[{\"@type\":\"SearchAction\",\"target\":{\"@type\":\"EntryPoint\",\"urlTemplate\":\"https:\/\/www.culturaltravelmorocco.com\/es\/?s={search_term_string}\"},\"query-input\":{\"@type\":\"PropertyValueSpecification\",\"valueRequired\":true,\"valueName\":\"search_term_string\"}}],\"inLanguage\":\"es\"}]}<\/script>\n<!-- \/ Yoast SEO Premium plugin. -->","yoast_head_json":{"title":"Tour de 10 d\u00edas por Marruecos desde T\u00e1nger a Marrakech - Cultural Travel Morocco","robots":{"index":"index","follow":"follow","max-snippet":"max-snippet:-1","max-image-preview":"max-image-preview:large","max-video-preview":"max-video-preview:-1"},"canonical":"https:\/\/www.culturaltravelmorocco.com\/es\/producto\/tour-de-10-dias-por-marruecos-desde-tanger-a-marrakech\/","og_locale":"es_ES","og_type":"article","og_title":"Tour de 10 d\u00edas por Marruecos desde T\u00e1nger a Marrakech","og_description":"Descripci\u00f3n general: Este tour de 10 d\u00edas por Marruecos, de T\u00e1nger a Marrakech, ofrece un viaje excepcional a trav\u00e9s de los contrastes m\u00e1s impactantes del pa\u00eds, desde la costa mediterr\u00e1nea hasta el oc\u00e9ano Atl\u00e1ntico, y desde los frondosos bosques de monta\u00f1a hasta el vasto desierto del S\u00e1hara. Con inicio en T\u00e1nger, en la puerta de [&hellip;]","og_url":"https:\/\/www.culturaltravelmorocco.com\/es\/producto\/tour-de-10-dias-por-marruecos-desde-tanger-a-marrakech\/","og_site_name":"Cultural Travel Morocco","article_modified_time":"2026-01-11T17:17:53+00:00","og_image":[{"width":1200,"height":1000,"url":"https:\/\/www.culturaltravelmorocco.com\/wp-content\/uploads\/2026\/01\/24-1.webp","type":"image\/webp"}],"twitter_card":"summary_large_image","twitter_misc":{"Tiempo de lectura":"2 minutos"},"schema":{"@context":"https:\/\/schema.org","@graph":[{"@type":"WebPage","@id":"https:\/\/www.culturaltravelmorocco.com\/es\/producto\/tour-de-10-dias-por-marruecos-desde-tanger-a-marrakech\/","url":"https:\/\/www.culturaltravelmorocco.com\/es\/producto\/tour-de-10-dias-por-marruecos-desde-tanger-a-marrakech\/","name":"Tour de 10 d\u00edas por Marruecos desde T\u00e1nger a Marrakech - Cultural Travel Morocco","isPartOf":{"@id":"https:\/\/www.culturaltravelmorocco.com\/es\/#website"},"primaryImageOfPage":{"@id":"https:\/\/www.culturaltravelmorocco.com\/es\/producto\/tour-de-10-dias-por-marruecos-desde-tanger-a-marrakech\/#primaryimage"},"image":{"@id":"https:\/\/www.culturaltravelmorocco.com\/es\/producto\/tour-de-10-dias-por-marruecos-desde-tanger-a-marrakech\/#primaryimage"},"thumbnailUrl":"https:\/\/www.culturaltravelmorocco.com\/wp-content\/uploads\/2026\/01\/24-1.webp","datePublished":"2026-01-10T12:20:37+00:00","dateModified":"2026-01-11T17:17:53+00:00","breadcrumb":{"@id":"https:\/\/www.culturaltravelmorocco.com\/es\/producto\/tour-de-10-dias-por-marruecos-desde-tanger-a-marrakech\/#breadcrumb"},"inLanguage":"es","potentialAction":[{"@type":"ReadAction","target":["https:\/\/www.culturaltravelmorocco.com\/es\/producto\/tour-de-10-dias-por-marruecos-desde-tanger-a-marrakech\/"]}]},{"@type":"ImageObject","inLanguage":"es","@id":"https:\/\/www.culturaltravelmorocco.com\/es\/producto\/tour-de-10-dias-por-marruecos-desde-tanger-a-marrakech\/#primaryimage","url":"https:\/\/www.culturaltravelmorocco.com\/wp-content\/uploads\/2026\/01\/24-1.webp","contentUrl":"https:\/\/www.culturaltravelmorocco.com\/wp-content\/uploads\/2026\/01\/24-1.webp","width":1200,"height":1000},{"@type":"BreadcrumbList","@id":"https:\/\/www.culturaltravelmorocco.com\/es\/producto\/tour-de-10-dias-por-marruecos-desde-tanger-a-marrakech\/#breadcrumb","itemListElement":[{"@type":"ListItem","position":1,"name":"Inicio","item":"https:\/\/maroon-guanaco-577987.hostingersite.com\/"},{"@type":"ListItem","position":2,"name":"Productos","item":"https:\/\/www.culturaltravelmorocco.com\/es\/shop\/"},{"@type":"ListItem","position":3,"name":"Tour de 10 d\u00edas por Marruecos desde T\u00e1nger a Marrakech"}]},{"@type":"WebSite","@id":"https:\/\/www.culturaltravelmorocco.com\/es\/#website","url":"https:\/\/www.culturaltravelmorocco.com\/es\/","name":"Cultural Travel Morocco","description":"","potentialAction":[{"@type":"SearchAction","target":{"@type":"EntryPoint","urlTemplate":"https:\/\/www.culturaltravelmorocco.com\/es\/?s={search_term_string}"},"query-input":{"@type":"PropertyValueSpecification","valueRequired":true,"valueName":"search_term_string"}}],"inLanguage":"es"}]}},"_links":{"self":[{"href":"https:\/\/www.culturaltravelmorocco.com\/es\/wp-json\/wp\/v2\/product\/10588","targetHints":{"allow":["GET"]}}],"collection":[{"href":"https:\/\/www.culturaltravelmorocco.com\/es\/wp-json\/wp\/v2\/product"}],"about":[{"href":"https:\/\/www.culturaltravelmorocco.com\/es\/wp-json\/wp\/v2\/types\/product"}],"replies":[{"embeddable":true,"href":"https:\/\/www.culturaltravelmorocco.com\/es\/wp-json\/wp\/v2\/comments?post=10588"}],"wp:featuredmedia":[{"embeddable":true,"href":"https:\/\/www.culturaltravelmorocco.com\/es\/wp-json\/wp\/v2\/media\/10514"}],"wp:attachment":[{"href":"https:\/\/www.culturaltravelmorocco.com\/es\/wp-json\/wp\/v2\/media?parent=10588"}],"wp:term":[{"taxonomy":"product_brand","embeddable":true,"href":"https:\/\/www.culturaltravelmorocco.com\/es\/wp-json\/wp\/v2\/product_brand?post=10588"},{"taxonomy":"product_cat","embeddable":true,"href":"https:\/\/www.culturaltravelmorocco.com\/es\/wp-json\/wp\/v2\/product_cat?post=10588"},{"taxonomy":"product_tag","embeddable":true,"href":"https:\/\/www.culturaltravelmorocco.com\/es\/wp-json\/wp\/v2\/product_tag?post=10588"}],"curies":[{"name":"wp","href":"https:\/\/api.w.org\/{rel}","templated":true}]}}