{"id":10593,"date":"2026-01-10T12:20:37","date_gmt":"2026-01-10T12:20:37","guid":{"rendered":"https:\/\/culturaltravelmorocco.com\/product\/agafay-desert-overnight-experience-from-marrakech\/"},"modified":"2026-01-11T17:22:26","modified_gmt":"2026-01-11T17:22:26","slug":"experiencia-nocturna-en-el-desierto-de-agafay-desde-marrakech","status":"publish","type":"product","link":"https:\/\/www.culturaltravelmorocco.com\/es\/producto\/experiencia-nocturna-en-el-desierto-de-agafay-desde-marrakech\/","title":{"rendered":"Experiencia nocturna en el desierto de Agafay desde Marrakech"},"content":{"rendered":"<h2>Descripci\u00f3n general:<\/h2>\n<p>Alrededor de las 16:00, le recogeremos en su hotel o riad de Marrakech en un c\u00f3modo 4\u00d74 o veh\u00edculo moderno para dirigirnos al impresionante desierto de Agafay, el paisaje des\u00e9rtico m\u00e1s cercano a la Ciudad Roja. Ubicado a tan solo una hora, Agafay ofrece un paisaje des\u00e9rtico rocoso \u00fanico con impresionantes vistas de las monta\u00f1as del Alto Atlas, lejos del ruido y las multitudes de la ciudad.<\/p>\n<p>A su llegada, le daremos la bienvenida con un tradicional t\u00e9 de menta marroqu\u00ed y disfrutar\u00e1 de la tranquilidad del desierto. Al atardecer, el paisaje se transforma en un escenario m\u00e1gico. Pasar\u00e1 la noche en una tienda de campa\u00f1a privada de lujo con ba\u00f1o y ducha, disfrutar\u00e1 de una cena tradicional marroqu\u00ed y admirar\u00e1 el incre\u00edble cielo estrellado. Por la ma\u00f1ana, despertar\u00e1 con un sereno amanecer en el desierto, seguido de un desayuno, antes de regresar a Marrakech con recuerdos inolvidables.<\/p>\n","protected":false},"excerpt":{"rendered":"<p>Descripci\u00f3n general: Alrededor de las 16:00, le recogeremos en su hotel o riad de Marrakech en un c\u00f3modo 4\u00d74 o veh\u00edculo moderno para dirigirnos al impresionante desierto de Agafay, el paisaje des\u00e9rtico m\u00e1s cercano a la Ciudad Roja. Ubicado a tan solo una hora, Agafay ofrece un paisaje des\u00e9rtico rocoso \u00fanico con impresionantes vistas de [&hellip;]<\/p>\n","protected":false},"featured_media":9775,"comment_status":"closed","ping_status":"closed","template":"","meta":{"_joinchat":[]},"product_brand":[],"product_cat":[81,79],"product_tag":[],"class_list":{"0":"post-10593","1":"product","2":"type-product","3":"status-publish","4":"has-post-thumbnail","6":"product_cat-excursion-de-un-dia-desde-marrakech","7":"product_cat-excursiones-de-un-dia","9":"first","10":"instock","11":"purchasable","12":"product-type-ovabrw_car_rental"},"yoast_head":"<!-- This site is optimized with the Yoast SEO Premium plugin v25.0 (Yoast SEO v25.0) - https:\/\/yoast.com\/wordpress\/plugins\/seo\/ -->\n<title>Experiencia nocturna en el desierto de Agafay desde Marrakech - Cultural Travel Morocco<\/title>\n<meta name=\"robots\" content=\"index, follow, max-snippet:-1, max-image-preview:large, max-video-preview:-1\" \/>\n<link rel=\"canonical\" href=\"https:\/\/www.culturaltravelmorocco.com\/es\/producto\/experiencia-nocturna-en-el-desierto-de-agafay-desde-marrakech\/\" \/>\n<meta property=\"og:locale\" content=\"es_ES\" \/>\n<meta property=\"og:type\" content=\"article\" \/>\n<meta property=\"og:title\" content=\"Experiencia nocturna en el desierto de Agafay desde Marrakech\" \/>\n<meta property=\"og:description\" content=\"Descripci\u00f3n general: Alrededor de las 16:00, le recogeremos en su hotel o riad de Marrakech en un c\u00f3modo 4\u00d74 o veh\u00edculo moderno para dirigirnos al impresionante desierto de Agafay, el paisaje des\u00e9rtico m\u00e1s cercano a la Ciudad Roja. Ubicado a tan solo una hora, Agafay ofrece un paisaje des\u00e9rtico rocoso \u00fanico con impresionantes vistas de [&hellip;]\" \/>\n<meta property=\"og:url\" content=\"https:\/\/www.culturaltravelmorocco.com\/es\/producto\/experiencia-nocturna-en-el-desierto-de-agafay-desde-marrakech\/\" \/>\n<meta property=\"og:site_name\" content=\"Cultural Travel Morocco\" \/>\n<meta property=\"article:modified_time\" content=\"2026-01-11T17:22:26+00:00\" \/>\n<meta property=\"og:image\" content=\"https:\/\/www.culturaltravelmorocco.com\/wp-content\/uploads\/2026\/01\/1-16.webp\" \/>\n\t<meta property=\"og:image:width\" content=\"1200\" \/>\n\t<meta property=\"og:image:height\" content=\"1000\" \/>\n\t<meta property=\"og:image:type\" content=\"image\/webp\" \/>\n<meta name=\"twitter:card\" content=\"summary_large_image\" \/>\n<meta name=\"twitter:label1\" content=\"Tiempo de lectura\" \/>\n\t<meta name=\"twitter:data1\" content=\"1 minuto\" \/>\n<script type=\"application\/ld+json\" class=\"yoast-schema-graph\">{\"@context\":\"https:\/\/schema.org\",\"@graph\":[{\"@type\":\"WebPage\",\"@id\":\"https:\/\/www.culturaltravelmorocco.com\/es\/producto\/experiencia-nocturna-en-el-desierto-de-agafay-desde-marrakech\/\",\"url\":\"https:\/\/www.culturaltravelmorocco.com\/es\/producto\/experiencia-nocturna-en-el-desierto-de-agafay-desde-marrakech\/\",\"name\":\"Experiencia nocturna en el desierto de Agafay desde Marrakech - Cultural Travel Morocco\",\"isPartOf\":{\"@id\":\"https:\/\/www.culturaltravelmorocco.com\/es\/#website\"},\"primaryImageOfPage\":{\"@id\":\"https:\/\/www.culturaltravelmorocco.com\/es\/producto\/experiencia-nocturna-en-el-desierto-de-agafay-desde-marrakech\/#primaryimage\"},\"image\":{\"@id\":\"https:\/\/www.culturaltravelmorocco.com\/es\/producto\/experiencia-nocturna-en-el-desierto-de-agafay-desde-marrakech\/#primaryimage\"},\"thumbnailUrl\":\"https:\/\/www.culturaltravelmorocco.com\/wp-content\/uploads\/2026\/01\/1-16.webp\",\"datePublished\":\"2026-01-10T12:20:37+00:00\",\"dateModified\":\"2026-01-11T17:22:26+00:00\",\"breadcrumb\":{\"@id\":\"https:\/\/www.culturaltravelmorocco.com\/es\/producto\/experiencia-nocturna-en-el-desierto-de-agafay-desde-marrakech\/#breadcrumb\"},\"inLanguage\":\"es\",\"potentialAction\":[{\"@type\":\"ReadAction\",\"target\":[\"https:\/\/www.culturaltravelmorocco.com\/es\/producto\/experiencia-nocturna-en-el-desierto-de-agafay-desde-marrakech\/\"]}]},{\"@type\":\"ImageObject\",\"inLanguage\":\"es\",\"@id\":\"https:\/\/www.culturaltravelmorocco.com\/es\/producto\/experiencia-nocturna-en-el-desierto-de-agafay-desde-marrakech\/#primaryimage\",\"url\":\"https:\/\/www.culturaltravelmorocco.com\/wp-content\/uploads\/2026\/01\/1-16.webp\",\"contentUrl\":\"https:\/\/www.culturaltravelmorocco.com\/wp-content\/uploads\/2026\/01\/1-16.webp\",\"width\":1200,\"height\":1000},{\"@type\":\"BreadcrumbList\",\"@id\":\"https:\/\/www.culturaltravelmorocco.com\/es\/producto\/experiencia-nocturna-en-el-desierto-de-agafay-desde-marrakech\/#breadcrumb\",\"itemListElement\":[{\"@type\":\"ListItem\",\"position\":1,\"name\":\"Inicio\",\"item\":\"https:\/\/maroon-guanaco-577987.hostingersite.com\/\"},{\"@type\":\"ListItem\",\"position\":2,\"name\":\"Productos\",\"item\":\"https:\/\/www.culturaltravelmorocco.com\/es\/shop\/\"},{\"@type\":\"ListItem\",\"position\":3,\"name\":\"Experiencia nocturna en el desierto de Agafay desde Marrakech\"}]},{\"@type\":\"WebSite\",\"@id\":\"https:\/\/www.culturaltravelmorocco.com\/es\/#website\",\"url\":\"https:\/\/www.culturaltravelmorocco.com\/es\/\",\"name\":\"Cultural Travel Morocco\",\"description\":\"\",\"potentialAction\":[{\"@type\":\"SearchAction\",\"target\":{\"@type\":\"EntryPoint\",\"urlTemplate\":\"https:\/\/www.culturaltravelmorocco.com\/es\/?s={search_term_string}\"},\"query-input\":{\"@type\":\"PropertyValueSpecification\",\"valueRequired\":true,\"valueName\":\"search_term_string\"}}],\"inLanguage\":\"es\"}]}<\/script>\n<!-- \/ Yoast SEO Premium plugin. -->","yoast_head_json":{"title":"Experiencia nocturna en el desierto de Agafay desde Marrakech - Cultural Travel Morocco","robots":{"index":"index","follow":"follow","max-snippet":"max-snippet:-1","max-image-preview":"max-image-preview:large","max-video-preview":"max-video-preview:-1"},"canonical":"https:\/\/www.culturaltravelmorocco.com\/es\/producto\/experiencia-nocturna-en-el-desierto-de-agafay-desde-marrakech\/","og_locale":"es_ES","og_type":"article","og_title":"Experiencia nocturna en el desierto de Agafay desde Marrakech","og_description":"Descripci\u00f3n general: Alrededor de las 16:00, le recogeremos en su hotel o riad de Marrakech en un c\u00f3modo 4\u00d74 o veh\u00edculo moderno para dirigirnos al impresionante desierto de Agafay, el paisaje des\u00e9rtico m\u00e1s cercano a la Ciudad Roja. Ubicado a tan solo una hora, Agafay ofrece un paisaje des\u00e9rtico rocoso \u00fanico con impresionantes vistas de [&hellip;]","og_url":"https:\/\/www.culturaltravelmorocco.com\/es\/producto\/experiencia-nocturna-en-el-desierto-de-agafay-desde-marrakech\/","og_site_name":"Cultural Travel Morocco","article_modified_time":"2026-01-11T17:22:26+00:00","og_image":[{"width":1200,"height":1000,"url":"https:\/\/www.culturaltravelmorocco.com\/wp-content\/uploads\/2026\/01\/1-16.webp","type":"image\/webp"}],"twitter_card":"summary_large_image","twitter_misc":{"Tiempo de lectura":"1 minuto"},"schema":{"@context":"https:\/\/schema.org","@graph":[{"@type":"WebPage","@id":"https:\/\/www.culturaltravelmorocco.com\/es\/producto\/experiencia-nocturna-en-el-desierto-de-agafay-desde-marrakech\/","url":"https:\/\/www.culturaltravelmorocco.com\/es\/producto\/experiencia-nocturna-en-el-desierto-de-agafay-desde-marrakech\/","name":"Experiencia nocturna en el desierto de Agafay desde Marrakech - Cultural Travel Morocco","isPartOf":{"@id":"https:\/\/www.culturaltravelmorocco.com\/es\/#website"},"primaryImageOfPage":{"@id":"https:\/\/www.culturaltravelmorocco.com\/es\/producto\/experiencia-nocturna-en-el-desierto-de-agafay-desde-marrakech\/#primaryimage"},"image":{"@id":"https:\/\/www.culturaltravelmorocco.com\/es\/producto\/experiencia-nocturna-en-el-desierto-de-agafay-desde-marrakech\/#primaryimage"},"thumbnailUrl":"https:\/\/www.culturaltravelmorocco.com\/wp-content\/uploads\/2026\/01\/1-16.webp","datePublished":"2026-01-10T12:20:37+00:00","dateModified":"2026-01-11T17:22:26+00:00","breadcrumb":{"@id":"https:\/\/www.culturaltravelmorocco.com\/es\/producto\/experiencia-nocturna-en-el-desierto-de-agafay-desde-marrakech\/#breadcrumb"},"inLanguage":"es","potentialAction":[{"@type":"ReadAction","target":["https:\/\/www.culturaltravelmorocco.com\/es\/producto\/experiencia-nocturna-en-el-desierto-de-agafay-desde-marrakech\/"]}]},{"@type":"ImageObject","inLanguage":"es","@id":"https:\/\/www.culturaltravelmorocco.com\/es\/producto\/experiencia-nocturna-en-el-desierto-de-agafay-desde-marrakech\/#primaryimage","url":"https:\/\/www.culturaltravelmorocco.com\/wp-content\/uploads\/2026\/01\/1-16.webp","contentUrl":"https:\/\/www.culturaltravelmorocco.com\/wp-content\/uploads\/2026\/01\/1-16.webp","width":1200,"height":1000},{"@type":"BreadcrumbList","@id":"https:\/\/www.culturaltravelmorocco.com\/es\/producto\/experiencia-nocturna-en-el-desierto-de-agafay-desde-marrakech\/#breadcrumb","itemListElement":[{"@type":"ListItem","position":1,"name":"Inicio","item":"https:\/\/maroon-guanaco-577987.hostingersite.com\/"},{"@type":"ListItem","position":2,"name":"Productos","item":"https:\/\/www.culturaltravelmorocco.com\/es\/shop\/"},{"@type":"ListItem","position":3,"name":"Experiencia nocturna en el desierto de Agafay desde Marrakech"}]},{"@type":"WebSite","@id":"https:\/\/www.culturaltravelmorocco.com\/es\/#website","url":"https:\/\/www.culturaltravelmorocco.com\/es\/","name":"Cultural Travel Morocco","description":"","potentialAction":[{"@type":"SearchAction","target":{"@type":"EntryPoint","urlTemplate":"https:\/\/www.culturaltravelmorocco.com\/es\/?s={search_term_string}"},"query-input":{"@type":"PropertyValueSpecification","valueRequired":true,"valueName":"search_term_string"}}],"inLanguage":"es"}]}},"_links":{"self":[{"href":"https:\/\/www.culturaltravelmorocco.com\/es\/wp-json\/wp\/v2\/product\/10593","targetHints":{"allow":["GET"]}}],"collection":[{"href":"https:\/\/www.culturaltravelmorocco.com\/es\/wp-json\/wp\/v2\/product"}],"about":[{"href":"https:\/\/www.culturaltravelmorocco.com\/es\/wp-json\/wp\/v2\/types\/product"}],"replies":[{"embeddable":true,"href":"https:\/\/www.culturaltravelmorocco.com\/es\/wp-json\/wp\/v2\/comments?post=10593"}],"wp:featuredmedia":[{"embeddable":true,"href":"https:\/\/www.culturaltravelmorocco.com\/es\/wp-json\/wp\/v2\/media\/9775"}],"wp:attachment":[{"href":"https:\/\/www.culturaltravelmorocco.com\/es\/wp-json\/wp\/v2\/media?parent=10593"}],"wp:term":[{"taxonomy":"product_brand","embeddable":true,"href":"https:\/\/www.culturaltravelmorocco.com\/es\/wp-json\/wp\/v2\/product_brand?post=10593"},{"taxonomy":"product_cat","embeddable":true,"href":"https:\/\/www.culturaltravelmorocco.com\/es\/wp-json\/wp\/v2\/product_cat?post=10593"},{"taxonomy":"product_tag","embeddable":true,"href":"https:\/\/www.culturaltravelmorocco.com\/es\/wp-json\/wp\/v2\/product_tag?post=10593"}],"curies":[{"name":"wp","href":"https:\/\/api.w.org\/{rel}","templated":true}]}}