{"id":10622,"date":"2026-01-10T12:20:37","date_gmt":"2026-01-10T12:20:37","guid":{"rendered":"https:\/\/culturaltravelmorocco.com\/product\/8-day-morocco-tour-from-tangier-to-marrakech-culture-desert-nature\/"},"modified":"2026-01-11T17:35:30","modified_gmt":"2026-01-11T17:35:30","slug":"tour-de-8-dias-por-marruecos-desde-tanger-a-marrakech-cultura-desierto-y-naturaleza","status":"publish","type":"product","link":"https:\/\/www.culturaltravelmorocco.com\/es\/producto\/tour-de-8-dias-por-marruecos-desde-tanger-a-marrakech-cultura-desierto-y-naturaleza\/","title":{"rendered":"Tour de 8 d\u00edas por Marruecos desde T\u00e1nger a Marrakech: cultura, desierto y naturaleza"},"content":{"rendered":"<h2>Descripci\u00f3n general:<\/h2>\n<p>Este circuito de 8 d\u00edas, de T\u00e1nger a Marrakech, es la opci\u00f3n perfecta para quienes desean experimentar la cultura y la naturaleza de Marruecos a partes iguales. Comenzando por el extremo norte y terminando en el vibrante sur, el itinerario conecta ciudades hist\u00f3ricas, tesoros arqueol\u00f3gicos, pueblos con encanto y paisajes impresionantes. Las visitas guiadas a Fez y Marrakech permiten explorar a fondo sus medinas y monumentos, mientras que otros lugares destacados como Tetu\u00e1n, Mequinez, Volubilis y la ic\u00f3nica Ait Ben Haddou revelan el excepcional patrimonio art\u00edstico e hist\u00f3rico del pa\u00eds, gran parte del cual es Patrimonio Mundial de la UNESCO.<\/p>\n<p>La naturaleza juega un papel igualmente importante en este viaje. Desde las majestuosas dunas de Erg Chebbi en el desierto del Sahara hasta el exuberante Parque Nacional de Ifrane, las espectaculares Gargantas del Todra y el valle del Dades, repleto de palmeras, este recorrido muestra los entornos naturales m\u00e1s espectaculares de Marruecos. En el camino, tambi\u00e9n descubrir\u00e1 pueblos aut\u00e9nticos como Chefchaouen y Rissani, donde la vida y las tradiciones locales siguen profundamente arraigadas. Durante 8 d\u00edas y 7 noches, viajando c\u00f3modamente por carretera y disfrutando de un paseo en camello por el desierto, este itinerario ofrece una inolvidable aventura de norte a sur de Marruecos, rica en contrastes, historia y paisajes.<\/p>\n","protected":false},"excerpt":{"rendered":"<p>Descripci\u00f3n general: Este circuito de 8 d\u00edas, de T\u00e1nger a Marrakech, es la opci\u00f3n perfecta para quienes desean experimentar la cultura y la naturaleza de Marruecos a partes iguales. Comenzando por el extremo norte y terminando en el vibrante sur, el itinerario conecta ciudades hist\u00f3ricas, tesoros arqueol\u00f3gicos, pueblos con encanto y paisajes impresionantes. Las visitas [&hellip;]<\/p>\n","protected":false},"featured_media":10623,"comment_status":"closed","ping_status":"closed","template":"","meta":{"_joinchat":[]},"product_brand":[],"product_cat":[86],"product_tag":[],"class_list":{"0":"post-10622","1":"product","2":"type-product","3":"status-publish","4":"has-post-thumbnail","6":"product_cat-tours-desde-tanger","8":"first","9":"instock","10":"purchasable","11":"product-type-ovabrw_car_rental"},"yoast_head":"<!-- This site is optimized with the Yoast SEO Premium plugin v25.0 (Yoast SEO v25.0) - https:\/\/yoast.com\/wordpress\/plugins\/seo\/ -->\n<title>Tour de 8 d\u00edas por Marruecos desde T\u00e1nger a Marrakech: cultura, desierto y naturaleza - Cultural Travel Morocco<\/title>\n<meta name=\"robots\" content=\"index, follow, max-snippet:-1, max-image-preview:large, max-video-preview:-1\" \/>\n<link rel=\"canonical\" href=\"https:\/\/www.culturaltravelmorocco.com\/es\/producto\/tour-de-8-dias-por-marruecos-desde-tanger-a-marrakech-cultura-desierto-y-naturaleza\/\" \/>\n<meta property=\"og:locale\" content=\"es_ES\" \/>\n<meta property=\"og:type\" content=\"article\" \/>\n<meta property=\"og:title\" content=\"Tour de 8 d\u00edas por Marruecos desde T\u00e1nger a Marrakech: cultura, desierto y naturaleza\" \/>\n<meta property=\"og:description\" content=\"Descripci\u00f3n general: Este circuito de 8 d\u00edas, de T\u00e1nger a Marrakech, es la opci\u00f3n perfecta para quienes desean experimentar la cultura y la naturaleza de Marruecos a partes iguales. Comenzando por el extremo norte y terminando en el vibrante sur, el itinerario conecta ciudades hist\u00f3ricas, tesoros arqueol\u00f3gicos, pueblos con encanto y paisajes impresionantes. Las visitas [&hellip;]\" \/>\n<meta property=\"og:url\" content=\"https:\/\/www.culturaltravelmorocco.com\/es\/producto\/tour-de-8-dias-por-marruecos-desde-tanger-a-marrakech-cultura-desierto-y-naturaleza\/\" \/>\n<meta property=\"og:site_name\" content=\"Cultural Travel Morocco\" \/>\n<meta property=\"article:modified_time\" content=\"2026-01-11T17:35:30+00:00\" \/>\n<meta property=\"og:image\" content=\"https:\/\/www.culturaltravelmorocco.com\/wp-content\/uploads\/2026\/01\/16-1-1.webp\" \/>\n\t<meta property=\"og:image:width\" content=\"1200\" \/>\n\t<meta property=\"og:image:height\" content=\"1000\" \/>\n\t<meta property=\"og:image:type\" content=\"image\/webp\" \/>\n<meta name=\"twitter:card\" content=\"summary_large_image\" \/>\n<meta name=\"twitter:label1\" content=\"Tiempo de lectura\" \/>\n\t<meta name=\"twitter:data1\" content=\"2 minutos\" \/>\n<script type=\"application\/ld+json\" class=\"yoast-schema-graph\">{\"@context\":\"https:\/\/schema.org\",\"@graph\":[{\"@type\":\"WebPage\",\"@id\":\"https:\/\/www.culturaltravelmorocco.com\/es\/producto\/tour-de-8-dias-por-marruecos-desde-tanger-a-marrakech-cultura-desierto-y-naturaleza\/\",\"url\":\"https:\/\/www.culturaltravelmorocco.com\/es\/producto\/tour-de-8-dias-por-marruecos-desde-tanger-a-marrakech-cultura-desierto-y-naturaleza\/\",\"name\":\"Tour de 8 d\u00edas por Marruecos desde T\u00e1nger a Marrakech: cultura, desierto y naturaleza - Cultural Travel Morocco\",\"isPartOf\":{\"@id\":\"https:\/\/www.culturaltravelmorocco.com\/es\/#website\"},\"primaryImageOfPage\":{\"@id\":\"https:\/\/www.culturaltravelmorocco.com\/es\/producto\/tour-de-8-dias-por-marruecos-desde-tanger-a-marrakech-cultura-desierto-y-naturaleza\/#primaryimage\"},\"image\":{\"@id\":\"https:\/\/www.culturaltravelmorocco.com\/es\/producto\/tour-de-8-dias-por-marruecos-desde-tanger-a-marrakech-cultura-desierto-y-naturaleza\/#primaryimage\"},\"thumbnailUrl\":\"https:\/\/www.culturaltravelmorocco.com\/wp-content\/uploads\/2026\/01\/16-1-1.webp\",\"datePublished\":\"2026-01-10T12:20:37+00:00\",\"dateModified\":\"2026-01-11T17:35:30+00:00\",\"breadcrumb\":{\"@id\":\"https:\/\/www.culturaltravelmorocco.com\/es\/producto\/tour-de-8-dias-por-marruecos-desde-tanger-a-marrakech-cultura-desierto-y-naturaleza\/#breadcrumb\"},\"inLanguage\":\"es\",\"potentialAction\":[{\"@type\":\"ReadAction\",\"target\":[\"https:\/\/www.culturaltravelmorocco.com\/es\/producto\/tour-de-8-dias-por-marruecos-desde-tanger-a-marrakech-cultura-desierto-y-naturaleza\/\"]}]},{\"@type\":\"ImageObject\",\"inLanguage\":\"es\",\"@id\":\"https:\/\/www.culturaltravelmorocco.com\/es\/producto\/tour-de-8-dias-por-marruecos-desde-tanger-a-marrakech-cultura-desierto-y-naturaleza\/#primaryimage\",\"url\":\"https:\/\/www.culturaltravelmorocco.com\/wp-content\/uploads\/2026\/01\/16-1-1.webp\",\"contentUrl\":\"https:\/\/www.culturaltravelmorocco.com\/wp-content\/uploads\/2026\/01\/16-1-1.webp\",\"width\":1200,\"height\":1000},{\"@type\":\"BreadcrumbList\",\"@id\":\"https:\/\/www.culturaltravelmorocco.com\/es\/producto\/tour-de-8-dias-por-marruecos-desde-tanger-a-marrakech-cultura-desierto-y-naturaleza\/#breadcrumb\",\"itemListElement\":[{\"@type\":\"ListItem\",\"position\":1,\"name\":\"Inicio\",\"item\":\"https:\/\/maroon-guanaco-577987.hostingersite.com\/\"},{\"@type\":\"ListItem\",\"position\":2,\"name\":\"Productos\",\"item\":\"https:\/\/www.culturaltravelmorocco.com\/es\/shop\/\"},{\"@type\":\"ListItem\",\"position\":3,\"name\":\"Tour de 8 d\u00edas por Marruecos desde T\u00e1nger a Marrakech: cultura, desierto y naturaleza\"}]},{\"@type\":\"WebSite\",\"@id\":\"https:\/\/www.culturaltravelmorocco.com\/es\/#website\",\"url\":\"https:\/\/www.culturaltravelmorocco.com\/es\/\",\"name\":\"Cultural Travel Morocco\",\"description\":\"\",\"potentialAction\":[{\"@type\":\"SearchAction\",\"target\":{\"@type\":\"EntryPoint\",\"urlTemplate\":\"https:\/\/www.culturaltravelmorocco.com\/es\/?s={search_term_string}\"},\"query-input\":{\"@type\":\"PropertyValueSpecification\",\"valueRequired\":true,\"valueName\":\"search_term_string\"}}],\"inLanguage\":\"es\"}]}<\/script>\n<!-- \/ Yoast SEO Premium plugin. -->","yoast_head_json":{"title":"Tour de 8 d\u00edas por Marruecos desde T\u00e1nger a Marrakech: cultura, desierto y naturaleza - Cultural Travel Morocco","robots":{"index":"index","follow":"follow","max-snippet":"max-snippet:-1","max-image-preview":"max-image-preview:large","max-video-preview":"max-video-preview:-1"},"canonical":"https:\/\/www.culturaltravelmorocco.com\/es\/producto\/tour-de-8-dias-por-marruecos-desde-tanger-a-marrakech-cultura-desierto-y-naturaleza\/","og_locale":"es_ES","og_type":"article","og_title":"Tour de 8 d\u00edas por Marruecos desde T\u00e1nger a Marrakech: cultura, desierto y naturaleza","og_description":"Descripci\u00f3n general: Este circuito de 8 d\u00edas, de T\u00e1nger a Marrakech, es la opci\u00f3n perfecta para quienes desean experimentar la cultura y la naturaleza de Marruecos a partes iguales. Comenzando por el extremo norte y terminando en el vibrante sur, el itinerario conecta ciudades hist\u00f3ricas, tesoros arqueol\u00f3gicos, pueblos con encanto y paisajes impresionantes. Las visitas [&hellip;]","og_url":"https:\/\/www.culturaltravelmorocco.com\/es\/producto\/tour-de-8-dias-por-marruecos-desde-tanger-a-marrakech-cultura-desierto-y-naturaleza\/","og_site_name":"Cultural Travel Morocco","article_modified_time":"2026-01-11T17:35:30+00:00","og_image":[{"width":1200,"height":1000,"url":"https:\/\/www.culturaltravelmorocco.com\/wp-content\/uploads\/2026\/01\/16-1-1.webp","type":"image\/webp"}],"twitter_card":"summary_large_image","twitter_misc":{"Tiempo de lectura":"2 minutos"},"schema":{"@context":"https:\/\/schema.org","@graph":[{"@type":"WebPage","@id":"https:\/\/www.culturaltravelmorocco.com\/es\/producto\/tour-de-8-dias-por-marruecos-desde-tanger-a-marrakech-cultura-desierto-y-naturaleza\/","url":"https:\/\/www.culturaltravelmorocco.com\/es\/producto\/tour-de-8-dias-por-marruecos-desde-tanger-a-marrakech-cultura-desierto-y-naturaleza\/","name":"Tour de 8 d\u00edas por Marruecos desde T\u00e1nger a Marrakech: cultura, desierto y naturaleza - Cultural Travel Morocco","isPartOf":{"@id":"https:\/\/www.culturaltravelmorocco.com\/es\/#website"},"primaryImageOfPage":{"@id":"https:\/\/www.culturaltravelmorocco.com\/es\/producto\/tour-de-8-dias-por-marruecos-desde-tanger-a-marrakech-cultura-desierto-y-naturaleza\/#primaryimage"},"image":{"@id":"https:\/\/www.culturaltravelmorocco.com\/es\/producto\/tour-de-8-dias-por-marruecos-desde-tanger-a-marrakech-cultura-desierto-y-naturaleza\/#primaryimage"},"thumbnailUrl":"https:\/\/www.culturaltravelmorocco.com\/wp-content\/uploads\/2026\/01\/16-1-1.webp","datePublished":"2026-01-10T12:20:37+00:00","dateModified":"2026-01-11T17:35:30+00:00","breadcrumb":{"@id":"https:\/\/www.culturaltravelmorocco.com\/es\/producto\/tour-de-8-dias-por-marruecos-desde-tanger-a-marrakech-cultura-desierto-y-naturaleza\/#breadcrumb"},"inLanguage":"es","potentialAction":[{"@type":"ReadAction","target":["https:\/\/www.culturaltravelmorocco.com\/es\/producto\/tour-de-8-dias-por-marruecos-desde-tanger-a-marrakech-cultura-desierto-y-naturaleza\/"]}]},{"@type":"ImageObject","inLanguage":"es","@id":"https:\/\/www.culturaltravelmorocco.com\/es\/producto\/tour-de-8-dias-por-marruecos-desde-tanger-a-marrakech-cultura-desierto-y-naturaleza\/#primaryimage","url":"https:\/\/www.culturaltravelmorocco.com\/wp-content\/uploads\/2026\/01\/16-1-1.webp","contentUrl":"https:\/\/www.culturaltravelmorocco.com\/wp-content\/uploads\/2026\/01\/16-1-1.webp","width":1200,"height":1000},{"@type":"BreadcrumbList","@id":"https:\/\/www.culturaltravelmorocco.com\/es\/producto\/tour-de-8-dias-por-marruecos-desde-tanger-a-marrakech-cultura-desierto-y-naturaleza\/#breadcrumb","itemListElement":[{"@type":"ListItem","position":1,"name":"Inicio","item":"https:\/\/maroon-guanaco-577987.hostingersite.com\/"},{"@type":"ListItem","position":2,"name":"Productos","item":"https:\/\/www.culturaltravelmorocco.com\/es\/shop\/"},{"@type":"ListItem","position":3,"name":"Tour de 8 d\u00edas por Marruecos desde T\u00e1nger a Marrakech: cultura, desierto y naturaleza"}]},{"@type":"WebSite","@id":"https:\/\/www.culturaltravelmorocco.com\/es\/#website","url":"https:\/\/www.culturaltravelmorocco.com\/es\/","name":"Cultural Travel Morocco","description":"","potentialAction":[{"@type":"SearchAction","target":{"@type":"EntryPoint","urlTemplate":"https:\/\/www.culturaltravelmorocco.com\/es\/?s={search_term_string}"},"query-input":{"@type":"PropertyValueSpecification","valueRequired":true,"valueName":"search_term_string"}}],"inLanguage":"es"}]}},"_links":{"self":[{"href":"https:\/\/www.culturaltravelmorocco.com\/es\/wp-json\/wp\/v2\/product\/10622","targetHints":{"allow":["GET"]}}],"collection":[{"href":"https:\/\/www.culturaltravelmorocco.com\/es\/wp-json\/wp\/v2\/product"}],"about":[{"href":"https:\/\/www.culturaltravelmorocco.com\/es\/wp-json\/wp\/v2\/types\/product"}],"replies":[{"embeddable":true,"href":"https:\/\/www.culturaltravelmorocco.com\/es\/wp-json\/wp\/v2\/comments?post=10622"}],"wp:featuredmedia":[{"embeddable":true,"href":"https:\/\/www.culturaltravelmorocco.com\/es\/wp-json\/wp\/v2\/media\/10623"}],"wp:attachment":[{"href":"https:\/\/www.culturaltravelmorocco.com\/es\/wp-json\/wp\/v2\/media?parent=10622"}],"wp:term":[{"taxonomy":"product_brand","embeddable":true,"href":"https:\/\/www.culturaltravelmorocco.com\/es\/wp-json\/wp\/v2\/product_brand?post=10622"},{"taxonomy":"product_cat","embeddable":true,"href":"https:\/\/www.culturaltravelmorocco.com\/es\/wp-json\/wp\/v2\/product_cat?post=10622"},{"taxonomy":"product_tag","embeddable":true,"href":"https:\/\/www.culturaltravelmorocco.com\/es\/wp-json\/wp\/v2\/product_tag?post=10622"}],"curies":[{"name":"wp","href":"https:\/\/api.w.org\/{rel}","templated":true}]}}