{"id":10631,"date":"2026-01-10T12:20:37","date_gmt":"2026-01-10T12:20:37","guid":{"rendered":"https:\/\/culturaltravelmorocco.com\/product\/marrakech-camel-ride-experience-in-the-palm-grove\/"},"modified":"2026-01-11T17:44:02","modified_gmt":"2026-01-11T17:44:02","slug":"paseo-en-camello-por-el-palmeral-de-marrakech","status":"publish","type":"product","link":"https:\/\/www.culturaltravelmorocco.com\/es\/producto\/paseo-en-camello-por-el-palmeral-de-marrakech\/","title":{"rendered":"Paseo en camello por el palmeral de Marrakech"},"content":{"rendered":"<h2>Descripci\u00f3n general:<\/h2>\n<p>Disfrute de un relajante paseo en camello por el Palmeral de Marrakech, a solo minutos de la animada medina de la ciudad. Esta experiencia de 1 hora en camello ofrece una escapada tranquila a un entorno tradicional des\u00e9rtico, donde la naturaleza, la cultura y el patrimonio bereber se fusionan a la perfecci\u00f3n.<\/p>\n<p>Pasee en un tranquilo camello por senderos bordeados de palmeras y paisajes abiertos, descubriendo una faceta m\u00e1s tranquila de Marrakech. Durante el recorrido, sum\u00e9rjase en las tradiciones n\u00f3madas locales, v\u00edstase con el atuendo tradicional sahariano para fotos memorables y disfrute de un refrescante t\u00e9 de menta en una acogedora casa bereber. Esta experiencia es ideal para quienes buscan una aut\u00e9ntica actividad marroqu\u00ed sin alejarse demasiado de la ciudad.<\/p>\n<h2 data-start=\"819\" data-end=\"837\">Reflejos:<\/h2>\n<ul>\n<li>Un tranquilo paseo en camello por el emblem\u00e1tico palmeral de Marrakech.<\/li>\n<li>Descubre el ambiente des\u00e9rtico cerca de la ciudad.<\/li>\n<li>Vive las tradiciones bereberes y n\u00f3madas.<\/li>\n<li>Viste la ropa tradicional sahariana para fotos \u00fanicas.<\/li>\n<li>Disfruta de un t\u00e9 de menta en una casa bereber local.<\/li>\n<li>Actividad perfecta para familias, parejas y quienes visitan Marrakech por primera vez.<\/li>\n<\/ul>\n<h2>Notas:<\/h2>\n<ul>\n<li>Esta experiencia dura aproximadamente 1 hora (sin incluir traslados).<\/li>\n<li>Hay paseos disponibles por la ma\u00f1ana y al atardecer; se recomienda disfrutar del atardecer para disfrutar de una luz m\u00e1gica y tomar fotos.<\/li>\n<li>Los ni\u00f1os menores de 10 a\u00f1os deben viajar acompa\u00f1ados de un adulto.<\/li>\n<li>Se recomienda llevar ropa c\u00f3moda y calzado cerrado.<\/li>\n<\/ul>\n","protected":false},"excerpt":{"rendered":"<p>Descripci\u00f3n general: Disfrute de un relajante paseo en camello por el Palmeral de Marrakech, a solo minutos de la animada medina de la ciudad. Esta experiencia de 1 hora en camello ofrece una escapada tranquila a un entorno tradicional des\u00e9rtico, donde la naturaleza, la cultura y el patrimonio bereber se fusionan a la perfecci\u00f3n. Pasee [&hellip;]<\/p>\n","protected":false},"featured_media":10632,"comment_status":"closed","ping_status":"closed","template":"","meta":{"_joinchat":[]},"product_brand":[],"product_cat":[87],"product_tag":[],"class_list":{"0":"post-10631","1":"product","2":"type-product","3":"status-publish","4":"has-post-thumbnail","6":"product_cat-excursiones-en-camello","8":"first","9":"instock","10":"purchasable","11":"product-type-ovabrw_car_rental"},"yoast_head":"<!-- This site is optimized with the Yoast SEO Premium plugin v25.0 (Yoast SEO v25.0) - https:\/\/yoast.com\/wordpress\/plugins\/seo\/ -->\n<title>Paseo en camello por el palmeral de Marrakech - Cultural Travel Morocco<\/title>\n<meta name=\"robots\" content=\"index, follow, max-snippet:-1, max-image-preview:large, max-video-preview:-1\" \/>\n<link rel=\"canonical\" href=\"https:\/\/www.culturaltravelmorocco.com\/es\/producto\/paseo-en-camello-por-el-palmeral-de-marrakech\/\" \/>\n<meta property=\"og:locale\" content=\"es_ES\" \/>\n<meta property=\"og:type\" content=\"article\" \/>\n<meta property=\"og:title\" content=\"Paseo en camello por el palmeral de Marrakech\" \/>\n<meta property=\"og:description\" content=\"Descripci\u00f3n general: Disfrute de un relajante paseo en camello por el Palmeral de Marrakech, a solo minutos de la animada medina de la ciudad. Esta experiencia de 1 hora en camello ofrece una escapada tranquila a un entorno tradicional des\u00e9rtico, donde la naturaleza, la cultura y el patrimonio bereber se fusionan a la perfecci\u00f3n. Pasee [&hellip;]\" \/>\n<meta property=\"og:url\" content=\"https:\/\/www.culturaltravelmorocco.com\/es\/producto\/paseo-en-camello-por-el-palmeral-de-marrakech\/\" \/>\n<meta property=\"og:site_name\" content=\"Cultural Travel Morocco\" \/>\n<meta property=\"article:modified_time\" content=\"2026-01-11T17:44:02+00:00\" \/>\n<meta property=\"og:image\" content=\"https:\/\/www.culturaltravelmorocco.com\/wp-content\/uploads\/2026\/01\/7-16.webp\" \/>\n\t<meta property=\"og:image:width\" content=\"1200\" \/>\n\t<meta property=\"og:image:height\" content=\"1000\" \/>\n\t<meta property=\"og:image:type\" content=\"image\/webp\" \/>\n<meta name=\"twitter:card\" content=\"summary_large_image\" \/>\n<meta name=\"twitter:label1\" content=\"Tiempo de lectura\" \/>\n\t<meta name=\"twitter:data1\" content=\"2 minutos\" \/>\n<script type=\"application\/ld+json\" class=\"yoast-schema-graph\">{\"@context\":\"https:\/\/schema.org\",\"@graph\":[{\"@type\":\"WebPage\",\"@id\":\"https:\/\/www.culturaltravelmorocco.com\/es\/producto\/paseo-en-camello-por-el-palmeral-de-marrakech\/\",\"url\":\"https:\/\/www.culturaltravelmorocco.com\/es\/producto\/paseo-en-camello-por-el-palmeral-de-marrakech\/\",\"name\":\"Paseo en camello por el palmeral de Marrakech - Cultural Travel Morocco\",\"isPartOf\":{\"@id\":\"https:\/\/www.culturaltravelmorocco.com\/es\/#website\"},\"primaryImageOfPage\":{\"@id\":\"https:\/\/www.culturaltravelmorocco.com\/es\/producto\/paseo-en-camello-por-el-palmeral-de-marrakech\/#primaryimage\"},\"image\":{\"@id\":\"https:\/\/www.culturaltravelmorocco.com\/es\/producto\/paseo-en-camello-por-el-palmeral-de-marrakech\/#primaryimage\"},\"thumbnailUrl\":\"https:\/\/www.culturaltravelmorocco.com\/wp-content\/uploads\/2026\/01\/7-16.webp\",\"datePublished\":\"2026-01-10T12:20:37+00:00\",\"dateModified\":\"2026-01-11T17:44:02+00:00\",\"breadcrumb\":{\"@id\":\"https:\/\/www.culturaltravelmorocco.com\/es\/producto\/paseo-en-camello-por-el-palmeral-de-marrakech\/#breadcrumb\"},\"inLanguage\":\"es\",\"potentialAction\":[{\"@type\":\"ReadAction\",\"target\":[\"https:\/\/www.culturaltravelmorocco.com\/es\/producto\/paseo-en-camello-por-el-palmeral-de-marrakech\/\"]}]},{\"@type\":\"ImageObject\",\"inLanguage\":\"es\",\"@id\":\"https:\/\/www.culturaltravelmorocco.com\/es\/producto\/paseo-en-camello-por-el-palmeral-de-marrakech\/#primaryimage\",\"url\":\"https:\/\/www.culturaltravelmorocco.com\/wp-content\/uploads\/2026\/01\/7-16.webp\",\"contentUrl\":\"https:\/\/www.culturaltravelmorocco.com\/wp-content\/uploads\/2026\/01\/7-16.webp\",\"width\":1200,\"height\":1000},{\"@type\":\"BreadcrumbList\",\"@id\":\"https:\/\/www.culturaltravelmorocco.com\/es\/producto\/paseo-en-camello-por-el-palmeral-de-marrakech\/#breadcrumb\",\"itemListElement\":[{\"@type\":\"ListItem\",\"position\":1,\"name\":\"Inicio\",\"item\":\"https:\/\/maroon-guanaco-577987.hostingersite.com\/\"},{\"@type\":\"ListItem\",\"position\":2,\"name\":\"Productos\",\"item\":\"https:\/\/www.culturaltravelmorocco.com\/es\/shop\/\"},{\"@type\":\"ListItem\",\"position\":3,\"name\":\"Paseo en camello por el palmeral de Marrakech\"}]},{\"@type\":\"WebSite\",\"@id\":\"https:\/\/www.culturaltravelmorocco.com\/es\/#website\",\"url\":\"https:\/\/www.culturaltravelmorocco.com\/es\/\",\"name\":\"Cultural Travel Morocco\",\"description\":\"\",\"potentialAction\":[{\"@type\":\"SearchAction\",\"target\":{\"@type\":\"EntryPoint\",\"urlTemplate\":\"https:\/\/www.culturaltravelmorocco.com\/es\/?s={search_term_string}\"},\"query-input\":{\"@type\":\"PropertyValueSpecification\",\"valueRequired\":true,\"valueName\":\"search_term_string\"}}],\"inLanguage\":\"es\"}]}<\/script>\n<!-- \/ Yoast SEO Premium plugin. -->","yoast_head_json":{"title":"Paseo en camello por el palmeral de Marrakech - Cultural Travel Morocco","robots":{"index":"index","follow":"follow","max-snippet":"max-snippet:-1","max-image-preview":"max-image-preview:large","max-video-preview":"max-video-preview:-1"},"canonical":"https:\/\/www.culturaltravelmorocco.com\/es\/producto\/paseo-en-camello-por-el-palmeral-de-marrakech\/","og_locale":"es_ES","og_type":"article","og_title":"Paseo en camello por el palmeral de Marrakech","og_description":"Descripci\u00f3n general: Disfrute de un relajante paseo en camello por el Palmeral de Marrakech, a solo minutos de la animada medina de la ciudad. Esta experiencia de 1 hora en camello ofrece una escapada tranquila a un entorno tradicional des\u00e9rtico, donde la naturaleza, la cultura y el patrimonio bereber se fusionan a la perfecci\u00f3n. Pasee [&hellip;]","og_url":"https:\/\/www.culturaltravelmorocco.com\/es\/producto\/paseo-en-camello-por-el-palmeral-de-marrakech\/","og_site_name":"Cultural Travel Morocco","article_modified_time":"2026-01-11T17:44:02+00:00","og_image":[{"width":1200,"height":1000,"url":"https:\/\/www.culturaltravelmorocco.com\/wp-content\/uploads\/2026\/01\/7-16.webp","type":"image\/webp"}],"twitter_card":"summary_large_image","twitter_misc":{"Tiempo de lectura":"2 minutos"},"schema":{"@context":"https:\/\/schema.org","@graph":[{"@type":"WebPage","@id":"https:\/\/www.culturaltravelmorocco.com\/es\/producto\/paseo-en-camello-por-el-palmeral-de-marrakech\/","url":"https:\/\/www.culturaltravelmorocco.com\/es\/producto\/paseo-en-camello-por-el-palmeral-de-marrakech\/","name":"Paseo en camello por el palmeral de Marrakech - Cultural Travel Morocco","isPartOf":{"@id":"https:\/\/www.culturaltravelmorocco.com\/es\/#website"},"primaryImageOfPage":{"@id":"https:\/\/www.culturaltravelmorocco.com\/es\/producto\/paseo-en-camello-por-el-palmeral-de-marrakech\/#primaryimage"},"image":{"@id":"https:\/\/www.culturaltravelmorocco.com\/es\/producto\/paseo-en-camello-por-el-palmeral-de-marrakech\/#primaryimage"},"thumbnailUrl":"https:\/\/www.culturaltravelmorocco.com\/wp-content\/uploads\/2026\/01\/7-16.webp","datePublished":"2026-01-10T12:20:37+00:00","dateModified":"2026-01-11T17:44:02+00:00","breadcrumb":{"@id":"https:\/\/www.culturaltravelmorocco.com\/es\/producto\/paseo-en-camello-por-el-palmeral-de-marrakech\/#breadcrumb"},"inLanguage":"es","potentialAction":[{"@type":"ReadAction","target":["https:\/\/www.culturaltravelmorocco.com\/es\/producto\/paseo-en-camello-por-el-palmeral-de-marrakech\/"]}]},{"@type":"ImageObject","inLanguage":"es","@id":"https:\/\/www.culturaltravelmorocco.com\/es\/producto\/paseo-en-camello-por-el-palmeral-de-marrakech\/#primaryimage","url":"https:\/\/www.culturaltravelmorocco.com\/wp-content\/uploads\/2026\/01\/7-16.webp","contentUrl":"https:\/\/www.culturaltravelmorocco.com\/wp-content\/uploads\/2026\/01\/7-16.webp","width":1200,"height":1000},{"@type":"BreadcrumbList","@id":"https:\/\/www.culturaltravelmorocco.com\/es\/producto\/paseo-en-camello-por-el-palmeral-de-marrakech\/#breadcrumb","itemListElement":[{"@type":"ListItem","position":1,"name":"Inicio","item":"https:\/\/maroon-guanaco-577987.hostingersite.com\/"},{"@type":"ListItem","position":2,"name":"Productos","item":"https:\/\/www.culturaltravelmorocco.com\/es\/shop\/"},{"@type":"ListItem","position":3,"name":"Paseo en camello por el palmeral de Marrakech"}]},{"@type":"WebSite","@id":"https:\/\/www.culturaltravelmorocco.com\/es\/#website","url":"https:\/\/www.culturaltravelmorocco.com\/es\/","name":"Cultural Travel Morocco","description":"","potentialAction":[{"@type":"SearchAction","target":{"@type":"EntryPoint","urlTemplate":"https:\/\/www.culturaltravelmorocco.com\/es\/?s={search_term_string}"},"query-input":{"@type":"PropertyValueSpecification","valueRequired":true,"valueName":"search_term_string"}}],"inLanguage":"es"}]}},"_links":{"self":[{"href":"https:\/\/www.culturaltravelmorocco.com\/es\/wp-json\/wp\/v2\/product\/10631","targetHints":{"allow":["GET"]}}],"collection":[{"href":"https:\/\/www.culturaltravelmorocco.com\/es\/wp-json\/wp\/v2\/product"}],"about":[{"href":"https:\/\/www.culturaltravelmorocco.com\/es\/wp-json\/wp\/v2\/types\/product"}],"replies":[{"embeddable":true,"href":"https:\/\/www.culturaltravelmorocco.com\/es\/wp-json\/wp\/v2\/comments?post=10631"}],"wp:featuredmedia":[{"embeddable":true,"href":"https:\/\/www.culturaltravelmorocco.com\/es\/wp-json\/wp\/v2\/media\/10632"}],"wp:attachment":[{"href":"https:\/\/www.culturaltravelmorocco.com\/es\/wp-json\/wp\/v2\/media?parent=10631"}],"wp:term":[{"taxonomy":"product_brand","embeddable":true,"href":"https:\/\/www.culturaltravelmorocco.com\/es\/wp-json\/wp\/v2\/product_brand?post=10631"},{"taxonomy":"product_cat","embeddable":true,"href":"https:\/\/www.culturaltravelmorocco.com\/es\/wp-json\/wp\/v2\/product_cat?post=10631"},{"taxonomy":"product_tag","embeddable":true,"href":"https:\/\/www.culturaltravelmorocco.com\/es\/wp-json\/wp\/v2\/product_tag?post=10631"}],"curies":[{"name":"wp","href":"https:\/\/api.w.org\/{rel}","templated":true}]}}