{"id":10646,"date":"2026-01-10T12:20:37","date_gmt":"2026-01-10T12:20:37","guid":{"rendered":"https:\/\/culturaltravelmorocco.com\/product\/agafay-desert-camel-ride-experience-from-marrakech\/"},"modified":"2026-01-11T18:29:27","modified_gmt":"2026-01-11T18:29:27","slug":"paseo-en-camello-por-el-desierto-de-agafay-desde-marrakech","status":"publish","type":"product","link":"https:\/\/www.culturaltravelmorocco.com\/es\/producto\/paseo-en-camello-por-el-desierto-de-agafay-desde-marrakech\/","title":{"rendered":"Paseo en camello por el desierto de Agafay desde Marrakech"},"content":{"rendered":"<h2>Descripci\u00f3n general:<\/h2>\n<p>Disfrute de un aut\u00e9ntico paseo en camello por el desierto de Agafay, a poca distancia en coche de Marrakech. Esta tranquila experiencia le llevar\u00e1 a trav\u00e9s de paisajes des\u00e9rticos rocosos y ondulantes colinas, ofreciendo impresionantes vistas del Alto Atlas a lo lejos.<\/p>\n<p>De la mano de gu\u00edas locales experimentados, montar\u00e1 en camellos a un ritmo relajado mientras aprende sobre la cultura bereber, la vida en el desierto y las tradiciones n\u00f3madas. Se le proporcionar\u00e1 el atuendo tradicional bereber, lo que le permitir\u00e1 capturar fotos inolvidables en un entorno verdaderamente marroqu\u00ed.<\/p>\n<p>Tanto si elige un paseo diurno como una m\u00e1gica caminata en camello al atardecer, esta experiencia en el desierto de Agafay es la escapada perfecta del bullicio de la ciudad, ideal para parejas, familias y quienes visitan el desierto por primera vez.<\/p>\n<h2 data-start=\"364\" data-end=\"630\">Reflejos:<\/h2>\n<ul>\n<li>Aut\u00e9ntico paseo en camello por el desierto de Agafay<\/li>\n<li>Se proporciona ropa tradicional bereber para las fotos<\/li>\n<li>Vistas panor\u00e1micas de los paisajes rocosos del desierto y la cordillera del Atlas<\/li>\n<li>Oportunidad perfecta para disfrutar de un atardecer en el desierto<\/li>\n<li>Aprenda sobre la cultura local y la vida n\u00f3mada con gu\u00edas experimentados<\/li>\n<li>Ideal para parejas, familias y amantes de la fotograf\u00eda<\/li>\n<\/ul>\n<h2 data-start=\"819\" data-end=\"837\">Notas:<\/h2>\n<ul>\n<li>Esta experiencia dura aproximadamente 1 hora (sin incluir traslados).<\/li>\n<li>Hay paseos disponibles por la ma\u00f1ana y al atardecer; se recomienda disfrutar del atardecer para disfrutar de una luz m\u00e1gica y tomar fotos.<\/li>\n<li>Los ni\u00f1os menores de 10 a\u00f1os deben viajar acompa\u00f1ados de un adulto.<\/li>\n<li>Se recomienda llevar ropa c\u00f3moda y calzado cerrado.<\/li>\n<\/ul>\n","protected":false},"excerpt":{"rendered":"<p>Descripci\u00f3n general: Disfrute de un aut\u00e9ntico paseo en camello por el desierto de Agafay, a poca distancia en coche de Marrakech. Esta tranquila experiencia le llevar\u00e1 a trav\u00e9s de paisajes des\u00e9rticos rocosos y ondulantes colinas, ofreciendo impresionantes vistas del Alto Atlas a lo lejos. De la mano de gu\u00edas locales experimentados, montar\u00e1 en camellos a [&hellip;]<\/p>\n","protected":false},"featured_media":10647,"comment_status":"closed","ping_status":"closed","template":"","meta":{"_joinchat":[]},"product_brand":[],"product_cat":[87],"product_tag":[],"class_list":{"0":"post-10646","1":"product","2":"type-product","3":"status-publish","4":"has-post-thumbnail","6":"brw_tour_types-culture","7":"brw_tour_types-family","8":"product_cat-excursiones-en-camello","10":"first","11":"instock","12":"purchasable","13":"product-type-ovabrw_car_rental"},"yoast_head":"<!-- This site is optimized with the Yoast SEO Premium plugin v25.0 (Yoast SEO v25.0) - https:\/\/yoast.com\/wordpress\/plugins\/seo\/ -->\n<title>Paseo en camello por el desierto de Agafay desde Marrakech - Cultural Travel Morocco<\/title>\n<meta name=\"robots\" content=\"index, follow, max-snippet:-1, max-image-preview:large, max-video-preview:-1\" \/>\n<link rel=\"canonical\" href=\"https:\/\/www.culturaltravelmorocco.com\/es\/producto\/paseo-en-camello-por-el-desierto-de-agafay-desde-marrakech\/\" \/>\n<meta property=\"og:locale\" content=\"es_ES\" \/>\n<meta property=\"og:type\" content=\"article\" \/>\n<meta property=\"og:title\" content=\"Paseo en camello por el desierto de Agafay desde Marrakech\" \/>\n<meta property=\"og:description\" content=\"Descripci\u00f3n general: Disfrute de un aut\u00e9ntico paseo en camello por el desierto de Agafay, a poca distancia en coche de Marrakech. Esta tranquila experiencia le llevar\u00e1 a trav\u00e9s de paisajes des\u00e9rticos rocosos y ondulantes colinas, ofreciendo impresionantes vistas del Alto Atlas a lo lejos. De la mano de gu\u00edas locales experimentados, montar\u00e1 en camellos a [&hellip;]\" \/>\n<meta property=\"og:url\" content=\"https:\/\/www.culturaltravelmorocco.com\/es\/producto\/paseo-en-camello-por-el-desierto-de-agafay-desde-marrakech\/\" \/>\n<meta property=\"og:site_name\" content=\"Cultural Travel Morocco\" \/>\n<meta property=\"article:modified_time\" content=\"2026-01-11T18:29:27+00:00\" \/>\n<meta property=\"og:image\" content=\"https:\/\/www.culturaltravelmorocco.com\/wp-content\/uploads\/2026\/01\/16-3.webp\" \/>\n\t<meta property=\"og:image:width\" content=\"1200\" \/>\n\t<meta property=\"og:image:height\" content=\"1000\" \/>\n\t<meta property=\"og:image:type\" content=\"image\/webp\" \/>\n<meta name=\"twitter:card\" content=\"summary_large_image\" \/>\n<meta name=\"twitter:label1\" content=\"Tiempo de lectura\" \/>\n\t<meta name=\"twitter:data1\" content=\"2 minutos\" \/>\n<script type=\"application\/ld+json\" class=\"yoast-schema-graph\">{\"@context\":\"https:\/\/schema.org\",\"@graph\":[{\"@type\":\"WebPage\",\"@id\":\"https:\/\/www.culturaltravelmorocco.com\/es\/producto\/paseo-en-camello-por-el-desierto-de-agafay-desde-marrakech\/\",\"url\":\"https:\/\/www.culturaltravelmorocco.com\/es\/producto\/paseo-en-camello-por-el-desierto-de-agafay-desde-marrakech\/\",\"name\":\"Paseo en camello por el desierto de Agafay desde Marrakech - Cultural Travel Morocco\",\"isPartOf\":{\"@id\":\"https:\/\/www.culturaltravelmorocco.com\/es\/#website\"},\"primaryImageOfPage\":{\"@id\":\"https:\/\/www.culturaltravelmorocco.com\/es\/producto\/paseo-en-camello-por-el-desierto-de-agafay-desde-marrakech\/#primaryimage\"},\"image\":{\"@id\":\"https:\/\/www.culturaltravelmorocco.com\/es\/producto\/paseo-en-camello-por-el-desierto-de-agafay-desde-marrakech\/#primaryimage\"},\"thumbnailUrl\":\"https:\/\/www.culturaltravelmorocco.com\/wp-content\/uploads\/2026\/01\/16-3.webp\",\"datePublished\":\"2026-01-10T12:20:37+00:00\",\"dateModified\":\"2026-01-11T18:29:27+00:00\",\"breadcrumb\":{\"@id\":\"https:\/\/www.culturaltravelmorocco.com\/es\/producto\/paseo-en-camello-por-el-desierto-de-agafay-desde-marrakech\/#breadcrumb\"},\"inLanguage\":\"es\",\"potentialAction\":[{\"@type\":\"ReadAction\",\"target\":[\"https:\/\/www.culturaltravelmorocco.com\/es\/producto\/paseo-en-camello-por-el-desierto-de-agafay-desde-marrakech\/\"]}]},{\"@type\":\"ImageObject\",\"inLanguage\":\"es\",\"@id\":\"https:\/\/www.culturaltravelmorocco.com\/es\/producto\/paseo-en-camello-por-el-desierto-de-agafay-desde-marrakech\/#primaryimage\",\"url\":\"https:\/\/www.culturaltravelmorocco.com\/wp-content\/uploads\/2026\/01\/16-3.webp\",\"contentUrl\":\"https:\/\/www.culturaltravelmorocco.com\/wp-content\/uploads\/2026\/01\/16-3.webp\",\"width\":1200,\"height\":1000},{\"@type\":\"BreadcrumbList\",\"@id\":\"https:\/\/www.culturaltravelmorocco.com\/es\/producto\/paseo-en-camello-por-el-desierto-de-agafay-desde-marrakech\/#breadcrumb\",\"itemListElement\":[{\"@type\":\"ListItem\",\"position\":1,\"name\":\"Inicio\",\"item\":\"https:\/\/maroon-guanaco-577987.hostingersite.com\/\"},{\"@type\":\"ListItem\",\"position\":2,\"name\":\"Productos\",\"item\":\"https:\/\/www.culturaltravelmorocco.com\/es\/shop\/\"},{\"@type\":\"ListItem\",\"position\":3,\"name\":\"Paseo en camello por el desierto de Agafay desde Marrakech\"}]},{\"@type\":\"WebSite\",\"@id\":\"https:\/\/www.culturaltravelmorocco.com\/es\/#website\",\"url\":\"https:\/\/www.culturaltravelmorocco.com\/es\/\",\"name\":\"Cultural Travel Morocco\",\"description\":\"\",\"potentialAction\":[{\"@type\":\"SearchAction\",\"target\":{\"@type\":\"EntryPoint\",\"urlTemplate\":\"https:\/\/www.culturaltravelmorocco.com\/es\/?s={search_term_string}\"},\"query-input\":{\"@type\":\"PropertyValueSpecification\",\"valueRequired\":true,\"valueName\":\"search_term_string\"}}],\"inLanguage\":\"es\"}]}<\/script>\n<!-- \/ Yoast SEO Premium plugin. -->","yoast_head_json":{"title":"Paseo en camello por el desierto de Agafay desde Marrakech - Cultural Travel Morocco","robots":{"index":"index","follow":"follow","max-snippet":"max-snippet:-1","max-image-preview":"max-image-preview:large","max-video-preview":"max-video-preview:-1"},"canonical":"https:\/\/www.culturaltravelmorocco.com\/es\/producto\/paseo-en-camello-por-el-desierto-de-agafay-desde-marrakech\/","og_locale":"es_ES","og_type":"article","og_title":"Paseo en camello por el desierto de Agafay desde Marrakech","og_description":"Descripci\u00f3n general: Disfrute de un aut\u00e9ntico paseo en camello por el desierto de Agafay, a poca distancia en coche de Marrakech. Esta tranquila experiencia le llevar\u00e1 a trav\u00e9s de paisajes des\u00e9rticos rocosos y ondulantes colinas, ofreciendo impresionantes vistas del Alto Atlas a lo lejos. De la mano de gu\u00edas locales experimentados, montar\u00e1 en camellos a [&hellip;]","og_url":"https:\/\/www.culturaltravelmorocco.com\/es\/producto\/paseo-en-camello-por-el-desierto-de-agafay-desde-marrakech\/","og_site_name":"Cultural Travel Morocco","article_modified_time":"2026-01-11T18:29:27+00:00","og_image":[{"width":1200,"height":1000,"url":"https:\/\/www.culturaltravelmorocco.com\/wp-content\/uploads\/2026\/01\/16-3.webp","type":"image\/webp"}],"twitter_card":"summary_large_image","twitter_misc":{"Tiempo de lectura":"2 minutos"},"schema":{"@context":"https:\/\/schema.org","@graph":[{"@type":"WebPage","@id":"https:\/\/www.culturaltravelmorocco.com\/es\/producto\/paseo-en-camello-por-el-desierto-de-agafay-desde-marrakech\/","url":"https:\/\/www.culturaltravelmorocco.com\/es\/producto\/paseo-en-camello-por-el-desierto-de-agafay-desde-marrakech\/","name":"Paseo en camello por el desierto de Agafay desde Marrakech - Cultural Travel Morocco","isPartOf":{"@id":"https:\/\/www.culturaltravelmorocco.com\/es\/#website"},"primaryImageOfPage":{"@id":"https:\/\/www.culturaltravelmorocco.com\/es\/producto\/paseo-en-camello-por-el-desierto-de-agafay-desde-marrakech\/#primaryimage"},"image":{"@id":"https:\/\/www.culturaltravelmorocco.com\/es\/producto\/paseo-en-camello-por-el-desierto-de-agafay-desde-marrakech\/#primaryimage"},"thumbnailUrl":"https:\/\/www.culturaltravelmorocco.com\/wp-content\/uploads\/2026\/01\/16-3.webp","datePublished":"2026-01-10T12:20:37+00:00","dateModified":"2026-01-11T18:29:27+00:00","breadcrumb":{"@id":"https:\/\/www.culturaltravelmorocco.com\/es\/producto\/paseo-en-camello-por-el-desierto-de-agafay-desde-marrakech\/#breadcrumb"},"inLanguage":"es","potentialAction":[{"@type":"ReadAction","target":["https:\/\/www.culturaltravelmorocco.com\/es\/producto\/paseo-en-camello-por-el-desierto-de-agafay-desde-marrakech\/"]}]},{"@type":"ImageObject","inLanguage":"es","@id":"https:\/\/www.culturaltravelmorocco.com\/es\/producto\/paseo-en-camello-por-el-desierto-de-agafay-desde-marrakech\/#primaryimage","url":"https:\/\/www.culturaltravelmorocco.com\/wp-content\/uploads\/2026\/01\/16-3.webp","contentUrl":"https:\/\/www.culturaltravelmorocco.com\/wp-content\/uploads\/2026\/01\/16-3.webp","width":1200,"height":1000},{"@type":"BreadcrumbList","@id":"https:\/\/www.culturaltravelmorocco.com\/es\/producto\/paseo-en-camello-por-el-desierto-de-agafay-desde-marrakech\/#breadcrumb","itemListElement":[{"@type":"ListItem","position":1,"name":"Inicio","item":"https:\/\/maroon-guanaco-577987.hostingersite.com\/"},{"@type":"ListItem","position":2,"name":"Productos","item":"https:\/\/www.culturaltravelmorocco.com\/es\/shop\/"},{"@type":"ListItem","position":3,"name":"Paseo en camello por el desierto de Agafay desde Marrakech"}]},{"@type":"WebSite","@id":"https:\/\/www.culturaltravelmorocco.com\/es\/#website","url":"https:\/\/www.culturaltravelmorocco.com\/es\/","name":"Cultural Travel Morocco","description":"","potentialAction":[{"@type":"SearchAction","target":{"@type":"EntryPoint","urlTemplate":"https:\/\/www.culturaltravelmorocco.com\/es\/?s={search_term_string}"},"query-input":{"@type":"PropertyValueSpecification","valueRequired":true,"valueName":"search_term_string"}}],"inLanguage":"es"}]}},"_links":{"self":[{"href":"https:\/\/www.culturaltravelmorocco.com\/es\/wp-json\/wp\/v2\/product\/10646","targetHints":{"allow":["GET"]}}],"collection":[{"href":"https:\/\/www.culturaltravelmorocco.com\/es\/wp-json\/wp\/v2\/product"}],"about":[{"href":"https:\/\/www.culturaltravelmorocco.com\/es\/wp-json\/wp\/v2\/types\/product"}],"replies":[{"embeddable":true,"href":"https:\/\/www.culturaltravelmorocco.com\/es\/wp-json\/wp\/v2\/comments?post=10646"}],"wp:featuredmedia":[{"embeddable":true,"href":"https:\/\/www.culturaltravelmorocco.com\/es\/wp-json\/wp\/v2\/media\/10647"}],"wp:attachment":[{"href":"https:\/\/www.culturaltravelmorocco.com\/es\/wp-json\/wp\/v2\/media?parent=10646"}],"wp:term":[{"taxonomy":"product_brand","embeddable":true,"href":"https:\/\/www.culturaltravelmorocco.com\/es\/wp-json\/wp\/v2\/product_brand?post=10646"},{"taxonomy":"product_cat","embeddable":true,"href":"https:\/\/www.culturaltravelmorocco.com\/es\/wp-json\/wp\/v2\/product_cat?post=10646"},{"taxonomy":"product_tag","embeddable":true,"href":"https:\/\/www.culturaltravelmorocco.com\/es\/wp-json\/wp\/v2\/product_tag?post=10646"}],"curies":[{"name":"wp","href":"https:\/\/api.w.org\/{rel}","templated":true}]}}