{"id":10664,"date":"2026-01-10T12:20:37","date_gmt":"2026-01-10T12:20:37","guid":{"rendered":"https:\/\/culturaltravelmorocco.com\/product\/asilah-day-trip-from-tangier-private-coastal-tour\/"},"modified":"2026-01-11T18:34:28","modified_gmt":"2026-01-11T18:34:28","slug":"excursion-de-un-dia-a-arcila-desde-tanger-tour-privado-por-la-costa","status":"publish","type":"product","link":"https:\/\/www.culturaltravelmorocco.com\/es\/producto\/excursion-de-un-dia-a-arcila-desde-tanger-tour-privado-por-la-costa\/","title":{"rendered":"Excursi\u00f3n de un d\u00eda a Arcila desde T\u00e1nger: tour privado por la costa"},"content":{"rendered":"<h2>Descripci\u00f3n general:<\/h2>\n<p>A las 9:00 h, le recogeremos en su hotel o riad de T\u00e1nger y viajaremos hacia el norte por la costa atl\u00e1ntica para descubrir Arcila, uno de los pueblos costeros con m\u00e1s encanto del norte de Marruecos. Conocida por sus paredes encaladas, sus hist\u00f3ricas murallas y su ambiente art\u00edstico, Arcila es un destino tranquilo donde se fusionan historia, cultura y vistas al mar.<\/p>\n<p>A su llegada, disfrute de tiempo libre para explorar la medina amurallada de Arcila, pasear por sus estrechas calles decoradas con murales y descubrir vestigios de la herencia portuguesa en sus fortificaciones. Visite las tiendas de artesan\u00eda local, rel\u00e1jese junto al mar y sum\u00e9rjase en la apacible atm\u00f3sfera costera antes de regresar a T\u00e1nger por la tarde tras una refrescante escapada cultural.<\/p>\n","protected":false},"excerpt":{"rendered":"<p>Descripci\u00f3n general: A las 9:00 h, le recogeremos en su hotel o riad de T\u00e1nger y viajaremos hacia el norte por la costa atl\u00e1ntica para descubrir Arcila, uno de los pueblos costeros con m\u00e1s encanto del norte de Marruecos. Conocida por sus paredes encaladas, sus hist\u00f3ricas murallas y su ambiente art\u00edstico, Arcila es un destino [&hellip;]<\/p>\n","protected":false},"featured_media":9599,"comment_status":"closed","ping_status":"closed","template":"","meta":{"_joinchat":[]},"product_brand":[],"product_cat":[82,79],"product_tag":[],"class_list":{"0":"post-10664","1":"product","2":"type-product","3":"status-publish","4":"has-post-thumbnail","6":"product_cat-excursion-de-un-dia-desde-tanger","7":"product_cat-excursiones-de-un-dia","9":"first","10":"instock","11":"purchasable","12":"product-type-ovabrw_car_rental"},"yoast_head":"<!-- This site is optimized with the Yoast SEO Premium plugin v25.0 (Yoast SEO v25.0) - https:\/\/yoast.com\/wordpress\/plugins\/seo\/ -->\n<title>Excursi\u00f3n de un d\u00eda a Arcila desde T\u00e1nger: tour privado por la costa - Cultural Travel Morocco<\/title>\n<meta name=\"robots\" content=\"index, follow, max-snippet:-1, max-image-preview:large, max-video-preview:-1\" \/>\n<link rel=\"canonical\" href=\"https:\/\/www.culturaltravelmorocco.com\/es\/producto\/excursion-de-un-dia-a-arcila-desde-tanger-tour-privado-por-la-costa\/\" \/>\n<meta property=\"og:locale\" content=\"es_ES\" \/>\n<meta property=\"og:type\" content=\"article\" \/>\n<meta property=\"og:title\" content=\"Excursi\u00f3n de un d\u00eda a Arcila desde T\u00e1nger: tour privado por la costa\" \/>\n<meta property=\"og:description\" content=\"Descripci\u00f3n general: A las 9:00 h, le recogeremos en su hotel o riad de T\u00e1nger y viajaremos hacia el norte por la costa atl\u00e1ntica para descubrir Arcila, uno de los pueblos costeros con m\u00e1s encanto del norte de Marruecos. Conocida por sus paredes encaladas, sus hist\u00f3ricas murallas y su ambiente art\u00edstico, Arcila es un destino [&hellip;]\" \/>\n<meta property=\"og:url\" content=\"https:\/\/www.culturaltravelmorocco.com\/es\/producto\/excursion-de-un-dia-a-arcila-desde-tanger-tour-privado-por-la-costa\/\" \/>\n<meta property=\"og:site_name\" content=\"Cultural Travel Morocco\" \/>\n<meta property=\"article:modified_time\" content=\"2026-01-11T18:34:28+00:00\" \/>\n<meta property=\"og:image\" content=\"https:\/\/www.culturaltravelmorocco.com\/wp-content\/uploads\/2026\/01\/9-2-1.webp\" \/>\n\t<meta property=\"og:image:width\" content=\"1200\" \/>\n\t<meta property=\"og:image:height\" content=\"1000\" \/>\n\t<meta property=\"og:image:type\" content=\"image\/webp\" \/>\n<meta name=\"twitter:card\" content=\"summary_large_image\" \/>\n<meta name=\"twitter:label1\" content=\"Tiempo de lectura\" \/>\n\t<meta name=\"twitter:data1\" content=\"1 minuto\" \/>\n<script type=\"application\/ld+json\" class=\"yoast-schema-graph\">{\"@context\":\"https:\/\/schema.org\",\"@graph\":[{\"@type\":\"WebPage\",\"@id\":\"https:\/\/www.culturaltravelmorocco.com\/es\/producto\/excursion-de-un-dia-a-arcila-desde-tanger-tour-privado-por-la-costa\/\",\"url\":\"https:\/\/www.culturaltravelmorocco.com\/es\/producto\/excursion-de-un-dia-a-arcila-desde-tanger-tour-privado-por-la-costa\/\",\"name\":\"Excursi\u00f3n de un d\u00eda a Arcila desde T\u00e1nger: tour privado por la costa - Cultural Travel Morocco\",\"isPartOf\":{\"@id\":\"https:\/\/www.culturaltravelmorocco.com\/es\/#website\"},\"primaryImageOfPage\":{\"@id\":\"https:\/\/www.culturaltravelmorocco.com\/es\/producto\/excursion-de-un-dia-a-arcila-desde-tanger-tour-privado-por-la-costa\/#primaryimage\"},\"image\":{\"@id\":\"https:\/\/www.culturaltravelmorocco.com\/es\/producto\/excursion-de-un-dia-a-arcila-desde-tanger-tour-privado-por-la-costa\/#primaryimage\"},\"thumbnailUrl\":\"https:\/\/www.culturaltravelmorocco.com\/wp-content\/uploads\/2026\/01\/9-2-1.webp\",\"datePublished\":\"2026-01-10T12:20:37+00:00\",\"dateModified\":\"2026-01-11T18:34:28+00:00\",\"breadcrumb\":{\"@id\":\"https:\/\/www.culturaltravelmorocco.com\/es\/producto\/excursion-de-un-dia-a-arcila-desde-tanger-tour-privado-por-la-costa\/#breadcrumb\"},\"inLanguage\":\"es\",\"potentialAction\":[{\"@type\":\"ReadAction\",\"target\":[\"https:\/\/www.culturaltravelmorocco.com\/es\/producto\/excursion-de-un-dia-a-arcila-desde-tanger-tour-privado-por-la-costa\/\"]}]},{\"@type\":\"ImageObject\",\"inLanguage\":\"es\",\"@id\":\"https:\/\/www.culturaltravelmorocco.com\/es\/producto\/excursion-de-un-dia-a-arcila-desde-tanger-tour-privado-por-la-costa\/#primaryimage\",\"url\":\"https:\/\/www.culturaltravelmorocco.com\/wp-content\/uploads\/2026\/01\/9-2-1.webp\",\"contentUrl\":\"https:\/\/www.culturaltravelmorocco.com\/wp-content\/uploads\/2026\/01\/9-2-1.webp\",\"width\":1200,\"height\":1000},{\"@type\":\"BreadcrumbList\",\"@id\":\"https:\/\/www.culturaltravelmorocco.com\/es\/producto\/excursion-de-un-dia-a-arcila-desde-tanger-tour-privado-por-la-costa\/#breadcrumb\",\"itemListElement\":[{\"@type\":\"ListItem\",\"position\":1,\"name\":\"Inicio\",\"item\":\"https:\/\/maroon-guanaco-577987.hostingersite.com\/\"},{\"@type\":\"ListItem\",\"position\":2,\"name\":\"Productos\",\"item\":\"https:\/\/www.culturaltravelmorocco.com\/es\/shop\/\"},{\"@type\":\"ListItem\",\"position\":3,\"name\":\"Excursi\u00f3n de un d\u00eda a Arcila desde T\u00e1nger: tour privado por la costa\"}]},{\"@type\":\"WebSite\",\"@id\":\"https:\/\/www.culturaltravelmorocco.com\/es\/#website\",\"url\":\"https:\/\/www.culturaltravelmorocco.com\/es\/\",\"name\":\"Cultural Travel Morocco\",\"description\":\"\",\"potentialAction\":[{\"@type\":\"SearchAction\",\"target\":{\"@type\":\"EntryPoint\",\"urlTemplate\":\"https:\/\/www.culturaltravelmorocco.com\/es\/?s={search_term_string}\"},\"query-input\":{\"@type\":\"PropertyValueSpecification\",\"valueRequired\":true,\"valueName\":\"search_term_string\"}}],\"inLanguage\":\"es\"}]}<\/script>\n<!-- \/ Yoast SEO Premium plugin. -->","yoast_head_json":{"title":"Excursi\u00f3n de un d\u00eda a Arcila desde T\u00e1nger: tour privado por la costa - Cultural Travel Morocco","robots":{"index":"index","follow":"follow","max-snippet":"max-snippet:-1","max-image-preview":"max-image-preview:large","max-video-preview":"max-video-preview:-1"},"canonical":"https:\/\/www.culturaltravelmorocco.com\/es\/producto\/excursion-de-un-dia-a-arcila-desde-tanger-tour-privado-por-la-costa\/","og_locale":"es_ES","og_type":"article","og_title":"Excursi\u00f3n de un d\u00eda a Arcila desde T\u00e1nger: tour privado por la costa","og_description":"Descripci\u00f3n general: A las 9:00 h, le recogeremos en su hotel o riad de T\u00e1nger y viajaremos hacia el norte por la costa atl\u00e1ntica para descubrir Arcila, uno de los pueblos costeros con m\u00e1s encanto del norte de Marruecos. Conocida por sus paredes encaladas, sus hist\u00f3ricas murallas y su ambiente art\u00edstico, Arcila es un destino [&hellip;]","og_url":"https:\/\/www.culturaltravelmorocco.com\/es\/producto\/excursion-de-un-dia-a-arcila-desde-tanger-tour-privado-por-la-costa\/","og_site_name":"Cultural Travel Morocco","article_modified_time":"2026-01-11T18:34:28+00:00","og_image":[{"width":1200,"height":1000,"url":"https:\/\/www.culturaltravelmorocco.com\/wp-content\/uploads\/2026\/01\/9-2-1.webp","type":"image\/webp"}],"twitter_card":"summary_large_image","twitter_misc":{"Tiempo de lectura":"1 minuto"},"schema":{"@context":"https:\/\/schema.org","@graph":[{"@type":"WebPage","@id":"https:\/\/www.culturaltravelmorocco.com\/es\/producto\/excursion-de-un-dia-a-arcila-desde-tanger-tour-privado-por-la-costa\/","url":"https:\/\/www.culturaltravelmorocco.com\/es\/producto\/excursion-de-un-dia-a-arcila-desde-tanger-tour-privado-por-la-costa\/","name":"Excursi\u00f3n de un d\u00eda a Arcila desde T\u00e1nger: tour privado por la costa - Cultural Travel Morocco","isPartOf":{"@id":"https:\/\/www.culturaltravelmorocco.com\/es\/#website"},"primaryImageOfPage":{"@id":"https:\/\/www.culturaltravelmorocco.com\/es\/producto\/excursion-de-un-dia-a-arcila-desde-tanger-tour-privado-por-la-costa\/#primaryimage"},"image":{"@id":"https:\/\/www.culturaltravelmorocco.com\/es\/producto\/excursion-de-un-dia-a-arcila-desde-tanger-tour-privado-por-la-costa\/#primaryimage"},"thumbnailUrl":"https:\/\/www.culturaltravelmorocco.com\/wp-content\/uploads\/2026\/01\/9-2-1.webp","datePublished":"2026-01-10T12:20:37+00:00","dateModified":"2026-01-11T18:34:28+00:00","breadcrumb":{"@id":"https:\/\/www.culturaltravelmorocco.com\/es\/producto\/excursion-de-un-dia-a-arcila-desde-tanger-tour-privado-por-la-costa\/#breadcrumb"},"inLanguage":"es","potentialAction":[{"@type":"ReadAction","target":["https:\/\/www.culturaltravelmorocco.com\/es\/producto\/excursion-de-un-dia-a-arcila-desde-tanger-tour-privado-por-la-costa\/"]}]},{"@type":"ImageObject","inLanguage":"es","@id":"https:\/\/www.culturaltravelmorocco.com\/es\/producto\/excursion-de-un-dia-a-arcila-desde-tanger-tour-privado-por-la-costa\/#primaryimage","url":"https:\/\/www.culturaltravelmorocco.com\/wp-content\/uploads\/2026\/01\/9-2-1.webp","contentUrl":"https:\/\/www.culturaltravelmorocco.com\/wp-content\/uploads\/2026\/01\/9-2-1.webp","width":1200,"height":1000},{"@type":"BreadcrumbList","@id":"https:\/\/www.culturaltravelmorocco.com\/es\/producto\/excursion-de-un-dia-a-arcila-desde-tanger-tour-privado-por-la-costa\/#breadcrumb","itemListElement":[{"@type":"ListItem","position":1,"name":"Inicio","item":"https:\/\/maroon-guanaco-577987.hostingersite.com\/"},{"@type":"ListItem","position":2,"name":"Productos","item":"https:\/\/www.culturaltravelmorocco.com\/es\/shop\/"},{"@type":"ListItem","position":3,"name":"Excursi\u00f3n de un d\u00eda a Arcila desde T\u00e1nger: tour privado por la costa"}]},{"@type":"WebSite","@id":"https:\/\/www.culturaltravelmorocco.com\/es\/#website","url":"https:\/\/www.culturaltravelmorocco.com\/es\/","name":"Cultural Travel Morocco","description":"","potentialAction":[{"@type":"SearchAction","target":{"@type":"EntryPoint","urlTemplate":"https:\/\/www.culturaltravelmorocco.com\/es\/?s={search_term_string}"},"query-input":{"@type":"PropertyValueSpecification","valueRequired":true,"valueName":"search_term_string"}}],"inLanguage":"es"}]}},"_links":{"self":[{"href":"https:\/\/www.culturaltravelmorocco.com\/es\/wp-json\/wp\/v2\/product\/10664","targetHints":{"allow":["GET"]}}],"collection":[{"href":"https:\/\/www.culturaltravelmorocco.com\/es\/wp-json\/wp\/v2\/product"}],"about":[{"href":"https:\/\/www.culturaltravelmorocco.com\/es\/wp-json\/wp\/v2\/types\/product"}],"replies":[{"embeddable":true,"href":"https:\/\/www.culturaltravelmorocco.com\/es\/wp-json\/wp\/v2\/comments?post=10664"}],"wp:featuredmedia":[{"embeddable":true,"href":"https:\/\/www.culturaltravelmorocco.com\/es\/wp-json\/wp\/v2\/media\/9599"}],"wp:attachment":[{"href":"https:\/\/www.culturaltravelmorocco.com\/es\/wp-json\/wp\/v2\/media?parent=10664"}],"wp:term":[{"taxonomy":"product_brand","embeddable":true,"href":"https:\/\/www.culturaltravelmorocco.com\/es\/wp-json\/wp\/v2\/product_brand?post=10664"},{"taxonomy":"product_cat","embeddable":true,"href":"https:\/\/www.culturaltravelmorocco.com\/es\/wp-json\/wp\/v2\/product_cat?post=10664"},{"taxonomy":"product_tag","embeddable":true,"href":"https:\/\/www.culturaltravelmorocco.com\/es\/wp-json\/wp\/v2\/product_tag?post=10664"}],"curies":[{"name":"wp","href":"https:\/\/api.w.org\/{rel}","templated":true}]}}