{"id":10673,"date":"2026-01-10T12:20:37","date_gmt":"2026-01-10T12:20:37","guid":{"rendered":"https:\/\/culturaltravelmorocco.com\/product\/agafay-desert-quad-biking-adventure-from-marrakech\/"},"modified":"2026-01-11T18:40:34","modified_gmt":"2026-01-11T18:40:34","slug":"aventura-en-quad-por-el-desierto-de-agafay-desde-marrakech","status":"publish","type":"product","link":"https:\/\/www.culturaltravelmorocco.com\/es\/producto\/aventura-en-quad-por-el-desierto-de-agafay-desde-marrakech\/","title":{"rendered":"Aventura en quad por el desierto de Agafay desde Marrakech"},"content":{"rendered":"<h2>Descripci\u00f3n general:<\/h2>\n<p>Tu aventura en quad por el desierto de Agafay comienza con la recogida en tu hotel o riad de Marrakech. Tras un recorrido panor\u00e1mico de 45 minutos, llegar\u00e1s al rocoso paisaje des\u00e9rtico de Agafay, con impresionantes vistas de la cordillera del Atlas.<\/p>\n<p>A tu llegada, recibir\u00e1s una completa sesi\u00f3n informativa de seguridad e instrucciones de manejo en quad por parte de nuestros gu\u00edas experimentados para garantizar un viaje seguro y placentero. A continuaci\u00f3n, emprende un emocionante viaje en quad por el accidentado terreno del desierto, explorando amplios espacios abiertos y vistas panor\u00e1micas impresionantes.<\/p>\n<p>A mitad del recorrido, haremos una parada en un vivac tradicional del desierto, donde podr\u00e1s relajarte y disfrutar del aut\u00e9ntico t\u00e9 de menta marroqu\u00ed, s\u00edmbolo de la hospitalidad local. Este tranquilo descanso es perfecto para tomar fotos y sumergirte en la atm\u00f3sfera \u00fanica del desierto.<\/p>\n<p>Despu\u00e9s del descanso, contin\u00faa tu emocionante viaje en quad de regreso al punto de partida, seguido de un c\u00f3modo traslado de regreso a Marrakech, que te dejar\u00e1 recuerdos inolvidables del desierto de Agafay.<\/p>\n<h2 data-start=\"819\" data-end=\"837\">Reflejos:<\/h2>\n<ul>\n<li>Aventura llena de adrenalina en un desierto rocoso<\/li>\n<li>Vistas panor\u00e1micas de la cordillera del Atlas<\/li>\n<li>T\u00e9 tradicional con lugare\u00f1os<\/li>\n<li>Perfecto para todos los niveles<\/li>\n<\/ul>\n<h2 data-start=\"819\" data-end=\"837\">Notas:<\/h2>\n<ul>\n<li>Edad m\u00ednima para conducir solo: 14 a\u00f1os o m\u00e1s<\/li>\n<li>Los menores de 14 a\u00f1os pueden viajar con adultos<\/li>\n<li>No se necesita carnet de conducir<\/li>\n<li>Ideal para principiantes: llevar ropa c\u00f3moda y calzado cerrado<\/li>\n<li>Ofrecemos tarifas especiales para grupos<\/li>\n<li>Opciones para grupos familiares<\/li>\n<\/ul>\n","protected":false},"excerpt":{"rendered":"<p>Descripci\u00f3n general: Tu aventura en quad por el desierto de Agafay comienza con la recogida en tu hotel o riad de Marrakech. Tras un recorrido panor\u00e1mico de 45 minutos, llegar\u00e1s al rocoso paisaje des\u00e9rtico de Agafay, con impresionantes vistas de la cordillera del Atlas. A tu llegada, recibir\u00e1s una completa sesi\u00f3n informativa de seguridad e [&hellip;]<\/p>\n","protected":false},"featured_media":9794,"comment_status":"closed","ping_status":"closed","template":"","meta":{"_joinchat":[]},"product_brand":[],"product_cat":[81,79],"product_tag":[],"class_list":{"0":"post-10673","1":"product","2":"type-product","3":"status-publish","4":"has-post-thumbnail","6":"product_cat-excursion-de-un-dia-desde-marrakech","7":"product_cat-excursiones-de-un-dia","9":"first","10":"instock","11":"purchasable","12":"product-type-ovabrw_car_rental"},"yoast_head":"<!-- This site is optimized with the Yoast SEO Premium plugin v25.0 (Yoast SEO v25.0) - https:\/\/yoast.com\/wordpress\/plugins\/seo\/ -->\n<title>Aventura en quad por el desierto de Agafay desde Marrakech - Cultural Travel Morocco<\/title>\n<meta name=\"robots\" content=\"index, follow, max-snippet:-1, max-image-preview:large, max-video-preview:-1\" \/>\n<link rel=\"canonical\" href=\"https:\/\/www.culturaltravelmorocco.com\/es\/producto\/aventura-en-quad-por-el-desierto-de-agafay-desde-marrakech\/\" \/>\n<meta property=\"og:locale\" content=\"es_ES\" \/>\n<meta property=\"og:type\" content=\"article\" \/>\n<meta property=\"og:title\" content=\"Aventura en quad por el desierto de Agafay desde Marrakech\" \/>\n<meta property=\"og:description\" content=\"Descripci\u00f3n general: Tu aventura en quad por el desierto de Agafay comienza con la recogida en tu hotel o riad de Marrakech. Tras un recorrido panor\u00e1mico de 45 minutos, llegar\u00e1s al rocoso paisaje des\u00e9rtico de Agafay, con impresionantes vistas de la cordillera del Atlas. A tu llegada, recibir\u00e1s una completa sesi\u00f3n informativa de seguridad e [&hellip;]\" \/>\n<meta property=\"og:url\" content=\"https:\/\/www.culturaltravelmorocco.com\/es\/producto\/aventura-en-quad-por-el-desierto-de-agafay-desde-marrakech\/\" \/>\n<meta property=\"og:site_name\" content=\"Cultural Travel Morocco\" \/>\n<meta property=\"article:modified_time\" content=\"2026-01-11T18:40:34+00:00\" \/>\n<meta property=\"og:image\" content=\"https:\/\/www.culturaltravelmorocco.com\/wp-content\/uploads\/2026\/01\/13-5.webp\" \/>\n\t<meta property=\"og:image:width\" content=\"1200\" \/>\n\t<meta property=\"og:image:height\" content=\"1000\" \/>\n\t<meta property=\"og:image:type\" content=\"image\/webp\" \/>\n<meta name=\"twitter:card\" content=\"summary_large_image\" \/>\n<meta name=\"twitter:label1\" content=\"Tiempo de lectura\" \/>\n\t<meta name=\"twitter:data1\" content=\"2 minutos\" \/>\n<script type=\"application\/ld+json\" class=\"yoast-schema-graph\">{\"@context\":\"https:\/\/schema.org\",\"@graph\":[{\"@type\":\"WebPage\",\"@id\":\"https:\/\/www.culturaltravelmorocco.com\/es\/producto\/aventura-en-quad-por-el-desierto-de-agafay-desde-marrakech\/\",\"url\":\"https:\/\/www.culturaltravelmorocco.com\/es\/producto\/aventura-en-quad-por-el-desierto-de-agafay-desde-marrakech\/\",\"name\":\"Aventura en quad por el desierto de Agafay desde Marrakech - Cultural Travel Morocco\",\"isPartOf\":{\"@id\":\"https:\/\/www.culturaltravelmorocco.com\/es\/#website\"},\"primaryImageOfPage\":{\"@id\":\"https:\/\/www.culturaltravelmorocco.com\/es\/producto\/aventura-en-quad-por-el-desierto-de-agafay-desde-marrakech\/#primaryimage\"},\"image\":{\"@id\":\"https:\/\/www.culturaltravelmorocco.com\/es\/producto\/aventura-en-quad-por-el-desierto-de-agafay-desde-marrakech\/#primaryimage\"},\"thumbnailUrl\":\"https:\/\/www.culturaltravelmorocco.com\/wp-content\/uploads\/2026\/01\/13-5.webp\",\"datePublished\":\"2026-01-10T12:20:37+00:00\",\"dateModified\":\"2026-01-11T18:40:34+00:00\",\"breadcrumb\":{\"@id\":\"https:\/\/www.culturaltravelmorocco.com\/es\/producto\/aventura-en-quad-por-el-desierto-de-agafay-desde-marrakech\/#breadcrumb\"},\"inLanguage\":\"es\",\"potentialAction\":[{\"@type\":\"ReadAction\",\"target\":[\"https:\/\/www.culturaltravelmorocco.com\/es\/producto\/aventura-en-quad-por-el-desierto-de-agafay-desde-marrakech\/\"]}]},{\"@type\":\"ImageObject\",\"inLanguage\":\"es\",\"@id\":\"https:\/\/www.culturaltravelmorocco.com\/es\/producto\/aventura-en-quad-por-el-desierto-de-agafay-desde-marrakech\/#primaryimage\",\"url\":\"https:\/\/www.culturaltravelmorocco.com\/wp-content\/uploads\/2026\/01\/13-5.webp\",\"contentUrl\":\"https:\/\/www.culturaltravelmorocco.com\/wp-content\/uploads\/2026\/01\/13-5.webp\",\"width\":1200,\"height\":1000},{\"@type\":\"BreadcrumbList\",\"@id\":\"https:\/\/www.culturaltravelmorocco.com\/es\/producto\/aventura-en-quad-por-el-desierto-de-agafay-desde-marrakech\/#breadcrumb\",\"itemListElement\":[{\"@type\":\"ListItem\",\"position\":1,\"name\":\"Inicio\",\"item\":\"https:\/\/maroon-guanaco-577987.hostingersite.com\/\"},{\"@type\":\"ListItem\",\"position\":2,\"name\":\"Productos\",\"item\":\"https:\/\/www.culturaltravelmorocco.com\/es\/shop\/\"},{\"@type\":\"ListItem\",\"position\":3,\"name\":\"Aventura en quad por el desierto de Agafay desde Marrakech\"}]},{\"@type\":\"WebSite\",\"@id\":\"https:\/\/www.culturaltravelmorocco.com\/es\/#website\",\"url\":\"https:\/\/www.culturaltravelmorocco.com\/es\/\",\"name\":\"Cultural Travel Morocco\",\"description\":\"\",\"potentialAction\":[{\"@type\":\"SearchAction\",\"target\":{\"@type\":\"EntryPoint\",\"urlTemplate\":\"https:\/\/www.culturaltravelmorocco.com\/es\/?s={search_term_string}\"},\"query-input\":{\"@type\":\"PropertyValueSpecification\",\"valueRequired\":true,\"valueName\":\"search_term_string\"}}],\"inLanguage\":\"es\"}]}<\/script>\n<!-- \/ Yoast SEO Premium plugin. -->","yoast_head_json":{"title":"Aventura en quad por el desierto de Agafay desde Marrakech - Cultural Travel Morocco","robots":{"index":"index","follow":"follow","max-snippet":"max-snippet:-1","max-image-preview":"max-image-preview:large","max-video-preview":"max-video-preview:-1"},"canonical":"https:\/\/www.culturaltravelmorocco.com\/es\/producto\/aventura-en-quad-por-el-desierto-de-agafay-desde-marrakech\/","og_locale":"es_ES","og_type":"article","og_title":"Aventura en quad por el desierto de Agafay desde Marrakech","og_description":"Descripci\u00f3n general: Tu aventura en quad por el desierto de Agafay comienza con la recogida en tu hotel o riad de Marrakech. Tras un recorrido panor\u00e1mico de 45 minutos, llegar\u00e1s al rocoso paisaje des\u00e9rtico de Agafay, con impresionantes vistas de la cordillera del Atlas. A tu llegada, recibir\u00e1s una completa sesi\u00f3n informativa de seguridad e [&hellip;]","og_url":"https:\/\/www.culturaltravelmorocco.com\/es\/producto\/aventura-en-quad-por-el-desierto-de-agafay-desde-marrakech\/","og_site_name":"Cultural Travel Morocco","article_modified_time":"2026-01-11T18:40:34+00:00","og_image":[{"width":1200,"height":1000,"url":"https:\/\/www.culturaltravelmorocco.com\/wp-content\/uploads\/2026\/01\/13-5.webp","type":"image\/webp"}],"twitter_card":"summary_large_image","twitter_misc":{"Tiempo de lectura":"2 minutos"},"schema":{"@context":"https:\/\/schema.org","@graph":[{"@type":"WebPage","@id":"https:\/\/www.culturaltravelmorocco.com\/es\/producto\/aventura-en-quad-por-el-desierto-de-agafay-desde-marrakech\/","url":"https:\/\/www.culturaltravelmorocco.com\/es\/producto\/aventura-en-quad-por-el-desierto-de-agafay-desde-marrakech\/","name":"Aventura en quad por el desierto de Agafay desde Marrakech - Cultural Travel Morocco","isPartOf":{"@id":"https:\/\/www.culturaltravelmorocco.com\/es\/#website"},"primaryImageOfPage":{"@id":"https:\/\/www.culturaltravelmorocco.com\/es\/producto\/aventura-en-quad-por-el-desierto-de-agafay-desde-marrakech\/#primaryimage"},"image":{"@id":"https:\/\/www.culturaltravelmorocco.com\/es\/producto\/aventura-en-quad-por-el-desierto-de-agafay-desde-marrakech\/#primaryimage"},"thumbnailUrl":"https:\/\/www.culturaltravelmorocco.com\/wp-content\/uploads\/2026\/01\/13-5.webp","datePublished":"2026-01-10T12:20:37+00:00","dateModified":"2026-01-11T18:40:34+00:00","breadcrumb":{"@id":"https:\/\/www.culturaltravelmorocco.com\/es\/producto\/aventura-en-quad-por-el-desierto-de-agafay-desde-marrakech\/#breadcrumb"},"inLanguage":"es","potentialAction":[{"@type":"ReadAction","target":["https:\/\/www.culturaltravelmorocco.com\/es\/producto\/aventura-en-quad-por-el-desierto-de-agafay-desde-marrakech\/"]}]},{"@type":"ImageObject","inLanguage":"es","@id":"https:\/\/www.culturaltravelmorocco.com\/es\/producto\/aventura-en-quad-por-el-desierto-de-agafay-desde-marrakech\/#primaryimage","url":"https:\/\/www.culturaltravelmorocco.com\/wp-content\/uploads\/2026\/01\/13-5.webp","contentUrl":"https:\/\/www.culturaltravelmorocco.com\/wp-content\/uploads\/2026\/01\/13-5.webp","width":1200,"height":1000},{"@type":"BreadcrumbList","@id":"https:\/\/www.culturaltravelmorocco.com\/es\/producto\/aventura-en-quad-por-el-desierto-de-agafay-desde-marrakech\/#breadcrumb","itemListElement":[{"@type":"ListItem","position":1,"name":"Inicio","item":"https:\/\/maroon-guanaco-577987.hostingersite.com\/"},{"@type":"ListItem","position":2,"name":"Productos","item":"https:\/\/www.culturaltravelmorocco.com\/es\/shop\/"},{"@type":"ListItem","position":3,"name":"Aventura en quad por el desierto de Agafay desde Marrakech"}]},{"@type":"WebSite","@id":"https:\/\/www.culturaltravelmorocco.com\/es\/#website","url":"https:\/\/www.culturaltravelmorocco.com\/es\/","name":"Cultural Travel Morocco","description":"","potentialAction":[{"@type":"SearchAction","target":{"@type":"EntryPoint","urlTemplate":"https:\/\/www.culturaltravelmorocco.com\/es\/?s={search_term_string}"},"query-input":{"@type":"PropertyValueSpecification","valueRequired":true,"valueName":"search_term_string"}}],"inLanguage":"es"}]}},"_links":{"self":[{"href":"https:\/\/www.culturaltravelmorocco.com\/es\/wp-json\/wp\/v2\/product\/10673","targetHints":{"allow":["GET"]}}],"collection":[{"href":"https:\/\/www.culturaltravelmorocco.com\/es\/wp-json\/wp\/v2\/product"}],"about":[{"href":"https:\/\/www.culturaltravelmorocco.com\/es\/wp-json\/wp\/v2\/types\/product"}],"replies":[{"embeddable":true,"href":"https:\/\/www.culturaltravelmorocco.com\/es\/wp-json\/wp\/v2\/comments?post=10673"}],"wp:featuredmedia":[{"embeddable":true,"href":"https:\/\/www.culturaltravelmorocco.com\/es\/wp-json\/wp\/v2\/media\/9794"}],"wp:attachment":[{"href":"https:\/\/www.culturaltravelmorocco.com\/es\/wp-json\/wp\/v2\/media?parent=10673"}],"wp:term":[{"taxonomy":"product_brand","embeddable":true,"href":"https:\/\/www.culturaltravelmorocco.com\/es\/wp-json\/wp\/v2\/product_brand?post=10673"},{"taxonomy":"product_cat","embeddable":true,"href":"https:\/\/www.culturaltravelmorocco.com\/es\/wp-json\/wp\/v2\/product_cat?post=10673"},{"taxonomy":"product_tag","embeddable":true,"href":"https:\/\/www.culturaltravelmorocco.com\/es\/wp-json\/wp\/v2\/product_tag?post=10673"}],"curies":[{"name":"wp","href":"https:\/\/api.w.org\/{rel}","templated":true}]}}