{"id":10688,"date":"2026-01-10T12:20:37","date_gmt":"2026-01-10T12:20:37","guid":{"rendered":"https:\/\/culturaltravelmorocco.com\/product\/6-day-morocco-tour-from-tangier-to-marrakech-via-desert\/"},"modified":"2026-01-11T18:47:54","modified_gmt":"2026-01-11T18:47:54","slug":"tour-de-6-dias-por-marruecos-desde-tanger-a-marrakech-pasando-por-el-desierto","status":"publish","type":"product","link":"https:\/\/www.culturaltravelmorocco.com\/es\/producto\/tour-de-6-dias-por-marruecos-desde-tanger-a-marrakech-pasando-por-el-desierto\/","title":{"rendered":"Tour de 6 d\u00edas por Marruecos desde T\u00e1nger a Marrakech pasando por el desierto"},"content":{"rendered":"<h2>Descripci\u00f3n general:<\/h2>\n<p>Este viaje de 6 d\u00edas de T\u00e1nger a Marrakech est\u00e1 dise\u00f1ado para viajeros que desean descubrir Marruecos de norte a sur en menos de una semana, sin perderse sus destinos m\u00e1s emblem\u00e1ticos. La ruta atraviesa paisajes impresionantes y ciudades hist\u00f3ricas, atravesando las monta\u00f1as del Rif, el coraz\u00f3n cultural de Fez, el vasto desierto del Sahara y las espectaculares dunas de Erg Chebbi. A lo largo del camino, maravillas naturales como las Gargantas del Todra, el Valle del Ziz y el Valle del Dades revelan la incre\u00edble diversidad del pa\u00eds, convirtiendo cada d\u00eda en una nueva experiencia visual.<\/p>\n<p>Las ciudades de Marruecos son igualmente fascinantes, cada una con su propia personalidad y ritmo. Este tour incluye visitas guiadas a Fez y Marrakech, lo que le permitir\u00e1 explorar a fondo sus medinas, monumentos y vibrantes zocos. Otras ciudades con encanto como Chefchaouen, Tetu\u00e1n y Rissani se pueden disfrutar a un ritmo relajado, donde la vida cotidiana, la artesan\u00eda tradicional y la cultura local se desenvuelven con naturalidad en sus calles. Durante 6 d\u00edas y 5 noches, viajando c\u00f3modamente por carretera, este itinerario ofrece un equilibrio perfecto entre cultura, naturaleza y aut\u00e9nticas experiencias marroqu\u00edes, comenzando en T\u00e1nger y terminando en Marrakech.<\/p>\n","protected":false},"excerpt":{"rendered":"<p>Descripci\u00f3n general: Este viaje de 6 d\u00edas de T\u00e1nger a Marrakech est\u00e1 dise\u00f1ado para viajeros que desean descubrir Marruecos de norte a sur en menos de una semana, sin perderse sus destinos m\u00e1s emblem\u00e1ticos. La ruta atraviesa paisajes impresionantes y ciudades hist\u00f3ricas, atravesando las monta\u00f1as del Rif, el coraz\u00f3n cultural de Fez, el vasto desierto [&hellip;]<\/p>\n","protected":false},"featured_media":10515,"comment_status":"closed","ping_status":"closed","template":"","meta":{"_joinchat":[]},"product_brand":[],"product_cat":[86],"product_tag":[],"class_list":{"0":"post-10688","1":"product","2":"type-product","3":"status-publish","4":"has-post-thumbnail","6":"brw_tour_types-beaches","7":"brw_tour_types-culture","8":"brw_tour_types-family","9":"product_cat-tours-desde-tanger","11":"first","12":"instock","13":"purchasable","14":"product-type-ovabrw_car_rental"},"yoast_head":"<!-- This site is optimized with the Yoast SEO Premium plugin v25.0 (Yoast SEO v25.0) - https:\/\/yoast.com\/wordpress\/plugins\/seo\/ -->\n<title>Tour de 6 d\u00edas por Marruecos desde T\u00e1nger a Marrakech pasando por el desierto - Cultural Travel Morocco<\/title>\n<meta name=\"robots\" content=\"index, follow, max-snippet:-1, max-image-preview:large, max-video-preview:-1\" \/>\n<link rel=\"canonical\" href=\"https:\/\/www.culturaltravelmorocco.com\/es\/producto\/tour-de-6-dias-por-marruecos-desde-tanger-a-marrakech-pasando-por-el-desierto\/\" \/>\n<meta property=\"og:locale\" content=\"es_ES\" \/>\n<meta property=\"og:type\" content=\"article\" \/>\n<meta property=\"og:title\" content=\"Tour de 6 d\u00edas por Marruecos desde T\u00e1nger a Marrakech pasando por el desierto\" \/>\n<meta property=\"og:description\" content=\"Descripci\u00f3n general: Este viaje de 6 d\u00edas de T\u00e1nger a Marrakech est\u00e1 dise\u00f1ado para viajeros que desean descubrir Marruecos de norte a sur en menos de una semana, sin perderse sus destinos m\u00e1s emblem\u00e1ticos. La ruta atraviesa paisajes impresionantes y ciudades hist\u00f3ricas, atravesando las monta\u00f1as del Rif, el coraz\u00f3n cultural de Fez, el vasto desierto [&hellip;]\" \/>\n<meta property=\"og:url\" content=\"https:\/\/www.culturaltravelmorocco.com\/es\/producto\/tour-de-6-dias-por-marruecos-desde-tanger-a-marrakech-pasando-por-el-desierto\/\" \/>\n<meta property=\"og:site_name\" content=\"Cultural Travel Morocco\" \/>\n<meta property=\"article:modified_time\" content=\"2026-01-11T18:47:54+00:00\" \/>\n<meta property=\"og:image\" content=\"https:\/\/www.culturaltravelmorocco.com\/wp-content\/uploads\/2026\/01\/5-8-1.webp\" \/>\n\t<meta property=\"og:image:width\" content=\"1200\" \/>\n\t<meta property=\"og:image:height\" content=\"1000\" \/>\n\t<meta property=\"og:image:type\" content=\"image\/webp\" \/>\n<meta name=\"twitter:card\" content=\"summary_large_image\" \/>\n<meta name=\"twitter:label1\" content=\"Tiempo de lectura\" \/>\n\t<meta name=\"twitter:data1\" content=\"2 minutos\" \/>\n<script type=\"application\/ld+json\" class=\"yoast-schema-graph\">{\"@context\":\"https:\/\/schema.org\",\"@graph\":[{\"@type\":\"WebPage\",\"@id\":\"https:\/\/www.culturaltravelmorocco.com\/es\/producto\/tour-de-6-dias-por-marruecos-desde-tanger-a-marrakech-pasando-por-el-desierto\/\",\"url\":\"https:\/\/www.culturaltravelmorocco.com\/es\/producto\/tour-de-6-dias-por-marruecos-desde-tanger-a-marrakech-pasando-por-el-desierto\/\",\"name\":\"Tour de 6 d\u00edas por Marruecos desde T\u00e1nger a Marrakech pasando por el desierto - Cultural Travel Morocco\",\"isPartOf\":{\"@id\":\"https:\/\/www.culturaltravelmorocco.com\/es\/#website\"},\"primaryImageOfPage\":{\"@id\":\"https:\/\/www.culturaltravelmorocco.com\/es\/producto\/tour-de-6-dias-por-marruecos-desde-tanger-a-marrakech-pasando-por-el-desierto\/#primaryimage\"},\"image\":{\"@id\":\"https:\/\/www.culturaltravelmorocco.com\/es\/producto\/tour-de-6-dias-por-marruecos-desde-tanger-a-marrakech-pasando-por-el-desierto\/#primaryimage\"},\"thumbnailUrl\":\"https:\/\/www.culturaltravelmorocco.com\/wp-content\/uploads\/2026\/01\/5-8-1.webp\",\"datePublished\":\"2026-01-10T12:20:37+00:00\",\"dateModified\":\"2026-01-11T18:47:54+00:00\",\"breadcrumb\":{\"@id\":\"https:\/\/www.culturaltravelmorocco.com\/es\/producto\/tour-de-6-dias-por-marruecos-desde-tanger-a-marrakech-pasando-por-el-desierto\/#breadcrumb\"},\"inLanguage\":\"es\",\"potentialAction\":[{\"@type\":\"ReadAction\",\"target\":[\"https:\/\/www.culturaltravelmorocco.com\/es\/producto\/tour-de-6-dias-por-marruecos-desde-tanger-a-marrakech-pasando-por-el-desierto\/\"]}]},{\"@type\":\"ImageObject\",\"inLanguage\":\"es\",\"@id\":\"https:\/\/www.culturaltravelmorocco.com\/es\/producto\/tour-de-6-dias-por-marruecos-desde-tanger-a-marrakech-pasando-por-el-desierto\/#primaryimage\",\"url\":\"https:\/\/www.culturaltravelmorocco.com\/wp-content\/uploads\/2026\/01\/5-8-1.webp\",\"contentUrl\":\"https:\/\/www.culturaltravelmorocco.com\/wp-content\/uploads\/2026\/01\/5-8-1.webp\",\"width\":1200,\"height\":1000},{\"@type\":\"BreadcrumbList\",\"@id\":\"https:\/\/www.culturaltravelmorocco.com\/es\/producto\/tour-de-6-dias-por-marruecos-desde-tanger-a-marrakech-pasando-por-el-desierto\/#breadcrumb\",\"itemListElement\":[{\"@type\":\"ListItem\",\"position\":1,\"name\":\"Inicio\",\"item\":\"https:\/\/maroon-guanaco-577987.hostingersite.com\/\"},{\"@type\":\"ListItem\",\"position\":2,\"name\":\"Productos\",\"item\":\"https:\/\/www.culturaltravelmorocco.com\/es\/shop\/\"},{\"@type\":\"ListItem\",\"position\":3,\"name\":\"Tour de 6 d\u00edas por Marruecos desde T\u00e1nger a Marrakech pasando por el desierto\"}]},{\"@type\":\"WebSite\",\"@id\":\"https:\/\/www.culturaltravelmorocco.com\/es\/#website\",\"url\":\"https:\/\/www.culturaltravelmorocco.com\/es\/\",\"name\":\"Cultural Travel Morocco\",\"description\":\"\",\"potentialAction\":[{\"@type\":\"SearchAction\",\"target\":{\"@type\":\"EntryPoint\",\"urlTemplate\":\"https:\/\/www.culturaltravelmorocco.com\/es\/?s={search_term_string}\"},\"query-input\":{\"@type\":\"PropertyValueSpecification\",\"valueRequired\":true,\"valueName\":\"search_term_string\"}}],\"inLanguage\":\"es\"}]}<\/script>\n<!-- \/ Yoast SEO Premium plugin. -->","yoast_head_json":{"title":"Tour de 6 d\u00edas por Marruecos desde T\u00e1nger a Marrakech pasando por el desierto - Cultural Travel Morocco","robots":{"index":"index","follow":"follow","max-snippet":"max-snippet:-1","max-image-preview":"max-image-preview:large","max-video-preview":"max-video-preview:-1"},"canonical":"https:\/\/www.culturaltravelmorocco.com\/es\/producto\/tour-de-6-dias-por-marruecos-desde-tanger-a-marrakech-pasando-por-el-desierto\/","og_locale":"es_ES","og_type":"article","og_title":"Tour de 6 d\u00edas por Marruecos desde T\u00e1nger a Marrakech pasando por el desierto","og_description":"Descripci\u00f3n general: Este viaje de 6 d\u00edas de T\u00e1nger a Marrakech est\u00e1 dise\u00f1ado para viajeros que desean descubrir Marruecos de norte a sur en menos de una semana, sin perderse sus destinos m\u00e1s emblem\u00e1ticos. La ruta atraviesa paisajes impresionantes y ciudades hist\u00f3ricas, atravesando las monta\u00f1as del Rif, el coraz\u00f3n cultural de Fez, el vasto desierto [&hellip;]","og_url":"https:\/\/www.culturaltravelmorocco.com\/es\/producto\/tour-de-6-dias-por-marruecos-desde-tanger-a-marrakech-pasando-por-el-desierto\/","og_site_name":"Cultural Travel Morocco","article_modified_time":"2026-01-11T18:47:54+00:00","og_image":[{"width":1200,"height":1000,"url":"https:\/\/www.culturaltravelmorocco.com\/wp-content\/uploads\/2026\/01\/5-8-1.webp","type":"image\/webp"}],"twitter_card":"summary_large_image","twitter_misc":{"Tiempo de lectura":"2 minutos"},"schema":{"@context":"https:\/\/schema.org","@graph":[{"@type":"WebPage","@id":"https:\/\/www.culturaltravelmorocco.com\/es\/producto\/tour-de-6-dias-por-marruecos-desde-tanger-a-marrakech-pasando-por-el-desierto\/","url":"https:\/\/www.culturaltravelmorocco.com\/es\/producto\/tour-de-6-dias-por-marruecos-desde-tanger-a-marrakech-pasando-por-el-desierto\/","name":"Tour de 6 d\u00edas por Marruecos desde T\u00e1nger a Marrakech pasando por el desierto - Cultural Travel Morocco","isPartOf":{"@id":"https:\/\/www.culturaltravelmorocco.com\/es\/#website"},"primaryImageOfPage":{"@id":"https:\/\/www.culturaltravelmorocco.com\/es\/producto\/tour-de-6-dias-por-marruecos-desde-tanger-a-marrakech-pasando-por-el-desierto\/#primaryimage"},"image":{"@id":"https:\/\/www.culturaltravelmorocco.com\/es\/producto\/tour-de-6-dias-por-marruecos-desde-tanger-a-marrakech-pasando-por-el-desierto\/#primaryimage"},"thumbnailUrl":"https:\/\/www.culturaltravelmorocco.com\/wp-content\/uploads\/2026\/01\/5-8-1.webp","datePublished":"2026-01-10T12:20:37+00:00","dateModified":"2026-01-11T18:47:54+00:00","breadcrumb":{"@id":"https:\/\/www.culturaltravelmorocco.com\/es\/producto\/tour-de-6-dias-por-marruecos-desde-tanger-a-marrakech-pasando-por-el-desierto\/#breadcrumb"},"inLanguage":"es","potentialAction":[{"@type":"ReadAction","target":["https:\/\/www.culturaltravelmorocco.com\/es\/producto\/tour-de-6-dias-por-marruecos-desde-tanger-a-marrakech-pasando-por-el-desierto\/"]}]},{"@type":"ImageObject","inLanguage":"es","@id":"https:\/\/www.culturaltravelmorocco.com\/es\/producto\/tour-de-6-dias-por-marruecos-desde-tanger-a-marrakech-pasando-por-el-desierto\/#primaryimage","url":"https:\/\/www.culturaltravelmorocco.com\/wp-content\/uploads\/2026\/01\/5-8-1.webp","contentUrl":"https:\/\/www.culturaltravelmorocco.com\/wp-content\/uploads\/2026\/01\/5-8-1.webp","width":1200,"height":1000},{"@type":"BreadcrumbList","@id":"https:\/\/www.culturaltravelmorocco.com\/es\/producto\/tour-de-6-dias-por-marruecos-desde-tanger-a-marrakech-pasando-por-el-desierto\/#breadcrumb","itemListElement":[{"@type":"ListItem","position":1,"name":"Inicio","item":"https:\/\/maroon-guanaco-577987.hostingersite.com\/"},{"@type":"ListItem","position":2,"name":"Productos","item":"https:\/\/www.culturaltravelmorocco.com\/es\/shop\/"},{"@type":"ListItem","position":3,"name":"Tour de 6 d\u00edas por Marruecos desde T\u00e1nger a Marrakech pasando por el desierto"}]},{"@type":"WebSite","@id":"https:\/\/www.culturaltravelmorocco.com\/es\/#website","url":"https:\/\/www.culturaltravelmorocco.com\/es\/","name":"Cultural Travel Morocco","description":"","potentialAction":[{"@type":"SearchAction","target":{"@type":"EntryPoint","urlTemplate":"https:\/\/www.culturaltravelmorocco.com\/es\/?s={search_term_string}"},"query-input":{"@type":"PropertyValueSpecification","valueRequired":true,"valueName":"search_term_string"}}],"inLanguage":"es"}]}},"_links":{"self":[{"href":"https:\/\/www.culturaltravelmorocco.com\/es\/wp-json\/wp\/v2\/product\/10688","targetHints":{"allow":["GET"]}}],"collection":[{"href":"https:\/\/www.culturaltravelmorocco.com\/es\/wp-json\/wp\/v2\/product"}],"about":[{"href":"https:\/\/www.culturaltravelmorocco.com\/es\/wp-json\/wp\/v2\/types\/product"}],"replies":[{"embeddable":true,"href":"https:\/\/www.culturaltravelmorocco.com\/es\/wp-json\/wp\/v2\/comments?post=10688"}],"wp:featuredmedia":[{"embeddable":true,"href":"https:\/\/www.culturaltravelmorocco.com\/es\/wp-json\/wp\/v2\/media\/10515"}],"wp:attachment":[{"href":"https:\/\/www.culturaltravelmorocco.com\/es\/wp-json\/wp\/v2\/media?parent=10688"}],"wp:term":[{"taxonomy":"product_brand","embeddable":true,"href":"https:\/\/www.culturaltravelmorocco.com\/es\/wp-json\/wp\/v2\/product_brand?post=10688"},{"taxonomy":"product_cat","embeddable":true,"href":"https:\/\/www.culturaltravelmorocco.com\/es\/wp-json\/wp\/v2\/product_cat?post=10688"},{"taxonomy":"product_tag","embeddable":true,"href":"https:\/\/www.culturaltravelmorocco.com\/es\/wp-json\/wp\/v2\/product_tag?post=10688"}],"curies":[{"name":"wp","href":"https:\/\/api.w.org\/{rel}","templated":true}]}}