{"id":10695,"date":"2026-01-10T12:20:34","date_gmt":"2026-01-10T12:20:34","guid":{"rendered":"https:\/\/culturaltravelmorocco.com\/product\/5-day-morocco-journey-from-north-to-south\/"},"modified":"2026-01-11T18:54:07","modified_gmt":"2026-01-11T18:54:07","slug":"viaje-de-5-dias-por-marruecos-de-norte-a-sur","status":"publish","type":"product","link":"https:\/\/www.culturaltravelmorocco.com\/es\/producto\/viaje-de-5-dias-por-marruecos-de-norte-a-sur\/","title":{"rendered":"Viaje de 5 d\u00edas por Marruecos de norte a sur"},"content":{"rendered":"<h2>Descripci\u00f3n general:<\/h2>\n<p>En tan solo 5 d\u00edas, este recorrido de norte a sur por Marruecos te permite descubrir los lugares m\u00e1s emblem\u00e1ticos del pa\u00eds viajando de T\u00e1nger a Marrakech a trav\u00e9s de una extraordinaria diversidad de paisajes y culturas. Durante el recorrido, descubrir\u00e1s destinos legendarios como Chefchaouen, Fez y el majestuoso desierto del S\u00e1hara, incluyendo las doradas dunas de Erg Chebbi. Este itinerario, cuidadosamente dise\u00f1ado, aprovecha al m\u00e1ximo cada d\u00eda, ofreciendo un viaje intenso y equilibrado por las regiones m\u00e1s emblem\u00e1ticas de Marruecos.<\/p>\n<p>La naturaleza y el patrimonio se fusionan a la perfecci\u00f3n en esta ruta, revelando los impresionantes contrastes de Marruecos. Desde las verdes monta\u00f1as del Rif hasta el espectacular Atlas Medio y Alto, desde el \u00e1rido desierto de Hammada hasta los exuberantes valles presaharianos repletos de palmeras y los espectaculares ca\u00f1ones rocosos, el paisaje cambia constantemente. Los descubrimientos culturales son igualmente ricos, con visitas a lugares declarados Patrimonio de la Humanidad por la UNESCO como Tetu\u00e1n, Fez y Ait Ben Haddou, as\u00ed como a pueblos con encanto como Rissani. Una verdadera inmersi\u00f3n en los paisajes, la historia y las tradiciones de Marruecos, todo en tan solo cinco d\u00edas inolvidables.<\/p>\n","protected":false},"excerpt":{"rendered":"<p>Descripci\u00f3n general: En tan solo 5 d\u00edas, este recorrido de norte a sur por Marruecos te permite descubrir los lugares m\u00e1s emblem\u00e1ticos del pa\u00eds viajando de T\u00e1nger a Marrakech a trav\u00e9s de una extraordinaria diversidad de paisajes y culturas. Durante el recorrido, descubrir\u00e1s destinos legendarios como Chefchaouen, Fez y el majestuoso desierto del S\u00e1hara, incluyendo [&hellip;]<\/p>\n","protected":false},"featured_media":10670,"comment_status":"closed","ping_status":"closed","template":"","meta":{"_joinchat":[]},"product_brand":[],"product_cat":[86],"product_tag":[],"class_list":{"0":"post-10695","1":"product","2":"type-product","3":"status-publish","4":"has-post-thumbnail","6":"product_cat-tours-desde-tanger","8":"first","9":"instock","10":"purchasable","11":"product-type-ovabrw_car_rental"},"yoast_head":"<!-- This site is optimized with the Yoast SEO Premium plugin v25.0 (Yoast SEO v25.0) - https:\/\/yoast.com\/wordpress\/plugins\/seo\/ -->\n<title>Viaje de 5 d\u00edas por Marruecos de norte a sur - Cultural Travel Morocco<\/title>\n<meta name=\"robots\" content=\"index, follow, max-snippet:-1, max-image-preview:large, max-video-preview:-1\" \/>\n<link rel=\"canonical\" href=\"https:\/\/www.culturaltravelmorocco.com\/es\/producto\/viaje-de-5-dias-por-marruecos-de-norte-a-sur\/\" \/>\n<meta property=\"og:locale\" content=\"es_ES\" \/>\n<meta property=\"og:type\" content=\"article\" \/>\n<meta property=\"og:title\" content=\"Viaje de 5 d\u00edas por Marruecos de norte a sur\" \/>\n<meta property=\"og:description\" content=\"Descripci\u00f3n general: En tan solo 5 d\u00edas, este recorrido de norte a sur por Marruecos te permite descubrir los lugares m\u00e1s emblem\u00e1ticos del pa\u00eds viajando de T\u00e1nger a Marrakech a trav\u00e9s de una extraordinaria diversidad de paisajes y culturas. Durante el recorrido, descubrir\u00e1s destinos legendarios como Chefchaouen, Fez y el majestuoso desierto del S\u00e1hara, incluyendo [&hellip;]\" \/>\n<meta property=\"og:url\" content=\"https:\/\/www.culturaltravelmorocco.com\/es\/producto\/viaje-de-5-dias-por-marruecos-de-norte-a-sur\/\" \/>\n<meta property=\"og:site_name\" content=\"Cultural Travel Morocco\" \/>\n<meta property=\"article:modified_time\" content=\"2026-01-11T18:54:07+00:00\" \/>\n<meta property=\"og:image\" content=\"https:\/\/www.culturaltravelmorocco.com\/wp-content\/uploads\/2026\/01\/7-8-1.webp\" \/>\n\t<meta property=\"og:image:width\" content=\"1200\" \/>\n\t<meta property=\"og:image:height\" content=\"1000\" \/>\n\t<meta property=\"og:image:type\" content=\"image\/webp\" \/>\n<meta name=\"twitter:card\" content=\"summary_large_image\" \/>\n<meta name=\"twitter:label1\" content=\"Tiempo de lectura\" \/>\n\t<meta name=\"twitter:data1\" content=\"2 minutos\" \/>\n<script type=\"application\/ld+json\" class=\"yoast-schema-graph\">{\"@context\":\"https:\/\/schema.org\",\"@graph\":[{\"@type\":\"WebPage\",\"@id\":\"https:\/\/www.culturaltravelmorocco.com\/es\/producto\/viaje-de-5-dias-por-marruecos-de-norte-a-sur\/\",\"url\":\"https:\/\/www.culturaltravelmorocco.com\/es\/producto\/viaje-de-5-dias-por-marruecos-de-norte-a-sur\/\",\"name\":\"Viaje de 5 d\u00edas por Marruecos de norte a sur - Cultural Travel Morocco\",\"isPartOf\":{\"@id\":\"https:\/\/www.culturaltravelmorocco.com\/es\/#website\"},\"primaryImageOfPage\":{\"@id\":\"https:\/\/www.culturaltravelmorocco.com\/es\/producto\/viaje-de-5-dias-por-marruecos-de-norte-a-sur\/#primaryimage\"},\"image\":{\"@id\":\"https:\/\/www.culturaltravelmorocco.com\/es\/producto\/viaje-de-5-dias-por-marruecos-de-norte-a-sur\/#primaryimage\"},\"thumbnailUrl\":\"https:\/\/www.culturaltravelmorocco.com\/wp-content\/uploads\/2026\/01\/7-8-1.webp\",\"datePublished\":\"2026-01-10T12:20:34+00:00\",\"dateModified\":\"2026-01-11T18:54:07+00:00\",\"breadcrumb\":{\"@id\":\"https:\/\/www.culturaltravelmorocco.com\/es\/producto\/viaje-de-5-dias-por-marruecos-de-norte-a-sur\/#breadcrumb\"},\"inLanguage\":\"es\",\"potentialAction\":[{\"@type\":\"ReadAction\",\"target\":[\"https:\/\/www.culturaltravelmorocco.com\/es\/producto\/viaje-de-5-dias-por-marruecos-de-norte-a-sur\/\"]}]},{\"@type\":\"ImageObject\",\"inLanguage\":\"es\",\"@id\":\"https:\/\/www.culturaltravelmorocco.com\/es\/producto\/viaje-de-5-dias-por-marruecos-de-norte-a-sur\/#primaryimage\",\"url\":\"https:\/\/www.culturaltravelmorocco.com\/wp-content\/uploads\/2026\/01\/7-8-1.webp\",\"contentUrl\":\"https:\/\/www.culturaltravelmorocco.com\/wp-content\/uploads\/2026\/01\/7-8-1.webp\",\"width\":1200,\"height\":1000},{\"@type\":\"BreadcrumbList\",\"@id\":\"https:\/\/www.culturaltravelmorocco.com\/es\/producto\/viaje-de-5-dias-por-marruecos-de-norte-a-sur\/#breadcrumb\",\"itemListElement\":[{\"@type\":\"ListItem\",\"position\":1,\"name\":\"Inicio\",\"item\":\"https:\/\/maroon-guanaco-577987.hostingersite.com\/\"},{\"@type\":\"ListItem\",\"position\":2,\"name\":\"Productos\",\"item\":\"https:\/\/www.culturaltravelmorocco.com\/es\/shop\/\"},{\"@type\":\"ListItem\",\"position\":3,\"name\":\"Viaje de 5 d\u00edas por Marruecos de norte a sur\"}]},{\"@type\":\"WebSite\",\"@id\":\"https:\/\/www.culturaltravelmorocco.com\/es\/#website\",\"url\":\"https:\/\/www.culturaltravelmorocco.com\/es\/\",\"name\":\"Cultural Travel Morocco\",\"description\":\"\",\"potentialAction\":[{\"@type\":\"SearchAction\",\"target\":{\"@type\":\"EntryPoint\",\"urlTemplate\":\"https:\/\/www.culturaltravelmorocco.com\/es\/?s={search_term_string}\"},\"query-input\":{\"@type\":\"PropertyValueSpecification\",\"valueRequired\":true,\"valueName\":\"search_term_string\"}}],\"inLanguage\":\"es\"}]}<\/script>\n<!-- \/ Yoast SEO Premium plugin. -->","yoast_head_json":{"title":"Viaje de 5 d\u00edas por Marruecos de norte a sur - Cultural Travel Morocco","robots":{"index":"index","follow":"follow","max-snippet":"max-snippet:-1","max-image-preview":"max-image-preview:large","max-video-preview":"max-video-preview:-1"},"canonical":"https:\/\/www.culturaltravelmorocco.com\/es\/producto\/viaje-de-5-dias-por-marruecos-de-norte-a-sur\/","og_locale":"es_ES","og_type":"article","og_title":"Viaje de 5 d\u00edas por Marruecos de norte a sur","og_description":"Descripci\u00f3n general: En tan solo 5 d\u00edas, este recorrido de norte a sur por Marruecos te permite descubrir los lugares m\u00e1s emblem\u00e1ticos del pa\u00eds viajando de T\u00e1nger a Marrakech a trav\u00e9s de una extraordinaria diversidad de paisajes y culturas. Durante el recorrido, descubrir\u00e1s destinos legendarios como Chefchaouen, Fez y el majestuoso desierto del S\u00e1hara, incluyendo [&hellip;]","og_url":"https:\/\/www.culturaltravelmorocco.com\/es\/producto\/viaje-de-5-dias-por-marruecos-de-norte-a-sur\/","og_site_name":"Cultural Travel Morocco","article_modified_time":"2026-01-11T18:54:07+00:00","og_image":[{"width":1200,"height":1000,"url":"https:\/\/www.culturaltravelmorocco.com\/wp-content\/uploads\/2026\/01\/7-8-1.webp","type":"image\/webp"}],"twitter_card":"summary_large_image","twitter_misc":{"Tiempo de lectura":"2 minutos"},"schema":{"@context":"https:\/\/schema.org","@graph":[{"@type":"WebPage","@id":"https:\/\/www.culturaltravelmorocco.com\/es\/producto\/viaje-de-5-dias-por-marruecos-de-norte-a-sur\/","url":"https:\/\/www.culturaltravelmorocco.com\/es\/producto\/viaje-de-5-dias-por-marruecos-de-norte-a-sur\/","name":"Viaje de 5 d\u00edas por Marruecos de norte a sur - Cultural Travel Morocco","isPartOf":{"@id":"https:\/\/www.culturaltravelmorocco.com\/es\/#website"},"primaryImageOfPage":{"@id":"https:\/\/www.culturaltravelmorocco.com\/es\/producto\/viaje-de-5-dias-por-marruecos-de-norte-a-sur\/#primaryimage"},"image":{"@id":"https:\/\/www.culturaltravelmorocco.com\/es\/producto\/viaje-de-5-dias-por-marruecos-de-norte-a-sur\/#primaryimage"},"thumbnailUrl":"https:\/\/www.culturaltravelmorocco.com\/wp-content\/uploads\/2026\/01\/7-8-1.webp","datePublished":"2026-01-10T12:20:34+00:00","dateModified":"2026-01-11T18:54:07+00:00","breadcrumb":{"@id":"https:\/\/www.culturaltravelmorocco.com\/es\/producto\/viaje-de-5-dias-por-marruecos-de-norte-a-sur\/#breadcrumb"},"inLanguage":"es","potentialAction":[{"@type":"ReadAction","target":["https:\/\/www.culturaltravelmorocco.com\/es\/producto\/viaje-de-5-dias-por-marruecos-de-norte-a-sur\/"]}]},{"@type":"ImageObject","inLanguage":"es","@id":"https:\/\/www.culturaltravelmorocco.com\/es\/producto\/viaje-de-5-dias-por-marruecos-de-norte-a-sur\/#primaryimage","url":"https:\/\/www.culturaltravelmorocco.com\/wp-content\/uploads\/2026\/01\/7-8-1.webp","contentUrl":"https:\/\/www.culturaltravelmorocco.com\/wp-content\/uploads\/2026\/01\/7-8-1.webp","width":1200,"height":1000},{"@type":"BreadcrumbList","@id":"https:\/\/www.culturaltravelmorocco.com\/es\/producto\/viaje-de-5-dias-por-marruecos-de-norte-a-sur\/#breadcrumb","itemListElement":[{"@type":"ListItem","position":1,"name":"Inicio","item":"https:\/\/maroon-guanaco-577987.hostingersite.com\/"},{"@type":"ListItem","position":2,"name":"Productos","item":"https:\/\/www.culturaltravelmorocco.com\/es\/shop\/"},{"@type":"ListItem","position":3,"name":"Viaje de 5 d\u00edas por Marruecos de norte a sur"}]},{"@type":"WebSite","@id":"https:\/\/www.culturaltravelmorocco.com\/es\/#website","url":"https:\/\/www.culturaltravelmorocco.com\/es\/","name":"Cultural Travel Morocco","description":"","potentialAction":[{"@type":"SearchAction","target":{"@type":"EntryPoint","urlTemplate":"https:\/\/www.culturaltravelmorocco.com\/es\/?s={search_term_string}"},"query-input":{"@type":"PropertyValueSpecification","valueRequired":true,"valueName":"search_term_string"}}],"inLanguage":"es"}]}},"_links":{"self":[{"href":"https:\/\/www.culturaltravelmorocco.com\/es\/wp-json\/wp\/v2\/product\/10695","targetHints":{"allow":["GET"]}}],"collection":[{"href":"https:\/\/www.culturaltravelmorocco.com\/es\/wp-json\/wp\/v2\/product"}],"about":[{"href":"https:\/\/www.culturaltravelmorocco.com\/es\/wp-json\/wp\/v2\/types\/product"}],"replies":[{"embeddable":true,"href":"https:\/\/www.culturaltravelmorocco.com\/es\/wp-json\/wp\/v2\/comments?post=10695"}],"wp:featuredmedia":[{"embeddable":true,"href":"https:\/\/www.culturaltravelmorocco.com\/es\/wp-json\/wp\/v2\/media\/10670"}],"wp:attachment":[{"href":"https:\/\/www.culturaltravelmorocco.com\/es\/wp-json\/wp\/v2\/media?parent=10695"}],"wp:term":[{"taxonomy":"product_brand","embeddable":true,"href":"https:\/\/www.culturaltravelmorocco.com\/es\/wp-json\/wp\/v2\/product_brand?post=10695"},{"taxonomy":"product_cat","embeddable":true,"href":"https:\/\/www.culturaltravelmorocco.com\/es\/wp-json\/wp\/v2\/product_cat?post=10695"},{"taxonomy":"product_tag","embeddable":true,"href":"https:\/\/www.culturaltravelmorocco.com\/es\/wp-json\/wp\/v2\/product_tag?post=10695"}],"curies":[{"name":"wp","href":"https:\/\/api.w.org\/{rel}","templated":true}]}}