{"id":10703,"date":"2026-01-10T12:20:34","date_gmt":"2026-01-10T12:20:34","guid":{"rendered":"https:\/\/culturaltravelmorocco.com\/product\/9-day-morocco-adventure-from-the-sahara-to-marrakech-essaouira\/"},"modified":"2026-01-11T19:02:43","modified_gmt":"2026-01-11T19:02:43","slug":"aventura-de-9-dias-en-marruecos-del-sahara-a-marrakech-y-essaouira","status":"publish","type":"product","link":"https:\/\/www.culturaltravelmorocco.com\/es\/producto\/aventura-de-9-dias-en-marruecos-del-sahara-a-marrakech-y-essaouira\/","title":{"rendered":"Aventura de 9 d\u00edas en Marruecos: del Sahara a Marrakech y Essaouira"},"content":{"rendered":"<h2>Descripci\u00f3n general:<\/h2>\n<p>Emb\u00e1rcate en un inolvidable tour de 9 d\u00edas por Marruecos que combina aventura en el desierto, encuentros aut\u00e9nticos y paisajes impresionantes. Este viaje est\u00e1 dise\u00f1ado para viajeros que aprecian paisajes \u00fanicos, la cultura local y experiencias significativas. Las espectaculares dunas de Erg Chebbi, los ca\u00f1ones rocosos, los extensos palmerales y el estilo de vida tradicional de la regi\u00f3n presahariana revelan un Marruecos a la vez puro y profundamente humano. Desde la m\u00fasica folcl\u00f3rica hasta los momentos compartidos con familias n\u00f3madas, cada paso te invita a relajarte, reflexionar y disfrutar de un mundo alejado del ritmo de las ciudades modernas.<\/p>\n<p>Pero este tour no se limita al desierto. Tambi\u00e9n explorar\u00e1s el encanto costero de Esauira, Patrimonio de la Humanidad por la UNESCO, y te sumergir\u00e1s en la vibrante energ\u00eda de Marrakech, enriquecida por una visita guiada. El majestuoso ksar de Ait Ben Haddou, otro monumento hist\u00f3rico de la UNESCO, a\u00f1ade una dimensi\u00f3n hist\u00f3rica a tu viaje. Y si el tiempo lo permite, tendr\u00e1s tiempo libre para disfrutar de las hermosas playas de Esauira. A lo largo de 9 d\u00edas y 8 noches, todo el viaje se realiza c\u00f3modamente por carretera, lo que le permitir\u00e1 apreciar plenamente la diversidad y belleza que ofrece Marruecos.<\/p>\n","protected":false},"excerpt":{"rendered":"<p>Descripci\u00f3n general: Emb\u00e1rcate en un inolvidable tour de 9 d\u00edas por Marruecos que combina aventura en el desierto, encuentros aut\u00e9nticos y paisajes impresionantes. Este viaje est\u00e1 dise\u00f1ado para viajeros que aprecian paisajes \u00fanicos, la cultura local y experiencias significativas. Las espectaculares dunas de Erg Chebbi, los ca\u00f1ones rocosos, los extensos palmerales y el estilo de [&hellip;]<\/p>\n","protected":false},"featured_media":10548,"comment_status":"closed","ping_status":"closed","template":"","meta":{"_joinchat":[]},"product_brand":[],"product_cat":[85],"product_tag":[],"class_list":{"0":"post-10703","1":"product","2":"type-product","3":"status-publish","4":"has-post-thumbnail","6":"product_cat-tours-desde-marrakech","8":"first","9":"instock","10":"purchasable","11":"product-type-ovabrw_car_rental"},"yoast_head":"<!-- This site is optimized with the Yoast SEO Premium plugin v25.0 (Yoast SEO v25.0) - https:\/\/yoast.com\/wordpress\/plugins\/seo\/ -->\n<title>Aventura de 9 d\u00edas en Marruecos: del Sahara a Marrakech y Essaouira - Cultural Travel Morocco<\/title>\n<meta name=\"robots\" content=\"index, follow, max-snippet:-1, max-image-preview:large, max-video-preview:-1\" \/>\n<link rel=\"canonical\" href=\"https:\/\/www.culturaltravelmorocco.com\/es\/producto\/aventura-de-9-dias-en-marruecos-del-sahara-a-marrakech-y-essaouira\/\" \/>\n<meta property=\"og:locale\" content=\"es_ES\" \/>\n<meta property=\"og:type\" content=\"article\" \/>\n<meta property=\"og:title\" content=\"Aventura de 9 d\u00edas en Marruecos: del Sahara a Marrakech y Essaouira\" \/>\n<meta property=\"og:description\" content=\"Descripci\u00f3n general: Emb\u00e1rcate en un inolvidable tour de 9 d\u00edas por Marruecos que combina aventura en el desierto, encuentros aut\u00e9nticos y paisajes impresionantes. Este viaje est\u00e1 dise\u00f1ado para viajeros que aprecian paisajes \u00fanicos, la cultura local y experiencias significativas. Las espectaculares dunas de Erg Chebbi, los ca\u00f1ones rocosos, los extensos palmerales y el estilo de [&hellip;]\" \/>\n<meta property=\"og:url\" content=\"https:\/\/www.culturaltravelmorocco.com\/es\/producto\/aventura-de-9-dias-en-marruecos-del-sahara-a-marrakech-y-essaouira\/\" \/>\n<meta property=\"og:site_name\" content=\"Cultural Travel Morocco\" \/>\n<meta property=\"article:modified_time\" content=\"2026-01-11T19:02:43+00:00\" \/>\n<meta property=\"og:image\" content=\"https:\/\/www.culturaltravelmorocco.com\/wp-content\/uploads\/2026\/01\/16-1.webp\" \/>\n\t<meta property=\"og:image:width\" content=\"1200\" \/>\n\t<meta property=\"og:image:height\" content=\"1000\" \/>\n\t<meta property=\"og:image:type\" content=\"image\/webp\" \/>\n<meta name=\"twitter:card\" content=\"summary_large_image\" \/>\n<meta name=\"twitter:label1\" content=\"Tiempo de lectura\" \/>\n\t<meta name=\"twitter:data1\" content=\"2 minutos\" \/>\n<script type=\"application\/ld+json\" class=\"yoast-schema-graph\">{\"@context\":\"https:\/\/schema.org\",\"@graph\":[{\"@type\":\"WebPage\",\"@id\":\"https:\/\/www.culturaltravelmorocco.com\/es\/producto\/aventura-de-9-dias-en-marruecos-del-sahara-a-marrakech-y-essaouira\/\",\"url\":\"https:\/\/www.culturaltravelmorocco.com\/es\/producto\/aventura-de-9-dias-en-marruecos-del-sahara-a-marrakech-y-essaouira\/\",\"name\":\"Aventura de 9 d\u00edas en Marruecos: del Sahara a Marrakech y Essaouira - Cultural Travel Morocco\",\"isPartOf\":{\"@id\":\"https:\/\/www.culturaltravelmorocco.com\/es\/#website\"},\"primaryImageOfPage\":{\"@id\":\"https:\/\/www.culturaltravelmorocco.com\/es\/producto\/aventura-de-9-dias-en-marruecos-del-sahara-a-marrakech-y-essaouira\/#primaryimage\"},\"image\":{\"@id\":\"https:\/\/www.culturaltravelmorocco.com\/es\/producto\/aventura-de-9-dias-en-marruecos-del-sahara-a-marrakech-y-essaouira\/#primaryimage\"},\"thumbnailUrl\":\"https:\/\/www.culturaltravelmorocco.com\/wp-content\/uploads\/2026\/01\/16-1.webp\",\"datePublished\":\"2026-01-10T12:20:34+00:00\",\"dateModified\":\"2026-01-11T19:02:43+00:00\",\"breadcrumb\":{\"@id\":\"https:\/\/www.culturaltravelmorocco.com\/es\/producto\/aventura-de-9-dias-en-marruecos-del-sahara-a-marrakech-y-essaouira\/#breadcrumb\"},\"inLanguage\":\"es\",\"potentialAction\":[{\"@type\":\"ReadAction\",\"target\":[\"https:\/\/www.culturaltravelmorocco.com\/es\/producto\/aventura-de-9-dias-en-marruecos-del-sahara-a-marrakech-y-essaouira\/\"]}]},{\"@type\":\"ImageObject\",\"inLanguage\":\"es\",\"@id\":\"https:\/\/www.culturaltravelmorocco.com\/es\/producto\/aventura-de-9-dias-en-marruecos-del-sahara-a-marrakech-y-essaouira\/#primaryimage\",\"url\":\"https:\/\/www.culturaltravelmorocco.com\/wp-content\/uploads\/2026\/01\/16-1.webp\",\"contentUrl\":\"https:\/\/www.culturaltravelmorocco.com\/wp-content\/uploads\/2026\/01\/16-1.webp\",\"width\":1200,\"height\":1000},{\"@type\":\"BreadcrumbList\",\"@id\":\"https:\/\/www.culturaltravelmorocco.com\/es\/producto\/aventura-de-9-dias-en-marruecos-del-sahara-a-marrakech-y-essaouira\/#breadcrumb\",\"itemListElement\":[{\"@type\":\"ListItem\",\"position\":1,\"name\":\"Inicio\",\"item\":\"https:\/\/maroon-guanaco-577987.hostingersite.com\/\"},{\"@type\":\"ListItem\",\"position\":2,\"name\":\"Productos\",\"item\":\"https:\/\/www.culturaltravelmorocco.com\/es\/shop\/\"},{\"@type\":\"ListItem\",\"position\":3,\"name\":\"Aventura de 9 d\u00edas en Marruecos: del Sahara a Marrakech y Essaouira\"}]},{\"@type\":\"WebSite\",\"@id\":\"https:\/\/www.culturaltravelmorocco.com\/es\/#website\",\"url\":\"https:\/\/www.culturaltravelmorocco.com\/es\/\",\"name\":\"Cultural Travel Morocco\",\"description\":\"\",\"potentialAction\":[{\"@type\":\"SearchAction\",\"target\":{\"@type\":\"EntryPoint\",\"urlTemplate\":\"https:\/\/www.culturaltravelmorocco.com\/es\/?s={search_term_string}\"},\"query-input\":{\"@type\":\"PropertyValueSpecification\",\"valueRequired\":true,\"valueName\":\"search_term_string\"}}],\"inLanguage\":\"es\"}]}<\/script>\n<!-- \/ Yoast SEO Premium plugin. -->","yoast_head_json":{"title":"Aventura de 9 d\u00edas en Marruecos: del Sahara a Marrakech y Essaouira - Cultural Travel Morocco","robots":{"index":"index","follow":"follow","max-snippet":"max-snippet:-1","max-image-preview":"max-image-preview:large","max-video-preview":"max-video-preview:-1"},"canonical":"https:\/\/www.culturaltravelmorocco.com\/es\/producto\/aventura-de-9-dias-en-marruecos-del-sahara-a-marrakech-y-essaouira\/","og_locale":"es_ES","og_type":"article","og_title":"Aventura de 9 d\u00edas en Marruecos: del Sahara a Marrakech y Essaouira","og_description":"Descripci\u00f3n general: Emb\u00e1rcate en un inolvidable tour de 9 d\u00edas por Marruecos que combina aventura en el desierto, encuentros aut\u00e9nticos y paisajes impresionantes. Este viaje est\u00e1 dise\u00f1ado para viajeros que aprecian paisajes \u00fanicos, la cultura local y experiencias significativas. Las espectaculares dunas de Erg Chebbi, los ca\u00f1ones rocosos, los extensos palmerales y el estilo de [&hellip;]","og_url":"https:\/\/www.culturaltravelmorocco.com\/es\/producto\/aventura-de-9-dias-en-marruecos-del-sahara-a-marrakech-y-essaouira\/","og_site_name":"Cultural Travel Morocco","article_modified_time":"2026-01-11T19:02:43+00:00","og_image":[{"width":1200,"height":1000,"url":"https:\/\/www.culturaltravelmorocco.com\/wp-content\/uploads\/2026\/01\/16-1.webp","type":"image\/webp"}],"twitter_card":"summary_large_image","twitter_misc":{"Tiempo de lectura":"2 minutos"},"schema":{"@context":"https:\/\/schema.org","@graph":[{"@type":"WebPage","@id":"https:\/\/www.culturaltravelmorocco.com\/es\/producto\/aventura-de-9-dias-en-marruecos-del-sahara-a-marrakech-y-essaouira\/","url":"https:\/\/www.culturaltravelmorocco.com\/es\/producto\/aventura-de-9-dias-en-marruecos-del-sahara-a-marrakech-y-essaouira\/","name":"Aventura de 9 d\u00edas en Marruecos: del Sahara a Marrakech y Essaouira - Cultural Travel Morocco","isPartOf":{"@id":"https:\/\/www.culturaltravelmorocco.com\/es\/#website"},"primaryImageOfPage":{"@id":"https:\/\/www.culturaltravelmorocco.com\/es\/producto\/aventura-de-9-dias-en-marruecos-del-sahara-a-marrakech-y-essaouira\/#primaryimage"},"image":{"@id":"https:\/\/www.culturaltravelmorocco.com\/es\/producto\/aventura-de-9-dias-en-marruecos-del-sahara-a-marrakech-y-essaouira\/#primaryimage"},"thumbnailUrl":"https:\/\/www.culturaltravelmorocco.com\/wp-content\/uploads\/2026\/01\/16-1.webp","datePublished":"2026-01-10T12:20:34+00:00","dateModified":"2026-01-11T19:02:43+00:00","breadcrumb":{"@id":"https:\/\/www.culturaltravelmorocco.com\/es\/producto\/aventura-de-9-dias-en-marruecos-del-sahara-a-marrakech-y-essaouira\/#breadcrumb"},"inLanguage":"es","potentialAction":[{"@type":"ReadAction","target":["https:\/\/www.culturaltravelmorocco.com\/es\/producto\/aventura-de-9-dias-en-marruecos-del-sahara-a-marrakech-y-essaouira\/"]}]},{"@type":"ImageObject","inLanguage":"es","@id":"https:\/\/www.culturaltravelmorocco.com\/es\/producto\/aventura-de-9-dias-en-marruecos-del-sahara-a-marrakech-y-essaouira\/#primaryimage","url":"https:\/\/www.culturaltravelmorocco.com\/wp-content\/uploads\/2026\/01\/16-1.webp","contentUrl":"https:\/\/www.culturaltravelmorocco.com\/wp-content\/uploads\/2026\/01\/16-1.webp","width":1200,"height":1000},{"@type":"BreadcrumbList","@id":"https:\/\/www.culturaltravelmorocco.com\/es\/producto\/aventura-de-9-dias-en-marruecos-del-sahara-a-marrakech-y-essaouira\/#breadcrumb","itemListElement":[{"@type":"ListItem","position":1,"name":"Inicio","item":"https:\/\/maroon-guanaco-577987.hostingersite.com\/"},{"@type":"ListItem","position":2,"name":"Productos","item":"https:\/\/www.culturaltravelmorocco.com\/es\/shop\/"},{"@type":"ListItem","position":3,"name":"Aventura de 9 d\u00edas en Marruecos: del Sahara a Marrakech y Essaouira"}]},{"@type":"WebSite","@id":"https:\/\/www.culturaltravelmorocco.com\/es\/#website","url":"https:\/\/www.culturaltravelmorocco.com\/es\/","name":"Cultural Travel Morocco","description":"","potentialAction":[{"@type":"SearchAction","target":{"@type":"EntryPoint","urlTemplate":"https:\/\/www.culturaltravelmorocco.com\/es\/?s={search_term_string}"},"query-input":{"@type":"PropertyValueSpecification","valueRequired":true,"valueName":"search_term_string"}}],"inLanguage":"es"}]}},"_links":{"self":[{"href":"https:\/\/www.culturaltravelmorocco.com\/es\/wp-json\/wp\/v2\/product\/10703","targetHints":{"allow":["GET"]}}],"collection":[{"href":"https:\/\/www.culturaltravelmorocco.com\/es\/wp-json\/wp\/v2\/product"}],"about":[{"href":"https:\/\/www.culturaltravelmorocco.com\/es\/wp-json\/wp\/v2\/types\/product"}],"replies":[{"embeddable":true,"href":"https:\/\/www.culturaltravelmorocco.com\/es\/wp-json\/wp\/v2\/comments?post=10703"}],"wp:featuredmedia":[{"embeddable":true,"href":"https:\/\/www.culturaltravelmorocco.com\/es\/wp-json\/wp\/v2\/media\/10548"}],"wp:attachment":[{"href":"https:\/\/www.culturaltravelmorocco.com\/es\/wp-json\/wp\/v2\/media?parent=10703"}],"wp:term":[{"taxonomy":"product_brand","embeddable":true,"href":"https:\/\/www.culturaltravelmorocco.com\/es\/wp-json\/wp\/v2\/product_brand?post=10703"},{"taxonomy":"product_cat","embeddable":true,"href":"https:\/\/www.culturaltravelmorocco.com\/es\/wp-json\/wp\/v2\/product_cat?post=10703"},{"taxonomy":"product_tag","embeddable":true,"href":"https:\/\/www.culturaltravelmorocco.com\/es\/wp-json\/wp\/v2\/product_tag?post=10703"}],"curies":[{"name":"wp","href":"https:\/\/api.w.org\/{rel}","templated":true}]}}