{"id":10710,"date":"2026-01-10T12:20:34","date_gmt":"2026-01-10T12:20:34","guid":{"rendered":"https:\/\/culturaltravelmorocco.com\/product\/8-day-coastal-journey-through-southern-morocco-circular-route\/"},"modified":"2026-01-11T19:09:44","modified_gmt":"2026-01-11T19:09:44","slug":"ruta-costera-de-8-dias-por-el-sur-de-marruecos-ruta-circular","status":"publish","type":"product","link":"https:\/\/www.culturaltravelmorocco.com\/es\/producto\/ruta-costera-de-8-dias-por-el-sur-de-marruecos-ruta-circular\/","title":{"rendered":"Ruta costera de 8 d\u00edas por el sur de Marruecos \u2013 Ruta circular"},"content":{"rendered":"<h2>Descripci\u00f3n general:<\/h2>\n<p>Emb\u00e1rcate en un viaje de 8 d\u00edas explorando la costa atl\u00e1ntica sur de Marruecos, una regi\u00f3n conocida por su clima c\u00e1lido, playas serenas y un aut\u00e9ntico ambiente marinero. Desde la medina de Esauira, declarada Patrimonio de la Humanidad por la UNESCO y considerada la puerta de entrada a la costa sur, la ruta contin\u00faa a trav\u00e9s de encantadores pueblos pesqueros, playas salvajes y miradores naturales moldeados por los vientos del Atl\u00e1ntico. Destinos como Agadir, el principal centro de ocio de la regi\u00f3n, y sus pueblos circundantes ofrecen un equilibrio perfecto entre relajaci\u00f3n, paisajes y cultura local. Gracias a la refrescante brisa del Atl\u00e1ntico, la zona tambi\u00e9n es perfecta para actividades al aire libre como el kitesurf y los paseos por la costa.<\/p>\n<p>Este tour circular de 8 d\u00edas, con inicio y fin en Marrakech, combina la belleza costera con el descubrimiento cultural. Si bien es menos monumental que otras rutas, los viajeros disfrutar\u00e1n de fascinantes sitios hist\u00f3ricos en Esauira, Sidi Ifni y Agadir. El programa tambi\u00e9n incluye tiempo libre en Marrakech, lo que lo hace ideal para quienes ya conocen la ciudad pero desean volver a visitar un museo, monumento o zoco a su propio ritmo. Con 8 d\u00edas y 7 noches de viaje, este itinerario ofrece la combinaci\u00f3n perfecta de naturaleza, cultura y relajaci\u00f3n a lo largo de la cautivadora costa atl\u00e1ntica de Marruecos.<\/p>\n","protected":false},"excerpt":{"rendered":"<p>Descripci\u00f3n general: Emb\u00e1rcate en un viaje de 8 d\u00edas explorando la costa atl\u00e1ntica sur de Marruecos, una regi\u00f3n conocida por su clima c\u00e1lido, playas serenas y un aut\u00e9ntico ambiente marinero. Desde la medina de Esauira, declarada Patrimonio de la Humanidad por la UNESCO y considerada la puerta de entrada a la costa sur, la ruta [&hellip;]<\/p>\n","protected":false},"featured_media":10711,"comment_status":"closed","ping_status":"closed","template":"","meta":{"_joinchat":[]},"product_brand":[],"product_cat":[85],"product_tag":[],"class_list":{"0":"post-10710","1":"product","2":"type-product","3":"status-publish","4":"has-post-thumbnail","6":"product_cat-tours-desde-marrakech","8":"first","9":"instock","10":"purchasable","11":"product-type-ovabrw_car_rental"},"yoast_head":"<!-- This site is optimized with the Yoast SEO Premium plugin v25.0 (Yoast SEO v25.0) - https:\/\/yoast.com\/wordpress\/plugins\/seo\/ -->\n<title>Ruta costera de 8 d\u00edas por el sur de Marruecos \u2013 Ruta circular - Cultural Travel Morocco<\/title>\n<meta name=\"robots\" content=\"index, follow, max-snippet:-1, max-image-preview:large, max-video-preview:-1\" \/>\n<link rel=\"canonical\" href=\"https:\/\/www.culturaltravelmorocco.com\/es\/producto\/ruta-costera-de-8-dias-por-el-sur-de-marruecos-ruta-circular\/\" \/>\n<meta property=\"og:locale\" content=\"es_ES\" \/>\n<meta property=\"og:type\" content=\"article\" \/>\n<meta property=\"og:title\" content=\"Ruta costera de 8 d\u00edas por el sur de Marruecos \u2013 Ruta circular\" \/>\n<meta property=\"og:description\" content=\"Descripci\u00f3n general: Emb\u00e1rcate en un viaje de 8 d\u00edas explorando la costa atl\u00e1ntica sur de Marruecos, una regi\u00f3n conocida por su clima c\u00e1lido, playas serenas y un aut\u00e9ntico ambiente marinero. Desde la medina de Esauira, declarada Patrimonio de la Humanidad por la UNESCO y considerada la puerta de entrada a la costa sur, la ruta [&hellip;]\" \/>\n<meta property=\"og:url\" content=\"https:\/\/www.culturaltravelmorocco.com\/es\/producto\/ruta-costera-de-8-dias-por-el-sur-de-marruecos-ruta-circular\/\" \/>\n<meta property=\"og:site_name\" content=\"Cultural Travel Morocco\" \/>\n<meta property=\"article:modified_time\" content=\"2026-01-11T19:09:44+00:00\" \/>\n<meta property=\"og:image\" content=\"https:\/\/www.culturaltravelmorocco.com\/wp-content\/uploads\/2026\/01\/4-6.webp\" \/>\n\t<meta property=\"og:image:width\" content=\"1200\" \/>\n\t<meta property=\"og:image:height\" content=\"1000\" \/>\n\t<meta property=\"og:image:type\" content=\"image\/webp\" \/>\n<meta name=\"twitter:card\" content=\"summary_large_image\" \/>\n<meta name=\"twitter:label1\" content=\"Tiempo de lectura\" \/>\n\t<meta name=\"twitter:data1\" content=\"2 minutos\" \/>\n<script type=\"application\/ld+json\" class=\"yoast-schema-graph\">{\"@context\":\"https:\/\/schema.org\",\"@graph\":[{\"@type\":\"WebPage\",\"@id\":\"https:\/\/www.culturaltravelmorocco.com\/es\/producto\/ruta-costera-de-8-dias-por-el-sur-de-marruecos-ruta-circular\/\",\"url\":\"https:\/\/www.culturaltravelmorocco.com\/es\/producto\/ruta-costera-de-8-dias-por-el-sur-de-marruecos-ruta-circular\/\",\"name\":\"Ruta costera de 8 d\u00edas por el sur de Marruecos \u2013 Ruta circular - Cultural Travel Morocco\",\"isPartOf\":{\"@id\":\"https:\/\/www.culturaltravelmorocco.com\/es\/#website\"},\"primaryImageOfPage\":{\"@id\":\"https:\/\/www.culturaltravelmorocco.com\/es\/producto\/ruta-costera-de-8-dias-por-el-sur-de-marruecos-ruta-circular\/#primaryimage\"},\"image\":{\"@id\":\"https:\/\/www.culturaltravelmorocco.com\/es\/producto\/ruta-costera-de-8-dias-por-el-sur-de-marruecos-ruta-circular\/#primaryimage\"},\"thumbnailUrl\":\"https:\/\/www.culturaltravelmorocco.com\/wp-content\/uploads\/2026\/01\/4-6.webp\",\"datePublished\":\"2026-01-10T12:20:34+00:00\",\"dateModified\":\"2026-01-11T19:09:44+00:00\",\"breadcrumb\":{\"@id\":\"https:\/\/www.culturaltravelmorocco.com\/es\/producto\/ruta-costera-de-8-dias-por-el-sur-de-marruecos-ruta-circular\/#breadcrumb\"},\"inLanguage\":\"es\",\"potentialAction\":[{\"@type\":\"ReadAction\",\"target\":[\"https:\/\/www.culturaltravelmorocco.com\/es\/producto\/ruta-costera-de-8-dias-por-el-sur-de-marruecos-ruta-circular\/\"]}]},{\"@type\":\"ImageObject\",\"inLanguage\":\"es\",\"@id\":\"https:\/\/www.culturaltravelmorocco.com\/es\/producto\/ruta-costera-de-8-dias-por-el-sur-de-marruecos-ruta-circular\/#primaryimage\",\"url\":\"https:\/\/www.culturaltravelmorocco.com\/wp-content\/uploads\/2026\/01\/4-6.webp\",\"contentUrl\":\"https:\/\/www.culturaltravelmorocco.com\/wp-content\/uploads\/2026\/01\/4-6.webp\",\"width\":1200,\"height\":1000},{\"@type\":\"BreadcrumbList\",\"@id\":\"https:\/\/www.culturaltravelmorocco.com\/es\/producto\/ruta-costera-de-8-dias-por-el-sur-de-marruecos-ruta-circular\/#breadcrumb\",\"itemListElement\":[{\"@type\":\"ListItem\",\"position\":1,\"name\":\"Inicio\",\"item\":\"https:\/\/maroon-guanaco-577987.hostingersite.com\/\"},{\"@type\":\"ListItem\",\"position\":2,\"name\":\"Productos\",\"item\":\"https:\/\/www.culturaltravelmorocco.com\/es\/shop\/\"},{\"@type\":\"ListItem\",\"position\":3,\"name\":\"Ruta costera de 8 d\u00edas por el sur de Marruecos \u2013 Ruta circular\"}]},{\"@type\":\"WebSite\",\"@id\":\"https:\/\/www.culturaltravelmorocco.com\/es\/#website\",\"url\":\"https:\/\/www.culturaltravelmorocco.com\/es\/\",\"name\":\"Cultural Travel Morocco\",\"description\":\"\",\"potentialAction\":[{\"@type\":\"SearchAction\",\"target\":{\"@type\":\"EntryPoint\",\"urlTemplate\":\"https:\/\/www.culturaltravelmorocco.com\/es\/?s={search_term_string}\"},\"query-input\":{\"@type\":\"PropertyValueSpecification\",\"valueRequired\":true,\"valueName\":\"search_term_string\"}}],\"inLanguage\":\"es\"}]}<\/script>\n<!-- \/ Yoast SEO Premium plugin. -->","yoast_head_json":{"title":"Ruta costera de 8 d\u00edas por el sur de Marruecos \u2013 Ruta circular - Cultural Travel Morocco","robots":{"index":"index","follow":"follow","max-snippet":"max-snippet:-1","max-image-preview":"max-image-preview:large","max-video-preview":"max-video-preview:-1"},"canonical":"https:\/\/www.culturaltravelmorocco.com\/es\/producto\/ruta-costera-de-8-dias-por-el-sur-de-marruecos-ruta-circular\/","og_locale":"es_ES","og_type":"article","og_title":"Ruta costera de 8 d\u00edas por el sur de Marruecos \u2013 Ruta circular","og_description":"Descripci\u00f3n general: Emb\u00e1rcate en un viaje de 8 d\u00edas explorando la costa atl\u00e1ntica sur de Marruecos, una regi\u00f3n conocida por su clima c\u00e1lido, playas serenas y un aut\u00e9ntico ambiente marinero. Desde la medina de Esauira, declarada Patrimonio de la Humanidad por la UNESCO y considerada la puerta de entrada a la costa sur, la ruta [&hellip;]","og_url":"https:\/\/www.culturaltravelmorocco.com\/es\/producto\/ruta-costera-de-8-dias-por-el-sur-de-marruecos-ruta-circular\/","og_site_name":"Cultural Travel Morocco","article_modified_time":"2026-01-11T19:09:44+00:00","og_image":[{"width":1200,"height":1000,"url":"https:\/\/www.culturaltravelmorocco.com\/wp-content\/uploads\/2026\/01\/4-6.webp","type":"image\/webp"}],"twitter_card":"summary_large_image","twitter_misc":{"Tiempo de lectura":"2 minutos"},"schema":{"@context":"https:\/\/schema.org","@graph":[{"@type":"WebPage","@id":"https:\/\/www.culturaltravelmorocco.com\/es\/producto\/ruta-costera-de-8-dias-por-el-sur-de-marruecos-ruta-circular\/","url":"https:\/\/www.culturaltravelmorocco.com\/es\/producto\/ruta-costera-de-8-dias-por-el-sur-de-marruecos-ruta-circular\/","name":"Ruta costera de 8 d\u00edas por el sur de Marruecos \u2013 Ruta circular - Cultural Travel Morocco","isPartOf":{"@id":"https:\/\/www.culturaltravelmorocco.com\/es\/#website"},"primaryImageOfPage":{"@id":"https:\/\/www.culturaltravelmorocco.com\/es\/producto\/ruta-costera-de-8-dias-por-el-sur-de-marruecos-ruta-circular\/#primaryimage"},"image":{"@id":"https:\/\/www.culturaltravelmorocco.com\/es\/producto\/ruta-costera-de-8-dias-por-el-sur-de-marruecos-ruta-circular\/#primaryimage"},"thumbnailUrl":"https:\/\/www.culturaltravelmorocco.com\/wp-content\/uploads\/2026\/01\/4-6.webp","datePublished":"2026-01-10T12:20:34+00:00","dateModified":"2026-01-11T19:09:44+00:00","breadcrumb":{"@id":"https:\/\/www.culturaltravelmorocco.com\/es\/producto\/ruta-costera-de-8-dias-por-el-sur-de-marruecos-ruta-circular\/#breadcrumb"},"inLanguage":"es","potentialAction":[{"@type":"ReadAction","target":["https:\/\/www.culturaltravelmorocco.com\/es\/producto\/ruta-costera-de-8-dias-por-el-sur-de-marruecos-ruta-circular\/"]}]},{"@type":"ImageObject","inLanguage":"es","@id":"https:\/\/www.culturaltravelmorocco.com\/es\/producto\/ruta-costera-de-8-dias-por-el-sur-de-marruecos-ruta-circular\/#primaryimage","url":"https:\/\/www.culturaltravelmorocco.com\/wp-content\/uploads\/2026\/01\/4-6.webp","contentUrl":"https:\/\/www.culturaltravelmorocco.com\/wp-content\/uploads\/2026\/01\/4-6.webp","width":1200,"height":1000},{"@type":"BreadcrumbList","@id":"https:\/\/www.culturaltravelmorocco.com\/es\/producto\/ruta-costera-de-8-dias-por-el-sur-de-marruecos-ruta-circular\/#breadcrumb","itemListElement":[{"@type":"ListItem","position":1,"name":"Inicio","item":"https:\/\/maroon-guanaco-577987.hostingersite.com\/"},{"@type":"ListItem","position":2,"name":"Productos","item":"https:\/\/www.culturaltravelmorocco.com\/es\/shop\/"},{"@type":"ListItem","position":3,"name":"Ruta costera de 8 d\u00edas por el sur de Marruecos \u2013 Ruta circular"}]},{"@type":"WebSite","@id":"https:\/\/www.culturaltravelmorocco.com\/es\/#website","url":"https:\/\/www.culturaltravelmorocco.com\/es\/","name":"Cultural Travel Morocco","description":"","potentialAction":[{"@type":"SearchAction","target":{"@type":"EntryPoint","urlTemplate":"https:\/\/www.culturaltravelmorocco.com\/es\/?s={search_term_string}"},"query-input":{"@type":"PropertyValueSpecification","valueRequired":true,"valueName":"search_term_string"}}],"inLanguage":"es"}]}},"_links":{"self":[{"href":"https:\/\/www.culturaltravelmorocco.com\/es\/wp-json\/wp\/v2\/product\/10710","targetHints":{"allow":["GET"]}}],"collection":[{"href":"https:\/\/www.culturaltravelmorocco.com\/es\/wp-json\/wp\/v2\/product"}],"about":[{"href":"https:\/\/www.culturaltravelmorocco.com\/es\/wp-json\/wp\/v2\/types\/product"}],"replies":[{"embeddable":true,"href":"https:\/\/www.culturaltravelmorocco.com\/es\/wp-json\/wp\/v2\/comments?post=10710"}],"wp:featuredmedia":[{"embeddable":true,"href":"https:\/\/www.culturaltravelmorocco.com\/es\/wp-json\/wp\/v2\/media\/10711"}],"wp:attachment":[{"href":"https:\/\/www.culturaltravelmorocco.com\/es\/wp-json\/wp\/v2\/media?parent=10710"}],"wp:term":[{"taxonomy":"product_brand","embeddable":true,"href":"https:\/\/www.culturaltravelmorocco.com\/es\/wp-json\/wp\/v2\/product_brand?post=10710"},{"taxonomy":"product_cat","embeddable":true,"href":"https:\/\/www.culturaltravelmorocco.com\/es\/wp-json\/wp\/v2\/product_cat?post=10710"},{"taxonomy":"product_tag","embeddable":true,"href":"https:\/\/www.culturaltravelmorocco.com\/es\/wp-json\/wp\/v2\/product_tag?post=10710"}],"curies":[{"name":"wp","href":"https:\/\/api.w.org\/{rel}","templated":true}]}}