{"id":10721,"date":"2026-01-10T12:20:34","date_gmt":"2026-01-10T12:20:34","guid":{"rendered":"https:\/\/culturaltravelmorocco.com\/product\/4-day-desert-tour-from-fez-to-marrakech\/"},"modified":"2026-01-11T19:20:13","modified_gmt":"2026-01-11T19:20:13","slug":"excursion-de-4-dias-por-el-desierto-desde-fez-a-marrakech","status":"publish","type":"product","link":"https:\/\/www.culturaltravelmorocco.com\/es\/producto\/excursion-de-4-dias-por-el-desierto-desde-fez-a-marrakech\/","title":{"rendered":"Excursi\u00f3n de 4 d\u00edas por el desierto desde Fez a Marrakech"},"content":{"rendered":"<h2>Descripci\u00f3n general:<\/h2>\n<p>Lejos de grandes ciudades como Fez y Marrakech, Marruecos revela algunas de sus maravillas naturales m\u00e1s extraordinarias. Este tour de 4 d\u00edas por el desierto, de Fez a Marrakech, atraviesa la impresionante geograf\u00eda del pa\u00eds, incluyendo dos espectaculares puertos de monta\u00f1a en el Atlas Medio y el Alto Atlas. Durante el recorrido, paradas panor\u00e1micas resaltan la diversidad de los paisajes marroqu\u00edes, mostrando un terreno mucho m\u00e1s rico y accidentado de lo esperado. M\u00e1s all\u00e1 de las monta\u00f1as, el paisaje se abre al desierto del Sahara, culminando en las impresionantes dunas de Erg Chebbi, consideradas las m\u00e1s fascinantes de Marruecos.<\/p>\n<p>Al sur del Sahara, la vida sigue un ritmo m\u00e1s lento, permitiendo que las antiguas tradiciones sobrevivan. Durante este viaje, descubrir\u00e1 el aut\u00e9ntico estilo de vida de las familias n\u00f3madas, que a\u00fan conservan costumbres moldeadas por el entorno des\u00e9rtico. Tambi\u00e9n se encontrar\u00e1 con comunidades descendientes de antiguas poblaciones subsaharianas, conocidas por su singular patrimonio cultural y su m\u00fasica folcl\u00f3rica tradicional, reconocidas por la UNESCO como Patrimonio Cultural Inmaterial de la Humanidad. Este tour de 4 d\u00edas y 3 noches por Marruecos, que comienza en Fez y termina en Marrakech, ofrece un equilibrio perfecto entre naturaleza, cultura y aventura en el desierto.<\/p>\n","protected":false},"excerpt":{"rendered":"<p>Descripci\u00f3n general: Lejos de grandes ciudades como Fez y Marrakech, Marruecos revela algunas de sus maravillas naturales m\u00e1s extraordinarias. Este tour de 4 d\u00edas por el desierto, de Fez a Marrakech, atraviesa la impresionante geograf\u00eda del pa\u00eds, incluyendo dos espectaculares puertos de monta\u00f1a en el Atlas Medio y el Alto Atlas. Durante el recorrido, paradas [&hellip;]<\/p>\n","protected":false},"featured_media":9656,"comment_status":"closed","ping_status":"closed","template":"","meta":{"_joinchat":[]},"product_brand":[],"product_cat":[84],"product_tag":[],"class_list":{"0":"post-10721","1":"product","2":"type-product","3":"status-publish","4":"has-post-thumbnail","6":"product_cat-tours-desde-fez","8":"first","9":"instock","10":"purchasable","11":"product-type-ovabrw_car_rental"},"yoast_head":"<!-- This site is optimized with the Yoast SEO Premium plugin v25.0 (Yoast SEO v25.0) - https:\/\/yoast.com\/wordpress\/plugins\/seo\/ -->\n<title>Excursi\u00f3n de 4 d\u00edas por el desierto desde Fez a Marrakech - Cultural Travel Morocco<\/title>\n<meta name=\"robots\" content=\"index, follow, max-snippet:-1, max-image-preview:large, max-video-preview:-1\" \/>\n<link rel=\"canonical\" href=\"https:\/\/www.culturaltravelmorocco.com\/es\/producto\/excursion-de-4-dias-por-el-desierto-desde-fez-a-marrakech\/\" \/>\n<meta property=\"og:locale\" content=\"es_ES\" \/>\n<meta property=\"og:type\" content=\"article\" \/>\n<meta property=\"og:title\" content=\"Excursi\u00f3n de 4 d\u00edas por el desierto desde Fez a Marrakech\" \/>\n<meta property=\"og:description\" content=\"Descripci\u00f3n general: Lejos de grandes ciudades como Fez y Marrakech, Marruecos revela algunas de sus maravillas naturales m\u00e1s extraordinarias. Este tour de 4 d\u00edas por el desierto, de Fez a Marrakech, atraviesa la impresionante geograf\u00eda del pa\u00eds, incluyendo dos espectaculares puertos de monta\u00f1a en el Atlas Medio y el Alto Atlas. Durante el recorrido, paradas [&hellip;]\" \/>\n<meta property=\"og:url\" content=\"https:\/\/www.culturaltravelmorocco.com\/es\/producto\/excursion-de-4-dias-por-el-desierto-desde-fez-a-marrakech\/\" \/>\n<meta property=\"og:site_name\" content=\"Cultural Travel Morocco\" \/>\n<meta property=\"article:modified_time\" content=\"2026-01-11T19:20:13+00:00\" \/>\n<meta property=\"og:image\" content=\"https:\/\/www.culturaltravelmorocco.com\/wp-content\/uploads\/2026\/01\/5-7-1.webp\" \/>\n\t<meta property=\"og:image:width\" content=\"1200\" \/>\n\t<meta property=\"og:image:height\" content=\"1000\" \/>\n\t<meta property=\"og:image:type\" content=\"image\/webp\" \/>\n<meta name=\"twitter:card\" content=\"summary_large_image\" \/>\n<meta name=\"twitter:label1\" content=\"Tiempo de lectura\" \/>\n\t<meta name=\"twitter:data1\" content=\"2 minutos\" \/>\n<script type=\"application\/ld+json\" class=\"yoast-schema-graph\">{\"@context\":\"https:\/\/schema.org\",\"@graph\":[{\"@type\":\"WebPage\",\"@id\":\"https:\/\/www.culturaltravelmorocco.com\/es\/producto\/excursion-de-4-dias-por-el-desierto-desde-fez-a-marrakech\/\",\"url\":\"https:\/\/www.culturaltravelmorocco.com\/es\/producto\/excursion-de-4-dias-por-el-desierto-desde-fez-a-marrakech\/\",\"name\":\"Excursi\u00f3n de 4 d\u00edas por el desierto desde Fez a Marrakech - Cultural Travel Morocco\",\"isPartOf\":{\"@id\":\"https:\/\/www.culturaltravelmorocco.com\/es\/#website\"},\"primaryImageOfPage\":{\"@id\":\"https:\/\/www.culturaltravelmorocco.com\/es\/producto\/excursion-de-4-dias-por-el-desierto-desde-fez-a-marrakech\/#primaryimage\"},\"image\":{\"@id\":\"https:\/\/www.culturaltravelmorocco.com\/es\/producto\/excursion-de-4-dias-por-el-desierto-desde-fez-a-marrakech\/#primaryimage\"},\"thumbnailUrl\":\"https:\/\/www.culturaltravelmorocco.com\/wp-content\/uploads\/2026\/01\/5-7-1.webp\",\"datePublished\":\"2026-01-10T12:20:34+00:00\",\"dateModified\":\"2026-01-11T19:20:13+00:00\",\"breadcrumb\":{\"@id\":\"https:\/\/www.culturaltravelmorocco.com\/es\/producto\/excursion-de-4-dias-por-el-desierto-desde-fez-a-marrakech\/#breadcrumb\"},\"inLanguage\":\"es\",\"potentialAction\":[{\"@type\":\"ReadAction\",\"target\":[\"https:\/\/www.culturaltravelmorocco.com\/es\/producto\/excursion-de-4-dias-por-el-desierto-desde-fez-a-marrakech\/\"]}]},{\"@type\":\"ImageObject\",\"inLanguage\":\"es\",\"@id\":\"https:\/\/www.culturaltravelmorocco.com\/es\/producto\/excursion-de-4-dias-por-el-desierto-desde-fez-a-marrakech\/#primaryimage\",\"url\":\"https:\/\/www.culturaltravelmorocco.com\/wp-content\/uploads\/2026\/01\/5-7-1.webp\",\"contentUrl\":\"https:\/\/www.culturaltravelmorocco.com\/wp-content\/uploads\/2026\/01\/5-7-1.webp\",\"width\":1200,\"height\":1000},{\"@type\":\"BreadcrumbList\",\"@id\":\"https:\/\/www.culturaltravelmorocco.com\/es\/producto\/excursion-de-4-dias-por-el-desierto-desde-fez-a-marrakech\/#breadcrumb\",\"itemListElement\":[{\"@type\":\"ListItem\",\"position\":1,\"name\":\"Inicio\",\"item\":\"https:\/\/maroon-guanaco-577987.hostingersite.com\/\"},{\"@type\":\"ListItem\",\"position\":2,\"name\":\"Productos\",\"item\":\"https:\/\/www.culturaltravelmorocco.com\/es\/shop\/\"},{\"@type\":\"ListItem\",\"position\":3,\"name\":\"Excursi\u00f3n de 4 d\u00edas por el desierto desde Fez a Marrakech\"}]},{\"@type\":\"WebSite\",\"@id\":\"https:\/\/www.culturaltravelmorocco.com\/es\/#website\",\"url\":\"https:\/\/www.culturaltravelmorocco.com\/es\/\",\"name\":\"Cultural Travel Morocco\",\"description\":\"\",\"potentialAction\":[{\"@type\":\"SearchAction\",\"target\":{\"@type\":\"EntryPoint\",\"urlTemplate\":\"https:\/\/www.culturaltravelmorocco.com\/es\/?s={search_term_string}\"},\"query-input\":{\"@type\":\"PropertyValueSpecification\",\"valueRequired\":true,\"valueName\":\"search_term_string\"}}],\"inLanguage\":\"es\"}]}<\/script>\n<!-- \/ Yoast SEO Premium plugin. -->","yoast_head_json":{"title":"Excursi\u00f3n de 4 d\u00edas por el desierto desde Fez a Marrakech - Cultural Travel Morocco","robots":{"index":"index","follow":"follow","max-snippet":"max-snippet:-1","max-image-preview":"max-image-preview:large","max-video-preview":"max-video-preview:-1"},"canonical":"https:\/\/www.culturaltravelmorocco.com\/es\/producto\/excursion-de-4-dias-por-el-desierto-desde-fez-a-marrakech\/","og_locale":"es_ES","og_type":"article","og_title":"Excursi\u00f3n de 4 d\u00edas por el desierto desde Fez a Marrakech","og_description":"Descripci\u00f3n general: Lejos de grandes ciudades como Fez y Marrakech, Marruecos revela algunas de sus maravillas naturales m\u00e1s extraordinarias. Este tour de 4 d\u00edas por el desierto, de Fez a Marrakech, atraviesa la impresionante geograf\u00eda del pa\u00eds, incluyendo dos espectaculares puertos de monta\u00f1a en el Atlas Medio y el Alto Atlas. Durante el recorrido, paradas [&hellip;]","og_url":"https:\/\/www.culturaltravelmorocco.com\/es\/producto\/excursion-de-4-dias-por-el-desierto-desde-fez-a-marrakech\/","og_site_name":"Cultural Travel Morocco","article_modified_time":"2026-01-11T19:20:13+00:00","og_image":[{"width":1200,"height":1000,"url":"https:\/\/www.culturaltravelmorocco.com\/wp-content\/uploads\/2026\/01\/5-7-1.webp","type":"image\/webp"}],"twitter_card":"summary_large_image","twitter_misc":{"Tiempo de lectura":"2 minutos"},"schema":{"@context":"https:\/\/schema.org","@graph":[{"@type":"WebPage","@id":"https:\/\/www.culturaltravelmorocco.com\/es\/producto\/excursion-de-4-dias-por-el-desierto-desde-fez-a-marrakech\/","url":"https:\/\/www.culturaltravelmorocco.com\/es\/producto\/excursion-de-4-dias-por-el-desierto-desde-fez-a-marrakech\/","name":"Excursi\u00f3n de 4 d\u00edas por el desierto desde Fez a Marrakech - Cultural Travel Morocco","isPartOf":{"@id":"https:\/\/www.culturaltravelmorocco.com\/es\/#website"},"primaryImageOfPage":{"@id":"https:\/\/www.culturaltravelmorocco.com\/es\/producto\/excursion-de-4-dias-por-el-desierto-desde-fez-a-marrakech\/#primaryimage"},"image":{"@id":"https:\/\/www.culturaltravelmorocco.com\/es\/producto\/excursion-de-4-dias-por-el-desierto-desde-fez-a-marrakech\/#primaryimage"},"thumbnailUrl":"https:\/\/www.culturaltravelmorocco.com\/wp-content\/uploads\/2026\/01\/5-7-1.webp","datePublished":"2026-01-10T12:20:34+00:00","dateModified":"2026-01-11T19:20:13+00:00","breadcrumb":{"@id":"https:\/\/www.culturaltravelmorocco.com\/es\/producto\/excursion-de-4-dias-por-el-desierto-desde-fez-a-marrakech\/#breadcrumb"},"inLanguage":"es","potentialAction":[{"@type":"ReadAction","target":["https:\/\/www.culturaltravelmorocco.com\/es\/producto\/excursion-de-4-dias-por-el-desierto-desde-fez-a-marrakech\/"]}]},{"@type":"ImageObject","inLanguage":"es","@id":"https:\/\/www.culturaltravelmorocco.com\/es\/producto\/excursion-de-4-dias-por-el-desierto-desde-fez-a-marrakech\/#primaryimage","url":"https:\/\/www.culturaltravelmorocco.com\/wp-content\/uploads\/2026\/01\/5-7-1.webp","contentUrl":"https:\/\/www.culturaltravelmorocco.com\/wp-content\/uploads\/2026\/01\/5-7-1.webp","width":1200,"height":1000},{"@type":"BreadcrumbList","@id":"https:\/\/www.culturaltravelmorocco.com\/es\/producto\/excursion-de-4-dias-por-el-desierto-desde-fez-a-marrakech\/#breadcrumb","itemListElement":[{"@type":"ListItem","position":1,"name":"Inicio","item":"https:\/\/maroon-guanaco-577987.hostingersite.com\/"},{"@type":"ListItem","position":2,"name":"Productos","item":"https:\/\/www.culturaltravelmorocco.com\/es\/shop\/"},{"@type":"ListItem","position":3,"name":"Excursi\u00f3n de 4 d\u00edas por el desierto desde Fez a Marrakech"}]},{"@type":"WebSite","@id":"https:\/\/www.culturaltravelmorocco.com\/es\/#website","url":"https:\/\/www.culturaltravelmorocco.com\/es\/","name":"Cultural Travel Morocco","description":"","potentialAction":[{"@type":"SearchAction","target":{"@type":"EntryPoint","urlTemplate":"https:\/\/www.culturaltravelmorocco.com\/es\/?s={search_term_string}"},"query-input":{"@type":"PropertyValueSpecification","valueRequired":true,"valueName":"search_term_string"}}],"inLanguage":"es"}]}},"_links":{"self":[{"href":"https:\/\/www.culturaltravelmorocco.com\/es\/wp-json\/wp\/v2\/product\/10721","targetHints":{"allow":["GET"]}}],"collection":[{"href":"https:\/\/www.culturaltravelmorocco.com\/es\/wp-json\/wp\/v2\/product"}],"about":[{"href":"https:\/\/www.culturaltravelmorocco.com\/es\/wp-json\/wp\/v2\/types\/product"}],"replies":[{"embeddable":true,"href":"https:\/\/www.culturaltravelmorocco.com\/es\/wp-json\/wp\/v2\/comments?post=10721"}],"wp:featuredmedia":[{"embeddable":true,"href":"https:\/\/www.culturaltravelmorocco.com\/es\/wp-json\/wp\/v2\/media\/9656"}],"wp:attachment":[{"href":"https:\/\/www.culturaltravelmorocco.com\/es\/wp-json\/wp\/v2\/media?parent=10721"}],"wp:term":[{"taxonomy":"product_brand","embeddable":true,"href":"https:\/\/www.culturaltravelmorocco.com\/es\/wp-json\/wp\/v2\/product_brand?post=10721"},{"taxonomy":"product_cat","embeddable":true,"href":"https:\/\/www.culturaltravelmorocco.com\/es\/wp-json\/wp\/v2\/product_cat?post=10721"},{"taxonomy":"product_tag","embeddable":true,"href":"https:\/\/www.culturaltravelmorocco.com\/es\/wp-json\/wp\/v2\/product_tag?post=10721"}],"curies":[{"name":"wp","href":"https:\/\/api.w.org\/{rel}","templated":true}]}}