{"id":10741,"date":"2026-01-10T12:20:34","date_gmt":"2026-01-10T12:20:34","guid":{"rendered":"https:\/\/culturaltravelmorocco.com\/product\/3-day-sahara-desert-tour-from-marrakech-to-fez\/"},"modified":"2026-01-11T19:59:34","modified_gmt":"2026-01-11T19:59:34","slug":"excursion-de-3-dias-al-desierto-del-sahara-desde-marrakech-a-fez","status":"publish","type":"product","link":"https:\/\/www.culturaltravelmorocco.com\/es\/producto\/excursion-de-3-dias-al-desierto-del-sahara-desde-marrakech-a-fez\/","title":{"rendered":"Excursi\u00f3n de 3 d\u00edas al desierto del Sahara desde Marrakech a Fez"},"content":{"rendered":"<h2>Descripci\u00f3n general:<\/h2>\n<p>Este tour de 3 d\u00edas por el desierto, de Marrakech a Fez, est\u00e1 dise\u00f1ado para viajeros que desean experimentar la cautivadora belleza del desierto del Sahara en poco tiempo. El viaje conduce a las ic\u00f3nicas dunas de Erg Chebbi, uno de los paisajes des\u00e9rticos m\u00e1s aut\u00e9nticos y m\u00e1gicos de Marruecos. Aqu\u00ed, pasar\u00e1 la noche en un tranquilo campamento bereber de lujo, rodeado de arenas doradas y un cielo estrellado. Llegar a este destino es una aventura en s\u00ed misma: desde un pintoresco paseo en camello por las dunas hasta el descubrimiento de impresionantes valles presaharianos, la ruta ofrece una combinaci\u00f3n perfecta de naturaleza, tradici\u00f3n y pura emoci\u00f3n del desierto.<\/p>\n<p>En el camino, explorar\u00e1 los espectaculares paisajes del valle del Dades y los exuberantes oasis del valle del Ziz, donde las llanuras de hammadas, los palmerales y las antiguas fortalezas de adobe crean una experiencia visual inolvidable. Estos entornos contrastantes muestran la belleza natural y la riqueza cultural del sur de Marruecos. A diferencia de los tours circulares, la particularidad de este itinerario es que comienza en Marrakech y termina en Fez, lo que le permite continuar su viaje por el norte de Marruecos sin retroceder. Este tour de 3 d\u00edas por Marruecos es la introducci\u00f3n perfecta a las maravillas del S\u00e1hara y a los diversos paisajes de Marruecos.<\/p>\n","protected":false},"excerpt":{"rendered":"<p>Descripci\u00f3n general: Este tour de 3 d\u00edas por el desierto, de Marrakech a Fez, est\u00e1 dise\u00f1ado para viajeros que desean experimentar la cautivadora belleza del desierto del Sahara en poco tiempo. El viaje conduce a las ic\u00f3nicas dunas de Erg Chebbi, uno de los paisajes des\u00e9rticos m\u00e1s aut\u00e9nticos y m\u00e1gicos de Marruecos. Aqu\u00ed, pasar\u00e1 la [&hellip;]<\/p>\n","protected":false},"featured_media":10742,"comment_status":"closed","ping_status":"closed","template":"","meta":{"_joinchat":[]},"product_brand":[],"product_cat":[85],"product_tag":[],"class_list":{"0":"post-10741","1":"product","2":"type-product","3":"status-publish","4":"has-post-thumbnail","6":"product_cat-tours-desde-marrakech","8":"first","9":"instock","10":"purchasable","11":"product-type-ovabrw_car_rental"},"yoast_head":"<!-- This site is optimized with the Yoast SEO Premium plugin v25.0 (Yoast SEO v25.0) - https:\/\/yoast.com\/wordpress\/plugins\/seo\/ -->\n<title>Excursi\u00f3n de 3 d\u00edas al desierto del Sahara desde Marrakech a Fez - Cultural Travel Morocco<\/title>\n<meta name=\"robots\" content=\"index, follow, max-snippet:-1, max-image-preview:large, max-video-preview:-1\" \/>\n<link rel=\"canonical\" href=\"https:\/\/www.culturaltravelmorocco.com\/es\/producto\/excursion-de-3-dias-al-desierto-del-sahara-desde-marrakech-a-fez\/\" \/>\n<meta property=\"og:locale\" content=\"es_ES\" \/>\n<meta property=\"og:type\" content=\"article\" \/>\n<meta property=\"og:title\" content=\"Excursi\u00f3n de 3 d\u00edas al desierto del Sahara desde Marrakech a Fez\" \/>\n<meta property=\"og:description\" content=\"Descripci\u00f3n general: Este tour de 3 d\u00edas por el desierto, de Marrakech a Fez, est\u00e1 dise\u00f1ado para viajeros que desean experimentar la cautivadora belleza del desierto del Sahara en poco tiempo. El viaje conduce a las ic\u00f3nicas dunas de Erg Chebbi, uno de los paisajes des\u00e9rticos m\u00e1s aut\u00e9nticos y m\u00e1gicos de Marruecos. Aqu\u00ed, pasar\u00e1 la [&hellip;]\" \/>\n<meta property=\"og:url\" content=\"https:\/\/www.culturaltravelmorocco.com\/es\/producto\/excursion-de-3-dias-al-desierto-del-sahara-desde-marrakech-a-fez\/\" \/>\n<meta property=\"og:site_name\" content=\"Cultural Travel Morocco\" \/>\n<meta property=\"article:modified_time\" content=\"2026-01-11T19:59:34+00:00\" \/>\n<meta property=\"og:image\" content=\"https:\/\/www.culturaltravelmorocco.com\/wp-content\/uploads\/2026\/01\/7-8.webp\" \/>\n\t<meta property=\"og:image:width\" content=\"1200\" \/>\n\t<meta property=\"og:image:height\" content=\"1000\" \/>\n\t<meta property=\"og:image:type\" content=\"image\/webp\" \/>\n<meta name=\"twitter:card\" content=\"summary_large_image\" \/>\n<meta name=\"twitter:label1\" content=\"Tiempo de lectura\" \/>\n\t<meta name=\"twitter:data1\" content=\"2 minutos\" \/>\n<script type=\"application\/ld+json\" class=\"yoast-schema-graph\">{\"@context\":\"https:\/\/schema.org\",\"@graph\":[{\"@type\":\"WebPage\",\"@id\":\"https:\/\/www.culturaltravelmorocco.com\/es\/producto\/excursion-de-3-dias-al-desierto-del-sahara-desde-marrakech-a-fez\/\",\"url\":\"https:\/\/www.culturaltravelmorocco.com\/es\/producto\/excursion-de-3-dias-al-desierto-del-sahara-desde-marrakech-a-fez\/\",\"name\":\"Excursi\u00f3n de 3 d\u00edas al desierto del Sahara desde Marrakech a Fez - Cultural Travel Morocco\",\"isPartOf\":{\"@id\":\"https:\/\/www.culturaltravelmorocco.com\/es\/#website\"},\"primaryImageOfPage\":{\"@id\":\"https:\/\/www.culturaltravelmorocco.com\/es\/producto\/excursion-de-3-dias-al-desierto-del-sahara-desde-marrakech-a-fez\/#primaryimage\"},\"image\":{\"@id\":\"https:\/\/www.culturaltravelmorocco.com\/es\/producto\/excursion-de-3-dias-al-desierto-del-sahara-desde-marrakech-a-fez\/#primaryimage\"},\"thumbnailUrl\":\"https:\/\/www.culturaltravelmorocco.com\/wp-content\/uploads\/2026\/01\/7-8.webp\",\"datePublished\":\"2026-01-10T12:20:34+00:00\",\"dateModified\":\"2026-01-11T19:59:34+00:00\",\"breadcrumb\":{\"@id\":\"https:\/\/www.culturaltravelmorocco.com\/es\/producto\/excursion-de-3-dias-al-desierto-del-sahara-desde-marrakech-a-fez\/#breadcrumb\"},\"inLanguage\":\"es\",\"potentialAction\":[{\"@type\":\"ReadAction\",\"target\":[\"https:\/\/www.culturaltravelmorocco.com\/es\/producto\/excursion-de-3-dias-al-desierto-del-sahara-desde-marrakech-a-fez\/\"]}]},{\"@type\":\"ImageObject\",\"inLanguage\":\"es\",\"@id\":\"https:\/\/www.culturaltravelmorocco.com\/es\/producto\/excursion-de-3-dias-al-desierto-del-sahara-desde-marrakech-a-fez\/#primaryimage\",\"url\":\"https:\/\/www.culturaltravelmorocco.com\/wp-content\/uploads\/2026\/01\/7-8.webp\",\"contentUrl\":\"https:\/\/www.culturaltravelmorocco.com\/wp-content\/uploads\/2026\/01\/7-8.webp\",\"width\":1200,\"height\":1000},{\"@type\":\"BreadcrumbList\",\"@id\":\"https:\/\/www.culturaltravelmorocco.com\/es\/producto\/excursion-de-3-dias-al-desierto-del-sahara-desde-marrakech-a-fez\/#breadcrumb\",\"itemListElement\":[{\"@type\":\"ListItem\",\"position\":1,\"name\":\"Inicio\",\"item\":\"https:\/\/maroon-guanaco-577987.hostingersite.com\/\"},{\"@type\":\"ListItem\",\"position\":2,\"name\":\"Productos\",\"item\":\"https:\/\/www.culturaltravelmorocco.com\/es\/shop\/\"},{\"@type\":\"ListItem\",\"position\":3,\"name\":\"Excursi\u00f3n de 3 d\u00edas al desierto del Sahara desde Marrakech a Fez\"}]},{\"@type\":\"WebSite\",\"@id\":\"https:\/\/www.culturaltravelmorocco.com\/es\/#website\",\"url\":\"https:\/\/www.culturaltravelmorocco.com\/es\/\",\"name\":\"Cultural Travel Morocco\",\"description\":\"\",\"potentialAction\":[{\"@type\":\"SearchAction\",\"target\":{\"@type\":\"EntryPoint\",\"urlTemplate\":\"https:\/\/www.culturaltravelmorocco.com\/es\/?s={search_term_string}\"},\"query-input\":{\"@type\":\"PropertyValueSpecification\",\"valueRequired\":true,\"valueName\":\"search_term_string\"}}],\"inLanguage\":\"es\"}]}<\/script>\n<!-- \/ Yoast SEO Premium plugin. -->","yoast_head_json":{"title":"Excursi\u00f3n de 3 d\u00edas al desierto del Sahara desde Marrakech a Fez - Cultural Travel Morocco","robots":{"index":"index","follow":"follow","max-snippet":"max-snippet:-1","max-image-preview":"max-image-preview:large","max-video-preview":"max-video-preview:-1"},"canonical":"https:\/\/www.culturaltravelmorocco.com\/es\/producto\/excursion-de-3-dias-al-desierto-del-sahara-desde-marrakech-a-fez\/","og_locale":"es_ES","og_type":"article","og_title":"Excursi\u00f3n de 3 d\u00edas al desierto del Sahara desde Marrakech a Fez","og_description":"Descripci\u00f3n general: Este tour de 3 d\u00edas por el desierto, de Marrakech a Fez, est\u00e1 dise\u00f1ado para viajeros que desean experimentar la cautivadora belleza del desierto del Sahara en poco tiempo. El viaje conduce a las ic\u00f3nicas dunas de Erg Chebbi, uno de los paisajes des\u00e9rticos m\u00e1s aut\u00e9nticos y m\u00e1gicos de Marruecos. Aqu\u00ed, pasar\u00e1 la [&hellip;]","og_url":"https:\/\/www.culturaltravelmorocco.com\/es\/producto\/excursion-de-3-dias-al-desierto-del-sahara-desde-marrakech-a-fez\/","og_site_name":"Cultural Travel Morocco","article_modified_time":"2026-01-11T19:59:34+00:00","og_image":[{"width":1200,"height":1000,"url":"https:\/\/www.culturaltravelmorocco.com\/wp-content\/uploads\/2026\/01\/7-8.webp","type":"image\/webp"}],"twitter_card":"summary_large_image","twitter_misc":{"Tiempo de lectura":"2 minutos"},"schema":{"@context":"https:\/\/schema.org","@graph":[{"@type":"WebPage","@id":"https:\/\/www.culturaltravelmorocco.com\/es\/producto\/excursion-de-3-dias-al-desierto-del-sahara-desde-marrakech-a-fez\/","url":"https:\/\/www.culturaltravelmorocco.com\/es\/producto\/excursion-de-3-dias-al-desierto-del-sahara-desde-marrakech-a-fez\/","name":"Excursi\u00f3n de 3 d\u00edas al desierto del Sahara desde Marrakech a Fez - Cultural Travel Morocco","isPartOf":{"@id":"https:\/\/www.culturaltravelmorocco.com\/es\/#website"},"primaryImageOfPage":{"@id":"https:\/\/www.culturaltravelmorocco.com\/es\/producto\/excursion-de-3-dias-al-desierto-del-sahara-desde-marrakech-a-fez\/#primaryimage"},"image":{"@id":"https:\/\/www.culturaltravelmorocco.com\/es\/producto\/excursion-de-3-dias-al-desierto-del-sahara-desde-marrakech-a-fez\/#primaryimage"},"thumbnailUrl":"https:\/\/www.culturaltravelmorocco.com\/wp-content\/uploads\/2026\/01\/7-8.webp","datePublished":"2026-01-10T12:20:34+00:00","dateModified":"2026-01-11T19:59:34+00:00","breadcrumb":{"@id":"https:\/\/www.culturaltravelmorocco.com\/es\/producto\/excursion-de-3-dias-al-desierto-del-sahara-desde-marrakech-a-fez\/#breadcrumb"},"inLanguage":"es","potentialAction":[{"@type":"ReadAction","target":["https:\/\/www.culturaltravelmorocco.com\/es\/producto\/excursion-de-3-dias-al-desierto-del-sahara-desde-marrakech-a-fez\/"]}]},{"@type":"ImageObject","inLanguage":"es","@id":"https:\/\/www.culturaltravelmorocco.com\/es\/producto\/excursion-de-3-dias-al-desierto-del-sahara-desde-marrakech-a-fez\/#primaryimage","url":"https:\/\/www.culturaltravelmorocco.com\/wp-content\/uploads\/2026\/01\/7-8.webp","contentUrl":"https:\/\/www.culturaltravelmorocco.com\/wp-content\/uploads\/2026\/01\/7-8.webp","width":1200,"height":1000},{"@type":"BreadcrumbList","@id":"https:\/\/www.culturaltravelmorocco.com\/es\/producto\/excursion-de-3-dias-al-desierto-del-sahara-desde-marrakech-a-fez\/#breadcrumb","itemListElement":[{"@type":"ListItem","position":1,"name":"Inicio","item":"https:\/\/maroon-guanaco-577987.hostingersite.com\/"},{"@type":"ListItem","position":2,"name":"Productos","item":"https:\/\/www.culturaltravelmorocco.com\/es\/shop\/"},{"@type":"ListItem","position":3,"name":"Excursi\u00f3n de 3 d\u00edas al desierto del Sahara desde Marrakech a Fez"}]},{"@type":"WebSite","@id":"https:\/\/www.culturaltravelmorocco.com\/es\/#website","url":"https:\/\/www.culturaltravelmorocco.com\/es\/","name":"Cultural Travel Morocco","description":"","potentialAction":[{"@type":"SearchAction","target":{"@type":"EntryPoint","urlTemplate":"https:\/\/www.culturaltravelmorocco.com\/es\/?s={search_term_string}"},"query-input":{"@type":"PropertyValueSpecification","valueRequired":true,"valueName":"search_term_string"}}],"inLanguage":"es"}]}},"_links":{"self":[{"href":"https:\/\/www.culturaltravelmorocco.com\/es\/wp-json\/wp\/v2\/product\/10741","targetHints":{"allow":["GET"]}}],"collection":[{"href":"https:\/\/www.culturaltravelmorocco.com\/es\/wp-json\/wp\/v2\/product"}],"about":[{"href":"https:\/\/www.culturaltravelmorocco.com\/es\/wp-json\/wp\/v2\/types\/product"}],"replies":[{"embeddable":true,"href":"https:\/\/www.culturaltravelmorocco.com\/es\/wp-json\/wp\/v2\/comments?post=10741"}],"wp:featuredmedia":[{"embeddable":true,"href":"https:\/\/www.culturaltravelmorocco.com\/es\/wp-json\/wp\/v2\/media\/10742"}],"wp:attachment":[{"href":"https:\/\/www.culturaltravelmorocco.com\/es\/wp-json\/wp\/v2\/media?parent=10741"}],"wp:term":[{"taxonomy":"product_brand","embeddable":true,"href":"https:\/\/www.culturaltravelmorocco.com\/es\/wp-json\/wp\/v2\/product_brand?post=10741"},{"taxonomy":"product_cat","embeddable":true,"href":"https:\/\/www.culturaltravelmorocco.com\/es\/wp-json\/wp\/v2\/product_cat?post=10741"},{"taxonomy":"product_tag","embeddable":true,"href":"https:\/\/www.culturaltravelmorocco.com\/es\/wp-json\/wp\/v2\/product_tag?post=10741"}],"curies":[{"name":"wp","href":"https:\/\/api.w.org\/{rel}","templated":true}]}}