{"id":10761,"date":"2026-01-10T12:20:34","date_gmt":"2026-01-10T12:20:34","guid":{"rendered":"https:\/\/culturaltravelmorocco.com\/product\/10-day-morocco-tour-from-marrakech-south-to-north-adventure\/"},"modified":"2026-01-11T20:26:11","modified_gmt":"2026-01-11T20:26:11","slug":"tour-de-10-dias-por-marruecos-desde-marrakech-aventura-de-sur-a-norte","status":"publish","type":"product","link":"https:\/\/www.culturaltravelmorocco.com\/es\/producto\/tour-de-10-dias-por-marruecos-desde-marrakech-aventura-de-sur-a-norte\/","title":{"rendered":"Tour de 10 d\u00edas por Marruecos desde Marrakech: Aventura de sur a norte"},"content":{"rendered":"<h2>Descripci\u00f3n general:<\/h2>\n<p>Experimente la diversidad de Marruecos en este tour por carretera de 10 d\u00edas desde Marrakech, viajando c\u00f3modamente en un veh\u00edculo privado con un conductor-gu\u00eda profesional. El viaje le llevar\u00e1 a trav\u00e9s de paisajes espectaculares, desde las dunas de Erg Chebbi, atravesadas en camello, hasta los caminos de tierra del desierto de Merzouga, as\u00ed como las majestuosas monta\u00f1as del Alto Atlas, el Atlas Medio y el Rif. A lo largo de la ruta, descubrir\u00e1 los exuberantes campos de arg\u00e1n cerca de Esauira, las espectaculares curvas de las Gargantas del Todra y los impresionantes valles presaharianos de Dades y Ziz: un viaje por carretera inolvidable que muestra la belleza natural y cultural de Marruecos.<\/p>\n<p>Este tour tambi\u00e9n destaca el encanto de las medinas marroqu\u00edes, cada una con su car\u00e1cter \u00fanico. Explore la medina m\u00e1s grande de Fez, las bulliciosas calles hist\u00f3ricas de Marrakech, el ambiente costero de Esauira, el tradicional pueblo des\u00e9rtico de Rissani y la colorida medina azul de Chaouen. Experimente el placer de pasear por zocos, mercados, plazas y lugares hist\u00f3ricos como madrazas y mezquitas, sumergi\u00e9ndose por completo en la vida local. Este tour de 10 d\u00edas de Marrakech a T\u00e1nger est\u00e1 meticulosamente dise\u00f1ado para aprovechar al m\u00e1ximo cada momento, ofreciendo un viaje completo desde los desiertos del sur hasta las costas del norte.<\/p>\n","protected":false},"excerpt":{"rendered":"<p>Descripci\u00f3n general: Experimente la diversidad de Marruecos en este tour por carretera de 10 d\u00edas desde Marrakech, viajando c\u00f3modamente en un veh\u00edculo privado con un conductor-gu\u00eda profesional. El viaje le llevar\u00e1 a trav\u00e9s de paisajes espectaculares, desde las dunas de Erg Chebbi, atravesadas en camello, hasta los caminos de tierra del desierto de Merzouga, as\u00ed [&hellip;]<\/p>\n","protected":false},"featured_media":9516,"comment_status":"closed","ping_status":"closed","template":"","meta":{"_joinchat":[]},"product_brand":[],"product_cat":[85],"product_tag":[],"class_list":{"0":"post-10761","1":"product","2":"type-product","3":"status-publish","4":"has-post-thumbnail","6":"product_cat-tours-desde-marrakech","8":"first","9":"instock","10":"purchasable","11":"product-type-ovabrw_car_rental"},"yoast_head":"<!-- This site is optimized with the Yoast SEO Premium plugin v25.0 (Yoast SEO v25.0) - https:\/\/yoast.com\/wordpress\/plugins\/seo\/ -->\n<title>Tour de 10 d\u00edas por Marruecos desde Marrakech: Aventura de sur a norte - Cultural Travel Morocco<\/title>\n<meta name=\"robots\" content=\"index, follow, max-snippet:-1, max-image-preview:large, max-video-preview:-1\" \/>\n<link rel=\"canonical\" href=\"https:\/\/www.culturaltravelmorocco.com\/es\/producto\/tour-de-10-dias-por-marruecos-desde-marrakech-aventura-de-sur-a-norte\/\" \/>\n<meta property=\"og:locale\" content=\"es_ES\" \/>\n<meta property=\"og:type\" content=\"article\" \/>\n<meta property=\"og:title\" content=\"Tour de 10 d\u00edas por Marruecos desde Marrakech: Aventura de sur a norte\" \/>\n<meta property=\"og:description\" content=\"Descripci\u00f3n general: Experimente la diversidad de Marruecos en este tour por carretera de 10 d\u00edas desde Marrakech, viajando c\u00f3modamente en un veh\u00edculo privado con un conductor-gu\u00eda profesional. El viaje le llevar\u00e1 a trav\u00e9s de paisajes espectaculares, desde las dunas de Erg Chebbi, atravesadas en camello, hasta los caminos de tierra del desierto de Merzouga, as\u00ed [&hellip;]\" \/>\n<meta property=\"og:url\" content=\"https:\/\/www.culturaltravelmorocco.com\/es\/producto\/tour-de-10-dias-por-marruecos-desde-marrakech-aventura-de-sur-a-norte\/\" \/>\n<meta property=\"og:site_name\" content=\"Cultural Travel Morocco\" \/>\n<meta property=\"article:modified_time\" content=\"2026-01-11T20:26:11+00:00\" \/>\n<meta property=\"og:image\" content=\"https:\/\/www.culturaltravelmorocco.com\/wp-content\/uploads\/2026\/01\/6-4.webp\" \/>\n\t<meta property=\"og:image:width\" content=\"1200\" \/>\n\t<meta property=\"og:image:height\" content=\"1000\" \/>\n\t<meta property=\"og:image:type\" content=\"image\/webp\" \/>\n<meta name=\"twitter:card\" content=\"summary_large_image\" \/>\n<meta name=\"twitter:label1\" content=\"Tiempo de lectura\" \/>\n\t<meta name=\"twitter:data1\" content=\"2 minutos\" \/>\n<script type=\"application\/ld+json\" class=\"yoast-schema-graph\">{\"@context\":\"https:\/\/schema.org\",\"@graph\":[{\"@type\":\"WebPage\",\"@id\":\"https:\/\/www.culturaltravelmorocco.com\/es\/producto\/tour-de-10-dias-por-marruecos-desde-marrakech-aventura-de-sur-a-norte\/\",\"url\":\"https:\/\/www.culturaltravelmorocco.com\/es\/producto\/tour-de-10-dias-por-marruecos-desde-marrakech-aventura-de-sur-a-norte\/\",\"name\":\"Tour de 10 d\u00edas por Marruecos desde Marrakech: Aventura de sur a norte - Cultural Travel Morocco\",\"isPartOf\":{\"@id\":\"https:\/\/www.culturaltravelmorocco.com\/es\/#website\"},\"primaryImageOfPage\":{\"@id\":\"https:\/\/www.culturaltravelmorocco.com\/es\/producto\/tour-de-10-dias-por-marruecos-desde-marrakech-aventura-de-sur-a-norte\/#primaryimage\"},\"image\":{\"@id\":\"https:\/\/www.culturaltravelmorocco.com\/es\/producto\/tour-de-10-dias-por-marruecos-desde-marrakech-aventura-de-sur-a-norte\/#primaryimage\"},\"thumbnailUrl\":\"https:\/\/www.culturaltravelmorocco.com\/wp-content\/uploads\/2026\/01\/6-4.webp\",\"datePublished\":\"2026-01-10T12:20:34+00:00\",\"dateModified\":\"2026-01-11T20:26:11+00:00\",\"breadcrumb\":{\"@id\":\"https:\/\/www.culturaltravelmorocco.com\/es\/producto\/tour-de-10-dias-por-marruecos-desde-marrakech-aventura-de-sur-a-norte\/#breadcrumb\"},\"inLanguage\":\"es\",\"potentialAction\":[{\"@type\":\"ReadAction\",\"target\":[\"https:\/\/www.culturaltravelmorocco.com\/es\/producto\/tour-de-10-dias-por-marruecos-desde-marrakech-aventura-de-sur-a-norte\/\"]}]},{\"@type\":\"ImageObject\",\"inLanguage\":\"es\",\"@id\":\"https:\/\/www.culturaltravelmorocco.com\/es\/producto\/tour-de-10-dias-por-marruecos-desde-marrakech-aventura-de-sur-a-norte\/#primaryimage\",\"url\":\"https:\/\/www.culturaltravelmorocco.com\/wp-content\/uploads\/2026\/01\/6-4.webp\",\"contentUrl\":\"https:\/\/www.culturaltravelmorocco.com\/wp-content\/uploads\/2026\/01\/6-4.webp\",\"width\":1200,\"height\":1000},{\"@type\":\"BreadcrumbList\",\"@id\":\"https:\/\/www.culturaltravelmorocco.com\/es\/producto\/tour-de-10-dias-por-marruecos-desde-marrakech-aventura-de-sur-a-norte\/#breadcrumb\",\"itemListElement\":[{\"@type\":\"ListItem\",\"position\":1,\"name\":\"Inicio\",\"item\":\"https:\/\/maroon-guanaco-577987.hostingersite.com\/\"},{\"@type\":\"ListItem\",\"position\":2,\"name\":\"Productos\",\"item\":\"https:\/\/www.culturaltravelmorocco.com\/es\/shop\/\"},{\"@type\":\"ListItem\",\"position\":3,\"name\":\"Tour de 10 d\u00edas por Marruecos desde Marrakech: Aventura de sur a norte\"}]},{\"@type\":\"WebSite\",\"@id\":\"https:\/\/www.culturaltravelmorocco.com\/es\/#website\",\"url\":\"https:\/\/www.culturaltravelmorocco.com\/es\/\",\"name\":\"Cultural Travel Morocco\",\"description\":\"\",\"potentialAction\":[{\"@type\":\"SearchAction\",\"target\":{\"@type\":\"EntryPoint\",\"urlTemplate\":\"https:\/\/www.culturaltravelmorocco.com\/es\/?s={search_term_string}\"},\"query-input\":{\"@type\":\"PropertyValueSpecification\",\"valueRequired\":true,\"valueName\":\"search_term_string\"}}],\"inLanguage\":\"es\"}]}<\/script>\n<!-- \/ Yoast SEO Premium plugin. -->","yoast_head_json":{"title":"Tour de 10 d\u00edas por Marruecos desde Marrakech: Aventura de sur a norte - Cultural Travel Morocco","robots":{"index":"index","follow":"follow","max-snippet":"max-snippet:-1","max-image-preview":"max-image-preview:large","max-video-preview":"max-video-preview:-1"},"canonical":"https:\/\/www.culturaltravelmorocco.com\/es\/producto\/tour-de-10-dias-por-marruecos-desde-marrakech-aventura-de-sur-a-norte\/","og_locale":"es_ES","og_type":"article","og_title":"Tour de 10 d\u00edas por Marruecos desde Marrakech: Aventura de sur a norte","og_description":"Descripci\u00f3n general: Experimente la diversidad de Marruecos en este tour por carretera de 10 d\u00edas desde Marrakech, viajando c\u00f3modamente en un veh\u00edculo privado con un conductor-gu\u00eda profesional. El viaje le llevar\u00e1 a trav\u00e9s de paisajes espectaculares, desde las dunas de Erg Chebbi, atravesadas en camello, hasta los caminos de tierra del desierto de Merzouga, as\u00ed [&hellip;]","og_url":"https:\/\/www.culturaltravelmorocco.com\/es\/producto\/tour-de-10-dias-por-marruecos-desde-marrakech-aventura-de-sur-a-norte\/","og_site_name":"Cultural Travel Morocco","article_modified_time":"2026-01-11T20:26:11+00:00","og_image":[{"width":1200,"height":1000,"url":"https:\/\/www.culturaltravelmorocco.com\/wp-content\/uploads\/2026\/01\/6-4.webp","type":"image\/webp"}],"twitter_card":"summary_large_image","twitter_misc":{"Tiempo de lectura":"2 minutos"},"schema":{"@context":"https:\/\/schema.org","@graph":[{"@type":"WebPage","@id":"https:\/\/www.culturaltravelmorocco.com\/es\/producto\/tour-de-10-dias-por-marruecos-desde-marrakech-aventura-de-sur-a-norte\/","url":"https:\/\/www.culturaltravelmorocco.com\/es\/producto\/tour-de-10-dias-por-marruecos-desde-marrakech-aventura-de-sur-a-norte\/","name":"Tour de 10 d\u00edas por Marruecos desde Marrakech: Aventura de sur a norte - Cultural Travel Morocco","isPartOf":{"@id":"https:\/\/www.culturaltravelmorocco.com\/es\/#website"},"primaryImageOfPage":{"@id":"https:\/\/www.culturaltravelmorocco.com\/es\/producto\/tour-de-10-dias-por-marruecos-desde-marrakech-aventura-de-sur-a-norte\/#primaryimage"},"image":{"@id":"https:\/\/www.culturaltravelmorocco.com\/es\/producto\/tour-de-10-dias-por-marruecos-desde-marrakech-aventura-de-sur-a-norte\/#primaryimage"},"thumbnailUrl":"https:\/\/www.culturaltravelmorocco.com\/wp-content\/uploads\/2026\/01\/6-4.webp","datePublished":"2026-01-10T12:20:34+00:00","dateModified":"2026-01-11T20:26:11+00:00","breadcrumb":{"@id":"https:\/\/www.culturaltravelmorocco.com\/es\/producto\/tour-de-10-dias-por-marruecos-desde-marrakech-aventura-de-sur-a-norte\/#breadcrumb"},"inLanguage":"es","potentialAction":[{"@type":"ReadAction","target":["https:\/\/www.culturaltravelmorocco.com\/es\/producto\/tour-de-10-dias-por-marruecos-desde-marrakech-aventura-de-sur-a-norte\/"]}]},{"@type":"ImageObject","inLanguage":"es","@id":"https:\/\/www.culturaltravelmorocco.com\/es\/producto\/tour-de-10-dias-por-marruecos-desde-marrakech-aventura-de-sur-a-norte\/#primaryimage","url":"https:\/\/www.culturaltravelmorocco.com\/wp-content\/uploads\/2026\/01\/6-4.webp","contentUrl":"https:\/\/www.culturaltravelmorocco.com\/wp-content\/uploads\/2026\/01\/6-4.webp","width":1200,"height":1000},{"@type":"BreadcrumbList","@id":"https:\/\/www.culturaltravelmorocco.com\/es\/producto\/tour-de-10-dias-por-marruecos-desde-marrakech-aventura-de-sur-a-norte\/#breadcrumb","itemListElement":[{"@type":"ListItem","position":1,"name":"Inicio","item":"https:\/\/maroon-guanaco-577987.hostingersite.com\/"},{"@type":"ListItem","position":2,"name":"Productos","item":"https:\/\/www.culturaltravelmorocco.com\/es\/shop\/"},{"@type":"ListItem","position":3,"name":"Tour de 10 d\u00edas por Marruecos desde Marrakech: Aventura de sur a norte"}]},{"@type":"WebSite","@id":"https:\/\/www.culturaltravelmorocco.com\/es\/#website","url":"https:\/\/www.culturaltravelmorocco.com\/es\/","name":"Cultural Travel Morocco","description":"","potentialAction":[{"@type":"SearchAction","target":{"@type":"EntryPoint","urlTemplate":"https:\/\/www.culturaltravelmorocco.com\/es\/?s={search_term_string}"},"query-input":{"@type":"PropertyValueSpecification","valueRequired":true,"valueName":"search_term_string"}}],"inLanguage":"es"}]}},"_links":{"self":[{"href":"https:\/\/www.culturaltravelmorocco.com\/es\/wp-json\/wp\/v2\/product\/10761","targetHints":{"allow":["GET"]}}],"collection":[{"href":"https:\/\/www.culturaltravelmorocco.com\/es\/wp-json\/wp\/v2\/product"}],"about":[{"href":"https:\/\/www.culturaltravelmorocco.com\/es\/wp-json\/wp\/v2\/types\/product"}],"replies":[{"embeddable":true,"href":"https:\/\/www.culturaltravelmorocco.com\/es\/wp-json\/wp\/v2\/comments?post=10761"}],"wp:featuredmedia":[{"embeddable":true,"href":"https:\/\/www.culturaltravelmorocco.com\/es\/wp-json\/wp\/v2\/media\/9516"}],"wp:attachment":[{"href":"https:\/\/www.culturaltravelmorocco.com\/es\/wp-json\/wp\/v2\/media?parent=10761"}],"wp:term":[{"taxonomy":"product_brand","embeddable":true,"href":"https:\/\/www.culturaltravelmorocco.com\/es\/wp-json\/wp\/v2\/product_brand?post=10761"},{"taxonomy":"product_cat","embeddable":true,"href":"https:\/\/www.culturaltravelmorocco.com\/es\/wp-json\/wp\/v2\/product_cat?post=10761"},{"taxonomy":"product_tag","embeddable":true,"href":"https:\/\/www.culturaltravelmorocco.com\/es\/wp-json\/wp\/v2\/product_tag?post=10761"}],"curies":[{"name":"wp","href":"https:\/\/api.w.org\/{rel}","templated":true}]}}