{"id":10765,"date":"2026-01-10T12:20:34","date_gmt":"2026-01-10T12:20:34","guid":{"rendered":"https:\/\/culturaltravelmorocco.com\/product\/8-day-tour-from-fez-to-the-desert-and-marrakech\/"},"modified":"2026-01-11T20:34:13","modified_gmt":"2026-01-11T20:34:13","slug":"tour-de-8-dias-desde-fez-al-desierto-y-marrakech","status":"publish","type":"product","link":"https:\/\/www.culturaltravelmorocco.com\/es\/producto\/tour-de-8-dias-desde-fez-al-desierto-y-marrakech\/","title":{"rendered":"Tour de 8 d\u00edas desde Fez al desierto y Marrakech"},"content":{"rendered":"<h2>Descripci\u00f3n general:<\/h2>\n<p>Este tour de 8 d\u00edas desde Fez al desierto y Marrakech ofrece una rica inmersi\u00f3n en el patrimonio cultural y arquitect\u00f3nico de Marruecos. A lo largo del viaje, descubrir\u00e1 monumentos de excepcional valor hist\u00f3rico, tanto en las principales ciudades como en zonas rurales, que representan la arquitectura isl\u00e1mica (mezquitas, madrasas) y el patrimonio bereber (fortalezas y palacios del desierto). El itinerario incluye tres sitios declarados Patrimonio de la Humanidad por la UNESCO, testimonio de su excepcional importancia y conservaci\u00f3n, junto con numerosos monumentos menos conocidos en peque\u00f1os pueblos que revelan la aut\u00e9ntica esencia del pa\u00eds.<\/p>\n<p>La naturaleza es igualmente impresionante a lo largo de esta ruta, despleg\u00e1ndose en una extraordinaria diversidad de paisajes. Desde bosques milenarios y espectaculares ca\u00f1ones rocosos hasta interminables dunas de arena, exuberantes palmerales y picos nevados del Atlas, el paisaje cambia d\u00eda a d\u00eda. El tour comienza en Fez y termina en Marrakech, dos de las ciudades imperiales m\u00e1s fascinantes de Marruecos. El viaje entre ellas le revelar\u00e1 monta\u00f1as, valles y regiones des\u00e9rticas que se exploran mejor en un c\u00f3modo veh\u00edculo privado con conductor-gu\u00eda. Este circuito de 8 d\u00edas por Marruecos es ideal para viajeros que buscan un equilibrio refinado entre cultura, naturaleza y comodidad.<\/p>\n","protected":false},"excerpt":{"rendered":"<p>Descripci\u00f3n general: Este tour de 8 d\u00edas desde Fez al desierto y Marrakech ofrece una rica inmersi\u00f3n en el patrimonio cultural y arquitect\u00f3nico de Marruecos. A lo largo del viaje, descubrir\u00e1 monumentos de excepcional valor hist\u00f3rico, tanto en las principales ciudades como en zonas rurales, que representan la arquitectura isl\u00e1mica (mezquitas, madrasas) y el patrimonio [&hellip;]<\/p>\n","protected":false},"featured_media":9587,"comment_status":"closed","ping_status":"closed","template":"","meta":{"_joinchat":[]},"product_brand":[],"product_cat":[84],"product_tag":[],"class_list":{"0":"post-10765","1":"product","2":"type-product","3":"status-publish","4":"has-post-thumbnail","6":"product_cat-tours-desde-fez","8":"first","9":"instock","10":"purchasable","11":"product-type-ovabrw_car_rental"},"yoast_head":"<!-- This site is optimized with the Yoast SEO Premium plugin v25.0 (Yoast SEO v25.0) - https:\/\/yoast.com\/wordpress\/plugins\/seo\/ -->\n<title>Tour de 8 d\u00edas desde Fez al desierto y Marrakech - Cultural Travel Morocco<\/title>\n<meta name=\"robots\" content=\"index, follow, max-snippet:-1, max-image-preview:large, max-video-preview:-1\" \/>\n<link rel=\"canonical\" href=\"https:\/\/www.culturaltravelmorocco.com\/es\/producto\/tour-de-8-dias-desde-fez-al-desierto-y-marrakech\/\" \/>\n<meta property=\"og:locale\" content=\"es_ES\" \/>\n<meta property=\"og:type\" content=\"article\" \/>\n<meta property=\"og:title\" content=\"Tour de 8 d\u00edas desde Fez al desierto y Marrakech\" \/>\n<meta property=\"og:description\" content=\"Descripci\u00f3n general: Este tour de 8 d\u00edas desde Fez al desierto y Marrakech ofrece una rica inmersi\u00f3n en el patrimonio cultural y arquitect\u00f3nico de Marruecos. A lo largo del viaje, descubrir\u00e1 monumentos de excepcional valor hist\u00f3rico, tanto en las principales ciudades como en zonas rurales, que representan la arquitectura isl\u00e1mica (mezquitas, madrasas) y el patrimonio [&hellip;]\" \/>\n<meta property=\"og:url\" content=\"https:\/\/www.culturaltravelmorocco.com\/es\/producto\/tour-de-8-dias-desde-fez-al-desierto-y-marrakech\/\" \/>\n<meta property=\"og:site_name\" content=\"Cultural Travel Morocco\" \/>\n<meta property=\"article:modified_time\" content=\"2026-01-11T20:34:13+00:00\" \/>\n<meta property=\"og:image\" content=\"https:\/\/www.culturaltravelmorocco.com\/wp-content\/uploads\/2026\/01\/9-1-1.webp\" \/>\n\t<meta property=\"og:image:width\" content=\"1200\" \/>\n\t<meta property=\"og:image:height\" content=\"1000\" \/>\n\t<meta property=\"og:image:type\" content=\"image\/webp\" \/>\n<meta name=\"twitter:card\" content=\"summary_large_image\" \/>\n<meta name=\"twitter:label1\" content=\"Tiempo de lectura\" \/>\n\t<meta name=\"twitter:data1\" content=\"2 minutos\" \/>\n<script type=\"application\/ld+json\" class=\"yoast-schema-graph\">{\"@context\":\"https:\/\/schema.org\",\"@graph\":[{\"@type\":\"WebPage\",\"@id\":\"https:\/\/www.culturaltravelmorocco.com\/es\/producto\/tour-de-8-dias-desde-fez-al-desierto-y-marrakech\/\",\"url\":\"https:\/\/www.culturaltravelmorocco.com\/es\/producto\/tour-de-8-dias-desde-fez-al-desierto-y-marrakech\/\",\"name\":\"Tour de 8 d\u00edas desde Fez al desierto y Marrakech - Cultural Travel Morocco\",\"isPartOf\":{\"@id\":\"https:\/\/www.culturaltravelmorocco.com\/es\/#website\"},\"primaryImageOfPage\":{\"@id\":\"https:\/\/www.culturaltravelmorocco.com\/es\/producto\/tour-de-8-dias-desde-fez-al-desierto-y-marrakech\/#primaryimage\"},\"image\":{\"@id\":\"https:\/\/www.culturaltravelmorocco.com\/es\/producto\/tour-de-8-dias-desde-fez-al-desierto-y-marrakech\/#primaryimage\"},\"thumbnailUrl\":\"https:\/\/www.culturaltravelmorocco.com\/wp-content\/uploads\/2026\/01\/9-1-1.webp\",\"datePublished\":\"2026-01-10T12:20:34+00:00\",\"dateModified\":\"2026-01-11T20:34:13+00:00\",\"breadcrumb\":{\"@id\":\"https:\/\/www.culturaltravelmorocco.com\/es\/producto\/tour-de-8-dias-desde-fez-al-desierto-y-marrakech\/#breadcrumb\"},\"inLanguage\":\"es\",\"potentialAction\":[{\"@type\":\"ReadAction\",\"target\":[\"https:\/\/www.culturaltravelmorocco.com\/es\/producto\/tour-de-8-dias-desde-fez-al-desierto-y-marrakech\/\"]}]},{\"@type\":\"ImageObject\",\"inLanguage\":\"es\",\"@id\":\"https:\/\/www.culturaltravelmorocco.com\/es\/producto\/tour-de-8-dias-desde-fez-al-desierto-y-marrakech\/#primaryimage\",\"url\":\"https:\/\/www.culturaltravelmorocco.com\/wp-content\/uploads\/2026\/01\/9-1-1.webp\",\"contentUrl\":\"https:\/\/www.culturaltravelmorocco.com\/wp-content\/uploads\/2026\/01\/9-1-1.webp\",\"width\":1200,\"height\":1000},{\"@type\":\"BreadcrumbList\",\"@id\":\"https:\/\/www.culturaltravelmorocco.com\/es\/producto\/tour-de-8-dias-desde-fez-al-desierto-y-marrakech\/#breadcrumb\",\"itemListElement\":[{\"@type\":\"ListItem\",\"position\":1,\"name\":\"Inicio\",\"item\":\"https:\/\/maroon-guanaco-577987.hostingersite.com\/\"},{\"@type\":\"ListItem\",\"position\":2,\"name\":\"Productos\",\"item\":\"https:\/\/www.culturaltravelmorocco.com\/es\/shop\/\"},{\"@type\":\"ListItem\",\"position\":3,\"name\":\"Tour de 8 d\u00edas desde Fez al desierto y Marrakech\"}]},{\"@type\":\"WebSite\",\"@id\":\"https:\/\/www.culturaltravelmorocco.com\/es\/#website\",\"url\":\"https:\/\/www.culturaltravelmorocco.com\/es\/\",\"name\":\"Cultural Travel Morocco\",\"description\":\"\",\"potentialAction\":[{\"@type\":\"SearchAction\",\"target\":{\"@type\":\"EntryPoint\",\"urlTemplate\":\"https:\/\/www.culturaltravelmorocco.com\/es\/?s={search_term_string}\"},\"query-input\":{\"@type\":\"PropertyValueSpecification\",\"valueRequired\":true,\"valueName\":\"search_term_string\"}}],\"inLanguage\":\"es\"}]}<\/script>\n<!-- \/ Yoast SEO Premium plugin. -->","yoast_head_json":{"title":"Tour de 8 d\u00edas desde Fez al desierto y Marrakech - Cultural Travel Morocco","robots":{"index":"index","follow":"follow","max-snippet":"max-snippet:-1","max-image-preview":"max-image-preview:large","max-video-preview":"max-video-preview:-1"},"canonical":"https:\/\/www.culturaltravelmorocco.com\/es\/producto\/tour-de-8-dias-desde-fez-al-desierto-y-marrakech\/","og_locale":"es_ES","og_type":"article","og_title":"Tour de 8 d\u00edas desde Fez al desierto y Marrakech","og_description":"Descripci\u00f3n general: Este tour de 8 d\u00edas desde Fez al desierto y Marrakech ofrece una rica inmersi\u00f3n en el patrimonio cultural y arquitect\u00f3nico de Marruecos. A lo largo del viaje, descubrir\u00e1 monumentos de excepcional valor hist\u00f3rico, tanto en las principales ciudades como en zonas rurales, que representan la arquitectura isl\u00e1mica (mezquitas, madrasas) y el patrimonio [&hellip;]","og_url":"https:\/\/www.culturaltravelmorocco.com\/es\/producto\/tour-de-8-dias-desde-fez-al-desierto-y-marrakech\/","og_site_name":"Cultural Travel Morocco","article_modified_time":"2026-01-11T20:34:13+00:00","og_image":[{"width":1200,"height":1000,"url":"https:\/\/www.culturaltravelmorocco.com\/wp-content\/uploads\/2026\/01\/9-1-1.webp","type":"image\/webp"}],"twitter_card":"summary_large_image","twitter_misc":{"Tiempo de lectura":"2 minutos"},"schema":{"@context":"https:\/\/schema.org","@graph":[{"@type":"WebPage","@id":"https:\/\/www.culturaltravelmorocco.com\/es\/producto\/tour-de-8-dias-desde-fez-al-desierto-y-marrakech\/","url":"https:\/\/www.culturaltravelmorocco.com\/es\/producto\/tour-de-8-dias-desde-fez-al-desierto-y-marrakech\/","name":"Tour de 8 d\u00edas desde Fez al desierto y Marrakech - Cultural Travel Morocco","isPartOf":{"@id":"https:\/\/www.culturaltravelmorocco.com\/es\/#website"},"primaryImageOfPage":{"@id":"https:\/\/www.culturaltravelmorocco.com\/es\/producto\/tour-de-8-dias-desde-fez-al-desierto-y-marrakech\/#primaryimage"},"image":{"@id":"https:\/\/www.culturaltravelmorocco.com\/es\/producto\/tour-de-8-dias-desde-fez-al-desierto-y-marrakech\/#primaryimage"},"thumbnailUrl":"https:\/\/www.culturaltravelmorocco.com\/wp-content\/uploads\/2026\/01\/9-1-1.webp","datePublished":"2026-01-10T12:20:34+00:00","dateModified":"2026-01-11T20:34:13+00:00","breadcrumb":{"@id":"https:\/\/www.culturaltravelmorocco.com\/es\/producto\/tour-de-8-dias-desde-fez-al-desierto-y-marrakech\/#breadcrumb"},"inLanguage":"es","potentialAction":[{"@type":"ReadAction","target":["https:\/\/www.culturaltravelmorocco.com\/es\/producto\/tour-de-8-dias-desde-fez-al-desierto-y-marrakech\/"]}]},{"@type":"ImageObject","inLanguage":"es","@id":"https:\/\/www.culturaltravelmorocco.com\/es\/producto\/tour-de-8-dias-desde-fez-al-desierto-y-marrakech\/#primaryimage","url":"https:\/\/www.culturaltravelmorocco.com\/wp-content\/uploads\/2026\/01\/9-1-1.webp","contentUrl":"https:\/\/www.culturaltravelmorocco.com\/wp-content\/uploads\/2026\/01\/9-1-1.webp","width":1200,"height":1000},{"@type":"BreadcrumbList","@id":"https:\/\/www.culturaltravelmorocco.com\/es\/producto\/tour-de-8-dias-desde-fez-al-desierto-y-marrakech\/#breadcrumb","itemListElement":[{"@type":"ListItem","position":1,"name":"Inicio","item":"https:\/\/maroon-guanaco-577987.hostingersite.com\/"},{"@type":"ListItem","position":2,"name":"Productos","item":"https:\/\/www.culturaltravelmorocco.com\/es\/shop\/"},{"@type":"ListItem","position":3,"name":"Tour de 8 d\u00edas desde Fez al desierto y Marrakech"}]},{"@type":"WebSite","@id":"https:\/\/www.culturaltravelmorocco.com\/es\/#website","url":"https:\/\/www.culturaltravelmorocco.com\/es\/","name":"Cultural Travel Morocco","description":"","potentialAction":[{"@type":"SearchAction","target":{"@type":"EntryPoint","urlTemplate":"https:\/\/www.culturaltravelmorocco.com\/es\/?s={search_term_string}"},"query-input":{"@type":"PropertyValueSpecification","valueRequired":true,"valueName":"search_term_string"}}],"inLanguage":"es"}]}},"_links":{"self":[{"href":"https:\/\/www.culturaltravelmorocco.com\/es\/wp-json\/wp\/v2\/product\/10765","targetHints":{"allow":["GET"]}}],"collection":[{"href":"https:\/\/www.culturaltravelmorocco.com\/es\/wp-json\/wp\/v2\/product"}],"about":[{"href":"https:\/\/www.culturaltravelmorocco.com\/es\/wp-json\/wp\/v2\/types\/product"}],"replies":[{"embeddable":true,"href":"https:\/\/www.culturaltravelmorocco.com\/es\/wp-json\/wp\/v2\/comments?post=10765"}],"wp:featuredmedia":[{"embeddable":true,"href":"https:\/\/www.culturaltravelmorocco.com\/es\/wp-json\/wp\/v2\/media\/9587"}],"wp:attachment":[{"href":"https:\/\/www.culturaltravelmorocco.com\/es\/wp-json\/wp\/v2\/media?parent=10765"}],"wp:term":[{"taxonomy":"product_brand","embeddable":true,"href":"https:\/\/www.culturaltravelmorocco.com\/es\/wp-json\/wp\/v2\/product_brand?post=10765"},{"taxonomy":"product_cat","embeddable":true,"href":"https:\/\/www.culturaltravelmorocco.com\/es\/wp-json\/wp\/v2\/product_cat?post=10765"},{"taxonomy":"product_tag","embeddable":true,"href":"https:\/\/www.culturaltravelmorocco.com\/es\/wp-json\/wp\/v2\/product_tag?post=10765"}],"curies":[{"name":"wp","href":"https:\/\/api.w.org\/{rel}","templated":true}]}}