{"id":10772,"date":"2026-01-10T12:20:34","date_gmt":"2026-01-10T12:20:34","guid":{"rendered":"https:\/\/culturaltravelmorocco.com\/product\/14-day-morocco-tour-from-marrakech-to-northern-cities\/"},"modified":"2026-01-11T20:44:58","modified_gmt":"2026-01-11T20:44:58","slug":"tour-de-14-dias-por-marruecos-desde-marrakech-hasta-las-ciudades-del-norte","status":"publish","type":"product","link":"https:\/\/www.culturaltravelmorocco.com\/es\/producto\/tour-de-14-dias-por-marruecos-desde-marrakech-hasta-las-ciudades-del-norte\/","title":{"rendered":"Tour de 14 d\u00edas por Marruecos desde Marrakech hasta las ciudades del norte"},"content":{"rendered":"<h2>Descripci\u00f3n general:<\/h2>\n<p>Este tour de 14 d\u00edas por Marruecos re\u00fane los destinos m\u00e1s emblem\u00e1ticos del pa\u00eds, ofreciendo un itinerario rico en historia, cultura y maravillas naturales. Descubrir\u00e1s las espectaculares dunas del desierto del Sahara de Erg Chebbi, las majestuosas ciudades imperiales de Marrakech, Fez, Rabat y Meknes, y legendarios pueblos bereberes como Ait Ben Haddou, reconocidos por la UNESCO por su belleza, patrimonio y singularidad arquitect\u00f3nica. Cada lugar representa un pilar de la identidad marroqu\u00ed y se encuentra entre los tesoros culturales m\u00e1s impresionantes del mundo.<\/p>\n<p>Para que esta experiencia sea a\u00fan m\u00e1s completa, el tour tambi\u00e9n incluye destinos a menudo pasados \u200b\u200bpor alto, pero igualmente fascinantes. Explora las joyas mediterr\u00e1neas de T\u00e1nger y Tetu\u00e1n, el encanto atl\u00e1ntico de Esauira y los aut\u00e9nticos paisajes del valle del Draa, incluyendo Zagora. Tambi\u00e9n disfrutar\u00e1s de actividades significativas en el desierto que te permitir\u00e1n conectar profundamente con la cultura y las tradiciones locales. En 14 d\u00edas y 13 noches, con inicio en Marrakech y fin en T\u00e1nger, esta ruta se erige como uno de los tours m\u00e1s completos y diversos que existen en Marruecos.<\/p>\n","protected":false},"excerpt":{"rendered":"<p>Descripci\u00f3n general: Este tour de 14 d\u00edas por Marruecos re\u00fane los destinos m\u00e1s emblem\u00e1ticos del pa\u00eds, ofreciendo un itinerario rico en historia, cultura y maravillas naturales. Descubrir\u00e1s las espectaculares dunas del desierto del Sahara de Erg Chebbi, las majestuosas ciudades imperiales de Marrakech, Fez, Rabat y Meknes, y legendarios pueblos bereberes como Ait Ben Haddou, [&hellip;]<\/p>\n","protected":false},"featured_media":9662,"comment_status":"closed","ping_status":"closed","template":"","meta":{"_joinchat":[]},"product_brand":[],"product_cat":[85],"product_tag":[],"class_list":{"0":"post-10772","1":"product","2":"type-product","3":"status-publish","4":"has-post-thumbnail","6":"product_cat-tours-desde-marrakech","8":"first","9":"instock","10":"purchasable","11":"product-type-ovabrw_car_rental"},"yoast_head":"<!-- This site is optimized with the Yoast SEO Premium plugin v25.0 (Yoast SEO v25.0) - https:\/\/yoast.com\/wordpress\/plugins\/seo\/ -->\n<title>Tour de 14 d\u00edas por Marruecos desde Marrakech hasta las ciudades del norte - Cultural Travel Morocco<\/title>\n<meta name=\"robots\" content=\"index, follow, max-snippet:-1, max-image-preview:large, max-video-preview:-1\" \/>\n<link rel=\"canonical\" href=\"https:\/\/www.culturaltravelmorocco.com\/es\/producto\/tour-de-14-dias-por-marruecos-desde-marrakech-hasta-las-ciudades-del-norte\/\" \/>\n<meta property=\"og:locale\" content=\"es_ES\" \/>\n<meta property=\"og:type\" content=\"article\" \/>\n<meta property=\"og:title\" content=\"Tour de 14 d\u00edas por Marruecos desde Marrakech hasta las ciudades del norte\" \/>\n<meta property=\"og:description\" content=\"Descripci\u00f3n general: Este tour de 14 d\u00edas por Marruecos re\u00fane los destinos m\u00e1s emblem\u00e1ticos del pa\u00eds, ofreciendo un itinerario rico en historia, cultura y maravillas naturales. Descubrir\u00e1s las espectaculares dunas del desierto del Sahara de Erg Chebbi, las majestuosas ciudades imperiales de Marrakech, Fez, Rabat y Meknes, y legendarios pueblos bereberes como Ait Ben Haddou, [&hellip;]\" \/>\n<meta property=\"og:url\" content=\"https:\/\/www.culturaltravelmorocco.com\/es\/producto\/tour-de-14-dias-por-marruecos-desde-marrakech-hasta-las-ciudades-del-norte\/\" \/>\n<meta property=\"og:site_name\" content=\"Cultural Travel Morocco\" \/>\n<meta property=\"article:modified_time\" content=\"2026-01-11T20:44:58+00:00\" \/>\n<meta property=\"og:image\" content=\"https:\/\/www.culturaltravelmorocco.com\/wp-content\/uploads\/2026\/01\/11-3-1.webp\" \/>\n\t<meta property=\"og:image:width\" content=\"1200\" \/>\n\t<meta property=\"og:image:height\" content=\"1000\" \/>\n\t<meta property=\"og:image:type\" content=\"image\/webp\" \/>\n<meta name=\"twitter:card\" content=\"summary_large_image\" \/>\n<meta name=\"twitter:label1\" content=\"Tiempo de lectura\" \/>\n\t<meta name=\"twitter:data1\" content=\"1 minuto\" \/>\n<script type=\"application\/ld+json\" class=\"yoast-schema-graph\">{\"@context\":\"https:\/\/schema.org\",\"@graph\":[{\"@type\":\"WebPage\",\"@id\":\"https:\/\/www.culturaltravelmorocco.com\/es\/producto\/tour-de-14-dias-por-marruecos-desde-marrakech-hasta-las-ciudades-del-norte\/\",\"url\":\"https:\/\/www.culturaltravelmorocco.com\/es\/producto\/tour-de-14-dias-por-marruecos-desde-marrakech-hasta-las-ciudades-del-norte\/\",\"name\":\"Tour de 14 d\u00edas por Marruecos desde Marrakech hasta las ciudades del norte - Cultural Travel Morocco\",\"isPartOf\":{\"@id\":\"https:\/\/www.culturaltravelmorocco.com\/es\/#website\"},\"primaryImageOfPage\":{\"@id\":\"https:\/\/www.culturaltravelmorocco.com\/es\/producto\/tour-de-14-dias-por-marruecos-desde-marrakech-hasta-las-ciudades-del-norte\/#primaryimage\"},\"image\":{\"@id\":\"https:\/\/www.culturaltravelmorocco.com\/es\/producto\/tour-de-14-dias-por-marruecos-desde-marrakech-hasta-las-ciudades-del-norte\/#primaryimage\"},\"thumbnailUrl\":\"https:\/\/www.culturaltravelmorocco.com\/wp-content\/uploads\/2026\/01\/11-3-1.webp\",\"datePublished\":\"2026-01-10T12:20:34+00:00\",\"dateModified\":\"2026-01-11T20:44:58+00:00\",\"breadcrumb\":{\"@id\":\"https:\/\/www.culturaltravelmorocco.com\/es\/producto\/tour-de-14-dias-por-marruecos-desde-marrakech-hasta-las-ciudades-del-norte\/#breadcrumb\"},\"inLanguage\":\"es\",\"potentialAction\":[{\"@type\":\"ReadAction\",\"target\":[\"https:\/\/www.culturaltravelmorocco.com\/es\/producto\/tour-de-14-dias-por-marruecos-desde-marrakech-hasta-las-ciudades-del-norte\/\"]}]},{\"@type\":\"ImageObject\",\"inLanguage\":\"es\",\"@id\":\"https:\/\/www.culturaltravelmorocco.com\/es\/producto\/tour-de-14-dias-por-marruecos-desde-marrakech-hasta-las-ciudades-del-norte\/#primaryimage\",\"url\":\"https:\/\/www.culturaltravelmorocco.com\/wp-content\/uploads\/2026\/01\/11-3-1.webp\",\"contentUrl\":\"https:\/\/www.culturaltravelmorocco.com\/wp-content\/uploads\/2026\/01\/11-3-1.webp\",\"width\":1200,\"height\":1000},{\"@type\":\"BreadcrumbList\",\"@id\":\"https:\/\/www.culturaltravelmorocco.com\/es\/producto\/tour-de-14-dias-por-marruecos-desde-marrakech-hasta-las-ciudades-del-norte\/#breadcrumb\",\"itemListElement\":[{\"@type\":\"ListItem\",\"position\":1,\"name\":\"Inicio\",\"item\":\"https:\/\/maroon-guanaco-577987.hostingersite.com\/\"},{\"@type\":\"ListItem\",\"position\":2,\"name\":\"Productos\",\"item\":\"https:\/\/www.culturaltravelmorocco.com\/es\/shop\/\"},{\"@type\":\"ListItem\",\"position\":3,\"name\":\"Tour de 14 d\u00edas por Marruecos desde Marrakech hasta las ciudades del norte\"}]},{\"@type\":\"WebSite\",\"@id\":\"https:\/\/www.culturaltravelmorocco.com\/es\/#website\",\"url\":\"https:\/\/www.culturaltravelmorocco.com\/es\/\",\"name\":\"Cultural Travel Morocco\",\"description\":\"\",\"potentialAction\":[{\"@type\":\"SearchAction\",\"target\":{\"@type\":\"EntryPoint\",\"urlTemplate\":\"https:\/\/www.culturaltravelmorocco.com\/es\/?s={search_term_string}\"},\"query-input\":{\"@type\":\"PropertyValueSpecification\",\"valueRequired\":true,\"valueName\":\"search_term_string\"}}],\"inLanguage\":\"es\"}]}<\/script>\n<!-- \/ Yoast SEO Premium plugin. -->","yoast_head_json":{"title":"Tour de 14 d\u00edas por Marruecos desde Marrakech hasta las ciudades del norte - Cultural Travel Morocco","robots":{"index":"index","follow":"follow","max-snippet":"max-snippet:-1","max-image-preview":"max-image-preview:large","max-video-preview":"max-video-preview:-1"},"canonical":"https:\/\/www.culturaltravelmorocco.com\/es\/producto\/tour-de-14-dias-por-marruecos-desde-marrakech-hasta-las-ciudades-del-norte\/","og_locale":"es_ES","og_type":"article","og_title":"Tour de 14 d\u00edas por Marruecos desde Marrakech hasta las ciudades del norte","og_description":"Descripci\u00f3n general: Este tour de 14 d\u00edas por Marruecos re\u00fane los destinos m\u00e1s emblem\u00e1ticos del pa\u00eds, ofreciendo un itinerario rico en historia, cultura y maravillas naturales. Descubrir\u00e1s las espectaculares dunas del desierto del Sahara de Erg Chebbi, las majestuosas ciudades imperiales de Marrakech, Fez, Rabat y Meknes, y legendarios pueblos bereberes como Ait Ben Haddou, [&hellip;]","og_url":"https:\/\/www.culturaltravelmorocco.com\/es\/producto\/tour-de-14-dias-por-marruecos-desde-marrakech-hasta-las-ciudades-del-norte\/","og_site_name":"Cultural Travel Morocco","article_modified_time":"2026-01-11T20:44:58+00:00","og_image":[{"width":1200,"height":1000,"url":"https:\/\/www.culturaltravelmorocco.com\/wp-content\/uploads\/2026\/01\/11-3-1.webp","type":"image\/webp"}],"twitter_card":"summary_large_image","twitter_misc":{"Tiempo de lectura":"1 minuto"},"schema":{"@context":"https:\/\/schema.org","@graph":[{"@type":"WebPage","@id":"https:\/\/www.culturaltravelmorocco.com\/es\/producto\/tour-de-14-dias-por-marruecos-desde-marrakech-hasta-las-ciudades-del-norte\/","url":"https:\/\/www.culturaltravelmorocco.com\/es\/producto\/tour-de-14-dias-por-marruecos-desde-marrakech-hasta-las-ciudades-del-norte\/","name":"Tour de 14 d\u00edas por Marruecos desde Marrakech hasta las ciudades del norte - Cultural Travel Morocco","isPartOf":{"@id":"https:\/\/www.culturaltravelmorocco.com\/es\/#website"},"primaryImageOfPage":{"@id":"https:\/\/www.culturaltravelmorocco.com\/es\/producto\/tour-de-14-dias-por-marruecos-desde-marrakech-hasta-las-ciudades-del-norte\/#primaryimage"},"image":{"@id":"https:\/\/www.culturaltravelmorocco.com\/es\/producto\/tour-de-14-dias-por-marruecos-desde-marrakech-hasta-las-ciudades-del-norte\/#primaryimage"},"thumbnailUrl":"https:\/\/www.culturaltravelmorocco.com\/wp-content\/uploads\/2026\/01\/11-3-1.webp","datePublished":"2026-01-10T12:20:34+00:00","dateModified":"2026-01-11T20:44:58+00:00","breadcrumb":{"@id":"https:\/\/www.culturaltravelmorocco.com\/es\/producto\/tour-de-14-dias-por-marruecos-desde-marrakech-hasta-las-ciudades-del-norte\/#breadcrumb"},"inLanguage":"es","potentialAction":[{"@type":"ReadAction","target":["https:\/\/www.culturaltravelmorocco.com\/es\/producto\/tour-de-14-dias-por-marruecos-desde-marrakech-hasta-las-ciudades-del-norte\/"]}]},{"@type":"ImageObject","inLanguage":"es","@id":"https:\/\/www.culturaltravelmorocco.com\/es\/producto\/tour-de-14-dias-por-marruecos-desde-marrakech-hasta-las-ciudades-del-norte\/#primaryimage","url":"https:\/\/www.culturaltravelmorocco.com\/wp-content\/uploads\/2026\/01\/11-3-1.webp","contentUrl":"https:\/\/www.culturaltravelmorocco.com\/wp-content\/uploads\/2026\/01\/11-3-1.webp","width":1200,"height":1000},{"@type":"BreadcrumbList","@id":"https:\/\/www.culturaltravelmorocco.com\/es\/producto\/tour-de-14-dias-por-marruecos-desde-marrakech-hasta-las-ciudades-del-norte\/#breadcrumb","itemListElement":[{"@type":"ListItem","position":1,"name":"Inicio","item":"https:\/\/maroon-guanaco-577987.hostingersite.com\/"},{"@type":"ListItem","position":2,"name":"Productos","item":"https:\/\/www.culturaltravelmorocco.com\/es\/shop\/"},{"@type":"ListItem","position":3,"name":"Tour de 14 d\u00edas por Marruecos desde Marrakech hasta las ciudades del norte"}]},{"@type":"WebSite","@id":"https:\/\/www.culturaltravelmorocco.com\/es\/#website","url":"https:\/\/www.culturaltravelmorocco.com\/es\/","name":"Cultural Travel Morocco","description":"","potentialAction":[{"@type":"SearchAction","target":{"@type":"EntryPoint","urlTemplate":"https:\/\/www.culturaltravelmorocco.com\/es\/?s={search_term_string}"},"query-input":{"@type":"PropertyValueSpecification","valueRequired":true,"valueName":"search_term_string"}}],"inLanguage":"es"}]}},"_links":{"self":[{"href":"https:\/\/www.culturaltravelmorocco.com\/es\/wp-json\/wp\/v2\/product\/10772","targetHints":{"allow":["GET"]}}],"collection":[{"href":"https:\/\/www.culturaltravelmorocco.com\/es\/wp-json\/wp\/v2\/product"}],"about":[{"href":"https:\/\/www.culturaltravelmorocco.com\/es\/wp-json\/wp\/v2\/types\/product"}],"replies":[{"embeddable":true,"href":"https:\/\/www.culturaltravelmorocco.com\/es\/wp-json\/wp\/v2\/comments?post=10772"}],"wp:featuredmedia":[{"embeddable":true,"href":"https:\/\/www.culturaltravelmorocco.com\/es\/wp-json\/wp\/v2\/media\/9662"}],"wp:attachment":[{"href":"https:\/\/www.culturaltravelmorocco.com\/es\/wp-json\/wp\/v2\/media?parent=10772"}],"wp:term":[{"taxonomy":"product_brand","embeddable":true,"href":"https:\/\/www.culturaltravelmorocco.com\/es\/wp-json\/wp\/v2\/product_brand?post=10772"},{"taxonomy":"product_cat","embeddable":true,"href":"https:\/\/www.culturaltravelmorocco.com\/es\/wp-json\/wp\/v2\/product_cat?post=10772"},{"taxonomy":"product_tag","embeddable":true,"href":"https:\/\/www.culturaltravelmorocco.com\/es\/wp-json\/wp\/v2\/product_tag?post=10772"}],"curies":[{"name":"wp","href":"https:\/\/api.w.org\/{rel}","templated":true}]}}