{"id":10780,"date":"2026-01-10T12:20:34","date_gmt":"2026-01-10T12:20:34","guid":{"rendered":"https:\/\/culturaltravelmorocco.com\/product\/9-day-tour-from-fez-to-the-desert-and-marrakech\/"},"modified":"2026-01-11T20:53:44","modified_gmt":"2026-01-11T20:53:44","slug":"tour-de-9-dias-desde-fez-al-desierto-y-marrakech","status":"publish","type":"product","link":"https:\/\/www.culturaltravelmorocco.com\/es\/producto\/tour-de-9-dias-desde-fez-al-desierto-y-marrakech\/","title":{"rendered":"Tour de 9 d\u00edas desde Fez al desierto y Marrakech"},"content":{"rendered":"<h2>Descripci\u00f3n general:<\/h2>\n<p>Este tour de 9 d\u00edas desde Fez hasta el desierto y Marrakech est\u00e1 dise\u00f1ado para viajeros que desean explorar Marruecos a un ritmo relajado, disfrutando tanto de las ciudades emblem\u00e1ticas como de los paisajes que las conectan. Viajar por carretera permite experimentar plenamente la cordillera del Atlas, los valles presaharianos y las vastas regiones des\u00e9rticas, convirtiendo el viaje en s\u00ed mismo en un viaje inolvidable. En comparaci\u00f3n con circuitos m\u00e1s cortos, este itinerario incluye paradas m\u00e1s largas y recorridos diarios m\u00e1s cortos, lo que ofrece m\u00e1s tiempo para apreciar cada destino sin prisas.<\/p>\n<p>Al norte de la cordillera del Atlas, el paisaje es m\u00e1s verde y f\u00e9rtil, albergando ciudades hist\u00f3ricas y din\u00e1micas como Fez y Marrakech, as\u00ed como pueblos de gran altitud como Ifrane y Midelt, rodeados de parques naturales y tierras de cultivo. Cruzar el Atlas revela un Marruecos muy diferente: paisajes \u00e1ridos, oasis fluviales y palmerales que prosperan contra viento y marea. El viaje culmina en Merzouga, en el l\u00edmite del Sahara, donde descubrir\u00e1 pueblos del desierto, comunidades locales y tradiciones ancestrales que han perdurado en armon\u00eda con este entorno extremo. Este itinerario de 9 d\u00edas y 8 noches por Marruecos comienza en el aeropuerto de Fez y finaliza en el aeropuerto de Marrakech, ofreciendo comodidad, profundidad y autenticidad durante toda la ruta.<\/p>\n","protected":false},"excerpt":{"rendered":"<p>Descripci\u00f3n general: Este tour de 9 d\u00edas desde Fez hasta el desierto y Marrakech est\u00e1 dise\u00f1ado para viajeros que desean explorar Marruecos a un ritmo relajado, disfrutando tanto de las ciudades emblem\u00e1ticas como de los paisajes que las conectan. Viajar por carretera permite experimentar plenamente la cordillera del Atlas, los valles presaharianos y las vastas [&hellip;]<\/p>\n","protected":false},"featured_media":9632,"comment_status":"closed","ping_status":"closed","template":"","meta":{"_joinchat":[]},"product_brand":[],"product_cat":[84],"product_tag":[],"class_list":{"0":"post-10780","1":"product","2":"type-product","3":"status-publish","4":"has-post-thumbnail","6":"product_cat-tours-desde-fez","8":"first","9":"instock","10":"purchasable","11":"product-type-ovabrw_car_rental"},"yoast_head":"<!-- This site is optimized with the Yoast SEO Premium plugin v25.0 (Yoast SEO v25.0) - https:\/\/yoast.com\/wordpress\/plugins\/seo\/ -->\n<title>Tour de 9 d\u00edas desde Fez al desierto y Marrakech - Cultural Travel Morocco<\/title>\n<meta name=\"robots\" content=\"index, follow, max-snippet:-1, max-image-preview:large, max-video-preview:-1\" \/>\n<link rel=\"canonical\" href=\"https:\/\/www.culturaltravelmorocco.com\/es\/producto\/tour-de-9-dias-desde-fez-al-desierto-y-marrakech\/\" \/>\n<meta property=\"og:locale\" content=\"es_ES\" \/>\n<meta property=\"og:type\" content=\"article\" \/>\n<meta property=\"og:title\" content=\"Tour de 9 d\u00edas desde Fez al desierto y Marrakech\" \/>\n<meta property=\"og:description\" content=\"Descripci\u00f3n general: Este tour de 9 d\u00edas desde Fez hasta el desierto y Marrakech est\u00e1 dise\u00f1ado para viajeros que desean explorar Marruecos a un ritmo relajado, disfrutando tanto de las ciudades emblem\u00e1ticas como de los paisajes que las conectan. Viajar por carretera permite experimentar plenamente la cordillera del Atlas, los valles presaharianos y las vastas [&hellip;]\" \/>\n<meta property=\"og:url\" content=\"https:\/\/www.culturaltravelmorocco.com\/es\/producto\/tour-de-9-dias-desde-fez-al-desierto-y-marrakech\/\" \/>\n<meta property=\"og:site_name\" content=\"Cultural Travel Morocco\" \/>\n<meta property=\"article:modified_time\" content=\"2026-01-11T20:53:44+00:00\" \/>\n<meta property=\"og:image\" content=\"https:\/\/www.culturaltravelmorocco.com\/wp-content\/uploads\/2026\/01\/5-6-1.webp\" \/>\n\t<meta property=\"og:image:width\" content=\"1200\" \/>\n\t<meta property=\"og:image:height\" content=\"1000\" \/>\n\t<meta property=\"og:image:type\" content=\"image\/webp\" \/>\n<meta name=\"twitter:card\" content=\"summary_large_image\" \/>\n<meta name=\"twitter:label1\" content=\"Tiempo de lectura\" \/>\n\t<meta name=\"twitter:data1\" content=\"2 minutos\" \/>\n<script type=\"application\/ld+json\" class=\"yoast-schema-graph\">{\"@context\":\"https:\/\/schema.org\",\"@graph\":[{\"@type\":\"WebPage\",\"@id\":\"https:\/\/www.culturaltravelmorocco.com\/es\/producto\/tour-de-9-dias-desde-fez-al-desierto-y-marrakech\/\",\"url\":\"https:\/\/www.culturaltravelmorocco.com\/es\/producto\/tour-de-9-dias-desde-fez-al-desierto-y-marrakech\/\",\"name\":\"Tour de 9 d\u00edas desde Fez al desierto y Marrakech - Cultural Travel Morocco\",\"isPartOf\":{\"@id\":\"https:\/\/www.culturaltravelmorocco.com\/es\/#website\"},\"primaryImageOfPage\":{\"@id\":\"https:\/\/www.culturaltravelmorocco.com\/es\/producto\/tour-de-9-dias-desde-fez-al-desierto-y-marrakech\/#primaryimage\"},\"image\":{\"@id\":\"https:\/\/www.culturaltravelmorocco.com\/es\/producto\/tour-de-9-dias-desde-fez-al-desierto-y-marrakech\/#primaryimage\"},\"thumbnailUrl\":\"https:\/\/www.culturaltravelmorocco.com\/wp-content\/uploads\/2026\/01\/5-6-1.webp\",\"datePublished\":\"2026-01-10T12:20:34+00:00\",\"dateModified\":\"2026-01-11T20:53:44+00:00\",\"breadcrumb\":{\"@id\":\"https:\/\/www.culturaltravelmorocco.com\/es\/producto\/tour-de-9-dias-desde-fez-al-desierto-y-marrakech\/#breadcrumb\"},\"inLanguage\":\"es\",\"potentialAction\":[{\"@type\":\"ReadAction\",\"target\":[\"https:\/\/www.culturaltravelmorocco.com\/es\/producto\/tour-de-9-dias-desde-fez-al-desierto-y-marrakech\/\"]}]},{\"@type\":\"ImageObject\",\"inLanguage\":\"es\",\"@id\":\"https:\/\/www.culturaltravelmorocco.com\/es\/producto\/tour-de-9-dias-desde-fez-al-desierto-y-marrakech\/#primaryimage\",\"url\":\"https:\/\/www.culturaltravelmorocco.com\/wp-content\/uploads\/2026\/01\/5-6-1.webp\",\"contentUrl\":\"https:\/\/www.culturaltravelmorocco.com\/wp-content\/uploads\/2026\/01\/5-6-1.webp\",\"width\":1200,\"height\":1000},{\"@type\":\"BreadcrumbList\",\"@id\":\"https:\/\/www.culturaltravelmorocco.com\/es\/producto\/tour-de-9-dias-desde-fez-al-desierto-y-marrakech\/#breadcrumb\",\"itemListElement\":[{\"@type\":\"ListItem\",\"position\":1,\"name\":\"Inicio\",\"item\":\"https:\/\/maroon-guanaco-577987.hostingersite.com\/\"},{\"@type\":\"ListItem\",\"position\":2,\"name\":\"Productos\",\"item\":\"https:\/\/www.culturaltravelmorocco.com\/es\/shop\/\"},{\"@type\":\"ListItem\",\"position\":3,\"name\":\"Tour de 9 d\u00edas desde Fez al desierto y Marrakech\"}]},{\"@type\":\"WebSite\",\"@id\":\"https:\/\/www.culturaltravelmorocco.com\/es\/#website\",\"url\":\"https:\/\/www.culturaltravelmorocco.com\/es\/\",\"name\":\"Cultural Travel Morocco\",\"description\":\"\",\"potentialAction\":[{\"@type\":\"SearchAction\",\"target\":{\"@type\":\"EntryPoint\",\"urlTemplate\":\"https:\/\/www.culturaltravelmorocco.com\/es\/?s={search_term_string}\"},\"query-input\":{\"@type\":\"PropertyValueSpecification\",\"valueRequired\":true,\"valueName\":\"search_term_string\"}}],\"inLanguage\":\"es\"}]}<\/script>\n<!-- \/ Yoast SEO Premium plugin. -->","yoast_head_json":{"title":"Tour de 9 d\u00edas desde Fez al desierto y Marrakech - Cultural Travel Morocco","robots":{"index":"index","follow":"follow","max-snippet":"max-snippet:-1","max-image-preview":"max-image-preview:large","max-video-preview":"max-video-preview:-1"},"canonical":"https:\/\/www.culturaltravelmorocco.com\/es\/producto\/tour-de-9-dias-desde-fez-al-desierto-y-marrakech\/","og_locale":"es_ES","og_type":"article","og_title":"Tour de 9 d\u00edas desde Fez al desierto y Marrakech","og_description":"Descripci\u00f3n general: Este tour de 9 d\u00edas desde Fez hasta el desierto y Marrakech est\u00e1 dise\u00f1ado para viajeros que desean explorar Marruecos a un ritmo relajado, disfrutando tanto de las ciudades emblem\u00e1ticas como de los paisajes que las conectan. Viajar por carretera permite experimentar plenamente la cordillera del Atlas, los valles presaharianos y las vastas [&hellip;]","og_url":"https:\/\/www.culturaltravelmorocco.com\/es\/producto\/tour-de-9-dias-desde-fez-al-desierto-y-marrakech\/","og_site_name":"Cultural Travel Morocco","article_modified_time":"2026-01-11T20:53:44+00:00","og_image":[{"width":1200,"height":1000,"url":"https:\/\/www.culturaltravelmorocco.com\/wp-content\/uploads\/2026\/01\/5-6-1.webp","type":"image\/webp"}],"twitter_card":"summary_large_image","twitter_misc":{"Tiempo de lectura":"2 minutos"},"schema":{"@context":"https:\/\/schema.org","@graph":[{"@type":"WebPage","@id":"https:\/\/www.culturaltravelmorocco.com\/es\/producto\/tour-de-9-dias-desde-fez-al-desierto-y-marrakech\/","url":"https:\/\/www.culturaltravelmorocco.com\/es\/producto\/tour-de-9-dias-desde-fez-al-desierto-y-marrakech\/","name":"Tour de 9 d\u00edas desde Fez al desierto y Marrakech - Cultural Travel Morocco","isPartOf":{"@id":"https:\/\/www.culturaltravelmorocco.com\/es\/#website"},"primaryImageOfPage":{"@id":"https:\/\/www.culturaltravelmorocco.com\/es\/producto\/tour-de-9-dias-desde-fez-al-desierto-y-marrakech\/#primaryimage"},"image":{"@id":"https:\/\/www.culturaltravelmorocco.com\/es\/producto\/tour-de-9-dias-desde-fez-al-desierto-y-marrakech\/#primaryimage"},"thumbnailUrl":"https:\/\/www.culturaltravelmorocco.com\/wp-content\/uploads\/2026\/01\/5-6-1.webp","datePublished":"2026-01-10T12:20:34+00:00","dateModified":"2026-01-11T20:53:44+00:00","breadcrumb":{"@id":"https:\/\/www.culturaltravelmorocco.com\/es\/producto\/tour-de-9-dias-desde-fez-al-desierto-y-marrakech\/#breadcrumb"},"inLanguage":"es","potentialAction":[{"@type":"ReadAction","target":["https:\/\/www.culturaltravelmorocco.com\/es\/producto\/tour-de-9-dias-desde-fez-al-desierto-y-marrakech\/"]}]},{"@type":"ImageObject","inLanguage":"es","@id":"https:\/\/www.culturaltravelmorocco.com\/es\/producto\/tour-de-9-dias-desde-fez-al-desierto-y-marrakech\/#primaryimage","url":"https:\/\/www.culturaltravelmorocco.com\/wp-content\/uploads\/2026\/01\/5-6-1.webp","contentUrl":"https:\/\/www.culturaltravelmorocco.com\/wp-content\/uploads\/2026\/01\/5-6-1.webp","width":1200,"height":1000},{"@type":"BreadcrumbList","@id":"https:\/\/www.culturaltravelmorocco.com\/es\/producto\/tour-de-9-dias-desde-fez-al-desierto-y-marrakech\/#breadcrumb","itemListElement":[{"@type":"ListItem","position":1,"name":"Inicio","item":"https:\/\/maroon-guanaco-577987.hostingersite.com\/"},{"@type":"ListItem","position":2,"name":"Productos","item":"https:\/\/www.culturaltravelmorocco.com\/es\/shop\/"},{"@type":"ListItem","position":3,"name":"Tour de 9 d\u00edas desde Fez al desierto y Marrakech"}]},{"@type":"WebSite","@id":"https:\/\/www.culturaltravelmorocco.com\/es\/#website","url":"https:\/\/www.culturaltravelmorocco.com\/es\/","name":"Cultural Travel Morocco","description":"","potentialAction":[{"@type":"SearchAction","target":{"@type":"EntryPoint","urlTemplate":"https:\/\/www.culturaltravelmorocco.com\/es\/?s={search_term_string}"},"query-input":{"@type":"PropertyValueSpecification","valueRequired":true,"valueName":"search_term_string"}}],"inLanguage":"es"}]}},"_links":{"self":[{"href":"https:\/\/www.culturaltravelmorocco.com\/es\/wp-json\/wp\/v2\/product\/10780","targetHints":{"allow":["GET"]}}],"collection":[{"href":"https:\/\/www.culturaltravelmorocco.com\/es\/wp-json\/wp\/v2\/product"}],"about":[{"href":"https:\/\/www.culturaltravelmorocco.com\/es\/wp-json\/wp\/v2\/types\/product"}],"replies":[{"embeddable":true,"href":"https:\/\/www.culturaltravelmorocco.com\/es\/wp-json\/wp\/v2\/comments?post=10780"}],"wp:featuredmedia":[{"embeddable":true,"href":"https:\/\/www.culturaltravelmorocco.com\/es\/wp-json\/wp\/v2\/media\/9632"}],"wp:attachment":[{"href":"https:\/\/www.culturaltravelmorocco.com\/es\/wp-json\/wp\/v2\/media?parent=10780"}],"wp:term":[{"taxonomy":"product_brand","embeddable":true,"href":"https:\/\/www.culturaltravelmorocco.com\/es\/wp-json\/wp\/v2\/product_brand?post=10780"},{"taxonomy":"product_cat","embeddable":true,"href":"https:\/\/www.culturaltravelmorocco.com\/es\/wp-json\/wp\/v2\/product_cat?post=10780"},{"taxonomy":"product_tag","embeddable":true,"href":"https:\/\/www.culturaltravelmorocco.com\/es\/wp-json\/wp\/v2\/product_tag?post=10780"}],"curies":[{"name":"wp","href":"https:\/\/api.w.org\/{rel}","templated":true}]}}