{"id":10784,"date":"2026-01-10T12:20:34","date_gmt":"2026-01-10T12:20:34","guid":{"rendered":"https:\/\/culturaltravelmorocco.com\/product\/8-day-morocco-itinerary-desert-adventure-and-marrakech-visit\/"},"modified":"2026-01-11T21:01:53","modified_gmt":"2026-01-11T21:01:53","slug":"itinerario-de-8-dias-por-marruecos-aventura-en-el-desierto-y-visita-a-marrakech","status":"publish","type":"product","link":"https:\/\/www.culturaltravelmorocco.com\/es\/producto\/itinerario-de-8-dias-por-marruecos-aventura-en-el-desierto-y-visita-a-marrakech\/","title":{"rendered":"Itinerario de 8 d\u00edas por Marruecos: Aventura en el desierto y visita a Marrakech"},"content":{"rendered":"<h2>Descripci\u00f3n general:<\/h2>\n<p>Descubra la inmensidad del desierto marroqu\u00ed en un inolvidable viaje de 8 d\u00edas que combina naturaleza, cultura y encuentros aut\u00e9nticos. Guiado por un conductor-gu\u00eda profesional, explorar\u00e1 algunos de los paisajes des\u00e9rticos m\u00e1s emblem\u00e1ticos, como las dunas de Erg Chebbi, las espectaculares gargantas del Todra y el ksar de Ait Ben Haddou, declarado Patrimonio de la Humanidad por la UNESCO. M\u00e1s all\u00e1 de los grandes atractivos, este tour le llevar\u00e1 a rincones \u00edntimos del sur de Marruecos, donde el silencio, la luz y la genuina hospitalidad de su gente revelan la verdadera esencia de la regi\u00f3n. Cada parada, desde aldeas remotas hasta valles impresionantes, se convierte en un momento inolvidable gracias a la gu\u00eda y el conocimiento cultural de su experto local.<\/p>\n<p>Este tour circular de 8 d\u00edas, con inicio y fin en Marrakech, est\u00e1 dise\u00f1ado no solo para los amantes del desierto, sino tambi\u00e9n para viajeros que desean explorar a fondo la vibrante \u00abciudad roja\u00bb. A diferencia de los programas est\u00e1ndar, este itinerario dedica tiempo adicional a Marrakech, lo que le permite descubrir sus sitios hist\u00f3ricos, sus animados zocos y su atm\u00f3sfera \u00fanica. Disfrutar\u00e1 de visitas guiadas, tiempo libre en la ciudad y c\u00f3modos traslados desde y hacia el aeropuerto, lo que le garantiza una experiencia fluida y placentera. Con 8 d\u00edas y 7 noches de aventura y descubrimiento, esta ruta ofrece la combinaci\u00f3n perfecta de magia des\u00e9rtica y encanto urbano.<\/p>\n<p data-start=\"601\" data-end=\"1061\">\n","protected":false},"excerpt":{"rendered":"<p>Descripci\u00f3n general: Descubra la inmensidad del desierto marroqu\u00ed en un inolvidable viaje de 8 d\u00edas que combina naturaleza, cultura y encuentros aut\u00e9nticos. Guiado por un conductor-gu\u00eda profesional, explorar\u00e1 algunos de los paisajes des\u00e9rticos m\u00e1s emblem\u00e1ticos, como las dunas de Erg Chebbi, las espectaculares gargantas del Todra y el ksar de Ait Ben Haddou, declarado Patrimonio [&hellip;]<\/p>\n","protected":false},"featured_media":10723,"comment_status":"closed","ping_status":"closed","template":"","meta":{"_joinchat":[]},"product_brand":[],"product_cat":[85],"product_tag":[],"class_list":{"0":"post-10784","1":"product","2":"type-product","3":"status-publish","4":"has-post-thumbnail","6":"product_cat-tours-desde-marrakech","8":"first","9":"instock","10":"purchasable","11":"product-type-ovabrw_car_rental"},"yoast_head":"<!-- This site is optimized with the Yoast SEO Premium plugin v25.0 (Yoast SEO v25.0) - https:\/\/yoast.com\/wordpress\/plugins\/seo\/ -->\n<title>Itinerario de 8 d\u00edas por Marruecos: Aventura en el desierto y visita a Marrakech - Cultural Travel Morocco<\/title>\n<meta name=\"robots\" content=\"index, follow, max-snippet:-1, max-image-preview:large, max-video-preview:-1\" \/>\n<link rel=\"canonical\" href=\"https:\/\/www.culturaltravelmorocco.com\/es\/producto\/itinerario-de-8-dias-por-marruecos-aventura-en-el-desierto-y-visita-a-marrakech\/\" \/>\n<meta property=\"og:locale\" content=\"es_ES\" \/>\n<meta property=\"og:type\" content=\"article\" \/>\n<meta property=\"og:title\" content=\"Itinerario de 8 d\u00edas por Marruecos: Aventura en el desierto y visita a Marrakech\" \/>\n<meta property=\"og:description\" content=\"Descripci\u00f3n general: Descubra la inmensidad del desierto marroqu\u00ed en un inolvidable viaje de 8 d\u00edas que combina naturaleza, cultura y encuentros aut\u00e9nticos. Guiado por un conductor-gu\u00eda profesional, explorar\u00e1 algunos de los paisajes des\u00e9rticos m\u00e1s emblem\u00e1ticos, como las dunas de Erg Chebbi, las espectaculares gargantas del Todra y el ksar de Ait Ben Haddou, declarado Patrimonio [&hellip;]\" \/>\n<meta property=\"og:url\" content=\"https:\/\/www.culturaltravelmorocco.com\/es\/producto\/itinerario-de-8-dias-por-marruecos-aventura-en-el-desierto-y-visita-a-marrakech\/\" \/>\n<meta property=\"og:site_name\" content=\"Cultural Travel Morocco\" \/>\n<meta property=\"article:modified_time\" content=\"2026-01-11T21:01:53+00:00\" \/>\n<meta property=\"og:image\" content=\"https:\/\/www.culturaltravelmorocco.com\/wp-content\/uploads\/2026\/01\/15-1.webp\" \/>\n\t<meta property=\"og:image:width\" content=\"1200\" \/>\n\t<meta property=\"og:image:height\" content=\"1000\" \/>\n\t<meta property=\"og:image:type\" content=\"image\/webp\" \/>\n<meta name=\"twitter:card\" content=\"summary_large_image\" \/>\n<meta name=\"twitter:label1\" content=\"Tiempo de lectura\" \/>\n\t<meta name=\"twitter:data1\" content=\"2 minutos\" \/>\n<script type=\"application\/ld+json\" class=\"yoast-schema-graph\">{\"@context\":\"https:\/\/schema.org\",\"@graph\":[{\"@type\":\"WebPage\",\"@id\":\"https:\/\/www.culturaltravelmorocco.com\/es\/producto\/itinerario-de-8-dias-por-marruecos-aventura-en-el-desierto-y-visita-a-marrakech\/\",\"url\":\"https:\/\/www.culturaltravelmorocco.com\/es\/producto\/itinerario-de-8-dias-por-marruecos-aventura-en-el-desierto-y-visita-a-marrakech\/\",\"name\":\"Itinerario de 8 d\u00edas por Marruecos: Aventura en el desierto y visita a Marrakech - Cultural Travel Morocco\",\"isPartOf\":{\"@id\":\"https:\/\/www.culturaltravelmorocco.com\/es\/#website\"},\"primaryImageOfPage\":{\"@id\":\"https:\/\/www.culturaltravelmorocco.com\/es\/producto\/itinerario-de-8-dias-por-marruecos-aventura-en-el-desierto-y-visita-a-marrakech\/#primaryimage\"},\"image\":{\"@id\":\"https:\/\/www.culturaltravelmorocco.com\/es\/producto\/itinerario-de-8-dias-por-marruecos-aventura-en-el-desierto-y-visita-a-marrakech\/#primaryimage\"},\"thumbnailUrl\":\"https:\/\/www.culturaltravelmorocco.com\/wp-content\/uploads\/2026\/01\/15-1.webp\",\"datePublished\":\"2026-01-10T12:20:34+00:00\",\"dateModified\":\"2026-01-11T21:01:53+00:00\",\"breadcrumb\":{\"@id\":\"https:\/\/www.culturaltravelmorocco.com\/es\/producto\/itinerario-de-8-dias-por-marruecos-aventura-en-el-desierto-y-visita-a-marrakech\/#breadcrumb\"},\"inLanguage\":\"es\",\"potentialAction\":[{\"@type\":\"ReadAction\",\"target\":[\"https:\/\/www.culturaltravelmorocco.com\/es\/producto\/itinerario-de-8-dias-por-marruecos-aventura-en-el-desierto-y-visita-a-marrakech\/\"]}]},{\"@type\":\"ImageObject\",\"inLanguage\":\"es\",\"@id\":\"https:\/\/www.culturaltravelmorocco.com\/es\/producto\/itinerario-de-8-dias-por-marruecos-aventura-en-el-desierto-y-visita-a-marrakech\/#primaryimage\",\"url\":\"https:\/\/www.culturaltravelmorocco.com\/wp-content\/uploads\/2026\/01\/15-1.webp\",\"contentUrl\":\"https:\/\/www.culturaltravelmorocco.com\/wp-content\/uploads\/2026\/01\/15-1.webp\",\"width\":1200,\"height\":1000},{\"@type\":\"BreadcrumbList\",\"@id\":\"https:\/\/www.culturaltravelmorocco.com\/es\/producto\/itinerario-de-8-dias-por-marruecos-aventura-en-el-desierto-y-visita-a-marrakech\/#breadcrumb\",\"itemListElement\":[{\"@type\":\"ListItem\",\"position\":1,\"name\":\"Inicio\",\"item\":\"https:\/\/maroon-guanaco-577987.hostingersite.com\/\"},{\"@type\":\"ListItem\",\"position\":2,\"name\":\"Productos\",\"item\":\"https:\/\/www.culturaltravelmorocco.com\/es\/shop\/\"},{\"@type\":\"ListItem\",\"position\":3,\"name\":\"Itinerario de 8 d\u00edas por Marruecos: Aventura en el desierto y visita a Marrakech\"}]},{\"@type\":\"WebSite\",\"@id\":\"https:\/\/www.culturaltravelmorocco.com\/es\/#website\",\"url\":\"https:\/\/www.culturaltravelmorocco.com\/es\/\",\"name\":\"Cultural Travel Morocco\",\"description\":\"\",\"potentialAction\":[{\"@type\":\"SearchAction\",\"target\":{\"@type\":\"EntryPoint\",\"urlTemplate\":\"https:\/\/www.culturaltravelmorocco.com\/es\/?s={search_term_string}\"},\"query-input\":{\"@type\":\"PropertyValueSpecification\",\"valueRequired\":true,\"valueName\":\"search_term_string\"}}],\"inLanguage\":\"es\"}]}<\/script>\n<!-- \/ Yoast SEO Premium plugin. -->","yoast_head_json":{"title":"Itinerario de 8 d\u00edas por Marruecos: Aventura en el desierto y visita a Marrakech - Cultural Travel Morocco","robots":{"index":"index","follow":"follow","max-snippet":"max-snippet:-1","max-image-preview":"max-image-preview:large","max-video-preview":"max-video-preview:-1"},"canonical":"https:\/\/www.culturaltravelmorocco.com\/es\/producto\/itinerario-de-8-dias-por-marruecos-aventura-en-el-desierto-y-visita-a-marrakech\/","og_locale":"es_ES","og_type":"article","og_title":"Itinerario de 8 d\u00edas por Marruecos: Aventura en el desierto y visita a Marrakech","og_description":"Descripci\u00f3n general: Descubra la inmensidad del desierto marroqu\u00ed en un inolvidable viaje de 8 d\u00edas que combina naturaleza, cultura y encuentros aut\u00e9nticos. Guiado por un conductor-gu\u00eda profesional, explorar\u00e1 algunos de los paisajes des\u00e9rticos m\u00e1s emblem\u00e1ticos, como las dunas de Erg Chebbi, las espectaculares gargantas del Todra y el ksar de Ait Ben Haddou, declarado Patrimonio [&hellip;]","og_url":"https:\/\/www.culturaltravelmorocco.com\/es\/producto\/itinerario-de-8-dias-por-marruecos-aventura-en-el-desierto-y-visita-a-marrakech\/","og_site_name":"Cultural Travel Morocco","article_modified_time":"2026-01-11T21:01:53+00:00","og_image":[{"width":1200,"height":1000,"url":"https:\/\/www.culturaltravelmorocco.com\/wp-content\/uploads\/2026\/01\/15-1.webp","type":"image\/webp"}],"twitter_card":"summary_large_image","twitter_misc":{"Tiempo de lectura":"2 minutos"},"schema":{"@context":"https:\/\/schema.org","@graph":[{"@type":"WebPage","@id":"https:\/\/www.culturaltravelmorocco.com\/es\/producto\/itinerario-de-8-dias-por-marruecos-aventura-en-el-desierto-y-visita-a-marrakech\/","url":"https:\/\/www.culturaltravelmorocco.com\/es\/producto\/itinerario-de-8-dias-por-marruecos-aventura-en-el-desierto-y-visita-a-marrakech\/","name":"Itinerario de 8 d\u00edas por Marruecos: Aventura en el desierto y visita a Marrakech - Cultural Travel Morocco","isPartOf":{"@id":"https:\/\/www.culturaltravelmorocco.com\/es\/#website"},"primaryImageOfPage":{"@id":"https:\/\/www.culturaltravelmorocco.com\/es\/producto\/itinerario-de-8-dias-por-marruecos-aventura-en-el-desierto-y-visita-a-marrakech\/#primaryimage"},"image":{"@id":"https:\/\/www.culturaltravelmorocco.com\/es\/producto\/itinerario-de-8-dias-por-marruecos-aventura-en-el-desierto-y-visita-a-marrakech\/#primaryimage"},"thumbnailUrl":"https:\/\/www.culturaltravelmorocco.com\/wp-content\/uploads\/2026\/01\/15-1.webp","datePublished":"2026-01-10T12:20:34+00:00","dateModified":"2026-01-11T21:01:53+00:00","breadcrumb":{"@id":"https:\/\/www.culturaltravelmorocco.com\/es\/producto\/itinerario-de-8-dias-por-marruecos-aventura-en-el-desierto-y-visita-a-marrakech\/#breadcrumb"},"inLanguage":"es","potentialAction":[{"@type":"ReadAction","target":["https:\/\/www.culturaltravelmorocco.com\/es\/producto\/itinerario-de-8-dias-por-marruecos-aventura-en-el-desierto-y-visita-a-marrakech\/"]}]},{"@type":"ImageObject","inLanguage":"es","@id":"https:\/\/www.culturaltravelmorocco.com\/es\/producto\/itinerario-de-8-dias-por-marruecos-aventura-en-el-desierto-y-visita-a-marrakech\/#primaryimage","url":"https:\/\/www.culturaltravelmorocco.com\/wp-content\/uploads\/2026\/01\/15-1.webp","contentUrl":"https:\/\/www.culturaltravelmorocco.com\/wp-content\/uploads\/2026\/01\/15-1.webp","width":1200,"height":1000},{"@type":"BreadcrumbList","@id":"https:\/\/www.culturaltravelmorocco.com\/es\/producto\/itinerario-de-8-dias-por-marruecos-aventura-en-el-desierto-y-visita-a-marrakech\/#breadcrumb","itemListElement":[{"@type":"ListItem","position":1,"name":"Inicio","item":"https:\/\/maroon-guanaco-577987.hostingersite.com\/"},{"@type":"ListItem","position":2,"name":"Productos","item":"https:\/\/www.culturaltravelmorocco.com\/es\/shop\/"},{"@type":"ListItem","position":3,"name":"Itinerario de 8 d\u00edas por Marruecos: Aventura en el desierto y visita a Marrakech"}]},{"@type":"WebSite","@id":"https:\/\/www.culturaltravelmorocco.com\/es\/#website","url":"https:\/\/www.culturaltravelmorocco.com\/es\/","name":"Cultural Travel Morocco","description":"","potentialAction":[{"@type":"SearchAction","target":{"@type":"EntryPoint","urlTemplate":"https:\/\/www.culturaltravelmorocco.com\/es\/?s={search_term_string}"},"query-input":{"@type":"PropertyValueSpecification","valueRequired":true,"valueName":"search_term_string"}}],"inLanguage":"es"}]}},"_links":{"self":[{"href":"https:\/\/www.culturaltravelmorocco.com\/es\/wp-json\/wp\/v2\/product\/10784","targetHints":{"allow":["GET"]}}],"collection":[{"href":"https:\/\/www.culturaltravelmorocco.com\/es\/wp-json\/wp\/v2\/product"}],"about":[{"href":"https:\/\/www.culturaltravelmorocco.com\/es\/wp-json\/wp\/v2\/types\/product"}],"replies":[{"embeddable":true,"href":"https:\/\/www.culturaltravelmorocco.com\/es\/wp-json\/wp\/v2\/comments?post=10784"}],"wp:featuredmedia":[{"embeddable":true,"href":"https:\/\/www.culturaltravelmorocco.com\/es\/wp-json\/wp\/v2\/media\/10723"}],"wp:attachment":[{"href":"https:\/\/www.culturaltravelmorocco.com\/es\/wp-json\/wp\/v2\/media?parent=10784"}],"wp:term":[{"taxonomy":"product_brand","embeddable":true,"href":"https:\/\/www.culturaltravelmorocco.com\/es\/wp-json\/wp\/v2\/product_brand?post=10784"},{"taxonomy":"product_cat","embeddable":true,"href":"https:\/\/www.culturaltravelmorocco.com\/es\/wp-json\/wp\/v2\/product_cat?post=10784"},{"taxonomy":"product_tag","embeddable":true,"href":"https:\/\/www.culturaltravelmorocco.com\/es\/wp-json\/wp\/v2\/product_tag?post=10784"}],"curies":[{"name":"wp","href":"https:\/\/api.w.org\/{rel}","templated":true}]}}