{"id":10793,"date":"2026-01-10T12:20:34","date_gmt":"2026-01-10T12:20:34","guid":{"rendered":"https:\/\/culturaltravelmorocco.com\/product\/4-days-tour-from-marrakech-to-fez-via-sahara-desert\/"},"modified":"2026-01-11T21:07:19","modified_gmt":"2026-01-11T21:07:19","slug":"tour-de-4-dias-desde-marrakech-a-fez-via-el-desierto-del-sahara","status":"publish","type":"product","link":"https:\/\/www.culturaltravelmorocco.com\/es\/producto\/tour-de-4-dias-desde-marrakech-a-fez-via-el-desierto-del-sahara\/","title":{"rendered":"Tour de 4 d\u00edas desde Marrakech a Fez v\u00eda el desierto del Sahara"},"content":{"rendered":"<h2>Descripci\u00f3n general:<\/h2>\n<p>Este tour de 4 d\u00edas de Marrakech a Fez te muestra por qu\u00e9 la naturaleza de Marruecos es uno de sus mayores tesoros. A lo largo del viaje, cruzar\u00e1s la impresionante cordillera del Atlas, pasando por espectaculares carreteras de monta\u00f1a, miradores panor\u00e1micos y un parque nacional habitado por macacos de Berber\u00eda. Entre las monta\u00f1as y el desierto del S\u00e1hara, descubrir\u00e1s los hermosos valles presaharianos, repletos de oasis, ca\u00f1ones rocosos, uadis y extensas hammadas. Si te encantan los paisajes v\u00edrgenes y aut\u00e9nticos, esta ruta est\u00e1 dise\u00f1ada especialmente para ti.<\/p>\n<p>El tour tambi\u00e9n te revelar\u00e1 la cautivadora magia del desierto del S\u00e1hara, cuya inmensidad esconde secretos culturales y naturales. Admirar\u00e1s las impresionantes dunas de Erg Chebbi en Merzouga, disfrutar\u00e1s de encuentros \u00fanicos con familias n\u00f3madas y visitar\u00e1s un pueblo de origen subsahariano donde los lugare\u00f1os conservan su m\u00fasica tradicional Gnawa a trav\u00e9s de una \u00edntima actuaci\u00f3n en directo. Esta inolvidable experiencia de 4 d\u00edas y 3 noches en Marruecos comienza en Marrakech y termina en Fez, ofreciendo una combinaci\u00f3n perfecta de naturaleza, cultura y exploraci\u00f3n del desierto.<\/p>\n<p data-start=\"601\" data-end=\"1061\">\n","protected":false},"excerpt":{"rendered":"<p>Descripci\u00f3n general: Este tour de 4 d\u00edas de Marrakech a Fez te muestra por qu\u00e9 la naturaleza de Marruecos es uno de sus mayores tesoros. A lo largo del viaje, cruzar\u00e1s la impresionante cordillera del Atlas, pasando por espectaculares carreteras de monta\u00f1a, miradores panor\u00e1micos y un parque nacional habitado por macacos de Berber\u00eda. Entre las [&hellip;]<\/p>\n","protected":false},"featured_media":10484,"comment_status":"closed","ping_status":"closed","template":"","meta":{"_joinchat":[]},"product_brand":[],"product_cat":[85],"product_tag":[],"class_list":{"0":"post-10793","1":"product","2":"type-product","3":"status-publish","4":"has-post-thumbnail","6":"product_cat-tours-desde-marrakech","8":"first","9":"instock","10":"purchasable","11":"product-type-ovabrw_car_rental"},"yoast_head":"<!-- This site is optimized with the Yoast SEO Premium plugin v25.0 (Yoast SEO v25.0) - https:\/\/yoast.com\/wordpress\/plugins\/seo\/ -->\n<title>Tour de 4 d\u00edas desde Marrakech a Fez v\u00eda el desierto del Sahara - Cultural Travel Morocco<\/title>\n<meta name=\"robots\" content=\"index, follow, max-snippet:-1, max-image-preview:large, max-video-preview:-1\" \/>\n<link rel=\"canonical\" href=\"https:\/\/www.culturaltravelmorocco.com\/es\/producto\/tour-de-4-dias-desde-marrakech-a-fez-via-el-desierto-del-sahara\/\" \/>\n<meta property=\"og:locale\" content=\"es_ES\" \/>\n<meta property=\"og:type\" content=\"article\" \/>\n<meta property=\"og:title\" content=\"Tour de 4 d\u00edas desde Marrakech a Fez v\u00eda el desierto del Sahara\" \/>\n<meta property=\"og:description\" content=\"Descripci\u00f3n general: Este tour de 4 d\u00edas de Marrakech a Fez te muestra por qu\u00e9 la naturaleza de Marruecos es uno de sus mayores tesoros. A lo largo del viaje, cruzar\u00e1s la impresionante cordillera del Atlas, pasando por espectaculares carreteras de monta\u00f1a, miradores panor\u00e1micos y un parque nacional habitado por macacos de Berber\u00eda. Entre las [&hellip;]\" \/>\n<meta property=\"og:url\" content=\"https:\/\/www.culturaltravelmorocco.com\/es\/producto\/tour-de-4-dias-desde-marrakech-a-fez-via-el-desierto-del-sahara\/\" \/>\n<meta property=\"og:site_name\" content=\"Cultural Travel Morocco\" \/>\n<meta property=\"article:modified_time\" content=\"2026-01-11T21:07:19+00:00\" \/>\n<meta property=\"og:image\" content=\"https:\/\/www.culturaltravelmorocco.com\/wp-content\/uploads\/2026\/01\/8-4-1.webp\" \/>\n\t<meta property=\"og:image:width\" content=\"1200\" \/>\n\t<meta property=\"og:image:height\" content=\"1000\" \/>\n\t<meta property=\"og:image:type\" content=\"image\/webp\" \/>\n<meta name=\"twitter:card\" content=\"summary_large_image\" \/>\n<meta name=\"twitter:label1\" content=\"Tiempo de lectura\" \/>\n\t<meta name=\"twitter:data1\" content=\"1 minuto\" \/>\n<script type=\"application\/ld+json\" class=\"yoast-schema-graph\">{\"@context\":\"https:\/\/schema.org\",\"@graph\":[{\"@type\":\"WebPage\",\"@id\":\"https:\/\/www.culturaltravelmorocco.com\/es\/producto\/tour-de-4-dias-desde-marrakech-a-fez-via-el-desierto-del-sahara\/\",\"url\":\"https:\/\/www.culturaltravelmorocco.com\/es\/producto\/tour-de-4-dias-desde-marrakech-a-fez-via-el-desierto-del-sahara\/\",\"name\":\"Tour de 4 d\u00edas desde Marrakech a Fez v\u00eda el desierto del Sahara - Cultural Travel Morocco\",\"isPartOf\":{\"@id\":\"https:\/\/www.culturaltravelmorocco.com\/es\/#website\"},\"primaryImageOfPage\":{\"@id\":\"https:\/\/www.culturaltravelmorocco.com\/es\/producto\/tour-de-4-dias-desde-marrakech-a-fez-via-el-desierto-del-sahara\/#primaryimage\"},\"image\":{\"@id\":\"https:\/\/www.culturaltravelmorocco.com\/es\/producto\/tour-de-4-dias-desde-marrakech-a-fez-via-el-desierto-del-sahara\/#primaryimage\"},\"thumbnailUrl\":\"https:\/\/www.culturaltravelmorocco.com\/wp-content\/uploads\/2026\/01\/8-4-1.webp\",\"datePublished\":\"2026-01-10T12:20:34+00:00\",\"dateModified\":\"2026-01-11T21:07:19+00:00\",\"breadcrumb\":{\"@id\":\"https:\/\/www.culturaltravelmorocco.com\/es\/producto\/tour-de-4-dias-desde-marrakech-a-fez-via-el-desierto-del-sahara\/#breadcrumb\"},\"inLanguage\":\"es\",\"potentialAction\":[{\"@type\":\"ReadAction\",\"target\":[\"https:\/\/www.culturaltravelmorocco.com\/es\/producto\/tour-de-4-dias-desde-marrakech-a-fez-via-el-desierto-del-sahara\/\"]}]},{\"@type\":\"ImageObject\",\"inLanguage\":\"es\",\"@id\":\"https:\/\/www.culturaltravelmorocco.com\/es\/producto\/tour-de-4-dias-desde-marrakech-a-fez-via-el-desierto-del-sahara\/#primaryimage\",\"url\":\"https:\/\/www.culturaltravelmorocco.com\/wp-content\/uploads\/2026\/01\/8-4-1.webp\",\"contentUrl\":\"https:\/\/www.culturaltravelmorocco.com\/wp-content\/uploads\/2026\/01\/8-4-1.webp\",\"width\":1200,\"height\":1000},{\"@type\":\"BreadcrumbList\",\"@id\":\"https:\/\/www.culturaltravelmorocco.com\/es\/producto\/tour-de-4-dias-desde-marrakech-a-fez-via-el-desierto-del-sahara\/#breadcrumb\",\"itemListElement\":[{\"@type\":\"ListItem\",\"position\":1,\"name\":\"Inicio\",\"item\":\"https:\/\/maroon-guanaco-577987.hostingersite.com\/\"},{\"@type\":\"ListItem\",\"position\":2,\"name\":\"Productos\",\"item\":\"https:\/\/www.culturaltravelmorocco.com\/es\/shop\/\"},{\"@type\":\"ListItem\",\"position\":3,\"name\":\"Tour de 4 d\u00edas desde Marrakech a Fez v\u00eda el desierto del Sahara\"}]},{\"@type\":\"WebSite\",\"@id\":\"https:\/\/www.culturaltravelmorocco.com\/es\/#website\",\"url\":\"https:\/\/www.culturaltravelmorocco.com\/es\/\",\"name\":\"Cultural Travel Morocco\",\"description\":\"\",\"potentialAction\":[{\"@type\":\"SearchAction\",\"target\":{\"@type\":\"EntryPoint\",\"urlTemplate\":\"https:\/\/www.culturaltravelmorocco.com\/es\/?s={search_term_string}\"},\"query-input\":{\"@type\":\"PropertyValueSpecification\",\"valueRequired\":true,\"valueName\":\"search_term_string\"}}],\"inLanguage\":\"es\"}]}<\/script>\n<!-- \/ Yoast SEO Premium plugin. -->","yoast_head_json":{"title":"Tour de 4 d\u00edas desde Marrakech a Fez v\u00eda el desierto del Sahara - Cultural Travel Morocco","robots":{"index":"index","follow":"follow","max-snippet":"max-snippet:-1","max-image-preview":"max-image-preview:large","max-video-preview":"max-video-preview:-1"},"canonical":"https:\/\/www.culturaltravelmorocco.com\/es\/producto\/tour-de-4-dias-desde-marrakech-a-fez-via-el-desierto-del-sahara\/","og_locale":"es_ES","og_type":"article","og_title":"Tour de 4 d\u00edas desde Marrakech a Fez v\u00eda el desierto del Sahara","og_description":"Descripci\u00f3n general: Este tour de 4 d\u00edas de Marrakech a Fez te muestra por qu\u00e9 la naturaleza de Marruecos es uno de sus mayores tesoros. A lo largo del viaje, cruzar\u00e1s la impresionante cordillera del Atlas, pasando por espectaculares carreteras de monta\u00f1a, miradores panor\u00e1micos y un parque nacional habitado por macacos de Berber\u00eda. Entre las [&hellip;]","og_url":"https:\/\/www.culturaltravelmorocco.com\/es\/producto\/tour-de-4-dias-desde-marrakech-a-fez-via-el-desierto-del-sahara\/","og_site_name":"Cultural Travel Morocco","article_modified_time":"2026-01-11T21:07:19+00:00","og_image":[{"width":1200,"height":1000,"url":"https:\/\/www.culturaltravelmorocco.com\/wp-content\/uploads\/2026\/01\/8-4-1.webp","type":"image\/webp"}],"twitter_card":"summary_large_image","twitter_misc":{"Tiempo de lectura":"1 minuto"},"schema":{"@context":"https:\/\/schema.org","@graph":[{"@type":"WebPage","@id":"https:\/\/www.culturaltravelmorocco.com\/es\/producto\/tour-de-4-dias-desde-marrakech-a-fez-via-el-desierto-del-sahara\/","url":"https:\/\/www.culturaltravelmorocco.com\/es\/producto\/tour-de-4-dias-desde-marrakech-a-fez-via-el-desierto-del-sahara\/","name":"Tour de 4 d\u00edas desde Marrakech a Fez v\u00eda el desierto del Sahara - Cultural Travel Morocco","isPartOf":{"@id":"https:\/\/www.culturaltravelmorocco.com\/es\/#website"},"primaryImageOfPage":{"@id":"https:\/\/www.culturaltravelmorocco.com\/es\/producto\/tour-de-4-dias-desde-marrakech-a-fez-via-el-desierto-del-sahara\/#primaryimage"},"image":{"@id":"https:\/\/www.culturaltravelmorocco.com\/es\/producto\/tour-de-4-dias-desde-marrakech-a-fez-via-el-desierto-del-sahara\/#primaryimage"},"thumbnailUrl":"https:\/\/www.culturaltravelmorocco.com\/wp-content\/uploads\/2026\/01\/8-4-1.webp","datePublished":"2026-01-10T12:20:34+00:00","dateModified":"2026-01-11T21:07:19+00:00","breadcrumb":{"@id":"https:\/\/www.culturaltravelmorocco.com\/es\/producto\/tour-de-4-dias-desde-marrakech-a-fez-via-el-desierto-del-sahara\/#breadcrumb"},"inLanguage":"es","potentialAction":[{"@type":"ReadAction","target":["https:\/\/www.culturaltravelmorocco.com\/es\/producto\/tour-de-4-dias-desde-marrakech-a-fez-via-el-desierto-del-sahara\/"]}]},{"@type":"ImageObject","inLanguage":"es","@id":"https:\/\/www.culturaltravelmorocco.com\/es\/producto\/tour-de-4-dias-desde-marrakech-a-fez-via-el-desierto-del-sahara\/#primaryimage","url":"https:\/\/www.culturaltravelmorocco.com\/wp-content\/uploads\/2026\/01\/8-4-1.webp","contentUrl":"https:\/\/www.culturaltravelmorocco.com\/wp-content\/uploads\/2026\/01\/8-4-1.webp","width":1200,"height":1000},{"@type":"BreadcrumbList","@id":"https:\/\/www.culturaltravelmorocco.com\/es\/producto\/tour-de-4-dias-desde-marrakech-a-fez-via-el-desierto-del-sahara\/#breadcrumb","itemListElement":[{"@type":"ListItem","position":1,"name":"Inicio","item":"https:\/\/maroon-guanaco-577987.hostingersite.com\/"},{"@type":"ListItem","position":2,"name":"Productos","item":"https:\/\/www.culturaltravelmorocco.com\/es\/shop\/"},{"@type":"ListItem","position":3,"name":"Tour de 4 d\u00edas desde Marrakech a Fez v\u00eda el desierto del Sahara"}]},{"@type":"WebSite","@id":"https:\/\/www.culturaltravelmorocco.com\/es\/#website","url":"https:\/\/www.culturaltravelmorocco.com\/es\/","name":"Cultural Travel Morocco","description":"","potentialAction":[{"@type":"SearchAction","target":{"@type":"EntryPoint","urlTemplate":"https:\/\/www.culturaltravelmorocco.com\/es\/?s={search_term_string}"},"query-input":{"@type":"PropertyValueSpecification","valueRequired":true,"valueName":"search_term_string"}}],"inLanguage":"es"}]}},"_links":{"self":[{"href":"https:\/\/www.culturaltravelmorocco.com\/es\/wp-json\/wp\/v2\/product\/10793","targetHints":{"allow":["GET"]}}],"collection":[{"href":"https:\/\/www.culturaltravelmorocco.com\/es\/wp-json\/wp\/v2\/product"}],"about":[{"href":"https:\/\/www.culturaltravelmorocco.com\/es\/wp-json\/wp\/v2\/types\/product"}],"replies":[{"embeddable":true,"href":"https:\/\/www.culturaltravelmorocco.com\/es\/wp-json\/wp\/v2\/comments?post=10793"}],"wp:featuredmedia":[{"embeddable":true,"href":"https:\/\/www.culturaltravelmorocco.com\/es\/wp-json\/wp\/v2\/media\/10484"}],"wp:attachment":[{"href":"https:\/\/www.culturaltravelmorocco.com\/es\/wp-json\/wp\/v2\/media?parent=10793"}],"wp:term":[{"taxonomy":"product_brand","embeddable":true,"href":"https:\/\/www.culturaltravelmorocco.com\/es\/wp-json\/wp\/v2\/product_brand?post=10793"},{"taxonomy":"product_cat","embeddable":true,"href":"https:\/\/www.culturaltravelmorocco.com\/es\/wp-json\/wp\/v2\/product_cat?post=10793"},{"taxonomy":"product_tag","embeddable":true,"href":"https:\/\/www.culturaltravelmorocco.com\/es\/wp-json\/wp\/v2\/product_tag?post=10793"}],"curies":[{"name":"wp","href":"https:\/\/api.w.org\/{rel}","templated":true}]}}