{"id":10805,"date":"2026-01-10T12:20:34","date_gmt":"2026-01-10T12:20:34","guid":{"rendered":"https:\/\/culturaltravelmorocco.com\/product\/10-day-tour-from-fez-to-marrakech-via-chaouen\/"},"modified":"2026-01-11T21:22:25","modified_gmt":"2026-01-11T21:22:25","slug":"tour-de-10-dias-desde-fez-a-marrakech-via-chaouen","status":"publish","type":"product","link":"https:\/\/www.culturaltravelmorocco.com\/es\/producto\/tour-de-10-dias-desde-fez-a-marrakech-via-chaouen\/","title":{"rendered":"Tour de 10 d\u00edas desde Fez a Marrakech v\u00eda Chaouen"},"content":{"rendered":"<h2>Descripci\u00f3n general:<\/h2>\n<p>Este tour de 10 d\u00edas por Marruecos, de Fez a Marrakech, es el viaje perfecto para descubrir los paisajes y ciudades m\u00e1s emblem\u00e1ticos del pa\u00eds a un ritmo c\u00f3modo. Comenzando en Fez y pasando por la ciudad azul de Chefchaouen, la ruta contin\u00faa a trav\u00e9s de la cordillera del Atlas, el legendario Ait Ben Haddou y adentr\u00e1ndose en el coraz\u00f3n del desierto del Sahara, donde dunas de arena, senderos des\u00e9rticos, uadis y espectaculares gargantas rocosas crean un paisaje en constante evoluci\u00f3n. Viajar por carretera te permite experimentar Marruecos desde dentro, revelando la belleza tanto de lugares emblem\u00e1ticos como de rincones menos conocidos.<\/p>\n<p>Marruecos es una tierra de contrastes sorprendentes, y este itinerario los resalta d\u00eda tras d\u00eda. El animado ambiente de la plaza Jemaa el-Fna de Marrakech contrasta con la tranquilidad de los pueblos del desierto, al igual que los picos nevados del Alto Atlas se diferencian de los \u00e1ridos valles presaharianos. A lo largo del camino, admirar\u00e1s la coexistencia de la arquitectura bereber de adobe y los refinados monumentos isl\u00e1micos en las Ciudades Imperiales. Dise\u00f1ado para aprovechar al m\u00e1ximo cada d\u00eda sin prisas, este itinerario de 10 d\u00edas ofrece suficiente tiempo libre para disfrutar de las visitas, relajarse y apreciar los peque\u00f1os detalles que hacen de Marruecos un destino tan fascinante.<\/p>\n","protected":false},"excerpt":{"rendered":"<p>Descripci\u00f3n general: Este tour de 10 d\u00edas por Marruecos, de Fez a Marrakech, es el viaje perfecto para descubrir los paisajes y ciudades m\u00e1s emblem\u00e1ticos del pa\u00eds a un ritmo c\u00f3modo. Comenzando en Fez y pasando por la ciudad azul de Chefchaouen, la ruta contin\u00faa a trav\u00e9s de la cordillera del Atlas, el legendario Ait [&hellip;]<\/p>\n","protected":false},"featured_media":9544,"comment_status":"closed","ping_status":"closed","template":"","meta":{"_joinchat":[]},"product_brand":[],"product_cat":[84],"product_tag":[],"class_list":{"0":"post-10805","1":"product","2":"type-product","3":"status-publish","4":"has-post-thumbnail","6":"product_cat-tours-desde-fez","8":"first","9":"instock","10":"purchasable","11":"product-type-ovabrw_car_rental"},"yoast_head":"<!-- This site is optimized with the Yoast SEO Premium plugin v25.0 (Yoast SEO v25.0) - https:\/\/yoast.com\/wordpress\/plugins\/seo\/ -->\n<title>Tour de 10 d\u00edas desde Fez a Marrakech v\u00eda Chaouen - Cultural Travel Morocco<\/title>\n<meta name=\"robots\" content=\"index, follow, max-snippet:-1, max-image-preview:large, max-video-preview:-1\" \/>\n<link rel=\"canonical\" href=\"https:\/\/www.culturaltravelmorocco.com\/es\/producto\/tour-de-10-dias-desde-fez-a-marrakech-via-chaouen\/\" \/>\n<meta property=\"og:locale\" content=\"es_ES\" \/>\n<meta property=\"og:type\" content=\"article\" \/>\n<meta property=\"og:title\" content=\"Tour de 10 d\u00edas desde Fez a Marrakech v\u00eda Chaouen\" \/>\n<meta property=\"og:description\" content=\"Descripci\u00f3n general: Este tour de 10 d\u00edas por Marruecos, de Fez a Marrakech, es el viaje perfecto para descubrir los paisajes y ciudades m\u00e1s emblem\u00e1ticos del pa\u00eds a un ritmo c\u00f3modo. Comenzando en Fez y pasando por la ciudad azul de Chefchaouen, la ruta contin\u00faa a trav\u00e9s de la cordillera del Atlas, el legendario Ait [&hellip;]\" \/>\n<meta property=\"og:url\" content=\"https:\/\/www.culturaltravelmorocco.com\/es\/producto\/tour-de-10-dias-desde-fez-a-marrakech-via-chaouen\/\" \/>\n<meta property=\"og:site_name\" content=\"Cultural Travel Morocco\" \/>\n<meta property=\"article:modified_time\" content=\"2026-01-11T21:22:25+00:00\" \/>\n<meta property=\"og:image\" content=\"https:\/\/www.culturaltravelmorocco.com\/wp-content\/uploads\/2026\/01\/2-8.webp\" \/>\n\t<meta property=\"og:image:width\" content=\"1200\" \/>\n\t<meta property=\"og:image:height\" content=\"1000\" \/>\n\t<meta property=\"og:image:type\" content=\"image\/webp\" \/>\n<meta name=\"twitter:card\" content=\"summary_large_image\" \/>\n<meta name=\"twitter:label1\" content=\"Tiempo de lectura\" \/>\n\t<meta name=\"twitter:data1\" content=\"2 minutos\" \/>\n<script type=\"application\/ld+json\" class=\"yoast-schema-graph\">{\"@context\":\"https:\/\/schema.org\",\"@graph\":[{\"@type\":\"WebPage\",\"@id\":\"https:\/\/www.culturaltravelmorocco.com\/es\/producto\/tour-de-10-dias-desde-fez-a-marrakech-via-chaouen\/\",\"url\":\"https:\/\/www.culturaltravelmorocco.com\/es\/producto\/tour-de-10-dias-desde-fez-a-marrakech-via-chaouen\/\",\"name\":\"Tour de 10 d\u00edas desde Fez a Marrakech v\u00eda Chaouen - Cultural Travel Morocco\",\"isPartOf\":{\"@id\":\"https:\/\/www.culturaltravelmorocco.com\/es\/#website\"},\"primaryImageOfPage\":{\"@id\":\"https:\/\/www.culturaltravelmorocco.com\/es\/producto\/tour-de-10-dias-desde-fez-a-marrakech-via-chaouen\/#primaryimage\"},\"image\":{\"@id\":\"https:\/\/www.culturaltravelmorocco.com\/es\/producto\/tour-de-10-dias-desde-fez-a-marrakech-via-chaouen\/#primaryimage\"},\"thumbnailUrl\":\"https:\/\/www.culturaltravelmorocco.com\/wp-content\/uploads\/2026\/01\/2-8.webp\",\"datePublished\":\"2026-01-10T12:20:34+00:00\",\"dateModified\":\"2026-01-11T21:22:25+00:00\",\"breadcrumb\":{\"@id\":\"https:\/\/www.culturaltravelmorocco.com\/es\/producto\/tour-de-10-dias-desde-fez-a-marrakech-via-chaouen\/#breadcrumb\"},\"inLanguage\":\"es\",\"potentialAction\":[{\"@type\":\"ReadAction\",\"target\":[\"https:\/\/www.culturaltravelmorocco.com\/es\/producto\/tour-de-10-dias-desde-fez-a-marrakech-via-chaouen\/\"]}]},{\"@type\":\"ImageObject\",\"inLanguage\":\"es\",\"@id\":\"https:\/\/www.culturaltravelmorocco.com\/es\/producto\/tour-de-10-dias-desde-fez-a-marrakech-via-chaouen\/#primaryimage\",\"url\":\"https:\/\/www.culturaltravelmorocco.com\/wp-content\/uploads\/2026\/01\/2-8.webp\",\"contentUrl\":\"https:\/\/www.culturaltravelmorocco.com\/wp-content\/uploads\/2026\/01\/2-8.webp\",\"width\":1200,\"height\":1000},{\"@type\":\"BreadcrumbList\",\"@id\":\"https:\/\/www.culturaltravelmorocco.com\/es\/producto\/tour-de-10-dias-desde-fez-a-marrakech-via-chaouen\/#breadcrumb\",\"itemListElement\":[{\"@type\":\"ListItem\",\"position\":1,\"name\":\"Inicio\",\"item\":\"https:\/\/maroon-guanaco-577987.hostingersite.com\/\"},{\"@type\":\"ListItem\",\"position\":2,\"name\":\"Productos\",\"item\":\"https:\/\/www.culturaltravelmorocco.com\/es\/shop\/\"},{\"@type\":\"ListItem\",\"position\":3,\"name\":\"Tour de 10 d\u00edas desde Fez a Marrakech v\u00eda Chaouen\"}]},{\"@type\":\"WebSite\",\"@id\":\"https:\/\/www.culturaltravelmorocco.com\/es\/#website\",\"url\":\"https:\/\/www.culturaltravelmorocco.com\/es\/\",\"name\":\"Cultural Travel Morocco\",\"description\":\"\",\"potentialAction\":[{\"@type\":\"SearchAction\",\"target\":{\"@type\":\"EntryPoint\",\"urlTemplate\":\"https:\/\/www.culturaltravelmorocco.com\/es\/?s={search_term_string}\"},\"query-input\":{\"@type\":\"PropertyValueSpecification\",\"valueRequired\":true,\"valueName\":\"search_term_string\"}}],\"inLanguage\":\"es\"}]}<\/script>\n<!-- \/ Yoast SEO Premium plugin. -->","yoast_head_json":{"title":"Tour de 10 d\u00edas desde Fez a Marrakech v\u00eda Chaouen - Cultural Travel Morocco","robots":{"index":"index","follow":"follow","max-snippet":"max-snippet:-1","max-image-preview":"max-image-preview:large","max-video-preview":"max-video-preview:-1"},"canonical":"https:\/\/www.culturaltravelmorocco.com\/es\/producto\/tour-de-10-dias-desde-fez-a-marrakech-via-chaouen\/","og_locale":"es_ES","og_type":"article","og_title":"Tour de 10 d\u00edas desde Fez a Marrakech v\u00eda Chaouen","og_description":"Descripci\u00f3n general: Este tour de 10 d\u00edas por Marruecos, de Fez a Marrakech, es el viaje perfecto para descubrir los paisajes y ciudades m\u00e1s emblem\u00e1ticos del pa\u00eds a un ritmo c\u00f3modo. Comenzando en Fez y pasando por la ciudad azul de Chefchaouen, la ruta contin\u00faa a trav\u00e9s de la cordillera del Atlas, el legendario Ait [&hellip;]","og_url":"https:\/\/www.culturaltravelmorocco.com\/es\/producto\/tour-de-10-dias-desde-fez-a-marrakech-via-chaouen\/","og_site_name":"Cultural Travel Morocco","article_modified_time":"2026-01-11T21:22:25+00:00","og_image":[{"width":1200,"height":1000,"url":"https:\/\/www.culturaltravelmorocco.com\/wp-content\/uploads\/2026\/01\/2-8.webp","type":"image\/webp"}],"twitter_card":"summary_large_image","twitter_misc":{"Tiempo de lectura":"2 minutos"},"schema":{"@context":"https:\/\/schema.org","@graph":[{"@type":"WebPage","@id":"https:\/\/www.culturaltravelmorocco.com\/es\/producto\/tour-de-10-dias-desde-fez-a-marrakech-via-chaouen\/","url":"https:\/\/www.culturaltravelmorocco.com\/es\/producto\/tour-de-10-dias-desde-fez-a-marrakech-via-chaouen\/","name":"Tour de 10 d\u00edas desde Fez a Marrakech v\u00eda Chaouen - Cultural Travel Morocco","isPartOf":{"@id":"https:\/\/www.culturaltravelmorocco.com\/es\/#website"},"primaryImageOfPage":{"@id":"https:\/\/www.culturaltravelmorocco.com\/es\/producto\/tour-de-10-dias-desde-fez-a-marrakech-via-chaouen\/#primaryimage"},"image":{"@id":"https:\/\/www.culturaltravelmorocco.com\/es\/producto\/tour-de-10-dias-desde-fez-a-marrakech-via-chaouen\/#primaryimage"},"thumbnailUrl":"https:\/\/www.culturaltravelmorocco.com\/wp-content\/uploads\/2026\/01\/2-8.webp","datePublished":"2026-01-10T12:20:34+00:00","dateModified":"2026-01-11T21:22:25+00:00","breadcrumb":{"@id":"https:\/\/www.culturaltravelmorocco.com\/es\/producto\/tour-de-10-dias-desde-fez-a-marrakech-via-chaouen\/#breadcrumb"},"inLanguage":"es","potentialAction":[{"@type":"ReadAction","target":["https:\/\/www.culturaltravelmorocco.com\/es\/producto\/tour-de-10-dias-desde-fez-a-marrakech-via-chaouen\/"]}]},{"@type":"ImageObject","inLanguage":"es","@id":"https:\/\/www.culturaltravelmorocco.com\/es\/producto\/tour-de-10-dias-desde-fez-a-marrakech-via-chaouen\/#primaryimage","url":"https:\/\/www.culturaltravelmorocco.com\/wp-content\/uploads\/2026\/01\/2-8.webp","contentUrl":"https:\/\/www.culturaltravelmorocco.com\/wp-content\/uploads\/2026\/01\/2-8.webp","width":1200,"height":1000},{"@type":"BreadcrumbList","@id":"https:\/\/www.culturaltravelmorocco.com\/es\/producto\/tour-de-10-dias-desde-fez-a-marrakech-via-chaouen\/#breadcrumb","itemListElement":[{"@type":"ListItem","position":1,"name":"Inicio","item":"https:\/\/maroon-guanaco-577987.hostingersite.com\/"},{"@type":"ListItem","position":2,"name":"Productos","item":"https:\/\/www.culturaltravelmorocco.com\/es\/shop\/"},{"@type":"ListItem","position":3,"name":"Tour de 10 d\u00edas desde Fez a Marrakech v\u00eda Chaouen"}]},{"@type":"WebSite","@id":"https:\/\/www.culturaltravelmorocco.com\/es\/#website","url":"https:\/\/www.culturaltravelmorocco.com\/es\/","name":"Cultural Travel Morocco","description":"","potentialAction":[{"@type":"SearchAction","target":{"@type":"EntryPoint","urlTemplate":"https:\/\/www.culturaltravelmorocco.com\/es\/?s={search_term_string}"},"query-input":{"@type":"PropertyValueSpecification","valueRequired":true,"valueName":"search_term_string"}}],"inLanguage":"es"}]}},"_links":{"self":[{"href":"https:\/\/www.culturaltravelmorocco.com\/es\/wp-json\/wp\/v2\/product\/10805","targetHints":{"allow":["GET"]}}],"collection":[{"href":"https:\/\/www.culturaltravelmorocco.com\/es\/wp-json\/wp\/v2\/product"}],"about":[{"href":"https:\/\/www.culturaltravelmorocco.com\/es\/wp-json\/wp\/v2\/types\/product"}],"replies":[{"embeddable":true,"href":"https:\/\/www.culturaltravelmorocco.com\/es\/wp-json\/wp\/v2\/comments?post=10805"}],"wp:featuredmedia":[{"embeddable":true,"href":"https:\/\/www.culturaltravelmorocco.com\/es\/wp-json\/wp\/v2\/media\/9544"}],"wp:attachment":[{"href":"https:\/\/www.culturaltravelmorocco.com\/es\/wp-json\/wp\/v2\/media?parent=10805"}],"wp:term":[{"taxonomy":"product_brand","embeddable":true,"href":"https:\/\/www.culturaltravelmorocco.com\/es\/wp-json\/wp\/v2\/product_brand?post=10805"},{"taxonomy":"product_cat","embeddable":true,"href":"https:\/\/www.culturaltravelmorocco.com\/es\/wp-json\/wp\/v2\/product_cat?post=10805"},{"taxonomy":"product_tag","embeddable":true,"href":"https:\/\/www.culturaltravelmorocco.com\/es\/wp-json\/wp\/v2\/product_tag?post=10805"}],"curies":[{"name":"wp","href":"https:\/\/api.w.org\/{rel}","templated":true}]}}