{"id":10811,"date":"2026-01-10T12:20:34","date_gmt":"2026-01-10T12:20:34","guid":{"rendered":"https:\/\/culturaltravelmorocco.com\/product\/4-day-morocco-desert-tour-circular-route-from-marrakech\/"},"modified":"2026-01-11T21:39:18","modified_gmt":"2026-01-11T21:39:18","slug":"tour-de-4-dias-por-el-desierto-de-marruecos-ruta-circular-desde-marrakech","status":"publish","type":"product","link":"https:\/\/www.culturaltravelmorocco.com\/es\/producto\/tour-de-4-dias-por-el-desierto-de-marruecos-ruta-circular-desde-marrakech\/","title":{"rendered":"Tour de 4 d\u00edas por el desierto de Marruecos: ruta circular desde Marrakech"},"content":{"rendered":"<h2>Descripci\u00f3n general:<\/h2>\n<p>Este tour de 4 d\u00edas por el desierto de Marruecos es perfecto para viajeros alojados en Marrakech que deseen descubrir la belleza salvaje m\u00e1s all\u00e1 de las monta\u00f1as del Alto Atlas. Al cruzar estas majestuosas cumbres, se abrir\u00e1 un mundo diferente: puro, tranquilo y atemporal. Explorar\u00e1s las doradas dunas de Erg Chebbi, cerca de Merzouga, conocer\u00e1s a la acogedora gente de Khamlia con sus ritmos gnawa y visitar\u00e1s a familias semin\u00f3madas que compartir\u00e1n contigo su ancestral estilo de vida en el desierto.<\/p>\n<p>Con una ruta circular, este tour llega al desierto a trav\u00e9s del valle del Draa y regresa por el espectacular valle del Dades, siguiendo la legendaria Ruta de las Mil Kasbahs. En el camino, descubrir\u00e1s antiguas fortalezas bereberes, frondosos palmerales y pueblos tradicionales enclavados en vibrantes oasis. Este inolvidable viaje de 4 d\u00edas y 3 noches comienza y termina en Marrakech, ofreciendo una experiencia completa e inmersiva en el desierto.<\/p>\n","protected":false},"excerpt":{"rendered":"<p>Descripci\u00f3n general: Este tour de 4 d\u00edas por el desierto de Marruecos es perfecto para viajeros alojados en Marrakech que deseen descubrir la belleza salvaje m\u00e1s all\u00e1 de las monta\u00f1as del Alto Atlas. Al cruzar estas majestuosas cumbres, se abrir\u00e1 un mundo diferente: puro, tranquilo y atemporal. Explorar\u00e1s las doradas dunas de Erg Chebbi, cerca [&hellip;]<\/p>\n","protected":false},"featured_media":10689,"comment_status":"closed","ping_status":"closed","template":"","meta":{"_joinchat":[]},"product_brand":[],"product_cat":[85],"product_tag":[],"class_list":{"0":"post-10811","1":"product","2":"type-product","3":"status-publish","4":"has-post-thumbnail","6":"product_cat-tours-desde-marrakech","8":"first","9":"instock","10":"purchasable","11":"product-type-ovabrw_car_rental"},"yoast_head":"<!-- This site is optimized with the Yoast SEO Premium plugin v25.0 (Yoast SEO v25.0) - https:\/\/yoast.com\/wordpress\/plugins\/seo\/ -->\n<title>Tour de 4 d\u00edas por el desierto de Marruecos: ruta circular desde Marrakech - Cultural Travel Morocco<\/title>\n<meta name=\"robots\" content=\"index, follow, max-snippet:-1, max-image-preview:large, max-video-preview:-1\" \/>\n<link rel=\"canonical\" href=\"https:\/\/www.culturaltravelmorocco.com\/es\/producto\/tour-de-4-dias-por-el-desierto-de-marruecos-ruta-circular-desde-marrakech\/\" \/>\n<meta property=\"og:locale\" content=\"es_ES\" \/>\n<meta property=\"og:type\" content=\"article\" \/>\n<meta property=\"og:title\" content=\"Tour de 4 d\u00edas por el desierto de Marruecos: ruta circular desde Marrakech\" \/>\n<meta property=\"og:description\" content=\"Descripci\u00f3n general: Este tour de 4 d\u00edas por el desierto de Marruecos es perfecto para viajeros alojados en Marrakech que deseen descubrir la belleza salvaje m\u00e1s all\u00e1 de las monta\u00f1as del Alto Atlas. Al cruzar estas majestuosas cumbres, se abrir\u00e1 un mundo diferente: puro, tranquilo y atemporal. Explorar\u00e1s las doradas dunas de Erg Chebbi, cerca [&hellip;]\" \/>\n<meta property=\"og:url\" content=\"https:\/\/www.culturaltravelmorocco.com\/es\/producto\/tour-de-4-dias-por-el-desierto-de-marruecos-ruta-circular-desde-marrakech\/\" \/>\n<meta property=\"og:site_name\" content=\"Cultural Travel Morocco\" \/>\n<meta property=\"article:modified_time\" content=\"2026-01-11T21:39:18+00:00\" \/>\n<meta property=\"og:image\" content=\"https:\/\/www.culturaltravelmorocco.com\/wp-content\/uploads\/2026\/01\/1-5-1.webp\" \/>\n\t<meta property=\"og:image:width\" content=\"1200\" \/>\n\t<meta property=\"og:image:height\" content=\"1000\" \/>\n\t<meta property=\"og:image:type\" content=\"image\/webp\" \/>\n<meta name=\"twitter:card\" content=\"summary_large_image\" \/>\n<meta name=\"twitter:label1\" content=\"Tiempo de lectura\" \/>\n\t<meta name=\"twitter:data1\" content=\"1 minuto\" \/>\n<script type=\"application\/ld+json\" class=\"yoast-schema-graph\">{\"@context\":\"https:\/\/schema.org\",\"@graph\":[{\"@type\":\"WebPage\",\"@id\":\"https:\/\/www.culturaltravelmorocco.com\/es\/producto\/tour-de-4-dias-por-el-desierto-de-marruecos-ruta-circular-desde-marrakech\/\",\"url\":\"https:\/\/www.culturaltravelmorocco.com\/es\/producto\/tour-de-4-dias-por-el-desierto-de-marruecos-ruta-circular-desde-marrakech\/\",\"name\":\"Tour de 4 d\u00edas por el desierto de Marruecos: ruta circular desde Marrakech - Cultural Travel Morocco\",\"isPartOf\":{\"@id\":\"https:\/\/www.culturaltravelmorocco.com\/es\/#website\"},\"primaryImageOfPage\":{\"@id\":\"https:\/\/www.culturaltravelmorocco.com\/es\/producto\/tour-de-4-dias-por-el-desierto-de-marruecos-ruta-circular-desde-marrakech\/#primaryimage\"},\"image\":{\"@id\":\"https:\/\/www.culturaltravelmorocco.com\/es\/producto\/tour-de-4-dias-por-el-desierto-de-marruecos-ruta-circular-desde-marrakech\/#primaryimage\"},\"thumbnailUrl\":\"https:\/\/www.culturaltravelmorocco.com\/wp-content\/uploads\/2026\/01\/1-5-1.webp\",\"datePublished\":\"2026-01-10T12:20:34+00:00\",\"dateModified\":\"2026-01-11T21:39:18+00:00\",\"breadcrumb\":{\"@id\":\"https:\/\/www.culturaltravelmorocco.com\/es\/producto\/tour-de-4-dias-por-el-desierto-de-marruecos-ruta-circular-desde-marrakech\/#breadcrumb\"},\"inLanguage\":\"es\",\"potentialAction\":[{\"@type\":\"ReadAction\",\"target\":[\"https:\/\/www.culturaltravelmorocco.com\/es\/producto\/tour-de-4-dias-por-el-desierto-de-marruecos-ruta-circular-desde-marrakech\/\"]}]},{\"@type\":\"ImageObject\",\"inLanguage\":\"es\",\"@id\":\"https:\/\/www.culturaltravelmorocco.com\/es\/producto\/tour-de-4-dias-por-el-desierto-de-marruecos-ruta-circular-desde-marrakech\/#primaryimage\",\"url\":\"https:\/\/www.culturaltravelmorocco.com\/wp-content\/uploads\/2026\/01\/1-5-1.webp\",\"contentUrl\":\"https:\/\/www.culturaltravelmorocco.com\/wp-content\/uploads\/2026\/01\/1-5-1.webp\",\"width\":1200,\"height\":1000},{\"@type\":\"BreadcrumbList\",\"@id\":\"https:\/\/www.culturaltravelmorocco.com\/es\/producto\/tour-de-4-dias-por-el-desierto-de-marruecos-ruta-circular-desde-marrakech\/#breadcrumb\",\"itemListElement\":[{\"@type\":\"ListItem\",\"position\":1,\"name\":\"Inicio\",\"item\":\"https:\/\/maroon-guanaco-577987.hostingersite.com\/\"},{\"@type\":\"ListItem\",\"position\":2,\"name\":\"Productos\",\"item\":\"https:\/\/www.culturaltravelmorocco.com\/es\/shop\/\"},{\"@type\":\"ListItem\",\"position\":3,\"name\":\"Tour de 4 d\u00edas por el desierto de Marruecos: ruta circular desde Marrakech\"}]},{\"@type\":\"WebSite\",\"@id\":\"https:\/\/www.culturaltravelmorocco.com\/es\/#website\",\"url\":\"https:\/\/www.culturaltravelmorocco.com\/es\/\",\"name\":\"Cultural Travel Morocco\",\"description\":\"\",\"potentialAction\":[{\"@type\":\"SearchAction\",\"target\":{\"@type\":\"EntryPoint\",\"urlTemplate\":\"https:\/\/www.culturaltravelmorocco.com\/es\/?s={search_term_string}\"},\"query-input\":{\"@type\":\"PropertyValueSpecification\",\"valueRequired\":true,\"valueName\":\"search_term_string\"}}],\"inLanguage\":\"es\"}]}<\/script>\n<!-- \/ Yoast SEO Premium plugin. -->","yoast_head_json":{"title":"Tour de 4 d\u00edas por el desierto de Marruecos: ruta circular desde Marrakech - Cultural Travel Morocco","robots":{"index":"index","follow":"follow","max-snippet":"max-snippet:-1","max-image-preview":"max-image-preview:large","max-video-preview":"max-video-preview:-1"},"canonical":"https:\/\/www.culturaltravelmorocco.com\/es\/producto\/tour-de-4-dias-por-el-desierto-de-marruecos-ruta-circular-desde-marrakech\/","og_locale":"es_ES","og_type":"article","og_title":"Tour de 4 d\u00edas por el desierto de Marruecos: ruta circular desde Marrakech","og_description":"Descripci\u00f3n general: Este tour de 4 d\u00edas por el desierto de Marruecos es perfecto para viajeros alojados en Marrakech que deseen descubrir la belleza salvaje m\u00e1s all\u00e1 de las monta\u00f1as del Alto Atlas. Al cruzar estas majestuosas cumbres, se abrir\u00e1 un mundo diferente: puro, tranquilo y atemporal. Explorar\u00e1s las doradas dunas de Erg Chebbi, cerca [&hellip;]","og_url":"https:\/\/www.culturaltravelmorocco.com\/es\/producto\/tour-de-4-dias-por-el-desierto-de-marruecos-ruta-circular-desde-marrakech\/","og_site_name":"Cultural Travel Morocco","article_modified_time":"2026-01-11T21:39:18+00:00","og_image":[{"width":1200,"height":1000,"url":"https:\/\/www.culturaltravelmorocco.com\/wp-content\/uploads\/2026\/01\/1-5-1.webp","type":"image\/webp"}],"twitter_card":"summary_large_image","twitter_misc":{"Tiempo de lectura":"1 minuto"},"schema":{"@context":"https:\/\/schema.org","@graph":[{"@type":"WebPage","@id":"https:\/\/www.culturaltravelmorocco.com\/es\/producto\/tour-de-4-dias-por-el-desierto-de-marruecos-ruta-circular-desde-marrakech\/","url":"https:\/\/www.culturaltravelmorocco.com\/es\/producto\/tour-de-4-dias-por-el-desierto-de-marruecos-ruta-circular-desde-marrakech\/","name":"Tour de 4 d\u00edas por el desierto de Marruecos: ruta circular desde Marrakech - Cultural Travel Morocco","isPartOf":{"@id":"https:\/\/www.culturaltravelmorocco.com\/es\/#website"},"primaryImageOfPage":{"@id":"https:\/\/www.culturaltravelmorocco.com\/es\/producto\/tour-de-4-dias-por-el-desierto-de-marruecos-ruta-circular-desde-marrakech\/#primaryimage"},"image":{"@id":"https:\/\/www.culturaltravelmorocco.com\/es\/producto\/tour-de-4-dias-por-el-desierto-de-marruecos-ruta-circular-desde-marrakech\/#primaryimage"},"thumbnailUrl":"https:\/\/www.culturaltravelmorocco.com\/wp-content\/uploads\/2026\/01\/1-5-1.webp","datePublished":"2026-01-10T12:20:34+00:00","dateModified":"2026-01-11T21:39:18+00:00","breadcrumb":{"@id":"https:\/\/www.culturaltravelmorocco.com\/es\/producto\/tour-de-4-dias-por-el-desierto-de-marruecos-ruta-circular-desde-marrakech\/#breadcrumb"},"inLanguage":"es","potentialAction":[{"@type":"ReadAction","target":["https:\/\/www.culturaltravelmorocco.com\/es\/producto\/tour-de-4-dias-por-el-desierto-de-marruecos-ruta-circular-desde-marrakech\/"]}]},{"@type":"ImageObject","inLanguage":"es","@id":"https:\/\/www.culturaltravelmorocco.com\/es\/producto\/tour-de-4-dias-por-el-desierto-de-marruecos-ruta-circular-desde-marrakech\/#primaryimage","url":"https:\/\/www.culturaltravelmorocco.com\/wp-content\/uploads\/2026\/01\/1-5-1.webp","contentUrl":"https:\/\/www.culturaltravelmorocco.com\/wp-content\/uploads\/2026\/01\/1-5-1.webp","width":1200,"height":1000},{"@type":"BreadcrumbList","@id":"https:\/\/www.culturaltravelmorocco.com\/es\/producto\/tour-de-4-dias-por-el-desierto-de-marruecos-ruta-circular-desde-marrakech\/#breadcrumb","itemListElement":[{"@type":"ListItem","position":1,"name":"Inicio","item":"https:\/\/maroon-guanaco-577987.hostingersite.com\/"},{"@type":"ListItem","position":2,"name":"Productos","item":"https:\/\/www.culturaltravelmorocco.com\/es\/shop\/"},{"@type":"ListItem","position":3,"name":"Tour de 4 d\u00edas por el desierto de Marruecos: ruta circular desde Marrakech"}]},{"@type":"WebSite","@id":"https:\/\/www.culturaltravelmorocco.com\/es\/#website","url":"https:\/\/www.culturaltravelmorocco.com\/es\/","name":"Cultural Travel Morocco","description":"","potentialAction":[{"@type":"SearchAction","target":{"@type":"EntryPoint","urlTemplate":"https:\/\/www.culturaltravelmorocco.com\/es\/?s={search_term_string}"},"query-input":{"@type":"PropertyValueSpecification","valueRequired":true,"valueName":"search_term_string"}}],"inLanguage":"es"}]}},"_links":{"self":[{"href":"https:\/\/www.culturaltravelmorocco.com\/es\/wp-json\/wp\/v2\/product\/10811","targetHints":{"allow":["GET"]}}],"collection":[{"href":"https:\/\/www.culturaltravelmorocco.com\/es\/wp-json\/wp\/v2\/product"}],"about":[{"href":"https:\/\/www.culturaltravelmorocco.com\/es\/wp-json\/wp\/v2\/types\/product"}],"replies":[{"embeddable":true,"href":"https:\/\/www.culturaltravelmorocco.com\/es\/wp-json\/wp\/v2\/comments?post=10811"}],"wp:featuredmedia":[{"embeddable":true,"href":"https:\/\/www.culturaltravelmorocco.com\/es\/wp-json\/wp\/v2\/media\/10689"}],"wp:attachment":[{"href":"https:\/\/www.culturaltravelmorocco.com\/es\/wp-json\/wp\/v2\/media?parent=10811"}],"wp:term":[{"taxonomy":"product_brand","embeddable":true,"href":"https:\/\/www.culturaltravelmorocco.com\/es\/wp-json\/wp\/v2\/product_brand?post=10811"},{"taxonomy":"product_cat","embeddable":true,"href":"https:\/\/www.culturaltravelmorocco.com\/es\/wp-json\/wp\/v2\/product_cat?post=10811"},{"taxonomy":"product_tag","embeddable":true,"href":"https:\/\/www.culturaltravelmorocco.com\/es\/wp-json\/wp\/v2\/product_tag?post=10811"}],"curies":[{"name":"wp","href":"https:\/\/api.w.org\/{rel}","templated":true}]}}