{"id":10814,"date":"2026-01-10T12:20:34","date_gmt":"2026-01-10T12:20:34","guid":{"rendered":"https:\/\/culturaltravelmorocco.com\/product\/11-day-grand-morocco-journey-from-fez-via-chefchaouen\/"},"modified":"2026-01-11T21:49:32","modified_gmt":"2026-01-11T21:49:32","slug":"gran-viaje-de-11-dias-por-marruecos-desde-fez-via-chefchaouen","status":"publish","type":"product","link":"https:\/\/www.culturaltravelmorocco.com\/es\/producto\/gran-viaje-de-11-dias-por-marruecos-desde-fez-via-chefchaouen\/","title":{"rendered":"Gran viaje de 11 d\u00edas por Marruecos desde Fez v\u00eda Chefchaouen"},"content":{"rendered":"<h2>Descripci\u00f3n general:<\/h2>\n<p>Este tour de 11 d\u00edas por Marruecos, de Fez a Marrakech, es uno de los itinerarios m\u00e1s completos de nuestro cat\u00e1logo, dise\u00f1ado para viajeros que desean descubrir el pa\u00eds en toda su diversidad. El viaje te llevar\u00e1 a la ciudad azul de Chefchaouen, atravesando las monta\u00f1as del Rif y el Atlas por diferentes pasos, atravesando exuberantes valles presaharianos salpicados de palmerales y kasbahs, y adentr\u00e1ndote en el desierto del Sahara, donde las dunas doradas de Erg Chebbi ofrecen una experiencia inolvidable. Durante el recorrido, disfrutar\u00e1s de largas estancias en las hist\u00f3ricas ciudades de Fez y Marrakech, e incluso llegar\u00e1s a la costa atl\u00e1ntica con una relajante parada en Esauira.<\/p>\n<p>Este itinerario te invita a descubrir Marruecos con los cinco sentidos, descubriendo sus impactantes contrastes y su rico patrimonio natural. Desde los tonos azules de Chefchaouen hasta las murallas rojas de Marrakech, las doradas arenas del desierto y la brisa marina de la costa atl\u00e1ntica, cada d\u00eda te trae nuevos colores, aromas y sensaciones. M\u00e1s all\u00e1 de las ciudades, la naturaleza salvaje de Marruecos cobra protagonismo: el Parque Nacional de Ifrane, los paisajes del Rif, las vastas extensiones des\u00e9rticas y los ic\u00f3nicos campos de arg\u00e1n muestran la extraordinaria biodiversidad del pa\u00eds. Un viaje que combina cultura, naturaleza, aventura en el desierto y el encanto costero en una experiencia marroqu\u00ed inolvidable.<\/p>\n","protected":false},"excerpt":{"rendered":"<p>Descripci\u00f3n general: Este tour de 11 d\u00edas por Marruecos, de Fez a Marrakech, es uno de los itinerarios m\u00e1s completos de nuestro cat\u00e1logo, dise\u00f1ado para viajeros que desean descubrir el pa\u00eds en toda su diversidad. El viaje te llevar\u00e1 a la ciudad azul de Chefchaouen, atravesando las monta\u00f1as del Rif y el Atlas por diferentes [&hellip;]<\/p>\n","protected":false},"featured_media":9443,"comment_status":"closed","ping_status":"closed","template":"","meta":{"_joinchat":[]},"product_brand":[],"product_cat":[84],"product_tag":[],"class_list":{"0":"post-10814","1":"product","2":"type-product","3":"status-publish","4":"has-post-thumbnail","6":"product_cat-tours-desde-fez","8":"first","9":"instock","10":"purchasable","11":"product-type-ovabrw_car_rental"},"yoast_head":"<!-- This site is optimized with the Yoast SEO Premium plugin v25.0 (Yoast SEO v25.0) - https:\/\/yoast.com\/wordpress\/plugins\/seo\/ -->\n<title>Gran viaje de 11 d\u00edas por Marruecos desde Fez v\u00eda Chefchaouen - Cultural Travel Morocco<\/title>\n<meta name=\"robots\" content=\"index, follow, max-snippet:-1, max-image-preview:large, max-video-preview:-1\" \/>\n<link rel=\"canonical\" href=\"https:\/\/www.culturaltravelmorocco.com\/es\/producto\/gran-viaje-de-11-dias-por-marruecos-desde-fez-via-chefchaouen\/\" \/>\n<meta property=\"og:locale\" content=\"es_ES\" \/>\n<meta property=\"og:type\" content=\"article\" \/>\n<meta property=\"og:title\" content=\"Gran viaje de 11 d\u00edas por Marruecos desde Fez v\u00eda Chefchaouen\" \/>\n<meta property=\"og:description\" content=\"Descripci\u00f3n general: Este tour de 11 d\u00edas por Marruecos, de Fez a Marrakech, es uno de los itinerarios m\u00e1s completos de nuestro cat\u00e1logo, dise\u00f1ado para viajeros que desean descubrir el pa\u00eds en toda su diversidad. El viaje te llevar\u00e1 a la ciudad azul de Chefchaouen, atravesando las monta\u00f1as del Rif y el Atlas por diferentes [&hellip;]\" \/>\n<meta property=\"og:url\" content=\"https:\/\/www.culturaltravelmorocco.com\/es\/producto\/gran-viaje-de-11-dias-por-marruecos-desde-fez-via-chefchaouen\/\" \/>\n<meta property=\"og:site_name\" content=\"Cultural Travel Morocco\" \/>\n<meta property=\"article:modified_time\" content=\"2026-01-11T21:49:32+00:00\" \/>\n<meta property=\"og:image\" content=\"https:\/\/www.culturaltravelmorocco.com\/wp-content\/uploads\/2026\/01\/12-day-11-night-tour-Desert-and-Imperial-Cities-4.jpg\" \/>\n\t<meta property=\"og:image:width\" content=\"1200\" \/>\n\t<meta property=\"og:image:height\" content=\"1000\" \/>\n\t<meta property=\"og:image:type\" content=\"image\/jpeg\" \/>\n<meta name=\"twitter:card\" content=\"summary_large_image\" \/>\n<meta name=\"twitter:label1\" content=\"Tiempo de lectura\" \/>\n\t<meta name=\"twitter:data1\" content=\"2 minutos\" \/>\n<script type=\"application\/ld+json\" class=\"yoast-schema-graph\">{\"@context\":\"https:\/\/schema.org\",\"@graph\":[{\"@type\":\"WebPage\",\"@id\":\"https:\/\/www.culturaltravelmorocco.com\/es\/producto\/gran-viaje-de-11-dias-por-marruecos-desde-fez-via-chefchaouen\/\",\"url\":\"https:\/\/www.culturaltravelmorocco.com\/es\/producto\/gran-viaje-de-11-dias-por-marruecos-desde-fez-via-chefchaouen\/\",\"name\":\"Gran viaje de 11 d\u00edas por Marruecos desde Fez v\u00eda Chefchaouen - Cultural Travel Morocco\",\"isPartOf\":{\"@id\":\"https:\/\/www.culturaltravelmorocco.com\/es\/#website\"},\"primaryImageOfPage\":{\"@id\":\"https:\/\/www.culturaltravelmorocco.com\/es\/producto\/gran-viaje-de-11-dias-por-marruecos-desde-fez-via-chefchaouen\/#primaryimage\"},\"image\":{\"@id\":\"https:\/\/www.culturaltravelmorocco.com\/es\/producto\/gran-viaje-de-11-dias-por-marruecos-desde-fez-via-chefchaouen\/#primaryimage\"},\"thumbnailUrl\":\"https:\/\/www.culturaltravelmorocco.com\/wp-content\/uploads\/2026\/01\/12-day-11-night-tour-Desert-and-Imperial-Cities-4.jpg\",\"datePublished\":\"2026-01-10T12:20:34+00:00\",\"dateModified\":\"2026-01-11T21:49:32+00:00\",\"breadcrumb\":{\"@id\":\"https:\/\/www.culturaltravelmorocco.com\/es\/producto\/gran-viaje-de-11-dias-por-marruecos-desde-fez-via-chefchaouen\/#breadcrumb\"},\"inLanguage\":\"es\",\"potentialAction\":[{\"@type\":\"ReadAction\",\"target\":[\"https:\/\/www.culturaltravelmorocco.com\/es\/producto\/gran-viaje-de-11-dias-por-marruecos-desde-fez-via-chefchaouen\/\"]}]},{\"@type\":\"ImageObject\",\"inLanguage\":\"es\",\"@id\":\"https:\/\/www.culturaltravelmorocco.com\/es\/producto\/gran-viaje-de-11-dias-por-marruecos-desde-fez-via-chefchaouen\/#primaryimage\",\"url\":\"https:\/\/www.culturaltravelmorocco.com\/wp-content\/uploads\/2026\/01\/12-day-11-night-tour-Desert-and-Imperial-Cities-4.jpg\",\"contentUrl\":\"https:\/\/www.culturaltravelmorocco.com\/wp-content\/uploads\/2026\/01\/12-day-11-night-tour-Desert-and-Imperial-Cities-4.jpg\",\"width\":1200,\"height\":1000},{\"@type\":\"BreadcrumbList\",\"@id\":\"https:\/\/www.culturaltravelmorocco.com\/es\/producto\/gran-viaje-de-11-dias-por-marruecos-desde-fez-via-chefchaouen\/#breadcrumb\",\"itemListElement\":[{\"@type\":\"ListItem\",\"position\":1,\"name\":\"Inicio\",\"item\":\"https:\/\/maroon-guanaco-577987.hostingersite.com\/\"},{\"@type\":\"ListItem\",\"position\":2,\"name\":\"Productos\",\"item\":\"https:\/\/www.culturaltravelmorocco.com\/es\/shop\/\"},{\"@type\":\"ListItem\",\"position\":3,\"name\":\"Gran viaje de 11 d\u00edas por Marruecos desde Fez v\u00eda Chefchaouen\"}]},{\"@type\":\"WebSite\",\"@id\":\"https:\/\/www.culturaltravelmorocco.com\/es\/#website\",\"url\":\"https:\/\/www.culturaltravelmorocco.com\/es\/\",\"name\":\"Cultural Travel Morocco\",\"description\":\"\",\"potentialAction\":[{\"@type\":\"SearchAction\",\"target\":{\"@type\":\"EntryPoint\",\"urlTemplate\":\"https:\/\/www.culturaltravelmorocco.com\/es\/?s={search_term_string}\"},\"query-input\":{\"@type\":\"PropertyValueSpecification\",\"valueRequired\":true,\"valueName\":\"search_term_string\"}}],\"inLanguage\":\"es\"}]}<\/script>\n<!-- \/ Yoast SEO Premium plugin. -->","yoast_head_json":{"title":"Gran viaje de 11 d\u00edas por Marruecos desde Fez v\u00eda Chefchaouen - Cultural Travel Morocco","robots":{"index":"index","follow":"follow","max-snippet":"max-snippet:-1","max-image-preview":"max-image-preview:large","max-video-preview":"max-video-preview:-1"},"canonical":"https:\/\/www.culturaltravelmorocco.com\/es\/producto\/gran-viaje-de-11-dias-por-marruecos-desde-fez-via-chefchaouen\/","og_locale":"es_ES","og_type":"article","og_title":"Gran viaje de 11 d\u00edas por Marruecos desde Fez v\u00eda Chefchaouen","og_description":"Descripci\u00f3n general: Este tour de 11 d\u00edas por Marruecos, de Fez a Marrakech, es uno de los itinerarios m\u00e1s completos de nuestro cat\u00e1logo, dise\u00f1ado para viajeros que desean descubrir el pa\u00eds en toda su diversidad. El viaje te llevar\u00e1 a la ciudad azul de Chefchaouen, atravesando las monta\u00f1as del Rif y el Atlas por diferentes [&hellip;]","og_url":"https:\/\/www.culturaltravelmorocco.com\/es\/producto\/gran-viaje-de-11-dias-por-marruecos-desde-fez-via-chefchaouen\/","og_site_name":"Cultural Travel Morocco","article_modified_time":"2026-01-11T21:49:32+00:00","og_image":[{"width":1200,"height":1000,"url":"https:\/\/www.culturaltravelmorocco.com\/wp-content\/uploads\/2026\/01\/12-day-11-night-tour-Desert-and-Imperial-Cities-4.jpg","type":"image\/jpeg"}],"twitter_card":"summary_large_image","twitter_misc":{"Tiempo de lectura":"2 minutos"},"schema":{"@context":"https:\/\/schema.org","@graph":[{"@type":"WebPage","@id":"https:\/\/www.culturaltravelmorocco.com\/es\/producto\/gran-viaje-de-11-dias-por-marruecos-desde-fez-via-chefchaouen\/","url":"https:\/\/www.culturaltravelmorocco.com\/es\/producto\/gran-viaje-de-11-dias-por-marruecos-desde-fez-via-chefchaouen\/","name":"Gran viaje de 11 d\u00edas por Marruecos desde Fez v\u00eda Chefchaouen - Cultural Travel Morocco","isPartOf":{"@id":"https:\/\/www.culturaltravelmorocco.com\/es\/#website"},"primaryImageOfPage":{"@id":"https:\/\/www.culturaltravelmorocco.com\/es\/producto\/gran-viaje-de-11-dias-por-marruecos-desde-fez-via-chefchaouen\/#primaryimage"},"image":{"@id":"https:\/\/www.culturaltravelmorocco.com\/es\/producto\/gran-viaje-de-11-dias-por-marruecos-desde-fez-via-chefchaouen\/#primaryimage"},"thumbnailUrl":"https:\/\/www.culturaltravelmorocco.com\/wp-content\/uploads\/2026\/01\/12-day-11-night-tour-Desert-and-Imperial-Cities-4.jpg","datePublished":"2026-01-10T12:20:34+00:00","dateModified":"2026-01-11T21:49:32+00:00","breadcrumb":{"@id":"https:\/\/www.culturaltravelmorocco.com\/es\/producto\/gran-viaje-de-11-dias-por-marruecos-desde-fez-via-chefchaouen\/#breadcrumb"},"inLanguage":"es","potentialAction":[{"@type":"ReadAction","target":["https:\/\/www.culturaltravelmorocco.com\/es\/producto\/gran-viaje-de-11-dias-por-marruecos-desde-fez-via-chefchaouen\/"]}]},{"@type":"ImageObject","inLanguage":"es","@id":"https:\/\/www.culturaltravelmorocco.com\/es\/producto\/gran-viaje-de-11-dias-por-marruecos-desde-fez-via-chefchaouen\/#primaryimage","url":"https:\/\/www.culturaltravelmorocco.com\/wp-content\/uploads\/2026\/01\/12-day-11-night-tour-Desert-and-Imperial-Cities-4.jpg","contentUrl":"https:\/\/www.culturaltravelmorocco.com\/wp-content\/uploads\/2026\/01\/12-day-11-night-tour-Desert-and-Imperial-Cities-4.jpg","width":1200,"height":1000},{"@type":"BreadcrumbList","@id":"https:\/\/www.culturaltravelmorocco.com\/es\/producto\/gran-viaje-de-11-dias-por-marruecos-desde-fez-via-chefchaouen\/#breadcrumb","itemListElement":[{"@type":"ListItem","position":1,"name":"Inicio","item":"https:\/\/maroon-guanaco-577987.hostingersite.com\/"},{"@type":"ListItem","position":2,"name":"Productos","item":"https:\/\/www.culturaltravelmorocco.com\/es\/shop\/"},{"@type":"ListItem","position":3,"name":"Gran viaje de 11 d\u00edas por Marruecos desde Fez v\u00eda Chefchaouen"}]},{"@type":"WebSite","@id":"https:\/\/www.culturaltravelmorocco.com\/es\/#website","url":"https:\/\/www.culturaltravelmorocco.com\/es\/","name":"Cultural Travel Morocco","description":"","potentialAction":[{"@type":"SearchAction","target":{"@type":"EntryPoint","urlTemplate":"https:\/\/www.culturaltravelmorocco.com\/es\/?s={search_term_string}"},"query-input":{"@type":"PropertyValueSpecification","valueRequired":true,"valueName":"search_term_string"}}],"inLanguage":"es"}]}},"_links":{"self":[{"href":"https:\/\/www.culturaltravelmorocco.com\/es\/wp-json\/wp\/v2\/product\/10814","targetHints":{"allow":["GET"]}}],"collection":[{"href":"https:\/\/www.culturaltravelmorocco.com\/es\/wp-json\/wp\/v2\/product"}],"about":[{"href":"https:\/\/www.culturaltravelmorocco.com\/es\/wp-json\/wp\/v2\/types\/product"}],"replies":[{"embeddable":true,"href":"https:\/\/www.culturaltravelmorocco.com\/es\/wp-json\/wp\/v2\/comments?post=10814"}],"wp:featuredmedia":[{"embeddable":true,"href":"https:\/\/www.culturaltravelmorocco.com\/es\/wp-json\/wp\/v2\/media\/9443"}],"wp:attachment":[{"href":"https:\/\/www.culturaltravelmorocco.com\/es\/wp-json\/wp\/v2\/media?parent=10814"}],"wp:term":[{"taxonomy":"product_brand","embeddable":true,"href":"https:\/\/www.culturaltravelmorocco.com\/es\/wp-json\/wp\/v2\/product_brand?post=10814"},{"taxonomy":"product_cat","embeddable":true,"href":"https:\/\/www.culturaltravelmorocco.com\/es\/wp-json\/wp\/v2\/product_cat?post=10814"},{"taxonomy":"product_tag","embeddable":true,"href":"https:\/\/www.culturaltravelmorocco.com\/es\/wp-json\/wp\/v2\/product_tag?post=10814"}],"curies":[{"name":"wp","href":"https:\/\/api.w.org\/{rel}","templated":true}]}}