{"id":10832,"date":"2026-01-10T12:20:34","date_gmt":"2026-01-10T12:20:34","guid":{"rendered":"https:\/\/culturaltravelmorocco.com\/product\/3-day-sahara-desert-tour-from-marrakech\/"},"modified":"2026-01-11T21:54:35","modified_gmt":"2026-01-11T21:54:35","slug":"excursion-de-3-dias-al-desierto-del-sahara-desde-marrakech","status":"publish","type":"product","link":"https:\/\/www.culturaltravelmorocco.com\/es\/producto\/excursion-de-3-dias-al-desierto-del-sahara-desde-marrakech\/","title":{"rendered":"Excursi\u00f3n de 3 d\u00edas al desierto del Sahara desde Marrakech"},"content":{"rendered":"<h2>Descripci\u00f3n general:<\/h2>\n<p>Este tour de 3 d\u00edas por el desierto desde Marrakech es la opci\u00f3n ideal para quienes desean experimentar la magia del desierto del Sahara pero disponen de tiempo limitado. Con inicio y fin en la Ciudad Roja, esta aventura expr\u00e9s aprovecha al m\u00e1ximo cada momento para llevarte hasta las espectaculares dunas de Erg Chebbi, el punto culminante de la ruta. En tan solo unos d\u00edas, descubrir\u00e1s paisajes impresionantes, pueblos aut\u00e9nticos y paisajes des\u00e9rticos inolvidables que convierten esta breve escapada en un viaje verdaderamente memorable.<\/p>\n<p>En esta ruta circular, la belleza reside no solo en el destino final, sino tambi\u00e9n en la incre\u00edble carretera que lleva de Marrakech a Merzouga. Cruzar\u00e1s las majestuosas monta\u00f1as del Alto Atlas por el famoso paso de Tizi n&#8217;Tichka, visitar\u00e1s impresionantes fortalezas bereberes de adobe y explorar\u00e1s los fascinantes valles presaharianos de Dades y Draa, hogar de espectaculares ca\u00f1ones rocosos y exuberantes oasis repletos de palmeras. El itinerario tambi\u00e9n incluye encantadores pueblos tradicionales como Rissani, conocido por su car\u00e1cter aut\u00e9ntico y su patrimonio local. Este tour de 3 d\u00edas y 2 noches por Marruecos, con inicio y finalizaci\u00f3n en Marrakech, ofrece la introducci\u00f3n perfecta a las maravillas del Sahara.<\/p>\n","protected":false},"excerpt":{"rendered":"<p>Descripci\u00f3n general: Este tour de 3 d\u00edas por el desierto desde Marrakech es la opci\u00f3n ideal para quienes desean experimentar la magia del desierto del Sahara pero disponen de tiempo limitado. Con inicio y fin en la Ciudad Roja, esta aventura expr\u00e9s aprovecha al m\u00e1ximo cada momento para llevarte hasta las espectaculares dunas de Erg [&hellip;]<\/p>\n","protected":false},"featured_media":10483,"comment_status":"closed","ping_status":"closed","template":"","meta":{"_joinchat":[]},"product_brand":[],"product_cat":[85],"product_tag":[],"class_list":{"0":"post-10832","1":"product","2":"type-product","3":"status-publish","4":"has-post-thumbnail","6":"product_cat-tours-desde-marrakech","8":"first","9":"instock","10":"purchasable","11":"product-type-ovabrw_car_rental"},"yoast_head":"<!-- This site is optimized with the Yoast SEO Premium plugin v25.0 (Yoast SEO v25.0) - https:\/\/yoast.com\/wordpress\/plugins\/seo\/ -->\n<title>Excursi\u00f3n de 3 d\u00edas al desierto del Sahara desde Marrakech - Cultural Travel Morocco<\/title>\n<meta name=\"robots\" content=\"index, follow, max-snippet:-1, max-image-preview:large, max-video-preview:-1\" \/>\n<link rel=\"canonical\" href=\"https:\/\/www.culturaltravelmorocco.com\/es\/producto\/excursion-de-3-dias-al-desierto-del-sahara-desde-marrakech\/\" \/>\n<meta property=\"og:locale\" content=\"es_ES\" \/>\n<meta property=\"og:type\" content=\"article\" \/>\n<meta property=\"og:title\" content=\"Excursi\u00f3n de 3 d\u00edas al desierto del Sahara desde Marrakech\" \/>\n<meta property=\"og:description\" content=\"Descripci\u00f3n general: Este tour de 3 d\u00edas por el desierto desde Marrakech es la opci\u00f3n ideal para quienes desean experimentar la magia del desierto del Sahara pero disponen de tiempo limitado. Con inicio y fin en la Ciudad Roja, esta aventura expr\u00e9s aprovecha al m\u00e1ximo cada momento para llevarte hasta las espectaculares dunas de Erg [&hellip;]\" \/>\n<meta property=\"og:url\" content=\"https:\/\/www.culturaltravelmorocco.com\/es\/producto\/excursion-de-3-dias-al-desierto-del-sahara-desde-marrakech\/\" \/>\n<meta property=\"og:site_name\" content=\"Cultural Travel Morocco\" \/>\n<meta property=\"article:modified_time\" content=\"2026-01-11T21:54:35+00:00\" \/>\n<meta property=\"og:image\" content=\"https:\/\/www.culturaltravelmorocco.com\/wp-content\/uploads\/2026\/01\/6-4-1.webp\" \/>\n\t<meta property=\"og:image:width\" content=\"1200\" \/>\n\t<meta property=\"og:image:height\" content=\"1000\" \/>\n\t<meta property=\"og:image:type\" content=\"image\/webp\" \/>\n<meta name=\"twitter:card\" content=\"summary_large_image\" \/>\n<meta name=\"twitter:label1\" content=\"Tiempo de lectura\" \/>\n\t<meta name=\"twitter:data1\" content=\"2 minutos\" \/>\n<script type=\"application\/ld+json\" class=\"yoast-schema-graph\">{\"@context\":\"https:\/\/schema.org\",\"@graph\":[{\"@type\":\"WebPage\",\"@id\":\"https:\/\/www.culturaltravelmorocco.com\/es\/producto\/excursion-de-3-dias-al-desierto-del-sahara-desde-marrakech\/\",\"url\":\"https:\/\/www.culturaltravelmorocco.com\/es\/producto\/excursion-de-3-dias-al-desierto-del-sahara-desde-marrakech\/\",\"name\":\"Excursi\u00f3n de 3 d\u00edas al desierto del Sahara desde Marrakech - Cultural Travel Morocco\",\"isPartOf\":{\"@id\":\"https:\/\/www.culturaltravelmorocco.com\/es\/#website\"},\"primaryImageOfPage\":{\"@id\":\"https:\/\/www.culturaltravelmorocco.com\/es\/producto\/excursion-de-3-dias-al-desierto-del-sahara-desde-marrakech\/#primaryimage\"},\"image\":{\"@id\":\"https:\/\/www.culturaltravelmorocco.com\/es\/producto\/excursion-de-3-dias-al-desierto-del-sahara-desde-marrakech\/#primaryimage\"},\"thumbnailUrl\":\"https:\/\/www.culturaltravelmorocco.com\/wp-content\/uploads\/2026\/01\/6-4-1.webp\",\"datePublished\":\"2026-01-10T12:20:34+00:00\",\"dateModified\":\"2026-01-11T21:54:35+00:00\",\"breadcrumb\":{\"@id\":\"https:\/\/www.culturaltravelmorocco.com\/es\/producto\/excursion-de-3-dias-al-desierto-del-sahara-desde-marrakech\/#breadcrumb\"},\"inLanguage\":\"es\",\"potentialAction\":[{\"@type\":\"ReadAction\",\"target\":[\"https:\/\/www.culturaltravelmorocco.com\/es\/producto\/excursion-de-3-dias-al-desierto-del-sahara-desde-marrakech\/\"]}]},{\"@type\":\"ImageObject\",\"inLanguage\":\"es\",\"@id\":\"https:\/\/www.culturaltravelmorocco.com\/es\/producto\/excursion-de-3-dias-al-desierto-del-sahara-desde-marrakech\/#primaryimage\",\"url\":\"https:\/\/www.culturaltravelmorocco.com\/wp-content\/uploads\/2026\/01\/6-4-1.webp\",\"contentUrl\":\"https:\/\/www.culturaltravelmorocco.com\/wp-content\/uploads\/2026\/01\/6-4-1.webp\",\"width\":1200,\"height\":1000},{\"@type\":\"BreadcrumbList\",\"@id\":\"https:\/\/www.culturaltravelmorocco.com\/es\/producto\/excursion-de-3-dias-al-desierto-del-sahara-desde-marrakech\/#breadcrumb\",\"itemListElement\":[{\"@type\":\"ListItem\",\"position\":1,\"name\":\"Inicio\",\"item\":\"https:\/\/maroon-guanaco-577987.hostingersite.com\/\"},{\"@type\":\"ListItem\",\"position\":2,\"name\":\"Productos\",\"item\":\"https:\/\/www.culturaltravelmorocco.com\/es\/shop\/\"},{\"@type\":\"ListItem\",\"position\":3,\"name\":\"Excursi\u00f3n de 3 d\u00edas al desierto del Sahara desde Marrakech\"}]},{\"@type\":\"WebSite\",\"@id\":\"https:\/\/www.culturaltravelmorocco.com\/es\/#website\",\"url\":\"https:\/\/www.culturaltravelmorocco.com\/es\/\",\"name\":\"Cultural Travel Morocco\",\"description\":\"\",\"potentialAction\":[{\"@type\":\"SearchAction\",\"target\":{\"@type\":\"EntryPoint\",\"urlTemplate\":\"https:\/\/www.culturaltravelmorocco.com\/es\/?s={search_term_string}\"},\"query-input\":{\"@type\":\"PropertyValueSpecification\",\"valueRequired\":true,\"valueName\":\"search_term_string\"}}],\"inLanguage\":\"es\"}]}<\/script>\n<!-- \/ Yoast SEO Premium plugin. -->","yoast_head_json":{"title":"Excursi\u00f3n de 3 d\u00edas al desierto del Sahara desde Marrakech - Cultural Travel Morocco","robots":{"index":"index","follow":"follow","max-snippet":"max-snippet:-1","max-image-preview":"max-image-preview:large","max-video-preview":"max-video-preview:-1"},"canonical":"https:\/\/www.culturaltravelmorocco.com\/es\/producto\/excursion-de-3-dias-al-desierto-del-sahara-desde-marrakech\/","og_locale":"es_ES","og_type":"article","og_title":"Excursi\u00f3n de 3 d\u00edas al desierto del Sahara desde Marrakech","og_description":"Descripci\u00f3n general: Este tour de 3 d\u00edas por el desierto desde Marrakech es la opci\u00f3n ideal para quienes desean experimentar la magia del desierto del Sahara pero disponen de tiempo limitado. Con inicio y fin en la Ciudad Roja, esta aventura expr\u00e9s aprovecha al m\u00e1ximo cada momento para llevarte hasta las espectaculares dunas de Erg [&hellip;]","og_url":"https:\/\/www.culturaltravelmorocco.com\/es\/producto\/excursion-de-3-dias-al-desierto-del-sahara-desde-marrakech\/","og_site_name":"Cultural Travel Morocco","article_modified_time":"2026-01-11T21:54:35+00:00","og_image":[{"width":1200,"height":1000,"url":"https:\/\/www.culturaltravelmorocco.com\/wp-content\/uploads\/2026\/01\/6-4-1.webp","type":"image\/webp"}],"twitter_card":"summary_large_image","twitter_misc":{"Tiempo de lectura":"2 minutos"},"schema":{"@context":"https:\/\/schema.org","@graph":[{"@type":"WebPage","@id":"https:\/\/www.culturaltravelmorocco.com\/es\/producto\/excursion-de-3-dias-al-desierto-del-sahara-desde-marrakech\/","url":"https:\/\/www.culturaltravelmorocco.com\/es\/producto\/excursion-de-3-dias-al-desierto-del-sahara-desde-marrakech\/","name":"Excursi\u00f3n de 3 d\u00edas al desierto del Sahara desde Marrakech - Cultural Travel Morocco","isPartOf":{"@id":"https:\/\/www.culturaltravelmorocco.com\/es\/#website"},"primaryImageOfPage":{"@id":"https:\/\/www.culturaltravelmorocco.com\/es\/producto\/excursion-de-3-dias-al-desierto-del-sahara-desde-marrakech\/#primaryimage"},"image":{"@id":"https:\/\/www.culturaltravelmorocco.com\/es\/producto\/excursion-de-3-dias-al-desierto-del-sahara-desde-marrakech\/#primaryimage"},"thumbnailUrl":"https:\/\/www.culturaltravelmorocco.com\/wp-content\/uploads\/2026\/01\/6-4-1.webp","datePublished":"2026-01-10T12:20:34+00:00","dateModified":"2026-01-11T21:54:35+00:00","breadcrumb":{"@id":"https:\/\/www.culturaltravelmorocco.com\/es\/producto\/excursion-de-3-dias-al-desierto-del-sahara-desde-marrakech\/#breadcrumb"},"inLanguage":"es","potentialAction":[{"@type":"ReadAction","target":["https:\/\/www.culturaltravelmorocco.com\/es\/producto\/excursion-de-3-dias-al-desierto-del-sahara-desde-marrakech\/"]}]},{"@type":"ImageObject","inLanguage":"es","@id":"https:\/\/www.culturaltravelmorocco.com\/es\/producto\/excursion-de-3-dias-al-desierto-del-sahara-desde-marrakech\/#primaryimage","url":"https:\/\/www.culturaltravelmorocco.com\/wp-content\/uploads\/2026\/01\/6-4-1.webp","contentUrl":"https:\/\/www.culturaltravelmorocco.com\/wp-content\/uploads\/2026\/01\/6-4-1.webp","width":1200,"height":1000},{"@type":"BreadcrumbList","@id":"https:\/\/www.culturaltravelmorocco.com\/es\/producto\/excursion-de-3-dias-al-desierto-del-sahara-desde-marrakech\/#breadcrumb","itemListElement":[{"@type":"ListItem","position":1,"name":"Inicio","item":"https:\/\/maroon-guanaco-577987.hostingersite.com\/"},{"@type":"ListItem","position":2,"name":"Productos","item":"https:\/\/www.culturaltravelmorocco.com\/es\/shop\/"},{"@type":"ListItem","position":3,"name":"Excursi\u00f3n de 3 d\u00edas al desierto del Sahara desde Marrakech"}]},{"@type":"WebSite","@id":"https:\/\/www.culturaltravelmorocco.com\/es\/#website","url":"https:\/\/www.culturaltravelmorocco.com\/es\/","name":"Cultural Travel Morocco","description":"","potentialAction":[{"@type":"SearchAction","target":{"@type":"EntryPoint","urlTemplate":"https:\/\/www.culturaltravelmorocco.com\/es\/?s={search_term_string}"},"query-input":{"@type":"PropertyValueSpecification","valueRequired":true,"valueName":"search_term_string"}}],"inLanguage":"es"}]}},"_links":{"self":[{"href":"https:\/\/www.culturaltravelmorocco.com\/es\/wp-json\/wp\/v2\/product\/10832","targetHints":{"allow":["GET"]}}],"collection":[{"href":"https:\/\/www.culturaltravelmorocco.com\/es\/wp-json\/wp\/v2\/product"}],"about":[{"href":"https:\/\/www.culturaltravelmorocco.com\/es\/wp-json\/wp\/v2\/types\/product"}],"replies":[{"embeddable":true,"href":"https:\/\/www.culturaltravelmorocco.com\/es\/wp-json\/wp\/v2\/comments?post=10832"}],"wp:featuredmedia":[{"embeddable":true,"href":"https:\/\/www.culturaltravelmorocco.com\/es\/wp-json\/wp\/v2\/media\/10483"}],"wp:attachment":[{"href":"https:\/\/www.culturaltravelmorocco.com\/es\/wp-json\/wp\/v2\/media?parent=10832"}],"wp:term":[{"taxonomy":"product_brand","embeddable":true,"href":"https:\/\/www.culturaltravelmorocco.com\/es\/wp-json\/wp\/v2\/product_brand?post=10832"},{"taxonomy":"product_cat","embeddable":true,"href":"https:\/\/www.culturaltravelmorocco.com\/es\/wp-json\/wp\/v2\/product_cat?post=10832"},{"taxonomy":"product_tag","embeddable":true,"href":"https:\/\/www.culturaltravelmorocco.com\/es\/wp-json\/wp\/v2\/product_tag?post=10832"}],"curies":[{"name":"wp","href":"https:\/\/api.w.org\/{rel}","templated":true}]}}