{"id":10837,"date":"2026-01-10T12:20:15","date_gmt":"2026-01-10T12:20:15","guid":{"rendered":"https:\/\/culturaltravelmorocco.com\/product\/8-day-tour-from-fez-to-marrakech-imperial-cities\/"},"modified":"2026-01-11T22:01:28","modified_gmt":"2026-01-11T22:01:28","slug":"tour-de-8-dias-de-fez-a-marrakech-ciudades-imperiales","status":"publish","type":"product","link":"https:\/\/www.culturaltravelmorocco.com\/es\/producto\/tour-de-8-dias-de-fez-a-marrakech-ciudades-imperiales\/","title":{"rendered":"Tour de 8 d\u00edas de Fez a Marrakech \u2013 Ciudades Imperiales"},"content":{"rendered":"<h2>Descripci\u00f3n general:<\/h2>\n<p data-start=\"332\" data-end=\"1449\">Experimente lo mejor de Marruecos en este viaje de 8 d\u00edas desde Fez a Marrakech. Explore la ciudad imperial de Fez, sum\u00e9rjase en su vibrante medina, talleres artesanales y monumentos hist\u00f3ricos, incluyendo las famosas curtidur\u00edas de Chouara y la universidad m\u00e1s antigua del mundo en la mezquita Al Quaraouiyine. Recorra pintorescos pueblos y monta\u00f1as, incluyendo Ifrane, la \u00abSuiza de Marruecos\u00bb, y el Bosque de Cedros, hogar de los macacos de Berber\u00eda. Cruce el valle del Ziz y llegue al desierto del Sahara cerca de Merzouga para disfrutar de inolvidables puestas de sol y paseos en camello por las dunas, pasando una noche en un campamento bereber tradicional. Recorra las espectaculares gargantas del Todra y el Dades, el Valle de las Rosas y los paisajes cinematogr\u00e1ficos de Ouarzazate, visitando la kasbah de Ait Ben Haddou, Patrimonio de la Humanidad por la UNESCO. Concluya el recorrido en Marrakech, descubriendo lugares destacados como los Jardines Majorelle, la Mezquita Koutoubia, las Tumbas Saad\u00edes y los vibrantes zocos de la Medina. Este tour combina cultura, aventura y una impresionante belleza natural para una experiencia marroqu\u00ed inolvidable.<\/p>\n","protected":false},"excerpt":{"rendered":"<p>Descripci\u00f3n general: Experimente lo mejor de Marruecos en este viaje de 8 d\u00edas desde Fez a Marrakech. Explore la ciudad imperial de Fez, sum\u00e9rjase en su vibrante medina, talleres artesanales y monumentos hist\u00f3ricos, incluyendo las famosas curtidur\u00edas de Chouara y la universidad m\u00e1s antigua del mundo en la mezquita Al Quaraouiyine. Recorra pintorescos pueblos y [&hellip;]<\/p>\n","protected":false},"featured_media":10838,"comment_status":"closed","ping_status":"closed","template":"","meta":{"_joinchat":[]},"product_brand":[],"product_cat":[84],"product_tag":[],"class_list":{"0":"post-10837","1":"product","2":"type-product","3":"status-publish","4":"has-post-thumbnail","6":"product_cat-tours-desde-fez","8":"first","9":"instock","10":"purchasable","11":"product-type-ovabrw_car_rental"},"yoast_head":"<!-- This site is optimized with the Yoast SEO Premium plugin v25.0 (Yoast SEO v25.0) - https:\/\/yoast.com\/wordpress\/plugins\/seo\/ -->\n<title>Tour de 8 d\u00edas de Fez a Marrakech \u2013 Ciudades Imperiales - Cultural Travel Morocco<\/title>\n<meta name=\"robots\" content=\"index, follow, max-snippet:-1, max-image-preview:large, max-video-preview:-1\" \/>\n<link rel=\"canonical\" href=\"https:\/\/www.culturaltravelmorocco.com\/es\/producto\/tour-de-8-dias-de-fez-a-marrakech-ciudades-imperiales\/\" \/>\n<meta property=\"og:locale\" content=\"es_ES\" \/>\n<meta property=\"og:type\" content=\"article\" \/>\n<meta property=\"og:title\" content=\"Tour de 8 d\u00edas de Fez a Marrakech \u2013 Ciudades Imperiales\" \/>\n<meta property=\"og:description\" content=\"Descripci\u00f3n general: Experimente lo mejor de Marruecos en este viaje de 8 d\u00edas desde Fez a Marrakech. Explore la ciudad imperial de Fez, sum\u00e9rjase en su vibrante medina, talleres artesanales y monumentos hist\u00f3ricos, incluyendo las famosas curtidur\u00edas de Chouara y la universidad m\u00e1s antigua del mundo en la mezquita Al Quaraouiyine. Recorra pintorescos pueblos y [&hellip;]\" \/>\n<meta property=\"og:url\" content=\"https:\/\/www.culturaltravelmorocco.com\/es\/producto\/tour-de-8-dias-de-fez-a-marrakech-ciudades-imperiales\/\" \/>\n<meta property=\"og:site_name\" content=\"Cultural Travel Morocco\" \/>\n<meta property=\"article:modified_time\" content=\"2026-01-11T22:01:28+00:00\" \/>\n<meta property=\"og:image\" content=\"https:\/\/www.culturaltravelmorocco.com\/wp-content\/uploads\/2026\/01\/4-3.webp\" \/>\n\t<meta property=\"og:image:width\" content=\"1200\" \/>\n\t<meta property=\"og:image:height\" content=\"1000\" \/>\n\t<meta property=\"og:image:type\" content=\"image\/webp\" \/>\n<meta name=\"twitter:card\" content=\"summary_large_image\" \/>\n<meta name=\"twitter:label1\" content=\"Tiempo de lectura\" \/>\n\t<meta name=\"twitter:data1\" content=\"2 minutos\" \/>\n<script type=\"application\/ld+json\" class=\"yoast-schema-graph\">{\"@context\":\"https:\/\/schema.org\",\"@graph\":[{\"@type\":\"WebPage\",\"@id\":\"https:\/\/www.culturaltravelmorocco.com\/es\/producto\/tour-de-8-dias-de-fez-a-marrakech-ciudades-imperiales\/\",\"url\":\"https:\/\/www.culturaltravelmorocco.com\/es\/producto\/tour-de-8-dias-de-fez-a-marrakech-ciudades-imperiales\/\",\"name\":\"Tour de 8 d\u00edas de Fez a Marrakech \u2013 Ciudades Imperiales - Cultural Travel Morocco\",\"isPartOf\":{\"@id\":\"https:\/\/www.culturaltravelmorocco.com\/es\/#website\"},\"primaryImageOfPage\":{\"@id\":\"https:\/\/www.culturaltravelmorocco.com\/es\/producto\/tour-de-8-dias-de-fez-a-marrakech-ciudades-imperiales\/#primaryimage\"},\"image\":{\"@id\":\"https:\/\/www.culturaltravelmorocco.com\/es\/producto\/tour-de-8-dias-de-fez-a-marrakech-ciudades-imperiales\/#primaryimage\"},\"thumbnailUrl\":\"https:\/\/www.culturaltravelmorocco.com\/wp-content\/uploads\/2026\/01\/4-3.webp\",\"datePublished\":\"2026-01-10T12:20:15+00:00\",\"dateModified\":\"2026-01-11T22:01:28+00:00\",\"breadcrumb\":{\"@id\":\"https:\/\/www.culturaltravelmorocco.com\/es\/producto\/tour-de-8-dias-de-fez-a-marrakech-ciudades-imperiales\/#breadcrumb\"},\"inLanguage\":\"es\",\"potentialAction\":[{\"@type\":\"ReadAction\",\"target\":[\"https:\/\/www.culturaltravelmorocco.com\/es\/producto\/tour-de-8-dias-de-fez-a-marrakech-ciudades-imperiales\/\"]}]},{\"@type\":\"ImageObject\",\"inLanguage\":\"es\",\"@id\":\"https:\/\/www.culturaltravelmorocco.com\/es\/producto\/tour-de-8-dias-de-fez-a-marrakech-ciudades-imperiales\/#primaryimage\",\"url\":\"https:\/\/www.culturaltravelmorocco.com\/wp-content\/uploads\/2026\/01\/4-3.webp\",\"contentUrl\":\"https:\/\/www.culturaltravelmorocco.com\/wp-content\/uploads\/2026\/01\/4-3.webp\",\"width\":1200,\"height\":1000},{\"@type\":\"BreadcrumbList\",\"@id\":\"https:\/\/www.culturaltravelmorocco.com\/es\/producto\/tour-de-8-dias-de-fez-a-marrakech-ciudades-imperiales\/#breadcrumb\",\"itemListElement\":[{\"@type\":\"ListItem\",\"position\":1,\"name\":\"Inicio\",\"item\":\"https:\/\/maroon-guanaco-577987.hostingersite.com\/\"},{\"@type\":\"ListItem\",\"position\":2,\"name\":\"Productos\",\"item\":\"https:\/\/www.culturaltravelmorocco.com\/es\/shop\/\"},{\"@type\":\"ListItem\",\"position\":3,\"name\":\"Tour de 8 d\u00edas de Fez a Marrakech \u2013 Ciudades Imperiales\"}]},{\"@type\":\"WebSite\",\"@id\":\"https:\/\/www.culturaltravelmorocco.com\/es\/#website\",\"url\":\"https:\/\/www.culturaltravelmorocco.com\/es\/\",\"name\":\"Cultural Travel Morocco\",\"description\":\"\",\"potentialAction\":[{\"@type\":\"SearchAction\",\"target\":{\"@type\":\"EntryPoint\",\"urlTemplate\":\"https:\/\/www.culturaltravelmorocco.com\/es\/?s={search_term_string}\"},\"query-input\":{\"@type\":\"PropertyValueSpecification\",\"valueRequired\":true,\"valueName\":\"search_term_string\"}}],\"inLanguage\":\"es\"}]}<\/script>\n<!-- \/ Yoast SEO Premium plugin. -->","yoast_head_json":{"title":"Tour de 8 d\u00edas de Fez a Marrakech \u2013 Ciudades Imperiales - Cultural Travel Morocco","robots":{"index":"index","follow":"follow","max-snippet":"max-snippet:-1","max-image-preview":"max-image-preview:large","max-video-preview":"max-video-preview:-1"},"canonical":"https:\/\/www.culturaltravelmorocco.com\/es\/producto\/tour-de-8-dias-de-fez-a-marrakech-ciudades-imperiales\/","og_locale":"es_ES","og_type":"article","og_title":"Tour de 8 d\u00edas de Fez a Marrakech \u2013 Ciudades Imperiales","og_description":"Descripci\u00f3n general: Experimente lo mejor de Marruecos en este viaje de 8 d\u00edas desde Fez a Marrakech. Explore la ciudad imperial de Fez, sum\u00e9rjase en su vibrante medina, talleres artesanales y monumentos hist\u00f3ricos, incluyendo las famosas curtidur\u00edas de Chouara y la universidad m\u00e1s antigua del mundo en la mezquita Al Quaraouiyine. Recorra pintorescos pueblos y [&hellip;]","og_url":"https:\/\/www.culturaltravelmorocco.com\/es\/producto\/tour-de-8-dias-de-fez-a-marrakech-ciudades-imperiales\/","og_site_name":"Cultural Travel Morocco","article_modified_time":"2026-01-11T22:01:28+00:00","og_image":[{"width":1200,"height":1000,"url":"https:\/\/www.culturaltravelmorocco.com\/wp-content\/uploads\/2026\/01\/4-3.webp","type":"image\/webp"}],"twitter_card":"summary_large_image","twitter_misc":{"Tiempo de lectura":"2 minutos"},"schema":{"@context":"https:\/\/schema.org","@graph":[{"@type":"WebPage","@id":"https:\/\/www.culturaltravelmorocco.com\/es\/producto\/tour-de-8-dias-de-fez-a-marrakech-ciudades-imperiales\/","url":"https:\/\/www.culturaltravelmorocco.com\/es\/producto\/tour-de-8-dias-de-fez-a-marrakech-ciudades-imperiales\/","name":"Tour de 8 d\u00edas de Fez a Marrakech \u2013 Ciudades Imperiales - Cultural Travel Morocco","isPartOf":{"@id":"https:\/\/www.culturaltravelmorocco.com\/es\/#website"},"primaryImageOfPage":{"@id":"https:\/\/www.culturaltravelmorocco.com\/es\/producto\/tour-de-8-dias-de-fez-a-marrakech-ciudades-imperiales\/#primaryimage"},"image":{"@id":"https:\/\/www.culturaltravelmorocco.com\/es\/producto\/tour-de-8-dias-de-fez-a-marrakech-ciudades-imperiales\/#primaryimage"},"thumbnailUrl":"https:\/\/www.culturaltravelmorocco.com\/wp-content\/uploads\/2026\/01\/4-3.webp","datePublished":"2026-01-10T12:20:15+00:00","dateModified":"2026-01-11T22:01:28+00:00","breadcrumb":{"@id":"https:\/\/www.culturaltravelmorocco.com\/es\/producto\/tour-de-8-dias-de-fez-a-marrakech-ciudades-imperiales\/#breadcrumb"},"inLanguage":"es","potentialAction":[{"@type":"ReadAction","target":["https:\/\/www.culturaltravelmorocco.com\/es\/producto\/tour-de-8-dias-de-fez-a-marrakech-ciudades-imperiales\/"]}]},{"@type":"ImageObject","inLanguage":"es","@id":"https:\/\/www.culturaltravelmorocco.com\/es\/producto\/tour-de-8-dias-de-fez-a-marrakech-ciudades-imperiales\/#primaryimage","url":"https:\/\/www.culturaltravelmorocco.com\/wp-content\/uploads\/2026\/01\/4-3.webp","contentUrl":"https:\/\/www.culturaltravelmorocco.com\/wp-content\/uploads\/2026\/01\/4-3.webp","width":1200,"height":1000},{"@type":"BreadcrumbList","@id":"https:\/\/www.culturaltravelmorocco.com\/es\/producto\/tour-de-8-dias-de-fez-a-marrakech-ciudades-imperiales\/#breadcrumb","itemListElement":[{"@type":"ListItem","position":1,"name":"Inicio","item":"https:\/\/maroon-guanaco-577987.hostingersite.com\/"},{"@type":"ListItem","position":2,"name":"Productos","item":"https:\/\/www.culturaltravelmorocco.com\/es\/shop\/"},{"@type":"ListItem","position":3,"name":"Tour de 8 d\u00edas de Fez a Marrakech \u2013 Ciudades Imperiales"}]},{"@type":"WebSite","@id":"https:\/\/www.culturaltravelmorocco.com\/es\/#website","url":"https:\/\/www.culturaltravelmorocco.com\/es\/","name":"Cultural Travel Morocco","description":"","potentialAction":[{"@type":"SearchAction","target":{"@type":"EntryPoint","urlTemplate":"https:\/\/www.culturaltravelmorocco.com\/es\/?s={search_term_string}"},"query-input":{"@type":"PropertyValueSpecification","valueRequired":true,"valueName":"search_term_string"}}],"inLanguage":"es"}]}},"_links":{"self":[{"href":"https:\/\/www.culturaltravelmorocco.com\/es\/wp-json\/wp\/v2\/product\/10837","targetHints":{"allow":["GET"]}}],"collection":[{"href":"https:\/\/www.culturaltravelmorocco.com\/es\/wp-json\/wp\/v2\/product"}],"about":[{"href":"https:\/\/www.culturaltravelmorocco.com\/es\/wp-json\/wp\/v2\/types\/product"}],"replies":[{"embeddable":true,"href":"https:\/\/www.culturaltravelmorocco.com\/es\/wp-json\/wp\/v2\/comments?post=10837"}],"wp:featuredmedia":[{"embeddable":true,"href":"https:\/\/www.culturaltravelmorocco.com\/es\/wp-json\/wp\/v2\/media\/10838"}],"wp:attachment":[{"href":"https:\/\/www.culturaltravelmorocco.com\/es\/wp-json\/wp\/v2\/media?parent=10837"}],"wp:term":[{"taxonomy":"product_brand","embeddable":true,"href":"https:\/\/www.culturaltravelmorocco.com\/es\/wp-json\/wp\/v2\/product_brand?post=10837"},{"taxonomy":"product_cat","embeddable":true,"href":"https:\/\/www.culturaltravelmorocco.com\/es\/wp-json\/wp\/v2\/product_cat?post=10837"},{"taxonomy":"product_tag","embeddable":true,"href":"https:\/\/www.culturaltravelmorocco.com\/es\/wp-json\/wp\/v2\/product_tag?post=10837"}],"curies":[{"name":"wp","href":"https:\/\/api.w.org\/{rel}","templated":true}]}}