{"id":10895,"date":"2026-01-10T12:20:15","date_gmt":"2026-01-10T12:20:15","guid":{"rendered":"https:\/\/culturaltravelmorocco.com\/product\/3-day-tour-from-fez-to-merzouga-and-back\/"},"modified":"2026-01-11T23:32:24","modified_gmt":"2026-01-11T23:32:24","slug":"tour-de-3-dias-desde-fez-a-merzouga-y-regreso","status":"publish","type":"product","link":"https:\/\/www.culturaltravelmorocco.com\/es\/producto\/tour-de-3-dias-desde-fez-a-merzouga-y-regreso\/","title":{"rendered":"Tour de 3 d\u00edas desde Fez a Merzouga y regreso"},"content":{"rendered":"<h2>Descripci\u00f3n general:<\/h2>\n<p>Emb\u00e1rcate en un espectacular viaje de 3 d\u00edas desde Fez a Merzouga y viceversa, explorando los diversos paisajes y la rica cultura de Marruecos. Recorre la encantadora ciudad de Ifrane, a menudo llamada la \u00abSuiza de Marruecos\u00bb, y disfruta de la serena belleza de las monta\u00f1as del Atlas Medio y el bosque de cedros, hogar de los macacos de Berber\u00eda. Haz una parada en Midelt, enclavado entre el Medio y el Alto Atlas, y descubre sus exuberantes huertos y su patrimonio agr\u00edcola. Contin\u00faa por el impresionante valle del Ziz y sus vastos oasis de palmeras, hasta llegar a Erfoud, la puerta de entrada al desierto del S\u00e1hara, conocido por sus talleres de f\u00f3siles y sus deliciosos d\u00e1tiles. Experimenta la magia del desierto el segundo d\u00eda con un amanecer sobre las dunas, visitas a pueblos n\u00f3madas y los vibrantes ritmos del pueblo de Khamlia. Ad\u00e9ntrate en dromedario en el coraz\u00f3n del S\u00e1hara, contempla la inolvidable puesta de sol en el desierto y pasa la noche en un campamento bereber tradicional bajo las estrellas. El \u00faltimo d\u00eda, regresa a Fez, admirando los impresionantes paisajes des\u00e9rticos y los pintorescos valles que encontrar\u00e1s a lo largo del camino. Este tour ofrece una combinaci\u00f3n perfecta de aventura, inmersi\u00f3n cultural y comodidad, lo que lo hace ideal para aquellos que desean una experiencia corta pero inolvidable en el Sahara.<\/p>\n","protected":false},"excerpt":{"rendered":"<p>Descripci\u00f3n general: Emb\u00e1rcate en un espectacular viaje de 3 d\u00edas desde Fez a Merzouga y viceversa, explorando los diversos paisajes y la rica cultura de Marruecos. Recorre la encantadora ciudad de Ifrane, a menudo llamada la \u00abSuiza de Marruecos\u00bb, y disfruta de la serena belleza de las monta\u00f1as del Atlas Medio y el bosque de [&hellip;]<\/p>\n","protected":false},"featured_media":10528,"comment_status":"closed","ping_status":"closed","template":"","meta":{"_joinchat":[]},"product_brand":[],"product_cat":[84],"product_tag":[],"class_list":{"0":"post-10895","1":"product","2":"type-product","3":"status-publish","4":"has-post-thumbnail","6":"product_cat-tours-desde-fez","8":"first","9":"instock","10":"purchasable","11":"product-type-ovabrw_car_rental"},"yoast_head":"<!-- This site is optimized with the Yoast SEO Premium plugin v25.0 (Yoast SEO v25.0) - https:\/\/yoast.com\/wordpress\/plugins\/seo\/ -->\n<title>Tour de 3 d\u00edas desde Fez a Merzouga y regreso - Cultural Travel Morocco<\/title>\n<meta name=\"robots\" content=\"index, follow, max-snippet:-1, max-image-preview:large, max-video-preview:-1\" \/>\n<link rel=\"canonical\" href=\"https:\/\/www.culturaltravelmorocco.com\/es\/producto\/tour-de-3-dias-desde-fez-a-merzouga-y-regreso\/\" \/>\n<meta property=\"og:locale\" content=\"es_ES\" \/>\n<meta property=\"og:type\" content=\"article\" \/>\n<meta property=\"og:title\" content=\"Tour de 3 d\u00edas desde Fez a Merzouga y regreso\" \/>\n<meta property=\"og:description\" content=\"Descripci\u00f3n general: Emb\u00e1rcate en un espectacular viaje de 3 d\u00edas desde Fez a Merzouga y viceversa, explorando los diversos paisajes y la rica cultura de Marruecos. Recorre la encantadora ciudad de Ifrane, a menudo llamada la \u00abSuiza de Marruecos\u00bb, y disfruta de la serena belleza de las monta\u00f1as del Atlas Medio y el bosque de [&hellip;]\" \/>\n<meta property=\"og:url\" content=\"https:\/\/www.culturaltravelmorocco.com\/es\/producto\/tour-de-3-dias-desde-fez-a-merzouga-y-regreso\/\" \/>\n<meta property=\"og:site_name\" content=\"Cultural Travel Morocco\" \/>\n<meta property=\"article:modified_time\" content=\"2026-01-11T23:32:24+00:00\" \/>\n<meta property=\"og:image\" content=\"https:\/\/www.culturaltravelmorocco.com\/wp-content\/uploads\/2026\/01\/6.webp\" \/>\n\t<meta property=\"og:image:width\" content=\"1200\" \/>\n\t<meta property=\"og:image:height\" content=\"1000\" \/>\n\t<meta property=\"og:image:type\" content=\"image\/webp\" \/>\n<meta name=\"twitter:card\" content=\"summary_large_image\" \/>\n<meta name=\"twitter:label1\" content=\"Tiempo de lectura\" \/>\n\t<meta name=\"twitter:data1\" content=\"2 minutos\" \/>\n<script type=\"application\/ld+json\" class=\"yoast-schema-graph\">{\"@context\":\"https:\/\/schema.org\",\"@graph\":[{\"@type\":\"WebPage\",\"@id\":\"https:\/\/www.culturaltravelmorocco.com\/es\/producto\/tour-de-3-dias-desde-fez-a-merzouga-y-regreso\/\",\"url\":\"https:\/\/www.culturaltravelmorocco.com\/es\/producto\/tour-de-3-dias-desde-fez-a-merzouga-y-regreso\/\",\"name\":\"Tour de 3 d\u00edas desde Fez a Merzouga y regreso - Cultural Travel Morocco\",\"isPartOf\":{\"@id\":\"https:\/\/www.culturaltravelmorocco.com\/es\/#website\"},\"primaryImageOfPage\":{\"@id\":\"https:\/\/www.culturaltravelmorocco.com\/es\/producto\/tour-de-3-dias-desde-fez-a-merzouga-y-regreso\/#primaryimage\"},\"image\":{\"@id\":\"https:\/\/www.culturaltravelmorocco.com\/es\/producto\/tour-de-3-dias-desde-fez-a-merzouga-y-regreso\/#primaryimage\"},\"thumbnailUrl\":\"https:\/\/www.culturaltravelmorocco.com\/wp-content\/uploads\/2026\/01\/6.webp\",\"datePublished\":\"2026-01-10T12:20:15+00:00\",\"dateModified\":\"2026-01-11T23:32:24+00:00\",\"breadcrumb\":{\"@id\":\"https:\/\/www.culturaltravelmorocco.com\/es\/producto\/tour-de-3-dias-desde-fez-a-merzouga-y-regreso\/#breadcrumb\"},\"inLanguage\":\"es\",\"potentialAction\":[{\"@type\":\"ReadAction\",\"target\":[\"https:\/\/www.culturaltravelmorocco.com\/es\/producto\/tour-de-3-dias-desde-fez-a-merzouga-y-regreso\/\"]}]},{\"@type\":\"ImageObject\",\"inLanguage\":\"es\",\"@id\":\"https:\/\/www.culturaltravelmorocco.com\/es\/producto\/tour-de-3-dias-desde-fez-a-merzouga-y-regreso\/#primaryimage\",\"url\":\"https:\/\/www.culturaltravelmorocco.com\/wp-content\/uploads\/2026\/01\/6.webp\",\"contentUrl\":\"https:\/\/www.culturaltravelmorocco.com\/wp-content\/uploads\/2026\/01\/6.webp\",\"width\":1200,\"height\":1000},{\"@type\":\"BreadcrumbList\",\"@id\":\"https:\/\/www.culturaltravelmorocco.com\/es\/producto\/tour-de-3-dias-desde-fez-a-merzouga-y-regreso\/#breadcrumb\",\"itemListElement\":[{\"@type\":\"ListItem\",\"position\":1,\"name\":\"Inicio\",\"item\":\"https:\/\/maroon-guanaco-577987.hostingersite.com\/\"},{\"@type\":\"ListItem\",\"position\":2,\"name\":\"Productos\",\"item\":\"https:\/\/www.culturaltravelmorocco.com\/es\/shop\/\"},{\"@type\":\"ListItem\",\"position\":3,\"name\":\"Tour de 3 d\u00edas desde Fez a Merzouga y regreso\"}]},{\"@type\":\"WebSite\",\"@id\":\"https:\/\/www.culturaltravelmorocco.com\/es\/#website\",\"url\":\"https:\/\/www.culturaltravelmorocco.com\/es\/\",\"name\":\"Cultural Travel Morocco\",\"description\":\"\",\"potentialAction\":[{\"@type\":\"SearchAction\",\"target\":{\"@type\":\"EntryPoint\",\"urlTemplate\":\"https:\/\/www.culturaltravelmorocco.com\/es\/?s={search_term_string}\"},\"query-input\":{\"@type\":\"PropertyValueSpecification\",\"valueRequired\":true,\"valueName\":\"search_term_string\"}}],\"inLanguage\":\"es\"}]}<\/script>\n<!-- \/ Yoast SEO Premium plugin. -->","yoast_head_json":{"title":"Tour de 3 d\u00edas desde Fez a Merzouga y regreso - Cultural Travel Morocco","robots":{"index":"index","follow":"follow","max-snippet":"max-snippet:-1","max-image-preview":"max-image-preview:large","max-video-preview":"max-video-preview:-1"},"canonical":"https:\/\/www.culturaltravelmorocco.com\/es\/producto\/tour-de-3-dias-desde-fez-a-merzouga-y-regreso\/","og_locale":"es_ES","og_type":"article","og_title":"Tour de 3 d\u00edas desde Fez a Merzouga y regreso","og_description":"Descripci\u00f3n general: Emb\u00e1rcate en un espectacular viaje de 3 d\u00edas desde Fez a Merzouga y viceversa, explorando los diversos paisajes y la rica cultura de Marruecos. Recorre la encantadora ciudad de Ifrane, a menudo llamada la \u00abSuiza de Marruecos\u00bb, y disfruta de la serena belleza de las monta\u00f1as del Atlas Medio y el bosque de [&hellip;]","og_url":"https:\/\/www.culturaltravelmorocco.com\/es\/producto\/tour-de-3-dias-desde-fez-a-merzouga-y-regreso\/","og_site_name":"Cultural Travel Morocco","article_modified_time":"2026-01-11T23:32:24+00:00","og_image":[{"width":1200,"height":1000,"url":"https:\/\/www.culturaltravelmorocco.com\/wp-content\/uploads\/2026\/01\/6.webp","type":"image\/webp"}],"twitter_card":"summary_large_image","twitter_misc":{"Tiempo de lectura":"2 minutos"},"schema":{"@context":"https:\/\/schema.org","@graph":[{"@type":"WebPage","@id":"https:\/\/www.culturaltravelmorocco.com\/es\/producto\/tour-de-3-dias-desde-fez-a-merzouga-y-regreso\/","url":"https:\/\/www.culturaltravelmorocco.com\/es\/producto\/tour-de-3-dias-desde-fez-a-merzouga-y-regreso\/","name":"Tour de 3 d\u00edas desde Fez a Merzouga y regreso - Cultural Travel Morocco","isPartOf":{"@id":"https:\/\/www.culturaltravelmorocco.com\/es\/#website"},"primaryImageOfPage":{"@id":"https:\/\/www.culturaltravelmorocco.com\/es\/producto\/tour-de-3-dias-desde-fez-a-merzouga-y-regreso\/#primaryimage"},"image":{"@id":"https:\/\/www.culturaltravelmorocco.com\/es\/producto\/tour-de-3-dias-desde-fez-a-merzouga-y-regreso\/#primaryimage"},"thumbnailUrl":"https:\/\/www.culturaltravelmorocco.com\/wp-content\/uploads\/2026\/01\/6.webp","datePublished":"2026-01-10T12:20:15+00:00","dateModified":"2026-01-11T23:32:24+00:00","breadcrumb":{"@id":"https:\/\/www.culturaltravelmorocco.com\/es\/producto\/tour-de-3-dias-desde-fez-a-merzouga-y-regreso\/#breadcrumb"},"inLanguage":"es","potentialAction":[{"@type":"ReadAction","target":["https:\/\/www.culturaltravelmorocco.com\/es\/producto\/tour-de-3-dias-desde-fez-a-merzouga-y-regreso\/"]}]},{"@type":"ImageObject","inLanguage":"es","@id":"https:\/\/www.culturaltravelmorocco.com\/es\/producto\/tour-de-3-dias-desde-fez-a-merzouga-y-regreso\/#primaryimage","url":"https:\/\/www.culturaltravelmorocco.com\/wp-content\/uploads\/2026\/01\/6.webp","contentUrl":"https:\/\/www.culturaltravelmorocco.com\/wp-content\/uploads\/2026\/01\/6.webp","width":1200,"height":1000},{"@type":"BreadcrumbList","@id":"https:\/\/www.culturaltravelmorocco.com\/es\/producto\/tour-de-3-dias-desde-fez-a-merzouga-y-regreso\/#breadcrumb","itemListElement":[{"@type":"ListItem","position":1,"name":"Inicio","item":"https:\/\/maroon-guanaco-577987.hostingersite.com\/"},{"@type":"ListItem","position":2,"name":"Productos","item":"https:\/\/www.culturaltravelmorocco.com\/es\/shop\/"},{"@type":"ListItem","position":3,"name":"Tour de 3 d\u00edas desde Fez a Merzouga y regreso"}]},{"@type":"WebSite","@id":"https:\/\/www.culturaltravelmorocco.com\/es\/#website","url":"https:\/\/www.culturaltravelmorocco.com\/es\/","name":"Cultural Travel Morocco","description":"","potentialAction":[{"@type":"SearchAction","target":{"@type":"EntryPoint","urlTemplate":"https:\/\/www.culturaltravelmorocco.com\/es\/?s={search_term_string}"},"query-input":{"@type":"PropertyValueSpecification","valueRequired":true,"valueName":"search_term_string"}}],"inLanguage":"es"}]}},"_links":{"self":[{"href":"https:\/\/www.culturaltravelmorocco.com\/es\/wp-json\/wp\/v2\/product\/10895","targetHints":{"allow":["GET"]}}],"collection":[{"href":"https:\/\/www.culturaltravelmorocco.com\/es\/wp-json\/wp\/v2\/product"}],"about":[{"href":"https:\/\/www.culturaltravelmorocco.com\/es\/wp-json\/wp\/v2\/types\/product"}],"replies":[{"embeddable":true,"href":"https:\/\/www.culturaltravelmorocco.com\/es\/wp-json\/wp\/v2\/comments?post=10895"}],"wp:featuredmedia":[{"embeddable":true,"href":"https:\/\/www.culturaltravelmorocco.com\/es\/wp-json\/wp\/v2\/media\/10528"}],"wp:attachment":[{"href":"https:\/\/www.culturaltravelmorocco.com\/es\/wp-json\/wp\/v2\/media?parent=10895"}],"wp:term":[{"taxonomy":"product_brand","embeddable":true,"href":"https:\/\/www.culturaltravelmorocco.com\/es\/wp-json\/wp\/v2\/product_brand?post=10895"},{"taxonomy":"product_cat","embeddable":true,"href":"https:\/\/www.culturaltravelmorocco.com\/es\/wp-json\/wp\/v2\/product_cat?post=10895"},{"taxonomy":"product_tag","embeddable":true,"href":"https:\/\/www.culturaltravelmorocco.com\/es\/wp-json\/wp\/v2\/product_tag?post=10895"}],"curies":[{"name":"wp","href":"https:\/\/api.w.org\/{rel}","templated":true}]}}