{"id":10906,"date":"2026-01-10T12:20:15","date_gmt":"2026-01-10T12:20:15","guid":{"rendered":"https:\/\/culturaltravelmorocco.com\/product\/12-day-morocco-tour-from-marrakech\/"},"modified":"2026-01-11T23:40:57","modified_gmt":"2026-01-11T23:40:57","slug":"tour-de-12-dias-por-marruecos-desde-marrakech","status":"publish","type":"product","link":"https:\/\/www.culturaltravelmorocco.com\/es\/producto\/tour-de-12-dias-por-marruecos-desde-marrakech\/","title":{"rendered":"Tour de 12 d\u00edas por Marruecos desde Marrakech"},"content":{"rendered":"<h2>Descripci\u00f3n general:<\/h2>\n<p data-start=\"317\" data-end=\"991\">Explora la magia de Marruecos en este tour privado de 12 d\u00edas desde Marrakech. Descubre los animados zocos y lugares hist\u00f3ricos de Marrakech, recorre las impresionantes monta\u00f1as del Alto Atlas, experimenta las espectaculares gargantas del Todra y del Dades, y sum\u00e9rgete en las doradas arenas del desierto del Sahara. Visita pueblos n\u00f3madas, monta en camello por el desierto y pasa una noche bajo las estrellas en un campamento bereber. Contin\u00faa tu viaje por la pintoresca costa atl\u00e1ntica con paradas en Agadir, Mirleft y la encantadora ciudad portuaria de Esauira. Este tour combina la rica cultura de Marruecos, paisajes impresionantes y la belleza costera para una aventura inolvidable.<\/p>\n","protected":false},"excerpt":{"rendered":"<p>Descripci\u00f3n general: Explora la magia de Marruecos en este tour privado de 12 d\u00edas desde Marrakech. Descubre los animados zocos y lugares hist\u00f3ricos de Marrakech, recorre las impresionantes monta\u00f1as del Alto Atlas, experimenta las espectaculares gargantas del Todra y del Dades, y sum\u00e9rgete en las doradas arenas del desierto del Sahara. Visita pueblos n\u00f3madas, monta [&hellip;]<\/p>\n","protected":false},"featured_media":10714,"comment_status":"closed","ping_status":"closed","template":"","meta":{"_joinchat":[]},"product_brand":[],"product_cat":[85],"product_tag":[],"class_list":{"0":"post-10906","1":"product","2":"type-product","3":"status-publish","4":"has-post-thumbnail","6":"product_cat-tours-desde-marrakech","8":"first","9":"instock","10":"purchasable","11":"product-type-ovabrw_car_rental"},"yoast_head":"<!-- This site is optimized with the Yoast SEO Premium plugin v25.0 (Yoast SEO v25.0) - https:\/\/yoast.com\/wordpress\/plugins\/seo\/ -->\n<title>Tour de 12 d\u00edas por Marruecos desde Marrakech - Cultural Travel Morocco<\/title>\n<meta name=\"robots\" content=\"index, follow, max-snippet:-1, max-image-preview:large, max-video-preview:-1\" \/>\n<link rel=\"canonical\" href=\"https:\/\/www.culturaltravelmorocco.com\/es\/producto\/tour-de-12-dias-por-marruecos-desde-marrakech\/\" \/>\n<meta property=\"og:locale\" content=\"es_ES\" \/>\n<meta property=\"og:type\" content=\"article\" \/>\n<meta property=\"og:title\" content=\"Tour de 12 d\u00edas por Marruecos desde Marrakech\" \/>\n<meta property=\"og:description\" content=\"Descripci\u00f3n general: Explora la magia de Marruecos en este tour privado de 12 d\u00edas desde Marrakech. Descubre los animados zocos y lugares hist\u00f3ricos de Marrakech, recorre las impresionantes monta\u00f1as del Alto Atlas, experimenta las espectaculares gargantas del Todra y del Dades, y sum\u00e9rgete en las doradas arenas del desierto del Sahara. Visita pueblos n\u00f3madas, monta [&hellip;]\" \/>\n<meta property=\"og:url\" content=\"https:\/\/www.culturaltravelmorocco.com\/es\/producto\/tour-de-12-dias-por-marruecos-desde-marrakech\/\" \/>\n<meta property=\"og:site_name\" content=\"Cultural Travel Morocco\" \/>\n<meta property=\"article:modified_time\" content=\"2026-01-11T23:40:57+00:00\" \/>\n<meta property=\"og:image\" content=\"https:\/\/www.culturaltravelmorocco.com\/wp-content\/uploads\/2026\/01\/3-6.webp\" \/>\n\t<meta property=\"og:image:width\" content=\"1200\" \/>\n\t<meta property=\"og:image:height\" content=\"1000\" \/>\n\t<meta property=\"og:image:type\" content=\"image\/webp\" \/>\n<meta name=\"twitter:card\" content=\"summary_large_image\" \/>\n<meta name=\"twitter:label1\" content=\"Tiempo de lectura\" \/>\n\t<meta name=\"twitter:data1\" content=\"1 minuto\" \/>\n<script type=\"application\/ld+json\" class=\"yoast-schema-graph\">{\"@context\":\"https:\/\/schema.org\",\"@graph\":[{\"@type\":\"WebPage\",\"@id\":\"https:\/\/www.culturaltravelmorocco.com\/es\/producto\/tour-de-12-dias-por-marruecos-desde-marrakech\/\",\"url\":\"https:\/\/www.culturaltravelmorocco.com\/es\/producto\/tour-de-12-dias-por-marruecos-desde-marrakech\/\",\"name\":\"Tour de 12 d\u00edas por Marruecos desde Marrakech - Cultural Travel Morocco\",\"isPartOf\":{\"@id\":\"https:\/\/www.culturaltravelmorocco.com\/es\/#website\"},\"primaryImageOfPage\":{\"@id\":\"https:\/\/www.culturaltravelmorocco.com\/es\/producto\/tour-de-12-dias-por-marruecos-desde-marrakech\/#primaryimage\"},\"image\":{\"@id\":\"https:\/\/www.culturaltravelmorocco.com\/es\/producto\/tour-de-12-dias-por-marruecos-desde-marrakech\/#primaryimage\"},\"thumbnailUrl\":\"https:\/\/www.culturaltravelmorocco.com\/wp-content\/uploads\/2026\/01\/3-6.webp\",\"datePublished\":\"2026-01-10T12:20:15+00:00\",\"dateModified\":\"2026-01-11T23:40:57+00:00\",\"breadcrumb\":{\"@id\":\"https:\/\/www.culturaltravelmorocco.com\/es\/producto\/tour-de-12-dias-por-marruecos-desde-marrakech\/#breadcrumb\"},\"inLanguage\":\"es\",\"potentialAction\":[{\"@type\":\"ReadAction\",\"target\":[\"https:\/\/www.culturaltravelmorocco.com\/es\/producto\/tour-de-12-dias-por-marruecos-desde-marrakech\/\"]}]},{\"@type\":\"ImageObject\",\"inLanguage\":\"es\",\"@id\":\"https:\/\/www.culturaltravelmorocco.com\/es\/producto\/tour-de-12-dias-por-marruecos-desde-marrakech\/#primaryimage\",\"url\":\"https:\/\/www.culturaltravelmorocco.com\/wp-content\/uploads\/2026\/01\/3-6.webp\",\"contentUrl\":\"https:\/\/www.culturaltravelmorocco.com\/wp-content\/uploads\/2026\/01\/3-6.webp\",\"width\":1200,\"height\":1000},{\"@type\":\"BreadcrumbList\",\"@id\":\"https:\/\/www.culturaltravelmorocco.com\/es\/producto\/tour-de-12-dias-por-marruecos-desde-marrakech\/#breadcrumb\",\"itemListElement\":[{\"@type\":\"ListItem\",\"position\":1,\"name\":\"Inicio\",\"item\":\"https:\/\/maroon-guanaco-577987.hostingersite.com\/\"},{\"@type\":\"ListItem\",\"position\":2,\"name\":\"Productos\",\"item\":\"https:\/\/www.culturaltravelmorocco.com\/es\/shop\/\"},{\"@type\":\"ListItem\",\"position\":3,\"name\":\"Tour de 12 d\u00edas por Marruecos desde Marrakech\"}]},{\"@type\":\"WebSite\",\"@id\":\"https:\/\/www.culturaltravelmorocco.com\/es\/#website\",\"url\":\"https:\/\/www.culturaltravelmorocco.com\/es\/\",\"name\":\"Cultural Travel Morocco\",\"description\":\"\",\"potentialAction\":[{\"@type\":\"SearchAction\",\"target\":{\"@type\":\"EntryPoint\",\"urlTemplate\":\"https:\/\/www.culturaltravelmorocco.com\/es\/?s={search_term_string}\"},\"query-input\":{\"@type\":\"PropertyValueSpecification\",\"valueRequired\":true,\"valueName\":\"search_term_string\"}}],\"inLanguage\":\"es\"}]}<\/script>\n<!-- \/ Yoast SEO Premium plugin. -->","yoast_head_json":{"title":"Tour de 12 d\u00edas por Marruecos desde Marrakech - Cultural Travel Morocco","robots":{"index":"index","follow":"follow","max-snippet":"max-snippet:-1","max-image-preview":"max-image-preview:large","max-video-preview":"max-video-preview:-1"},"canonical":"https:\/\/www.culturaltravelmorocco.com\/es\/producto\/tour-de-12-dias-por-marruecos-desde-marrakech\/","og_locale":"es_ES","og_type":"article","og_title":"Tour de 12 d\u00edas por Marruecos desde Marrakech","og_description":"Descripci\u00f3n general: Explora la magia de Marruecos en este tour privado de 12 d\u00edas desde Marrakech. Descubre los animados zocos y lugares hist\u00f3ricos de Marrakech, recorre las impresionantes monta\u00f1as del Alto Atlas, experimenta las espectaculares gargantas del Todra y del Dades, y sum\u00e9rgete en las doradas arenas del desierto del Sahara. Visita pueblos n\u00f3madas, monta [&hellip;]","og_url":"https:\/\/www.culturaltravelmorocco.com\/es\/producto\/tour-de-12-dias-por-marruecos-desde-marrakech\/","og_site_name":"Cultural Travel Morocco","article_modified_time":"2026-01-11T23:40:57+00:00","og_image":[{"width":1200,"height":1000,"url":"https:\/\/www.culturaltravelmorocco.com\/wp-content\/uploads\/2026\/01\/3-6.webp","type":"image\/webp"}],"twitter_card":"summary_large_image","twitter_misc":{"Tiempo de lectura":"1 minuto"},"schema":{"@context":"https:\/\/schema.org","@graph":[{"@type":"WebPage","@id":"https:\/\/www.culturaltravelmorocco.com\/es\/producto\/tour-de-12-dias-por-marruecos-desde-marrakech\/","url":"https:\/\/www.culturaltravelmorocco.com\/es\/producto\/tour-de-12-dias-por-marruecos-desde-marrakech\/","name":"Tour de 12 d\u00edas por Marruecos desde Marrakech - Cultural Travel Morocco","isPartOf":{"@id":"https:\/\/www.culturaltravelmorocco.com\/es\/#website"},"primaryImageOfPage":{"@id":"https:\/\/www.culturaltravelmorocco.com\/es\/producto\/tour-de-12-dias-por-marruecos-desde-marrakech\/#primaryimage"},"image":{"@id":"https:\/\/www.culturaltravelmorocco.com\/es\/producto\/tour-de-12-dias-por-marruecos-desde-marrakech\/#primaryimage"},"thumbnailUrl":"https:\/\/www.culturaltravelmorocco.com\/wp-content\/uploads\/2026\/01\/3-6.webp","datePublished":"2026-01-10T12:20:15+00:00","dateModified":"2026-01-11T23:40:57+00:00","breadcrumb":{"@id":"https:\/\/www.culturaltravelmorocco.com\/es\/producto\/tour-de-12-dias-por-marruecos-desde-marrakech\/#breadcrumb"},"inLanguage":"es","potentialAction":[{"@type":"ReadAction","target":["https:\/\/www.culturaltravelmorocco.com\/es\/producto\/tour-de-12-dias-por-marruecos-desde-marrakech\/"]}]},{"@type":"ImageObject","inLanguage":"es","@id":"https:\/\/www.culturaltravelmorocco.com\/es\/producto\/tour-de-12-dias-por-marruecos-desde-marrakech\/#primaryimage","url":"https:\/\/www.culturaltravelmorocco.com\/wp-content\/uploads\/2026\/01\/3-6.webp","contentUrl":"https:\/\/www.culturaltravelmorocco.com\/wp-content\/uploads\/2026\/01\/3-6.webp","width":1200,"height":1000},{"@type":"BreadcrumbList","@id":"https:\/\/www.culturaltravelmorocco.com\/es\/producto\/tour-de-12-dias-por-marruecos-desde-marrakech\/#breadcrumb","itemListElement":[{"@type":"ListItem","position":1,"name":"Inicio","item":"https:\/\/maroon-guanaco-577987.hostingersite.com\/"},{"@type":"ListItem","position":2,"name":"Productos","item":"https:\/\/www.culturaltravelmorocco.com\/es\/shop\/"},{"@type":"ListItem","position":3,"name":"Tour de 12 d\u00edas por Marruecos desde Marrakech"}]},{"@type":"WebSite","@id":"https:\/\/www.culturaltravelmorocco.com\/es\/#website","url":"https:\/\/www.culturaltravelmorocco.com\/es\/","name":"Cultural Travel Morocco","description":"","potentialAction":[{"@type":"SearchAction","target":{"@type":"EntryPoint","urlTemplate":"https:\/\/www.culturaltravelmorocco.com\/es\/?s={search_term_string}"},"query-input":{"@type":"PropertyValueSpecification","valueRequired":true,"valueName":"search_term_string"}}],"inLanguage":"es"}]}},"_links":{"self":[{"href":"https:\/\/www.culturaltravelmorocco.com\/es\/wp-json\/wp\/v2\/product\/10906","targetHints":{"allow":["GET"]}}],"collection":[{"href":"https:\/\/www.culturaltravelmorocco.com\/es\/wp-json\/wp\/v2\/product"}],"about":[{"href":"https:\/\/www.culturaltravelmorocco.com\/es\/wp-json\/wp\/v2\/types\/product"}],"replies":[{"embeddable":true,"href":"https:\/\/www.culturaltravelmorocco.com\/es\/wp-json\/wp\/v2\/comments?post=10906"}],"wp:featuredmedia":[{"embeddable":true,"href":"https:\/\/www.culturaltravelmorocco.com\/es\/wp-json\/wp\/v2\/media\/10714"}],"wp:attachment":[{"href":"https:\/\/www.culturaltravelmorocco.com\/es\/wp-json\/wp\/v2\/media?parent=10906"}],"wp:term":[{"taxonomy":"product_brand","embeddable":true,"href":"https:\/\/www.culturaltravelmorocco.com\/es\/wp-json\/wp\/v2\/product_brand?post=10906"},{"taxonomy":"product_cat","embeddable":true,"href":"https:\/\/www.culturaltravelmorocco.com\/es\/wp-json\/wp\/v2\/product_cat?post=10906"},{"taxonomy":"product_tag","embeddable":true,"href":"https:\/\/www.culturaltravelmorocco.com\/es\/wp-json\/wp\/v2\/product_tag?post=10906"}],"curies":[{"name":"wp","href":"https:\/\/api.w.org\/{rel}","templated":true}]}}