{"id":10954,"date":"2026-01-10T12:20:15","date_gmt":"2026-01-10T12:20:15","guid":{"rendered":"https:\/\/culturaltravelmorocco.com\/product\/4-day-journey-from-tangier-to-fez\/"},"modified":"2026-01-12T00:01:43","modified_gmt":"2026-01-12T00:01:43","slug":"viaje-de-4-dias-desde-tanger-a-fez","status":"publish","type":"product","link":"https:\/\/www.culturaltravelmorocco.com\/es\/producto\/viaje-de-4-dias-desde-tanger-a-fez\/","title":{"rendered":"Viaje de 4 d\u00edas desde T\u00e1nger a Fez"},"content":{"rendered":"<h2>Descripci\u00f3n general:<\/h2>\n<p data-start=\"105\" data-end=\"912\">Experimente un inolvidable viaje de 4 d\u00edas por el norte de Marruecos, comenzando en T\u00e1nger y continuando hasta la m\u00e1gica ciudad azul de Chefchaouen, donde el paisaje monta\u00f1oso y las tranquilas callejuelas crean una atm\u00f3sfera \u00fanica y cautivadora. Explore las impresionantes ruinas romanas de Volubilis y el pueblo sagrado de Moulay Idriss antes de llegar a Fez, la ciudad imperial m\u00e1s antigua, rica en patrimonio, artesan\u00eda tradicional y una vibrante vida cultural. Disfrute de un equilibrio perfecto entre visitas guiadas y tiempo libre mientras descubre antiguas medinas, coloridos mercados, lugares hist\u00f3ricos y aut\u00e9nticas tradiciones marroqu\u00edes con la comodidad de un conductor privado. Concluya su aventura regresando a T\u00e1nger, visitando las impresionantes Cuevas de H\u00e9rcules y el pintoresco Cabo Espartel, donde el oc\u00e9ano Atl\u00e1ntico se encuentra con el mar Mediterr\u00e1neo.<\/p>\n","protected":false},"excerpt":{"rendered":"<p>Descripci\u00f3n general: Experimente un inolvidable viaje de 4 d\u00edas por el norte de Marruecos, comenzando en T\u00e1nger y continuando hasta la m\u00e1gica ciudad azul de Chefchaouen, donde el paisaje monta\u00f1oso y las tranquilas callejuelas crean una atm\u00f3sfera \u00fanica y cautivadora. Explore las impresionantes ruinas romanas de Volubilis y el pueblo sagrado de Moulay Idriss antes [&hellip;]<\/p>\n","protected":false},"featured_media":9544,"comment_status":"closed","ping_status":"closed","template":"","meta":{"_joinchat":[]},"product_brand":[],"product_cat":[86],"product_tag":[],"class_list":{"0":"post-10954","1":"product","2":"type-product","3":"status-publish","4":"has-post-thumbnail","6":"product_cat-tours-desde-tanger","8":"first","9":"instock","10":"purchasable","11":"product-type-ovabrw_car_rental"},"yoast_head":"<!-- This site is optimized with the Yoast SEO Premium plugin v25.0 (Yoast SEO v25.0) - https:\/\/yoast.com\/wordpress\/plugins\/seo\/ -->\n<title>Viaje de 4 d\u00edas desde T\u00e1nger a Fez - Cultural Travel Morocco<\/title>\n<meta name=\"robots\" content=\"index, follow, max-snippet:-1, max-image-preview:large, max-video-preview:-1\" \/>\n<link rel=\"canonical\" href=\"https:\/\/www.culturaltravelmorocco.com\/es\/producto\/viaje-de-4-dias-desde-tanger-a-fez\/\" \/>\n<meta property=\"og:locale\" content=\"es_ES\" \/>\n<meta property=\"og:type\" content=\"article\" \/>\n<meta property=\"og:title\" content=\"Viaje de 4 d\u00edas desde T\u00e1nger a Fez\" \/>\n<meta property=\"og:description\" content=\"Descripci\u00f3n general: Experimente un inolvidable viaje de 4 d\u00edas por el norte de Marruecos, comenzando en T\u00e1nger y continuando hasta la m\u00e1gica ciudad azul de Chefchaouen, donde el paisaje monta\u00f1oso y las tranquilas callejuelas crean una atm\u00f3sfera \u00fanica y cautivadora. Explore las impresionantes ruinas romanas de Volubilis y el pueblo sagrado de Moulay Idriss antes [&hellip;]\" \/>\n<meta property=\"og:url\" content=\"https:\/\/www.culturaltravelmorocco.com\/es\/producto\/viaje-de-4-dias-desde-tanger-a-fez\/\" \/>\n<meta property=\"og:site_name\" content=\"Cultural Travel Morocco\" \/>\n<meta property=\"article:modified_time\" content=\"2026-01-12T00:01:43+00:00\" \/>\n<meta property=\"og:image\" content=\"https:\/\/www.culturaltravelmorocco.com\/wp-content\/uploads\/2026\/01\/2-8.webp\" \/>\n\t<meta property=\"og:image:width\" content=\"1200\" \/>\n\t<meta property=\"og:image:height\" content=\"1000\" \/>\n\t<meta property=\"og:image:type\" content=\"image\/webp\" \/>\n<meta name=\"twitter:card\" content=\"summary_large_image\" \/>\n<meta name=\"twitter:label1\" content=\"Tiempo de lectura\" \/>\n\t<meta name=\"twitter:data1\" content=\"1 minuto\" \/>\n<script type=\"application\/ld+json\" class=\"yoast-schema-graph\">{\"@context\":\"https:\/\/schema.org\",\"@graph\":[{\"@type\":\"WebPage\",\"@id\":\"https:\/\/www.culturaltravelmorocco.com\/es\/producto\/viaje-de-4-dias-desde-tanger-a-fez\/\",\"url\":\"https:\/\/www.culturaltravelmorocco.com\/es\/producto\/viaje-de-4-dias-desde-tanger-a-fez\/\",\"name\":\"Viaje de 4 d\u00edas desde T\u00e1nger a Fez - Cultural Travel Morocco\",\"isPartOf\":{\"@id\":\"https:\/\/www.culturaltravelmorocco.com\/es\/#website\"},\"primaryImageOfPage\":{\"@id\":\"https:\/\/www.culturaltravelmorocco.com\/es\/producto\/viaje-de-4-dias-desde-tanger-a-fez\/#primaryimage\"},\"image\":{\"@id\":\"https:\/\/www.culturaltravelmorocco.com\/es\/producto\/viaje-de-4-dias-desde-tanger-a-fez\/#primaryimage\"},\"thumbnailUrl\":\"https:\/\/www.culturaltravelmorocco.com\/wp-content\/uploads\/2026\/01\/2-8.webp\",\"datePublished\":\"2026-01-10T12:20:15+00:00\",\"dateModified\":\"2026-01-12T00:01:43+00:00\",\"breadcrumb\":{\"@id\":\"https:\/\/www.culturaltravelmorocco.com\/es\/producto\/viaje-de-4-dias-desde-tanger-a-fez\/#breadcrumb\"},\"inLanguage\":\"es\",\"potentialAction\":[{\"@type\":\"ReadAction\",\"target\":[\"https:\/\/www.culturaltravelmorocco.com\/es\/producto\/viaje-de-4-dias-desde-tanger-a-fez\/\"]}]},{\"@type\":\"ImageObject\",\"inLanguage\":\"es\",\"@id\":\"https:\/\/www.culturaltravelmorocco.com\/es\/producto\/viaje-de-4-dias-desde-tanger-a-fez\/#primaryimage\",\"url\":\"https:\/\/www.culturaltravelmorocco.com\/wp-content\/uploads\/2026\/01\/2-8.webp\",\"contentUrl\":\"https:\/\/www.culturaltravelmorocco.com\/wp-content\/uploads\/2026\/01\/2-8.webp\",\"width\":1200,\"height\":1000},{\"@type\":\"BreadcrumbList\",\"@id\":\"https:\/\/www.culturaltravelmorocco.com\/es\/producto\/viaje-de-4-dias-desde-tanger-a-fez\/#breadcrumb\",\"itemListElement\":[{\"@type\":\"ListItem\",\"position\":1,\"name\":\"Inicio\",\"item\":\"https:\/\/maroon-guanaco-577987.hostingersite.com\/\"},{\"@type\":\"ListItem\",\"position\":2,\"name\":\"Productos\",\"item\":\"https:\/\/www.culturaltravelmorocco.com\/es\/shop\/\"},{\"@type\":\"ListItem\",\"position\":3,\"name\":\"Viaje de 4 d\u00edas desde T\u00e1nger a Fez\"}]},{\"@type\":\"WebSite\",\"@id\":\"https:\/\/www.culturaltravelmorocco.com\/es\/#website\",\"url\":\"https:\/\/www.culturaltravelmorocco.com\/es\/\",\"name\":\"Cultural Travel Morocco\",\"description\":\"\",\"potentialAction\":[{\"@type\":\"SearchAction\",\"target\":{\"@type\":\"EntryPoint\",\"urlTemplate\":\"https:\/\/www.culturaltravelmorocco.com\/es\/?s={search_term_string}\"},\"query-input\":{\"@type\":\"PropertyValueSpecification\",\"valueRequired\":true,\"valueName\":\"search_term_string\"}}],\"inLanguage\":\"es\"}]}<\/script>\n<!-- \/ Yoast SEO Premium plugin. -->","yoast_head_json":{"title":"Viaje de 4 d\u00edas desde T\u00e1nger a Fez - Cultural Travel Morocco","robots":{"index":"index","follow":"follow","max-snippet":"max-snippet:-1","max-image-preview":"max-image-preview:large","max-video-preview":"max-video-preview:-1"},"canonical":"https:\/\/www.culturaltravelmorocco.com\/es\/producto\/viaje-de-4-dias-desde-tanger-a-fez\/","og_locale":"es_ES","og_type":"article","og_title":"Viaje de 4 d\u00edas desde T\u00e1nger a Fez","og_description":"Descripci\u00f3n general: Experimente un inolvidable viaje de 4 d\u00edas por el norte de Marruecos, comenzando en T\u00e1nger y continuando hasta la m\u00e1gica ciudad azul de Chefchaouen, donde el paisaje monta\u00f1oso y las tranquilas callejuelas crean una atm\u00f3sfera \u00fanica y cautivadora. Explore las impresionantes ruinas romanas de Volubilis y el pueblo sagrado de Moulay Idriss antes [&hellip;]","og_url":"https:\/\/www.culturaltravelmorocco.com\/es\/producto\/viaje-de-4-dias-desde-tanger-a-fez\/","og_site_name":"Cultural Travel Morocco","article_modified_time":"2026-01-12T00:01:43+00:00","og_image":[{"width":1200,"height":1000,"url":"https:\/\/www.culturaltravelmorocco.com\/wp-content\/uploads\/2026\/01\/2-8.webp","type":"image\/webp"}],"twitter_card":"summary_large_image","twitter_misc":{"Tiempo de lectura":"1 minuto"},"schema":{"@context":"https:\/\/schema.org","@graph":[{"@type":"WebPage","@id":"https:\/\/www.culturaltravelmorocco.com\/es\/producto\/viaje-de-4-dias-desde-tanger-a-fez\/","url":"https:\/\/www.culturaltravelmorocco.com\/es\/producto\/viaje-de-4-dias-desde-tanger-a-fez\/","name":"Viaje de 4 d\u00edas desde T\u00e1nger a Fez - Cultural Travel Morocco","isPartOf":{"@id":"https:\/\/www.culturaltravelmorocco.com\/es\/#website"},"primaryImageOfPage":{"@id":"https:\/\/www.culturaltravelmorocco.com\/es\/producto\/viaje-de-4-dias-desde-tanger-a-fez\/#primaryimage"},"image":{"@id":"https:\/\/www.culturaltravelmorocco.com\/es\/producto\/viaje-de-4-dias-desde-tanger-a-fez\/#primaryimage"},"thumbnailUrl":"https:\/\/www.culturaltravelmorocco.com\/wp-content\/uploads\/2026\/01\/2-8.webp","datePublished":"2026-01-10T12:20:15+00:00","dateModified":"2026-01-12T00:01:43+00:00","breadcrumb":{"@id":"https:\/\/www.culturaltravelmorocco.com\/es\/producto\/viaje-de-4-dias-desde-tanger-a-fez\/#breadcrumb"},"inLanguage":"es","potentialAction":[{"@type":"ReadAction","target":["https:\/\/www.culturaltravelmorocco.com\/es\/producto\/viaje-de-4-dias-desde-tanger-a-fez\/"]}]},{"@type":"ImageObject","inLanguage":"es","@id":"https:\/\/www.culturaltravelmorocco.com\/es\/producto\/viaje-de-4-dias-desde-tanger-a-fez\/#primaryimage","url":"https:\/\/www.culturaltravelmorocco.com\/wp-content\/uploads\/2026\/01\/2-8.webp","contentUrl":"https:\/\/www.culturaltravelmorocco.com\/wp-content\/uploads\/2026\/01\/2-8.webp","width":1200,"height":1000},{"@type":"BreadcrumbList","@id":"https:\/\/www.culturaltravelmorocco.com\/es\/producto\/viaje-de-4-dias-desde-tanger-a-fez\/#breadcrumb","itemListElement":[{"@type":"ListItem","position":1,"name":"Inicio","item":"https:\/\/maroon-guanaco-577987.hostingersite.com\/"},{"@type":"ListItem","position":2,"name":"Productos","item":"https:\/\/www.culturaltravelmorocco.com\/es\/shop\/"},{"@type":"ListItem","position":3,"name":"Viaje de 4 d\u00edas desde T\u00e1nger a Fez"}]},{"@type":"WebSite","@id":"https:\/\/www.culturaltravelmorocco.com\/es\/#website","url":"https:\/\/www.culturaltravelmorocco.com\/es\/","name":"Cultural Travel Morocco","description":"","potentialAction":[{"@type":"SearchAction","target":{"@type":"EntryPoint","urlTemplate":"https:\/\/www.culturaltravelmorocco.com\/es\/?s={search_term_string}"},"query-input":{"@type":"PropertyValueSpecification","valueRequired":true,"valueName":"search_term_string"}}],"inLanguage":"es"}]}},"_links":{"self":[{"href":"https:\/\/www.culturaltravelmorocco.com\/es\/wp-json\/wp\/v2\/product\/10954","targetHints":{"allow":["GET"]}}],"collection":[{"href":"https:\/\/www.culturaltravelmorocco.com\/es\/wp-json\/wp\/v2\/product"}],"about":[{"href":"https:\/\/www.culturaltravelmorocco.com\/es\/wp-json\/wp\/v2\/types\/product"}],"replies":[{"embeddable":true,"href":"https:\/\/www.culturaltravelmorocco.com\/es\/wp-json\/wp\/v2\/comments?post=10954"}],"wp:featuredmedia":[{"embeddable":true,"href":"https:\/\/www.culturaltravelmorocco.com\/es\/wp-json\/wp\/v2\/media\/9544"}],"wp:attachment":[{"href":"https:\/\/www.culturaltravelmorocco.com\/es\/wp-json\/wp\/v2\/media?parent=10954"}],"wp:term":[{"taxonomy":"product_brand","embeddable":true,"href":"https:\/\/www.culturaltravelmorocco.com\/es\/wp-json\/wp\/v2\/product_brand?post=10954"},{"taxonomy":"product_cat","embeddable":true,"href":"https:\/\/www.culturaltravelmorocco.com\/es\/wp-json\/wp\/v2\/product_cat?post=10954"},{"taxonomy":"product_tag","embeddable":true,"href":"https:\/\/www.culturaltravelmorocco.com\/es\/wp-json\/wp\/v2\/product_tag?post=10954"}],"curies":[{"name":"wp","href":"https:\/\/api.w.org\/{rel}","templated":true}]}}