{"id":10961,"date":"2026-01-10T12:20:15","date_gmt":"2026-01-10T12:20:15","guid":{"rendered":"https:\/\/culturaltravelmorocco.com\/product\/12-day-11-night-tour-desert-and-imperial-cities\/"},"modified":"2026-01-12T00:09:53","modified_gmt":"2026-01-12T00:09:53","slug":"tour-de-12-dias-y-11-noches-por-el-desierto-y-las-ciudades-imperiales","status":"publish","type":"product","link":"https:\/\/www.culturaltravelmorocco.com\/es\/producto\/tour-de-12-dias-y-11-noches-por-el-desierto-y-las-ciudades-imperiales\/","title":{"rendered":"Tour de 12 d\u00edas y 11 noches por el desierto y las ciudades imperiales"},"content":{"rendered":"<h2>Descripci\u00f3n general:<\/h2>\n<p><strong>El Desierto y las Ciudades Imperiales<\/strong><\/p>\n<p>\u00bfNecesitas desconectar de tu rutina diaria por un rato?<br \/>\nLas Ciudades Imperiales de Marruecos te invitan a viajar en el tiempo: del pasado al presente y al futuro de este fascinante pa\u00eds. Encrucijada de civilizaciones desde la antig\u00fcedad, Marruecos ha conectado desde hace mucho tiempo Europa con \u00c1frica, cultural e hist\u00f3ricamente.<\/p>\n<p>Sus antiguas ciudades, algunas con m\u00e1s de mil a\u00f1os de antig\u00fcedad, rebosan de vida con sus estrechos callejones y bulliciosos zocos donde podr\u00e1s sentir el vibrante pulso de la vida al norte del Sahara. Se suele decir que \u00c1frica nace, vive y respira en las calles: un lugar de encuentro, intercambio y convivencia. Visitar las ciudades de Marruecos es una experiencia \u00fanica, donde las laber\u00ednticas calles de Marrakech contrastan con los modernos bulevares de Rabat y los rascacielos de Casablanca.<\/p>\n","protected":false},"excerpt":{"rendered":"<p>Descripci\u00f3n general: El Desierto y las Ciudades Imperiales \u00bfNecesitas desconectar de tu rutina diaria por un rato? Las Ciudades Imperiales de Marruecos te invitan a viajar en el tiempo: del pasado al presente y al futuro de este fascinante pa\u00eds. Encrucijada de civilizaciones desde la antig\u00fcedad, Marruecos ha conectado desde hace mucho tiempo Europa con [&hellip;]<\/p>\n","protected":false},"featured_media":10585,"comment_status":"closed","ping_status":"closed","template":"","meta":{"_joinchat":[]},"product_brand":[],"product_cat":[85],"product_tag":[],"class_list":{"0":"post-10961","1":"product","2":"type-product","3":"status-publish","4":"has-post-thumbnail","6":"product_cat-tours-desde-marrakech","8":"first","9":"instock","10":"purchasable","11":"product-type-ovabrw_car_rental"},"yoast_head":"<!-- This site is optimized with the Yoast SEO Premium plugin v25.0 (Yoast SEO v25.0) - https:\/\/yoast.com\/wordpress\/plugins\/seo\/ -->\n<title>Tour de 12 d\u00edas y 11 noches por el desierto y las ciudades imperiales - Cultural Travel Morocco<\/title>\n<meta name=\"robots\" content=\"index, follow, max-snippet:-1, max-image-preview:large, max-video-preview:-1\" \/>\n<link rel=\"canonical\" href=\"https:\/\/www.culturaltravelmorocco.com\/es\/producto\/tour-de-12-dias-y-11-noches-por-el-desierto-y-las-ciudades-imperiales\/\" \/>\n<meta property=\"og:locale\" content=\"es_ES\" \/>\n<meta property=\"og:type\" content=\"article\" \/>\n<meta property=\"og:title\" content=\"Tour de 12 d\u00edas y 11 noches por el desierto y las ciudades imperiales\" \/>\n<meta property=\"og:description\" content=\"Descripci\u00f3n general: El Desierto y las Ciudades Imperiales \u00bfNecesitas desconectar de tu rutina diaria por un rato? Las Ciudades Imperiales de Marruecos te invitan a viajar en el tiempo: del pasado al presente y al futuro de este fascinante pa\u00eds. Encrucijada de civilizaciones desde la antig\u00fcedad, Marruecos ha conectado desde hace mucho tiempo Europa con [&hellip;]\" \/>\n<meta property=\"og:url\" content=\"https:\/\/www.culturaltravelmorocco.com\/es\/producto\/tour-de-12-dias-y-11-noches-por-el-desierto-y-las-ciudades-imperiales\/\" \/>\n<meta property=\"og:site_name\" content=\"Cultural Travel Morocco\" \/>\n<meta property=\"article:modified_time\" content=\"2026-01-12T00:09:53+00:00\" \/>\n<meta property=\"og:image\" content=\"https:\/\/www.culturaltravelmorocco.com\/wp-content\/uploads\/2026\/01\/12-day-11-night-tour-Desert-and-Imperial-Cities-2.jpg\" \/>\n\t<meta property=\"og:image:width\" content=\"1200\" \/>\n\t<meta property=\"og:image:height\" content=\"1000\" \/>\n\t<meta property=\"og:image:type\" content=\"image\/jpeg\" \/>\n<meta name=\"twitter:card\" content=\"summary_large_image\" \/>\n<meta name=\"twitter:label1\" content=\"Tiempo de lectura\" \/>\n\t<meta name=\"twitter:data1\" content=\"1 minuto\" \/>\n<script type=\"application\/ld+json\" class=\"yoast-schema-graph\">{\"@context\":\"https:\/\/schema.org\",\"@graph\":[{\"@type\":\"WebPage\",\"@id\":\"https:\/\/www.culturaltravelmorocco.com\/es\/producto\/tour-de-12-dias-y-11-noches-por-el-desierto-y-las-ciudades-imperiales\/\",\"url\":\"https:\/\/www.culturaltravelmorocco.com\/es\/producto\/tour-de-12-dias-y-11-noches-por-el-desierto-y-las-ciudades-imperiales\/\",\"name\":\"Tour de 12 d\u00edas y 11 noches por el desierto y las ciudades imperiales - Cultural Travel Morocco\",\"isPartOf\":{\"@id\":\"https:\/\/www.culturaltravelmorocco.com\/es\/#website\"},\"primaryImageOfPage\":{\"@id\":\"https:\/\/www.culturaltravelmorocco.com\/es\/producto\/tour-de-12-dias-y-11-noches-por-el-desierto-y-las-ciudades-imperiales\/#primaryimage\"},\"image\":{\"@id\":\"https:\/\/www.culturaltravelmorocco.com\/es\/producto\/tour-de-12-dias-y-11-noches-por-el-desierto-y-las-ciudades-imperiales\/#primaryimage\"},\"thumbnailUrl\":\"https:\/\/www.culturaltravelmorocco.com\/wp-content\/uploads\/2026\/01\/12-day-11-night-tour-Desert-and-Imperial-Cities-2.jpg\",\"datePublished\":\"2026-01-10T12:20:15+00:00\",\"dateModified\":\"2026-01-12T00:09:53+00:00\",\"breadcrumb\":{\"@id\":\"https:\/\/www.culturaltravelmorocco.com\/es\/producto\/tour-de-12-dias-y-11-noches-por-el-desierto-y-las-ciudades-imperiales\/#breadcrumb\"},\"inLanguage\":\"es\",\"potentialAction\":[{\"@type\":\"ReadAction\",\"target\":[\"https:\/\/www.culturaltravelmorocco.com\/es\/producto\/tour-de-12-dias-y-11-noches-por-el-desierto-y-las-ciudades-imperiales\/\"]}]},{\"@type\":\"ImageObject\",\"inLanguage\":\"es\",\"@id\":\"https:\/\/www.culturaltravelmorocco.com\/es\/producto\/tour-de-12-dias-y-11-noches-por-el-desierto-y-las-ciudades-imperiales\/#primaryimage\",\"url\":\"https:\/\/www.culturaltravelmorocco.com\/wp-content\/uploads\/2026\/01\/12-day-11-night-tour-Desert-and-Imperial-Cities-2.jpg\",\"contentUrl\":\"https:\/\/www.culturaltravelmorocco.com\/wp-content\/uploads\/2026\/01\/12-day-11-night-tour-Desert-and-Imperial-Cities-2.jpg\",\"width\":1200,\"height\":1000},{\"@type\":\"BreadcrumbList\",\"@id\":\"https:\/\/www.culturaltravelmorocco.com\/es\/producto\/tour-de-12-dias-y-11-noches-por-el-desierto-y-las-ciudades-imperiales\/#breadcrumb\",\"itemListElement\":[{\"@type\":\"ListItem\",\"position\":1,\"name\":\"Inicio\",\"item\":\"https:\/\/maroon-guanaco-577987.hostingersite.com\/\"},{\"@type\":\"ListItem\",\"position\":2,\"name\":\"Productos\",\"item\":\"https:\/\/www.culturaltravelmorocco.com\/es\/shop\/\"},{\"@type\":\"ListItem\",\"position\":3,\"name\":\"Tour de 12 d\u00edas y 11 noches por el desierto y las ciudades imperiales\"}]},{\"@type\":\"WebSite\",\"@id\":\"https:\/\/www.culturaltravelmorocco.com\/es\/#website\",\"url\":\"https:\/\/www.culturaltravelmorocco.com\/es\/\",\"name\":\"Cultural Travel Morocco\",\"description\":\"\",\"potentialAction\":[{\"@type\":\"SearchAction\",\"target\":{\"@type\":\"EntryPoint\",\"urlTemplate\":\"https:\/\/www.culturaltravelmorocco.com\/es\/?s={search_term_string}\"},\"query-input\":{\"@type\":\"PropertyValueSpecification\",\"valueRequired\":true,\"valueName\":\"search_term_string\"}}],\"inLanguage\":\"es\"}]}<\/script>\n<!-- \/ Yoast SEO Premium plugin. -->","yoast_head_json":{"title":"Tour de 12 d\u00edas y 11 noches por el desierto y las ciudades imperiales - Cultural Travel Morocco","robots":{"index":"index","follow":"follow","max-snippet":"max-snippet:-1","max-image-preview":"max-image-preview:large","max-video-preview":"max-video-preview:-1"},"canonical":"https:\/\/www.culturaltravelmorocco.com\/es\/producto\/tour-de-12-dias-y-11-noches-por-el-desierto-y-las-ciudades-imperiales\/","og_locale":"es_ES","og_type":"article","og_title":"Tour de 12 d\u00edas y 11 noches por el desierto y las ciudades imperiales","og_description":"Descripci\u00f3n general: El Desierto y las Ciudades Imperiales \u00bfNecesitas desconectar de tu rutina diaria por un rato? Las Ciudades Imperiales de Marruecos te invitan a viajar en el tiempo: del pasado al presente y al futuro de este fascinante pa\u00eds. Encrucijada de civilizaciones desde la antig\u00fcedad, Marruecos ha conectado desde hace mucho tiempo Europa con [&hellip;]","og_url":"https:\/\/www.culturaltravelmorocco.com\/es\/producto\/tour-de-12-dias-y-11-noches-por-el-desierto-y-las-ciudades-imperiales\/","og_site_name":"Cultural Travel Morocco","article_modified_time":"2026-01-12T00:09:53+00:00","og_image":[{"width":1200,"height":1000,"url":"https:\/\/www.culturaltravelmorocco.com\/wp-content\/uploads\/2026\/01\/12-day-11-night-tour-Desert-and-Imperial-Cities-2.jpg","type":"image\/jpeg"}],"twitter_card":"summary_large_image","twitter_misc":{"Tiempo de lectura":"1 minuto"},"schema":{"@context":"https:\/\/schema.org","@graph":[{"@type":"WebPage","@id":"https:\/\/www.culturaltravelmorocco.com\/es\/producto\/tour-de-12-dias-y-11-noches-por-el-desierto-y-las-ciudades-imperiales\/","url":"https:\/\/www.culturaltravelmorocco.com\/es\/producto\/tour-de-12-dias-y-11-noches-por-el-desierto-y-las-ciudades-imperiales\/","name":"Tour de 12 d\u00edas y 11 noches por el desierto y las ciudades imperiales - Cultural Travel Morocco","isPartOf":{"@id":"https:\/\/www.culturaltravelmorocco.com\/es\/#website"},"primaryImageOfPage":{"@id":"https:\/\/www.culturaltravelmorocco.com\/es\/producto\/tour-de-12-dias-y-11-noches-por-el-desierto-y-las-ciudades-imperiales\/#primaryimage"},"image":{"@id":"https:\/\/www.culturaltravelmorocco.com\/es\/producto\/tour-de-12-dias-y-11-noches-por-el-desierto-y-las-ciudades-imperiales\/#primaryimage"},"thumbnailUrl":"https:\/\/www.culturaltravelmorocco.com\/wp-content\/uploads\/2026\/01\/12-day-11-night-tour-Desert-and-Imperial-Cities-2.jpg","datePublished":"2026-01-10T12:20:15+00:00","dateModified":"2026-01-12T00:09:53+00:00","breadcrumb":{"@id":"https:\/\/www.culturaltravelmorocco.com\/es\/producto\/tour-de-12-dias-y-11-noches-por-el-desierto-y-las-ciudades-imperiales\/#breadcrumb"},"inLanguage":"es","potentialAction":[{"@type":"ReadAction","target":["https:\/\/www.culturaltravelmorocco.com\/es\/producto\/tour-de-12-dias-y-11-noches-por-el-desierto-y-las-ciudades-imperiales\/"]}]},{"@type":"ImageObject","inLanguage":"es","@id":"https:\/\/www.culturaltravelmorocco.com\/es\/producto\/tour-de-12-dias-y-11-noches-por-el-desierto-y-las-ciudades-imperiales\/#primaryimage","url":"https:\/\/www.culturaltravelmorocco.com\/wp-content\/uploads\/2026\/01\/12-day-11-night-tour-Desert-and-Imperial-Cities-2.jpg","contentUrl":"https:\/\/www.culturaltravelmorocco.com\/wp-content\/uploads\/2026\/01\/12-day-11-night-tour-Desert-and-Imperial-Cities-2.jpg","width":1200,"height":1000},{"@type":"BreadcrumbList","@id":"https:\/\/www.culturaltravelmorocco.com\/es\/producto\/tour-de-12-dias-y-11-noches-por-el-desierto-y-las-ciudades-imperiales\/#breadcrumb","itemListElement":[{"@type":"ListItem","position":1,"name":"Inicio","item":"https:\/\/maroon-guanaco-577987.hostingersite.com\/"},{"@type":"ListItem","position":2,"name":"Productos","item":"https:\/\/www.culturaltravelmorocco.com\/es\/shop\/"},{"@type":"ListItem","position":3,"name":"Tour de 12 d\u00edas y 11 noches por el desierto y las ciudades imperiales"}]},{"@type":"WebSite","@id":"https:\/\/www.culturaltravelmorocco.com\/es\/#website","url":"https:\/\/www.culturaltravelmorocco.com\/es\/","name":"Cultural Travel Morocco","description":"","potentialAction":[{"@type":"SearchAction","target":{"@type":"EntryPoint","urlTemplate":"https:\/\/www.culturaltravelmorocco.com\/es\/?s={search_term_string}"},"query-input":{"@type":"PropertyValueSpecification","valueRequired":true,"valueName":"search_term_string"}}],"inLanguage":"es"}]}},"_links":{"self":[{"href":"https:\/\/www.culturaltravelmorocco.com\/es\/wp-json\/wp\/v2\/product\/10961","targetHints":{"allow":["GET"]}}],"collection":[{"href":"https:\/\/www.culturaltravelmorocco.com\/es\/wp-json\/wp\/v2\/product"}],"about":[{"href":"https:\/\/www.culturaltravelmorocco.com\/es\/wp-json\/wp\/v2\/types\/product"}],"replies":[{"embeddable":true,"href":"https:\/\/www.culturaltravelmorocco.com\/es\/wp-json\/wp\/v2\/comments?post=10961"}],"wp:featuredmedia":[{"embeddable":true,"href":"https:\/\/www.culturaltravelmorocco.com\/es\/wp-json\/wp\/v2\/media\/10585"}],"wp:attachment":[{"href":"https:\/\/www.culturaltravelmorocco.com\/es\/wp-json\/wp\/v2\/media?parent=10961"}],"wp:term":[{"taxonomy":"product_brand","embeddable":true,"href":"https:\/\/www.culturaltravelmorocco.com\/es\/wp-json\/wp\/v2\/product_brand?post=10961"},{"taxonomy":"product_cat","embeddable":true,"href":"https:\/\/www.culturaltravelmorocco.com\/es\/wp-json\/wp\/v2\/product_cat?post=10961"},{"taxonomy":"product_tag","embeddable":true,"href":"https:\/\/www.culturaltravelmorocco.com\/es\/wp-json\/wp\/v2\/product_tag?post=10961"}],"curies":[{"name":"wp","href":"https:\/\/api.w.org\/{rel}","templated":true}]}}