{"id":10977,"date":"2026-01-10T12:20:15","date_gmt":"2026-01-10T12:20:15","guid":{"rendered":"https:\/\/culturaltravelmorocco.com\/product\/marrakech-merzouga-marrakech-tour-8-days-7-nights\/"},"modified":"2026-01-12T00:23:20","modified_gmt":"2026-01-12T00:23:20","slug":"marrakech-merzouga-marrakech-tour-8-dias-7-noches","status":"publish","type":"product","link":"https:\/\/www.culturaltravelmorocco.com\/es\/producto\/marrakech-merzouga-marrakech-tour-8-dias-7-noches\/","title":{"rendered":"Marrakech Merzouga Marrakech Tour 8 d\u00edas 7 noches"},"content":{"rendered":"<h2>Descripci\u00f3n general:<\/h2>\n<p>Ven a vivir un viaje \u00fanico por el coraz\u00f3n de Marruecos, explorando el vasto y encantador desierto del S\u00e1hara. Algunos lo describen como un lugar de paz, otros como una aventura inolvidable, y muchos lo describen como una deslumbrante explosi\u00f3n de colores: desde el amarillo intenso de la arena bajo el sol hasta los c\u00e1lidos tonos naranja y ocre, terminando con el negro de la noche iluminada por innumerables estrellas.<\/p>\n<p>El viaje desde Marrakech hasta el desierto de Erg Chebbi revela un mosaico de paisajes en constante evoluci\u00f3n: desde las majestuosas monta\u00f1as del Alto Atlas hasta exuberantes valles y, finalmente, las doradas dunas de Merzouga. La vista de las dunas te dejar\u00e1 maravillado, y despu\u00e9s de visitar Erg Chebbi, el vibrante verde del valle del Draa te parecer\u00e1 un espejismo imposible.<\/p>\n","protected":false},"excerpt":{"rendered":"<p>Descripci\u00f3n general: Ven a vivir un viaje \u00fanico por el coraz\u00f3n de Marruecos, explorando el vasto y encantador desierto del S\u00e1hara. Algunos lo describen como un lugar de paz, otros como una aventura inolvidable, y muchos lo describen como una deslumbrante explosi\u00f3n de colores: desde el amarillo intenso de la arena bajo el sol hasta [&hellip;]<\/p>\n","protected":false},"featured_media":10801,"comment_status":"closed","ping_status":"closed","template":"","meta":{"_joinchat":[]},"product_brand":[],"product_cat":[85],"product_tag":[],"class_list":{"0":"post-10977","1":"product","2":"type-product","3":"status-publish","4":"has-post-thumbnail","6":"product_cat-tours-desde-marrakech","8":"first","9":"instock","10":"purchasable","11":"product-type-ovabrw_car_rental"},"yoast_head":"<!-- This site is optimized with the Yoast SEO Premium plugin v25.0 (Yoast SEO v25.0) - https:\/\/yoast.com\/wordpress\/plugins\/seo\/ -->\n<title>Marrakech Merzouga Marrakech Tour 8 d\u00edas 7 noches - Cultural Travel Morocco<\/title>\n<meta name=\"robots\" content=\"index, follow, max-snippet:-1, max-image-preview:large, max-video-preview:-1\" \/>\n<link rel=\"canonical\" href=\"https:\/\/www.culturaltravelmorocco.com\/es\/producto\/marrakech-merzouga-marrakech-tour-8-dias-7-noches\/\" \/>\n<meta property=\"og:locale\" content=\"es_ES\" \/>\n<meta property=\"og:type\" content=\"article\" \/>\n<meta property=\"og:title\" content=\"Marrakech Merzouga Marrakech Tour 8 d\u00edas 7 noches\" \/>\n<meta property=\"og:description\" content=\"Descripci\u00f3n general: Ven a vivir un viaje \u00fanico por el coraz\u00f3n de Marruecos, explorando el vasto y encantador desierto del S\u00e1hara. Algunos lo describen como un lugar de paz, otros como una aventura inolvidable, y muchos lo describen como una deslumbrante explosi\u00f3n de colores: desde el amarillo intenso de la arena bajo el sol hasta [&hellip;]\" \/>\n<meta property=\"og:url\" content=\"https:\/\/www.culturaltravelmorocco.com\/es\/producto\/marrakech-merzouga-marrakech-tour-8-dias-7-noches\/\" \/>\n<meta property=\"og:site_name\" content=\"Cultural Travel Morocco\" \/>\n<meta property=\"article:modified_time\" content=\"2026-01-12T00:23:20+00:00\" \/>\n<meta property=\"og:image\" content=\"https:\/\/www.culturaltravelmorocco.com\/wp-content\/uploads\/2026\/01\/Marrakech-Merozuga-Marrakech-Tour-8-days-7-nights-5.jpg\" \/>\n\t<meta property=\"og:image:width\" content=\"1200\" \/>\n\t<meta property=\"og:image:height\" content=\"1000\" \/>\n\t<meta property=\"og:image:type\" content=\"image\/jpeg\" \/>\n<meta name=\"twitter:card\" content=\"summary_large_image\" \/>\n<meta name=\"twitter:label1\" content=\"Tiempo de lectura\" \/>\n\t<meta name=\"twitter:data1\" content=\"1 minuto\" \/>\n<script type=\"application\/ld+json\" class=\"yoast-schema-graph\">{\"@context\":\"https:\/\/schema.org\",\"@graph\":[{\"@type\":\"WebPage\",\"@id\":\"https:\/\/www.culturaltravelmorocco.com\/es\/producto\/marrakech-merzouga-marrakech-tour-8-dias-7-noches\/\",\"url\":\"https:\/\/www.culturaltravelmorocco.com\/es\/producto\/marrakech-merzouga-marrakech-tour-8-dias-7-noches\/\",\"name\":\"Marrakech Merzouga Marrakech Tour 8 d\u00edas 7 noches - Cultural Travel Morocco\",\"isPartOf\":{\"@id\":\"https:\/\/www.culturaltravelmorocco.com\/es\/#website\"},\"primaryImageOfPage\":{\"@id\":\"https:\/\/www.culturaltravelmorocco.com\/es\/producto\/marrakech-merzouga-marrakech-tour-8-dias-7-noches\/#primaryimage\"},\"image\":{\"@id\":\"https:\/\/www.culturaltravelmorocco.com\/es\/producto\/marrakech-merzouga-marrakech-tour-8-dias-7-noches\/#primaryimage\"},\"thumbnailUrl\":\"https:\/\/www.culturaltravelmorocco.com\/wp-content\/uploads\/2026\/01\/Marrakech-Merozuga-Marrakech-Tour-8-days-7-nights-5.jpg\",\"datePublished\":\"2026-01-10T12:20:15+00:00\",\"dateModified\":\"2026-01-12T00:23:20+00:00\",\"breadcrumb\":{\"@id\":\"https:\/\/www.culturaltravelmorocco.com\/es\/producto\/marrakech-merzouga-marrakech-tour-8-dias-7-noches\/#breadcrumb\"},\"inLanguage\":\"es\",\"potentialAction\":[{\"@type\":\"ReadAction\",\"target\":[\"https:\/\/www.culturaltravelmorocco.com\/es\/producto\/marrakech-merzouga-marrakech-tour-8-dias-7-noches\/\"]}]},{\"@type\":\"ImageObject\",\"inLanguage\":\"es\",\"@id\":\"https:\/\/www.culturaltravelmorocco.com\/es\/producto\/marrakech-merzouga-marrakech-tour-8-dias-7-noches\/#primaryimage\",\"url\":\"https:\/\/www.culturaltravelmorocco.com\/wp-content\/uploads\/2026\/01\/Marrakech-Merozuga-Marrakech-Tour-8-days-7-nights-5.jpg\",\"contentUrl\":\"https:\/\/www.culturaltravelmorocco.com\/wp-content\/uploads\/2026\/01\/Marrakech-Merozuga-Marrakech-Tour-8-days-7-nights-5.jpg\",\"width\":1200,\"height\":1000},{\"@type\":\"BreadcrumbList\",\"@id\":\"https:\/\/www.culturaltravelmorocco.com\/es\/producto\/marrakech-merzouga-marrakech-tour-8-dias-7-noches\/#breadcrumb\",\"itemListElement\":[{\"@type\":\"ListItem\",\"position\":1,\"name\":\"Inicio\",\"item\":\"https:\/\/maroon-guanaco-577987.hostingersite.com\/\"},{\"@type\":\"ListItem\",\"position\":2,\"name\":\"Productos\",\"item\":\"https:\/\/www.culturaltravelmorocco.com\/es\/shop\/\"},{\"@type\":\"ListItem\",\"position\":3,\"name\":\"Marrakech Merzouga Marrakech Tour 8 d\u00edas 7 noches\"}]},{\"@type\":\"WebSite\",\"@id\":\"https:\/\/www.culturaltravelmorocco.com\/es\/#website\",\"url\":\"https:\/\/www.culturaltravelmorocco.com\/es\/\",\"name\":\"Cultural Travel Morocco\",\"description\":\"\",\"potentialAction\":[{\"@type\":\"SearchAction\",\"target\":{\"@type\":\"EntryPoint\",\"urlTemplate\":\"https:\/\/www.culturaltravelmorocco.com\/es\/?s={search_term_string}\"},\"query-input\":{\"@type\":\"PropertyValueSpecification\",\"valueRequired\":true,\"valueName\":\"search_term_string\"}}],\"inLanguage\":\"es\"}]}<\/script>\n<!-- \/ Yoast SEO Premium plugin. -->","yoast_head_json":{"title":"Marrakech Merzouga Marrakech Tour 8 d\u00edas 7 noches - Cultural Travel Morocco","robots":{"index":"index","follow":"follow","max-snippet":"max-snippet:-1","max-image-preview":"max-image-preview:large","max-video-preview":"max-video-preview:-1"},"canonical":"https:\/\/www.culturaltravelmorocco.com\/es\/producto\/marrakech-merzouga-marrakech-tour-8-dias-7-noches\/","og_locale":"es_ES","og_type":"article","og_title":"Marrakech Merzouga Marrakech Tour 8 d\u00edas 7 noches","og_description":"Descripci\u00f3n general: Ven a vivir un viaje \u00fanico por el coraz\u00f3n de Marruecos, explorando el vasto y encantador desierto del S\u00e1hara. Algunos lo describen como un lugar de paz, otros como una aventura inolvidable, y muchos lo describen como una deslumbrante explosi\u00f3n de colores: desde el amarillo intenso de la arena bajo el sol hasta [&hellip;]","og_url":"https:\/\/www.culturaltravelmorocco.com\/es\/producto\/marrakech-merzouga-marrakech-tour-8-dias-7-noches\/","og_site_name":"Cultural Travel Morocco","article_modified_time":"2026-01-12T00:23:20+00:00","og_image":[{"width":1200,"height":1000,"url":"https:\/\/www.culturaltravelmorocco.com\/wp-content\/uploads\/2026\/01\/Marrakech-Merozuga-Marrakech-Tour-8-days-7-nights-5.jpg","type":"image\/jpeg"}],"twitter_card":"summary_large_image","twitter_misc":{"Tiempo de lectura":"1 minuto"},"schema":{"@context":"https:\/\/schema.org","@graph":[{"@type":"WebPage","@id":"https:\/\/www.culturaltravelmorocco.com\/es\/producto\/marrakech-merzouga-marrakech-tour-8-dias-7-noches\/","url":"https:\/\/www.culturaltravelmorocco.com\/es\/producto\/marrakech-merzouga-marrakech-tour-8-dias-7-noches\/","name":"Marrakech Merzouga Marrakech Tour 8 d\u00edas 7 noches - Cultural Travel Morocco","isPartOf":{"@id":"https:\/\/www.culturaltravelmorocco.com\/es\/#website"},"primaryImageOfPage":{"@id":"https:\/\/www.culturaltravelmorocco.com\/es\/producto\/marrakech-merzouga-marrakech-tour-8-dias-7-noches\/#primaryimage"},"image":{"@id":"https:\/\/www.culturaltravelmorocco.com\/es\/producto\/marrakech-merzouga-marrakech-tour-8-dias-7-noches\/#primaryimage"},"thumbnailUrl":"https:\/\/www.culturaltravelmorocco.com\/wp-content\/uploads\/2026\/01\/Marrakech-Merozuga-Marrakech-Tour-8-days-7-nights-5.jpg","datePublished":"2026-01-10T12:20:15+00:00","dateModified":"2026-01-12T00:23:20+00:00","breadcrumb":{"@id":"https:\/\/www.culturaltravelmorocco.com\/es\/producto\/marrakech-merzouga-marrakech-tour-8-dias-7-noches\/#breadcrumb"},"inLanguage":"es","potentialAction":[{"@type":"ReadAction","target":["https:\/\/www.culturaltravelmorocco.com\/es\/producto\/marrakech-merzouga-marrakech-tour-8-dias-7-noches\/"]}]},{"@type":"ImageObject","inLanguage":"es","@id":"https:\/\/www.culturaltravelmorocco.com\/es\/producto\/marrakech-merzouga-marrakech-tour-8-dias-7-noches\/#primaryimage","url":"https:\/\/www.culturaltravelmorocco.com\/wp-content\/uploads\/2026\/01\/Marrakech-Merozuga-Marrakech-Tour-8-days-7-nights-5.jpg","contentUrl":"https:\/\/www.culturaltravelmorocco.com\/wp-content\/uploads\/2026\/01\/Marrakech-Merozuga-Marrakech-Tour-8-days-7-nights-5.jpg","width":1200,"height":1000},{"@type":"BreadcrumbList","@id":"https:\/\/www.culturaltravelmorocco.com\/es\/producto\/marrakech-merzouga-marrakech-tour-8-dias-7-noches\/#breadcrumb","itemListElement":[{"@type":"ListItem","position":1,"name":"Inicio","item":"https:\/\/maroon-guanaco-577987.hostingersite.com\/"},{"@type":"ListItem","position":2,"name":"Productos","item":"https:\/\/www.culturaltravelmorocco.com\/es\/shop\/"},{"@type":"ListItem","position":3,"name":"Marrakech Merzouga Marrakech Tour 8 d\u00edas 7 noches"}]},{"@type":"WebSite","@id":"https:\/\/www.culturaltravelmorocco.com\/es\/#website","url":"https:\/\/www.culturaltravelmorocco.com\/es\/","name":"Cultural Travel Morocco","description":"","potentialAction":[{"@type":"SearchAction","target":{"@type":"EntryPoint","urlTemplate":"https:\/\/www.culturaltravelmorocco.com\/es\/?s={search_term_string}"},"query-input":{"@type":"PropertyValueSpecification","valueRequired":true,"valueName":"search_term_string"}}],"inLanguage":"es"}]}},"_links":{"self":[{"href":"https:\/\/www.culturaltravelmorocco.com\/es\/wp-json\/wp\/v2\/product\/10977","targetHints":{"allow":["GET"]}}],"collection":[{"href":"https:\/\/www.culturaltravelmorocco.com\/es\/wp-json\/wp\/v2\/product"}],"about":[{"href":"https:\/\/www.culturaltravelmorocco.com\/es\/wp-json\/wp\/v2\/types\/product"}],"replies":[{"embeddable":true,"href":"https:\/\/www.culturaltravelmorocco.com\/es\/wp-json\/wp\/v2\/comments?post=10977"}],"wp:featuredmedia":[{"embeddable":true,"href":"https:\/\/www.culturaltravelmorocco.com\/es\/wp-json\/wp\/v2\/media\/10801"}],"wp:attachment":[{"href":"https:\/\/www.culturaltravelmorocco.com\/es\/wp-json\/wp\/v2\/media?parent=10977"}],"wp:term":[{"taxonomy":"product_brand","embeddable":true,"href":"https:\/\/www.culturaltravelmorocco.com\/es\/wp-json\/wp\/v2\/product_brand?post=10977"},{"taxonomy":"product_cat","embeddable":true,"href":"https:\/\/www.culturaltravelmorocco.com\/es\/wp-json\/wp\/v2\/product_cat?post=10977"},{"taxonomy":"product_tag","embeddable":true,"href":"https:\/\/www.culturaltravelmorocco.com\/es\/wp-json\/wp\/v2\/product_tag?post=10977"}],"curies":[{"name":"wp","href":"https:\/\/api.w.org\/{rel}","templated":true}]}}