{"id":11069,"date":"2026-01-10T12:20:15","date_gmt":"2026-01-10T12:20:15","guid":{"rendered":"https:\/\/culturaltravelmorocco.com\/product\/8-day-morocco-itinerary-from-casablanca-to-marrakech\/"},"modified":"2026-01-12T13:40:30","modified_gmt":"2026-01-12T13:40:30","slug":"itinerario-de-8-dias-por-marruecos-desde-casablanca-a-marrakech","status":"publish","type":"product","link":"https:\/\/www.culturaltravelmorocco.com\/es\/producto\/itinerario-de-8-dias-por-marruecos-desde-casablanca-a-marrakech\/","title":{"rendered":"Itinerario de 8 d\u00edas por Marruecos desde Casablanca a Marrakech"},"content":{"rendered":"<h2>Descripci\u00f3n general:<\/h2>\n<p>En este tour de 8 d\u00edas por Marruecos, el pa\u00eds revela todo su encanto a trav\u00e9s de una rica combinaci\u00f3n de historia, cultura y sitios inolvidables. Explorar\u00e1 las grandes ciudades imperiales de Rabat, Meknes, Fez y Marrakech, donde palacios emblem\u00e1ticos, mezquitas antiguas y medinas vibrantes cuentan la historia de siglos de civilizaci\u00f3n. A lo largo de la ruta, tambi\u00e9n visitar\u00e1 sitios emblem\u00e1ticos declarados Patrimonio de la Humanidad por la UNESCO, como el ksar de Ait Ben Haddou y el sitio arqueol\u00f3gico romano de Volubilis, ambos considerados obras maestras por su belleza arquitect\u00f3nica e importancia hist\u00f3rica. Estos destinos resaltan la diversidad cultural que hace de Marruecos uno de los pa\u00edses m\u00e1s fascinantes del mundo.<\/p>\n<p>La naturaleza tambi\u00e9n juega un papel clave en este viaje, ofreciendo dram\u00e1ticos contrastes entre frondosos bosques, ca\u00f1ones rocosos y paisajes des\u00e9rticos. Los verdes bosques de cedros del Parque Nacional de Ifrane, las espectaculares gargantas del Todra y el impresionante valle del Dades muestran la diversidad natural del pa\u00eds, mientras que las dunas doradas de Merzouga representan el lado m\u00e1s emblem\u00e1tico del desierto del Sahara. Este recorrido por Marruecos de 8 d\u00edas y 7 noches comienza en el aeropuerto de Casablanca y termina en el aeropuerto de Marrakech Menara, y todos los traslados se realizan en un veh\u00edculo privado de alta gama conducido por un chofer profesional, lo que garantiza el m\u00e1ximo confort durante todo el viaje.<\/p>\n","protected":false},"excerpt":{"rendered":"<p>Descripci\u00f3n general: En este tour de 8 d\u00edas por Marruecos, el pa\u00eds revela todo su encanto a trav\u00e9s de una rica combinaci\u00f3n de historia, cultura y sitios inolvidables. Explorar\u00e1 las grandes ciudades imperiales de Rabat, Meknes, Fez y Marrakech, donde palacios emblem\u00e1ticos, mezquitas antiguas y medinas vibrantes cuentan la historia de siglos de civilizaci\u00f3n. A [&hellip;]<\/p>\n","protected":false},"featured_media":10521,"comment_status":"closed","ping_status":"closed","template":"","meta":{"_joinchat":[]},"product_brand":[],"product_cat":[83],"product_tag":[],"class_list":{"0":"post-11069","1":"product","2":"type-product","3":"status-publish","4":"has-post-thumbnail","6":"product_cat-tours-desde-casablanca","8":"first","9":"instock","10":"purchasable","11":"product-type-ovabrw_car_rental"},"yoast_head":"<!-- This site is optimized with the Yoast SEO Premium plugin v25.0 (Yoast SEO v25.0) - https:\/\/yoast.com\/wordpress\/plugins\/seo\/ -->\n<title>Itinerario de 8 d\u00edas por Marruecos desde Casablanca a Marrakech - Cultural Travel Morocco<\/title>\n<meta name=\"robots\" content=\"index, follow, max-snippet:-1, max-image-preview:large, max-video-preview:-1\" \/>\n<link rel=\"canonical\" href=\"https:\/\/www.culturaltravelmorocco.com\/es\/producto\/itinerario-de-8-dias-por-marruecos-desde-casablanca-a-marrakech\/\" \/>\n<meta property=\"og:locale\" content=\"es_ES\" \/>\n<meta property=\"og:type\" content=\"article\" \/>\n<meta property=\"og:title\" content=\"Itinerario de 8 d\u00edas por Marruecos desde Casablanca a Marrakech\" \/>\n<meta property=\"og:description\" content=\"Descripci\u00f3n general: En este tour de 8 d\u00edas por Marruecos, el pa\u00eds revela todo su encanto a trav\u00e9s de una rica combinaci\u00f3n de historia, cultura y sitios inolvidables. Explorar\u00e1 las grandes ciudades imperiales de Rabat, Meknes, Fez y Marrakech, donde palacios emblem\u00e1ticos, mezquitas antiguas y medinas vibrantes cuentan la historia de siglos de civilizaci\u00f3n. A [&hellip;]\" \/>\n<meta property=\"og:url\" content=\"https:\/\/www.culturaltravelmorocco.com\/es\/producto\/itinerario-de-8-dias-por-marruecos-desde-casablanca-a-marrakech\/\" \/>\n<meta property=\"og:site_name\" content=\"Cultural Travel Morocco\" \/>\n<meta property=\"article:modified_time\" content=\"2026-01-12T13:40:30+00:00\" \/>\n<meta property=\"og:image\" content=\"https:\/\/www.culturaltravelmorocco.com\/wp-content\/uploads\/2026\/01\/1-9.webp\" \/>\n\t<meta property=\"og:image:width\" content=\"1200\" \/>\n\t<meta property=\"og:image:height\" content=\"1000\" \/>\n\t<meta property=\"og:image:type\" content=\"image\/webp\" \/>\n<meta name=\"twitter:card\" content=\"summary_large_image\" \/>\n<meta name=\"twitter:label1\" content=\"Tiempo de lectura\" \/>\n\t<meta name=\"twitter:data1\" content=\"2 minutos\" \/>\n<script type=\"application\/ld+json\" class=\"yoast-schema-graph\">{\"@context\":\"https:\/\/schema.org\",\"@graph\":[{\"@type\":\"WebPage\",\"@id\":\"https:\/\/www.culturaltravelmorocco.com\/es\/producto\/itinerario-de-8-dias-por-marruecos-desde-casablanca-a-marrakech\/\",\"url\":\"https:\/\/www.culturaltravelmorocco.com\/es\/producto\/itinerario-de-8-dias-por-marruecos-desde-casablanca-a-marrakech\/\",\"name\":\"Itinerario de 8 d\u00edas por Marruecos desde Casablanca a Marrakech - Cultural Travel Morocco\",\"isPartOf\":{\"@id\":\"https:\/\/www.culturaltravelmorocco.com\/es\/#website\"},\"primaryImageOfPage\":{\"@id\":\"https:\/\/www.culturaltravelmorocco.com\/es\/producto\/itinerario-de-8-dias-por-marruecos-desde-casablanca-a-marrakech\/#primaryimage\"},\"image\":{\"@id\":\"https:\/\/www.culturaltravelmorocco.com\/es\/producto\/itinerario-de-8-dias-por-marruecos-desde-casablanca-a-marrakech\/#primaryimage\"},\"thumbnailUrl\":\"https:\/\/www.culturaltravelmorocco.com\/wp-content\/uploads\/2026\/01\/1-9.webp\",\"datePublished\":\"2026-01-10T12:20:15+00:00\",\"dateModified\":\"2026-01-12T13:40:30+00:00\",\"breadcrumb\":{\"@id\":\"https:\/\/www.culturaltravelmorocco.com\/es\/producto\/itinerario-de-8-dias-por-marruecos-desde-casablanca-a-marrakech\/#breadcrumb\"},\"inLanguage\":\"es\",\"potentialAction\":[{\"@type\":\"ReadAction\",\"target\":[\"https:\/\/www.culturaltravelmorocco.com\/es\/producto\/itinerario-de-8-dias-por-marruecos-desde-casablanca-a-marrakech\/\"]}]},{\"@type\":\"ImageObject\",\"inLanguage\":\"es\",\"@id\":\"https:\/\/www.culturaltravelmorocco.com\/es\/producto\/itinerario-de-8-dias-por-marruecos-desde-casablanca-a-marrakech\/#primaryimage\",\"url\":\"https:\/\/www.culturaltravelmorocco.com\/wp-content\/uploads\/2026\/01\/1-9.webp\",\"contentUrl\":\"https:\/\/www.culturaltravelmorocco.com\/wp-content\/uploads\/2026\/01\/1-9.webp\",\"width\":1200,\"height\":1000},{\"@type\":\"BreadcrumbList\",\"@id\":\"https:\/\/www.culturaltravelmorocco.com\/es\/producto\/itinerario-de-8-dias-por-marruecos-desde-casablanca-a-marrakech\/#breadcrumb\",\"itemListElement\":[{\"@type\":\"ListItem\",\"position\":1,\"name\":\"Inicio\",\"item\":\"https:\/\/maroon-guanaco-577987.hostingersite.com\/\"},{\"@type\":\"ListItem\",\"position\":2,\"name\":\"Productos\",\"item\":\"https:\/\/www.culturaltravelmorocco.com\/es\/shop\/\"},{\"@type\":\"ListItem\",\"position\":3,\"name\":\"Itinerario de 8 d\u00edas por Marruecos desde Casablanca a Marrakech\"}]},{\"@type\":\"WebSite\",\"@id\":\"https:\/\/www.culturaltravelmorocco.com\/es\/#website\",\"url\":\"https:\/\/www.culturaltravelmorocco.com\/es\/\",\"name\":\"Cultural Travel Morocco\",\"description\":\"\",\"potentialAction\":[{\"@type\":\"SearchAction\",\"target\":{\"@type\":\"EntryPoint\",\"urlTemplate\":\"https:\/\/www.culturaltravelmorocco.com\/es\/?s={search_term_string}\"},\"query-input\":{\"@type\":\"PropertyValueSpecification\",\"valueRequired\":true,\"valueName\":\"search_term_string\"}}],\"inLanguage\":\"es\"}]}<\/script>\n<!-- \/ Yoast SEO Premium plugin. -->","yoast_head_json":{"title":"Itinerario de 8 d\u00edas por Marruecos desde Casablanca a Marrakech - Cultural Travel Morocco","robots":{"index":"index","follow":"follow","max-snippet":"max-snippet:-1","max-image-preview":"max-image-preview:large","max-video-preview":"max-video-preview:-1"},"canonical":"https:\/\/www.culturaltravelmorocco.com\/es\/producto\/itinerario-de-8-dias-por-marruecos-desde-casablanca-a-marrakech\/","og_locale":"es_ES","og_type":"article","og_title":"Itinerario de 8 d\u00edas por Marruecos desde Casablanca a Marrakech","og_description":"Descripci\u00f3n general: En este tour de 8 d\u00edas por Marruecos, el pa\u00eds revela todo su encanto a trav\u00e9s de una rica combinaci\u00f3n de historia, cultura y sitios inolvidables. Explorar\u00e1 las grandes ciudades imperiales de Rabat, Meknes, Fez y Marrakech, donde palacios emblem\u00e1ticos, mezquitas antiguas y medinas vibrantes cuentan la historia de siglos de civilizaci\u00f3n. A [&hellip;]","og_url":"https:\/\/www.culturaltravelmorocco.com\/es\/producto\/itinerario-de-8-dias-por-marruecos-desde-casablanca-a-marrakech\/","og_site_name":"Cultural Travel Morocco","article_modified_time":"2026-01-12T13:40:30+00:00","og_image":[{"width":1200,"height":1000,"url":"https:\/\/www.culturaltravelmorocco.com\/wp-content\/uploads\/2026\/01\/1-9.webp","type":"image\/webp"}],"twitter_card":"summary_large_image","twitter_misc":{"Tiempo de lectura":"2 minutos"},"schema":{"@context":"https:\/\/schema.org","@graph":[{"@type":"WebPage","@id":"https:\/\/www.culturaltravelmorocco.com\/es\/producto\/itinerario-de-8-dias-por-marruecos-desde-casablanca-a-marrakech\/","url":"https:\/\/www.culturaltravelmorocco.com\/es\/producto\/itinerario-de-8-dias-por-marruecos-desde-casablanca-a-marrakech\/","name":"Itinerario de 8 d\u00edas por Marruecos desde Casablanca a Marrakech - Cultural Travel Morocco","isPartOf":{"@id":"https:\/\/www.culturaltravelmorocco.com\/es\/#website"},"primaryImageOfPage":{"@id":"https:\/\/www.culturaltravelmorocco.com\/es\/producto\/itinerario-de-8-dias-por-marruecos-desde-casablanca-a-marrakech\/#primaryimage"},"image":{"@id":"https:\/\/www.culturaltravelmorocco.com\/es\/producto\/itinerario-de-8-dias-por-marruecos-desde-casablanca-a-marrakech\/#primaryimage"},"thumbnailUrl":"https:\/\/www.culturaltravelmorocco.com\/wp-content\/uploads\/2026\/01\/1-9.webp","datePublished":"2026-01-10T12:20:15+00:00","dateModified":"2026-01-12T13:40:30+00:00","breadcrumb":{"@id":"https:\/\/www.culturaltravelmorocco.com\/es\/producto\/itinerario-de-8-dias-por-marruecos-desde-casablanca-a-marrakech\/#breadcrumb"},"inLanguage":"es","potentialAction":[{"@type":"ReadAction","target":["https:\/\/www.culturaltravelmorocco.com\/es\/producto\/itinerario-de-8-dias-por-marruecos-desde-casablanca-a-marrakech\/"]}]},{"@type":"ImageObject","inLanguage":"es","@id":"https:\/\/www.culturaltravelmorocco.com\/es\/producto\/itinerario-de-8-dias-por-marruecos-desde-casablanca-a-marrakech\/#primaryimage","url":"https:\/\/www.culturaltravelmorocco.com\/wp-content\/uploads\/2026\/01\/1-9.webp","contentUrl":"https:\/\/www.culturaltravelmorocco.com\/wp-content\/uploads\/2026\/01\/1-9.webp","width":1200,"height":1000},{"@type":"BreadcrumbList","@id":"https:\/\/www.culturaltravelmorocco.com\/es\/producto\/itinerario-de-8-dias-por-marruecos-desde-casablanca-a-marrakech\/#breadcrumb","itemListElement":[{"@type":"ListItem","position":1,"name":"Inicio","item":"https:\/\/maroon-guanaco-577987.hostingersite.com\/"},{"@type":"ListItem","position":2,"name":"Productos","item":"https:\/\/www.culturaltravelmorocco.com\/es\/shop\/"},{"@type":"ListItem","position":3,"name":"Itinerario de 8 d\u00edas por Marruecos desde Casablanca a Marrakech"}]},{"@type":"WebSite","@id":"https:\/\/www.culturaltravelmorocco.com\/es\/#website","url":"https:\/\/www.culturaltravelmorocco.com\/es\/","name":"Cultural Travel Morocco","description":"","potentialAction":[{"@type":"SearchAction","target":{"@type":"EntryPoint","urlTemplate":"https:\/\/www.culturaltravelmorocco.com\/es\/?s={search_term_string}"},"query-input":{"@type":"PropertyValueSpecification","valueRequired":true,"valueName":"search_term_string"}}],"inLanguage":"es"}]}},"_links":{"self":[{"href":"https:\/\/www.culturaltravelmorocco.com\/es\/wp-json\/wp\/v2\/product\/11069","targetHints":{"allow":["GET"]}}],"collection":[{"href":"https:\/\/www.culturaltravelmorocco.com\/es\/wp-json\/wp\/v2\/product"}],"about":[{"href":"https:\/\/www.culturaltravelmorocco.com\/es\/wp-json\/wp\/v2\/types\/product"}],"replies":[{"embeddable":true,"href":"https:\/\/www.culturaltravelmorocco.com\/es\/wp-json\/wp\/v2\/comments?post=11069"}],"wp:featuredmedia":[{"embeddable":true,"href":"https:\/\/www.culturaltravelmorocco.com\/es\/wp-json\/wp\/v2\/media\/10521"}],"wp:attachment":[{"href":"https:\/\/www.culturaltravelmorocco.com\/es\/wp-json\/wp\/v2\/media?parent=11069"}],"wp:term":[{"taxonomy":"product_brand","embeddable":true,"href":"https:\/\/www.culturaltravelmorocco.com\/es\/wp-json\/wp\/v2\/product_brand?post=11069"},{"taxonomy":"product_cat","embeddable":true,"href":"https:\/\/www.culturaltravelmorocco.com\/es\/wp-json\/wp\/v2\/product_cat?post=11069"},{"taxonomy":"product_tag","embeddable":true,"href":"https:\/\/www.culturaltravelmorocco.com\/es\/wp-json\/wp\/v2\/product_tag?post=11069"}],"curies":[{"name":"wp","href":"https:\/\/api.w.org\/{rel}","templated":true}]}}