{"id":11086,"date":"2026-01-10T12:20:15","date_gmt":"2026-01-10T12:20:15","guid":{"rendered":"https:\/\/culturaltravelmorocco.com\/product\/10-day-morocco-tour-from-casablanca-to-marrakech\/"},"modified":"2026-01-12T15:03:52","modified_gmt":"2026-01-12T15:03:52","slug":"tour-de-10-dias-por-marruecos-desde-casablanca-a-marrakech","status":"publish","type":"product","link":"https:\/\/www.culturaltravelmorocco.com\/es\/producto\/tour-de-10-dias-por-marruecos-desde-casablanca-a-marrakech\/","title":{"rendered":"Tour de 10 d\u00edas por Marruecos desde Casablanca a Marrakech"},"content":{"rendered":"<h2>Descripci\u00f3n general:<\/h2>\n<p>Cada viaje es una b\u00fasqueda de la belleza, y este tour de 10 d\u00edas por Marruecos ofrece maravillas tanto monumentales como naturales en abundancia. Visitar\u00e1 los sitios m\u00e1s emblem\u00e1ticos del pa\u00eds declarados Patrimonio de la Humanidad por la UNESCO, incluidos Ait Ben Haddou, Meknes, Rabat, Fez, Marrakech y las antiguas ruinas romanas de Volubilis. Adem\u00e1s de estos famosos destinos, el recorrido tambi\u00e9n explora pueblos y ciudades encantadores como Chefchaouen y Rissani, que, aunque no figuran en la lista de la UNESCO, son igualmente fascinantes y est\u00e1n llenos de cultura e historia locales.<\/p>\n<p>La naturaleza ocupa un lugar central a lo largo de este itinerario, desde las dunas doradas del desierto de Merzouga (Erg Chebbi) y sus fascinantes cielos estrellados, hasta los espectaculares paisajes de las gargantas del Todra y los exuberantes palmerales del valle del Dades, proporcionando un sorprendente contraste con las regiones \u00e1ridas del sur de Marruecos. El Medio Atlas revela su propia belleza con los majestuosos bosques de cedros del Parque Nacional de Ifrane, que ofrecen una escapada tranquila y pintoresca. Este recorrido de 10 d\u00edas y 9 noches comienza en el Aeropuerto Internacional Mohammed V en Casablanca y concluye en el Aeropuerto Internacional Menara-Marrakech, con traslados cuidadosamente planificados para mayor comodidad y facilidad durante todo el viaje.<\/p>\n","protected":false},"excerpt":{"rendered":"<p>Descripci\u00f3n general: Cada viaje es una b\u00fasqueda de la belleza, y este tour de 10 d\u00edas por Marruecos ofrece maravillas tanto monumentales como naturales en abundancia. Visitar\u00e1 los sitios m\u00e1s emblem\u00e1ticos del pa\u00eds declarados Patrimonio de la Humanidad por la UNESCO, incluidos Ait Ben Haddou, Meknes, Rabat, Fez, Marrakech y las antiguas ruinas romanas de [&hellip;]<\/p>\n","protected":false},"featured_media":11073,"comment_status":"closed","ping_status":"closed","template":"","meta":{"_joinchat":[]},"product_brand":[],"product_cat":[83],"product_tag":[],"class_list":{"0":"post-11086","1":"product","2":"type-product","3":"status-publish","4":"has-post-thumbnail","6":"product_cat-tours-desde-casablanca","8":"first","9":"instock","10":"purchasable","11":"product-type-ovabrw_car_rental"},"yoast_head":"<!-- This site is optimized with the Yoast SEO Premium plugin v25.0 (Yoast SEO v25.0) - https:\/\/yoast.com\/wordpress\/plugins\/seo\/ -->\n<title>Tour de 10 d\u00edas por Marruecos desde Casablanca a Marrakech - Cultural Travel Morocco<\/title>\n<meta name=\"robots\" content=\"index, follow, max-snippet:-1, max-image-preview:large, max-video-preview:-1\" \/>\n<link rel=\"canonical\" href=\"https:\/\/www.culturaltravelmorocco.com\/es\/producto\/tour-de-10-dias-por-marruecos-desde-casablanca-a-marrakech\/\" \/>\n<meta property=\"og:locale\" content=\"es_ES\" \/>\n<meta property=\"og:type\" content=\"article\" \/>\n<meta property=\"og:title\" content=\"Tour de 10 d\u00edas por Marruecos desde Casablanca a Marrakech\" \/>\n<meta property=\"og:description\" content=\"Descripci\u00f3n general: Cada viaje es una b\u00fasqueda de la belleza, y este tour de 10 d\u00edas por Marruecos ofrece maravillas tanto monumentales como naturales en abundancia. Visitar\u00e1 los sitios m\u00e1s emblem\u00e1ticos del pa\u00eds declarados Patrimonio de la Humanidad por la UNESCO, incluidos Ait Ben Haddou, Meknes, Rabat, Fez, Marrakech y las antiguas ruinas romanas de [&hellip;]\" \/>\n<meta property=\"og:url\" content=\"https:\/\/www.culturaltravelmorocco.com\/es\/producto\/tour-de-10-dias-por-marruecos-desde-casablanca-a-marrakech\/\" \/>\n<meta property=\"og:site_name\" content=\"Cultural Travel Morocco\" \/>\n<meta property=\"article:modified_time\" content=\"2026-01-12T15:03:52+00:00\" \/>\n<meta property=\"og:image\" content=\"https:\/\/www.culturaltravelmorocco.com\/wp-content\/uploads\/2026\/01\/6-8.webp\" \/>\n\t<meta property=\"og:image:width\" content=\"1200\" \/>\n\t<meta property=\"og:image:height\" content=\"1000\" \/>\n\t<meta property=\"og:image:type\" content=\"image\/webp\" \/>\n<meta name=\"twitter:card\" content=\"summary_large_image\" \/>\n<meta name=\"twitter:label1\" content=\"Tiempo de lectura\" \/>\n\t<meta name=\"twitter:data1\" content=\"2 minutos\" \/>\n<script type=\"application\/ld+json\" class=\"yoast-schema-graph\">{\"@context\":\"https:\/\/schema.org\",\"@graph\":[{\"@type\":\"WebPage\",\"@id\":\"https:\/\/www.culturaltravelmorocco.com\/es\/producto\/tour-de-10-dias-por-marruecos-desde-casablanca-a-marrakech\/\",\"url\":\"https:\/\/www.culturaltravelmorocco.com\/es\/producto\/tour-de-10-dias-por-marruecos-desde-casablanca-a-marrakech\/\",\"name\":\"Tour de 10 d\u00edas por Marruecos desde Casablanca a Marrakech - Cultural Travel Morocco\",\"isPartOf\":{\"@id\":\"https:\/\/www.culturaltravelmorocco.com\/es\/#website\"},\"primaryImageOfPage\":{\"@id\":\"https:\/\/www.culturaltravelmorocco.com\/es\/producto\/tour-de-10-dias-por-marruecos-desde-casablanca-a-marrakech\/#primaryimage\"},\"image\":{\"@id\":\"https:\/\/www.culturaltravelmorocco.com\/es\/producto\/tour-de-10-dias-por-marruecos-desde-casablanca-a-marrakech\/#primaryimage\"},\"thumbnailUrl\":\"https:\/\/www.culturaltravelmorocco.com\/wp-content\/uploads\/2026\/01\/6-8.webp\",\"datePublished\":\"2026-01-10T12:20:15+00:00\",\"dateModified\":\"2026-01-12T15:03:52+00:00\",\"breadcrumb\":{\"@id\":\"https:\/\/www.culturaltravelmorocco.com\/es\/producto\/tour-de-10-dias-por-marruecos-desde-casablanca-a-marrakech\/#breadcrumb\"},\"inLanguage\":\"es\",\"potentialAction\":[{\"@type\":\"ReadAction\",\"target\":[\"https:\/\/www.culturaltravelmorocco.com\/es\/producto\/tour-de-10-dias-por-marruecos-desde-casablanca-a-marrakech\/\"]}]},{\"@type\":\"ImageObject\",\"inLanguage\":\"es\",\"@id\":\"https:\/\/www.culturaltravelmorocco.com\/es\/producto\/tour-de-10-dias-por-marruecos-desde-casablanca-a-marrakech\/#primaryimage\",\"url\":\"https:\/\/www.culturaltravelmorocco.com\/wp-content\/uploads\/2026\/01\/6-8.webp\",\"contentUrl\":\"https:\/\/www.culturaltravelmorocco.com\/wp-content\/uploads\/2026\/01\/6-8.webp\",\"width\":1200,\"height\":1000},{\"@type\":\"BreadcrumbList\",\"@id\":\"https:\/\/www.culturaltravelmorocco.com\/es\/producto\/tour-de-10-dias-por-marruecos-desde-casablanca-a-marrakech\/#breadcrumb\",\"itemListElement\":[{\"@type\":\"ListItem\",\"position\":1,\"name\":\"Inicio\",\"item\":\"https:\/\/maroon-guanaco-577987.hostingersite.com\/\"},{\"@type\":\"ListItem\",\"position\":2,\"name\":\"Productos\",\"item\":\"https:\/\/www.culturaltravelmorocco.com\/es\/shop\/\"},{\"@type\":\"ListItem\",\"position\":3,\"name\":\"Tour de 10 d\u00edas por Marruecos desde Casablanca a Marrakech\"}]},{\"@type\":\"WebSite\",\"@id\":\"https:\/\/www.culturaltravelmorocco.com\/es\/#website\",\"url\":\"https:\/\/www.culturaltravelmorocco.com\/es\/\",\"name\":\"Cultural Travel Morocco\",\"description\":\"\",\"potentialAction\":[{\"@type\":\"SearchAction\",\"target\":{\"@type\":\"EntryPoint\",\"urlTemplate\":\"https:\/\/www.culturaltravelmorocco.com\/es\/?s={search_term_string}\"},\"query-input\":{\"@type\":\"PropertyValueSpecification\",\"valueRequired\":true,\"valueName\":\"search_term_string\"}}],\"inLanguage\":\"es\"}]}<\/script>\n<!-- \/ Yoast SEO Premium plugin. -->","yoast_head_json":{"title":"Tour de 10 d\u00edas por Marruecos desde Casablanca a Marrakech - Cultural Travel Morocco","robots":{"index":"index","follow":"follow","max-snippet":"max-snippet:-1","max-image-preview":"max-image-preview:large","max-video-preview":"max-video-preview:-1"},"canonical":"https:\/\/www.culturaltravelmorocco.com\/es\/producto\/tour-de-10-dias-por-marruecos-desde-casablanca-a-marrakech\/","og_locale":"es_ES","og_type":"article","og_title":"Tour de 10 d\u00edas por Marruecos desde Casablanca a Marrakech","og_description":"Descripci\u00f3n general: Cada viaje es una b\u00fasqueda de la belleza, y este tour de 10 d\u00edas por Marruecos ofrece maravillas tanto monumentales como naturales en abundancia. Visitar\u00e1 los sitios m\u00e1s emblem\u00e1ticos del pa\u00eds declarados Patrimonio de la Humanidad por la UNESCO, incluidos Ait Ben Haddou, Meknes, Rabat, Fez, Marrakech y las antiguas ruinas romanas de [&hellip;]","og_url":"https:\/\/www.culturaltravelmorocco.com\/es\/producto\/tour-de-10-dias-por-marruecos-desde-casablanca-a-marrakech\/","og_site_name":"Cultural Travel Morocco","article_modified_time":"2026-01-12T15:03:52+00:00","og_image":[{"width":1200,"height":1000,"url":"https:\/\/www.culturaltravelmorocco.com\/wp-content\/uploads\/2026\/01\/6-8.webp","type":"image\/webp"}],"twitter_card":"summary_large_image","twitter_misc":{"Tiempo de lectura":"2 minutos"},"schema":{"@context":"https:\/\/schema.org","@graph":[{"@type":"WebPage","@id":"https:\/\/www.culturaltravelmorocco.com\/es\/producto\/tour-de-10-dias-por-marruecos-desde-casablanca-a-marrakech\/","url":"https:\/\/www.culturaltravelmorocco.com\/es\/producto\/tour-de-10-dias-por-marruecos-desde-casablanca-a-marrakech\/","name":"Tour de 10 d\u00edas por Marruecos desde Casablanca a Marrakech - Cultural Travel Morocco","isPartOf":{"@id":"https:\/\/www.culturaltravelmorocco.com\/es\/#website"},"primaryImageOfPage":{"@id":"https:\/\/www.culturaltravelmorocco.com\/es\/producto\/tour-de-10-dias-por-marruecos-desde-casablanca-a-marrakech\/#primaryimage"},"image":{"@id":"https:\/\/www.culturaltravelmorocco.com\/es\/producto\/tour-de-10-dias-por-marruecos-desde-casablanca-a-marrakech\/#primaryimage"},"thumbnailUrl":"https:\/\/www.culturaltravelmorocco.com\/wp-content\/uploads\/2026\/01\/6-8.webp","datePublished":"2026-01-10T12:20:15+00:00","dateModified":"2026-01-12T15:03:52+00:00","breadcrumb":{"@id":"https:\/\/www.culturaltravelmorocco.com\/es\/producto\/tour-de-10-dias-por-marruecos-desde-casablanca-a-marrakech\/#breadcrumb"},"inLanguage":"es","potentialAction":[{"@type":"ReadAction","target":["https:\/\/www.culturaltravelmorocco.com\/es\/producto\/tour-de-10-dias-por-marruecos-desde-casablanca-a-marrakech\/"]}]},{"@type":"ImageObject","inLanguage":"es","@id":"https:\/\/www.culturaltravelmorocco.com\/es\/producto\/tour-de-10-dias-por-marruecos-desde-casablanca-a-marrakech\/#primaryimage","url":"https:\/\/www.culturaltravelmorocco.com\/wp-content\/uploads\/2026\/01\/6-8.webp","contentUrl":"https:\/\/www.culturaltravelmorocco.com\/wp-content\/uploads\/2026\/01\/6-8.webp","width":1200,"height":1000},{"@type":"BreadcrumbList","@id":"https:\/\/www.culturaltravelmorocco.com\/es\/producto\/tour-de-10-dias-por-marruecos-desde-casablanca-a-marrakech\/#breadcrumb","itemListElement":[{"@type":"ListItem","position":1,"name":"Inicio","item":"https:\/\/maroon-guanaco-577987.hostingersite.com\/"},{"@type":"ListItem","position":2,"name":"Productos","item":"https:\/\/www.culturaltravelmorocco.com\/es\/shop\/"},{"@type":"ListItem","position":3,"name":"Tour de 10 d\u00edas por Marruecos desde Casablanca a Marrakech"}]},{"@type":"WebSite","@id":"https:\/\/www.culturaltravelmorocco.com\/es\/#website","url":"https:\/\/www.culturaltravelmorocco.com\/es\/","name":"Cultural Travel Morocco","description":"","potentialAction":[{"@type":"SearchAction","target":{"@type":"EntryPoint","urlTemplate":"https:\/\/www.culturaltravelmorocco.com\/es\/?s={search_term_string}"},"query-input":{"@type":"PropertyValueSpecification","valueRequired":true,"valueName":"search_term_string"}}],"inLanguage":"es"}]}},"_links":{"self":[{"href":"https:\/\/www.culturaltravelmorocco.com\/es\/wp-json\/wp\/v2\/product\/11086","targetHints":{"allow":["GET"]}}],"collection":[{"href":"https:\/\/www.culturaltravelmorocco.com\/es\/wp-json\/wp\/v2\/product"}],"about":[{"href":"https:\/\/www.culturaltravelmorocco.com\/es\/wp-json\/wp\/v2\/types\/product"}],"replies":[{"embeddable":true,"href":"https:\/\/www.culturaltravelmorocco.com\/es\/wp-json\/wp\/v2\/comments?post=11086"}],"wp:featuredmedia":[{"embeddable":true,"href":"https:\/\/www.culturaltravelmorocco.com\/es\/wp-json\/wp\/v2\/media\/11073"}],"wp:attachment":[{"href":"https:\/\/www.culturaltravelmorocco.com\/es\/wp-json\/wp\/v2\/media?parent=11086"}],"wp:term":[{"taxonomy":"product_brand","embeddable":true,"href":"https:\/\/www.culturaltravelmorocco.com\/es\/wp-json\/wp\/v2\/product_brand?post=11086"},{"taxonomy":"product_cat","embeddable":true,"href":"https:\/\/www.culturaltravelmorocco.com\/es\/wp-json\/wp\/v2\/product_cat?post=11086"},{"taxonomy":"product_tag","embeddable":true,"href":"https:\/\/www.culturaltravelmorocco.com\/es\/wp-json\/wp\/v2\/product_tag?post=11086"}],"curies":[{"name":"wp","href":"https:\/\/api.w.org\/{rel}","templated":true}]}}