{"id":11093,"date":"2026-01-10T12:20:15","date_gmt":"2026-01-10T12:20:15","guid":{"rendered":"https:\/\/culturaltravelmorocco.com\/product\/14-day-morocco-tour-from-casablanca-to-marrakech\/"},"modified":"2026-01-12T15:22:30","modified_gmt":"2026-01-12T15:22:30","slug":"tour-de-14-dias-por-marruecos-desde-casablanca-a-marrakech","status":"publish","type":"product","link":"https:\/\/www.culturaltravelmorocco.com\/es\/producto\/tour-de-14-dias-por-marruecos-desde-casablanca-a-marrakech\/","title":{"rendered":"Tour de 14 d\u00edas por Marruecos desde Casablanca a Marrakech"},"content":{"rendered":"<h2>Descripci\u00f3n general:<\/h2>\n<p>Este recorrido de 14 d\u00edas por Marruecos ofrece un viaje completo a trav\u00e9s de las regiones m\u00e1s diversas y cautivadoras del pa\u00eds, incluidos destinos espectaculares que los recorridos m\u00e1s cortos a menudo pasan por alto. A lo largo de la costa atl\u00e1ntica, explorar\u00e1 Casablanca, Rabat, la encantadora ciudad costera de Essaouira y la pintoresca ciudad de Asilah, conocida por su encantador ambiente art\u00edstico. La parte norte del pa\u00eds revela a\u00fan m\u00e1s belleza con la elegante Tetu\u00e1n y el inolvidable pueblo azul de Chefchaouen, dos destinos que resaltan la riqueza cultural y la influencia mediterr\u00e1nea de Marruecos. Con dos semanas completas de viaje (14 d\u00edas y 13 noches), este itinerario promete emociones profundas, encuentros significativos y visitas de inter\u00e9s excepcional.<\/p>\n<p>El recorrido tambi\u00e9n incluye las atracciones m\u00e1s emblem\u00e1ticas de Marruecos, las que el pa\u00eds presenta con orgullo a viajeros de todo el mundo. Entre ellas se incluyen las ciudades imperiales de Fez y Marrakech, famosas por su historia, arte y artesan\u00eda; el m\u00e1gico desierto del Sahara, con las dunas doradas de Erg Chebbi&lt;\/strong&gt;; y magn\u00edficas fortalezas bereberes como la de Ait Ben Haddou. La naturaleza a\u00f1ade su propio toque espectacular con los majestuosos picos del Alto Atlas y el Medio Atlas, a menudo cubiertos de nieve seg\u00fan la temporada, junto con pintorescos valles de extraordinaria belleza. Este itinerario completo garantiza una inmersi\u00f3n profunda e inolvidable en los paisajes, la cultura y el esp\u00edritu de Marruecos.<\/p>\n","protected":false},"excerpt":{"rendered":"<p>Descripci\u00f3n general: Este recorrido de 14 d\u00edas por Marruecos ofrece un viaje completo a trav\u00e9s de las regiones m\u00e1s diversas y cautivadoras del pa\u00eds, incluidos destinos espectaculares que los recorridos m\u00e1s cortos a menudo pasan por alto. A lo largo de la costa atl\u00e1ntica, explorar\u00e1 Casablanca, Rabat, la encantadora ciudad costera de Essaouira y la [&hellip;]<\/p>\n","protected":false},"featured_media":11094,"comment_status":"closed","ping_status":"closed","template":"","meta":{"_joinchat":[]},"product_brand":[],"product_cat":[83],"product_tag":[],"class_list":{"0":"post-11093","1":"product","2":"type-product","3":"status-publish","4":"has-post-thumbnail","6":"product_cat-tours-desde-casablanca","8":"first","9":"instock","10":"purchasable","11":"product-type-ovabrw_car_rental"},"yoast_head":"<!-- This site is optimized with the Yoast SEO Premium plugin v25.0 (Yoast SEO v25.0) - https:\/\/yoast.com\/wordpress\/plugins\/seo\/ -->\n<title>Tour de 14 d\u00edas por Marruecos desde Casablanca a Marrakech - Cultural Travel Morocco<\/title>\n<meta name=\"robots\" content=\"index, follow, max-snippet:-1, max-image-preview:large, max-video-preview:-1\" \/>\n<link rel=\"canonical\" href=\"https:\/\/www.culturaltravelmorocco.com\/es\/producto\/tour-de-14-dias-por-marruecos-desde-casablanca-a-marrakech\/\" \/>\n<meta property=\"og:locale\" content=\"es_ES\" \/>\n<meta property=\"og:type\" content=\"article\" \/>\n<meta property=\"og:title\" content=\"Tour de 14 d\u00edas por Marruecos desde Casablanca a Marrakech\" \/>\n<meta property=\"og:description\" content=\"Descripci\u00f3n general: Este recorrido de 14 d\u00edas por Marruecos ofrece un viaje completo a trav\u00e9s de las regiones m\u00e1s diversas y cautivadoras del pa\u00eds, incluidos destinos espectaculares que los recorridos m\u00e1s cortos a menudo pasan por alto. A lo largo de la costa atl\u00e1ntica, explorar\u00e1 Casablanca, Rabat, la encantadora ciudad costera de Essaouira y la [&hellip;]\" \/>\n<meta property=\"og:url\" content=\"https:\/\/www.culturaltravelmorocco.com\/es\/producto\/tour-de-14-dias-por-marruecos-desde-casablanca-a-marrakech\/\" \/>\n<meta property=\"og:site_name\" content=\"Cultural Travel Morocco\" \/>\n<meta property=\"article:modified_time\" content=\"2026-01-12T15:22:30+00:00\" \/>\n<meta property=\"og:image\" content=\"https:\/\/www.culturaltravelmorocco.com\/wp-content\/uploads\/2026\/01\/5-3-1.webp\" \/>\n\t<meta property=\"og:image:width\" content=\"1200\" \/>\n\t<meta property=\"og:image:height\" content=\"1000\" \/>\n\t<meta property=\"og:image:type\" content=\"image\/webp\" \/>\n<meta name=\"twitter:card\" content=\"summary_large_image\" \/>\n<meta name=\"twitter:label1\" content=\"Tiempo de lectura\" \/>\n\t<meta name=\"twitter:data1\" content=\"2 minutos\" \/>\n<script type=\"application\/ld+json\" class=\"yoast-schema-graph\">{\"@context\":\"https:\/\/schema.org\",\"@graph\":[{\"@type\":\"WebPage\",\"@id\":\"https:\/\/www.culturaltravelmorocco.com\/es\/producto\/tour-de-14-dias-por-marruecos-desde-casablanca-a-marrakech\/\",\"url\":\"https:\/\/www.culturaltravelmorocco.com\/es\/producto\/tour-de-14-dias-por-marruecos-desde-casablanca-a-marrakech\/\",\"name\":\"Tour de 14 d\u00edas por Marruecos desde Casablanca a Marrakech - Cultural Travel Morocco\",\"isPartOf\":{\"@id\":\"https:\/\/www.culturaltravelmorocco.com\/es\/#website\"},\"primaryImageOfPage\":{\"@id\":\"https:\/\/www.culturaltravelmorocco.com\/es\/producto\/tour-de-14-dias-por-marruecos-desde-casablanca-a-marrakech\/#primaryimage\"},\"image\":{\"@id\":\"https:\/\/www.culturaltravelmorocco.com\/es\/producto\/tour-de-14-dias-por-marruecos-desde-casablanca-a-marrakech\/#primaryimage\"},\"thumbnailUrl\":\"https:\/\/www.culturaltravelmorocco.com\/wp-content\/uploads\/2026\/01\/5-3-1.webp\",\"datePublished\":\"2026-01-10T12:20:15+00:00\",\"dateModified\":\"2026-01-12T15:22:30+00:00\",\"breadcrumb\":{\"@id\":\"https:\/\/www.culturaltravelmorocco.com\/es\/producto\/tour-de-14-dias-por-marruecos-desde-casablanca-a-marrakech\/#breadcrumb\"},\"inLanguage\":\"es\",\"potentialAction\":[{\"@type\":\"ReadAction\",\"target\":[\"https:\/\/www.culturaltravelmorocco.com\/es\/producto\/tour-de-14-dias-por-marruecos-desde-casablanca-a-marrakech\/\"]}]},{\"@type\":\"ImageObject\",\"inLanguage\":\"es\",\"@id\":\"https:\/\/www.culturaltravelmorocco.com\/es\/producto\/tour-de-14-dias-por-marruecos-desde-casablanca-a-marrakech\/#primaryimage\",\"url\":\"https:\/\/www.culturaltravelmorocco.com\/wp-content\/uploads\/2026\/01\/5-3-1.webp\",\"contentUrl\":\"https:\/\/www.culturaltravelmorocco.com\/wp-content\/uploads\/2026\/01\/5-3-1.webp\",\"width\":1200,\"height\":1000},{\"@type\":\"BreadcrumbList\",\"@id\":\"https:\/\/www.culturaltravelmorocco.com\/es\/producto\/tour-de-14-dias-por-marruecos-desde-casablanca-a-marrakech\/#breadcrumb\",\"itemListElement\":[{\"@type\":\"ListItem\",\"position\":1,\"name\":\"Inicio\",\"item\":\"https:\/\/maroon-guanaco-577987.hostingersite.com\/\"},{\"@type\":\"ListItem\",\"position\":2,\"name\":\"Productos\",\"item\":\"https:\/\/www.culturaltravelmorocco.com\/es\/shop\/\"},{\"@type\":\"ListItem\",\"position\":3,\"name\":\"Tour de 14 d\u00edas por Marruecos desde Casablanca a Marrakech\"}]},{\"@type\":\"WebSite\",\"@id\":\"https:\/\/www.culturaltravelmorocco.com\/es\/#website\",\"url\":\"https:\/\/www.culturaltravelmorocco.com\/es\/\",\"name\":\"Cultural Travel Morocco\",\"description\":\"\",\"potentialAction\":[{\"@type\":\"SearchAction\",\"target\":{\"@type\":\"EntryPoint\",\"urlTemplate\":\"https:\/\/www.culturaltravelmorocco.com\/es\/?s={search_term_string}\"},\"query-input\":{\"@type\":\"PropertyValueSpecification\",\"valueRequired\":true,\"valueName\":\"search_term_string\"}}],\"inLanguage\":\"es\"}]}<\/script>\n<!-- \/ Yoast SEO Premium plugin. -->","yoast_head_json":{"title":"Tour de 14 d\u00edas por Marruecos desde Casablanca a Marrakech - Cultural Travel Morocco","robots":{"index":"index","follow":"follow","max-snippet":"max-snippet:-1","max-image-preview":"max-image-preview:large","max-video-preview":"max-video-preview:-1"},"canonical":"https:\/\/www.culturaltravelmorocco.com\/es\/producto\/tour-de-14-dias-por-marruecos-desde-casablanca-a-marrakech\/","og_locale":"es_ES","og_type":"article","og_title":"Tour de 14 d\u00edas por Marruecos desde Casablanca a Marrakech","og_description":"Descripci\u00f3n general: Este recorrido de 14 d\u00edas por Marruecos ofrece un viaje completo a trav\u00e9s de las regiones m\u00e1s diversas y cautivadoras del pa\u00eds, incluidos destinos espectaculares que los recorridos m\u00e1s cortos a menudo pasan por alto. A lo largo de la costa atl\u00e1ntica, explorar\u00e1 Casablanca, Rabat, la encantadora ciudad costera de Essaouira y la [&hellip;]","og_url":"https:\/\/www.culturaltravelmorocco.com\/es\/producto\/tour-de-14-dias-por-marruecos-desde-casablanca-a-marrakech\/","og_site_name":"Cultural Travel Morocco","article_modified_time":"2026-01-12T15:22:30+00:00","og_image":[{"width":1200,"height":1000,"url":"https:\/\/www.culturaltravelmorocco.com\/wp-content\/uploads\/2026\/01\/5-3-1.webp","type":"image\/webp"}],"twitter_card":"summary_large_image","twitter_misc":{"Tiempo de lectura":"2 minutos"},"schema":{"@context":"https:\/\/schema.org","@graph":[{"@type":"WebPage","@id":"https:\/\/www.culturaltravelmorocco.com\/es\/producto\/tour-de-14-dias-por-marruecos-desde-casablanca-a-marrakech\/","url":"https:\/\/www.culturaltravelmorocco.com\/es\/producto\/tour-de-14-dias-por-marruecos-desde-casablanca-a-marrakech\/","name":"Tour de 14 d\u00edas por Marruecos desde Casablanca a Marrakech - Cultural Travel Morocco","isPartOf":{"@id":"https:\/\/www.culturaltravelmorocco.com\/es\/#website"},"primaryImageOfPage":{"@id":"https:\/\/www.culturaltravelmorocco.com\/es\/producto\/tour-de-14-dias-por-marruecos-desde-casablanca-a-marrakech\/#primaryimage"},"image":{"@id":"https:\/\/www.culturaltravelmorocco.com\/es\/producto\/tour-de-14-dias-por-marruecos-desde-casablanca-a-marrakech\/#primaryimage"},"thumbnailUrl":"https:\/\/www.culturaltravelmorocco.com\/wp-content\/uploads\/2026\/01\/5-3-1.webp","datePublished":"2026-01-10T12:20:15+00:00","dateModified":"2026-01-12T15:22:30+00:00","breadcrumb":{"@id":"https:\/\/www.culturaltravelmorocco.com\/es\/producto\/tour-de-14-dias-por-marruecos-desde-casablanca-a-marrakech\/#breadcrumb"},"inLanguage":"es","potentialAction":[{"@type":"ReadAction","target":["https:\/\/www.culturaltravelmorocco.com\/es\/producto\/tour-de-14-dias-por-marruecos-desde-casablanca-a-marrakech\/"]}]},{"@type":"ImageObject","inLanguage":"es","@id":"https:\/\/www.culturaltravelmorocco.com\/es\/producto\/tour-de-14-dias-por-marruecos-desde-casablanca-a-marrakech\/#primaryimage","url":"https:\/\/www.culturaltravelmorocco.com\/wp-content\/uploads\/2026\/01\/5-3-1.webp","contentUrl":"https:\/\/www.culturaltravelmorocco.com\/wp-content\/uploads\/2026\/01\/5-3-1.webp","width":1200,"height":1000},{"@type":"BreadcrumbList","@id":"https:\/\/www.culturaltravelmorocco.com\/es\/producto\/tour-de-14-dias-por-marruecos-desde-casablanca-a-marrakech\/#breadcrumb","itemListElement":[{"@type":"ListItem","position":1,"name":"Inicio","item":"https:\/\/maroon-guanaco-577987.hostingersite.com\/"},{"@type":"ListItem","position":2,"name":"Productos","item":"https:\/\/www.culturaltravelmorocco.com\/es\/shop\/"},{"@type":"ListItem","position":3,"name":"Tour de 14 d\u00edas por Marruecos desde Casablanca a Marrakech"}]},{"@type":"WebSite","@id":"https:\/\/www.culturaltravelmorocco.com\/es\/#website","url":"https:\/\/www.culturaltravelmorocco.com\/es\/","name":"Cultural Travel Morocco","description":"","potentialAction":[{"@type":"SearchAction","target":{"@type":"EntryPoint","urlTemplate":"https:\/\/www.culturaltravelmorocco.com\/es\/?s={search_term_string}"},"query-input":{"@type":"PropertyValueSpecification","valueRequired":true,"valueName":"search_term_string"}}],"inLanguage":"es"}]}},"_links":{"self":[{"href":"https:\/\/www.culturaltravelmorocco.com\/es\/wp-json\/wp\/v2\/product\/11093","targetHints":{"allow":["GET"]}}],"collection":[{"href":"https:\/\/www.culturaltravelmorocco.com\/es\/wp-json\/wp\/v2\/product"}],"about":[{"href":"https:\/\/www.culturaltravelmorocco.com\/es\/wp-json\/wp\/v2\/types\/product"}],"replies":[{"embeddable":true,"href":"https:\/\/www.culturaltravelmorocco.com\/es\/wp-json\/wp\/v2\/comments?post=11093"}],"wp:featuredmedia":[{"embeddable":true,"href":"https:\/\/www.culturaltravelmorocco.com\/es\/wp-json\/wp\/v2\/media\/11094"}],"wp:attachment":[{"href":"https:\/\/www.culturaltravelmorocco.com\/es\/wp-json\/wp\/v2\/media?parent=11093"}],"wp:term":[{"taxonomy":"product_brand","embeddable":true,"href":"https:\/\/www.culturaltravelmorocco.com\/es\/wp-json\/wp\/v2\/product_brand?post=11093"},{"taxonomy":"product_cat","embeddable":true,"href":"https:\/\/www.culturaltravelmorocco.com\/es\/wp-json\/wp\/v2\/product_cat?post=11093"},{"taxonomy":"product_tag","embeddable":true,"href":"https:\/\/www.culturaltravelmorocco.com\/es\/wp-json\/wp\/v2\/product_tag?post=11093"}],"curies":[{"name":"wp","href":"https:\/\/api.w.org\/{rel}","templated":true}]}}