{"id":11124,"date":"2026-01-10T12:20:37","date_gmt":"2026-01-10T12:20:37","guid":{"rendered":"https:\/\/culturaltravelmorocco.com\/product\/day-trip-from-fez-to-sefrou-bhalil-ifrane-azrou\/"},"modified":"2026-01-12T16:04:22","modified_gmt":"2026-01-12T16:04:22","slug":"gita-di-un-giorno-da-fez-a-sefrou-bhalil-ifrane-e-azrou","status":"publish","type":"product","link":"https:\/\/www.culturaltravelmorocco.com\/it\/prodotto\/gita-di-un-giorno-da-fez-a-sefrou-bhalil-ifrane-e-azrou\/","title":{"rendered":"Gita di un giorno da Fez a Sefrou, Bhalil, Ifrane e Azrou"},"content":{"rendered":"<h2>Panoramica:<\/h2>\n<p>Alle 9:00, la tua gita privata di un giorno da Fez inizia con il prelievo dal tuo hotel o riad in un comodo veicolo 4\u00d74 o con aria condizionata. Questa escursione \u00e8 progettata per esplorare alcune delle citt\u00e0 e dei paesaggi naturali pi\u00f9 autentici della regione del Medio Atlante in una giornata rilassante.<\/p>\n<p>Il tuo viaggio inizia verso Sefrou, un&#8217;incantevole cittadina vicino a Fez, dove potrai goderti una passeggiata nella sua medina tradizionale e ammirare le sue cascate naturali, uno dei principali punti di interesse della citt\u00e0. Il viaggio prosegue poi verso Bhalil, un villaggio di montagna unico famoso per le sue case rupestri, dove visiterai una famiglia berbera locale e condividerai un tradizionale t\u00e8 alla menta, scoprendo la loro vita quotidiana e la loro cultura.<\/p>\n<p>Successivamente, attraverserai Ifrane, spesso chiamata la &#8220;Svizzera marocchina&#8221; grazie alla sua architettura in stile alpino e le strade pulite, e proseguirai per Azrou, una famosa citt\u00e0 berbera. Qui visiterai la foresta di cedri di Azrou, che ospita il famoso Grande Cedro e le amichevoli scimmie barbaresche, che offrono eccellenti opportunit\u00e0 fotografiche. Nel tardo pomeriggio tornerai comodamente a Fez, dove verrai riaccompagnato al tuo alloggio.<\/p>\n","protected":false},"excerpt":{"rendered":"<p>Panoramica: Alle 9:00, la tua gita privata di un giorno da Fez inizia con il prelievo dal tuo hotel o riad in un comodo veicolo 4\u00d74 o con aria condizionata. Questa escursione \u00e8 progettata per esplorare alcune delle citt\u00e0 e dei paesaggi naturali pi\u00f9 autentici della regione del Medio Atlante in una giornata rilassante. Il [&hellip;]<\/p>\n","protected":false},"featured_media":9747,"comment_status":"closed","ping_status":"closed","template":"","meta":{"_joinchat":[]},"product_brand":[],"product_cat":[93,92],"product_tag":[],"class_list":{"0":"post-11124","1":"product","2":"type-product","3":"status-publish","4":"has-post-thumbnail","6":"product_cat-gita-di-un-giorno-da-fez","7":"product_cat-gite-di-un-giorno","9":"first","10":"instock","11":"purchasable","12":"product-type-ovabrw_car_rental"},"yoast_head":"<!-- This site is optimized with the Yoast SEO Premium plugin v25.0 (Yoast SEO v25.0) - https:\/\/yoast.com\/wordpress\/plugins\/seo\/ -->\n<title>Gita di un giorno da Fez a Sefrou, Bhalil, Ifrane e Azrou - Cultural Travel Morocco<\/title>\n<meta name=\"robots\" content=\"index, follow, max-snippet:-1, max-image-preview:large, max-video-preview:-1\" \/>\n<link rel=\"canonical\" href=\"https:\/\/www.culturaltravelmorocco.com\/it\/prodotto\/gita-di-un-giorno-da-fez-a-sefrou-bhalil-ifrane-e-azrou\/\" \/>\n<meta property=\"og:locale\" content=\"it_IT\" \/>\n<meta property=\"og:type\" content=\"article\" \/>\n<meta property=\"og:title\" content=\"Gita di un giorno da Fez a Sefrou, Bhalil, Ifrane e Azrou\" \/>\n<meta property=\"og:description\" content=\"Panoramica: Alle 9:00, la tua gita privata di un giorno da Fez inizia con il prelievo dal tuo hotel o riad in un comodo veicolo 4\u00d74 o con aria condizionata. Questa escursione \u00e8 progettata per esplorare alcune delle citt\u00e0 e dei paesaggi naturali pi\u00f9 autentici della regione del Medio Atlante in una giornata rilassante. Il [&hellip;]\" \/>\n<meta property=\"og:url\" content=\"https:\/\/www.culturaltravelmorocco.com\/it\/prodotto\/gita-di-un-giorno-da-fez-a-sefrou-bhalil-ifrane-e-azrou\/\" \/>\n<meta property=\"og:site_name\" content=\"Cultural Travel Morocco\" \/>\n<meta property=\"article:modified_time\" content=\"2026-01-12T16:04:22+00:00\" \/>\n<meta name=\"twitter:card\" content=\"summary_large_image\" \/>\n<meta name=\"twitter:label1\" content=\"Tempo di lettura stimato\" \/>\n\t<meta name=\"twitter:data1\" content=\"2 minuti\" \/>\n<script type=\"application\/ld+json\" class=\"yoast-schema-graph\">{\"@context\":\"https:\/\/schema.org\",\"@graph\":[{\"@type\":\"WebPage\",\"@id\":\"https:\/\/www.culturaltravelmorocco.com\/it\/prodotto\/gita-di-un-giorno-da-fez-a-sefrou-bhalil-ifrane-e-azrou\/\",\"url\":\"https:\/\/www.culturaltravelmorocco.com\/it\/prodotto\/gita-di-un-giorno-da-fez-a-sefrou-bhalil-ifrane-e-azrou\/\",\"name\":\"Gita di un giorno da Fez a Sefrou, Bhalil, Ifrane e Azrou - Cultural Travel Morocco\",\"isPartOf\":{\"@id\":\"https:\/\/www.culturaltravelmorocco.com\/it\/#website\"},\"primaryImageOfPage\":{\"@id\":\"https:\/\/www.culturaltravelmorocco.com\/it\/prodotto\/gita-di-un-giorno-da-fez-a-sefrou-bhalil-ifrane-e-azrou\/#primaryimage\"},\"image\":{\"@id\":\"https:\/\/www.culturaltravelmorocco.com\/it\/prodotto\/gita-di-un-giorno-da-fez-a-sefrou-bhalil-ifrane-e-azrou\/#primaryimage\"},\"thumbnailUrl\":\"https:\/\/www.culturaltravelmorocco.com\/wp-content\/uploads\/2026\/01\/2-12.webp\",\"datePublished\":\"2026-01-10T12:20:37+00:00\",\"dateModified\":\"2026-01-12T16:04:22+00:00\",\"breadcrumb\":{\"@id\":\"https:\/\/www.culturaltravelmorocco.com\/it\/prodotto\/gita-di-un-giorno-da-fez-a-sefrou-bhalil-ifrane-e-azrou\/#breadcrumb\"},\"inLanguage\":\"it-IT\",\"potentialAction\":[{\"@type\":\"ReadAction\",\"target\":[\"https:\/\/www.culturaltravelmorocco.com\/it\/prodotto\/gita-di-un-giorno-da-fez-a-sefrou-bhalil-ifrane-e-azrou\/\"]}]},{\"@type\":\"ImageObject\",\"inLanguage\":\"it-IT\",\"@id\":\"https:\/\/www.culturaltravelmorocco.com\/it\/prodotto\/gita-di-un-giorno-da-fez-a-sefrou-bhalil-ifrane-e-azrou\/#primaryimage\",\"url\":\"https:\/\/www.culturaltravelmorocco.com\/wp-content\/uploads\/2026\/01\/2-12.webp\",\"contentUrl\":\"https:\/\/www.culturaltravelmorocco.com\/wp-content\/uploads\/2026\/01\/2-12.webp\",\"width\":1200,\"height\":1000},{\"@type\":\"BreadcrumbList\",\"@id\":\"https:\/\/www.culturaltravelmorocco.com\/it\/prodotto\/gita-di-un-giorno-da-fez-a-sefrou-bhalil-ifrane-e-azrou\/#breadcrumb\",\"itemListElement\":[{\"@type\":\"ListItem\",\"position\":1,\"name\":\"Home\",\"item\":\"https:\/\/www.culturaltravelmorocco.com\/it\/\"},{\"@type\":\"ListItem\",\"position\":2,\"name\":\"Prodotti\",\"item\":\"https:\/\/www.culturaltravelmorocco.com\/it\/shop\/\"},{\"@type\":\"ListItem\",\"position\":3,\"name\":\"Gita di un giorno da Fez a Sefrou, Bhalil, Ifrane e Azrou\"}]},{\"@type\":\"WebSite\",\"@id\":\"https:\/\/www.culturaltravelmorocco.com\/it\/#website\",\"url\":\"https:\/\/www.culturaltravelmorocco.com\/it\/\",\"name\":\"Cultural Travel Morocco\",\"description\":\"\",\"potentialAction\":[{\"@type\":\"SearchAction\",\"target\":{\"@type\":\"EntryPoint\",\"urlTemplate\":\"https:\/\/www.culturaltravelmorocco.com\/it\/?s={search_term_string}\"},\"query-input\":{\"@type\":\"PropertyValueSpecification\",\"valueRequired\":true,\"valueName\":\"search_term_string\"}}],\"inLanguage\":\"it-IT\"}]}<\/script>\n<!-- \/ Yoast SEO Premium plugin. -->","yoast_head_json":{"title":"Gita di un giorno da Fez a Sefrou, Bhalil, Ifrane e Azrou - Cultural Travel Morocco","robots":{"index":"index","follow":"follow","max-snippet":"max-snippet:-1","max-image-preview":"max-image-preview:large","max-video-preview":"max-video-preview:-1"},"canonical":"https:\/\/www.culturaltravelmorocco.com\/it\/prodotto\/gita-di-un-giorno-da-fez-a-sefrou-bhalil-ifrane-e-azrou\/","og_locale":"it_IT","og_type":"article","og_title":"Gita di un giorno da Fez a Sefrou, Bhalil, Ifrane e Azrou","og_description":"Panoramica: Alle 9:00, la tua gita privata di un giorno da Fez inizia con il prelievo dal tuo hotel o riad in un comodo veicolo 4\u00d74 o con aria condizionata. Questa escursione \u00e8 progettata per esplorare alcune delle citt\u00e0 e dei paesaggi naturali pi\u00f9 autentici della regione del Medio Atlante in una giornata rilassante. Il [&hellip;]","og_url":"https:\/\/www.culturaltravelmorocco.com\/it\/prodotto\/gita-di-un-giorno-da-fez-a-sefrou-bhalil-ifrane-e-azrou\/","og_site_name":"Cultural Travel Morocco","article_modified_time":"2026-01-12T16:04:22+00:00","twitter_card":"summary_large_image","twitter_misc":{"Tempo di lettura stimato":"2 minuti"},"schema":{"@context":"https:\/\/schema.org","@graph":[{"@type":"WebPage","@id":"https:\/\/www.culturaltravelmorocco.com\/it\/prodotto\/gita-di-un-giorno-da-fez-a-sefrou-bhalil-ifrane-e-azrou\/","url":"https:\/\/www.culturaltravelmorocco.com\/it\/prodotto\/gita-di-un-giorno-da-fez-a-sefrou-bhalil-ifrane-e-azrou\/","name":"Gita di un giorno da Fez a Sefrou, Bhalil, Ifrane e Azrou - Cultural Travel Morocco","isPartOf":{"@id":"https:\/\/www.culturaltravelmorocco.com\/it\/#website"},"primaryImageOfPage":{"@id":"https:\/\/www.culturaltravelmorocco.com\/it\/prodotto\/gita-di-un-giorno-da-fez-a-sefrou-bhalil-ifrane-e-azrou\/#primaryimage"},"image":{"@id":"https:\/\/www.culturaltravelmorocco.com\/it\/prodotto\/gita-di-un-giorno-da-fez-a-sefrou-bhalil-ifrane-e-azrou\/#primaryimage"},"thumbnailUrl":"https:\/\/www.culturaltravelmorocco.com\/wp-content\/uploads\/2026\/01\/2-12.webp","datePublished":"2026-01-10T12:20:37+00:00","dateModified":"2026-01-12T16:04:22+00:00","breadcrumb":{"@id":"https:\/\/www.culturaltravelmorocco.com\/it\/prodotto\/gita-di-un-giorno-da-fez-a-sefrou-bhalil-ifrane-e-azrou\/#breadcrumb"},"inLanguage":"it-IT","potentialAction":[{"@type":"ReadAction","target":["https:\/\/www.culturaltravelmorocco.com\/it\/prodotto\/gita-di-un-giorno-da-fez-a-sefrou-bhalil-ifrane-e-azrou\/"]}]},{"@type":"ImageObject","inLanguage":"it-IT","@id":"https:\/\/www.culturaltravelmorocco.com\/it\/prodotto\/gita-di-un-giorno-da-fez-a-sefrou-bhalil-ifrane-e-azrou\/#primaryimage","url":"https:\/\/www.culturaltravelmorocco.com\/wp-content\/uploads\/2026\/01\/2-12.webp","contentUrl":"https:\/\/www.culturaltravelmorocco.com\/wp-content\/uploads\/2026\/01\/2-12.webp","width":1200,"height":1000},{"@type":"BreadcrumbList","@id":"https:\/\/www.culturaltravelmorocco.com\/it\/prodotto\/gita-di-un-giorno-da-fez-a-sefrou-bhalil-ifrane-e-azrou\/#breadcrumb","itemListElement":[{"@type":"ListItem","position":1,"name":"Home","item":"https:\/\/www.culturaltravelmorocco.com\/it\/"},{"@type":"ListItem","position":2,"name":"Prodotti","item":"https:\/\/www.culturaltravelmorocco.com\/it\/shop\/"},{"@type":"ListItem","position":3,"name":"Gita di un giorno da Fez a Sefrou, Bhalil, Ifrane e Azrou"}]},{"@type":"WebSite","@id":"https:\/\/www.culturaltravelmorocco.com\/it\/#website","url":"https:\/\/www.culturaltravelmorocco.com\/it\/","name":"Cultural Travel Morocco","description":"","potentialAction":[{"@type":"SearchAction","target":{"@type":"EntryPoint","urlTemplate":"https:\/\/www.culturaltravelmorocco.com\/it\/?s={search_term_string}"},"query-input":{"@type":"PropertyValueSpecification","valueRequired":true,"valueName":"search_term_string"}}],"inLanguage":"it-IT"}]}},"_links":{"self":[{"href":"https:\/\/www.culturaltravelmorocco.com\/it\/wp-json\/wp\/v2\/product\/11124","targetHints":{"allow":["GET"]}}],"collection":[{"href":"https:\/\/www.culturaltravelmorocco.com\/it\/wp-json\/wp\/v2\/product"}],"about":[{"href":"https:\/\/www.culturaltravelmorocco.com\/it\/wp-json\/wp\/v2\/types\/product"}],"replies":[{"embeddable":true,"href":"https:\/\/www.culturaltravelmorocco.com\/it\/wp-json\/wp\/v2\/comments?post=11124"}],"wp:featuredmedia":[{"embeddable":true,"href":"https:\/\/www.culturaltravelmorocco.com\/it\/wp-json\/wp\/v2\/media\/9747"}],"wp:attachment":[{"href":"https:\/\/www.culturaltravelmorocco.com\/it\/wp-json\/wp\/v2\/media?parent=11124"}],"wp:term":[{"taxonomy":"product_brand","embeddable":true,"href":"https:\/\/www.culturaltravelmorocco.com\/it\/wp-json\/wp\/v2\/product_brand?post=11124"},{"taxonomy":"product_cat","embeddable":true,"href":"https:\/\/www.culturaltravelmorocco.com\/it\/wp-json\/wp\/v2\/product_cat?post=11124"},{"taxonomy":"product_tag","embeddable":true,"href":"https:\/\/www.culturaltravelmorocco.com\/it\/wp-json\/wp\/v2\/product_tag?post=11124"}],"curies":[{"name":"wp","href":"https:\/\/api.w.org\/{rel}","templated":true}]}}