{"id":11150,"date":"2026-01-10T12:20:37","date_gmt":"2026-01-10T12:20:37","guid":{"rendered":"https:\/\/culturaltravelmorocco.com\/product\/private-day-trip-from-tangier-to-tetouan\/"},"modified":"2026-01-12T16:18:32","modified_gmt":"2026-01-12T16:18:32","slug":"gita-giornaliera-privata-da-tangeri-a-tetouan","status":"publish","type":"product","link":"https:\/\/www.culturaltravelmorocco.com\/it\/prodotto\/gita-giornaliera-privata-da-tangeri-a-tetouan\/","title":{"rendered":"Gita giornaliera privata da Tangeri a Tetouan"},"content":{"rendered":"<h2>Panoramica:<\/h2>\n<p>Alle 9:00, la tua escursione privata da Tangeri a Tetouan inizia con il prelievo dal tuo hotel o riad in un comodo veicolo con aria condizionata. Questa gita di un giorno ti porta in una delle citt\u00e0 pi\u00f9 autentiche e meno turistiche del Marocco, dove la vita quotidiana si svolge in modo naturale, preservando la sua profonda identit\u00e0 culturale.<\/p>\n<p>All&#8217;arrivo a Tetouan, citt\u00e0 dichiarata Patrimonio dell&#8217;Umanit\u00e0 dall&#8217;UNESCO, potrai goderti un tour guidato a piedi attraverso l&#8217;antica medina e la citt\u00e0 moderna. Esplorerai il vivace souk, l&#8217;area del protettorato spagnolo e il quartiere ebraico, con punti salienti tra cui Plaza Primo de Rivera e Plaza de Espa\u00f1a. Durante la visita, la tua guida di lingua spagnola condivider\u00e0 la storia di Tetouan e spiegher\u00e0 come la citt\u00e0 si \u00e8 evoluta pur mantenendo il suo forte carattere marocchino.<\/p>\n<p>Dopo la visita guidata, avrai del tempo libero nella medina per passeggiare al tuo ritmo, acquistare prodotti locali e goderti la vivace atmosfera del souk. Nel pomeriggio, tornerai comodamente a Tangeri, con rientro al tuo alloggio.<\/p>\n","protected":false},"excerpt":{"rendered":"<p>Panoramica: Alle 9:00, la tua escursione privata da Tangeri a Tetouan inizia con il prelievo dal tuo hotel o riad in un comodo veicolo con aria condizionata. Questa gita di un giorno ti porta in una delle citt\u00e0 pi\u00f9 autentiche e meno turistiche del Marocco, dove la vita quotidiana si svolge in modo naturale, preservando [&hellip;]<\/p>\n","protected":false},"featured_media":9759,"comment_status":"closed","ping_status":"closed","template":"","meta":{"_joinchat":[]},"product_brand":[],"product_cat":[95,92],"product_tag":[],"class_list":{"0":"post-11150","1":"product","2":"type-product","3":"status-publish","4":"has-post-thumbnail","6":"product_cat-gita-di-un-giorno-da-tangeri","7":"product_cat-gite-di-un-giorno","9":"first","10":"instock","11":"purchasable","12":"product-type-ovabrw_car_rental"},"yoast_head":"<!-- This site is optimized with the Yoast SEO Premium plugin v25.0 (Yoast SEO v25.0) - https:\/\/yoast.com\/wordpress\/plugins\/seo\/ -->\n<title>Gita giornaliera privata da Tangeri a Tetouan - Cultural Travel Morocco<\/title>\n<meta name=\"robots\" content=\"index, follow, max-snippet:-1, max-image-preview:large, max-video-preview:-1\" \/>\n<link rel=\"canonical\" href=\"https:\/\/www.culturaltravelmorocco.com\/it\/prodotto\/gita-giornaliera-privata-da-tangeri-a-tetouan\/\" \/>\n<meta property=\"og:locale\" content=\"it_IT\" \/>\n<meta property=\"og:type\" content=\"article\" \/>\n<meta property=\"og:title\" content=\"Gita giornaliera privata da Tangeri a Tetouan\" \/>\n<meta property=\"og:description\" content=\"Panoramica: Alle 9:00, la tua escursione privata da Tangeri a Tetouan inizia con il prelievo dal tuo hotel o riad in un comodo veicolo con aria condizionata. Questa gita di un giorno ti porta in una delle citt\u00e0 pi\u00f9 autentiche e meno turistiche del Marocco, dove la vita quotidiana si svolge in modo naturale, preservando [&hellip;]\" \/>\n<meta property=\"og:url\" content=\"https:\/\/www.culturaltravelmorocco.com\/it\/prodotto\/gita-giornaliera-privata-da-tangeri-a-tetouan\/\" \/>\n<meta property=\"og:site_name\" content=\"Cultural Travel Morocco\" \/>\n<meta property=\"article:modified_time\" content=\"2026-01-12T16:18:32+00:00\" \/>\n<meta name=\"twitter:card\" content=\"summary_large_image\" \/>\n<meta name=\"twitter:label1\" content=\"Tempo di lettura stimato\" \/>\n\t<meta name=\"twitter:data1\" content=\"1 minuto\" \/>\n<script type=\"application\/ld+json\" class=\"yoast-schema-graph\">{\"@context\":\"https:\/\/schema.org\",\"@graph\":[{\"@type\":\"WebPage\",\"@id\":\"https:\/\/www.culturaltravelmorocco.com\/it\/prodotto\/gita-giornaliera-privata-da-tangeri-a-tetouan\/\",\"url\":\"https:\/\/www.culturaltravelmorocco.com\/it\/prodotto\/gita-giornaliera-privata-da-tangeri-a-tetouan\/\",\"name\":\"Gita giornaliera privata da Tangeri a Tetouan - Cultural Travel Morocco\",\"isPartOf\":{\"@id\":\"https:\/\/www.culturaltravelmorocco.com\/it\/#website\"},\"primaryImageOfPage\":{\"@id\":\"https:\/\/www.culturaltravelmorocco.com\/it\/prodotto\/gita-giornaliera-privata-da-tangeri-a-tetouan\/#primaryimage\"},\"image\":{\"@id\":\"https:\/\/www.culturaltravelmorocco.com\/it\/prodotto\/gita-giornaliera-privata-da-tangeri-a-tetouan\/#primaryimage\"},\"thumbnailUrl\":\"https:\/\/www.culturaltravelmorocco.com\/wp-content\/uploads\/2026\/01\/12-5.webp\",\"datePublished\":\"2026-01-10T12:20:37+00:00\",\"dateModified\":\"2026-01-12T16:18:32+00:00\",\"breadcrumb\":{\"@id\":\"https:\/\/www.culturaltravelmorocco.com\/it\/prodotto\/gita-giornaliera-privata-da-tangeri-a-tetouan\/#breadcrumb\"},\"inLanguage\":\"it-IT\",\"potentialAction\":[{\"@type\":\"ReadAction\",\"target\":[\"https:\/\/www.culturaltravelmorocco.com\/it\/prodotto\/gita-giornaliera-privata-da-tangeri-a-tetouan\/\"]}]},{\"@type\":\"ImageObject\",\"inLanguage\":\"it-IT\",\"@id\":\"https:\/\/www.culturaltravelmorocco.com\/it\/prodotto\/gita-giornaliera-privata-da-tangeri-a-tetouan\/#primaryimage\",\"url\":\"https:\/\/www.culturaltravelmorocco.com\/wp-content\/uploads\/2026\/01\/12-5.webp\",\"contentUrl\":\"https:\/\/www.culturaltravelmorocco.com\/wp-content\/uploads\/2026\/01\/12-5.webp\",\"width\":1200,\"height\":1000},{\"@type\":\"BreadcrumbList\",\"@id\":\"https:\/\/www.culturaltravelmorocco.com\/it\/prodotto\/gita-giornaliera-privata-da-tangeri-a-tetouan\/#breadcrumb\",\"itemListElement\":[{\"@type\":\"ListItem\",\"position\":1,\"name\":\"Home\",\"item\":\"https:\/\/www.culturaltravelmorocco.com\/it\/\"},{\"@type\":\"ListItem\",\"position\":2,\"name\":\"Prodotti\",\"item\":\"https:\/\/www.culturaltravelmorocco.com\/it\/shop\/\"},{\"@type\":\"ListItem\",\"position\":3,\"name\":\"Gita giornaliera privata da Tangeri a Tetouan\"}]},{\"@type\":\"WebSite\",\"@id\":\"https:\/\/www.culturaltravelmorocco.com\/it\/#website\",\"url\":\"https:\/\/www.culturaltravelmorocco.com\/it\/\",\"name\":\"Cultural Travel Morocco\",\"description\":\"\",\"potentialAction\":[{\"@type\":\"SearchAction\",\"target\":{\"@type\":\"EntryPoint\",\"urlTemplate\":\"https:\/\/www.culturaltravelmorocco.com\/it\/?s={search_term_string}\"},\"query-input\":{\"@type\":\"PropertyValueSpecification\",\"valueRequired\":true,\"valueName\":\"search_term_string\"}}],\"inLanguage\":\"it-IT\"}]}<\/script>\n<!-- \/ Yoast SEO Premium plugin. -->","yoast_head_json":{"title":"Gita giornaliera privata da Tangeri a Tetouan - Cultural Travel Morocco","robots":{"index":"index","follow":"follow","max-snippet":"max-snippet:-1","max-image-preview":"max-image-preview:large","max-video-preview":"max-video-preview:-1"},"canonical":"https:\/\/www.culturaltravelmorocco.com\/it\/prodotto\/gita-giornaliera-privata-da-tangeri-a-tetouan\/","og_locale":"it_IT","og_type":"article","og_title":"Gita giornaliera privata da Tangeri a Tetouan","og_description":"Panoramica: Alle 9:00, la tua escursione privata da Tangeri a Tetouan inizia con il prelievo dal tuo hotel o riad in un comodo veicolo con aria condizionata. Questa gita di un giorno ti porta in una delle citt\u00e0 pi\u00f9 autentiche e meno turistiche del Marocco, dove la vita quotidiana si svolge in modo naturale, preservando [&hellip;]","og_url":"https:\/\/www.culturaltravelmorocco.com\/it\/prodotto\/gita-giornaliera-privata-da-tangeri-a-tetouan\/","og_site_name":"Cultural Travel Morocco","article_modified_time":"2026-01-12T16:18:32+00:00","twitter_card":"summary_large_image","twitter_misc":{"Tempo di lettura stimato":"1 minuto"},"schema":{"@context":"https:\/\/schema.org","@graph":[{"@type":"WebPage","@id":"https:\/\/www.culturaltravelmorocco.com\/it\/prodotto\/gita-giornaliera-privata-da-tangeri-a-tetouan\/","url":"https:\/\/www.culturaltravelmorocco.com\/it\/prodotto\/gita-giornaliera-privata-da-tangeri-a-tetouan\/","name":"Gita giornaliera privata da Tangeri a Tetouan - Cultural Travel Morocco","isPartOf":{"@id":"https:\/\/www.culturaltravelmorocco.com\/it\/#website"},"primaryImageOfPage":{"@id":"https:\/\/www.culturaltravelmorocco.com\/it\/prodotto\/gita-giornaliera-privata-da-tangeri-a-tetouan\/#primaryimage"},"image":{"@id":"https:\/\/www.culturaltravelmorocco.com\/it\/prodotto\/gita-giornaliera-privata-da-tangeri-a-tetouan\/#primaryimage"},"thumbnailUrl":"https:\/\/www.culturaltravelmorocco.com\/wp-content\/uploads\/2026\/01\/12-5.webp","datePublished":"2026-01-10T12:20:37+00:00","dateModified":"2026-01-12T16:18:32+00:00","breadcrumb":{"@id":"https:\/\/www.culturaltravelmorocco.com\/it\/prodotto\/gita-giornaliera-privata-da-tangeri-a-tetouan\/#breadcrumb"},"inLanguage":"it-IT","potentialAction":[{"@type":"ReadAction","target":["https:\/\/www.culturaltravelmorocco.com\/it\/prodotto\/gita-giornaliera-privata-da-tangeri-a-tetouan\/"]}]},{"@type":"ImageObject","inLanguage":"it-IT","@id":"https:\/\/www.culturaltravelmorocco.com\/it\/prodotto\/gita-giornaliera-privata-da-tangeri-a-tetouan\/#primaryimage","url":"https:\/\/www.culturaltravelmorocco.com\/wp-content\/uploads\/2026\/01\/12-5.webp","contentUrl":"https:\/\/www.culturaltravelmorocco.com\/wp-content\/uploads\/2026\/01\/12-5.webp","width":1200,"height":1000},{"@type":"BreadcrumbList","@id":"https:\/\/www.culturaltravelmorocco.com\/it\/prodotto\/gita-giornaliera-privata-da-tangeri-a-tetouan\/#breadcrumb","itemListElement":[{"@type":"ListItem","position":1,"name":"Home","item":"https:\/\/www.culturaltravelmorocco.com\/it\/"},{"@type":"ListItem","position":2,"name":"Prodotti","item":"https:\/\/www.culturaltravelmorocco.com\/it\/shop\/"},{"@type":"ListItem","position":3,"name":"Gita giornaliera privata da Tangeri a Tetouan"}]},{"@type":"WebSite","@id":"https:\/\/www.culturaltravelmorocco.com\/it\/#website","url":"https:\/\/www.culturaltravelmorocco.com\/it\/","name":"Cultural Travel Morocco","description":"","potentialAction":[{"@type":"SearchAction","target":{"@type":"EntryPoint","urlTemplate":"https:\/\/www.culturaltravelmorocco.com\/it\/?s={search_term_string}"},"query-input":{"@type":"PropertyValueSpecification","valueRequired":true,"valueName":"search_term_string"}}],"inLanguage":"it-IT"}]}},"_links":{"self":[{"href":"https:\/\/www.culturaltravelmorocco.com\/it\/wp-json\/wp\/v2\/product\/11150","targetHints":{"allow":["GET"]}}],"collection":[{"href":"https:\/\/www.culturaltravelmorocco.com\/it\/wp-json\/wp\/v2\/product"}],"about":[{"href":"https:\/\/www.culturaltravelmorocco.com\/it\/wp-json\/wp\/v2\/types\/product"}],"replies":[{"embeddable":true,"href":"https:\/\/www.culturaltravelmorocco.com\/it\/wp-json\/wp\/v2\/comments?post=11150"}],"wp:featuredmedia":[{"embeddable":true,"href":"https:\/\/www.culturaltravelmorocco.com\/it\/wp-json\/wp\/v2\/media\/9759"}],"wp:attachment":[{"href":"https:\/\/www.culturaltravelmorocco.com\/it\/wp-json\/wp\/v2\/media?parent=11150"}],"wp:term":[{"taxonomy":"product_brand","embeddable":true,"href":"https:\/\/www.culturaltravelmorocco.com\/it\/wp-json\/wp\/v2\/product_brand?post=11150"},{"taxonomy":"product_cat","embeddable":true,"href":"https:\/\/www.culturaltravelmorocco.com\/it\/wp-json\/wp\/v2\/product_cat?post=11150"},{"taxonomy":"product_tag","embeddable":true,"href":"https:\/\/www.culturaltravelmorocco.com\/it\/wp-json\/wp\/v2\/product_tag?post=11150"}],"curies":[{"name":"wp","href":"https:\/\/api.w.org\/{rel}","templated":true}]}}