{"id":11164,"date":"2026-01-10T12:20:37","date_gmt":"2026-01-10T12:20:37","guid":{"rendered":"https:\/\/culturaltravelmorocco.com\/product\/private-day-trip-to-chefchaouen-from-tangier\/"},"modified":"2026-01-12T16:22:56","modified_gmt":"2026-01-12T16:22:56","slug":"gita-giornaliera-privata-a-chefchaouen-da-tangeri","status":"publish","type":"product","link":"https:\/\/www.culturaltravelmorocco.com\/it\/prodotto\/gita-giornaliera-privata-a-chefchaouen-da-tangeri\/","title":{"rendered":"Gita giornaliera privata a Chefchaouen da Tangeri"},"content":{"rendered":"<h2>Panoramica:<\/h2>\n<p>Alle 8:30 verremo a prendervi al vostro hotel o riad a Tangeri e partiremo verso Chefchaouen, la famosa Citt\u00e0 Blu del Marocco, incastonata tra le montagne del Rif. Questa gita privata di un giorno offre una fuga rilassante in una delle destinazioni pi\u00f9 pittoresche del nord del paese.<\/p>\n<p>All&#8217;arrivo, avrai tempo libero per esplorare Chefchaouen al tuo ritmo, passeggiando per le sue strade dipinte di blu, le affascinanti piazze e i punti panoramici. Per i viaggiatori che desiderano saperne di pi\u00f9, \u00e8 disponibile una visita guidata facoltativa con una guida di lingua spagnola, che permetter\u00e0 di scoprire la storia, la cultura e le tradizioni locali di questa unica cittadina di montagna.<\/p>\n<p>Dopo aver goduto della magica atmosfera di Chefchaouen, faremo ritorno a Tangeri nel pomeriggio, dove verrai riaccompagnato al tuo alloggio.<\/p>\n","protected":false},"excerpt":{"rendered":"<p>Panoramica: Alle 8:30 verremo a prendervi al vostro hotel o riad a Tangeri e partiremo verso Chefchaouen, la famosa Citt\u00e0 Blu del Marocco, incastonata tra le montagne del Rif. Questa gita privata di un giorno offre una fuga rilassante in una delle destinazioni pi\u00f9 pittoresche del nord del paese. All&#8217;arrivo, avrai tempo libero per esplorare [&hellip;]<\/p>\n","protected":false},"featured_media":9772,"comment_status":"closed","ping_status":"closed","template":"","meta":{"_joinchat":[]},"product_brand":[],"product_cat":[95,92],"product_tag":[],"class_list":{"0":"post-11164","1":"product","2":"type-product","3":"status-publish","4":"has-post-thumbnail","6":"product_cat-gita-di-un-giorno-da-tangeri","7":"product_cat-gite-di-un-giorno","9":"first","10":"instock","11":"purchasable","12":"product-type-ovabrw_car_rental"},"yoast_head":"<!-- This site is optimized with the Yoast SEO Premium plugin v25.0 (Yoast SEO v25.0) - https:\/\/yoast.com\/wordpress\/plugins\/seo\/ -->\n<title>Gita giornaliera privata a Chefchaouen da Tangeri - Cultural Travel Morocco<\/title>\n<meta name=\"robots\" content=\"index, follow, max-snippet:-1, max-image-preview:large, max-video-preview:-1\" \/>\n<link rel=\"canonical\" href=\"https:\/\/www.culturaltravelmorocco.com\/it\/prodotto\/gita-giornaliera-privata-a-chefchaouen-da-tangeri\/\" \/>\n<meta property=\"og:locale\" content=\"it_IT\" \/>\n<meta property=\"og:type\" content=\"article\" \/>\n<meta property=\"og:title\" content=\"Gita giornaliera privata a Chefchaouen da Tangeri\" \/>\n<meta property=\"og:description\" content=\"Panoramica: Alle 8:30 verremo a prendervi al vostro hotel o riad a Tangeri e partiremo verso Chefchaouen, la famosa Citt\u00e0 Blu del Marocco, incastonata tra le montagne del Rif. Questa gita privata di un giorno offre una fuga rilassante in una delle destinazioni pi\u00f9 pittoresche del nord del paese. All&#8217;arrivo, avrai tempo libero per esplorare [&hellip;]\" \/>\n<meta property=\"og:url\" content=\"https:\/\/www.culturaltravelmorocco.com\/it\/prodotto\/gita-giornaliera-privata-a-chefchaouen-da-tangeri\/\" \/>\n<meta property=\"og:site_name\" content=\"Cultural Travel Morocco\" \/>\n<meta property=\"article:modified_time\" content=\"2026-01-12T16:22:56+00:00\" \/>\n<meta name=\"twitter:card\" content=\"summary_large_image\" \/>\n<meta name=\"twitter:label1\" content=\"Tempo di lettura stimato\" \/>\n\t<meta name=\"twitter:data1\" content=\"1 minuto\" \/>\n<script type=\"application\/ld+json\" class=\"yoast-schema-graph\">{\"@context\":\"https:\/\/schema.org\",\"@graph\":[{\"@type\":\"WebPage\",\"@id\":\"https:\/\/www.culturaltravelmorocco.com\/it\/prodotto\/gita-giornaliera-privata-a-chefchaouen-da-tangeri\/\",\"url\":\"https:\/\/www.culturaltravelmorocco.com\/it\/prodotto\/gita-giornaliera-privata-a-chefchaouen-da-tangeri\/\",\"name\":\"Gita giornaliera privata a Chefchaouen da Tangeri - Cultural Travel Morocco\",\"isPartOf\":{\"@id\":\"https:\/\/www.culturaltravelmorocco.com\/it\/#website\"},\"primaryImageOfPage\":{\"@id\":\"https:\/\/www.culturaltravelmorocco.com\/it\/prodotto\/gita-giornaliera-privata-a-chefchaouen-da-tangeri\/#primaryimage\"},\"image\":{\"@id\":\"https:\/\/www.culturaltravelmorocco.com\/it\/prodotto\/gita-giornaliera-privata-a-chefchaouen-da-tangeri\/#primaryimage\"},\"thumbnailUrl\":\"https:\/\/www.culturaltravelmorocco.com\/wp-content\/uploads\/2026\/01\/1-15.webp\",\"datePublished\":\"2026-01-10T12:20:37+00:00\",\"dateModified\":\"2026-01-12T16:22:56+00:00\",\"breadcrumb\":{\"@id\":\"https:\/\/www.culturaltravelmorocco.com\/it\/prodotto\/gita-giornaliera-privata-a-chefchaouen-da-tangeri\/#breadcrumb\"},\"inLanguage\":\"it-IT\",\"potentialAction\":[{\"@type\":\"ReadAction\",\"target\":[\"https:\/\/www.culturaltravelmorocco.com\/it\/prodotto\/gita-giornaliera-privata-a-chefchaouen-da-tangeri\/\"]}]},{\"@type\":\"ImageObject\",\"inLanguage\":\"it-IT\",\"@id\":\"https:\/\/www.culturaltravelmorocco.com\/it\/prodotto\/gita-giornaliera-privata-a-chefchaouen-da-tangeri\/#primaryimage\",\"url\":\"https:\/\/www.culturaltravelmorocco.com\/wp-content\/uploads\/2026\/01\/1-15.webp\",\"contentUrl\":\"https:\/\/www.culturaltravelmorocco.com\/wp-content\/uploads\/2026\/01\/1-15.webp\",\"width\":1200,\"height\":1000},{\"@type\":\"BreadcrumbList\",\"@id\":\"https:\/\/www.culturaltravelmorocco.com\/it\/prodotto\/gita-giornaliera-privata-a-chefchaouen-da-tangeri\/#breadcrumb\",\"itemListElement\":[{\"@type\":\"ListItem\",\"position\":1,\"name\":\"Home\",\"item\":\"https:\/\/www.culturaltravelmorocco.com\/it\/\"},{\"@type\":\"ListItem\",\"position\":2,\"name\":\"Prodotti\",\"item\":\"https:\/\/www.culturaltravelmorocco.com\/it\/shop\/\"},{\"@type\":\"ListItem\",\"position\":3,\"name\":\"Gita giornaliera privata a Chefchaouen da Tangeri\"}]},{\"@type\":\"WebSite\",\"@id\":\"https:\/\/www.culturaltravelmorocco.com\/it\/#website\",\"url\":\"https:\/\/www.culturaltravelmorocco.com\/it\/\",\"name\":\"Cultural Travel Morocco\",\"description\":\"\",\"potentialAction\":[{\"@type\":\"SearchAction\",\"target\":{\"@type\":\"EntryPoint\",\"urlTemplate\":\"https:\/\/www.culturaltravelmorocco.com\/it\/?s={search_term_string}\"},\"query-input\":{\"@type\":\"PropertyValueSpecification\",\"valueRequired\":true,\"valueName\":\"search_term_string\"}}],\"inLanguage\":\"it-IT\"}]}<\/script>\n<!-- \/ Yoast SEO Premium plugin. -->","yoast_head_json":{"title":"Gita giornaliera privata a Chefchaouen da Tangeri - Cultural Travel Morocco","robots":{"index":"index","follow":"follow","max-snippet":"max-snippet:-1","max-image-preview":"max-image-preview:large","max-video-preview":"max-video-preview:-1"},"canonical":"https:\/\/www.culturaltravelmorocco.com\/it\/prodotto\/gita-giornaliera-privata-a-chefchaouen-da-tangeri\/","og_locale":"it_IT","og_type":"article","og_title":"Gita giornaliera privata a Chefchaouen da Tangeri","og_description":"Panoramica: Alle 8:30 verremo a prendervi al vostro hotel o riad a Tangeri e partiremo verso Chefchaouen, la famosa Citt\u00e0 Blu del Marocco, incastonata tra le montagne del Rif. Questa gita privata di un giorno offre una fuga rilassante in una delle destinazioni pi\u00f9 pittoresche del nord del paese. All&#8217;arrivo, avrai tempo libero per esplorare [&hellip;]","og_url":"https:\/\/www.culturaltravelmorocco.com\/it\/prodotto\/gita-giornaliera-privata-a-chefchaouen-da-tangeri\/","og_site_name":"Cultural Travel Morocco","article_modified_time":"2026-01-12T16:22:56+00:00","twitter_card":"summary_large_image","twitter_misc":{"Tempo di lettura stimato":"1 minuto"},"schema":{"@context":"https:\/\/schema.org","@graph":[{"@type":"WebPage","@id":"https:\/\/www.culturaltravelmorocco.com\/it\/prodotto\/gita-giornaliera-privata-a-chefchaouen-da-tangeri\/","url":"https:\/\/www.culturaltravelmorocco.com\/it\/prodotto\/gita-giornaliera-privata-a-chefchaouen-da-tangeri\/","name":"Gita giornaliera privata a Chefchaouen da Tangeri - Cultural Travel Morocco","isPartOf":{"@id":"https:\/\/www.culturaltravelmorocco.com\/it\/#website"},"primaryImageOfPage":{"@id":"https:\/\/www.culturaltravelmorocco.com\/it\/prodotto\/gita-giornaliera-privata-a-chefchaouen-da-tangeri\/#primaryimage"},"image":{"@id":"https:\/\/www.culturaltravelmorocco.com\/it\/prodotto\/gita-giornaliera-privata-a-chefchaouen-da-tangeri\/#primaryimage"},"thumbnailUrl":"https:\/\/www.culturaltravelmorocco.com\/wp-content\/uploads\/2026\/01\/1-15.webp","datePublished":"2026-01-10T12:20:37+00:00","dateModified":"2026-01-12T16:22:56+00:00","breadcrumb":{"@id":"https:\/\/www.culturaltravelmorocco.com\/it\/prodotto\/gita-giornaliera-privata-a-chefchaouen-da-tangeri\/#breadcrumb"},"inLanguage":"it-IT","potentialAction":[{"@type":"ReadAction","target":["https:\/\/www.culturaltravelmorocco.com\/it\/prodotto\/gita-giornaliera-privata-a-chefchaouen-da-tangeri\/"]}]},{"@type":"ImageObject","inLanguage":"it-IT","@id":"https:\/\/www.culturaltravelmorocco.com\/it\/prodotto\/gita-giornaliera-privata-a-chefchaouen-da-tangeri\/#primaryimage","url":"https:\/\/www.culturaltravelmorocco.com\/wp-content\/uploads\/2026\/01\/1-15.webp","contentUrl":"https:\/\/www.culturaltravelmorocco.com\/wp-content\/uploads\/2026\/01\/1-15.webp","width":1200,"height":1000},{"@type":"BreadcrumbList","@id":"https:\/\/www.culturaltravelmorocco.com\/it\/prodotto\/gita-giornaliera-privata-a-chefchaouen-da-tangeri\/#breadcrumb","itemListElement":[{"@type":"ListItem","position":1,"name":"Home","item":"https:\/\/www.culturaltravelmorocco.com\/it\/"},{"@type":"ListItem","position":2,"name":"Prodotti","item":"https:\/\/www.culturaltravelmorocco.com\/it\/shop\/"},{"@type":"ListItem","position":3,"name":"Gita giornaliera privata a Chefchaouen da Tangeri"}]},{"@type":"WebSite","@id":"https:\/\/www.culturaltravelmorocco.com\/it\/#website","url":"https:\/\/www.culturaltravelmorocco.com\/it\/","name":"Cultural Travel Morocco","description":"","potentialAction":[{"@type":"SearchAction","target":{"@type":"EntryPoint","urlTemplate":"https:\/\/www.culturaltravelmorocco.com\/it\/?s={search_term_string}"},"query-input":{"@type":"PropertyValueSpecification","valueRequired":true,"valueName":"search_term_string"}}],"inLanguage":"it-IT"}]}},"_links":{"self":[{"href":"https:\/\/www.culturaltravelmorocco.com\/it\/wp-json\/wp\/v2\/product\/11164","targetHints":{"allow":["GET"]}}],"collection":[{"href":"https:\/\/www.culturaltravelmorocco.com\/it\/wp-json\/wp\/v2\/product"}],"about":[{"href":"https:\/\/www.culturaltravelmorocco.com\/it\/wp-json\/wp\/v2\/types\/product"}],"replies":[{"embeddable":true,"href":"https:\/\/www.culturaltravelmorocco.com\/it\/wp-json\/wp\/v2\/comments?post=11164"}],"wp:featuredmedia":[{"embeddable":true,"href":"https:\/\/www.culturaltravelmorocco.com\/it\/wp-json\/wp\/v2\/media\/9772"}],"wp:attachment":[{"href":"https:\/\/www.culturaltravelmorocco.com\/it\/wp-json\/wp\/v2\/media?parent=11164"}],"wp:term":[{"taxonomy":"product_brand","embeddable":true,"href":"https:\/\/www.culturaltravelmorocco.com\/it\/wp-json\/wp\/v2\/product_brand?post=11164"},{"taxonomy":"product_cat","embeddable":true,"href":"https:\/\/www.culturaltravelmorocco.com\/it\/wp-json\/wp\/v2\/product_cat?post=11164"},{"taxonomy":"product_tag","embeddable":true,"href":"https:\/\/www.culturaltravelmorocco.com\/it\/wp-json\/wp\/v2\/product_tag?post=11164"}],"curies":[{"name":"wp","href":"https:\/\/api.w.org\/{rel}","templated":true}]}}