{"id":11220,"date":"2026-01-10T12:20:37","date_gmt":"2026-01-10T12:20:37","guid":{"rendered":"https:\/\/culturaltravelmorocco.com\/product\/marrakech-camel-ride-experience-in-the-palm-grove\/"},"modified":"2026-01-12T16:42:15","modified_gmt":"2026-01-12T16:42:15","slug":"esperienza-di-giro-in-cammello-a-marrakech-nel-palmeto","status":"publish","type":"product","link":"https:\/\/www.culturaltravelmorocco.com\/it\/prodotto\/esperienza-di-giro-in-cammello-a-marrakech-nel-palmeto\/","title":{"rendered":"Esperienza di giro in cammello a Marrakech nel palmeto"},"content":{"rendered":"<h2>Panoramica:<\/h2>\n<p>Goditi un rilassante giro in cammello nel palmeto di Marrakech, a pochi minuti dalla vivace medina della citt\u00e0. Questa esperienza di 1 ora sui cammelli offre una fuga tranquilla in un tradizionale ambiente in stile desertico, dove natura, cultura e patrimonio berbero si fondono perfettamente.<\/p>\n<p>Cavalca un dolce cammello attraverso sentieri fiancheggiati da palme e paesaggi aperti, scoprendo un lato pi\u00f9 tranquillo di Marrakech. Lungo la strada, immergiti nelle tradizioni nomadi locali, indossa abiti tradizionali sahariani per foto memorabili e goditi un rinfrescante t\u00e8 alla menta in un&#8217;accogliente casa berbera. Questa esperienza \u00e8 l&#8217;ideale per i viaggiatori che cercano un&#8217;autentica attivit\u00e0 marocchina senza viaggiare lontano dalla citt\u00e0.<\/p>\n<h2 data-start=\"819\" data-end=\"837\">Punti salienti:<\/h2>\n<ul>\n<li data-start=\"1314\" data-end=\"1386\">Tranquillo giro in cammello attraverso l&#8217;iconico palmeto di Marrakech<\/li>\n<li data-start=\"1314\" data-end=\"1386\">Scopri l&#8217;atmosfera del deserto vicino alla citt\u00e0<\/li>\n<li data-start=\"1314\" data-end=\"1386\">Scopri le tradizioni berbere e nomadi<\/li>\n<li data-start=\"1314\" data-end=\"1386\">Indossa abiti tradizionali sahariani per foto uniche<\/li>\n<li data-start=\"1314\" data-end=\"1386\">Goditi una pausa per il t\u00e8 alla menta in una casa berbera locale<\/li>\n<li data-start=\"1314\" data-end=\"1386\">Attivit\u00e0 perfetta per famiglie, coppie e visitatori per la prima volta<\/li>\n<\/ul>\n<h2 data-start=\"819\" data-end=\"837\">Note:<\/h2>\n<ul>\n<li data-start=\"1974\" data-end=\"2030\">Questa esperienza dura\u00a0circa 1 ora\u00a0(esclusi i trasferimenti).<\/li>\n<li data-start=\"1974\" data-end=\"2030\">Sono disponibili corse mattutine e al tramonto: il tramonto \u00e8 altamente raccomandato per luci e foto magiche.<\/li>\n<li data-start=\"1974\" data-end=\"2030\">I bambini sotto i 10 anni dovrebbero viaggiare con un adulto.<\/li>\n<li data-start=\"1974\" data-end=\"2030\">Si consiglia abbigliamento comodo e scarpe chiuse.<\/li>\n<\/ul>\n","protected":false},"excerpt":{"rendered":"<p>Panoramica: Goditi un rilassante giro in cammello nel palmeto di Marrakech, a pochi minuti dalla vivace medina della citt\u00e0. Questa esperienza di 1 ora sui cammelli offre una fuga tranquilla in un tradizionale ambiente in stile desertico, dove natura, cultura e patrimonio berbero si fondono perfettamente. Cavalca un dolce cammello attraverso sentieri fiancheggiati da palme [&hellip;]<\/p>\n","protected":false},"featured_media":11221,"comment_status":"closed","ping_status":"closed","template":"","meta":{"_joinchat":[]},"product_brand":[],"product_cat":[91],"product_tag":[],"class_list":{"0":"post-11220","1":"product","2":"type-product","3":"status-publish","4":"has-post-thumbnail","6":"product_cat-trekking-sui-cammelli","8":"first","9":"instock","10":"purchasable","11":"product-type-ovabrw_car_rental"},"yoast_head":"<!-- This site is optimized with the Yoast SEO Premium plugin v25.0 (Yoast SEO v25.0) - https:\/\/yoast.com\/wordpress\/plugins\/seo\/ -->\n<title>Esperienza di giro in cammello a Marrakech nel palmeto - Cultural Travel Morocco<\/title>\n<meta name=\"robots\" content=\"index, follow, max-snippet:-1, max-image-preview:large, max-video-preview:-1\" \/>\n<link rel=\"canonical\" href=\"https:\/\/www.culturaltravelmorocco.com\/it\/prodotto\/esperienza-di-giro-in-cammello-a-marrakech-nel-palmeto\/\" \/>\n<meta property=\"og:locale\" content=\"it_IT\" \/>\n<meta property=\"og:type\" content=\"article\" \/>\n<meta property=\"og:title\" content=\"Esperienza di giro in cammello a Marrakech nel palmeto\" \/>\n<meta property=\"og:description\" content=\"Panoramica: Goditi un rilassante giro in cammello nel palmeto di Marrakech, a pochi minuti dalla vivace medina della citt\u00e0. Questa esperienza di 1 ora sui cammelli offre una fuga tranquilla in un tradizionale ambiente in stile desertico, dove natura, cultura e patrimonio berbero si fondono perfettamente. Cavalca un dolce cammello attraverso sentieri fiancheggiati da palme [&hellip;]\" \/>\n<meta property=\"og:url\" content=\"https:\/\/www.culturaltravelmorocco.com\/it\/prodotto\/esperienza-di-giro-in-cammello-a-marrakech-nel-palmeto\/\" \/>\n<meta property=\"og:site_name\" content=\"Cultural Travel Morocco\" \/>\n<meta property=\"article:modified_time\" content=\"2026-01-12T16:42:15+00:00\" \/>\n<meta property=\"og:image\" content=\"https:\/\/www.culturaltravelmorocco.com\/wp-content\/uploads\/2026\/01\/7-16.webp\" \/>\n\t<meta property=\"og:image:width\" content=\"1200\" \/>\n\t<meta property=\"og:image:height\" content=\"1000\" \/>\n\t<meta property=\"og:image:type\" content=\"image\/webp\" \/>\n<meta name=\"twitter:card\" content=\"summary_large_image\" \/>\n<meta name=\"twitter:label1\" content=\"Tempo di lettura stimato\" \/>\n\t<meta name=\"twitter:data1\" content=\"2 minuti\" \/>\n<script type=\"application\/ld+json\" class=\"yoast-schema-graph\">{\"@context\":\"https:\/\/schema.org\",\"@graph\":[{\"@type\":\"WebPage\",\"@id\":\"https:\/\/www.culturaltravelmorocco.com\/it\/prodotto\/esperienza-di-giro-in-cammello-a-marrakech-nel-palmeto\/\",\"url\":\"https:\/\/www.culturaltravelmorocco.com\/it\/prodotto\/esperienza-di-giro-in-cammello-a-marrakech-nel-palmeto\/\",\"name\":\"Esperienza di giro in cammello a Marrakech nel palmeto - Cultural Travel Morocco\",\"isPartOf\":{\"@id\":\"https:\/\/www.culturaltravelmorocco.com\/it\/#website\"},\"primaryImageOfPage\":{\"@id\":\"https:\/\/www.culturaltravelmorocco.com\/it\/prodotto\/esperienza-di-giro-in-cammello-a-marrakech-nel-palmeto\/#primaryimage\"},\"image\":{\"@id\":\"https:\/\/www.culturaltravelmorocco.com\/it\/prodotto\/esperienza-di-giro-in-cammello-a-marrakech-nel-palmeto\/#primaryimage\"},\"thumbnailUrl\":\"https:\/\/www.culturaltravelmorocco.com\/wp-content\/uploads\/2026\/01\/7-16.webp\",\"datePublished\":\"2026-01-10T12:20:37+00:00\",\"dateModified\":\"2026-01-12T16:42:15+00:00\",\"breadcrumb\":{\"@id\":\"https:\/\/www.culturaltravelmorocco.com\/it\/prodotto\/esperienza-di-giro-in-cammello-a-marrakech-nel-palmeto\/#breadcrumb\"},\"inLanguage\":\"it-IT\",\"potentialAction\":[{\"@type\":\"ReadAction\",\"target\":[\"https:\/\/www.culturaltravelmorocco.com\/it\/prodotto\/esperienza-di-giro-in-cammello-a-marrakech-nel-palmeto\/\"]}]},{\"@type\":\"ImageObject\",\"inLanguage\":\"it-IT\",\"@id\":\"https:\/\/www.culturaltravelmorocco.com\/it\/prodotto\/esperienza-di-giro-in-cammello-a-marrakech-nel-palmeto\/#primaryimage\",\"url\":\"https:\/\/www.culturaltravelmorocco.com\/wp-content\/uploads\/2026\/01\/7-16.webp\",\"contentUrl\":\"https:\/\/www.culturaltravelmorocco.com\/wp-content\/uploads\/2026\/01\/7-16.webp\",\"width\":1200,\"height\":1000},{\"@type\":\"BreadcrumbList\",\"@id\":\"https:\/\/www.culturaltravelmorocco.com\/it\/prodotto\/esperienza-di-giro-in-cammello-a-marrakech-nel-palmeto\/#breadcrumb\",\"itemListElement\":[{\"@type\":\"ListItem\",\"position\":1,\"name\":\"Home\",\"item\":\"https:\/\/www.culturaltravelmorocco.com\/it\/\"},{\"@type\":\"ListItem\",\"position\":2,\"name\":\"Prodotti\",\"item\":\"https:\/\/www.culturaltravelmorocco.com\/it\/shop\/\"},{\"@type\":\"ListItem\",\"position\":3,\"name\":\"Esperienza di giro in cammello a Marrakech nel palmeto\"}]},{\"@type\":\"WebSite\",\"@id\":\"https:\/\/www.culturaltravelmorocco.com\/it\/#website\",\"url\":\"https:\/\/www.culturaltravelmorocco.com\/it\/\",\"name\":\"Cultural Travel Morocco\",\"description\":\"\",\"potentialAction\":[{\"@type\":\"SearchAction\",\"target\":{\"@type\":\"EntryPoint\",\"urlTemplate\":\"https:\/\/www.culturaltravelmorocco.com\/it\/?s={search_term_string}\"},\"query-input\":{\"@type\":\"PropertyValueSpecification\",\"valueRequired\":true,\"valueName\":\"search_term_string\"}}],\"inLanguage\":\"it-IT\"}]}<\/script>\n<!-- \/ Yoast SEO Premium plugin. -->","yoast_head_json":{"title":"Esperienza di giro in cammello a Marrakech nel palmeto - Cultural Travel Morocco","robots":{"index":"index","follow":"follow","max-snippet":"max-snippet:-1","max-image-preview":"max-image-preview:large","max-video-preview":"max-video-preview:-1"},"canonical":"https:\/\/www.culturaltravelmorocco.com\/it\/prodotto\/esperienza-di-giro-in-cammello-a-marrakech-nel-palmeto\/","og_locale":"it_IT","og_type":"article","og_title":"Esperienza di giro in cammello a Marrakech nel palmeto","og_description":"Panoramica: Goditi un rilassante giro in cammello nel palmeto di Marrakech, a pochi minuti dalla vivace medina della citt\u00e0. Questa esperienza di 1 ora sui cammelli offre una fuga tranquilla in un tradizionale ambiente in stile desertico, dove natura, cultura e patrimonio berbero si fondono perfettamente. Cavalca un dolce cammello attraverso sentieri fiancheggiati da palme [&hellip;]","og_url":"https:\/\/www.culturaltravelmorocco.com\/it\/prodotto\/esperienza-di-giro-in-cammello-a-marrakech-nel-palmeto\/","og_site_name":"Cultural Travel Morocco","article_modified_time":"2026-01-12T16:42:15+00:00","og_image":[{"width":1200,"height":1000,"url":"https:\/\/www.culturaltravelmorocco.com\/wp-content\/uploads\/2026\/01\/7-16.webp","type":"image\/webp"}],"twitter_card":"summary_large_image","twitter_misc":{"Tempo di lettura stimato":"2 minuti"},"schema":{"@context":"https:\/\/schema.org","@graph":[{"@type":"WebPage","@id":"https:\/\/www.culturaltravelmorocco.com\/it\/prodotto\/esperienza-di-giro-in-cammello-a-marrakech-nel-palmeto\/","url":"https:\/\/www.culturaltravelmorocco.com\/it\/prodotto\/esperienza-di-giro-in-cammello-a-marrakech-nel-palmeto\/","name":"Esperienza di giro in cammello a Marrakech nel palmeto - Cultural Travel Morocco","isPartOf":{"@id":"https:\/\/www.culturaltravelmorocco.com\/it\/#website"},"primaryImageOfPage":{"@id":"https:\/\/www.culturaltravelmorocco.com\/it\/prodotto\/esperienza-di-giro-in-cammello-a-marrakech-nel-palmeto\/#primaryimage"},"image":{"@id":"https:\/\/www.culturaltravelmorocco.com\/it\/prodotto\/esperienza-di-giro-in-cammello-a-marrakech-nel-palmeto\/#primaryimage"},"thumbnailUrl":"https:\/\/www.culturaltravelmorocco.com\/wp-content\/uploads\/2026\/01\/7-16.webp","datePublished":"2026-01-10T12:20:37+00:00","dateModified":"2026-01-12T16:42:15+00:00","breadcrumb":{"@id":"https:\/\/www.culturaltravelmorocco.com\/it\/prodotto\/esperienza-di-giro-in-cammello-a-marrakech-nel-palmeto\/#breadcrumb"},"inLanguage":"it-IT","potentialAction":[{"@type":"ReadAction","target":["https:\/\/www.culturaltravelmorocco.com\/it\/prodotto\/esperienza-di-giro-in-cammello-a-marrakech-nel-palmeto\/"]}]},{"@type":"ImageObject","inLanguage":"it-IT","@id":"https:\/\/www.culturaltravelmorocco.com\/it\/prodotto\/esperienza-di-giro-in-cammello-a-marrakech-nel-palmeto\/#primaryimage","url":"https:\/\/www.culturaltravelmorocco.com\/wp-content\/uploads\/2026\/01\/7-16.webp","contentUrl":"https:\/\/www.culturaltravelmorocco.com\/wp-content\/uploads\/2026\/01\/7-16.webp","width":1200,"height":1000},{"@type":"BreadcrumbList","@id":"https:\/\/www.culturaltravelmorocco.com\/it\/prodotto\/esperienza-di-giro-in-cammello-a-marrakech-nel-palmeto\/#breadcrumb","itemListElement":[{"@type":"ListItem","position":1,"name":"Home","item":"https:\/\/www.culturaltravelmorocco.com\/it\/"},{"@type":"ListItem","position":2,"name":"Prodotti","item":"https:\/\/www.culturaltravelmorocco.com\/it\/shop\/"},{"@type":"ListItem","position":3,"name":"Esperienza di giro in cammello a Marrakech nel palmeto"}]},{"@type":"WebSite","@id":"https:\/\/www.culturaltravelmorocco.com\/it\/#website","url":"https:\/\/www.culturaltravelmorocco.com\/it\/","name":"Cultural Travel Morocco","description":"","potentialAction":[{"@type":"SearchAction","target":{"@type":"EntryPoint","urlTemplate":"https:\/\/www.culturaltravelmorocco.com\/it\/?s={search_term_string}"},"query-input":{"@type":"PropertyValueSpecification","valueRequired":true,"valueName":"search_term_string"}}],"inLanguage":"it-IT"}]}},"_links":{"self":[{"href":"https:\/\/www.culturaltravelmorocco.com\/it\/wp-json\/wp\/v2\/product\/11220","targetHints":{"allow":["GET"]}}],"collection":[{"href":"https:\/\/www.culturaltravelmorocco.com\/it\/wp-json\/wp\/v2\/product"}],"about":[{"href":"https:\/\/www.culturaltravelmorocco.com\/it\/wp-json\/wp\/v2\/types\/product"}],"replies":[{"embeddable":true,"href":"https:\/\/www.culturaltravelmorocco.com\/it\/wp-json\/wp\/v2\/comments?post=11220"}],"wp:featuredmedia":[{"embeddable":true,"href":"https:\/\/www.culturaltravelmorocco.com\/it\/wp-json\/wp\/v2\/media\/11221"}],"wp:attachment":[{"href":"https:\/\/www.culturaltravelmorocco.com\/it\/wp-json\/wp\/v2\/media?parent=11220"}],"wp:term":[{"taxonomy":"product_brand","embeddable":true,"href":"https:\/\/www.culturaltravelmorocco.com\/it\/wp-json\/wp\/v2\/product_brand?post=11220"},{"taxonomy":"product_cat","embeddable":true,"href":"https:\/\/www.culturaltravelmorocco.com\/it\/wp-json\/wp\/v2\/product_cat?post=11220"},{"taxonomy":"product_tag","embeddable":true,"href":"https:\/\/www.culturaltravelmorocco.com\/it\/wp-json\/wp\/v2\/product_tag?post=11220"}],"curies":[{"name":"wp","href":"https:\/\/api.w.org\/{rel}","templated":true}]}}