{"id":11235,"date":"2026-01-10T12:20:37","date_gmt":"2026-01-10T12:20:37","guid":{"rendered":"https:\/\/culturaltravelmorocco.com\/product\/agafay-desert-quad-biking-adventure-from-marrakech\/"},"modified":"2026-01-12T16:47:49","modified_gmt":"2026-01-12T16:47:49","slug":"avventura-in-quad-nel-deserto-di-agafay-da-marrakech","status":"publish","type":"product","link":"https:\/\/www.culturaltravelmorocco.com\/it\/prodotto\/avventura-in-quad-nel-deserto-di-agafay-da-marrakech\/","title":{"rendered":"Avventura in quad nel deserto di Agafay da Marrakech"},"content":{"rendered":"<h2>Panoramica:<\/h2>\n<p>La tua avventura in quad nel deserto di Agafay inizia con il prelievo dal tuo hotel o riad a Marrakech. Dopo un viaggio panoramico di 45 minuti, arriverai al paesaggio roccioso del deserto di Agafay, con viste mozzafiato sulle montagne dell&#8217;Atlante.<\/p>\n<p>All&#8217;arrivo, riceverai un briefing completo sulla sicurezza e istruzioni sul quad dalle nostre guide esperte per garantire un viaggio sicuro e divertente. Quindi, parti per un emozionante viaggio in quad attraverso il terreno accidentato del deserto, esplorando ampi spazi aperti e viste panoramiche mozzafiato.<\/p>\n<p>A met\u00e0 del tour, ci fermeremo in un tradizionale bivacco nel deserto, dove potrete rilassarvi e gustare l&#8217;autentico t\u00e8 alla menta marocchino, simbolo dell&#8217;ospitalit\u00e0 locale. Questa pausa tranquilla \u00e8 perfetta per scattare foto e immergersi nell&#8217;atmosfera unica del deserto.<\/p>\n<p>Dopo la pausa, continua il tuo emozionante giro in quad fino al punto di partenza, seguito da un comodo trasferimento di ritorno a Marrakech, lasciandoti ricordi indimenticabili del deserto di Agafay.<\/p>\n<h2 data-start=\"819\" data-end=\"837\">Punti salienti:<\/h2>\n<ul>\n<li>Avventura adrenalinica nel deserto roccioso<\/li>\n<li>Viste panoramiche sulle montagne dell&#8217;Atlante<\/li>\n<li>Pausa t\u00e8 tradizionale con la gente del posto<\/li>\n<li>Perfetto per tutti i livelli di esperienza<\/li>\n<\/ul>\n<h2 data-start=\"819\" data-end=\"837\">Note:<\/h2>\n<ul>\n<li>Et\u00e0 per guida solista: 14+ anni<\/li>\n<li>I minori di 14 anni viaggiano con gli adulti<\/li>\n<li>Nessuna licenza necessaria<\/li>\n<li>Adatto ai principianti; indossare abiti comodi e scarpe chiuse<\/li>\n<li>Disponibili tariffe speciali per gruppi<\/li>\n<li>Opzioni di ritmo adatte alla famiglia<\/li>\n<\/ul>\n","protected":false},"excerpt":{"rendered":"<p>Panoramica: La tua avventura in quad nel deserto di Agafay inizia con il prelievo dal tuo hotel o riad a Marrakech. Dopo un viaggio panoramico di 45 minuti, arriverai al paesaggio roccioso del deserto di Agafay, con viste mozzafiato sulle montagne dell&#8217;Atlante. All&#8217;arrivo, riceverai un briefing completo sulla sicurezza e istruzioni sul quad dalle nostre [&hellip;]<\/p>\n","protected":false},"featured_media":9794,"comment_status":"closed","ping_status":"closed","template":"","meta":{"_joinchat":[]},"product_brand":[],"product_cat":[94,92],"product_tag":[],"class_list":{"0":"post-11235","1":"product","2":"type-product","3":"status-publish","4":"has-post-thumbnail","6":"product_cat-gita-di-un-giorno-da-marrakech","7":"product_cat-gite-di-un-giorno","9":"first","10":"instock","11":"purchasable","12":"product-type-ovabrw_car_rental"},"yoast_head":"<!-- This site is optimized with the Yoast SEO Premium plugin v25.0 (Yoast SEO v25.0) - https:\/\/yoast.com\/wordpress\/plugins\/seo\/ -->\n<title>Avventura in quad nel deserto di Agafay da Marrakech - Cultural Travel Morocco<\/title>\n<meta name=\"robots\" content=\"index, follow, max-snippet:-1, max-image-preview:large, max-video-preview:-1\" \/>\n<link rel=\"canonical\" href=\"https:\/\/www.culturaltravelmorocco.com\/it\/prodotto\/avventura-in-quad-nel-deserto-di-agafay-da-marrakech\/\" \/>\n<meta property=\"og:locale\" content=\"it_IT\" \/>\n<meta property=\"og:type\" content=\"article\" \/>\n<meta property=\"og:title\" content=\"Avventura in quad nel deserto di Agafay da Marrakech\" \/>\n<meta property=\"og:description\" content=\"Panoramica: La tua avventura in quad nel deserto di Agafay inizia con il prelievo dal tuo hotel o riad a Marrakech. Dopo un viaggio panoramico di 45 minuti, arriverai al paesaggio roccioso del deserto di Agafay, con viste mozzafiato sulle montagne dell&#8217;Atlante. All&#8217;arrivo, riceverai un briefing completo sulla sicurezza e istruzioni sul quad dalle nostre [&hellip;]\" \/>\n<meta property=\"og:url\" content=\"https:\/\/www.culturaltravelmorocco.com\/it\/prodotto\/avventura-in-quad-nel-deserto-di-agafay-da-marrakech\/\" \/>\n<meta property=\"og:site_name\" content=\"Cultural Travel Morocco\" \/>\n<meta property=\"article:modified_time\" content=\"2026-01-12T16:47:49+00:00\" \/>\n<meta name=\"twitter:card\" content=\"summary_large_image\" \/>\n<meta name=\"twitter:label1\" content=\"Tempo di lettura stimato\" \/>\n\t<meta name=\"twitter:data1\" content=\"2 minuti\" \/>\n<script type=\"application\/ld+json\" class=\"yoast-schema-graph\">{\"@context\":\"https:\/\/schema.org\",\"@graph\":[{\"@type\":\"WebPage\",\"@id\":\"https:\/\/www.culturaltravelmorocco.com\/it\/prodotto\/avventura-in-quad-nel-deserto-di-agafay-da-marrakech\/\",\"url\":\"https:\/\/www.culturaltravelmorocco.com\/it\/prodotto\/avventura-in-quad-nel-deserto-di-agafay-da-marrakech\/\",\"name\":\"Avventura in quad nel deserto di Agafay da Marrakech - Cultural Travel Morocco\",\"isPartOf\":{\"@id\":\"https:\/\/www.culturaltravelmorocco.com\/it\/#website\"},\"primaryImageOfPage\":{\"@id\":\"https:\/\/www.culturaltravelmorocco.com\/it\/prodotto\/avventura-in-quad-nel-deserto-di-agafay-da-marrakech\/#primaryimage\"},\"image\":{\"@id\":\"https:\/\/www.culturaltravelmorocco.com\/it\/prodotto\/avventura-in-quad-nel-deserto-di-agafay-da-marrakech\/#primaryimage\"},\"thumbnailUrl\":\"https:\/\/www.culturaltravelmorocco.com\/wp-content\/uploads\/2026\/01\/13-5.webp\",\"datePublished\":\"2026-01-10T12:20:37+00:00\",\"dateModified\":\"2026-01-12T16:47:49+00:00\",\"breadcrumb\":{\"@id\":\"https:\/\/www.culturaltravelmorocco.com\/it\/prodotto\/avventura-in-quad-nel-deserto-di-agafay-da-marrakech\/#breadcrumb\"},\"inLanguage\":\"it-IT\",\"potentialAction\":[{\"@type\":\"ReadAction\",\"target\":[\"https:\/\/www.culturaltravelmorocco.com\/it\/prodotto\/avventura-in-quad-nel-deserto-di-agafay-da-marrakech\/\"]}]},{\"@type\":\"ImageObject\",\"inLanguage\":\"it-IT\",\"@id\":\"https:\/\/www.culturaltravelmorocco.com\/it\/prodotto\/avventura-in-quad-nel-deserto-di-agafay-da-marrakech\/#primaryimage\",\"url\":\"https:\/\/www.culturaltravelmorocco.com\/wp-content\/uploads\/2026\/01\/13-5.webp\",\"contentUrl\":\"https:\/\/www.culturaltravelmorocco.com\/wp-content\/uploads\/2026\/01\/13-5.webp\",\"width\":1200,\"height\":1000},{\"@type\":\"BreadcrumbList\",\"@id\":\"https:\/\/www.culturaltravelmorocco.com\/it\/prodotto\/avventura-in-quad-nel-deserto-di-agafay-da-marrakech\/#breadcrumb\",\"itemListElement\":[{\"@type\":\"ListItem\",\"position\":1,\"name\":\"Home\",\"item\":\"https:\/\/www.culturaltravelmorocco.com\/it\/\"},{\"@type\":\"ListItem\",\"position\":2,\"name\":\"Prodotti\",\"item\":\"https:\/\/www.culturaltravelmorocco.com\/it\/shop\/\"},{\"@type\":\"ListItem\",\"position\":3,\"name\":\"Avventura in quad nel deserto di Agafay da Marrakech\"}]},{\"@type\":\"WebSite\",\"@id\":\"https:\/\/www.culturaltravelmorocco.com\/it\/#website\",\"url\":\"https:\/\/www.culturaltravelmorocco.com\/it\/\",\"name\":\"Cultural Travel Morocco\",\"description\":\"\",\"potentialAction\":[{\"@type\":\"SearchAction\",\"target\":{\"@type\":\"EntryPoint\",\"urlTemplate\":\"https:\/\/www.culturaltravelmorocco.com\/it\/?s={search_term_string}\"},\"query-input\":{\"@type\":\"PropertyValueSpecification\",\"valueRequired\":true,\"valueName\":\"search_term_string\"}}],\"inLanguage\":\"it-IT\"}]}<\/script>\n<!-- \/ Yoast SEO Premium plugin. -->","yoast_head_json":{"title":"Avventura in quad nel deserto di Agafay da Marrakech - Cultural Travel Morocco","robots":{"index":"index","follow":"follow","max-snippet":"max-snippet:-1","max-image-preview":"max-image-preview:large","max-video-preview":"max-video-preview:-1"},"canonical":"https:\/\/www.culturaltravelmorocco.com\/it\/prodotto\/avventura-in-quad-nel-deserto-di-agafay-da-marrakech\/","og_locale":"it_IT","og_type":"article","og_title":"Avventura in quad nel deserto di Agafay da Marrakech","og_description":"Panoramica: La tua avventura in quad nel deserto di Agafay inizia con il prelievo dal tuo hotel o riad a Marrakech. Dopo un viaggio panoramico di 45 minuti, arriverai al paesaggio roccioso del deserto di Agafay, con viste mozzafiato sulle montagne dell&#8217;Atlante. All&#8217;arrivo, riceverai un briefing completo sulla sicurezza e istruzioni sul quad dalle nostre [&hellip;]","og_url":"https:\/\/www.culturaltravelmorocco.com\/it\/prodotto\/avventura-in-quad-nel-deserto-di-agafay-da-marrakech\/","og_site_name":"Cultural Travel Morocco","article_modified_time":"2026-01-12T16:47:49+00:00","twitter_card":"summary_large_image","twitter_misc":{"Tempo di lettura stimato":"2 minuti"},"schema":{"@context":"https:\/\/schema.org","@graph":[{"@type":"WebPage","@id":"https:\/\/www.culturaltravelmorocco.com\/it\/prodotto\/avventura-in-quad-nel-deserto-di-agafay-da-marrakech\/","url":"https:\/\/www.culturaltravelmorocco.com\/it\/prodotto\/avventura-in-quad-nel-deserto-di-agafay-da-marrakech\/","name":"Avventura in quad nel deserto di Agafay da Marrakech - Cultural Travel Morocco","isPartOf":{"@id":"https:\/\/www.culturaltravelmorocco.com\/it\/#website"},"primaryImageOfPage":{"@id":"https:\/\/www.culturaltravelmorocco.com\/it\/prodotto\/avventura-in-quad-nel-deserto-di-agafay-da-marrakech\/#primaryimage"},"image":{"@id":"https:\/\/www.culturaltravelmorocco.com\/it\/prodotto\/avventura-in-quad-nel-deserto-di-agafay-da-marrakech\/#primaryimage"},"thumbnailUrl":"https:\/\/www.culturaltravelmorocco.com\/wp-content\/uploads\/2026\/01\/13-5.webp","datePublished":"2026-01-10T12:20:37+00:00","dateModified":"2026-01-12T16:47:49+00:00","breadcrumb":{"@id":"https:\/\/www.culturaltravelmorocco.com\/it\/prodotto\/avventura-in-quad-nel-deserto-di-agafay-da-marrakech\/#breadcrumb"},"inLanguage":"it-IT","potentialAction":[{"@type":"ReadAction","target":["https:\/\/www.culturaltravelmorocco.com\/it\/prodotto\/avventura-in-quad-nel-deserto-di-agafay-da-marrakech\/"]}]},{"@type":"ImageObject","inLanguage":"it-IT","@id":"https:\/\/www.culturaltravelmorocco.com\/it\/prodotto\/avventura-in-quad-nel-deserto-di-agafay-da-marrakech\/#primaryimage","url":"https:\/\/www.culturaltravelmorocco.com\/wp-content\/uploads\/2026\/01\/13-5.webp","contentUrl":"https:\/\/www.culturaltravelmorocco.com\/wp-content\/uploads\/2026\/01\/13-5.webp","width":1200,"height":1000},{"@type":"BreadcrumbList","@id":"https:\/\/www.culturaltravelmorocco.com\/it\/prodotto\/avventura-in-quad-nel-deserto-di-agafay-da-marrakech\/#breadcrumb","itemListElement":[{"@type":"ListItem","position":1,"name":"Home","item":"https:\/\/www.culturaltravelmorocco.com\/it\/"},{"@type":"ListItem","position":2,"name":"Prodotti","item":"https:\/\/www.culturaltravelmorocco.com\/it\/shop\/"},{"@type":"ListItem","position":3,"name":"Avventura in quad nel deserto di Agafay da Marrakech"}]},{"@type":"WebSite","@id":"https:\/\/www.culturaltravelmorocco.com\/it\/#website","url":"https:\/\/www.culturaltravelmorocco.com\/it\/","name":"Cultural Travel Morocco","description":"","potentialAction":[{"@type":"SearchAction","target":{"@type":"EntryPoint","urlTemplate":"https:\/\/www.culturaltravelmorocco.com\/it\/?s={search_term_string}"},"query-input":{"@type":"PropertyValueSpecification","valueRequired":true,"valueName":"search_term_string"}}],"inLanguage":"it-IT"}]}},"_links":{"self":[{"href":"https:\/\/www.culturaltravelmorocco.com\/it\/wp-json\/wp\/v2\/product\/11235","targetHints":{"allow":["GET"]}}],"collection":[{"href":"https:\/\/www.culturaltravelmorocco.com\/it\/wp-json\/wp\/v2\/product"}],"about":[{"href":"https:\/\/www.culturaltravelmorocco.com\/it\/wp-json\/wp\/v2\/types\/product"}],"replies":[{"embeddable":true,"href":"https:\/\/www.culturaltravelmorocco.com\/it\/wp-json\/wp\/v2\/comments?post=11235"}],"wp:featuredmedia":[{"embeddable":true,"href":"https:\/\/www.culturaltravelmorocco.com\/it\/wp-json\/wp\/v2\/media\/9794"}],"wp:attachment":[{"href":"https:\/\/www.culturaltravelmorocco.com\/it\/wp-json\/wp\/v2\/media?parent=11235"}],"wp:term":[{"taxonomy":"product_brand","embeddable":true,"href":"https:\/\/www.culturaltravelmorocco.com\/it\/wp-json\/wp\/v2\/product_brand?post=11235"},{"taxonomy":"product_cat","embeddable":true,"href":"https:\/\/www.culturaltravelmorocco.com\/it\/wp-json\/wp\/v2\/product_cat?post=11235"},{"taxonomy":"product_tag","embeddable":true,"href":"https:\/\/www.culturaltravelmorocco.com\/it\/wp-json\/wp\/v2\/product_tag?post=11235"}],"curies":[{"name":"wp","href":"https:\/\/api.w.org\/{rel}","templated":true}]}}