{"id":11299,"date":"2026-01-10T12:20:37","date_gmt":"2026-01-10T12:20:37","guid":{"rendered":"https:\/\/culturaltravelmorocco.com\/product\/16-day-grand-morocco-tour-from-tangier-to-casablanca\/"},"modified":"2026-01-12T17:51:43","modified_gmt":"2026-01-12T17:51:43","slug":"grand-tour-del-marocco-di-16-giorni-da-tangeri-a-casablanca","status":"publish","type":"product","link":"https:\/\/www.culturaltravelmorocco.com\/it\/prodotto\/grand-tour-del-marocco-di-16-giorni-da-tangeri-a-casablanca\/","title":{"rendered":"Grand Tour del Marocco di 16 giorni da Tangeri a Casablanca"},"content":{"rendered":"<h2>Panoramica:<\/h2>\n<p>Questo tour di 16 giorni in Marocco da Tangeri a Casablanca \u00e8 uno dei viaggi pi\u00f9 completi della nostra collezione, pensato per i viaggiatori che desiderano vivere tutto ci\u00f2 che il Marocco ha da offrire senza compromessi. L&#8217;itinerario unisce la scoperta culturale, l&#8217;esplorazione naturalistica e l&#8217;autentica vita locale, combinando visite guidate con tempo libero per shopping, relax e interessi personali. Dalle vivaci citt\u00e0 ai villaggi remoti, dai parchi panoramici ai paesaggi desertici pi\u00f9 profondi esplorati a bordo di veicoli 4&#215;4 e a dorso di cammello, questo tour offre un ritmo perfettamente equilibrato che vi permetter\u00e0 di godervi ogni destinazione in tutta tranquillit\u00e0.<\/p>\n<p>Durante il viaggio, esplorerete un&#8217;eccezionale concentrazione di siti Patrimonio dell&#8217;Umanit\u00e0 UNESCO, tra cui Marrakech, Fez, Meknes, Rabat, Essaouira, Volubilis, Tetouan e Ait Ben Haddou, oltre a citt\u00e0 affascinanti come Chefchaouen, Asilah, Rissani e Ouarzazate. La natura si rivela in una variet\u00e0 mozzafiato: le dune dorate dell&#8217;Erg Chebbi, le oasi di palme della Valle del Dades, le spettacolari Gole del Todra, le cime innevate dell&#8217;Alto Atlante, le foreste di cedri del Medio Atlante, le spiagge atlantiche e i vasti campi di argan. Viaggiando comodamente su strada per 16 giorni e 15 notti, questo grandioso itinerario da nord a sud offre un&#8217;esperienza marocchina profonda, immersiva e indimenticabile, che si concluder\u00e0 a Casablanca dopo aver scoperto il Paese nella sua massima espressione.<\/p>\n","protected":false},"excerpt":{"rendered":"<p>Panoramica: Questo tour di 16 giorni in Marocco da Tangeri a Casablanca \u00e8 uno dei viaggi pi\u00f9 completi della nostra collezione, pensato per i viaggiatori che desiderano vivere tutto ci\u00f2 che il Marocco ha da offrire senza compromessi. L&#8217;itinerario unisce la scoperta culturale, l&#8217;esplorazione naturalistica e l&#8217;autentica vita locale, combinando visite guidate con tempo libero [&hellip;]<\/p>\n","protected":false},"featured_media":11168,"comment_status":"closed","ping_status":"closed","template":"","meta":{"_joinchat":[]},"product_brand":[],"product_cat":[99],"product_tag":[],"class_list":{"0":"post-11299","1":"product","2":"type-product","3":"status-publish","4":"has-post-thumbnail","6":"brw_tour_types-beaches","7":"brw_tour_types-culture","8":"brw_tour_types-family","9":"product_cat-tour-da-tangeri","11":"first","12":"instock","13":"purchasable","14":"product-type-ovabrw_car_rental"},"yoast_head":"<!-- This site is optimized with the Yoast SEO Premium plugin v25.0 (Yoast SEO v25.0) - https:\/\/yoast.com\/wordpress\/plugins\/seo\/ -->\n<title>Grand Tour del Marocco di 16 giorni da Tangeri a Casablanca - Cultural Travel Morocco<\/title>\n<meta name=\"robots\" content=\"index, follow, max-snippet:-1, max-image-preview:large, max-video-preview:-1\" \/>\n<link rel=\"canonical\" href=\"https:\/\/www.culturaltravelmorocco.com\/it\/prodotto\/grand-tour-del-marocco-di-16-giorni-da-tangeri-a-casablanca\/\" \/>\n<meta property=\"og:locale\" content=\"it_IT\" \/>\n<meta property=\"og:type\" content=\"article\" \/>\n<meta property=\"og:title\" content=\"Grand Tour del Marocco di 16 giorni da Tangeri a Casablanca\" \/>\n<meta property=\"og:description\" content=\"Panoramica: Questo tour di 16 giorni in Marocco da Tangeri a Casablanca \u00e8 uno dei viaggi pi\u00f9 completi della nostra collezione, pensato per i viaggiatori che desiderano vivere tutto ci\u00f2 che il Marocco ha da offrire senza compromessi. L&#8217;itinerario unisce la scoperta culturale, l&#8217;esplorazione naturalistica e l&#8217;autentica vita locale, combinando visite guidate con tempo libero [&hellip;]\" \/>\n<meta property=\"og:url\" content=\"https:\/\/www.culturaltravelmorocco.com\/it\/prodotto\/grand-tour-del-marocco-di-16-giorni-da-tangeri-a-casablanca\/\" \/>\n<meta property=\"og:site_name\" content=\"Cultural Travel Morocco\" \/>\n<meta property=\"article:modified_time\" content=\"2026-01-12T17:51:43+00:00\" \/>\n<meta property=\"og:image\" content=\"https:\/\/www.culturaltravelmorocco.com\/wp-content\/uploads\/2026\/01\/2-8-1.webp\" \/>\n\t<meta property=\"og:image:width\" content=\"1200\" \/>\n\t<meta property=\"og:image:height\" content=\"1000\" \/>\n\t<meta property=\"og:image:type\" content=\"image\/webp\" \/>\n<meta name=\"twitter:card\" content=\"summary_large_image\" \/>\n<meta name=\"twitter:label1\" content=\"Tempo di lettura stimato\" \/>\n\t<meta name=\"twitter:data1\" content=\"2 minuti\" \/>\n<script type=\"application\/ld+json\" class=\"yoast-schema-graph\">{\"@context\":\"https:\/\/schema.org\",\"@graph\":[{\"@type\":\"WebPage\",\"@id\":\"https:\/\/www.culturaltravelmorocco.com\/it\/prodotto\/grand-tour-del-marocco-di-16-giorni-da-tangeri-a-casablanca\/\",\"url\":\"https:\/\/www.culturaltravelmorocco.com\/it\/prodotto\/grand-tour-del-marocco-di-16-giorni-da-tangeri-a-casablanca\/\",\"name\":\"Grand Tour del Marocco di 16 giorni da Tangeri a Casablanca - Cultural Travel Morocco\",\"isPartOf\":{\"@id\":\"https:\/\/www.culturaltravelmorocco.com\/it\/#website\"},\"primaryImageOfPage\":{\"@id\":\"https:\/\/www.culturaltravelmorocco.com\/it\/prodotto\/grand-tour-del-marocco-di-16-giorni-da-tangeri-a-casablanca\/#primaryimage\"},\"image\":{\"@id\":\"https:\/\/www.culturaltravelmorocco.com\/it\/prodotto\/grand-tour-del-marocco-di-16-giorni-da-tangeri-a-casablanca\/#primaryimage\"},\"thumbnailUrl\":\"https:\/\/www.culturaltravelmorocco.com\/wp-content\/uploads\/2026\/01\/2-8-1.webp\",\"datePublished\":\"2026-01-10T12:20:37+00:00\",\"dateModified\":\"2026-01-12T17:51:43+00:00\",\"breadcrumb\":{\"@id\":\"https:\/\/www.culturaltravelmorocco.com\/it\/prodotto\/grand-tour-del-marocco-di-16-giorni-da-tangeri-a-casablanca\/#breadcrumb\"},\"inLanguage\":\"it-IT\",\"potentialAction\":[{\"@type\":\"ReadAction\",\"target\":[\"https:\/\/www.culturaltravelmorocco.com\/it\/prodotto\/grand-tour-del-marocco-di-16-giorni-da-tangeri-a-casablanca\/\"]}]},{\"@type\":\"ImageObject\",\"inLanguage\":\"it-IT\",\"@id\":\"https:\/\/www.culturaltravelmorocco.com\/it\/prodotto\/grand-tour-del-marocco-di-16-giorni-da-tangeri-a-casablanca\/#primaryimage\",\"url\":\"https:\/\/www.culturaltravelmorocco.com\/wp-content\/uploads\/2026\/01\/2-8-1.webp\",\"contentUrl\":\"https:\/\/www.culturaltravelmorocco.com\/wp-content\/uploads\/2026\/01\/2-8-1.webp\",\"width\":1200,\"height\":1000},{\"@type\":\"BreadcrumbList\",\"@id\":\"https:\/\/www.culturaltravelmorocco.com\/it\/prodotto\/grand-tour-del-marocco-di-16-giorni-da-tangeri-a-casablanca\/#breadcrumb\",\"itemListElement\":[{\"@type\":\"ListItem\",\"position\":1,\"name\":\"Home\",\"item\":\"https:\/\/www.culturaltravelmorocco.com\/it\/\"},{\"@type\":\"ListItem\",\"position\":2,\"name\":\"Prodotti\",\"item\":\"https:\/\/www.culturaltravelmorocco.com\/it\/shop\/\"},{\"@type\":\"ListItem\",\"position\":3,\"name\":\"Grand Tour del Marocco di 16 giorni da Tangeri a Casablanca\"}]},{\"@type\":\"WebSite\",\"@id\":\"https:\/\/www.culturaltravelmorocco.com\/it\/#website\",\"url\":\"https:\/\/www.culturaltravelmorocco.com\/it\/\",\"name\":\"Cultural Travel Morocco\",\"description\":\"\",\"potentialAction\":[{\"@type\":\"SearchAction\",\"target\":{\"@type\":\"EntryPoint\",\"urlTemplate\":\"https:\/\/www.culturaltravelmorocco.com\/it\/?s={search_term_string}\"},\"query-input\":{\"@type\":\"PropertyValueSpecification\",\"valueRequired\":true,\"valueName\":\"search_term_string\"}}],\"inLanguage\":\"it-IT\"}]}<\/script>\n<!-- \/ Yoast SEO Premium plugin. -->","yoast_head_json":{"title":"Grand Tour del Marocco di 16 giorni da Tangeri a Casablanca - Cultural Travel Morocco","robots":{"index":"index","follow":"follow","max-snippet":"max-snippet:-1","max-image-preview":"max-image-preview:large","max-video-preview":"max-video-preview:-1"},"canonical":"https:\/\/www.culturaltravelmorocco.com\/it\/prodotto\/grand-tour-del-marocco-di-16-giorni-da-tangeri-a-casablanca\/","og_locale":"it_IT","og_type":"article","og_title":"Grand Tour del Marocco di 16 giorni da Tangeri a Casablanca","og_description":"Panoramica: Questo tour di 16 giorni in Marocco da Tangeri a Casablanca \u00e8 uno dei viaggi pi\u00f9 completi della nostra collezione, pensato per i viaggiatori che desiderano vivere tutto ci\u00f2 che il Marocco ha da offrire senza compromessi. L&#8217;itinerario unisce la scoperta culturale, l&#8217;esplorazione naturalistica e l&#8217;autentica vita locale, combinando visite guidate con tempo libero [&hellip;]","og_url":"https:\/\/www.culturaltravelmorocco.com\/it\/prodotto\/grand-tour-del-marocco-di-16-giorni-da-tangeri-a-casablanca\/","og_site_name":"Cultural Travel Morocco","article_modified_time":"2026-01-12T17:51:43+00:00","og_image":[{"width":1200,"height":1000,"url":"https:\/\/www.culturaltravelmorocco.com\/wp-content\/uploads\/2026\/01\/2-8-1.webp","type":"image\/webp"}],"twitter_card":"summary_large_image","twitter_misc":{"Tempo di lettura stimato":"2 minuti"},"schema":{"@context":"https:\/\/schema.org","@graph":[{"@type":"WebPage","@id":"https:\/\/www.culturaltravelmorocco.com\/it\/prodotto\/grand-tour-del-marocco-di-16-giorni-da-tangeri-a-casablanca\/","url":"https:\/\/www.culturaltravelmorocco.com\/it\/prodotto\/grand-tour-del-marocco-di-16-giorni-da-tangeri-a-casablanca\/","name":"Grand Tour del Marocco di 16 giorni da Tangeri a Casablanca - Cultural Travel Morocco","isPartOf":{"@id":"https:\/\/www.culturaltravelmorocco.com\/it\/#website"},"primaryImageOfPage":{"@id":"https:\/\/www.culturaltravelmorocco.com\/it\/prodotto\/grand-tour-del-marocco-di-16-giorni-da-tangeri-a-casablanca\/#primaryimage"},"image":{"@id":"https:\/\/www.culturaltravelmorocco.com\/it\/prodotto\/grand-tour-del-marocco-di-16-giorni-da-tangeri-a-casablanca\/#primaryimage"},"thumbnailUrl":"https:\/\/www.culturaltravelmorocco.com\/wp-content\/uploads\/2026\/01\/2-8-1.webp","datePublished":"2026-01-10T12:20:37+00:00","dateModified":"2026-01-12T17:51:43+00:00","breadcrumb":{"@id":"https:\/\/www.culturaltravelmorocco.com\/it\/prodotto\/grand-tour-del-marocco-di-16-giorni-da-tangeri-a-casablanca\/#breadcrumb"},"inLanguage":"it-IT","potentialAction":[{"@type":"ReadAction","target":["https:\/\/www.culturaltravelmorocco.com\/it\/prodotto\/grand-tour-del-marocco-di-16-giorni-da-tangeri-a-casablanca\/"]}]},{"@type":"ImageObject","inLanguage":"it-IT","@id":"https:\/\/www.culturaltravelmorocco.com\/it\/prodotto\/grand-tour-del-marocco-di-16-giorni-da-tangeri-a-casablanca\/#primaryimage","url":"https:\/\/www.culturaltravelmorocco.com\/wp-content\/uploads\/2026\/01\/2-8-1.webp","contentUrl":"https:\/\/www.culturaltravelmorocco.com\/wp-content\/uploads\/2026\/01\/2-8-1.webp","width":1200,"height":1000},{"@type":"BreadcrumbList","@id":"https:\/\/www.culturaltravelmorocco.com\/it\/prodotto\/grand-tour-del-marocco-di-16-giorni-da-tangeri-a-casablanca\/#breadcrumb","itemListElement":[{"@type":"ListItem","position":1,"name":"Home","item":"https:\/\/www.culturaltravelmorocco.com\/it\/"},{"@type":"ListItem","position":2,"name":"Prodotti","item":"https:\/\/www.culturaltravelmorocco.com\/it\/shop\/"},{"@type":"ListItem","position":3,"name":"Grand Tour del Marocco di 16 giorni da Tangeri a Casablanca"}]},{"@type":"WebSite","@id":"https:\/\/www.culturaltravelmorocco.com\/it\/#website","url":"https:\/\/www.culturaltravelmorocco.com\/it\/","name":"Cultural Travel Morocco","description":"","potentialAction":[{"@type":"SearchAction","target":{"@type":"EntryPoint","urlTemplate":"https:\/\/www.culturaltravelmorocco.com\/it\/?s={search_term_string}"},"query-input":{"@type":"PropertyValueSpecification","valueRequired":true,"valueName":"search_term_string"}}],"inLanguage":"it-IT"}]}},"_links":{"self":[{"href":"https:\/\/www.culturaltravelmorocco.com\/it\/wp-json\/wp\/v2\/product\/11299","targetHints":{"allow":["GET"]}}],"collection":[{"href":"https:\/\/www.culturaltravelmorocco.com\/it\/wp-json\/wp\/v2\/product"}],"about":[{"href":"https:\/\/www.culturaltravelmorocco.com\/it\/wp-json\/wp\/v2\/types\/product"}],"replies":[{"embeddable":true,"href":"https:\/\/www.culturaltravelmorocco.com\/it\/wp-json\/wp\/v2\/comments?post=11299"}],"wp:featuredmedia":[{"embeddable":true,"href":"https:\/\/www.culturaltravelmorocco.com\/it\/wp-json\/wp\/v2\/media\/11168"}],"wp:attachment":[{"href":"https:\/\/www.culturaltravelmorocco.com\/it\/wp-json\/wp\/v2\/media?parent=11299"}],"wp:term":[{"taxonomy":"product_brand","embeddable":true,"href":"https:\/\/www.culturaltravelmorocco.com\/it\/wp-json\/wp\/v2\/product_brand?post=11299"},{"taxonomy":"product_cat","embeddable":true,"href":"https:\/\/www.culturaltravelmorocco.com\/it\/wp-json\/wp\/v2\/product_cat?post=11299"},{"taxonomy":"product_tag","embeddable":true,"href":"https:\/\/www.culturaltravelmorocco.com\/it\/wp-json\/wp\/v2\/product_tag?post=11299"}],"curies":[{"name":"wp","href":"https:\/\/api.w.org\/{rel}","templated":true}]}}