{"id":11424,"date":"2026-01-10T12:20:34","date_gmt":"2026-01-10T12:20:34","guid":{"rendered":"https:\/\/culturaltravelmorocco.com\/product\/9-day-tour-from-fez-to-the-desert-and-marrakech\/"},"modified":"2026-01-12T20:47:17","modified_gmt":"2026-01-12T20:47:17","slug":"tour-di-9-giorni-da-fez-al-deserto-e-marrakech","status":"publish","type":"product","link":"https:\/\/www.culturaltravelmorocco.com\/it\/prodotto\/tour-di-9-giorni-da-fez-al-deserto-e-marrakech\/","title":{"rendered":"Tour di 9 giorni da Fez al deserto e Marrakech"},"content":{"rendered":"<h2>Panoramica:<\/h2>\n<p>Questo tour di 9 giorni da Fez al deserto e Marrakech \u00e8 progettato per i viaggiatori che desiderano esplorare il Marocco a un ritmo rilassato, godendosi sia le citt\u00e0 iconiche che i paesaggi che le collegano. Viaggiare su strada ti consente di vivere appieno le montagne dell&#8217;Atlante, le valli pre-sahariane e le vaste regioni desertiche, trasformando il viaggio stesso in un road trip indimenticabile. Rispetto ai circuiti pi\u00f9 brevi, questo itinerario prevede soste pi\u00f9 lunghe e spostamenti giornalieri pi\u00f9 brevi, offrendo pi\u00f9 tempo per apprezzare ogni destinazione senza fretta.<\/p>\n<p>A nord delle montagne dell&#8217;Atlante, lo scenario \u00e8 pi\u00f9 verde e fertile, sede di citt\u00e0 storiche e dinamiche come Fez e Marrakech, nonch\u00e9 citt\u00e0 d&#8217;alta quota come Ifrane e Midelt, circondate da parchi naturali e terreni agricoli. Attraversare l&#8217;Atlante rivela un Marocco molto diverso: paesaggi aridi, oasi fluviali e palmeti che prosperano contro ogni previsione. Il viaggio culmina a Merzouga, ai margini del Sahara, dove incontrerai villaggi del deserto, comunit\u00e0 locali e tradizioni ancestrali che hanno resistito in armonia con questo ambiente estremo. Questo itinerario in Marocco di 9 giorni e 8 notti inizia all&#8217;aeroporto di Fez e termina all&#8217;aeroporto di Marrakech, offrendo comfort, profondit\u00e0 e autenticit\u00e0 durante tutto il percorso.<\/p>\n","protected":false},"excerpt":{"rendered":"<p>Panoramica: Questo tour di 9 giorni da Fez al deserto e Marrakech \u00e8 progettato per i viaggiatori che desiderano esplorare il Marocco a un ritmo rilassato, godendosi sia le citt\u00e0 iconiche che i paesaggi che le collegano. Viaggiare su strada ti consente di vivere appieno le montagne dell&#8217;Atlante, le valli pre-sahariane e le vaste regioni [&hellip;]<\/p>\n","protected":false},"featured_media":9632,"comment_status":"closed","ping_status":"closed","template":"","meta":{"_joinchat":[]},"product_brand":[],"product_cat":[97],"product_tag":[],"class_list":{"0":"post-11424","1":"product","2":"type-product","3":"status-publish","4":"has-post-thumbnail","6":"product_cat-tour-da-fez","8":"first","9":"instock","10":"purchasable","11":"product-type-ovabrw_car_rental"},"yoast_head":"<!-- This site is optimized with the Yoast SEO Premium plugin v25.0 (Yoast SEO v25.0) - https:\/\/yoast.com\/wordpress\/plugins\/seo\/ -->\n<title>Tour di 9 giorni da Fez al deserto e Marrakech - Cultural Travel Morocco<\/title>\n<meta name=\"robots\" content=\"index, follow, max-snippet:-1, max-image-preview:large, max-video-preview:-1\" \/>\n<link rel=\"canonical\" href=\"https:\/\/www.culturaltravelmorocco.com\/it\/prodotto\/tour-di-9-giorni-da-fez-al-deserto-e-marrakech\/\" \/>\n<meta property=\"og:locale\" content=\"it_IT\" \/>\n<meta property=\"og:type\" content=\"article\" \/>\n<meta property=\"og:title\" content=\"Tour di 9 giorni da Fez al deserto e Marrakech\" \/>\n<meta property=\"og:description\" content=\"Panoramica: Questo tour di 9 giorni da Fez al deserto e Marrakech \u00e8 progettato per i viaggiatori che desiderano esplorare il Marocco a un ritmo rilassato, godendosi sia le citt\u00e0 iconiche che i paesaggi che le collegano. Viaggiare su strada ti consente di vivere appieno le montagne dell&#8217;Atlante, le valli pre-sahariane e le vaste regioni [&hellip;]\" \/>\n<meta property=\"og:url\" content=\"https:\/\/www.culturaltravelmorocco.com\/it\/prodotto\/tour-di-9-giorni-da-fez-al-deserto-e-marrakech\/\" \/>\n<meta property=\"og:site_name\" content=\"Cultural Travel Morocco\" \/>\n<meta property=\"article:modified_time\" content=\"2026-01-12T20:47:17+00:00\" \/>\n<meta name=\"twitter:card\" content=\"summary_large_image\" \/>\n<meta name=\"twitter:label1\" content=\"Tempo di lettura stimato\" \/>\n\t<meta name=\"twitter:data1\" content=\"2 minuti\" \/>\n<script type=\"application\/ld+json\" class=\"yoast-schema-graph\">{\"@context\":\"https:\/\/schema.org\",\"@graph\":[{\"@type\":\"WebPage\",\"@id\":\"https:\/\/www.culturaltravelmorocco.com\/it\/prodotto\/tour-di-9-giorni-da-fez-al-deserto-e-marrakech\/\",\"url\":\"https:\/\/www.culturaltravelmorocco.com\/it\/prodotto\/tour-di-9-giorni-da-fez-al-deserto-e-marrakech\/\",\"name\":\"Tour di 9 giorni da Fez al deserto e Marrakech - Cultural Travel Morocco\",\"isPartOf\":{\"@id\":\"https:\/\/www.culturaltravelmorocco.com\/it\/#website\"},\"primaryImageOfPage\":{\"@id\":\"https:\/\/www.culturaltravelmorocco.com\/it\/prodotto\/tour-di-9-giorni-da-fez-al-deserto-e-marrakech\/#primaryimage\"},\"image\":{\"@id\":\"https:\/\/www.culturaltravelmorocco.com\/it\/prodotto\/tour-di-9-giorni-da-fez-al-deserto-e-marrakech\/#primaryimage\"},\"thumbnailUrl\":\"https:\/\/www.culturaltravelmorocco.com\/wp-content\/uploads\/2026\/01\/5-6-1.webp\",\"datePublished\":\"2026-01-10T12:20:34+00:00\",\"dateModified\":\"2026-01-12T20:47:17+00:00\",\"breadcrumb\":{\"@id\":\"https:\/\/www.culturaltravelmorocco.com\/it\/prodotto\/tour-di-9-giorni-da-fez-al-deserto-e-marrakech\/#breadcrumb\"},\"inLanguage\":\"it-IT\",\"potentialAction\":[{\"@type\":\"ReadAction\",\"target\":[\"https:\/\/www.culturaltravelmorocco.com\/it\/prodotto\/tour-di-9-giorni-da-fez-al-deserto-e-marrakech\/\"]}]},{\"@type\":\"ImageObject\",\"inLanguage\":\"it-IT\",\"@id\":\"https:\/\/www.culturaltravelmorocco.com\/it\/prodotto\/tour-di-9-giorni-da-fez-al-deserto-e-marrakech\/#primaryimage\",\"url\":\"https:\/\/www.culturaltravelmorocco.com\/wp-content\/uploads\/2026\/01\/5-6-1.webp\",\"contentUrl\":\"https:\/\/www.culturaltravelmorocco.com\/wp-content\/uploads\/2026\/01\/5-6-1.webp\",\"width\":1200,\"height\":1000},{\"@type\":\"BreadcrumbList\",\"@id\":\"https:\/\/www.culturaltravelmorocco.com\/it\/prodotto\/tour-di-9-giorni-da-fez-al-deserto-e-marrakech\/#breadcrumb\",\"itemListElement\":[{\"@type\":\"ListItem\",\"position\":1,\"name\":\"Home\",\"item\":\"https:\/\/www.culturaltravelmorocco.com\/it\/\"},{\"@type\":\"ListItem\",\"position\":2,\"name\":\"Prodotti\",\"item\":\"https:\/\/www.culturaltravelmorocco.com\/it\/shop\/\"},{\"@type\":\"ListItem\",\"position\":3,\"name\":\"Tour di 9 giorni da Fez al deserto e Marrakech\"}]},{\"@type\":\"WebSite\",\"@id\":\"https:\/\/www.culturaltravelmorocco.com\/it\/#website\",\"url\":\"https:\/\/www.culturaltravelmorocco.com\/it\/\",\"name\":\"Cultural Travel Morocco\",\"description\":\"\",\"potentialAction\":[{\"@type\":\"SearchAction\",\"target\":{\"@type\":\"EntryPoint\",\"urlTemplate\":\"https:\/\/www.culturaltravelmorocco.com\/it\/?s={search_term_string}\"},\"query-input\":{\"@type\":\"PropertyValueSpecification\",\"valueRequired\":true,\"valueName\":\"search_term_string\"}}],\"inLanguage\":\"it-IT\"}]}<\/script>\n<!-- \/ Yoast SEO Premium plugin. -->","yoast_head_json":{"title":"Tour di 9 giorni da Fez al deserto e Marrakech - Cultural Travel Morocco","robots":{"index":"index","follow":"follow","max-snippet":"max-snippet:-1","max-image-preview":"max-image-preview:large","max-video-preview":"max-video-preview:-1"},"canonical":"https:\/\/www.culturaltravelmorocco.com\/it\/prodotto\/tour-di-9-giorni-da-fez-al-deserto-e-marrakech\/","og_locale":"it_IT","og_type":"article","og_title":"Tour di 9 giorni da Fez al deserto e Marrakech","og_description":"Panoramica: Questo tour di 9 giorni da Fez al deserto e Marrakech \u00e8 progettato per i viaggiatori che desiderano esplorare il Marocco a un ritmo rilassato, godendosi sia le citt\u00e0 iconiche che i paesaggi che le collegano. Viaggiare su strada ti consente di vivere appieno le montagne dell&#8217;Atlante, le valli pre-sahariane e le vaste regioni [&hellip;]","og_url":"https:\/\/www.culturaltravelmorocco.com\/it\/prodotto\/tour-di-9-giorni-da-fez-al-deserto-e-marrakech\/","og_site_name":"Cultural Travel Morocco","article_modified_time":"2026-01-12T20:47:17+00:00","twitter_card":"summary_large_image","twitter_misc":{"Tempo di lettura stimato":"2 minuti"},"schema":{"@context":"https:\/\/schema.org","@graph":[{"@type":"WebPage","@id":"https:\/\/www.culturaltravelmorocco.com\/it\/prodotto\/tour-di-9-giorni-da-fez-al-deserto-e-marrakech\/","url":"https:\/\/www.culturaltravelmorocco.com\/it\/prodotto\/tour-di-9-giorni-da-fez-al-deserto-e-marrakech\/","name":"Tour di 9 giorni da Fez al deserto e Marrakech - Cultural Travel Morocco","isPartOf":{"@id":"https:\/\/www.culturaltravelmorocco.com\/it\/#website"},"primaryImageOfPage":{"@id":"https:\/\/www.culturaltravelmorocco.com\/it\/prodotto\/tour-di-9-giorni-da-fez-al-deserto-e-marrakech\/#primaryimage"},"image":{"@id":"https:\/\/www.culturaltravelmorocco.com\/it\/prodotto\/tour-di-9-giorni-da-fez-al-deserto-e-marrakech\/#primaryimage"},"thumbnailUrl":"https:\/\/www.culturaltravelmorocco.com\/wp-content\/uploads\/2026\/01\/5-6-1.webp","datePublished":"2026-01-10T12:20:34+00:00","dateModified":"2026-01-12T20:47:17+00:00","breadcrumb":{"@id":"https:\/\/www.culturaltravelmorocco.com\/it\/prodotto\/tour-di-9-giorni-da-fez-al-deserto-e-marrakech\/#breadcrumb"},"inLanguage":"it-IT","potentialAction":[{"@type":"ReadAction","target":["https:\/\/www.culturaltravelmorocco.com\/it\/prodotto\/tour-di-9-giorni-da-fez-al-deserto-e-marrakech\/"]}]},{"@type":"ImageObject","inLanguage":"it-IT","@id":"https:\/\/www.culturaltravelmorocco.com\/it\/prodotto\/tour-di-9-giorni-da-fez-al-deserto-e-marrakech\/#primaryimage","url":"https:\/\/www.culturaltravelmorocco.com\/wp-content\/uploads\/2026\/01\/5-6-1.webp","contentUrl":"https:\/\/www.culturaltravelmorocco.com\/wp-content\/uploads\/2026\/01\/5-6-1.webp","width":1200,"height":1000},{"@type":"BreadcrumbList","@id":"https:\/\/www.culturaltravelmorocco.com\/it\/prodotto\/tour-di-9-giorni-da-fez-al-deserto-e-marrakech\/#breadcrumb","itemListElement":[{"@type":"ListItem","position":1,"name":"Home","item":"https:\/\/www.culturaltravelmorocco.com\/it\/"},{"@type":"ListItem","position":2,"name":"Prodotti","item":"https:\/\/www.culturaltravelmorocco.com\/it\/shop\/"},{"@type":"ListItem","position":3,"name":"Tour di 9 giorni da Fez al deserto e Marrakech"}]},{"@type":"WebSite","@id":"https:\/\/www.culturaltravelmorocco.com\/it\/#website","url":"https:\/\/www.culturaltravelmorocco.com\/it\/","name":"Cultural Travel Morocco","description":"","potentialAction":[{"@type":"SearchAction","target":{"@type":"EntryPoint","urlTemplate":"https:\/\/www.culturaltravelmorocco.com\/it\/?s={search_term_string}"},"query-input":{"@type":"PropertyValueSpecification","valueRequired":true,"valueName":"search_term_string"}}],"inLanguage":"it-IT"}]}},"_links":{"self":[{"href":"https:\/\/www.culturaltravelmorocco.com\/it\/wp-json\/wp\/v2\/product\/11424","targetHints":{"allow":["GET"]}}],"collection":[{"href":"https:\/\/www.culturaltravelmorocco.com\/it\/wp-json\/wp\/v2\/product"}],"about":[{"href":"https:\/\/www.culturaltravelmorocco.com\/it\/wp-json\/wp\/v2\/types\/product"}],"replies":[{"embeddable":true,"href":"https:\/\/www.culturaltravelmorocco.com\/it\/wp-json\/wp\/v2\/comments?post=11424"}],"wp:featuredmedia":[{"embeddable":true,"href":"https:\/\/www.culturaltravelmorocco.com\/it\/wp-json\/wp\/v2\/media\/9632"}],"wp:attachment":[{"href":"https:\/\/www.culturaltravelmorocco.com\/it\/wp-json\/wp\/v2\/media?parent=11424"}],"wp:term":[{"taxonomy":"product_brand","embeddable":true,"href":"https:\/\/www.culturaltravelmorocco.com\/it\/wp-json\/wp\/v2\/product_brand?post=11424"},{"taxonomy":"product_cat","embeddable":true,"href":"https:\/\/www.culturaltravelmorocco.com\/it\/wp-json\/wp\/v2\/product_cat?post=11424"},{"taxonomy":"product_tag","embeddable":true,"href":"https:\/\/www.culturaltravelmorocco.com\/it\/wp-json\/wp\/v2\/product_tag?post=11424"}],"curies":[{"name":"wp","href":"https:\/\/api.w.org\/{rel}","templated":true}]}}