{"id":11437,"date":"2026-01-10T12:20:34","date_gmt":"2026-01-10T12:20:34","guid":{"rendered":"https:\/\/culturaltravelmorocco.com\/product\/10-day-tour-from-fez-to-marrakech-via-chaouen\/"},"modified":"2026-01-12T21:06:28","modified_gmt":"2026-01-12T21:06:28","slug":"tour-di-10-giorni-da-fez-a-marrakech-via-chaouen","status":"publish","type":"product","link":"https:\/\/www.culturaltravelmorocco.com\/it\/prodotto\/tour-di-10-giorni-da-fez-a-marrakech-via-chaouen\/","title":{"rendered":"Tour di 10 giorni da Fez a Marrakech via Chaouen"},"content":{"rendered":"<h2>Panoramica:<\/h2>\n<p>Questo tour di 10 giorni in Marocco da Fez a Marrakech \u00e8 un viaggio perfetto per scoprire i paesaggi e le citt\u00e0 pi\u00f9 emblematici del paese a un ritmo confortevole. Partendo da Fez e passando per la citt\u00e0 blu di Chefchaouen, il percorso prosegue attraverso le montagne dell&#8217;Atlante, la leggendaria Ait Ben Haddou e nel cuore del deserto del Sahara, dove dune di sabbia, piste desertiche, uadi e spettacolari gole rocciose creano uno scenario in continua evoluzione. Viaggiare su strada ti permette di vivere il Marocco dall&#8217;interno, rivelando la bellezza sia dei monumenti iconici che degli angoli meno conosciuti.<\/p>\n<p>Il Marocco \u00e8 una terra dai forti contrasti, e questo itinerario li mette in risalto giorno dopo giorno. L\u2019atmosfera vivace della piazza Jemaa el-Fna di Marrakech contrasta con la tranquillit\u00e0 dei villaggi del deserto, cos\u00ec come le cime innevate dell\u2019Alto Atlante differiscono dalle aride valli pre-sahariane. Lungo il percorso ammirerai la coesistenza dell&#8217;architettura berbera in mattoni e dei raffinati monumenti islamici nelle citt\u00e0 imperiali. Progettato per sfruttare al meglio ogni giornata senza fretta, questo itinerario di 10 giorni offre abbastanza tempo libero per godersi le visite, rilassarsi e apprezzare i piccoli dettagli che rendono il Marocco una destinazione cos\u00ec affascinante.<\/p>\n","protected":false},"excerpt":{"rendered":"<p>Panoramica: Questo tour di 10 giorni in Marocco da Fez a Marrakech \u00e8 un viaggio perfetto per scoprire i paesaggi e le citt\u00e0 pi\u00f9 emblematici del paese a un ritmo confortevole. Partendo da Fez e passando per la citt\u00e0 blu di Chefchaouen, il percorso prosegue attraverso le montagne dell&#8217;Atlante, la leggendaria Ait Ben Haddou e [&hellip;]<\/p>\n","protected":false},"featured_media":9544,"comment_status":"closed","ping_status":"closed","template":"","meta":{"_joinchat":[]},"product_brand":[],"product_cat":[97],"product_tag":[],"class_list":{"0":"post-11437","1":"product","2":"type-product","3":"status-publish","4":"has-post-thumbnail","6":"product_cat-tour-da-fez","8":"first","9":"instock","10":"purchasable","11":"product-type-ovabrw_car_rental"},"yoast_head":"<!-- This site is optimized with the Yoast SEO Premium plugin v25.0 (Yoast SEO v25.0) - https:\/\/yoast.com\/wordpress\/plugins\/seo\/ -->\n<title>Tour di 10 giorni da Fez a Marrakech via Chaouen - Cultural Travel Morocco<\/title>\n<meta name=\"robots\" content=\"index, follow, max-snippet:-1, max-image-preview:large, max-video-preview:-1\" \/>\n<link rel=\"canonical\" href=\"https:\/\/www.culturaltravelmorocco.com\/it\/prodotto\/tour-di-10-giorni-da-fez-a-marrakech-via-chaouen\/\" \/>\n<meta property=\"og:locale\" content=\"it_IT\" \/>\n<meta property=\"og:type\" content=\"article\" \/>\n<meta property=\"og:title\" content=\"Tour di 10 giorni da Fez a Marrakech via Chaouen\" \/>\n<meta property=\"og:description\" content=\"Panoramica: Questo tour di 10 giorni in Marocco da Fez a Marrakech \u00e8 un viaggio perfetto per scoprire i paesaggi e le citt\u00e0 pi\u00f9 emblematici del paese a un ritmo confortevole. Partendo da Fez e passando per la citt\u00e0 blu di Chefchaouen, il percorso prosegue attraverso le montagne dell&#8217;Atlante, la leggendaria Ait Ben Haddou e [&hellip;]\" \/>\n<meta property=\"og:url\" content=\"https:\/\/www.culturaltravelmorocco.com\/it\/prodotto\/tour-di-10-giorni-da-fez-a-marrakech-via-chaouen\/\" \/>\n<meta property=\"og:site_name\" content=\"Cultural Travel Morocco\" \/>\n<meta property=\"article:modified_time\" content=\"2026-01-12T21:06:28+00:00\" \/>\n<meta name=\"twitter:card\" content=\"summary_large_image\" \/>\n<meta name=\"twitter:label1\" content=\"Tempo di lettura stimato\" \/>\n\t<meta name=\"twitter:data1\" content=\"2 minuti\" \/>\n<script type=\"application\/ld+json\" class=\"yoast-schema-graph\">{\"@context\":\"https:\/\/schema.org\",\"@graph\":[{\"@type\":\"WebPage\",\"@id\":\"https:\/\/www.culturaltravelmorocco.com\/it\/prodotto\/tour-di-10-giorni-da-fez-a-marrakech-via-chaouen\/\",\"url\":\"https:\/\/www.culturaltravelmorocco.com\/it\/prodotto\/tour-di-10-giorni-da-fez-a-marrakech-via-chaouen\/\",\"name\":\"Tour di 10 giorni da Fez a Marrakech via Chaouen - Cultural Travel Morocco\",\"isPartOf\":{\"@id\":\"https:\/\/www.culturaltravelmorocco.com\/it\/#website\"},\"primaryImageOfPage\":{\"@id\":\"https:\/\/www.culturaltravelmorocco.com\/it\/prodotto\/tour-di-10-giorni-da-fez-a-marrakech-via-chaouen\/#primaryimage\"},\"image\":{\"@id\":\"https:\/\/www.culturaltravelmorocco.com\/it\/prodotto\/tour-di-10-giorni-da-fez-a-marrakech-via-chaouen\/#primaryimage\"},\"thumbnailUrl\":\"https:\/\/www.culturaltravelmorocco.com\/wp-content\/uploads\/2026\/01\/2-8.webp\",\"datePublished\":\"2026-01-10T12:20:34+00:00\",\"dateModified\":\"2026-01-12T21:06:28+00:00\",\"breadcrumb\":{\"@id\":\"https:\/\/www.culturaltravelmorocco.com\/it\/prodotto\/tour-di-10-giorni-da-fez-a-marrakech-via-chaouen\/#breadcrumb\"},\"inLanguage\":\"it-IT\",\"potentialAction\":[{\"@type\":\"ReadAction\",\"target\":[\"https:\/\/www.culturaltravelmorocco.com\/it\/prodotto\/tour-di-10-giorni-da-fez-a-marrakech-via-chaouen\/\"]}]},{\"@type\":\"ImageObject\",\"inLanguage\":\"it-IT\",\"@id\":\"https:\/\/www.culturaltravelmorocco.com\/it\/prodotto\/tour-di-10-giorni-da-fez-a-marrakech-via-chaouen\/#primaryimage\",\"url\":\"https:\/\/www.culturaltravelmorocco.com\/wp-content\/uploads\/2026\/01\/2-8.webp\",\"contentUrl\":\"https:\/\/www.culturaltravelmorocco.com\/wp-content\/uploads\/2026\/01\/2-8.webp\",\"width\":1200,\"height\":1000},{\"@type\":\"BreadcrumbList\",\"@id\":\"https:\/\/www.culturaltravelmorocco.com\/it\/prodotto\/tour-di-10-giorni-da-fez-a-marrakech-via-chaouen\/#breadcrumb\",\"itemListElement\":[{\"@type\":\"ListItem\",\"position\":1,\"name\":\"Home\",\"item\":\"https:\/\/www.culturaltravelmorocco.com\/it\/\"},{\"@type\":\"ListItem\",\"position\":2,\"name\":\"Prodotti\",\"item\":\"https:\/\/www.culturaltravelmorocco.com\/it\/shop\/\"},{\"@type\":\"ListItem\",\"position\":3,\"name\":\"Tour di 10 giorni da Fez a Marrakech via Chaouen\"}]},{\"@type\":\"WebSite\",\"@id\":\"https:\/\/www.culturaltravelmorocco.com\/it\/#website\",\"url\":\"https:\/\/www.culturaltravelmorocco.com\/it\/\",\"name\":\"Cultural Travel Morocco\",\"description\":\"\",\"potentialAction\":[{\"@type\":\"SearchAction\",\"target\":{\"@type\":\"EntryPoint\",\"urlTemplate\":\"https:\/\/www.culturaltravelmorocco.com\/it\/?s={search_term_string}\"},\"query-input\":{\"@type\":\"PropertyValueSpecification\",\"valueRequired\":true,\"valueName\":\"search_term_string\"}}],\"inLanguage\":\"it-IT\"}]}<\/script>\n<!-- \/ Yoast SEO Premium plugin. -->","yoast_head_json":{"title":"Tour di 10 giorni da Fez a Marrakech via Chaouen - Cultural Travel Morocco","robots":{"index":"index","follow":"follow","max-snippet":"max-snippet:-1","max-image-preview":"max-image-preview:large","max-video-preview":"max-video-preview:-1"},"canonical":"https:\/\/www.culturaltravelmorocco.com\/it\/prodotto\/tour-di-10-giorni-da-fez-a-marrakech-via-chaouen\/","og_locale":"it_IT","og_type":"article","og_title":"Tour di 10 giorni da Fez a Marrakech via Chaouen","og_description":"Panoramica: Questo tour di 10 giorni in Marocco da Fez a Marrakech \u00e8 un viaggio perfetto per scoprire i paesaggi e le citt\u00e0 pi\u00f9 emblematici del paese a un ritmo confortevole. Partendo da Fez e passando per la citt\u00e0 blu di Chefchaouen, il percorso prosegue attraverso le montagne dell&#8217;Atlante, la leggendaria Ait Ben Haddou e [&hellip;]","og_url":"https:\/\/www.culturaltravelmorocco.com\/it\/prodotto\/tour-di-10-giorni-da-fez-a-marrakech-via-chaouen\/","og_site_name":"Cultural Travel Morocco","article_modified_time":"2026-01-12T21:06:28+00:00","twitter_card":"summary_large_image","twitter_misc":{"Tempo di lettura stimato":"2 minuti"},"schema":{"@context":"https:\/\/schema.org","@graph":[{"@type":"WebPage","@id":"https:\/\/www.culturaltravelmorocco.com\/it\/prodotto\/tour-di-10-giorni-da-fez-a-marrakech-via-chaouen\/","url":"https:\/\/www.culturaltravelmorocco.com\/it\/prodotto\/tour-di-10-giorni-da-fez-a-marrakech-via-chaouen\/","name":"Tour di 10 giorni da Fez a Marrakech via Chaouen - Cultural Travel Morocco","isPartOf":{"@id":"https:\/\/www.culturaltravelmorocco.com\/it\/#website"},"primaryImageOfPage":{"@id":"https:\/\/www.culturaltravelmorocco.com\/it\/prodotto\/tour-di-10-giorni-da-fez-a-marrakech-via-chaouen\/#primaryimage"},"image":{"@id":"https:\/\/www.culturaltravelmorocco.com\/it\/prodotto\/tour-di-10-giorni-da-fez-a-marrakech-via-chaouen\/#primaryimage"},"thumbnailUrl":"https:\/\/www.culturaltravelmorocco.com\/wp-content\/uploads\/2026\/01\/2-8.webp","datePublished":"2026-01-10T12:20:34+00:00","dateModified":"2026-01-12T21:06:28+00:00","breadcrumb":{"@id":"https:\/\/www.culturaltravelmorocco.com\/it\/prodotto\/tour-di-10-giorni-da-fez-a-marrakech-via-chaouen\/#breadcrumb"},"inLanguage":"it-IT","potentialAction":[{"@type":"ReadAction","target":["https:\/\/www.culturaltravelmorocco.com\/it\/prodotto\/tour-di-10-giorni-da-fez-a-marrakech-via-chaouen\/"]}]},{"@type":"ImageObject","inLanguage":"it-IT","@id":"https:\/\/www.culturaltravelmorocco.com\/it\/prodotto\/tour-di-10-giorni-da-fez-a-marrakech-via-chaouen\/#primaryimage","url":"https:\/\/www.culturaltravelmorocco.com\/wp-content\/uploads\/2026\/01\/2-8.webp","contentUrl":"https:\/\/www.culturaltravelmorocco.com\/wp-content\/uploads\/2026\/01\/2-8.webp","width":1200,"height":1000},{"@type":"BreadcrumbList","@id":"https:\/\/www.culturaltravelmorocco.com\/it\/prodotto\/tour-di-10-giorni-da-fez-a-marrakech-via-chaouen\/#breadcrumb","itemListElement":[{"@type":"ListItem","position":1,"name":"Home","item":"https:\/\/www.culturaltravelmorocco.com\/it\/"},{"@type":"ListItem","position":2,"name":"Prodotti","item":"https:\/\/www.culturaltravelmorocco.com\/it\/shop\/"},{"@type":"ListItem","position":3,"name":"Tour di 10 giorni da Fez a Marrakech via Chaouen"}]},{"@type":"WebSite","@id":"https:\/\/www.culturaltravelmorocco.com\/it\/#website","url":"https:\/\/www.culturaltravelmorocco.com\/it\/","name":"Cultural Travel Morocco","description":"","potentialAction":[{"@type":"SearchAction","target":{"@type":"EntryPoint","urlTemplate":"https:\/\/www.culturaltravelmorocco.com\/it\/?s={search_term_string}"},"query-input":{"@type":"PropertyValueSpecification","valueRequired":true,"valueName":"search_term_string"}}],"inLanguage":"it-IT"}]}},"_links":{"self":[{"href":"https:\/\/www.culturaltravelmorocco.com\/it\/wp-json\/wp\/v2\/product\/11437","targetHints":{"allow":["GET"]}}],"collection":[{"href":"https:\/\/www.culturaltravelmorocco.com\/it\/wp-json\/wp\/v2\/product"}],"about":[{"href":"https:\/\/www.culturaltravelmorocco.com\/it\/wp-json\/wp\/v2\/types\/product"}],"replies":[{"embeddable":true,"href":"https:\/\/www.culturaltravelmorocco.com\/it\/wp-json\/wp\/v2\/comments?post=11437"}],"wp:featuredmedia":[{"embeddable":true,"href":"https:\/\/www.culturaltravelmorocco.com\/it\/wp-json\/wp\/v2\/media\/9544"}],"wp:attachment":[{"href":"https:\/\/www.culturaltravelmorocco.com\/it\/wp-json\/wp\/v2\/media?parent=11437"}],"wp:term":[{"taxonomy":"product_brand","embeddable":true,"href":"https:\/\/www.culturaltravelmorocco.com\/it\/wp-json\/wp\/v2\/product_brand?post=11437"},{"taxonomy":"product_cat","embeddable":true,"href":"https:\/\/www.culturaltravelmorocco.com\/it\/wp-json\/wp\/v2\/product_cat?post=11437"},{"taxonomy":"product_tag","embeddable":true,"href":"https:\/\/www.culturaltravelmorocco.com\/it\/wp-json\/wp\/v2\/product_tag?post=11437"}],"curies":[{"name":"wp","href":"https:\/\/api.w.org\/{rel}","templated":true}]}}