{"id":11452,"date":"2026-01-10T12:20:34","date_gmt":"2026-01-10T12:20:34","guid":{"rendered":"https:\/\/culturaltravelmorocco.com\/product\/11-day-grand-morocco-journey-from-fez-via-chefchaouen\/"},"modified":"2026-01-12T21:39:27","modified_gmt":"2026-01-12T21:39:27","slug":"viaggio-di-11-giorni-nel-grand-marocco-da-fez-via-chefchaouen","status":"publish","type":"product","link":"https:\/\/www.culturaltravelmorocco.com\/it\/prodotto\/viaggio-di-11-giorni-nel-grand-marocco-da-fez-via-chefchaouen\/","title":{"rendered":"Viaggio di 11 giorni nel Grand Marocco da Fez via Chefchaouen"},"content":{"rendered":"<h2>Panoramica:<\/h2>\n<p>Questo tour di 11 giorni in Marocco da Fez a Marrakech \u00e8 uno degli itinerari pi\u00f9 completi del nostro catalogo, pensato per i viaggiatori che vogliono vivere il paese in tutta la sua diversit\u00e0. Il viaggio ti porta nella citt\u00e0 blu di Chefchaouen, attraverso le montagne del Rif e le montagne dell&#8217;Atlante attraverso diversi passi, attraverso lussureggianti valli pre-sahariane punteggiate da palmeti e kasbah, e nel profondo del deserto del Sahara, dove le dune dorate dell&#8217;Erg Chebbi offrono un&#8217;esperienza indimenticabile. Lungo il percorso, potrai goderti soggiorni prolungati nelle citt\u00e0 storiche di Fez e Marrakech e raggiungere anche la costa atlantica con una sosta rilassante a Essaouira.<\/p>\n<p>Questo itinerario vi invita a scoprire il Marocco con tutti e cinque i sensi, rivelandone i sorprendenti contrasti e il ricco patrimonio naturale. Dai toni del blu di Chefchaouen alle pareti rosse di Marrakech, alle sabbie dorate del deserto e alla brezza oceanica della costa atlantica, ogni giorno porta con s\u00e9 nuovi colori, profumi e sensazioni. Al di l\u00e0 delle citt\u00e0, la natura selvaggia del Marocco \u00e8 al centro dell\u2019attenzione: il Parco Nazionale di Ifrane, i paesaggi del Rif, le vaste distese desertiche e gli iconici campi di alberi di argan mostrano la straordinaria biodiversit\u00e0 del paese. Un viaggio che unisce cultura, natura, avventura nel deserto e fascino del mare in un&#8217;unica esperienza marocchina indimenticabile.<\/p>\n","protected":false},"excerpt":{"rendered":"<p>Panoramica: Questo tour di 11 giorni in Marocco da Fez a Marrakech \u00e8 uno degli itinerari pi\u00f9 completi del nostro catalogo, pensato per i viaggiatori che vogliono vivere il paese in tutta la sua diversit\u00e0. Il viaggio ti porta nella citt\u00e0 blu di Chefchaouen, attraverso le montagne del Rif e le montagne dell&#8217;Atlante attraverso diversi [&hellip;]<\/p>\n","protected":false},"featured_media":9443,"comment_status":"closed","ping_status":"closed","template":"","meta":{"_joinchat":[]},"product_brand":[],"product_cat":[97],"product_tag":[],"class_list":{"0":"post-11452","1":"product","2":"type-product","3":"status-publish","4":"has-post-thumbnail","6":"product_cat-tour-da-fez","8":"first","9":"instock","10":"purchasable","11":"product-type-ovabrw_car_rental"},"yoast_head":"<!-- This site is optimized with the Yoast SEO Premium plugin v25.0 (Yoast SEO v25.0) - https:\/\/yoast.com\/wordpress\/plugins\/seo\/ -->\n<title>Viaggio di 11 giorni nel Grand Marocco da Fez via Chefchaouen - Cultural Travel Morocco<\/title>\n<meta name=\"robots\" content=\"index, follow, max-snippet:-1, max-image-preview:large, max-video-preview:-1\" \/>\n<link rel=\"canonical\" href=\"https:\/\/www.culturaltravelmorocco.com\/it\/prodotto\/viaggio-di-11-giorni-nel-grand-marocco-da-fez-via-chefchaouen\/\" \/>\n<meta property=\"og:locale\" content=\"it_IT\" \/>\n<meta property=\"og:type\" content=\"article\" \/>\n<meta property=\"og:title\" content=\"Viaggio di 11 giorni nel Grand Marocco da Fez via Chefchaouen\" \/>\n<meta property=\"og:description\" content=\"Panoramica: Questo tour di 11 giorni in Marocco da Fez a Marrakech \u00e8 uno degli itinerari pi\u00f9 completi del nostro catalogo, pensato per i viaggiatori che vogliono vivere il paese in tutta la sua diversit\u00e0. Il viaggio ti porta nella citt\u00e0 blu di Chefchaouen, attraverso le montagne del Rif e le montagne dell&#8217;Atlante attraverso diversi [&hellip;]\" \/>\n<meta property=\"og:url\" content=\"https:\/\/www.culturaltravelmorocco.com\/it\/prodotto\/viaggio-di-11-giorni-nel-grand-marocco-da-fez-via-chefchaouen\/\" \/>\n<meta property=\"og:site_name\" content=\"Cultural Travel Morocco\" \/>\n<meta property=\"article:modified_time\" content=\"2026-01-12T21:39:27+00:00\" \/>\n<meta name=\"twitter:card\" content=\"summary_large_image\" \/>\n<meta name=\"twitter:label1\" content=\"Tempo di lettura stimato\" \/>\n\t<meta name=\"twitter:data1\" content=\"2 minuti\" \/>\n<script type=\"application\/ld+json\" class=\"yoast-schema-graph\">{\"@context\":\"https:\/\/schema.org\",\"@graph\":[{\"@type\":\"WebPage\",\"@id\":\"https:\/\/www.culturaltravelmorocco.com\/it\/prodotto\/viaggio-di-11-giorni-nel-grand-marocco-da-fez-via-chefchaouen\/\",\"url\":\"https:\/\/www.culturaltravelmorocco.com\/it\/prodotto\/viaggio-di-11-giorni-nel-grand-marocco-da-fez-via-chefchaouen\/\",\"name\":\"Viaggio di 11 giorni nel Grand Marocco da Fez via Chefchaouen - Cultural Travel Morocco\",\"isPartOf\":{\"@id\":\"https:\/\/www.culturaltravelmorocco.com\/it\/#website\"},\"primaryImageOfPage\":{\"@id\":\"https:\/\/www.culturaltravelmorocco.com\/it\/prodotto\/viaggio-di-11-giorni-nel-grand-marocco-da-fez-via-chefchaouen\/#primaryimage\"},\"image\":{\"@id\":\"https:\/\/www.culturaltravelmorocco.com\/it\/prodotto\/viaggio-di-11-giorni-nel-grand-marocco-da-fez-via-chefchaouen\/#primaryimage\"},\"thumbnailUrl\":\"https:\/\/www.culturaltravelmorocco.com\/wp-content\/uploads\/2026\/01\/12-day-11-night-tour-Desert-and-Imperial-Cities-4.jpg\",\"datePublished\":\"2026-01-10T12:20:34+00:00\",\"dateModified\":\"2026-01-12T21:39:27+00:00\",\"breadcrumb\":{\"@id\":\"https:\/\/www.culturaltravelmorocco.com\/it\/prodotto\/viaggio-di-11-giorni-nel-grand-marocco-da-fez-via-chefchaouen\/#breadcrumb\"},\"inLanguage\":\"it-IT\",\"potentialAction\":[{\"@type\":\"ReadAction\",\"target\":[\"https:\/\/www.culturaltravelmorocco.com\/it\/prodotto\/viaggio-di-11-giorni-nel-grand-marocco-da-fez-via-chefchaouen\/\"]}]},{\"@type\":\"ImageObject\",\"inLanguage\":\"it-IT\",\"@id\":\"https:\/\/www.culturaltravelmorocco.com\/it\/prodotto\/viaggio-di-11-giorni-nel-grand-marocco-da-fez-via-chefchaouen\/#primaryimage\",\"url\":\"https:\/\/www.culturaltravelmorocco.com\/wp-content\/uploads\/2026\/01\/12-day-11-night-tour-Desert-and-Imperial-Cities-4.jpg\",\"contentUrl\":\"https:\/\/www.culturaltravelmorocco.com\/wp-content\/uploads\/2026\/01\/12-day-11-night-tour-Desert-and-Imperial-Cities-4.jpg\",\"width\":1200,\"height\":1000},{\"@type\":\"BreadcrumbList\",\"@id\":\"https:\/\/www.culturaltravelmorocco.com\/it\/prodotto\/viaggio-di-11-giorni-nel-grand-marocco-da-fez-via-chefchaouen\/#breadcrumb\",\"itemListElement\":[{\"@type\":\"ListItem\",\"position\":1,\"name\":\"Home\",\"item\":\"https:\/\/www.culturaltravelmorocco.com\/it\/\"},{\"@type\":\"ListItem\",\"position\":2,\"name\":\"Prodotti\",\"item\":\"https:\/\/www.culturaltravelmorocco.com\/it\/shop\/\"},{\"@type\":\"ListItem\",\"position\":3,\"name\":\"Viaggio di 11 giorni nel Grand Marocco da Fez via Chefchaouen\"}]},{\"@type\":\"WebSite\",\"@id\":\"https:\/\/www.culturaltravelmorocco.com\/it\/#website\",\"url\":\"https:\/\/www.culturaltravelmorocco.com\/it\/\",\"name\":\"Cultural Travel Morocco\",\"description\":\"\",\"potentialAction\":[{\"@type\":\"SearchAction\",\"target\":{\"@type\":\"EntryPoint\",\"urlTemplate\":\"https:\/\/www.culturaltravelmorocco.com\/it\/?s={search_term_string}\"},\"query-input\":{\"@type\":\"PropertyValueSpecification\",\"valueRequired\":true,\"valueName\":\"search_term_string\"}}],\"inLanguage\":\"it-IT\"}]}<\/script>\n<!-- \/ Yoast SEO Premium plugin. -->","yoast_head_json":{"title":"Viaggio di 11 giorni nel Grand Marocco da Fez via Chefchaouen - Cultural Travel Morocco","robots":{"index":"index","follow":"follow","max-snippet":"max-snippet:-1","max-image-preview":"max-image-preview:large","max-video-preview":"max-video-preview:-1"},"canonical":"https:\/\/www.culturaltravelmorocco.com\/it\/prodotto\/viaggio-di-11-giorni-nel-grand-marocco-da-fez-via-chefchaouen\/","og_locale":"it_IT","og_type":"article","og_title":"Viaggio di 11 giorni nel Grand Marocco da Fez via Chefchaouen","og_description":"Panoramica: Questo tour di 11 giorni in Marocco da Fez a Marrakech \u00e8 uno degli itinerari pi\u00f9 completi del nostro catalogo, pensato per i viaggiatori che vogliono vivere il paese in tutta la sua diversit\u00e0. Il viaggio ti porta nella citt\u00e0 blu di Chefchaouen, attraverso le montagne del Rif e le montagne dell&#8217;Atlante attraverso diversi [&hellip;]","og_url":"https:\/\/www.culturaltravelmorocco.com\/it\/prodotto\/viaggio-di-11-giorni-nel-grand-marocco-da-fez-via-chefchaouen\/","og_site_name":"Cultural Travel Morocco","article_modified_time":"2026-01-12T21:39:27+00:00","twitter_card":"summary_large_image","twitter_misc":{"Tempo di lettura stimato":"2 minuti"},"schema":{"@context":"https:\/\/schema.org","@graph":[{"@type":"WebPage","@id":"https:\/\/www.culturaltravelmorocco.com\/it\/prodotto\/viaggio-di-11-giorni-nel-grand-marocco-da-fez-via-chefchaouen\/","url":"https:\/\/www.culturaltravelmorocco.com\/it\/prodotto\/viaggio-di-11-giorni-nel-grand-marocco-da-fez-via-chefchaouen\/","name":"Viaggio di 11 giorni nel Grand Marocco da Fez via Chefchaouen - Cultural Travel Morocco","isPartOf":{"@id":"https:\/\/www.culturaltravelmorocco.com\/it\/#website"},"primaryImageOfPage":{"@id":"https:\/\/www.culturaltravelmorocco.com\/it\/prodotto\/viaggio-di-11-giorni-nel-grand-marocco-da-fez-via-chefchaouen\/#primaryimage"},"image":{"@id":"https:\/\/www.culturaltravelmorocco.com\/it\/prodotto\/viaggio-di-11-giorni-nel-grand-marocco-da-fez-via-chefchaouen\/#primaryimage"},"thumbnailUrl":"https:\/\/www.culturaltravelmorocco.com\/wp-content\/uploads\/2026\/01\/12-day-11-night-tour-Desert-and-Imperial-Cities-4.jpg","datePublished":"2026-01-10T12:20:34+00:00","dateModified":"2026-01-12T21:39:27+00:00","breadcrumb":{"@id":"https:\/\/www.culturaltravelmorocco.com\/it\/prodotto\/viaggio-di-11-giorni-nel-grand-marocco-da-fez-via-chefchaouen\/#breadcrumb"},"inLanguage":"it-IT","potentialAction":[{"@type":"ReadAction","target":["https:\/\/www.culturaltravelmorocco.com\/it\/prodotto\/viaggio-di-11-giorni-nel-grand-marocco-da-fez-via-chefchaouen\/"]}]},{"@type":"ImageObject","inLanguage":"it-IT","@id":"https:\/\/www.culturaltravelmorocco.com\/it\/prodotto\/viaggio-di-11-giorni-nel-grand-marocco-da-fez-via-chefchaouen\/#primaryimage","url":"https:\/\/www.culturaltravelmorocco.com\/wp-content\/uploads\/2026\/01\/12-day-11-night-tour-Desert-and-Imperial-Cities-4.jpg","contentUrl":"https:\/\/www.culturaltravelmorocco.com\/wp-content\/uploads\/2026\/01\/12-day-11-night-tour-Desert-and-Imperial-Cities-4.jpg","width":1200,"height":1000},{"@type":"BreadcrumbList","@id":"https:\/\/www.culturaltravelmorocco.com\/it\/prodotto\/viaggio-di-11-giorni-nel-grand-marocco-da-fez-via-chefchaouen\/#breadcrumb","itemListElement":[{"@type":"ListItem","position":1,"name":"Home","item":"https:\/\/www.culturaltravelmorocco.com\/it\/"},{"@type":"ListItem","position":2,"name":"Prodotti","item":"https:\/\/www.culturaltravelmorocco.com\/it\/shop\/"},{"@type":"ListItem","position":3,"name":"Viaggio di 11 giorni nel Grand Marocco da Fez via Chefchaouen"}]},{"@type":"WebSite","@id":"https:\/\/www.culturaltravelmorocco.com\/it\/#website","url":"https:\/\/www.culturaltravelmorocco.com\/it\/","name":"Cultural Travel Morocco","description":"","potentialAction":[{"@type":"SearchAction","target":{"@type":"EntryPoint","urlTemplate":"https:\/\/www.culturaltravelmorocco.com\/it\/?s={search_term_string}"},"query-input":{"@type":"PropertyValueSpecification","valueRequired":true,"valueName":"search_term_string"}}],"inLanguage":"it-IT"}]}},"_links":{"self":[{"href":"https:\/\/www.culturaltravelmorocco.com\/it\/wp-json\/wp\/v2\/product\/11452","targetHints":{"allow":["GET"]}}],"collection":[{"href":"https:\/\/www.culturaltravelmorocco.com\/it\/wp-json\/wp\/v2\/product"}],"about":[{"href":"https:\/\/www.culturaltravelmorocco.com\/it\/wp-json\/wp\/v2\/types\/product"}],"replies":[{"embeddable":true,"href":"https:\/\/www.culturaltravelmorocco.com\/it\/wp-json\/wp\/v2\/comments?post=11452"}],"wp:featuredmedia":[{"embeddable":true,"href":"https:\/\/www.culturaltravelmorocco.com\/it\/wp-json\/wp\/v2\/media\/9443"}],"wp:attachment":[{"href":"https:\/\/www.culturaltravelmorocco.com\/it\/wp-json\/wp\/v2\/media?parent=11452"}],"wp:term":[{"taxonomy":"product_brand","embeddable":true,"href":"https:\/\/www.culturaltravelmorocco.com\/it\/wp-json\/wp\/v2\/product_brand?post=11452"},{"taxonomy":"product_cat","embeddable":true,"href":"https:\/\/www.culturaltravelmorocco.com\/it\/wp-json\/wp\/v2\/product_cat?post=11452"},{"taxonomy":"product_tag","embeddable":true,"href":"https:\/\/www.culturaltravelmorocco.com\/it\/wp-json\/wp\/v2\/product_tag?post=11452"}],"curies":[{"name":"wp","href":"https:\/\/api.w.org\/{rel}","templated":true}]}}