{"id":11531,"date":"2026-01-10T12:20:15","date_gmt":"2026-01-10T12:20:15","guid":{"rendered":"https:\/\/culturaltravelmorocco.com\/product\/9-day-morocco-tour-from-casablanca-to-marrakech\/"},"modified":"2026-01-13T14:09:22","modified_gmt":"2026-01-13T14:09:22","slug":"tour-del-marocco-di-9-giorni-da-casablanca-a-marrakech","status":"publish","type":"product","link":"https:\/\/www.culturaltravelmorocco.com\/it\/prodotto\/tour-del-marocco-di-9-giorni-da-casablanca-a-marrakech\/","title":{"rendered":"Tour del Marocco di 9 giorni da Casablanca a Marrakech"},"content":{"rendered":"<h2>Panoramica:<\/h2>\n<p>In questo tour di 9 giorni in Marocco, esplorerai gli incredibili contrasti modellati dalle maestose montagne dell&#8217;Atlante, attraversandole due volte attraverso il Medio Atlante e l&#8217;Alto Atlante per ammirare paesaggi completamente diversi su ciascun lato. A nord della catena, scoprirai le grandi citt\u00e0 imperiali del Marocco &#8211; Rabat, Fez, Meknes e Marrakech &#8211; insieme a citt\u00e0 affascinanti come il famoso villaggio blu di Chefchaouen. Questa regione ospita anche alcuni dei siti storici pi\u00f9 preziosi del paese, tra cui le rovine romane di Volubilis, nonch\u00e9 rigogliose aree verdi come il Parco Nazionale di Ifrane, offrendo un perfetto mix di cultura e natura.<\/p>\n<p>A sud delle montagne, il Marocco rivela il suo lato pi\u00f9 arido e drammatico, sede di tradizionali fortezze berbere come Ait Ben Haddou e Taourirt, simboli dell&#8217;architettura e del patrimonio antichi. Questa regione conduce alle iconiche dune dell\u2019Erg Chebbi del Sahara, dove il deserto mostra il suo volto pi\u00f9 magico e indimenticabile. Lungo la strada incontrerai anche spettacolari formazioni naturali come le gole del Todra, che mettono in mostra la bellezza cruda dei paesaggi meridionali del Marocco. Questo itinerario di 9 giorni e 8 notti inizia a Casablanca e termina a Marrakech, garantendo un viaggio tranquillo con accesso all&#8217;aeroporto in entrambe le citt\u00e0.<\/p>\n","protected":false},"excerpt":{"rendered":"<p>Panoramica: In questo tour di 9 giorni in Marocco, esplorerai gli incredibili contrasti modellati dalle maestose montagne dell&#8217;Atlante, attraversandole due volte attraverso il Medio Atlante e l&#8217;Alto Atlante per ammirare paesaggi completamente diversi su ciascun lato. A nord della catena, scoprirai le grandi citt\u00e0 imperiali del Marocco &#8211; Rabat, Fez, Meknes e Marrakech &#8211; insieme [&hellip;]<\/p>\n","protected":false},"featured_media":11169,"comment_status":"closed","ping_status":"closed","template":"","meta":{"_joinchat":[]},"product_brand":[],"product_cat":[96],"product_tag":[],"class_list":{"0":"post-11531","1":"product","2":"type-product","3":"status-publish","4":"has-post-thumbnail","6":"product_cat-tour-da-casablanca","8":"first","9":"instock","10":"purchasable","11":"product-type-ovabrw_car_rental"},"yoast_head":"<!-- This site is optimized with the Yoast SEO Premium plugin v25.0 (Yoast SEO v25.0) - https:\/\/yoast.com\/wordpress\/plugins\/seo\/ -->\n<title>Tour del Marocco di 9 giorni da Casablanca a Marrakech - Cultural Travel Morocco<\/title>\n<meta name=\"robots\" content=\"index, follow, max-snippet:-1, max-image-preview:large, max-video-preview:-1\" \/>\n<link rel=\"canonical\" href=\"https:\/\/www.culturaltravelmorocco.com\/it\/prodotto\/tour-del-marocco-di-9-giorni-da-casablanca-a-marrakech\/\" \/>\n<meta property=\"og:locale\" content=\"it_IT\" \/>\n<meta property=\"og:type\" content=\"article\" \/>\n<meta property=\"og:title\" content=\"Tour del Marocco di 9 giorni da Casablanca a Marrakech\" \/>\n<meta property=\"og:description\" content=\"Panoramica: In questo tour di 9 giorni in Marocco, esplorerai gli incredibili contrasti modellati dalle maestose montagne dell&#8217;Atlante, attraversandole due volte attraverso il Medio Atlante e l&#8217;Alto Atlante per ammirare paesaggi completamente diversi su ciascun lato. A nord della catena, scoprirai le grandi citt\u00e0 imperiali del Marocco &#8211; Rabat, Fez, Meknes e Marrakech &#8211; insieme [&hellip;]\" \/>\n<meta property=\"og:url\" content=\"https:\/\/www.culturaltravelmorocco.com\/it\/prodotto\/tour-del-marocco-di-9-giorni-da-casablanca-a-marrakech\/\" \/>\n<meta property=\"og:site_name\" content=\"Cultural Travel Morocco\" \/>\n<meta property=\"article:modified_time\" content=\"2026-01-13T14:09:22+00:00\" \/>\n<meta property=\"og:image\" content=\"https:\/\/www.culturaltravelmorocco.com\/wp-content\/uploads\/2026\/01\/6-1-1.webp\" \/>\n\t<meta property=\"og:image:width\" content=\"1200\" \/>\n\t<meta property=\"og:image:height\" content=\"1000\" \/>\n\t<meta property=\"og:image:type\" content=\"image\/webp\" \/>\n<meta name=\"twitter:card\" content=\"summary_large_image\" \/>\n<meta name=\"twitter:label1\" content=\"Tempo di lettura stimato\" \/>\n\t<meta name=\"twitter:data1\" content=\"2 minuti\" \/>\n<script type=\"application\/ld+json\" class=\"yoast-schema-graph\">{\"@context\":\"https:\/\/schema.org\",\"@graph\":[{\"@type\":\"WebPage\",\"@id\":\"https:\/\/www.culturaltravelmorocco.com\/it\/prodotto\/tour-del-marocco-di-9-giorni-da-casablanca-a-marrakech\/\",\"url\":\"https:\/\/www.culturaltravelmorocco.com\/it\/prodotto\/tour-del-marocco-di-9-giorni-da-casablanca-a-marrakech\/\",\"name\":\"Tour del Marocco di 9 giorni da Casablanca a Marrakech - Cultural Travel Morocco\",\"isPartOf\":{\"@id\":\"https:\/\/www.culturaltravelmorocco.com\/it\/#website\"},\"primaryImageOfPage\":{\"@id\":\"https:\/\/www.culturaltravelmorocco.com\/it\/prodotto\/tour-del-marocco-di-9-giorni-da-casablanca-a-marrakech\/#primaryimage\"},\"image\":{\"@id\":\"https:\/\/www.culturaltravelmorocco.com\/it\/prodotto\/tour-del-marocco-di-9-giorni-da-casablanca-a-marrakech\/#primaryimage\"},\"thumbnailUrl\":\"https:\/\/www.culturaltravelmorocco.com\/wp-content\/uploads\/2026\/01\/6-1-1.webp\",\"datePublished\":\"2026-01-10T12:20:15+00:00\",\"dateModified\":\"2026-01-13T14:09:22+00:00\",\"breadcrumb\":{\"@id\":\"https:\/\/www.culturaltravelmorocco.com\/it\/prodotto\/tour-del-marocco-di-9-giorni-da-casablanca-a-marrakech\/#breadcrumb\"},\"inLanguage\":\"it-IT\",\"potentialAction\":[{\"@type\":\"ReadAction\",\"target\":[\"https:\/\/www.culturaltravelmorocco.com\/it\/prodotto\/tour-del-marocco-di-9-giorni-da-casablanca-a-marrakech\/\"]}]},{\"@type\":\"ImageObject\",\"inLanguage\":\"it-IT\",\"@id\":\"https:\/\/www.culturaltravelmorocco.com\/it\/prodotto\/tour-del-marocco-di-9-giorni-da-casablanca-a-marrakech\/#primaryimage\",\"url\":\"https:\/\/www.culturaltravelmorocco.com\/wp-content\/uploads\/2026\/01\/6-1-1.webp\",\"contentUrl\":\"https:\/\/www.culturaltravelmorocco.com\/wp-content\/uploads\/2026\/01\/6-1-1.webp\",\"width\":1200,\"height\":1000},{\"@type\":\"BreadcrumbList\",\"@id\":\"https:\/\/www.culturaltravelmorocco.com\/it\/prodotto\/tour-del-marocco-di-9-giorni-da-casablanca-a-marrakech\/#breadcrumb\",\"itemListElement\":[{\"@type\":\"ListItem\",\"position\":1,\"name\":\"Home\",\"item\":\"https:\/\/www.culturaltravelmorocco.com\/it\/\"},{\"@type\":\"ListItem\",\"position\":2,\"name\":\"Prodotti\",\"item\":\"https:\/\/www.culturaltravelmorocco.com\/it\/shop\/\"},{\"@type\":\"ListItem\",\"position\":3,\"name\":\"Tour del Marocco di 9 giorni da Casablanca a Marrakech\"}]},{\"@type\":\"WebSite\",\"@id\":\"https:\/\/www.culturaltravelmorocco.com\/it\/#website\",\"url\":\"https:\/\/www.culturaltravelmorocco.com\/it\/\",\"name\":\"Cultural Travel Morocco\",\"description\":\"\",\"potentialAction\":[{\"@type\":\"SearchAction\",\"target\":{\"@type\":\"EntryPoint\",\"urlTemplate\":\"https:\/\/www.culturaltravelmorocco.com\/it\/?s={search_term_string}\"},\"query-input\":{\"@type\":\"PropertyValueSpecification\",\"valueRequired\":true,\"valueName\":\"search_term_string\"}}],\"inLanguage\":\"it-IT\"}]}<\/script>\n<!-- \/ Yoast SEO Premium plugin. -->","yoast_head_json":{"title":"Tour del Marocco di 9 giorni da Casablanca a Marrakech - Cultural Travel Morocco","robots":{"index":"index","follow":"follow","max-snippet":"max-snippet:-1","max-image-preview":"max-image-preview:large","max-video-preview":"max-video-preview:-1"},"canonical":"https:\/\/www.culturaltravelmorocco.com\/it\/prodotto\/tour-del-marocco-di-9-giorni-da-casablanca-a-marrakech\/","og_locale":"it_IT","og_type":"article","og_title":"Tour del Marocco di 9 giorni da Casablanca a Marrakech","og_description":"Panoramica: In questo tour di 9 giorni in Marocco, esplorerai gli incredibili contrasti modellati dalle maestose montagne dell&#8217;Atlante, attraversandole due volte attraverso il Medio Atlante e l&#8217;Alto Atlante per ammirare paesaggi completamente diversi su ciascun lato. A nord della catena, scoprirai le grandi citt\u00e0 imperiali del Marocco &#8211; Rabat, Fez, Meknes e Marrakech &#8211; insieme [&hellip;]","og_url":"https:\/\/www.culturaltravelmorocco.com\/it\/prodotto\/tour-del-marocco-di-9-giorni-da-casablanca-a-marrakech\/","og_site_name":"Cultural Travel Morocco","article_modified_time":"2026-01-13T14:09:22+00:00","og_image":[{"width":1200,"height":1000,"url":"https:\/\/www.culturaltravelmorocco.com\/wp-content\/uploads\/2026\/01\/6-1-1.webp","type":"image\/webp"}],"twitter_card":"summary_large_image","twitter_misc":{"Tempo di lettura stimato":"2 minuti"},"schema":{"@context":"https:\/\/schema.org","@graph":[{"@type":"WebPage","@id":"https:\/\/www.culturaltravelmorocco.com\/it\/prodotto\/tour-del-marocco-di-9-giorni-da-casablanca-a-marrakech\/","url":"https:\/\/www.culturaltravelmorocco.com\/it\/prodotto\/tour-del-marocco-di-9-giorni-da-casablanca-a-marrakech\/","name":"Tour del Marocco di 9 giorni da Casablanca a Marrakech - Cultural Travel Morocco","isPartOf":{"@id":"https:\/\/www.culturaltravelmorocco.com\/it\/#website"},"primaryImageOfPage":{"@id":"https:\/\/www.culturaltravelmorocco.com\/it\/prodotto\/tour-del-marocco-di-9-giorni-da-casablanca-a-marrakech\/#primaryimage"},"image":{"@id":"https:\/\/www.culturaltravelmorocco.com\/it\/prodotto\/tour-del-marocco-di-9-giorni-da-casablanca-a-marrakech\/#primaryimage"},"thumbnailUrl":"https:\/\/www.culturaltravelmorocco.com\/wp-content\/uploads\/2026\/01\/6-1-1.webp","datePublished":"2026-01-10T12:20:15+00:00","dateModified":"2026-01-13T14:09:22+00:00","breadcrumb":{"@id":"https:\/\/www.culturaltravelmorocco.com\/it\/prodotto\/tour-del-marocco-di-9-giorni-da-casablanca-a-marrakech\/#breadcrumb"},"inLanguage":"it-IT","potentialAction":[{"@type":"ReadAction","target":["https:\/\/www.culturaltravelmorocco.com\/it\/prodotto\/tour-del-marocco-di-9-giorni-da-casablanca-a-marrakech\/"]}]},{"@type":"ImageObject","inLanguage":"it-IT","@id":"https:\/\/www.culturaltravelmorocco.com\/it\/prodotto\/tour-del-marocco-di-9-giorni-da-casablanca-a-marrakech\/#primaryimage","url":"https:\/\/www.culturaltravelmorocco.com\/wp-content\/uploads\/2026\/01\/6-1-1.webp","contentUrl":"https:\/\/www.culturaltravelmorocco.com\/wp-content\/uploads\/2026\/01\/6-1-1.webp","width":1200,"height":1000},{"@type":"BreadcrumbList","@id":"https:\/\/www.culturaltravelmorocco.com\/it\/prodotto\/tour-del-marocco-di-9-giorni-da-casablanca-a-marrakech\/#breadcrumb","itemListElement":[{"@type":"ListItem","position":1,"name":"Home","item":"https:\/\/www.culturaltravelmorocco.com\/it\/"},{"@type":"ListItem","position":2,"name":"Prodotti","item":"https:\/\/www.culturaltravelmorocco.com\/it\/shop\/"},{"@type":"ListItem","position":3,"name":"Tour del Marocco di 9 giorni da Casablanca a Marrakech"}]},{"@type":"WebSite","@id":"https:\/\/www.culturaltravelmorocco.com\/it\/#website","url":"https:\/\/www.culturaltravelmorocco.com\/it\/","name":"Cultural Travel Morocco","description":"","potentialAction":[{"@type":"SearchAction","target":{"@type":"EntryPoint","urlTemplate":"https:\/\/www.culturaltravelmorocco.com\/it\/?s={search_term_string}"},"query-input":{"@type":"PropertyValueSpecification","valueRequired":true,"valueName":"search_term_string"}}],"inLanguage":"it-IT"}]}},"_links":{"self":[{"href":"https:\/\/www.culturaltravelmorocco.com\/it\/wp-json\/wp\/v2\/product\/11531","targetHints":{"allow":["GET"]}}],"collection":[{"href":"https:\/\/www.culturaltravelmorocco.com\/it\/wp-json\/wp\/v2\/product"}],"about":[{"href":"https:\/\/www.culturaltravelmorocco.com\/it\/wp-json\/wp\/v2\/types\/product"}],"replies":[{"embeddable":true,"href":"https:\/\/www.culturaltravelmorocco.com\/it\/wp-json\/wp\/v2\/comments?post=11531"}],"wp:featuredmedia":[{"embeddable":true,"href":"https:\/\/www.culturaltravelmorocco.com\/it\/wp-json\/wp\/v2\/media\/11169"}],"wp:attachment":[{"href":"https:\/\/www.culturaltravelmorocco.com\/it\/wp-json\/wp\/v2\/media?parent=11531"}],"wp:term":[{"taxonomy":"product_brand","embeddable":true,"href":"https:\/\/www.culturaltravelmorocco.com\/it\/wp-json\/wp\/v2\/product_brand?post=11531"},{"taxonomy":"product_cat","embeddable":true,"href":"https:\/\/www.culturaltravelmorocco.com\/it\/wp-json\/wp\/v2\/product_cat?post=11531"},{"taxonomy":"product_tag","embeddable":true,"href":"https:\/\/www.culturaltravelmorocco.com\/it\/wp-json\/wp\/v2\/product_tag?post=11531"}],"curies":[{"name":"wp","href":"https:\/\/api.w.org\/{rel}","templated":true}]}}