{"id":11542,"date":"2026-01-10T12:20:15","date_gmt":"2026-01-10T12:20:15","guid":{"rendered":"https:\/\/culturaltravelmorocco.com\/product\/11-day-morocco-tour-from-casablanca-to-marrakech\/"},"modified":"2026-01-13T14:25:26","modified_gmt":"2026-01-13T14:25:26","slug":"tour-del-marocco-di-11-giorni-da-casablanca-a-marrakech","status":"publish","type":"product","link":"https:\/\/www.culturaltravelmorocco.com\/it\/prodotto\/tour-del-marocco-di-11-giorni-da-casablanca-a-marrakech\/","title":{"rendered":"Tour del Marocco di 11 giorni da Casablanca a Marrakech"},"content":{"rendered":"<h2>Panoramica:<\/h2>\n<p>Questo tour di 11 giorni in Marocco segue un percorso simile ad altri itinerari da Casablanca a Marrakech, coprendo le citt\u00e0 imperiali pi\u00f9 importanti del paese e i siti patrimonio mondiale dell&#8217;UNESCO, tra cui Rabat, Meknes, Volubilis e Ait Ben Haddou. Inoltre, il tour include destinazioni meno visitate che spesso i circuiti pi\u00f9 brevi saltano, offrendo un&#8217;esperienza marocchina pi\u00f9 profonda e autentica. I punti salienti includono l&#8217;affascinante citt\u00e0 costiera di Essaouira, conosciuta come la perla dell&#8217;Atlantico, e gli unici villaggi nel deserto dove il folclore locale e la vita semi-nomade rimangono vibranti.<\/p>\n<p>Durante il viaggio, i viaggiatori scopriranno la ricca diversit\u00e0 dei paesaggi del Marocco, dalle valli pre-sahariane alle sabbie dorate del deserto, combinate con il ricco patrimonio culturale del paese. Questo tour di 11 giorni e 10 notti inizia all&#8217;aeroporto internazionale Mohammed V di Casablanca e termina all&#8217;aeroporto Menara-Marrakech, con tutti i trasferimenti effettuati in veicoli privati \u200b\u200bpremium per garantire comfort e comodit\u00e0 in ogni fase del viaggio. Questo itinerario promette un viaggio indimenticabile attraverso la storia, la natura e le tradizioni del Marocco.<\/p>\n","protected":false},"excerpt":{"rendered":"<p>Panoramica: Questo tour di 11 giorni in Marocco segue un percorso simile ad altri itinerari da Casablanca a Marrakech, coprendo le citt\u00e0 imperiali pi\u00f9 importanti del paese e i siti patrimonio mondiale dell&#8217;UNESCO, tra cui Rabat, Meknes, Volubilis e Ait Ben Haddou. Inoltre, il tour include destinazioni meno visitate che spesso i circuiti pi\u00f9 brevi [&hellip;]<\/p>\n","protected":false},"featured_media":11347,"comment_status":"closed","ping_status":"closed","template":"","meta":{"_joinchat":[]},"product_brand":[],"product_cat":[96],"product_tag":[],"class_list":{"0":"post-11542","1":"product","2":"type-product","3":"status-publish","4":"has-post-thumbnail","6":"product_cat-tour-da-casablanca","8":"first","9":"instock","10":"purchasable","11":"product-type-ovabrw_car_rental"},"yoast_head":"<!-- This site is optimized with the Yoast SEO Premium plugin v25.0 (Yoast SEO v25.0) - https:\/\/yoast.com\/wordpress\/plugins\/seo\/ -->\n<title>Tour del Marocco di 11 giorni da Casablanca a Marrakech - Cultural Travel Morocco<\/title>\n<meta name=\"robots\" content=\"index, follow, max-snippet:-1, max-image-preview:large, max-video-preview:-1\" \/>\n<link rel=\"canonical\" href=\"https:\/\/www.culturaltravelmorocco.com\/it\/prodotto\/tour-del-marocco-di-11-giorni-da-casablanca-a-marrakech\/\" \/>\n<meta property=\"og:locale\" content=\"it_IT\" \/>\n<meta property=\"og:type\" content=\"article\" \/>\n<meta property=\"og:title\" content=\"Tour del Marocco di 11 giorni da Casablanca a Marrakech\" \/>\n<meta property=\"og:description\" content=\"Panoramica: Questo tour di 11 giorni in Marocco segue un percorso simile ad altri itinerari da Casablanca a Marrakech, coprendo le citt\u00e0 imperiali pi\u00f9 importanti del paese e i siti patrimonio mondiale dell&#8217;UNESCO, tra cui Rabat, Meknes, Volubilis e Ait Ben Haddou. Inoltre, il tour include destinazioni meno visitate che spesso i circuiti pi\u00f9 brevi [&hellip;]\" \/>\n<meta property=\"og:url\" content=\"https:\/\/www.culturaltravelmorocco.com\/it\/prodotto\/tour-del-marocco-di-11-giorni-da-casablanca-a-marrakech\/\" \/>\n<meta property=\"og:site_name\" content=\"Cultural Travel Morocco\" \/>\n<meta property=\"article:modified_time\" content=\"2026-01-13T14:25:26+00:00\" \/>\n<meta property=\"og:image\" content=\"https:\/\/www.culturaltravelmorocco.com\/wp-content\/uploads\/2026\/01\/8-2-1.webp\" \/>\n\t<meta property=\"og:image:width\" content=\"1200\" \/>\n\t<meta property=\"og:image:height\" content=\"1000\" \/>\n\t<meta property=\"og:image:type\" content=\"image\/webp\" \/>\n<meta name=\"twitter:card\" content=\"summary_large_image\" \/>\n<meta name=\"twitter:label1\" content=\"Tempo di lettura stimato\" \/>\n\t<meta name=\"twitter:data1\" content=\"1 minuto\" \/>\n<script type=\"application\/ld+json\" class=\"yoast-schema-graph\">{\"@context\":\"https:\/\/schema.org\",\"@graph\":[{\"@type\":\"WebPage\",\"@id\":\"https:\/\/www.culturaltravelmorocco.com\/it\/prodotto\/tour-del-marocco-di-11-giorni-da-casablanca-a-marrakech\/\",\"url\":\"https:\/\/www.culturaltravelmorocco.com\/it\/prodotto\/tour-del-marocco-di-11-giorni-da-casablanca-a-marrakech\/\",\"name\":\"Tour del Marocco di 11 giorni da Casablanca a Marrakech - Cultural Travel Morocco\",\"isPartOf\":{\"@id\":\"https:\/\/www.culturaltravelmorocco.com\/it\/#website\"},\"primaryImageOfPage\":{\"@id\":\"https:\/\/www.culturaltravelmorocco.com\/it\/prodotto\/tour-del-marocco-di-11-giorni-da-casablanca-a-marrakech\/#primaryimage\"},\"image\":{\"@id\":\"https:\/\/www.culturaltravelmorocco.com\/it\/prodotto\/tour-del-marocco-di-11-giorni-da-casablanca-a-marrakech\/#primaryimage\"},\"thumbnailUrl\":\"https:\/\/www.culturaltravelmorocco.com\/wp-content\/uploads\/2026\/01\/8-2-1.webp\",\"datePublished\":\"2026-01-10T12:20:15+00:00\",\"dateModified\":\"2026-01-13T14:25:26+00:00\",\"breadcrumb\":{\"@id\":\"https:\/\/www.culturaltravelmorocco.com\/it\/prodotto\/tour-del-marocco-di-11-giorni-da-casablanca-a-marrakech\/#breadcrumb\"},\"inLanguage\":\"it-IT\",\"potentialAction\":[{\"@type\":\"ReadAction\",\"target\":[\"https:\/\/www.culturaltravelmorocco.com\/it\/prodotto\/tour-del-marocco-di-11-giorni-da-casablanca-a-marrakech\/\"]}]},{\"@type\":\"ImageObject\",\"inLanguage\":\"it-IT\",\"@id\":\"https:\/\/www.culturaltravelmorocco.com\/it\/prodotto\/tour-del-marocco-di-11-giorni-da-casablanca-a-marrakech\/#primaryimage\",\"url\":\"https:\/\/www.culturaltravelmorocco.com\/wp-content\/uploads\/2026\/01\/8-2-1.webp\",\"contentUrl\":\"https:\/\/www.culturaltravelmorocco.com\/wp-content\/uploads\/2026\/01\/8-2-1.webp\",\"width\":1200,\"height\":1000},{\"@type\":\"BreadcrumbList\",\"@id\":\"https:\/\/www.culturaltravelmorocco.com\/it\/prodotto\/tour-del-marocco-di-11-giorni-da-casablanca-a-marrakech\/#breadcrumb\",\"itemListElement\":[{\"@type\":\"ListItem\",\"position\":1,\"name\":\"Home\",\"item\":\"https:\/\/www.culturaltravelmorocco.com\/it\/\"},{\"@type\":\"ListItem\",\"position\":2,\"name\":\"Prodotti\",\"item\":\"https:\/\/www.culturaltravelmorocco.com\/it\/shop\/\"},{\"@type\":\"ListItem\",\"position\":3,\"name\":\"Tour del Marocco di 11 giorni da Casablanca a Marrakech\"}]},{\"@type\":\"WebSite\",\"@id\":\"https:\/\/www.culturaltravelmorocco.com\/it\/#website\",\"url\":\"https:\/\/www.culturaltravelmorocco.com\/it\/\",\"name\":\"Cultural Travel Morocco\",\"description\":\"\",\"potentialAction\":[{\"@type\":\"SearchAction\",\"target\":{\"@type\":\"EntryPoint\",\"urlTemplate\":\"https:\/\/www.culturaltravelmorocco.com\/it\/?s={search_term_string}\"},\"query-input\":{\"@type\":\"PropertyValueSpecification\",\"valueRequired\":true,\"valueName\":\"search_term_string\"}}],\"inLanguage\":\"it-IT\"}]}<\/script>\n<!-- \/ Yoast SEO Premium plugin. -->","yoast_head_json":{"title":"Tour del Marocco di 11 giorni da Casablanca a Marrakech - Cultural Travel Morocco","robots":{"index":"index","follow":"follow","max-snippet":"max-snippet:-1","max-image-preview":"max-image-preview:large","max-video-preview":"max-video-preview:-1"},"canonical":"https:\/\/www.culturaltravelmorocco.com\/it\/prodotto\/tour-del-marocco-di-11-giorni-da-casablanca-a-marrakech\/","og_locale":"it_IT","og_type":"article","og_title":"Tour del Marocco di 11 giorni da Casablanca a Marrakech","og_description":"Panoramica: Questo tour di 11 giorni in Marocco segue un percorso simile ad altri itinerari da Casablanca a Marrakech, coprendo le citt\u00e0 imperiali pi\u00f9 importanti del paese e i siti patrimonio mondiale dell&#8217;UNESCO, tra cui Rabat, Meknes, Volubilis e Ait Ben Haddou. Inoltre, il tour include destinazioni meno visitate che spesso i circuiti pi\u00f9 brevi [&hellip;]","og_url":"https:\/\/www.culturaltravelmorocco.com\/it\/prodotto\/tour-del-marocco-di-11-giorni-da-casablanca-a-marrakech\/","og_site_name":"Cultural Travel Morocco","article_modified_time":"2026-01-13T14:25:26+00:00","og_image":[{"width":1200,"height":1000,"url":"https:\/\/www.culturaltravelmorocco.com\/wp-content\/uploads\/2026\/01\/8-2-1.webp","type":"image\/webp"}],"twitter_card":"summary_large_image","twitter_misc":{"Tempo di lettura stimato":"1 minuto"},"schema":{"@context":"https:\/\/schema.org","@graph":[{"@type":"WebPage","@id":"https:\/\/www.culturaltravelmorocco.com\/it\/prodotto\/tour-del-marocco-di-11-giorni-da-casablanca-a-marrakech\/","url":"https:\/\/www.culturaltravelmorocco.com\/it\/prodotto\/tour-del-marocco-di-11-giorni-da-casablanca-a-marrakech\/","name":"Tour del Marocco di 11 giorni da Casablanca a Marrakech - Cultural Travel Morocco","isPartOf":{"@id":"https:\/\/www.culturaltravelmorocco.com\/it\/#website"},"primaryImageOfPage":{"@id":"https:\/\/www.culturaltravelmorocco.com\/it\/prodotto\/tour-del-marocco-di-11-giorni-da-casablanca-a-marrakech\/#primaryimage"},"image":{"@id":"https:\/\/www.culturaltravelmorocco.com\/it\/prodotto\/tour-del-marocco-di-11-giorni-da-casablanca-a-marrakech\/#primaryimage"},"thumbnailUrl":"https:\/\/www.culturaltravelmorocco.com\/wp-content\/uploads\/2026\/01\/8-2-1.webp","datePublished":"2026-01-10T12:20:15+00:00","dateModified":"2026-01-13T14:25:26+00:00","breadcrumb":{"@id":"https:\/\/www.culturaltravelmorocco.com\/it\/prodotto\/tour-del-marocco-di-11-giorni-da-casablanca-a-marrakech\/#breadcrumb"},"inLanguage":"it-IT","potentialAction":[{"@type":"ReadAction","target":["https:\/\/www.culturaltravelmorocco.com\/it\/prodotto\/tour-del-marocco-di-11-giorni-da-casablanca-a-marrakech\/"]}]},{"@type":"ImageObject","inLanguage":"it-IT","@id":"https:\/\/www.culturaltravelmorocco.com\/it\/prodotto\/tour-del-marocco-di-11-giorni-da-casablanca-a-marrakech\/#primaryimage","url":"https:\/\/www.culturaltravelmorocco.com\/wp-content\/uploads\/2026\/01\/8-2-1.webp","contentUrl":"https:\/\/www.culturaltravelmorocco.com\/wp-content\/uploads\/2026\/01\/8-2-1.webp","width":1200,"height":1000},{"@type":"BreadcrumbList","@id":"https:\/\/www.culturaltravelmorocco.com\/it\/prodotto\/tour-del-marocco-di-11-giorni-da-casablanca-a-marrakech\/#breadcrumb","itemListElement":[{"@type":"ListItem","position":1,"name":"Home","item":"https:\/\/www.culturaltravelmorocco.com\/it\/"},{"@type":"ListItem","position":2,"name":"Prodotti","item":"https:\/\/www.culturaltravelmorocco.com\/it\/shop\/"},{"@type":"ListItem","position":3,"name":"Tour del Marocco di 11 giorni da Casablanca a Marrakech"}]},{"@type":"WebSite","@id":"https:\/\/www.culturaltravelmorocco.com\/it\/#website","url":"https:\/\/www.culturaltravelmorocco.com\/it\/","name":"Cultural Travel Morocco","description":"","potentialAction":[{"@type":"SearchAction","target":{"@type":"EntryPoint","urlTemplate":"https:\/\/www.culturaltravelmorocco.com\/it\/?s={search_term_string}"},"query-input":{"@type":"PropertyValueSpecification","valueRequired":true,"valueName":"search_term_string"}}],"inLanguage":"it-IT"}]}},"_links":{"self":[{"href":"https:\/\/www.culturaltravelmorocco.com\/it\/wp-json\/wp\/v2\/product\/11542","targetHints":{"allow":["GET"]}}],"collection":[{"href":"https:\/\/www.culturaltravelmorocco.com\/it\/wp-json\/wp\/v2\/product"}],"about":[{"href":"https:\/\/www.culturaltravelmorocco.com\/it\/wp-json\/wp\/v2\/types\/product"}],"replies":[{"embeddable":true,"href":"https:\/\/www.culturaltravelmorocco.com\/it\/wp-json\/wp\/v2\/comments?post=11542"}],"wp:featuredmedia":[{"embeddable":true,"href":"https:\/\/www.culturaltravelmorocco.com\/it\/wp-json\/wp\/v2\/media\/11347"}],"wp:attachment":[{"href":"https:\/\/www.culturaltravelmorocco.com\/it\/wp-json\/wp\/v2\/media?parent=11542"}],"wp:term":[{"taxonomy":"product_brand","embeddable":true,"href":"https:\/\/www.culturaltravelmorocco.com\/it\/wp-json\/wp\/v2\/product_brand?post=11542"},{"taxonomy":"product_cat","embeddable":true,"href":"https:\/\/www.culturaltravelmorocco.com\/it\/wp-json\/wp\/v2\/product_cat?post=11542"},{"taxonomy":"product_tag","embeddable":true,"href":"https:\/\/www.culturaltravelmorocco.com\/it\/wp-json\/wp\/v2\/product_tag?post=11542"}],"curies":[{"name":"wp","href":"https:\/\/api.w.org\/{rel}","templated":true}]}}