{"id":11566,"date":"2026-01-10T12:20:15","date_gmt":"2026-01-10T12:20:15","guid":{"rendered":"https:\/\/culturaltravelmorocco.com\/product\/12-day-11-night-tour-desert-and-imperial-cities\/"},"modified":"2026-01-13T15:01:36","modified_gmt":"2026-01-13T15:01:36","slug":"tour-di-12-giorni-e-11-notti-nel-deserto-e-nelle-citta-imperiali","status":"publish","type":"product","link":"https:\/\/www.culturaltravelmorocco.com\/it\/prodotto\/tour-di-12-giorni-e-11-notti-nel-deserto-e-nelle-citta-imperiali\/","title":{"rendered":"Tour di 12 giorni e 11 notti nel deserto e nelle citt\u00e0 imperiali"},"content":{"rendered":"<h2>Panoramica:<\/h2>\n<p><strong>Il deserto e le citt\u00e0 imperiali<\/strong><\/p>\n<p>Hai bisogno di staccare la spina dalla routine quotidiana per un po&#8217;?<br \/>\nLe citt\u00e0 imperiali del Marocco ti invitano a viaggiare nel tempo, dal passato al presente e al futuro di questo affascinante paese. Crocevia di civilt\u00e0 fin dall&#8217;antichit\u00e0, il Marocco ha da sempre collegato l&#8217;Europa all&#8217;Africa, culturalmente e storicamente.<\/p>\n<p>Le sue antiche citt\u00e0, alcune risalenti a pi\u00f9 di mille anni fa, sono ricche di stretti vicoli e vivaci suk, dove si pu\u00f2 percepire il vibrante pulsare della vita a nord del Sahara. Si dice spesso che l&#8217;Africa nasca, viva e respiri per le strade, un luogo di incontro, condivisione e scambio. Visitare le citt\u00e0 del Marocco \u00e8 un&#8217;esperienza unica, dove le strade labirintiche di Marrakech contrastano con i moderni viali di Rabat e i grattacieli di Casablanca.<\/p>\n","protected":false},"excerpt":{"rendered":"<p>Panoramica: Il deserto e le citt\u00e0 imperiali Hai bisogno di staccare la spina dalla routine quotidiana per un po&#8217;? Le citt\u00e0 imperiali del Marocco ti invitano a viaggiare nel tempo, dal passato al presente e al futuro di questo affascinante paese. Crocevia di civilt\u00e0 fin dall&#8217;antichit\u00e0, il Marocco ha da sempre collegato l&#8217;Europa all&#8217;Africa, culturalmente [&hellip;]<\/p>\n","protected":false},"featured_media":11289,"comment_status":"closed","ping_status":"closed","template":"","meta":{"_joinchat":[]},"product_brand":[],"product_cat":[98],"product_tag":[],"class_list":{"0":"post-11566","1":"product","2":"type-product","3":"status-publish","4":"has-post-thumbnail","6":"product_cat-tour-da-marrakech","8":"first","9":"instock","10":"purchasable","11":"product-type-ovabrw_car_rental"},"yoast_head":"<!-- This site is optimized with the Yoast SEO Premium plugin v25.0 (Yoast SEO v25.0) - https:\/\/yoast.com\/wordpress\/plugins\/seo\/ -->\n<title>Tour di 12 giorni e 11 notti nel deserto e nelle citt\u00e0 imperiali - Cultural Travel Morocco<\/title>\n<meta name=\"robots\" content=\"index, follow, max-snippet:-1, max-image-preview:large, max-video-preview:-1\" \/>\n<link rel=\"canonical\" href=\"https:\/\/www.culturaltravelmorocco.com\/it\/prodotto\/tour-di-12-giorni-e-11-notti-nel-deserto-e-nelle-citta-imperiali\/\" \/>\n<meta property=\"og:locale\" content=\"it_IT\" \/>\n<meta property=\"og:type\" content=\"article\" \/>\n<meta property=\"og:title\" content=\"Tour di 12 giorni e 11 notti nel deserto e nelle citt\u00e0 imperiali\" \/>\n<meta property=\"og:description\" content=\"Panoramica: Il deserto e le citt\u00e0 imperiali Hai bisogno di staccare la spina dalla routine quotidiana per un po&#8217;? Le citt\u00e0 imperiali del Marocco ti invitano a viaggiare nel tempo, dal passato al presente e al futuro di questo affascinante paese. Crocevia di civilt\u00e0 fin dall&#8217;antichit\u00e0, il Marocco ha da sempre collegato l&#8217;Europa all&#8217;Africa, culturalmente [&hellip;]\" \/>\n<meta property=\"og:url\" content=\"https:\/\/www.culturaltravelmorocco.com\/it\/prodotto\/tour-di-12-giorni-e-11-notti-nel-deserto-e-nelle-citta-imperiali\/\" \/>\n<meta property=\"og:site_name\" content=\"Cultural Travel Morocco\" \/>\n<meta property=\"article:modified_time\" content=\"2026-01-13T15:01:36+00:00\" \/>\n<meta property=\"og:image\" content=\"https:\/\/www.culturaltravelmorocco.com\/wp-content\/uploads\/2026\/01\/12-day-11-night-tour-Desert-and-Imperial-Cities-2.jpg\" \/>\n\t<meta property=\"og:image:width\" content=\"1200\" \/>\n\t<meta property=\"og:image:height\" content=\"1000\" \/>\n\t<meta property=\"og:image:type\" content=\"image\/jpeg\" \/>\n<meta name=\"twitter:card\" content=\"summary_large_image\" \/>\n<meta name=\"twitter:label1\" content=\"Tempo di lettura stimato\" \/>\n\t<meta name=\"twitter:data1\" content=\"1 minuto\" \/>\n<script type=\"application\/ld+json\" class=\"yoast-schema-graph\">{\"@context\":\"https:\/\/schema.org\",\"@graph\":[{\"@type\":\"WebPage\",\"@id\":\"https:\/\/www.culturaltravelmorocco.com\/it\/prodotto\/tour-di-12-giorni-e-11-notti-nel-deserto-e-nelle-citta-imperiali\/\",\"url\":\"https:\/\/www.culturaltravelmorocco.com\/it\/prodotto\/tour-di-12-giorni-e-11-notti-nel-deserto-e-nelle-citta-imperiali\/\",\"name\":\"Tour di 12 giorni e 11 notti nel deserto e nelle citt\u00e0 imperiali - Cultural Travel Morocco\",\"isPartOf\":{\"@id\":\"https:\/\/www.culturaltravelmorocco.com\/it\/#website\"},\"primaryImageOfPage\":{\"@id\":\"https:\/\/www.culturaltravelmorocco.com\/it\/prodotto\/tour-di-12-giorni-e-11-notti-nel-deserto-e-nelle-citta-imperiali\/#primaryimage\"},\"image\":{\"@id\":\"https:\/\/www.culturaltravelmorocco.com\/it\/prodotto\/tour-di-12-giorni-e-11-notti-nel-deserto-e-nelle-citta-imperiali\/#primaryimage\"},\"thumbnailUrl\":\"https:\/\/www.culturaltravelmorocco.com\/wp-content\/uploads\/2026\/01\/12-day-11-night-tour-Desert-and-Imperial-Cities-2.jpg\",\"datePublished\":\"2026-01-10T12:20:15+00:00\",\"dateModified\":\"2026-01-13T15:01:36+00:00\",\"breadcrumb\":{\"@id\":\"https:\/\/www.culturaltravelmorocco.com\/it\/prodotto\/tour-di-12-giorni-e-11-notti-nel-deserto-e-nelle-citta-imperiali\/#breadcrumb\"},\"inLanguage\":\"it-IT\",\"potentialAction\":[{\"@type\":\"ReadAction\",\"target\":[\"https:\/\/www.culturaltravelmorocco.com\/it\/prodotto\/tour-di-12-giorni-e-11-notti-nel-deserto-e-nelle-citta-imperiali\/\"]}]},{\"@type\":\"ImageObject\",\"inLanguage\":\"it-IT\",\"@id\":\"https:\/\/www.culturaltravelmorocco.com\/it\/prodotto\/tour-di-12-giorni-e-11-notti-nel-deserto-e-nelle-citta-imperiali\/#primaryimage\",\"url\":\"https:\/\/www.culturaltravelmorocco.com\/wp-content\/uploads\/2026\/01\/12-day-11-night-tour-Desert-and-Imperial-Cities-2.jpg\",\"contentUrl\":\"https:\/\/www.culturaltravelmorocco.com\/wp-content\/uploads\/2026\/01\/12-day-11-night-tour-Desert-and-Imperial-Cities-2.jpg\",\"width\":1200,\"height\":1000},{\"@type\":\"BreadcrumbList\",\"@id\":\"https:\/\/www.culturaltravelmorocco.com\/it\/prodotto\/tour-di-12-giorni-e-11-notti-nel-deserto-e-nelle-citta-imperiali\/#breadcrumb\",\"itemListElement\":[{\"@type\":\"ListItem\",\"position\":1,\"name\":\"Home\",\"item\":\"https:\/\/www.culturaltravelmorocco.com\/it\/\"},{\"@type\":\"ListItem\",\"position\":2,\"name\":\"Prodotti\",\"item\":\"https:\/\/www.culturaltravelmorocco.com\/it\/shop\/\"},{\"@type\":\"ListItem\",\"position\":3,\"name\":\"Tour di 12 giorni e 11 notti nel deserto e nelle citt\u00e0 imperiali\"}]},{\"@type\":\"WebSite\",\"@id\":\"https:\/\/www.culturaltravelmorocco.com\/it\/#website\",\"url\":\"https:\/\/www.culturaltravelmorocco.com\/it\/\",\"name\":\"Cultural Travel Morocco\",\"description\":\"\",\"potentialAction\":[{\"@type\":\"SearchAction\",\"target\":{\"@type\":\"EntryPoint\",\"urlTemplate\":\"https:\/\/www.culturaltravelmorocco.com\/it\/?s={search_term_string}\"},\"query-input\":{\"@type\":\"PropertyValueSpecification\",\"valueRequired\":true,\"valueName\":\"search_term_string\"}}],\"inLanguage\":\"it-IT\"}]}<\/script>\n<!-- \/ Yoast SEO Premium plugin. -->","yoast_head_json":{"title":"Tour di 12 giorni e 11 notti nel deserto e nelle citt\u00e0 imperiali - Cultural Travel Morocco","robots":{"index":"index","follow":"follow","max-snippet":"max-snippet:-1","max-image-preview":"max-image-preview:large","max-video-preview":"max-video-preview:-1"},"canonical":"https:\/\/www.culturaltravelmorocco.com\/it\/prodotto\/tour-di-12-giorni-e-11-notti-nel-deserto-e-nelle-citta-imperiali\/","og_locale":"it_IT","og_type":"article","og_title":"Tour di 12 giorni e 11 notti nel deserto e nelle citt\u00e0 imperiali","og_description":"Panoramica: Il deserto e le citt\u00e0 imperiali Hai bisogno di staccare la spina dalla routine quotidiana per un po&#8217;? Le citt\u00e0 imperiali del Marocco ti invitano a viaggiare nel tempo, dal passato al presente e al futuro di questo affascinante paese. Crocevia di civilt\u00e0 fin dall&#8217;antichit\u00e0, il Marocco ha da sempre collegato l&#8217;Europa all&#8217;Africa, culturalmente [&hellip;]","og_url":"https:\/\/www.culturaltravelmorocco.com\/it\/prodotto\/tour-di-12-giorni-e-11-notti-nel-deserto-e-nelle-citta-imperiali\/","og_site_name":"Cultural Travel Morocco","article_modified_time":"2026-01-13T15:01:36+00:00","og_image":[{"width":1200,"height":1000,"url":"https:\/\/www.culturaltravelmorocco.com\/wp-content\/uploads\/2026\/01\/12-day-11-night-tour-Desert-and-Imperial-Cities-2.jpg","type":"image\/jpeg"}],"twitter_card":"summary_large_image","twitter_misc":{"Tempo di lettura stimato":"1 minuto"},"schema":{"@context":"https:\/\/schema.org","@graph":[{"@type":"WebPage","@id":"https:\/\/www.culturaltravelmorocco.com\/it\/prodotto\/tour-di-12-giorni-e-11-notti-nel-deserto-e-nelle-citta-imperiali\/","url":"https:\/\/www.culturaltravelmorocco.com\/it\/prodotto\/tour-di-12-giorni-e-11-notti-nel-deserto-e-nelle-citta-imperiali\/","name":"Tour di 12 giorni e 11 notti nel deserto e nelle citt\u00e0 imperiali - Cultural Travel Morocco","isPartOf":{"@id":"https:\/\/www.culturaltravelmorocco.com\/it\/#website"},"primaryImageOfPage":{"@id":"https:\/\/www.culturaltravelmorocco.com\/it\/prodotto\/tour-di-12-giorni-e-11-notti-nel-deserto-e-nelle-citta-imperiali\/#primaryimage"},"image":{"@id":"https:\/\/www.culturaltravelmorocco.com\/it\/prodotto\/tour-di-12-giorni-e-11-notti-nel-deserto-e-nelle-citta-imperiali\/#primaryimage"},"thumbnailUrl":"https:\/\/www.culturaltravelmorocco.com\/wp-content\/uploads\/2026\/01\/12-day-11-night-tour-Desert-and-Imperial-Cities-2.jpg","datePublished":"2026-01-10T12:20:15+00:00","dateModified":"2026-01-13T15:01:36+00:00","breadcrumb":{"@id":"https:\/\/www.culturaltravelmorocco.com\/it\/prodotto\/tour-di-12-giorni-e-11-notti-nel-deserto-e-nelle-citta-imperiali\/#breadcrumb"},"inLanguage":"it-IT","potentialAction":[{"@type":"ReadAction","target":["https:\/\/www.culturaltravelmorocco.com\/it\/prodotto\/tour-di-12-giorni-e-11-notti-nel-deserto-e-nelle-citta-imperiali\/"]}]},{"@type":"ImageObject","inLanguage":"it-IT","@id":"https:\/\/www.culturaltravelmorocco.com\/it\/prodotto\/tour-di-12-giorni-e-11-notti-nel-deserto-e-nelle-citta-imperiali\/#primaryimage","url":"https:\/\/www.culturaltravelmorocco.com\/wp-content\/uploads\/2026\/01\/12-day-11-night-tour-Desert-and-Imperial-Cities-2.jpg","contentUrl":"https:\/\/www.culturaltravelmorocco.com\/wp-content\/uploads\/2026\/01\/12-day-11-night-tour-Desert-and-Imperial-Cities-2.jpg","width":1200,"height":1000},{"@type":"BreadcrumbList","@id":"https:\/\/www.culturaltravelmorocco.com\/it\/prodotto\/tour-di-12-giorni-e-11-notti-nel-deserto-e-nelle-citta-imperiali\/#breadcrumb","itemListElement":[{"@type":"ListItem","position":1,"name":"Home","item":"https:\/\/www.culturaltravelmorocco.com\/it\/"},{"@type":"ListItem","position":2,"name":"Prodotti","item":"https:\/\/www.culturaltravelmorocco.com\/it\/shop\/"},{"@type":"ListItem","position":3,"name":"Tour di 12 giorni e 11 notti nel deserto e nelle citt\u00e0 imperiali"}]},{"@type":"WebSite","@id":"https:\/\/www.culturaltravelmorocco.com\/it\/#website","url":"https:\/\/www.culturaltravelmorocco.com\/it\/","name":"Cultural Travel Morocco","description":"","potentialAction":[{"@type":"SearchAction","target":{"@type":"EntryPoint","urlTemplate":"https:\/\/www.culturaltravelmorocco.com\/it\/?s={search_term_string}"},"query-input":{"@type":"PropertyValueSpecification","valueRequired":true,"valueName":"search_term_string"}}],"inLanguage":"it-IT"}]}},"_links":{"self":[{"href":"https:\/\/www.culturaltravelmorocco.com\/it\/wp-json\/wp\/v2\/product\/11566","targetHints":{"allow":["GET"]}}],"collection":[{"href":"https:\/\/www.culturaltravelmorocco.com\/it\/wp-json\/wp\/v2\/product"}],"about":[{"href":"https:\/\/www.culturaltravelmorocco.com\/it\/wp-json\/wp\/v2\/types\/product"}],"replies":[{"embeddable":true,"href":"https:\/\/www.culturaltravelmorocco.com\/it\/wp-json\/wp\/v2\/comments?post=11566"}],"wp:featuredmedia":[{"embeddable":true,"href":"https:\/\/www.culturaltravelmorocco.com\/it\/wp-json\/wp\/v2\/media\/11289"}],"wp:attachment":[{"href":"https:\/\/www.culturaltravelmorocco.com\/it\/wp-json\/wp\/v2\/media?parent=11566"}],"wp:term":[{"taxonomy":"product_brand","embeddable":true,"href":"https:\/\/www.culturaltravelmorocco.com\/it\/wp-json\/wp\/v2\/product_brand?post=11566"},{"taxonomy":"product_cat","embeddable":true,"href":"https:\/\/www.culturaltravelmorocco.com\/it\/wp-json\/wp\/v2\/product_cat?post=11566"},{"taxonomy":"product_tag","embeddable":true,"href":"https:\/\/www.culturaltravelmorocco.com\/it\/wp-json\/wp\/v2\/product_tag?post=11566"}],"curies":[{"name":"wp","href":"https:\/\/api.w.org\/{rel}","templated":true}]}}